{"id":7512,"date":"2020-07-30T20:56:46","date_gmt":"2020-07-30T18:56:46","guid":{"rendered":"http:\/\/kruste.selfhost.me\/wordpress\/?page_id=7512"},"modified":"2020-07-30T21:03:53","modified_gmt":"2020-07-30T19:03:53","slug":"erindi-old-traders-lodge-naehe-etosha-2-2-2-2","status":"publish","type":"page","link":"http:\/\/kruste.selfhost.me\/wordpress\/?page_id=7512","title":{"rendered":"Olifantsrus (\u00f6stliches Etosha)"},"content":{"rendered":"<div id=\"pl-7512\"  class=\"panel-layout\" ><div id=\"pg-7512-0\"  class=\"panel-grid panel-no-style\" ><div id=\"pgc-7512-0-0\"  class=\"panel-grid-cell\" ><div id=\"panel-7512-0-0-0\" class=\"so-panel widget widget_black-studio-tinymce widget_black_studio_tinymce panel-first-child panel-last-child\" data-index=\"0\" ><div class=\"textwidget\"><div class=\"style_SkipStroke_2 shape-with-text flowDefining\">\n<div class=\"text-content style_External_485_494\">\n<div><\/div>\n<\/div>\n<\/div>\n<div><\/div>\n<div><\/div>\n<div>\n\n<hr \/>\n\n<\/div>\n<div class=\"style\"><\/div>\n<div class=\"style_SkipStroke_2 shape-with-text flowDefining\">\n<div class=\"text-content style_External_485_494\">\n<div class=\"style\">\n<div class=\"style\"><\/div>\n<\/div>\n<\/div>\n<\/div>\nEin Platz ausschlie\u00dflich f\u00fcr Camper, das ist <a href=\"https:\/\/www.nwr.com.na\/resorts\/olifantsrus-camp\" target=\"_blank\" rel=\"noopener\">Olifantsrus<\/a>\u00a0im Etosha National Park. Aufmerksam wurde ich auf diese Platz bei meiner Reise im Jahr 2018 und der auff\u00e4llige Hide weckte damals mein Interesse. Die Geschichte von Olifantsrus ist grausam, denn es Handel sich hier schlichtweg um ein Elefantenschlachthaus und vor nicht allzu langer Zeit ( Anfang der 80'er Jahre ) wurden hier \u00fcber 500 der Dickh\u00e4uter get\u00f6tet. Das Stahlger\u00fcst, an welchem die Tier aufgeh\u00e4ngt wurden, steht noch und es l\u00e4uft einem kalt den R\u00fccken herunter wenn man sich die Szenen von fr\u00fcher hier vorstellt.\n\nOlifantsrus liegt abgelegen zwischen den Camps Dolomite und\u00a0Okaukuejo und steht ab circa 16:00 Uhr ausschliesslich den \u00dcbernachtungsg\u00e4sten zur Verf\u00fcgung. Die Attraktion ist der gro\u00dfe Hide mit M\u00f6glichkeit von Tiersichtungen auf H\u00f6he der Wasseroberfl\u00e4che. Schon der aufwendige Steg zum Aussichtspunkt verwunderte mich bei meinem ersten Besuch und der Sonnenuntergang von hier war einmalig.\n\n&nbsp;\n\n&nbsp;\n\n&nbsp;\n\n&nbsp;\n\n&nbsp;\n\n&nbsp;\n\n&nbsp;\n\n&nbsp;\n\n<hr \/>\n\n&nbsp;<\/div><\/div><\/div><div id=\"pgc-7512-0-1\"  class=\"panel-grid-cell\" ><div id=\"panel-7512-0-1-0\" class=\"so-panel widget widget_black-studio-tinymce widget_black_studio_tinymce panel-first-child panel-last-child\" data-index=\"1\" ><div class=\"textwidget\"><p><img loading=\"lazy\" decoding=\"async\" class=\"size-full wp-image-7515 alignright\" src=\"http:\/\/kruste.selfhost.me\/wordpress\/wp-content\/uploads\/2020\/07\/Olifantsrus_2-scaled.jpg\" alt=\"\" width=\"1713\" height=\"2560\" srcset=\"http:\/\/kruste.selfhost.me\/wordpress\/wp-content\/uploads\/2020\/07\/Olifantsrus_2-scaled.jpg 1713w, http:\/\/kruste.selfhost.me\/wordpress\/wp-content\/uploads\/2020\/07\/Olifantsrus_2-201x300.jpg 201w, http:\/\/kruste.selfhost.me\/wordpress\/wp-content\/uploads\/2020\/07\/Olifantsrus_2-685x1024.jpg 685w, http:\/\/kruste.selfhost.me\/wordpress\/wp-content\/uploads\/2020\/07\/Olifantsrus_2-100x150.jpg 100w, http:\/\/kruste.selfhost.me\/wordpress\/wp-content\/uploads\/2020\/07\/Olifantsrus_2-768x1147.jpg 768w, http:\/\/kruste.selfhost.me\/wordpress\/wp-content\/uploads\/2020\/07\/Olifantsrus_2-514x768.jpg 514w, http:\/\/kruste.selfhost.me\/wordpress\/wp-content\/uploads\/2020\/07\/Olifantsrus_2-1028x1536.jpg 1028w, http:\/\/kruste.selfhost.me\/wordpress\/wp-content\/uploads\/2020\/07\/Olifantsrus_2-1371x2048.jpg 1371w\" sizes=\"auto, (max-width: 1713px) 100vw, 1713px\" \/><\/p>\n<\/div><\/div><\/div><\/div><div id=\"pg-7512-1\"  class=\"panel-grid panel-no-style\" ><div id=\"pgc-7512-1-0\"  class=\"panel-grid-cell\" ><div id=\"panel-7512-1-0-0\" class=\"so-panel widget widget_black-studio-tinymce widget_black_studio_tinymce panel-first-child\" data-index=\"2\" ><h3 class=\"widget-title\">Preise:<\/h3><div class=\"textwidget\"><hr \/>\n<p>Ein Stellplatz mit Wasser und Strom kostete im Jahr 2020 circa 400 N$ pro Person. Nicht g\u00fcnstig aber es ist schon etwas Besonderes hier.<\/p>\n<\/div><\/div><div id=\"panel-7512-1-0-1\" class=\"so-panel widget widget_black-studio-tinymce widget_black_studio_tinymce\" data-index=\"3\" ><h3 class=\"widget-title\">Kommunikation:<\/h3><div class=\"textwidget\"><div id=\"id4\" class=\"style_SkipStroke_4 shape-with-text\">\n<div class=\"text-content graphic_textbox_layout_style_default_External_138_130\">\n<div class=\"graphic_textbox_layout_style_default\">\n<hr \/>\n<p class=\"Caption\">Es herrscht sehr entspannte Ruhe ohne Telefon oder Internet<\/p>\n<\/div>\n<\/div>\n<\/div>\n<\/div><\/div><div id=\"panel-7512-1-0-2\" class=\"so-panel widget widget_text\" data-index=\"4\" >\t\t\t<div class=\"textwidget\"><section class=\"parallax-section\">\n<div class=\"parallax-window\" data-z-index=\"1\" data-position-x=\"left\" data-parallax=\"scroll\" data-speed=\".3\" data-image-src=\"http:\/\/kruste.selfhost.me\/wordpress\/wp-content\/uploads\/2020\/07\/BOT0498.jpg\" style=\"align-items: flex-start;min-height: 550px;\">\n<div class=\"parallax-container parallax-content\">\n<\/div>\n<\/div>\n<\/section>\n<\/div>\n\t\t<\/div><div id=\"panel-7512-1-0-3\" class=\"so-panel widget widget_black-studio-tinymce widget_black_studio_tinymce\" data-index=\"5\" ><h3 class=\"widget-title\">Anreise:<\/h3><div class=\"textwidget\"><hr \/>\n<p><span style=\"color: #000000;\"><span style=\"caret-color: #000000;\">Die Anreise erfolgt vom Osten aus \u00fcber das Galton Gate ( 70 km ) bzw. vom Anderson Gate aus westlicher Richtung ( 140 km ) \u00a0<\/span><\/span><\/p>\n<\/div><\/div><div id=\"panel-7512-1-0-4\" class=\"so-panel widget widget_black-studio-tinymce widget_black_studio_tinymce\" data-index=\"6\" ><h3 class=\"widget-title\">Meine Reisezeiten:<\/h3><div class=\"textwidget\"><hr \/>\n<ul>\n<li>M\u00e4rz 2020<\/li>\n<\/ul>\n<\/div><\/div><div id=\"panel-7512-1-0-5\" class=\"so-panel widget widget_black-studio-tinymce widget_black_studio_tinymce\" data-index=\"7\" ><h3 class=\"widget-title\">Das Wetter:<\/h3><div class=\"textwidget\"><hr \/>\n<p class=\"paragraph_style\">M\u00e4rz 2020<\/p>\n<ul>\n<li>Die Landschaft war sehr bewachsen, dass Gras teilweise einen Meter hoch und es war keine gute Zeit f\u00fcr Tiersichtungen im Olifantsrus.<br \/>\nEine leichte Wolkendecke spendete etwas Schatten und die Temperaturen lagen bei &gt; 30\u00b0C. Es gab gro\u00dfe Pf\u00fctzen in N\u00e4he der Wasserl\u00f6cher und so besuchten die Wildtiere den sch\u00f6nen Hide leider nicht.<\/li>\n<\/ul>\n<\/div><\/div><div id=\"panel-7512-1-0-6\" class=\"so-panel widget widget_black-studio-tinymce widget_black_studio_tinymce\" data-index=\"8\" ><h3 class=\"widget-title\">Zimmer:<\/h3><div class=\"textwidget\"><hr \/>\n<ul>\n<li><span style=\"font-family: sans-serif;\"><i>Einfach geht es im Camp zu jedoch gibt es Wasser, Strom und ein Waschhaus getrennt nach Geschlecht. Alles war sauber und funktionierte.<\/i><\/span><\/li>\n<\/ul>\n<\/div><\/div><div id=\"panel-7512-1-0-7\" class=\"so-panel widget widget_black-studio-tinymce widget_black_studio_tinymce\" data-index=\"9\" ><div class=\"textwidget\"><p><img loading=\"lazy\" decoding=\"async\" class=\"size-full wp-image-7518 alignnone\" src=\"http:\/\/kruste.selfhost.me\/wordpress\/wp-content\/uploads\/2020\/07\/COS_5762-scaled.jpg\" alt=\"\" width=\"2560\" height=\"1215\" srcset=\"http:\/\/kruste.selfhost.me\/wordpress\/wp-content\/uploads\/2020\/07\/COS_5762-scaled.jpg 2560w, http:\/\/kruste.selfhost.me\/wordpress\/wp-content\/uploads\/2020\/07\/COS_5762-300x142.jpg 300w, http:\/\/kruste.selfhost.me\/wordpress\/wp-content\/uploads\/2020\/07\/COS_5762-1024x486.jpg 1024w, http:\/\/kruste.selfhost.me\/wordpress\/wp-content\/uploads\/2020\/07\/COS_5762-150x71.jpg 150w, http:\/\/kruste.selfhost.me\/wordpress\/wp-content\/uploads\/2020\/07\/COS_5762-768x364.jpg 768w, http:\/\/kruste.selfhost.me\/wordpress\/wp-content\/uploads\/2020\/07\/COS_5762-1536x729.jpg 1536w, http:\/\/kruste.selfhost.me\/wordpress\/wp-content\/uploads\/2020\/07\/COS_5762-2048x972.jpg 2048w\" sizes=\"auto, (max-width: 2560px) 100vw, 2560px\" \/><\/p>\n<\/div><\/div><div id=\"panel-7512-1-0-8\" class=\"so-panel widget widget_black-studio-tinymce widget_black_studio_tinymce\" data-index=\"10\" ><h3 class=\"widget-title\">K\u00fcche \/ Restaurant:<\/h3><div class=\"textwidget\"><hr \/>\n<p>Ein kleiner Kiosk bietet das notwendigste und wer m\u00f6chte kann auch einen Snack bestellen. Die Angestellten freuen sich sehr.<\/p>\n<\/div><\/div><div id=\"panel-7512-1-0-9\" class=\"so-panel widget widget_black-studio-tinymce widget_black_studio_tinymce\" data-index=\"11\" ><h3 class=\"widget-title\">Personal:<\/h3><div class=\"textwidget\"><hr \/>\n\n<span style=\"color: #000000;\">Es gibt wenig Personal im Olifantsrus doch ob an der Rezeption oder im Kiosk, freundlich waren alle.<\/span><\/div><\/div><div id=\"panel-7512-1-0-10\" class=\"so-panel widget widget_black-studio-tinymce widget_black_studio_tinymce panel-last-child\" data-index=\"12\" ><h3 class=\"widget-title\">Aktivit\u00e4ten:<\/h3><div class=\"textwidget\"><hr \/>\n<ul>\n<li><span style=\"color: #000000;\">Die Campsite am Zaun versprach gute Tiersichtungen doch leider hatten wir Pech. Keine L\u00f6wen, Hy\u00e4nen oder andere Raubtiere n\u00e4herten sich oder machten in der Nacht auf sich aufmerksam. In der Ferne gab es ein paar Antilopen zu sehen aber das war leider alles. Der Sonnenuntergang vom Hide war aber sehr sch\u00f6n.<\/span><\/li>\n<\/ul>\n<\/div><\/div><\/div><\/div><div id=\"pg-7512-2\"  class=\"panel-grid panel-no-style\" ><div id=\"pgc-7512-2-0\"  class=\"panel-grid-cell\" ><div id=\"panel-7512-2-0-0\" class=\"so-panel widget widget_black-studio-tinymce widget_black_studio_tinymce panel-first-child\" data-index=\"13\" ><h3 class=\"widget-title\">Klartext:<\/h3><div class=\"textwidget\"><hr \/>\n<p><span style=\"color: #000000;\">Wer\u00a0Luxus sucht ist hier fehl am Platz. Das Einfache ist das, was man hier sucht und die N\u00e4he zur\u00a0<span style=\"caret-color: #000000;\">Natur z\u00e4hlt.<\/span><\/span><\/p>\n<p>Wenn alle Campsites belegt sind kann es jedoch mit der Ruhe etwas eng werden und die Privatsph\u00e4re ist sicher eingeschr\u00e4nkt. Wir hatten Gl\u00fcck und es gab nur zwei weitere Camper zur selben Zeit. Das war gut so.<\/p>\n<p>&nbsp;<\/p>\n<\/div><\/div><div id=\"panel-7512-2-0-1\" class=\"so-panel widget widget_black-studio-tinymce widget_black_studio_tinymce panel-last-child\" data-index=\"14\" ><div class=\"textwidget\"><p><img loading=\"lazy\" decoding=\"async\" class=\"aligncenter size-full wp-image-7514\" src=\"http:\/\/kruste.selfhost.me\/wordpress\/wp-content\/uploads\/2020\/07\/Olifantsrus_1-scaled.jpg\" alt=\"\" width=\"2560\" height=\"1213\" srcset=\"http:\/\/kruste.selfhost.me\/wordpress\/wp-content\/uploads\/2020\/07\/Olifantsrus_1-scaled.jpg 2560w, http:\/\/kruste.selfhost.me\/wordpress\/wp-content\/uploads\/2020\/07\/Olifantsrus_1-300x142.jpg 300w, http:\/\/kruste.selfhost.me\/wordpress\/wp-content\/uploads\/2020\/07\/Olifantsrus_1-1024x485.jpg 1024w, http:\/\/kruste.selfhost.me\/wordpress\/wp-content\/uploads\/2020\/07\/Olifantsrus_1-150x71.jpg 150w, http:\/\/kruste.selfhost.me\/wordpress\/wp-content\/uploads\/2020\/07\/Olifantsrus_1-768x364.jpg 768w, http:\/\/kruste.selfhost.me\/wordpress\/wp-content\/uploads\/2020\/07\/Olifantsrus_1-1536x728.jpg 1536w, http:\/\/kruste.selfhost.me\/wordpress\/wp-content\/uploads\/2020\/07\/Olifantsrus_1-2048x971.jpg 2048w\" sizes=\"auto, (max-width: 2560px) 100vw, 2560px\" \/><\/p>\n<\/div><\/div><\/div><\/div><\/div>","protected":false},"excerpt":{"rendered":"<p>Ein Platz ausschlie\u00dflich f\u00fcr Camper, das ist Olifantsrus\u00a0im Etosha National Park. Aufmerksam wurde ich auf diese Platz bei meiner Reise im Jahr 2018 und der<\/p>\n","protected":false},"author":1,"featured_media":0,"parent":834,"menu_order":0,"comment_status":"closed","ping_status":"closed","template":"","meta":{"footnotes":""},"class_list":["post-7512","page","type-page","status-publish","hentry"],"_links":{"self":[{"href":"http:\/\/kruste.selfhost.me\/wordpress\/index.php?rest_route=\/wp\/v2\/pages\/7512","targetHints":{"allow":["GET"]}}],"collection":[{"href":"http:\/\/kruste.selfhost.me\/wordpress\/index.php?rest_route=\/wp\/v2\/pages"}],"about":[{"href":"http:\/\/kruste.selfhost.me\/wordpress\/index.php?rest_route=\/wp\/v2\/types\/page"}],"author":[{"embeddable":true,"href":"http:\/\/kruste.selfhost.me\/wordpress\/index.php?rest_route=\/wp\/v2\/users\/1"}],"replies":[{"embeddable":true,"href":"http:\/\/kruste.selfhost.me\/wordpress\/index.php?rest_route=%2Fwp%2Fv2%2Fcomments&post=7512"}],"version-history":[{"count":1,"href":"http:\/\/kruste.selfhost.me\/wordpress\/index.php?rest_route=\/wp\/v2\/pages\/7512\/revisions"}],"predecessor-version":[{"id":7519,"href":"http:\/\/kruste.selfhost.me\/wordpress\/index.php?rest_route=\/wp\/v2\/pages\/7512\/revisions\/7519"}],"up":[{"embeddable":true,"href":"http:\/\/kruste.selfhost.me\/wordpress\/index.php?rest_route=\/wp\/v2\/pages\/834"}],"wp:attachment":[{"href":"http:\/\/kruste.selfhost.me\/wordpress\/index.php?rest_route=%2Fwp%2Fv2%2Fmedia&parent=7512"}],"curies":[{"name":"wp","href":"https:\/\/api.w.org\/{rel}","templated":true}]}}