{"id":7557,"date":"2020-08-04T20:46:34","date_gmt":"2020-08-04T18:46:34","guid":{"rendered":"http:\/\/kruste.selfhost.me\/wordpress\/?page_id=7557"},"modified":"2020-08-04T21:18:32","modified_gmt":"2020-08-04T19:18:32","slug":"mata-mata-upingtonktp-2","status":"publish","type":"page","link":"http:\/\/kruste.selfhost.me\/wordpress\/?page_id=7557","title":{"rendered":"Twee Rivieren (Upington\/KTP)"},"content":{"rendered":"<div id=\"pl-7557\"  class=\"panel-layout\" ><div id=\"pg-7557-0\"  class=\"panel-grid panel-no-style\" ><div id=\"pgc-7557-0-0\"  class=\"panel-grid-cell\" ><div id=\"panel-7557-0-0-0\" class=\"so-panel widget widget_black-studio-tinymce widget_black_studio_tinymce panel-first-child panel-last-child\" data-index=\"0\" ><div class=\"textwidget\"><hr \/>\n<p>Das Restcamp Twee Rivieren ( \u00fcbersetzt zwei Fl\u00fcsse ) ist die Schaltzentrale im <span class=\"st\">Kgalagadi Transfrontier Park ( KTP ) und ohne die hier ans\u00e4ssige Verwaltung w\u00fcrde auf der S\u00fcdafrikanischen Seite des Parks nichts funktionieren. Twee Rivieren ist zudem Eingangstor f\u00fcr Besucher aus Richtung S\u00fcdafrika und zus\u00e4tzlich auch der Punkt, an welchem die Formalit\u00e4ten f\u00fcr das l\u00e4nder\u00fcbergreifend Reisen Aus oder Nach Botswana abgewickelt werden m\u00fcssen.<\/span><\/p>\n<p>Es gibt im Camp die unterschiedlichsten \u00dcbernachtungsm\u00f6glichkeiten vom Campingplatz ohne Strom bis zum Family Chalet f\u00fcr 6 Personen. Ein kleiner Pool, der best sortierte Shop im Park, eine zuverl\u00e4ssige Tankstelle und seit 2020 ein kleiner Hide bieten alles was der Urlauber ben\u00f6tigt. F\u00fcr mich ist es hier jedoch eindeutig zu laut und es gibt viel zu viele Besucher. Meine Kalahari sieht anders aus und ich versuche Buchungen im Camp\u00a0Twee Rivieren zu vermeiden.<\/p>\n<hr \/>\n<p>&nbsp;<\/p>\n<\/div><\/div><\/div><div id=\"pgc-7557-0-1\"  class=\"panel-grid-cell\" ><div id=\"panel-7557-0-1-0\" class=\"so-panel widget widget_black-studio-tinymce widget_black_studio_tinymce panel-first-child panel-last-child\" data-index=\"1\" ><div class=\"textwidget\"><p><img loading=\"lazy\" decoding=\"async\" class=\"aligncenter size-full wp-image-7563\" src=\"http:\/\/kruste.selfhost.me\/wordpress\/wp-content\/uploads\/2020\/08\/NAM_5847-scaled.jpg\" alt=\"\" width=\"2103\" height=\"2560\" srcset=\"http:\/\/kruste.selfhost.me\/wordpress\/wp-content\/uploads\/2020\/08\/NAM_5847-scaled.jpg 2103w, http:\/\/kruste.selfhost.me\/wordpress\/wp-content\/uploads\/2020\/08\/NAM_5847-246x300.jpg 246w, http:\/\/kruste.selfhost.me\/wordpress\/wp-content\/uploads\/2020\/08\/NAM_5847-841x1024.jpg 841w, http:\/\/kruste.selfhost.me\/wordpress\/wp-content\/uploads\/2020\/08\/NAM_5847-123x150.jpg 123w, http:\/\/kruste.selfhost.me\/wordpress\/wp-content\/uploads\/2020\/08\/NAM_5847-768x935.jpg 768w, http:\/\/kruste.selfhost.me\/wordpress\/wp-content\/uploads\/2020\/08\/NAM_5847-631x768.jpg 631w, http:\/\/kruste.selfhost.me\/wordpress\/wp-content\/uploads\/2020\/08\/NAM_5847-1262x1536.jpg 1262w, http:\/\/kruste.selfhost.me\/wordpress\/wp-content\/uploads\/2020\/08\/NAM_5847-1683x2048.jpg 1683w\" sizes=\"auto, (max-width: 2103px) 100vw, 2103px\" \/><\/p>\n<\/div><\/div><\/div><\/div><div id=\"pg-7557-1\"  class=\"panel-grid panel-no-style\" ><div id=\"pgc-7557-1-0\"  class=\"panel-grid-cell\" ><div id=\"panel-7557-1-0-0\" class=\"so-panel widget widget_black-studio-tinymce widget_black_studio_tinymce panel-first-child\" data-index=\"2\" ><h3 class=\"widget-title\">Preise:<\/h3><div class=\"textwidget\"><hr \/>\n<ul>\n<li>Camp Side without Power 320 Rand<\/li>\n<li>Cottage ( 2 Personen ) 1550 Rand<\/li>\n<li>Family Chalet ( 4 Personen ) 2095 Rand<\/li>\n<\/ul>\n<p>&nbsp;<\/p>\n<p>Die Campingpl\u00e4tze liegen zum gro\u00dfen Teil an der Zufahrtsstra\u00dfe zur Tankstelle und ich kenne keinen Bungalow, der eine sch\u00f6ne Aussicht in den Park bietet.<\/p>\n<\/div><\/div><div id=\"panel-7557-1-0-1\" class=\"so-panel widget widget_black-studio-tinymce widget_black_studio_tinymce\" data-index=\"3\" ><h3 class=\"widget-title\">Kommunikation:<\/h3><div class=\"textwidget\"><div id=\"id4\" class=\"style_SkipStroke_4 shape-with-text\">\n<div class=\"text-content graphic_textbox_layout_style_default_External_138_130\">\n<div class=\"graphic_textbox_layout_style_default\">\n<hr \/>\n<p class=\"Caption\">Ich brauchte werde Internet noch Handy und bin mir nicht sicher ob es einen Zugang zum Web gibt. Ich gehe aber davon aus.<\/p>\n<\/div>\n<\/div>\n<\/div>\n<\/div><\/div><div id=\"panel-7557-1-0-2\" class=\"so-panel widget widget_text\" data-index=\"4\" >\t\t\t<div class=\"textwidget\"><section class=\"parallax-section\">\n<div class=\"parallax-window\" data-z-index=\"1\" data-position-x=\"left\" data-parallax=\"scroll\" data-speed=\".3\" data-image-src=\"http:\/\/kruste.selfhost.me\/wordpress\/wp-content\/uploads\/2020\/08\/DSC_6786.jpg\" style=\"align-items: flex-start;min-height: 550px;\">\n<div class=\"parallax-container parallax-content\">\n<\/div>\n<\/div>\n<\/section>\n<\/div>\n\t\t<\/div><div id=\"panel-7557-1-0-3\" class=\"so-panel widget widget_black-studio-tinymce widget_black_studio_tinymce\" data-index=\"5\" ><h3 class=\"widget-title\">Anreise: <\/h3><div class=\"textwidget\"><hr \/>\n<p>Twee Rivieren ist \u00fcber die sehr gut ausgebaute R360 von Upington aus zu erreichen. Die Strecke zieht sich \u00fcber 250 Kilometer und man sollte von Zeit zu Zeit einen Blick auf seinen Tacho werfen. Schnell ist man hier schneller als erlaubt. Und bitte nicht die eigene Geschwindigkeit den der Luxusfahrzeugen anpassen. BMW, VW, Porsche und Co haben hier eine Sondergenehmigung f\u00fcr Hochgeschwindigkeitsfahrten.<\/p>\n<\/div><\/div><div id=\"panel-7557-1-0-4\" class=\"so-panel widget widget_black-studio-tinymce widget_black_studio_tinymce\" data-index=\"6\" ><h3 class=\"widget-title\">Meine Reisezeiten:<\/h3><div class=\"textwidget\"><hr \/>\n<ul>\n<li>Februar 2017<\/li>\n<\/ul>\n<\/div><\/div><div id=\"panel-7557-1-0-5\" class=\"so-panel widget widget_black-studio-tinymce widget_black_studio_tinymce\" data-index=\"7\" ><h3 class=\"widget-title\">Das Wetter:<\/h3><div class=\"textwidget\"><hr \/>\n<ul>\n<li>Februar 2017<br \/>\nSehr hei\u00df und keine Wolken am Himmel<\/li>\n<\/ul>\n<\/div><\/div><div id=\"panel-7557-1-0-6\" class=\"so-panel widget widget_black-studio-tinymce widget_black_studio_tinymce\" data-index=\"8\" ><h3 class=\"widget-title\">Zimmer:<\/h3><div class=\"textwidget\"><hr \/>\n<p class=\"paragraph_style\">Ich hatte mir nur ein kleines Cottage f\u00fcr den Tag der Abreise gebucht und eine richtiges Urlaubsfeeling kam nicht auf. Zum Reinigen der Ausr\u00fcstung und um die Koffer anst\u00e4ndig zu packen war es jedoch optimal und erf\u00fcllte seinen Zweck.<\/p>\n<\/div><\/div><div id=\"panel-7557-1-0-7\" class=\"so-panel widget widget_black-studio-tinymce widget_black_studio_tinymce\" data-index=\"9\" ><h3 class=\"widget-title\">K\u00fcche \/ Restaurant:<\/h3><div class=\"textwidget\"><hr \/>\n<p>Hier gibt es das einzige \"Restaurant\" im Park und wer im Shop nichts finden sollte, kann sich hier einen Tisch reservieren. Ich habe mich von der Qualit\u00e4t der Speise jedoch noch nicht \u00fcberzeugen lassen.<\/p>\n<\/div><\/div><div id=\"panel-7557-1-0-8\" class=\"so-panel widget widget_black-studio-tinymce widget_black_studio_tinymce\" data-index=\"10\" ><div class=\"textwidget\"><p><img loading=\"lazy\" decoding=\"async\" class=\"aligncenter size-full wp-image-7562\" src=\"http:\/\/kruste.selfhost.me\/wordpress\/wp-content\/uploads\/2020\/08\/SAF_6667-scaled.jpg\" alt=\"\" width=\"2560\" height=\"1457\" srcset=\"http:\/\/kruste.selfhost.me\/wordpress\/wp-content\/uploads\/2020\/08\/SAF_6667-scaled.jpg 2560w, http:\/\/kruste.selfhost.me\/wordpress\/wp-content\/uploads\/2020\/08\/SAF_6667-300x171.jpg 300w, http:\/\/kruste.selfhost.me\/wordpress\/wp-content\/uploads\/2020\/08\/SAF_6667-1024x583.jpg 1024w, http:\/\/kruste.selfhost.me\/wordpress\/wp-content\/uploads\/2020\/08\/SAF_6667-150x85.jpg 150w, http:\/\/kruste.selfhost.me\/wordpress\/wp-content\/uploads\/2020\/08\/SAF_6667-768x437.jpg 768w, http:\/\/kruste.selfhost.me\/wordpress\/wp-content\/uploads\/2020\/08\/SAF_6667-1536x874.jpg 1536w, http:\/\/kruste.selfhost.me\/wordpress\/wp-content\/uploads\/2020\/08\/SAF_6667-2048x1166.jpg 2048w\" sizes=\"auto, (max-width: 2560px) 100vw, 2560px\" \/><\/p>\n<\/div><\/div><div id=\"panel-7557-1-0-9\" class=\"so-panel widget widget_black-studio-tinymce widget_black_studio_tinymce\" data-index=\"11\" ><h3 class=\"widget-title\">Personal:<\/h3><div class=\"textwidget\"><hr \/>\n\nAlle sind sehr freundlich hier und ich bewundere immer die ausgesprochen ruhigen und gelassenen Damen beim Check In. Wenn Hilfe ben\u00f6tigt wird, eine Buchung ge\u00e4ndert werden muss oder auch mal am Sonntag der Mechaniker zur Reparatur des eigenen K\u00fchlschrank ausr\u00fccken darf, alles kein Problem in Twee Rivieren ! Hut ab und danke f\u00fcr Eure Hilfe und Unterst\u00fctzung.<\/div><\/div><div id=\"panel-7557-1-0-10\" class=\"so-panel widget widget_black-studio-tinymce widget_black_studio_tinymce\" data-index=\"12\" ><h3 class=\"widget-title\">Aktivit\u00e4ten:<\/h3><div class=\"textwidget\"><hr \/>\n<p class=\"Caption\">Eigentlich bin ich immer nur zum Tanken, Einkaufen oder f\u00fcr kleine Wartungsarbeiten am Fahrzeug hier.<\/p>\n<\/div><\/div><div id=\"panel-7557-1-0-11\" class=\"so-panel widget widget_black-studio-tinymce widget_black_studio_tinymce panel-last-child\" data-index=\"13\" ><h3 class=\"widget-title\">Tipps:<\/h3><div class=\"textwidget\"><hr \/>\n<ul>\n<li>Die Wasserl\u00f6cher in der Umgebung sind in den Morgenstunden richtige H\u00f6hepunkte des Parks. Ich konnte jagende Falken beobachten, sich streitende L\u00f6wen bewundern, einen Caracal sichten und vieles mehr. Weiter schleichen auch immer Geparden um die Anlage und scheuchen Antilopen in die Z\u00e4une. Man sieht es dem Camp nicht wirklich an, aber Tiere gibt es in der Umgebung reichlich.<\/li>\n<li>Leider liegt Twee Rivieren nicht in eine abgeschiedenen Region und Nachts gibt es schon einmal das Gebell von Hunden oder andere Ger\u00e4usche der Zivilisation zu h\u00f6ren.<\/li>\n<\/ul>\n<\/div><\/div><\/div><\/div><div id=\"pg-7557-2\"  class=\"panel-grid panel-no-style\" ><div id=\"pgc-7557-2-0\"  class=\"panel-grid-cell\" ><div id=\"panel-7557-2-0-0\" class=\"so-panel widget widget_black-studio-tinymce widget_black_studio_tinymce panel-first-child panel-last-child\" data-index=\"14\" ><div class=\"textwidget\"><p><img loading=\"lazy\" decoding=\"async\" class=\"aligncenter size-full wp-image-7560\" src=\"http:\/\/kruste.selfhost.me\/wordpress\/wp-content\/uploads\/2020\/08\/DSC_5244-scaled.jpg\" alt=\"\" width=\"2560\" height=\"1280\" srcset=\"http:\/\/kruste.selfhost.me\/wordpress\/wp-content\/uploads\/2020\/08\/DSC_5244-scaled.jpg 2560w, http:\/\/kruste.selfhost.me\/wordpress\/wp-content\/uploads\/2020\/08\/DSC_5244-300x150.jpg 300w, http:\/\/kruste.selfhost.me\/wordpress\/wp-content\/uploads\/2020\/08\/DSC_5244-1024x512.jpg 1024w, http:\/\/kruste.selfhost.me\/wordpress\/wp-content\/uploads\/2020\/08\/DSC_5244-150x75.jpg 150w, http:\/\/kruste.selfhost.me\/wordpress\/wp-content\/uploads\/2020\/08\/DSC_5244-768x384.jpg 768w, http:\/\/kruste.selfhost.me\/wordpress\/wp-content\/uploads\/2020\/08\/DSC_5244-1536x768.jpg 1536w, http:\/\/kruste.selfhost.me\/wordpress\/wp-content\/uploads\/2020\/08\/DSC_5244-2048x1024.jpg 2048w\" sizes=\"auto, (max-width: 2560px) 100vw, 2560px\" \/><\/p>\n<\/div><\/div><\/div><\/div><\/div>","protected":false},"excerpt":{"rendered":"<p>Das Restcamp Twee Rivieren ( \u00fcbersetzt zwei Fl\u00fcsse ) ist die Schaltzentrale im Kgalagadi Transfrontier Park ( KTP ) und ohne die hier ans\u00e4ssige Verwaltung<\/p>\n","protected":false},"author":1,"featured_media":0,"parent":2073,"menu_order":0,"comment_status":"closed","ping_status":"closed","template":"","meta":{"footnotes":""},"class_list":["post-7557","page","type-page","status-publish","hentry"],"_links":{"self":[{"href":"http:\/\/kruste.selfhost.me\/wordpress\/index.php?rest_route=\/wp\/v2\/pages\/7557","targetHints":{"allow":["GET"]}}],"collection":[{"href":"http:\/\/kruste.selfhost.me\/wordpress\/index.php?rest_route=\/wp\/v2\/pages"}],"about":[{"href":"http:\/\/kruste.selfhost.me\/wordpress\/index.php?rest_route=\/wp\/v2\/types\/page"}],"author":[{"embeddable":true,"href":"http:\/\/kruste.selfhost.me\/wordpress\/index.php?rest_route=\/wp\/v2\/users\/1"}],"replies":[{"embeddable":true,"href":"http:\/\/kruste.selfhost.me\/wordpress\/index.php?rest_route=%2Fwp%2Fv2%2Fcomments&post=7557"}],"version-history":[{"count":1,"href":"http:\/\/kruste.selfhost.me\/wordpress\/index.php?rest_route=\/wp\/v2\/pages\/7557\/revisions"}],"predecessor-version":[{"id":7558,"href":"http:\/\/kruste.selfhost.me\/wordpress\/index.php?rest_route=\/wp\/v2\/pages\/7557\/revisions\/7558"}],"up":[{"embeddable":true,"href":"http:\/\/kruste.selfhost.me\/wordpress\/index.php?rest_route=\/wp\/v2\/pages\/2073"}],"wp:attachment":[{"href":"http:\/\/kruste.selfhost.me\/wordpress\/index.php?rest_route=%2Fwp%2Fv2%2Fmedia&parent=7557"}],"curies":[{"name":"wp","href":"https:\/\/api.w.org\/{rel}","templated":true}]}}