{"id":7565,"date":"2020-08-05T20:33:44","date_gmt":"2020-08-05T18:33:44","guid":{"rendered":"http:\/\/kruste.selfhost.me\/wordpress\/?page_id=7565"},"modified":"2021-03-14T20:12:58","modified_gmt":"2021-03-14T18:12:58","slug":"grootkolk-upingtonktp-2","status":"publish","type":"page","link":"http:\/\/kruste.selfhost.me\/wordpress\/?page_id=7565","title":{"rendered":"Bitterpan (Upington\/KTP)"},"content":{"rendered":"<div id=\"pl-7565\"  class=\"panel-layout\" ><div id=\"pg-7565-0\"  class=\"panel-grid panel-no-style\" ><div id=\"pgc-7565-0-0\"  class=\"panel-grid-cell\" ><div id=\"panel-7565-0-0-0\" class=\"so-panel widget widget_black-studio-tinymce widget_black_studio_tinymce panel-first-child panel-last-child\" data-index=\"0\" ><div class=\"textwidget\"><div class=\"style_SkipStroke_2 shape-with-text flowDefining\">\n<hr \/>\n<\/div>\n<p>Bitterpan ist ( neben\u00a0Gharagab ) eines der beiden Camps im Kgalagadi Transfrontier Park welches nur mit einem 4x4 Fahrzeug erreichbar ist. Die circa 50 Kilometer lange Anreise beginnt mit einem Check In im Nossob Rest Camp, bei dem auch die Abfrage nach einem Allradfahrzeug erfolgt. Kontrolliert wird dies nicht aber es ist wirklich ratsam hier keine falschen Angaben zu machen.<\/p>\n<p>Die Anreise nach Bitterpan habe ich als nicht sehr aufregend empfunden wie auch den Aufenthalt selbst. Das Camp unterscheidet sich etwas von den anderen Restcamps, da Zimmer und Bad r\u00e4umlich voneinander getrennt sind und es nur eine Gemeinschaftsk\u00fcche gibt. Es hat mich nicht gest\u00f6rt, das ich keine eigene K\u00fcche hatte, nein ganz das Gegenteil so grillten wir alle gemeinsam und es war ein sch\u00f6ner Abend.<\/p>\n<p>Es lag mehr an dem doch sehr weit entfernten Wasserloch und den wenigen Tiersichtungen, die ich hier hatte. Man sprach zwar von einem lokalen Leoparden, der sich hinter dem Haus des lokalen Guide aufh\u00e4lt aber dieser wollte sich bei meinem Aufenthalt nicht zeigen, schade.<\/p>\n<p>Ich w\u00fcrde Bitterpan nicht noch einmal buchen, da die anderen Camps im Park f\u00fcr mich wesentlich interessanter sind und jeder Aufenthalt endlich ist.<\/p>\n<hr \/>\n<p>&nbsp;<\/p>\n<\/div><\/div><\/div><div id=\"pgc-7565-0-1\"  class=\"panel-grid-cell\" ><div id=\"panel-7565-0-1-0\" class=\"so-panel widget widget_black-studio-tinymce widget_black_studio_tinymce panel-first-child panel-last-child\" data-index=\"1\" ><div class=\"textwidget\"><p style=\"padding-left: 40px;\"><img loading=\"lazy\" decoding=\"async\" class=\"aligncenter size-full wp-image-7569\" src=\"http:\/\/kruste.selfhost.me\/wordpress\/wp-content\/uploads\/2020\/08\/NAM_5630-scaled.jpg\" alt=\"\" width=\"2560\" height=\"2545\" srcset=\"http:\/\/kruste.selfhost.me\/wordpress\/wp-content\/uploads\/2020\/08\/NAM_5630-scaled.jpg 2560w, http:\/\/kruste.selfhost.me\/wordpress\/wp-content\/uploads\/2020\/08\/NAM_5630-300x298.jpg 300w, http:\/\/kruste.selfhost.me\/wordpress\/wp-content\/uploads\/2020\/08\/NAM_5630-1024x1018.jpg 1024w, http:\/\/kruste.selfhost.me\/wordpress\/wp-content\/uploads\/2020\/08\/NAM_5630-150x150.jpg 150w, http:\/\/kruste.selfhost.me\/wordpress\/wp-content\/uploads\/2020\/08\/NAM_5630-768x764.jpg 768w, http:\/\/kruste.selfhost.me\/wordpress\/wp-content\/uploads\/2020\/08\/NAM_5630-1536x1527.jpg 1536w, http:\/\/kruste.selfhost.me\/wordpress\/wp-content\/uploads\/2020\/08\/NAM_5630-2048x2036.jpg 2048w\" sizes=\"auto, (max-width: 2560px) 100vw, 2560px\" \/><\/p>\n<\/div><\/div><\/div><\/div><div id=\"pg-7565-1\"  class=\"panel-grid panel-no-style\" ><div id=\"pgc-7565-1-0\"  class=\"panel-grid-cell\" ><div id=\"panel-7565-1-0-0\" class=\"so-panel widget widget_black-studio-tinymce widget_black_studio_tinymce panel-first-child\" data-index=\"2\" ><h3 class=\"widget-title\">Preise:<\/h3><div class=\"textwidget\"><hr \/>\n<ul>\n<li>Mit 1990 Rand schl\u00e4gt einer der 4 Bungalows zu buche.<\/li>\n<\/ul>\n<\/div><\/div><div id=\"panel-7565-1-0-1\" class=\"so-panel widget widget_black-studio-tinymce widget_black_studio_tinymce\" data-index=\"3\" ><h3 class=\"widget-title\">Kommunikation:<\/h3><div class=\"textwidget\"><div id=\"id4\" class=\"style_SkipStroke_4 shape-with-text\">\n<div class=\"text-content graphic_textbox_layout_style_default_External_138_130\">\n<div class=\"graphic_textbox_layout_style_default\">\n<hr \/>\n<p class=\"Caption\">Kein Mobilfunk und kein Internet gibt es hier aber dies ist sicher einer der Gr\u00fcnde f\u00fcr den Besuch des Camps.<\/p>\n<\/div>\n<\/div>\n<\/div>\n<\/div><\/div><div id=\"panel-7565-1-0-2\" class=\"so-panel widget widget_text\" data-index=\"4\" >\t\t\t<div class=\"textwidget\"><section class=\"parallax-section\">\n<div class=\"parallax-window\" data-z-index=\"1\" data-position-x=\"left\" data-parallax=\"scroll\" data-speed=\".3\" data-image-src=\"http:\/\/kruste.selfhost.me\/wordpress\/wp-content\/uploads\/2020\/08\/NAM_5624_l.jpg\" style=\"align-items: flex-start;min-height: 550px;\">\n<div class=\"parallax-container parallax-content\">\n<\/div>\n<\/div>\n<\/section>\n<\/div>\n\t\t<\/div><div id=\"panel-7565-1-0-3\" class=\"so-panel widget widget_black-studio-tinymce widget_black_studio_tinymce\" data-index=\"5\" ><h3 class=\"widget-title\">Anreise:<\/h3><div class=\"textwidget\"><hr \/>\n<p>Die Anreise f\u00fchrt durch das Nossob Rest Camp und man ist schon etwas aufgeregt, wenn das Gate nur f\u00fcr einen pers\u00f6nlichen ge\u00f6ffnet wird.<\/p>\n<p>Die Fahrt selbst f\u00fchrt durch eine f\u00fcr hier typische Buschlandschaft ohne dabei gro\u00dfe D\u00fcnen bew\u00e4ltigen zu m\u00fcssen. Das soll bei der Abreise \u00fcber Mata Mata jedoch anders sein. Ich musste aus Zeitgr\u00fcnden leider die Abk\u00fcrzung \u00fcber Movaret nehmen und diese war nicht sonderlich schwierig zu bew\u00e4ltigen.<\/p>\n<\/div><\/div><div id=\"panel-7565-1-0-4\" class=\"so-panel widget widget_black-studio-tinymce widget_black_studio_tinymce\" data-index=\"6\" ><h3 class=\"widget-title\">Meine Reisezeiten:<\/h3><div class=\"textwidget\"><hr \/>\n<ul>\n<li>Februar 2017<\/li>\n<\/ul>\n<\/div><\/div><div id=\"panel-7565-1-0-5\" class=\"so-panel widget widget_black-studio-tinymce widget_black_studio_tinymce\" data-index=\"7\" ><h3 class=\"widget-title\">Das Wetter:<\/h3><div class=\"textwidget\"><hr \/>\n<ul>\n<li>Februar 2017<br \/>\nBlauer Himmel und sch\u00f6ne Wolkenformationen mit Regen in weiter Entfernung.<\/li>\n<\/ul>\n<\/div><\/div><div id=\"panel-7565-1-0-6\" class=\"so-panel widget widget_black-studio-tinymce widget_black_studio_tinymce\" data-index=\"8\" ><h3 class=\"widget-title\">Zimmer:<\/h3><div class=\"textwidget\"><hr \/>\n<p class=\"paragraph_style\">4 kleine Bungalows ohne eigene K\u00fcche. Das Badezimmer ist \u00fcber den Holzsteg erreichbar und vom eigenen Raum getrennt. Aufhalten kann man sich auf der zum Zimmer geh\u00f6renden Terrasse, die jedoch wenig Schatten bietet. Am Abend sitzen die G\u00e4ste um das gemeinsame Lagerfeuer und unterhalten sich \u00fcber die Sichtungen im Park.<\/p>\n<\/div><\/div><div id=\"panel-7565-1-0-7\" class=\"so-panel widget widget_black-studio-tinymce widget_black_studio_tinymce\" data-index=\"9\" ><div class=\"textwidget\"><p><img loading=\"lazy\" decoding=\"async\" class=\"aligncenter size-full wp-image-7567\" src=\"http:\/\/kruste.selfhost.me\/wordpress\/wp-content\/uploads\/2020\/08\/NAM_5574-scaled.jpg\" alt=\"\" width=\"2560\" height=\"1285\" srcset=\"http:\/\/kruste.selfhost.me\/wordpress\/wp-content\/uploads\/2020\/08\/NAM_5574-scaled.jpg 2560w, http:\/\/kruste.selfhost.me\/wordpress\/wp-content\/uploads\/2020\/08\/NAM_5574-300x151.jpg 300w, http:\/\/kruste.selfhost.me\/wordpress\/wp-content\/uploads\/2020\/08\/NAM_5574-1024x514.jpg 1024w, http:\/\/kruste.selfhost.me\/wordpress\/wp-content\/uploads\/2020\/08\/NAM_5574-150x75.jpg 150w, http:\/\/kruste.selfhost.me\/wordpress\/wp-content\/uploads\/2020\/08\/NAM_5574-768x386.jpg 768w, http:\/\/kruste.selfhost.me\/wordpress\/wp-content\/uploads\/2020\/08\/NAM_5574-1536x771.jpg 1536w, http:\/\/kruste.selfhost.me\/wordpress\/wp-content\/uploads\/2020\/08\/NAM_5574-2048x1028.jpg 2048w\" sizes=\"auto, (max-width: 2560px) 100vw, 2560px\" \/><\/p>\n<\/div><\/div><div id=\"panel-7565-1-0-8\" class=\"so-panel widget widget_black-studio-tinymce widget_black_studio_tinymce\" data-index=\"10\" ><h3 class=\"widget-title\">K\u00fcche \/ Restaurant:<\/h3><div class=\"textwidget\"><hr \/>\n<p>Der letzet Stopp f\u00fcr den Einkauf liegt 50 Kilometer zur\u00fcck in Nossob. Wer etwas vergessen hat muss ohne auskommen.<\/p>\n<\/div><\/div><div id=\"panel-7565-1-0-9\" class=\"so-panel widget widget_black-studio-tinymce widget_black_studio_tinymce\" data-index=\"11\" ><h3 class=\"widget-title\">Personal:<\/h3><div class=\"textwidget\"><hr \/>\n\nDer SanPark Mitarbeiter vor Ort war freundlich und es gab auch hier spannende Geschichten zu h\u00f6ren.\n\n&nbsp;<\/div><\/div><div id=\"panel-7565-1-0-10\" class=\"so-panel widget widget_black-studio-tinymce widget_black_studio_tinymce\" data-index=\"12\" ><h3 class=\"widget-title\">Aktivit\u00e4ten:<\/h3><div class=\"textwidget\"><hr \/>\n<p class=\"Caption\">Leider sehr wenig. Die Anreise war nicht sehr aufregend und auch der Aufenthalt selbst bot keine H\u00f6hepunkte.<\/p>\n<\/div><\/div><div id=\"panel-7565-1-0-11\" class=\"so-panel widget widget_black-studio-tinymce widget_black_studio_tinymce panel-last-child\" data-index=\"13\" ><h3 class=\"widget-title\">Tipps:<\/h3><div class=\"textwidget\"><hr \/>\n<ul>\n<li>Bei der Anreise etwas Zeit lassen und den Sonnenuntergang im Camp genie\u00dfen.<\/li>\n<\/ul>\n<\/div><\/div><\/div><\/div><div id=\"pg-7565-2\"  class=\"panel-grid panel-no-style\" ><div id=\"pgc-7565-2-0\"  class=\"panel-grid-cell\" ><div id=\"panel-7565-2-0-0\" class=\"so-panel widget widget_black-studio-tinymce widget_black_studio_tinymce panel-first-child panel-last-child\" data-index=\"14\" ><div class=\"textwidget\"><p><img loading=\"lazy\" decoding=\"async\" class=\"aligncenter size-full wp-image-7570\" src=\"http:\/\/kruste.selfhost.me\/wordpress\/wp-content\/uploads\/2020\/08\/BOT2951-scaled.jpg\" alt=\"\" width=\"2560\" height=\"1178\" srcset=\"http:\/\/kruste.selfhost.me\/wordpress\/wp-content\/uploads\/2020\/08\/BOT2951-scaled.jpg 2560w, http:\/\/kruste.selfhost.me\/wordpress\/wp-content\/uploads\/2020\/08\/BOT2951-300x138.jpg 300w, http:\/\/kruste.selfhost.me\/wordpress\/wp-content\/uploads\/2020\/08\/BOT2951-1024x471.jpg 1024w, http:\/\/kruste.selfhost.me\/wordpress\/wp-content\/uploads\/2020\/08\/BOT2951-150x69.jpg 150w, http:\/\/kruste.selfhost.me\/wordpress\/wp-content\/uploads\/2020\/08\/BOT2951-768x353.jpg 768w, http:\/\/kruste.selfhost.me\/wordpress\/wp-content\/uploads\/2020\/08\/BOT2951-1536x707.jpg 1536w, http:\/\/kruste.selfhost.me\/wordpress\/wp-content\/uploads\/2020\/08\/BOT2951-2048x943.jpg 2048w\" sizes=\"auto, (max-width: 2560px) 100vw, 2560px\" \/><\/p>\n<\/div><\/div><\/div><\/div><\/div>","protected":false},"excerpt":{"rendered":"<p>Bitterpan ist ( neben\u00a0Gharagab ) eines der beiden Camps im Kgalagadi Transfrontier Park welches nur mit einem 4&#215;4 Fahrzeug erreichbar ist. Die circa 50 Kilometer<\/p>\n","protected":false},"author":1,"featured_media":0,"parent":7773,"menu_order":0,"comment_status":"closed","ping_status":"closed","template":"","meta":{"footnotes":""},"class_list":["post-7565","page","type-page","status-publish","hentry"],"_links":{"self":[{"href":"http:\/\/kruste.selfhost.me\/wordpress\/index.php?rest_route=\/wp\/v2\/pages\/7565","targetHints":{"allow":["GET"]}}],"collection":[{"href":"http:\/\/kruste.selfhost.me\/wordpress\/index.php?rest_route=\/wp\/v2\/pages"}],"about":[{"href":"http:\/\/kruste.selfhost.me\/wordpress\/index.php?rest_route=\/wp\/v2\/types\/page"}],"author":[{"embeddable":true,"href":"http:\/\/kruste.selfhost.me\/wordpress\/index.php?rest_route=\/wp\/v2\/users\/1"}],"replies":[{"embeddable":true,"href":"http:\/\/kruste.selfhost.me\/wordpress\/index.php?rest_route=%2Fwp%2Fv2%2Fcomments&post=7565"}],"version-history":[{"count":1,"href":"http:\/\/kruste.selfhost.me\/wordpress\/index.php?rest_route=\/wp\/v2\/pages\/7565\/revisions"}],"predecessor-version":[{"id":7566,"href":"http:\/\/kruste.selfhost.me\/wordpress\/index.php?rest_route=\/wp\/v2\/pages\/7565\/revisions\/7566"}],"up":[{"embeddable":true,"href":"http:\/\/kruste.selfhost.me\/wordpress\/index.php?rest_route=\/wp\/v2\/pages\/7773"}],"wp:attachment":[{"href":"http:\/\/kruste.selfhost.me\/wordpress\/index.php?rest_route=%2Fwp%2Fv2%2Fmedia&parent=7565"}],"curies":[{"name":"wp","href":"https:\/\/api.w.org\/{rel}","templated":true}]}}