{"id":7585,"date":"2020-11-01T20:18:14","date_gmt":"2020-11-01T18:18:14","guid":{"rendered":"http:\/\/kruste.selfhost.me\/wordpress\/?page_id=7585"},"modified":"2022-10-27T18:59:47","modified_gmt":"2022-10-27T16:59:47","slug":"erindi-old-traders-lodge-naehe-etosha-2-2-2-3","status":"publish","type":"page","link":"http:\/\/kruste.selfhost.me\/wordpress\/?page_id=7585","title":{"rendered":"Namutoni Camp (\u00f6stlich Etosha)"},"content":{"rendered":"<div id=\"pl-7585\"  class=\"panel-layout\" ><div id=\"pg-7585-0\"  class=\"panel-grid panel-no-style\" ><div id=\"pgc-7585-0-0\"  class=\"panel-grid-cell\" ><div id=\"panel-7585-0-0-0\" class=\"so-panel widget widget_text panel-first-child panel-last-child\" data-index=\"0\" >\t\t\t<div class=\"textwidget\"><p>letztes Update von 10\/2022<\/p>\n<\/div>\n\t\t<\/div><\/div><\/div><div id=\"pg-7585-1\"  class=\"panel-grid panel-no-style\" ><div id=\"pgc-7585-1-0\"  class=\"panel-grid-cell\" ><div id=\"panel-7585-1-0-0\" class=\"so-panel widget widget_black-studio-tinymce widget_black_studio_tinymce panel-first-child panel-last-child\" data-index=\"1\" ><div class=\"textwidget\"><div class=\"style_SkipStroke_2 shape-with-text flowDefining\">\n<div class=\"text-content style_External_485_494\">\n<div><\/div>\n<\/div>\n<\/div>\n<div><\/div>\n<div><\/div>\n<div>\n\n<hr \/>\n\n<\/div>\n<div class=\"style\"><\/div>\n<div><\/div>\n<div><\/div>\n<div class=\"style_SkipStroke_2 shape-with-text flowDefining\">\n<div class=\"text-content style_External_485_494\">\n<div class=\"style\">\n<div class=\"style\">\n\n<span style=\"color: #000000;\">Das <a href=\"https:\/\/www.nwr.com.na\/resorts\/namutoni-resort\" target=\"_blank\" rel=\"noopener\">Namutoni Camp<\/a> befindet sich im \u00f6stlichen Teil des Etosha National Park und ist in gut 45 Minuten vom\u00a0Lindequist erreichbar. Gepr\u00e4gt wird das Camp von einem 1902 deutsche Schutztruppen erbauten Fort, welches jedoch leider immer weiter verf\u00e4llt. Bei meinem ersten Besuch im Jahr 2014 gab es in der\u00a0Festung\u00a0noch ein paar kleine L\u00e4den<\/span><span style=\"color: #000000;\">\u00a0und es war sch\u00f6n hier einen kurzen Stopp einzulegen um die\u00a0Atmosph\u00e4re genie\u00dfen zu k\u00f6nnen. In meinem Kopf kreisten Gedanken, was man aus diesem Platz sch\u00f6nes machen k\u00f6nnte wenn Geld keine Rolle spielen w\u00fcrde. <span style=\"color: #000000;\">Aber leider hat sich kein Investor gefunden aber ich habe noch Hoffnung.<\/span><\/span>\n\nDie Lage des Camps im Park selbst ist sehr gut. Fr\u00fch am Morgen besteht die M\u00f6glichkeit L\u00f6wen in der N\u00e4he des Wasserloch \" Klein Namutoni \" zu bewundern und die angrenzende Fischer Pan wird h\u00e4ufig von Geparden besucht. Auch Sichtungen von Nash\u00f6rner gibt es in dieser Gegend h\u00e4ufig und Elefanten halten sich regelm\u00e4\u00dfig in Richtung Mushara auf. F\u00fcr mich einer der besten Spots im Park.<\/div>\nDen Tagsabschluss verbringt man am besten auf dem Wachturm der Anlage und genie\u00dft von hier den atemberaubenden Sonnenuntergang.\n\n( Leider war der Zugang zum Turm im Jahr 2021 nicht m\u00f6glich, in 2022 jedoch wieder )\n<div class=\"style\">\n\n&nbsp;\n\n&nbsp;\n\n&nbsp;<\/div>\n<\/div>\n<\/div>\n<\/div>\n&nbsp;\n\n&nbsp;\n\n&nbsp;\n\n&nbsp;\n\n&nbsp;\n\n&nbsp;\n\n&nbsp;\n\n&nbsp;\n\n&nbsp;\n\n<hr \/>\n\n&nbsp;<\/div><\/div><\/div><div id=\"pgc-7585-1-1\"  class=\"panel-grid-cell\" ><div id=\"panel-7585-1-1-0\" class=\"so-panel widget widget_black-studio-tinymce widget_black_studio_tinymce panel-first-child panel-last-child\" data-index=\"2\" ><div class=\"textwidget\"><p style=\"padding-left: 40px;\"><img loading=\"lazy\" decoding=\"async\" class=\"aligncenter size-full wp-image-7586\" src=\"http:\/\/kruste.selfhost.me\/wordpress\/wp-content\/uploads\/2020\/11\/NAM1402.jpg\" alt=\"\" width=\"768\" height=\"965\" srcset=\"http:\/\/kruste.selfhost.me\/wordpress\/wp-content\/uploads\/2020\/11\/NAM1402.jpg 768w, http:\/\/kruste.selfhost.me\/wordpress\/wp-content\/uploads\/2020\/11\/NAM1402-239x300.jpg 239w, http:\/\/kruste.selfhost.me\/wordpress\/wp-content\/uploads\/2020\/11\/NAM1402-119x150.jpg 119w, http:\/\/kruste.selfhost.me\/wordpress\/wp-content\/uploads\/2020\/11\/NAM1402-611x768.jpg 611w\" sizes=\"auto, (max-width: 768px) 100vw, 768px\" \/><\/p>\n<\/div><\/div><\/div><\/div><div id=\"pg-7585-2\"  class=\"panel-grid panel-no-style\" ><div id=\"pgc-7585-2-0\"  class=\"panel-grid-cell\" ><div id=\"panel-7585-2-0-0\" class=\"so-panel widget widget_black-studio-tinymce widget_black_studio_tinymce panel-first-child\" data-index=\"3\" ><h3 class=\"widget-title\">Preise:<\/h3><div class=\"textwidget\"><hr \/>\n<p>Es gibt drei unterschiedlichen M\u00f6glichkeiten im Camp zu \u00fcbernachten<\/p>\n<ul>\n<li><i style=\"font-family: sans-serif; font-variant: normal; line-height: normal;\">Bush Chalets circa 2220 N$ pro Person und Nacht ( 2410 N$ als Einzelzimmer )<\/i><\/li>\n<li><i style=\"font-family: sans-serif; font-variant: normal; line-height: normal;\">Doppelzimmer f\u00fcr 19100 N$ ( 2100 N$ bei Belegung mit einer Person )<\/i><\/li>\n<li>Camp Site 450 N$<\/li>\n<\/ul>\n<\/div><\/div><div id=\"panel-7585-2-0-1\" class=\"so-panel widget widget_black-studio-tinymce widget_black_studio_tinymce\" data-index=\"4\" ><h3 class=\"widget-title\">Kommunikation:<\/h3><div class=\"textwidget\"><div id=\"id4\" class=\"style_SkipStroke_4 shape-with-text\">\n<div class=\"text-content graphic_textbox_layout_style_default_External_138_130\">\n<div class=\"graphic_textbox_layout_style_default\">\n<hr \/>\n<p class=\"Caption\">Es muss ein Gutschein erworben werden um Zugang ins Internet zu erhalten. Besser geht es neuerdings (2022) \u00fcber das Mobilfunknetz. 65 N$ werden f\u00fcr 3GB aufgerufen und das Netz war ausreichend schnell.<\/p>\n<\/div>\n<\/div>\n<\/div>\n<\/div><\/div><div id=\"panel-7585-2-0-2\" class=\"so-panel widget widget_text\" data-index=\"5\" >\t\t\t<div class=\"textwidget\"><section class=\"parallax-section\">\n<div class=\"parallax-window\" data-z-index=\"1\" data-position-x=\"left\" data-parallax=\"scroll\" data-speed=\".3\" data-image-src=\"http:\/\/kruste.selfhost.me\/wordpress\/wp-content\/uploads\/2020\/11\/NAM_2190.jpg\" style=\"align-items: flex-start;min-height: 550px;\">\n<div class=\"parallax-container parallax-content\">\n<\/div>\n<\/div>\n<\/section>\n<\/div>\n\t\t<\/div><div id=\"panel-7585-2-0-3\" class=\"so-panel widget widget_black-studio-tinymce widget_black_studio_tinymce\" data-index=\"6\" ><h3 class=\"widget-title\">Anreise:<\/h3><div class=\"textwidget\"><hr \/>\n<p><span style=\"color: #000000;\">Vom \u00f6stlichen Eingang des Etosha National Park ( Lindequist-Tor ) ist Namutoni \u00fcber eine gut ausgebaute und asphaltierte Stra\u00dfe in 45 Minuten erreichbar. Die Strecke erscheint schon fast als langweilig jedoch sollte man sich an die H\u00f6chstgeschwindigkeit von 60 km\/h halten. Mit Gl\u00fcck sieht man schon bei der Anreise Hy\u00e4nen oder L\u00f6wen die Stra\u00dfe \u00fcberqueren und auf den Asphalt selbst krabbeln manchmal\u00a0sogar Cham\u00e4leons.<\/span><\/p>\n<p>&nbsp;<\/p>\n<\/div><\/div><div id=\"panel-7585-2-0-4\" class=\"so-panel widget widget_black-studio-tinymce widget_black_studio_tinymce\" data-index=\"7\" ><h3 class=\"widget-title\">Meine Reisezeiten:<\/h3><div class=\"textwidget\"><hr \/>\n<ul>\n<li>Juli 2016<\/li>\n<li>Januar 2018<\/li>\n<li>Oktober 2021<\/li>\n<li>Oktober 2022<\/li>\n<\/ul>\n<\/div><\/div><div id=\"panel-7585-2-0-5\" class=\"so-panel widget widget_black-studio-tinymce widget_black_studio_tinymce\" data-index=\"8\" ><h3 class=\"widget-title\">Das Wetter:<\/h3><div class=\"textwidget\"><hr \/>\n<p class=\"paragraph_style\">Juli 2016<\/p>\n<ul>\n<li>Blauer Himmel und keine Wolke am Himmel. Es wehte teilwiese ein k\u00fchler Wind.<\/li>\n<\/ul>\n<p>Januar 2018<\/p>\n<ul>\n<li>Sch\u00f6ne Wolkenfelder und von Zeit zu Zeit starker Regen.<\/li>\n<\/ul>\n<p>Oktober 2021<\/p>\n<ul>\n<li>Klarer Himmel und Temperaturen um die 30\u00b0C. Am dritten Tag zogen Wolken auf k\u00fcndigten Regen an, der danach auch einsetzte.<\/li>\n<\/ul>\n<p>Oktober 2022<\/p>\n<ul>\n<li>Eine Kopie von 2021 inklusive des Regens.<\/li>\n<\/ul>\n<\/div><\/div><div id=\"panel-7585-2-0-6\" class=\"so-panel widget widget_black-studio-tinymce widget_black_studio_tinymce\" data-index=\"9\" ><h3 class=\"widget-title\">Zimmer:<\/h3><div class=\"textwidget\"><hr \/>\n<ul>\n<li><i style=\"font-family: sans-serif;\">\u00dcbernachtet haben wir\u00a0<\/i><span style=\"font-family: sans-serif;\"><i>jeweils<\/i><\/span><i style=\"font-family: sans-serif;\">\u00a0in einem der sch\u00f6nen Bush Chalets. Die Zimmer sind riesig und das \u00fcber eine Treppe zu erreichende Badezimmer ist modern und sauber. Eine K\u00fcche fehlt aber\u00a0<\/i><span style=\"font-family: sans-serif;\"><i>leider<\/i><\/span><i style=\"font-family: sans-serif;\"><\/i><i style=\"font-family: sans-serif;\">\u00a0auch hier.\u00a0<\/i>So sch\u00f6n wie die Zimmer auch sind, die Au\u00dfenanlage\u00a0<i style=\"font-family: sans-serif;\">bedarf dringen mehr Pflege. Die Weg zu den Bungalows bestehen nur aus kaputten Betonplatten und eine richtige Stra\u00dfe zur Anfahrt such man vergeblich. Wie schade, es k\u00f6nnte so sch\u00f6n sein.<\/i><\/li>\n<li>Der Campingplatz ist recht eng und man sollte sich mit seinen Nachbarn gut verstehen. Jeder Stellplatz ist mit 220V Stromversorgung ausgestattet und ein Wasseranschluss ist in der N\u00e4he. Die Anzahl der Waschr\u00e4ume ist sehr begrenzt.<\/li>\n<\/ul>\n<\/div><\/div><div id=\"panel-7585-2-0-7\" class=\"so-panel widget widget_black-studio-tinymce widget_black_studio_tinymce\" data-index=\"10\" ><div class=\"textwidget\"><p><img loading=\"lazy\" decoding=\"async\" class=\"aligncenter size-full wp-image-7587\" src=\"http:\/\/kruste.selfhost.me\/wordpress\/wp-content\/uploads\/2020\/11\/NAM_1952.jpg\" alt=\"\" width=\"1024\" height=\"622\" srcset=\"http:\/\/kruste.selfhost.me\/wordpress\/wp-content\/uploads\/2020\/11\/NAM_1952.jpg 1024w, http:\/\/kruste.selfhost.me\/wordpress\/wp-content\/uploads\/2020\/11\/NAM_1952-300x182.jpg 300w, http:\/\/kruste.selfhost.me\/wordpress\/wp-content\/uploads\/2020\/11\/NAM_1952-150x91.jpg 150w, http:\/\/kruste.selfhost.me\/wordpress\/wp-content\/uploads\/2020\/11\/NAM_1952-768x467.jpg 768w\" sizes=\"auto, (max-width: 1024px) 100vw, 1024px\" \/><\/p>\n<\/div><\/div><div id=\"panel-7585-2-0-8\" class=\"so-panel widget widget_black-studio-tinymce widget_black_studio_tinymce\" data-index=\"11\" ><h3 class=\"widget-title\">K\u00fcche \/ Restaurant:<\/h3><div class=\"textwidget\"><hr \/>\n<p>Das Fr\u00fchst\u00fcck ist inklusive und recht einfach, es entspricht dem Standard der NWR Camps. Da es keine Alternative gib, kommt man um diese Verpflegung nicht herum.<\/p>\n<p>Selbes gilt f\u00fcr das Abendbrot und hier vermisst man die K\u00fcchenzeile auf dem Zimmer umso mehr. Gl\u00fcck, wenn man mit dem eigenen Camper unterwegs ist.<\/p>\n<\/div><\/div><div id=\"panel-7585-2-0-9\" class=\"so-panel widget widget_black-studio-tinymce widget_black_studio_tinymce\" data-index=\"12\" ><h3 class=\"widget-title\">Personal:<\/h3><div class=\"textwidget\"><hr \/>\n\n<span style=\"color: #000000;\">Ich kann die teilweise schlechten Kommentare im Netz nicht best\u00e4tigen. OK, die Angestellten an der Tageskasse, welche den Parkeintritt kassieren, sind von Zeit zu Zeit etwas gelangweilt aber hier helfen wie so oft eine kalte Cola und ein paar warme Worte.<\/span>\n\nDie Mitarbeiter an der Tankstelle sind sehr hilfsbereit und unterst\u00fctzen wo sie k\u00f6nnen. Ob es die defekte Batterie oder der platte Reifen war, eine L\u00f6sung wurde immer gefunden ( DANKE ).\n\nAuf Nachfrage wird im Restaurant sogar ein Geburtstagskuchen gebacken und wenn die Angestellten ein St\u00fcck abbekommen, ist die Freude doppelt so gro\u00df.\n\n&nbsp;\n\n&nbsp;<\/div><\/div><div id=\"panel-7585-2-0-10\" class=\"so-panel widget widget_black-studio-tinymce widget_black_studio_tinymce panel-last-child\" data-index=\"13\" ><h3 class=\"widget-title\">Aktivit\u00e4ten:<\/h3><div class=\"textwidget\"><hr \/>\n<ul>\n<li><span style=\"color: #000000;\">Die Fischers Pan ist ein Rundfahrt wert und mit Gl\u00fcck gibt es dort Geparden vor die Kamera. Das \"Klein Namutoni\" Wasserloch sollte morgens nach L\u00f6wen und dem dort ans\u00e4ssigen Leoparden abgesucht werden und wer kein Gl\u00fcck hatte macht sich auf in Richtung Chudop, da klappt es bestimmt.<\/span><\/li>\n<li><span style=\"color: #000000;\">Wer nicht gleich auf Pirschfahrt gehen m\u00f6chte genie\u00dft den Sonnenaufgang vom Fort aus und sollte man diesen verpasst haben, hat man zum Sonnenuntergang noch einmal die M\u00f6glichkeit. Leider war der Aussichtsturm im Jahr 2021 gesperrt.<\/span><\/li>\n<\/ul>\n<\/div><\/div><\/div><\/div><div id=\"pg-7585-3\"  class=\"panel-grid panel-no-style\" ><div id=\"pgc-7585-3-0\"  class=\"panel-grid-cell\" ><div id=\"panel-7585-3-0-0\" class=\"so-panel widget widget_black-studio-tinymce widget_black_studio_tinymce panel-first-child\" data-index=\"14\" ><h3 class=\"widget-title\">Klartext:<\/h3><div class=\"textwidget\"><hr \/>\n<p><span style=\"color: #000000;\"><span style=\"caret-color: #000000;\">Das Camp liegt wirklich sch\u00f6n und das alte Fort ist der Hingucker, doch leider verf\u00e4llt alles von Jahr zu Jahr mehr.<\/span><\/span><\/p>\n<p>Die Qualit\u00e4t der Speisen im Restaurant entspricht leider nicht meinem Geschmack doch eine Alternative, leider Fehlanzeige. Ein privater Betreiber im alten Fort w\u00e4re ein Traum und ich hoffe, dieser wird sich irgendwann einmal finden.<\/p>\n<p>Am Wasserloch habe ich noch nicht viel Zeit verbracht. Der Sonnenuntergang auf dem Aussichtsturm ist einfach zu sch\u00f6n und tags\u00fcber kamen nie sehr viele Tiere ans Wasserloch.<\/p>\n<p>Eventuell war ich ja auch nur immer zur falschen Zeit dort.<\/p>\n<p>Der kleine Shop im Camp bietet ausser leeren Regalen nicht viel. Besser alles was ben\u00f6tigt wird selber mitbringen.<\/p>\n<p>&nbsp;<\/p>\n<p>&nbsp;<\/p>\n<\/div><\/div><div id=\"panel-7585-3-0-1\" class=\"so-panel widget widget_black-studio-tinymce widget_black_studio_tinymce panel-last-child\" data-index=\"15\" ><div class=\"textwidget\"><p><img loading=\"lazy\" decoding=\"async\" class=\"aligncenter size-full wp-image-7589\" src=\"http:\/\/kruste.selfhost.me\/wordpress\/wp-content\/uploads\/2020\/11\/NAM_1873.jpg\" alt=\"\" width=\"1024\" height=\"425\" srcset=\"http:\/\/kruste.selfhost.me\/wordpress\/wp-content\/uploads\/2020\/11\/NAM_1873.jpg 1024w, http:\/\/kruste.selfhost.me\/wordpress\/wp-content\/uploads\/2020\/11\/NAM_1873-300x125.jpg 300w, http:\/\/kruste.selfhost.me\/wordpress\/wp-content\/uploads\/2020\/11\/NAM_1873-150x62.jpg 150w, http:\/\/kruste.selfhost.me\/wordpress\/wp-content\/uploads\/2020\/11\/NAM_1873-768x319.jpg 768w\" sizes=\"auto, (max-width: 1024px) 100vw, 1024px\" \/><\/p>\n<\/div><\/div><\/div><\/div><\/div>","protected":false},"excerpt":{"rendered":"<p>letztes Update von 10\/2022 Das Namutoni Camp befindet sich im \u00f6stlichen Teil des Etosha National Park und ist in gut 45 Minuten vom\u00a0Lindequist erreichbar. Gepr\u00e4gt<\/p>\n","protected":false},"author":1,"featured_media":0,"parent":834,"menu_order":0,"comment_status":"closed","ping_status":"closed","template":"","meta":{"footnotes":""},"class_list":["post-7585","page","type-page","status-publish","hentry"],"_links":{"self":[{"href":"http:\/\/kruste.selfhost.me\/wordpress\/index.php?rest_route=\/wp\/v2\/pages\/7585","targetHints":{"allow":["GET"]}}],"collection":[{"href":"http:\/\/kruste.selfhost.me\/wordpress\/index.php?rest_route=\/wp\/v2\/pages"}],"about":[{"href":"http:\/\/kruste.selfhost.me\/wordpress\/index.php?rest_route=\/wp\/v2\/types\/page"}],"author":[{"embeddable":true,"href":"http:\/\/kruste.selfhost.me\/wordpress\/index.php?rest_route=\/wp\/v2\/users\/1"}],"replies":[{"embeddable":true,"href":"http:\/\/kruste.selfhost.me\/wordpress\/index.php?rest_route=%2Fwp%2Fv2%2Fcomments&post=7585"}],"version-history":[{"count":1,"href":"http:\/\/kruste.selfhost.me\/wordpress\/index.php?rest_route=\/wp\/v2\/pages\/7585\/revisions"}],"predecessor-version":[{"id":7590,"href":"http:\/\/kruste.selfhost.me\/wordpress\/index.php?rest_route=\/wp\/v2\/pages\/7585\/revisions\/7590"}],"up":[{"embeddable":true,"href":"http:\/\/kruste.selfhost.me\/wordpress\/index.php?rest_route=\/wp\/v2\/pages\/834"}],"wp:attachment":[{"href":"http:\/\/kruste.selfhost.me\/wordpress\/index.php?rest_route=%2Fwp%2Fv2%2Fmedia&parent=7585"}],"curies":[{"name":"wp","href":"https:\/\/api.w.org\/{rel}","templated":true}]}}