{"id":7674,"date":"2020-11-19T15:44:05","date_gmt":"2020-11-19T13:44:05","guid":{"rendered":"http:\/\/kruste.selfhost.me\/wordpress\/?page_id=7674"},"modified":"2023-07-25T07:26:34","modified_gmt":"2023-07-25T05:26:34","slug":"blog-2017-suedafrika-nr-3-3-2-2-2","status":"publish","type":"page","link":"http:\/\/kruste.selfhost.me\/wordpress\/?page_id=7674","title":{"rendered":"BLOG 2020 (Mit einem Land Rover Defender in den Caprivi Streifen Namibias)"},"content":{"rendered":"<div id=\"pl-7674\"  class=\"panel-layout\" ><div id=\"pg-7674-0\"  class=\"panel-grid panel-no-style\" ><div id=\"pgc-7674-0-0\"  class=\"panel-grid-cell\" ><div id=\"panel-7674-0-0-0\" class=\"so-panel widget panel-first-child\" data-index=\"0\" ><\/div><div id=\"panel-7674-0-0-1\" class=\"so-panel widget widget_black-studio-tinymce widget_black_studio_tinymce panel-last-child\" data-index=\"1\" ><div class=\"textwidget\"><div class=\"article-main-content\">\n<div class=\"article-content\">\n<div class=\"article-main-content\">\n<div class=\"article-content\">\n<p><span style=\"text-decoration: underline;\"><strong>Die Reisedaten<\/strong><\/span><\/p>\n<p>19.11.2020<\/p>\n<ul>\n<li>Flug:\u00a0Hannover - Windhuk \u00a0<span style=\"color: #99cc00;\">(M)<\/span><\/li>\n<\/ul>\n<p>&nbsp;<\/p>\n<p>20.11.2020 bis 21.11.2020<\/p>\n<ul>\n<li>Mount Etjo \u00a0<span style=\"color: #99cc00;\">(B)<\/span><\/li>\n<\/ul>\n<p>&nbsp;<\/p>\n<p><span style=\"color: #99cc00;\"><span style=\"color: #333333;\">21.11.2020 bis 22.112020<\/span><br \/>\n<\/span><\/p>\n<ul>\n<li>Olifantrus Camp Etosha\u00a0<span style=\"color: #99cc00;\">(C)<\/span><\/li>\n<\/ul>\n<p>&nbsp;<\/p>\n<p>22.11.2020 bis 25.11.2020<\/p>\n<ul>\n<li><span style=\"color: #99cc00;\"><span style=\"color: #000000;\">Dolomite Lodge Etosha <span style=\"color: #99cc00;\">(D)<\/span><\/span><br \/>\n<\/span><\/li>\n<\/ul>\n<p>&nbsp;<\/p>\n<p>25.11.2020 bis 27.11.2020<\/p>\n<ul>\n<li>Okaukuejo \u00a0Etosha\u00a0<span style=\"color: #99cc00;\">(E)<\/span><\/li>\n<\/ul>\n<p>&nbsp;<\/p>\n<p>27.11.2020 bis 29.11. 2020<\/p>\n<ul>\n<li>Onkoshi Etosha<span style=\"color: #99cc00;\">\u00a0(F)<\/span><\/li>\n<\/ul>\n<p>&nbsp;<\/p>\n<p>29.11.2020 bis 30.11.2020<\/p>\n<ul>\n<li>Nkwazi Lodge \u00a0<span style=\"color: #99cc00;\">(G)<\/span><\/li>\n<\/ul>\n<p>&nbsp;<\/p>\n<p>30.11.2020 bis 03.12.2020<\/p>\n<ul>\n<li>Shametu River Lodge (<span style=\"color: #99cc00;\">\u00a0H)<\/span><\/li>\n<\/ul>\n<p>&nbsp;<\/p>\n<p>03.12.2020 bis 05.12.2020<\/p>\n<ul>\n<li>Nambwa Camp\u00a0<span style=\"color: #99cc00;\">(I)<\/span><\/li>\n<\/ul>\n<\/div>\n<p>&nbsp;<\/p>\n<div class=\"article-content\">\n<p>05.12.2020 bis 06.12.2020<\/p>\n<ul>\n<li>Mavunje Camping<\/li>\n<\/ul>\n<p>&nbsp;<\/p>\n<p>06.12.2020 bis 08.12.2020<\/p>\n<ul>\n<li>Nkasa Lupala Lodge\u00a0<span style=\"color: #99cc00;\">(J)<\/span><\/li>\n<\/ul>\n<p>&nbsp;<\/p>\n<p>08.12.2020 bis 1o.12.2020<\/p>\n<ul>\n<li>Nambwa Camping\u00a0<span style=\"color: #99cc00;\">(I)<\/span><\/li>\n<\/ul>\n<p>&nbsp;<\/p>\n<p>10.12.2020 bis 11.12.2020<\/p>\n<ul>\n<li>Shametu River Lodge <span style=\"color: #99cc00;\">(H<\/span><span style=\"color: #99cc00;\">)<\/span><\/li>\n<\/ul>\n<p>&nbsp;<\/p>\n<p>11.12.2020 bis 12.12.2020<\/p>\n<ul>\n<li>Ghaub Camping <span style=\"color: #99cc00;\">(K)<\/span><\/li>\n<\/ul>\n<p>&nbsp;<\/p>\n<p>12.12.2020 bis 13.12.2020<\/p>\n<ul>\n<li>Car &amp; Park Windhuk <span style=\"color: #99cc00;\">(M)<\/span><\/li>\n<\/ul>\n<p>&nbsp;<\/p>\n<p>13.12.2020<\/p>\n<ul>\n<li>R\u00fcckflug Windhuk - Frankfurt. Bahnfahrt Frankfurt Hannover<\/li>\n<\/ul>\n<p>&nbsp;<\/p><\/div>\n<\/div>\n<\/div>\n<\/div>\n<\/div><\/div><\/div><div id=\"pgc-7674-0-1\"  class=\"panel-grid-cell\" ><div id=\"panel-7674-0-1-0\" class=\"so-panel widget widget_origin_button panel-first-child panel-last-child\" data-index=\"2\" ><div class=\"origin-widget origin-widget-button origin-widget-button-simple-black align-right\"><a href=\"https:\/\/kruste.selfhost.me\/wordpress\/?page_id=8118\" \ntarget=\"_blank\" rel=\"noopener noreferrer\">\n\tReiseroute<\/a>\n<\/div><\/div><\/div><\/div><div id=\"pg-7674-1\"  class=\"panel-grid panel-no-style\" ><div id=\"pgc-7674-1-0\"  class=\"panel-grid-cell\" ><div id=\"panel-7674-1-0-0\" class=\"so-panel widget widget_black-studio-tinymce widget_black_studio_tinymce panel-first-child panel-last-child\" data-index=\"3\" ><h3 class=\"widget-title\">Die Ausgangslage<\/h3><div class=\"textwidget\"><div class=\"article-main-content\">\n<div class=\"article-content\">\n<p>Die Pandemie hat uns alle fest im\u00a0Griff und\u00a0trotzdem wage ich die Reise nach Namibia.<\/p>\n<p>Eigentlich sollte es eine 3 w\u00f6chige Tour durch den Kruger Park werden, jedoch musste ich diese sehr kurzfristig absagen aber der Reihe nach.<\/p>\n<p>Die Corona Fallzahlen bewegten sich in Deutschland Mitte September weiter Bergab und langsam \u00f6ffnete sich \"meine\" Reisewelt wieder einwenig. S\u00fcdafrika erlaubte die Einreise f\u00fcr Deutsche Staatsb\u00fcrger und auch Namibia zeigte sich offen f\u00fcr Touristen aus aller Welt. Kurzerhand entschloss ich mich f\u00fcr eine Reise ins s\u00fcdliche Afrika und buchte einen Flug mit Lufthansa von Hannover nach Johannesburg. Die Lufthansa hatte ich mit Bedacht gew\u00e4hlt, da mir die Querelen mit KLM noch in Erinnerung waren und die R\u00fcckerstattung meiner Kosten, auch 8 Monate nach dem Flugausfall im M\u00e4rz, nicht erfolgte.<\/p>\n<p>Das Angebot der Lufthansa war gut und eine Umbuchung kostenfrei m\u00f6glich, perfekt gebucht.<\/p>\n<p>Leider zeigte sich die Airline sehr variabel, was die best\u00e4tigten Fl\u00fcge betraf. Fast w\u00f6chentlich gab es Flugverschiebungen, welche jedoch alle im Rahmen blieben. Doch pl\u00f6tzlich \u00e4nderte sich der R\u00fcckflug um 24 Stunden und der neue Termin passte mir leider nicht. Die Reise musste ich nun um circa 5 Wochen verschieben.<\/p>\n<p>Ich freute mich jetzt \u00fcber viele und sch\u00f6ne freie Unterk\u00fcnfte im Kruger Park und malte mir in Gedanken schon meine t\u00e4glichen Fahrstrecken im Park aus. Sunset Dam, Lake Panic und die S100 ohne wie sch\u00f6n.<\/p>\n<p>Doch pl\u00f6tzlich erreichte mich die Nachricht einer High Risk Area Liste, welche die S\u00fcdafrikanische Regierung erstellte um Urlaubern aus bestimmten L\u00e4ndern die Einreise zu verweigern. Zum Gl\u00fcck stand Deutschland nicht auf dieser Liste und ich war guter Dinge. Doch meine Freude hielt nicht lange an. Die Covid Fallzahlen stiegen in Deutschland steil an und schon stand \"Good old Germany\" auf der Liste. L\u00e4nder wie \u00d6sterreich oder die Schweiz ( mit deutlich mehr Covid F\u00e4llen ) wurde von der Liste gestrichen und ich musste meine Reise stornieren, da mir zu diesem Zeitpunkt noch nicht bekannt war dass es die Liste 3 Wochen sp\u00e4ter nicht mehr geben w\u00fcrde. \u00a0Was soll's, ich buchte einen Flug nach Namibia.<\/p>\n<p>Die Umbuchung \u00fcber die Hotline der Lufthansa war leider etwas komplizierter als versprochen ( Buchungsklassen mussten eingehalten werden ) aber letztendlich hat alles Funktioniert. Ich freute mich \u00fcber gute Flugverbindungen und einen g\u00fcnstigen Preis aber das sollte nur kurz so bleiben. Auch bei diesen Fl\u00fcgen zeigte sich die Lufthansa flexibel. Aus einem 3 Stunden Stopp in Frankfurt wurden auf dem Hinweg 9 Stunden und der R\u00fcckflug von Frankfurt nach Hannover wurde um einen ganzen Tag verschoben. Ich buchte jetzt ein Rail&amp;Fly Ticket dazu und wartet auf die Teilerstattung des Flugpreis.<\/p><\/div>\n<p>&nbsp;<\/p><\/div>\n<p>&nbsp;<\/p>\n<div class=\"article-main-content\">\n<h2 class=\"posttitle icon\"><\/h2>\n<\/div>\n<\/div><\/div><\/div><\/div><\/div>","protected":false},"excerpt":{"rendered":"<p>Die Reisedaten 19.11.2020 Flug:\u00a0Hannover &#8211; Windhuk \u00a0(M) &nbsp; 20.11.2020 bis 21.11.2020 Mount Etjo \u00a0(B) &nbsp; 21.11.2020 bis 22.112020 Olifantrus Camp Etosha\u00a0(C) &nbsp; 22.11.2020 bis 25.11.2020<\/p>\n","protected":false},"author":1,"featured_media":6936,"parent":6671,"menu_order":0,"comment_status":"closed","ping_status":"closed","template":"","meta":{"footnotes":""},"class_list":["post-7674","page","type-page","status-publish","has-post-thumbnail","hentry"],"_links":{"self":[{"href":"http:\/\/kruste.selfhost.me\/wordpress\/index.php?rest_route=\/wp\/v2\/pages\/7674","targetHints":{"allow":["GET"]}}],"collection":[{"href":"http:\/\/kruste.selfhost.me\/wordpress\/index.php?rest_route=\/wp\/v2\/pages"}],"about":[{"href":"http:\/\/kruste.selfhost.me\/wordpress\/index.php?rest_route=\/wp\/v2\/types\/page"}],"author":[{"embeddable":true,"href":"http:\/\/kruste.selfhost.me\/wordpress\/index.php?rest_route=\/wp\/v2\/users\/1"}],"replies":[{"embeddable":true,"href":"http:\/\/kruste.selfhost.me\/wordpress\/index.php?rest_route=%2Fwp%2Fv2%2Fcomments&post=7674"}],"version-history":[{"count":3,"href":"http:\/\/kruste.selfhost.me\/wordpress\/index.php?rest_route=\/wp\/v2\/pages\/7674\/revisions"}],"predecessor-version":[{"id":7686,"href":"http:\/\/kruste.selfhost.me\/wordpress\/index.php?rest_route=\/wp\/v2\/pages\/7674\/revisions\/7686"}],"up":[{"embeddable":true,"href":"http:\/\/kruste.selfhost.me\/wordpress\/index.php?rest_route=\/wp\/v2\/pages\/6671"}],"wp:featuredmedia":[{"embeddable":true,"href":"http:\/\/kruste.selfhost.me\/wordpress\/index.php?rest_route=\/wp\/v2\/media\/6936"}],"wp:attachment":[{"href":"http:\/\/kruste.selfhost.me\/wordpress\/index.php?rest_route=%2Fwp%2Fv2%2Fmedia&parent=7674"}],"curies":[{"name":"wp","href":"https:\/\/api.w.org\/{rel}","templated":true}]}}