{"id":7709,"date":"2020-12-28T15:20:09","date_gmt":"2020-12-28T13:20:09","guid":{"rendered":"http:\/\/kruste.selfhost.me\/wordpress\/?page_id=7709"},"modified":"2023-10-25T16:33:40","modified_gmt":"2023-10-25T14:33:40","slug":"okambara-elephant-lodge-region-windhoek-2-2","status":"publish","type":"page","link":"http:\/\/kruste.selfhost.me\/wordpress\/?page_id=7709","title":{"rendered":"Shametu River Lodge (Region Caprivi Streifen)"},"content":{"rendered":"<div id=\"pl-7709\"  class=\"panel-layout\" ><div id=\"pg-7709-0\"  class=\"panel-grid panel-no-style\" ><div id=\"pgc-7709-0-0\"  class=\"panel-grid-cell\" ><div id=\"panel-7709-0-0-0\" class=\"so-panel widget widget_text panel-first-child panel-last-child\" data-index=\"0\" >\t\t\t<div class=\"textwidget\"><p>letztes Update von 10\/2022<\/p>\n<\/div>\n\t\t<\/div><\/div><\/div><div id=\"pg-7709-1\"  class=\"panel-grid panel-no-style\" ><div id=\"pgc-7709-1-0\"  class=\"panel-grid-cell\" ><div id=\"panel-7709-1-0-0\" class=\"so-panel widget widget_black-studio-tinymce widget_black_studio_tinymce panel-first-child panel-last-child\" data-index=\"1\" ><div class=\"textwidget\"><div class=\"style_SkipStroke_2 shape-with-text flowDefining\">\n<div class=\"text-content style_External_485_494\">\n<div class=\"style\"><span style=\"color: #000000;\">\u00a0<\/span><\/div>\n<div class=\"style\">\n<div class=\"style\">\n<hr \/>\n<p>&nbsp;<\/p>\n<p style=\"color: #919191;\"><span style=\"color: #000000;\">Direkt am Okavango gelegen bietet die <a href=\"https:\/\/www.shameturiverlodge.com\" target=\"_blank\" rel=\"noopener\">Shametu River Lodge<\/a>\u00a0den Blick auf die Popa F\u00e4lle, welche ich aber nicht als Highlight meiner Reise bezeichnen w\u00fcrde. Anders jedoch die Shametu ( Der Ort an dem die Orangen wachsen ) River Lodge selbst. Der Blick auf den Fluss, die N\u00e4he zu den Wildreservaten Mahango und Buffalo oder die spektakul\u00e4ren Sonnenunterg\u00e4nge machen einen Aufenthalt hier zum Erlebnis. Die Unterkunft ist sauber, gepflegt und gut erreichbar. Ein 4x4 Fahrzeug ist nicht erforderlich jedoch bei Fahrten in die angrenzenden Naturschutzgebiete von Vorteil bzw. in der Regenzeit ein Muss.<\/span><\/p>\n<p>Aufgrund der Corona Pandemie im Jahr 2020 habe ich den Besuch eines lokalen Dorfes nicht unternommen. Ich werde die Gastfreundschaft der Bev\u00f6lkerung bei meinem n\u00e4chsten Aufenthalt aber sicher auskosten und freue mich schon jetzt auf die Eindr\u00fccke.<\/p>\n<p>&nbsp;<\/p>\n<hr \/>\n<p>&nbsp;<\/p><\/div>\n<\/div>\n<\/div>\n<\/div>\n<\/div><\/div><\/div><div id=\"pgc-7709-1-1\"  class=\"panel-grid-cell\" ><div id=\"panel-7709-1-1-0\" class=\"so-panel widget widget_black-studio-tinymce widget_black_studio_tinymce panel-first-child panel-last-child\" data-index=\"2\" ><div class=\"textwidget\"><p><img loading=\"lazy\" decoding=\"async\" class=\"aligncenter size-full wp-image-7706\" src=\"http:\/\/kruste.selfhost.me\/wordpress\/wp-content\/uploads\/2020\/12\/JEI6574.jpg\" alt=\"\" width=\"666\" height=\"1024\" srcset=\"http:\/\/kruste.selfhost.me\/wordpress\/wp-content\/uploads\/2020\/12\/JEI6574.jpg 666w, http:\/\/kruste.selfhost.me\/wordpress\/wp-content\/uploads\/2020\/12\/JEI6574-195x300.jpg 195w, http:\/\/kruste.selfhost.me\/wordpress\/wp-content\/uploads\/2020\/12\/JEI6574-98x150.jpg 98w, http:\/\/kruste.selfhost.me\/wordpress\/wp-content\/uploads\/2020\/12\/JEI6574-500x768.jpg 500w\" sizes=\"auto, (max-width: 666px) 100vw, 666px\" \/><\/p>\n<\/div><\/div><\/div><\/div><div id=\"pg-7709-2\"  class=\"panel-grid panel-no-style\" ><div id=\"pgc-7709-2-0\"  class=\"panel-grid-cell\" ><div id=\"panel-7709-2-0-0\" class=\"so-panel widget widget_black-studio-tinymce widget_black_studio_tinymce panel-first-child\" data-index=\"3\" ><h3 class=\"widget-title\">Preise:<\/h3><div class=\"textwidget\"><hr \/>\n<p><span style=\"color: #000000;\"><i style=\"font-family: sans-serif; font-variant: normal; line-height: normal;\">\u00dcbernachtung ( Nov 2020 )<\/i><\/span><\/p>\n<ul>\n<li><span style=\"color: #000000;\">Camping 150 N$<\/span><\/li>\n<li>Tented Chalet 1420 N$ ( p.P )<\/li>\n<li>Chalets 1420 N$ (p.P) Special Price zur Corona Zeit 800 N$<\/li>\n<\/ul>\n<p>&nbsp;<\/p>\n<p>Sundowner Bootstour 335 N$<\/p>\n<p>Game Drive ab 500 N$<\/p>\n<\/div><\/div><div id=\"panel-7709-2-0-1\" class=\"so-panel widget widget_black-studio-tinymce widget_black_studio_tinymce\" data-index=\"4\" ><h3 class=\"widget-title\">Kommunikation:<\/h3><div class=\"textwidget\"><div id=\"id4\" class=\"style_SkipStroke_4 shape-with-text\">\n<div class=\"text-content graphic_textbox_layout_style_default_External_138_130\">\n<div class=\"graphic_textbox_layout_style_default\">\n<hr \/>\n<p class=\"Caption\"><span style=\"color: #000000;\">WLAN und Mobilfunknetz sind vorhanden jedoch ist die Verf\u00fcgbarkeit nicht immer gegeben. Starke Regenf\u00e4lle oder Stromausf\u00e4lle tragen zu den Ausf\u00e4llen ihren Teil bei.<\/span><\/p>\n<\/div>\n<\/div>\n<\/div>\n<\/div><\/div><div id=\"panel-7709-2-0-2\" class=\"so-panel widget widget_text\" data-index=\"5\" >\t\t\t<div class=\"textwidget\"><section class=\"parallax-section\">\n<div class=\"parallax-window\" data-z-index=\"1\" data-position-x=\"left\" data-parallax=\"scroll\" data-speed=\".3\" data-image-src=\"http:\/\/kruste.selfhost.me\/wordpress\/wp-content\/uploads\/2020\/12\/COS_8223.jpg\" style=\"align-items: flex-start;min-height: 550px;\">\n<div class=\"parallax-container parallax-content\">\n<\/div>\n<\/div>\n<\/section>\n<\/div>\n\t\t<\/div><div id=\"panel-7709-2-0-3\" class=\"so-panel widget widget_black-studio-tinymce widget_black_studio_tinymce\" data-index=\"6\" ><h3 class=\"widget-title\">Anreise:<\/h3><div class=\"textwidget\"><hr \/>\n<p style=\"color: #919191;\"><span style=\"color: #000000;\">Mit dem Auto ab Rundu \u00fcber die kerzengerade B8 bis Divundu ( circa 200 Kilometer ). Hier rechts auf die C48 und nach gut 6 Kilometern f\u00fchrt ein kleiner Weg links in Richtung Okavango.<\/span><\/p>\n<\/div><\/div><div id=\"panel-7709-2-0-4\" class=\"so-panel widget widget_black-studio-tinymce widget_black_studio_tinymce\" data-index=\"7\" ><h3 class=\"widget-title\">Meine Reisezeiten:<\/h3><div class=\"textwidget\"><hr \/>\n<ul>\n<li>Dezember 2020<\/li>\n<li>Oktober 2021<\/li>\n<li>Oktober 2022<\/li>\n<\/ul>\n<p class=\"paragraph_style\">\n<\/p><\/div><\/div><div id=\"panel-7709-2-0-5\" class=\"so-panel widget widget_black-studio-tinymce widget_black_studio_tinymce\" data-index=\"8\" ><h3 class=\"widget-title\">Das Wetter:<\/h3><div class=\"textwidget\"><hr \/>\n<p class=\"paragraph_style\">Dezember 2020<\/p>\n<ul>\n<li>\n<p style=\"color: #919191;\"><span style=\"color: #000000;\">30\u00b0C mit leichter Bew\u00f6lkung. Gegen Abend kurze Regenschauer. Am Tag vor meiner Anreise tobte ein heftiges Gewitter, welches f\u00fcr \u00fcberschwemmte Wege und einen Stromausfall sorgte.<\/span><\/p>\n<\/li>\n<\/ul>\n<p>Oktober 2021<\/p>\n<ul>\n<li>Leicht bew\u00f6lkter Himmel und 30\u00b0C<\/li>\n<\/ul>\n<p>Oktober 2022<\/p>\n<ul>\n<li>siehe 2021. Genauso sch\u00f6n \ud83d\ude09<\/li>\n<\/ul>\n<\/div><\/div><div id=\"panel-7709-2-0-6\" class=\"so-panel widget widget_black-studio-tinymce widget_black_studio_tinymce\" data-index=\"9\" ><h3 class=\"widget-title\">Zimmer:<\/h3><div class=\"textwidget\"><hr \/>\n<p style=\"color: #919191;\"><span style=\"color: #000000;\">Camping:<\/span><\/p>\n<ul>\n<li style=\"color: #919191;\"><span style=\"color: #000000;\">Ein sauberer Stellplatz mit eigener Dusche \/ Toilette sowie eigenem Grill und \u00fcberdachtem K\u00fcchen Arbeitsbereich. Strom und Wasseranschluss sind vorhanden.\n<p><\/p><\/span><\/li>\n<\/ul>\n<p>Chalets:<\/p>\n<ul>\n<li>Gro\u00dfer Bungalow direkt am Okavango mit sch\u00f6nem Blick auf den Flu\u00df. Bequemes Doppelbett mit Moskitonetz und Wasserkocher f\u00fcr den morgendlichen Kaffee. Mir fehlte eigentlich nur der K\u00fchlschrank aber das ist Jammern auf hohem Niveau.<\/li>\n<\/ul>\n<p>&nbsp;<\/p>\n<p>&nbsp;<\/p>\n<p style=\"color: #919191;\">\n<\/p><\/div><\/div><div id=\"panel-7709-2-0-7\" class=\"so-panel widget widget_black-studio-tinymce widget_black_studio_tinymce\" data-index=\"10\" ><div class=\"textwidget\"><p><img loading=\"lazy\" decoding=\"async\" class=\"aligncenter size-full wp-image-7715\" src=\"http:\/\/kruste.selfhost.me\/wordpress\/wp-content\/uploads\/2020\/12\/JEI9045-scaled.jpg\" alt=\"\" width=\"2560\" height=\"1037\" srcset=\"http:\/\/kruste.selfhost.me\/wordpress\/wp-content\/uploads\/2020\/12\/JEI9045-scaled.jpg 2560w, http:\/\/kruste.selfhost.me\/wordpress\/wp-content\/uploads\/2020\/12\/JEI9045-300x122.jpg 300w, http:\/\/kruste.selfhost.me\/wordpress\/wp-content\/uploads\/2020\/12\/JEI9045-1024x415.jpg 1024w, http:\/\/kruste.selfhost.me\/wordpress\/wp-content\/uploads\/2020\/12\/JEI9045-150x61.jpg 150w, http:\/\/kruste.selfhost.me\/wordpress\/wp-content\/uploads\/2020\/12\/JEI9045-768x311.jpg 768w, http:\/\/kruste.selfhost.me\/wordpress\/wp-content\/uploads\/2020\/12\/JEI9045-1536x622.jpg 1536w, http:\/\/kruste.selfhost.me\/wordpress\/wp-content\/uploads\/2020\/12\/JEI9045-2048x830.jpg 2048w\" sizes=\"auto, (max-width: 2560px) 100vw, 2560px\" \/><\/p>\n<\/div><\/div><div id=\"panel-7709-2-0-8\" class=\"so-panel widget widget_black-studio-tinymce widget_black_studio_tinymce\" data-index=\"11\" ><h3 class=\"widget-title\">K\u00fcche \/ Restaurant:<\/h3><div class=\"textwidget\"><hr \/>\n<p style=\"color: #919191;\"><span style=\"color: #000000;\">Am Abend k\u00f6nnen die Gerichte \u00e0 la Carte ausgew\u00e4hlt werden oder man entscheidet sich f\u00fcr ein drei G\u00e4nge Men\u00fc. Hier besteht zus\u00e4tzlich eine Auswahl aus drei angebotenen Hauptspeisen, wobei mir der Fisch sehr gut geschmeckt hat.<\/span><\/p>\n<p style=\"color: #919191;\"><span style=\"color: #000000;\">Die Preise waren moderat und es hat sich eigentlich nicht gelohnt den eigenen Grill zu befeuern.<\/span><\/p>\n<\/div><\/div><div id=\"panel-7709-2-0-9\" class=\"so-panel widget widget_black-studio-tinymce widget_black_studio_tinymce\" data-index=\"12\" ><h3 class=\"widget-title\">Personal:<\/h3><div class=\"textwidget\"><hr \/>\n\n<span style=\"color: #000000;\"><span style=\"caret-color: #000000;\">Bedienung, Guides aber auch die Besitzer sind sehr freundlich und unterst\u00fctzen wo es geht. Seien es Tipps f\u00fcr die nahegelegenen Wildreservate, Hilfe bei dem defekten Fahrzeug oder der gem\u00fctliche Plausch bei Sundowner, mir wurde gerne geholfen und ich f\u00fchlte mich sehr gut aufgehoben.<\/span><\/span>\n\n&nbsp;<\/div><\/div><div id=\"panel-7709-2-0-10\" class=\"so-panel widget widget_black-studio-tinymce widget_black_studio_tinymce\" data-index=\"13\" ><h3 class=\"widget-title\">Aktivit\u00e4ten:<\/h3><div class=\"textwidget\"><hr \/>\n<ul>\n<li><span style=\"color: #000000;\"><span style=\"caret-color: #000000;\">Die N\u00e4he zum Flu\u00df genie\u00dfen<\/span><\/span><\/li>\n<li><span style=\"color: #000000;\"><span style=\"caret-color: #000000;\"> Sundowner River Boat Tour\u00a0<\/span><\/span><\/li>\n<li>der Besuch der Reservate Mahango und Buffalo<\/li>\n<\/ul>\n<\/div><\/div><div id=\"panel-7709-2-0-11\" class=\"so-panel widget widget_black-studio-tinymce widget_black_studio_tinymce\" data-index=\"14\" ><h3 class=\"widget-title\">Mahango National Park:<\/h3><div class=\"textwidget\"><hr \/>\n<p>Das kleine und nur 245 km\u00b2 Naturschutzgebiet liegt \u00f6stlich vom Okavango River und ist von der Shametu River Lodge in circa 20 Minuten zu erreichen. Die Anfahrt f\u00fchrt zu Beginn \u00fcber die asphaltierte C48 bis diese in eine Schotter Stra\u00dfe \u00fcbergeht. Diese Piste f\u00fchrt im weiteren Verlauf zur Grenzstation Mohembo ( Botswana ).<\/p>\n<p>Der Mahango National Park gliedert sich in die Bereiche rechts und links der Hauptstrasse auf und beide Teile sind nur \u00fcber eine Stra\u00dfe befahrbar. Das war es mit dem Park \ud83d\ude09<\/p>\n<p>Die Stra\u00dfe auf der Fluss zugewandten Seite ist befestigt und auch ohne 4x4 Fahrzeug gut zu befahren. Es gibt zwei kleine Ausbuchtungen, bei denen man bis an das \u00dcberschwemmungsgebiet fahren kann. Zu meiner Reisezeit war das Wasser noch nicht an den Ausbuchtungen angekommen aber der Wasserstand stiegt stetig an. Dieser Teil des Parks bot viele Antilopen, Zebras, Giraffen, Paviane und Warzenschweine. Bei meinem letzten Besuch hatte ich das Gl\u00fcck, eine sehr gro\u00dfe Herde von sicher 200 und mehr Elefanten bewundern zu d\u00fcrfen. Das war beeindruckend.<\/p>\n<p>Durch den andere Teil des Reservats f\u00fchrt ein kleiner und unbefestigter Weg, welcher nach st\u00e4rkeren Regenf\u00e4llen nur mit einem 4x4 befahrbar ist. Die Wasserl\u00f6cher waren zum Teil so tief, dass der Weg durch den Busch gew\u00e4hlt werden musste. Mit meinem Land Rover Defender war das kein Problem aber am Vortag haben andere G\u00e4ste die Fahrt abgebrochen. Jeder muss hier selbst seine Grenzen kennen oder halt kennenlernen.<\/p>\n<p>Der Weg an sich, f\u00fchrt zu einem k\u00fcnstlich angelegtem Wasserloch welches in gut 45 Minuten zu erreichen ist. Von hier f\u00fchrt die Strecke weiter zur\u00fcck zur Hauptstrasse, jedoch erh\u00e4lt der Besucher an Gate die Anweisung \/ den Ratschlag am Wasserloch zu wenden und den selben Weg zur\u00fcckzufahren. Ich bin noch circa 20 Minuten weiter durch den Busch gefahren und empfand die Streck nicht als reizvoll.<\/p>\n<p>Sonst bot dieser Teil des Mahango National Park mehr Abenteuer. Rappenantilopen, Zebras, Marabu, Schildkr\u00f6ten, B\u00fcffel und Impalas durfte ich bewundern nur der ans\u00e4ssige Leopard zeigte sich leider nicht.<\/p>\n<p>Alles in Allem hat mir das Reservat gut gefallen aber man darf nicht zu viel verlangen. Die beiden befahrbaren Stra\u00dfen sind vorgegeben und die Dauer des Aufenthalts ist somit begrenzt. Wer 5 Stunden f\u00fcr den Aufenthalt einplant ist sicher gut beraten, ausser er f\u00e4hrt sich im Matsch fest.<\/p>\n<p>Was mich bei allen Reservaten im Bwabwata National Park gest\u00f6rt hat, waren die \u00d6ffnungszeiten von 06:00 - 18:00 Uhr. Durch ein kleines Trinkgeld konnten diese zwar immer um 30 Minuten erweitert werden, was zwar f\u00fcr einen Sonnenaufgang im Park reichte jedoch nie f\u00fcr den traumhaften Sonnenuntergang. Wirklich schade, denn die Farben am Himmel waren immer grandios.<\/p>\n<p>Eintrittspreis 50 N$ inklusive einer Brosch\u00fcre mit Stra\u00dfenkarte.<\/p>\n<p>&nbsp;<\/p>\n<p>&nbsp;<\/p>\n<\/div><\/div><div id=\"panel-7709-2-0-12\" class=\"so-panel widget widget_black-studio-tinymce widget_black_studio_tinymce\" data-index=\"15\" ><h3 class=\"widget-title\">Buffalo National Park:<\/h3><div class=\"textwidget\"><hr \/>\n<p>Dieser Park ist mit seinen 630 km\u00b2 schon ein St\u00fcck gr\u00f6\u00dfer als der Mahango National Park und das Wegenetz ist etwas verzweigter. Der Park liegt auf der westlichen Seite des Okavango und die Anfahrt von der Shametu Lodge dauerte circa 35 Minuten. Die Strecken im Park f\u00fchren teilweise durch dichten Busch und Nah an die \u00dcberflutungsgebiete des Flusses. Ein SUV ist dringend erforderlich aber ich rate zu einem 4x4 Fahrzeug. Wer sich fr\u00fch am Morgen auf Pirschfahrt begibt, sollte die alte Milit\u00e4rstation genauer unter die Lupe nehmen. Hier hatte ich bei jedem Besuch Begegnungen mit L\u00f6wen und zu meiner Freude auch eine L\u00f6win mit ihrem Nachwuchs.<\/p>\n<p>Es macht einfach Spa\u00df, die Wege in den \u00dcberflutungsgebieten zu fahren und dabei gro\u00dfen Herden von B\u00fcffeln zu begegnen und auch die Fahrt durch den dichten Busch ist aufregend, da die Wege nicht immer deutlich zu erkennen sind.<\/p>\n<p>Noch ein kleiner Tipp: Gleich am Anfang des Parks geht es rechts zu alten verfallenen Geb\u00e4uden. Hier soll sich ein Leopard aufhalten, der sich aber leider gut versteckt. Ich habe ihn nicht gefunden.<\/p>\n<p>Auch im Buffalo Reservat konnten die \u00d6ffnungszeiten durch ein kleines Trinkgeld um 30 Minuten erweitert werden, was jedoch beding durch den weiteren Anfahrtsweg ab der Shametu River Lodge, zu Fahrten in der Dunkelheit f\u00fchrte. Nicht ohne Risiko bei den vielen Tieren auf der Stra\u00dfe und leider tragen die Menschen hier kaum Kleidung mit Reflektoren.<\/p>\n<p>&nbsp;<\/p>\n<p>Eintrittspreis 50 N$ inklusive einer Brosch\u00fcre mit Stra\u00dfenkarte.<\/p>\n<\/div><\/div><div id=\"panel-7709-2-0-13\" class=\"so-panel widget widget_black-studio-tinymce widget_black_studio_tinymce panel-last-child\" data-index=\"16\" ><h3 class=\"widget-title\">Tipps:<\/h3><div class=\"textwidget\"><hr \/>\n<ul>\n<li><span style=\"color: #000000;\">Bootsfahrt auf dem Okavango<\/span><\/li>\n<li>Besuch des Buffalo Nationalpark am Morgen ( Sichtung von L\u00f6wen sehr wahrscheinlich )<\/li>\n<li>Mahango Nationalpark gegen Abend besuchen um den hier ans\u00e4ssigen Leoparden zu finden<\/li>\n<li>Sonnenuntergang auf dem Okavango oder in der Lodge genie\u00dfen<\/li>\n<\/ul>\n<\/div><\/div><\/div><\/div><div id=\"pg-7709-3\"  class=\"panel-grid panel-no-style\" ><div id=\"pgc-7709-3-0\"  class=\"panel-grid-cell\" ><div id=\"panel-7709-3-0-0\" class=\"so-panel widget widget_black-studio-tinymce widget_black_studio_tinymce panel-first-child\" data-index=\"17\" ><h3 class=\"widget-title\">Sicherheit:<\/h3><div class=\"textwidget\"><hr \/>\n<p class=\"paragraph_style\">Die Anlage wird bewacht und ein Nachtw\u00e4chter schaut nach dem Rechten. Aber auch ohne diesen h\u00e4tte ich keine Bef\u00fcrchtungen haben m\u00fcssen.<\/p>\n<p>Bei meinem Aufenthalt im Oktober 2022 habe ich eine Familie getroffen, die auf einer Campsite nahe der Shametu River Lodge \u00fcberfallen und ausgeraubt wurde.<\/p>\n<p>Die Anwesenheit des Sicherheitspersonal beruhigte mich jetzt doch und ich sehe die Shametu River Lodge als einen sehr sichern Platz in dieser Region, an dem man ohne Bedenken \u00fcbernachten kann.<\/p>\n<\/div><\/div><div id=\"panel-7709-3-0-1\" class=\"so-panel widget widget_black-studio-tinymce widget_black_studio_tinymce\" data-index=\"18\" ><h3 class=\"widget-title\">Klartext:<\/h3><div class=\"textwidget\"><hr \/>\n<p style=\"color: #919191;\"><span style=\"color: #000000;\">Die beiden Reservate ( Mahango und Buffalo ) sind nicht mit dem Etosha oder Kr\u00fcger Nationalpark vergleichbar. Wer sich jedoch Zeit nimmt, wird mit tollen Tiersichtungen belohnt. Die \u00d6ffnungszeiten der Parks habe ich schon angesprochen und ich empfinde diese als sehr ungl\u00fccklich.\u00a0<\/span><\/p>\n<\/div><\/div><div id=\"panel-7709-3-0-2\" class=\"so-panel widget widget_black-studio-tinymce widget_black_studio_tinymce panel-last-child\" data-index=\"19\" ><div class=\"textwidget\"><p><img loading=\"lazy\" decoding=\"async\" class=\"aligncenter size-full wp-image-7712\" src=\"http:\/\/kruste.selfhost.me\/wordpress\/wp-content\/uploads\/2020\/12\/shametu.jpg\" alt=\"\" width=\"1024\" height=\"366\" srcset=\"http:\/\/kruste.selfhost.me\/wordpress\/wp-content\/uploads\/2020\/12\/shametu.jpg 1024w, http:\/\/kruste.selfhost.me\/wordpress\/wp-content\/uploads\/2020\/12\/shametu-300x107.jpg 300w, http:\/\/kruste.selfhost.me\/wordpress\/wp-content\/uploads\/2020\/12\/shametu-150x54.jpg 150w, http:\/\/kruste.selfhost.me\/wordpress\/wp-content\/uploads\/2020\/12\/shametu-768x275.jpg 768w\" sizes=\"auto, (max-width: 1024px) 100vw, 1024px\" \/><\/p>\n<\/div><\/div><\/div><\/div><\/div>","protected":false},"excerpt":{"rendered":"<p>letztes Update von 10\/2022 \u00a0 &nbsp; Direkt am Okavango gelegen bietet die Shametu River Lodge\u00a0den Blick auf die Popa F\u00e4lle, welche ich aber nicht als<\/p>\n","protected":false},"author":1,"featured_media":0,"parent":7701,"menu_order":0,"comment_status":"closed","ping_status":"closed","template":"","meta":{"footnotes":""},"class_list":["post-7709","page","type-page","status-publish","hentry"],"_links":{"self":[{"href":"http:\/\/kruste.selfhost.me\/wordpress\/index.php?rest_route=\/wp\/v2\/pages\/7709","targetHints":{"allow":["GET"]}}],"collection":[{"href":"http:\/\/kruste.selfhost.me\/wordpress\/index.php?rest_route=\/wp\/v2\/pages"}],"about":[{"href":"http:\/\/kruste.selfhost.me\/wordpress\/index.php?rest_route=\/wp\/v2\/types\/page"}],"author":[{"embeddable":true,"href":"http:\/\/kruste.selfhost.me\/wordpress\/index.php?rest_route=\/wp\/v2\/users\/1"}],"replies":[{"embeddable":true,"href":"http:\/\/kruste.selfhost.me\/wordpress\/index.php?rest_route=%2Fwp%2Fv2%2Fcomments&post=7709"}],"version-history":[{"count":1,"href":"http:\/\/kruste.selfhost.me\/wordpress\/index.php?rest_route=\/wp\/v2\/pages\/7709\/revisions"}],"predecessor-version":[{"id":7710,"href":"http:\/\/kruste.selfhost.me\/wordpress\/index.php?rest_route=\/wp\/v2\/pages\/7709\/revisions\/7710"}],"up":[{"embeddable":true,"href":"http:\/\/kruste.selfhost.me\/wordpress\/index.php?rest_route=\/wp\/v2\/pages\/7701"}],"wp:attachment":[{"href":"http:\/\/kruste.selfhost.me\/wordpress\/index.php?rest_route=%2Fwp%2Fv2%2Fmedia&parent=7709"}],"curies":[{"name":"wp","href":"https:\/\/api.w.org\/{rel}","templated":true}]}}