{"id":777,"date":"2014-11-10T14:53:21","date_gmt":"2014-11-10T13:53:21","guid":{"rendered":"http:\/\/kruste.selfhost.me\/wordpress\/?page_id=777"},"modified":"2021-03-13T09:30:33","modified_gmt":"2021-03-13T07:30:33","slug":"region-johannesburg","status":"publish","type":"page","link":"http:\/\/kruste.selfhost.me\/wordpress\/?page_id=777","title":{"rendered":"Region Johannesburg"},"content":{"rendered":"<div id=\"pl-777\"  class=\"panel-layout\" ><div id=\"pg-777-0\"  class=\"panel-grid panel-no-style\" ><div id=\"pgc-777-0-0\"  class=\"panel-grid-cell\" ><div id=\"panel-777-0-0-0\" class=\"so-panel widget widget_black-studio-tinymce widget_black_studio_tinymce panel-first-child\" data-index=\"0\" ><div class=\"textwidget\"><hr \/>\n<p>&nbsp;<\/p>\n<\/div><\/div><div id=\"panel-777-0-0-1\" class=\"so-panel widget widget_text panel-last-child\" data-index=\"1\" >\t\t\t<div class=\"textwidget\"><p>\nAktuelle Zeit in Johannesburg:  23:08 Uhr<br \/>\nZeitzone:  SAST<br \/>\nDie Wettervorhersage f\u00fcr die n\u00e4chsten drei Tage: <\/p>\n<\/div>\n\t\t<\/div><\/div><div id=\"pgc-777-0-1\"  class=\"panel-grid-cell\" ><div id=\"panel-777-0-1-0\" class=\"so-panel widget widget_black-studio-tinymce widget_black_studio_tinymce panel-first-child panel-last-child\" data-index=\"2\" ><div class=\"textwidget\"><p><i><\/i><\/p>\n<div class='weather-atlas-wrapper' style='background:#FFB600;border:1px solid #eea500;color:#fff;'>\n<div class='weather-atlas-header' style='border-bottom:1px solid #eea500'>Johannesburg, ZA<\/div>\n<div class='weather-atlas-body'>\n<div class='current_horizontal'>\n<div class='current_temp'><i class='wi wi-fw wi-weather-11'><\/i><span class='temp'>14\u00b0<\/span>\n<div class='current_text'>Leichter Regenschauer<\/div>\n<div class='sunrise_sunset'>06:25<i class='wi wi-fw wi-weather-32'><\/i>17:48 SAST<\/div>\n<\/div>\n<p><span class='current_text_2'>Gef\u00fchlt: 13<small>\u00b0C<\/small><br \/>Wind: 14<small>km\/h<\/small> NW<br \/>Feuchtigkeit: 95<small>%<\/small><br \/>Druck: 1019.98<small>mbar<\/small><br \/>UV-Index: 0<\/span><\/p><\/div>\n<div class='hourly hours' style='border-bottom:1px solid #eea500'><span class='extended_hour extended_hour_1'>23<small>h<\/small><\/span><span class='extended_hour extended_hour_2'>0<small>h<\/small><\/span><span class='extended_hour extended_hour_3'>1<small>h<\/small><\/span><span class='extended_hour extended_hour_4'>2<small>h<\/small><\/span><span class='extended_hour extended_hour_5'>3<small>h<\/small><\/span><\/div>\n<div class='hourly'><span class='extended_hour extended_hour_1' title='Teilweise Bew\u00f6lkt'>14<small>\u00b0C<\/small><br \/><i class='wi wi-fw wi-weather-29'><\/i><\/span><span class='extended_hour extended_hour_2' title='Stark Bew\u00f6lkt'>14<small>\u00b0C<\/small><br \/><i class='wi wi-fw wi-weather-27'><\/i><\/span><span class='extended_hour extended_hour_3' title='Stark Bew\u00f6lkt'>15<small>\u00b0C<\/small><br \/><i class='wi wi-fw wi-weather-27'><\/i><\/span><span class='extended_hour extended_hour_4' title='Stark Bew\u00f6lkt'>15<small>\u00b0C<\/small><br \/><i class='wi wi-fw wi-weather-27'><\/i><\/span><span class='extended_hour extended_hour_5' title='Stark Bew\u00f6lkt'>14<small>\u00b0C<\/small><br \/><i class='wi wi-fw wi-weather-27'><\/i><\/span><\/div>\n<div class='daily days' style='border-bottom:1px solid #eea500'><span class='extended_day extended_day_1'>Mo.<\/span><span class='extended_day extended_day_2'>Di.<\/span><span class='extended_day extended_day_3'>Mi.<\/span><\/div>\n<div class='daily'><span class='extended_day extended_day_1' title='Vorm. Schauer'>22<small>\u00b0C<\/small> \/ 13<small>\u00b0C<\/small><br \/><i class='wi wi-fw wi-weather-39'><\/i><\/span><span class='extended_day extended_day_2' title='Nachm. Schauer'>20<small>\u00b0C<\/small> \/ 13<small>\u00b0C<\/small><br \/><i class='wi wi-fw wi-weather-39'><\/i><\/span><span class='extended_day extended_day_3' title='Schauer'>18<small>\u00b0C<\/small> \/ 10<small>\u00b0C<\/small><br \/><i class='wi wi-fw wi-weather-11'><\/i><\/span><\/div>\n<\/div>\n<div class='weather-atlas-footer' style='border-top:1px solid #eea500'><a href='https:\/\/www.weather-atlas.com\/en\/south-africa\/johannesburg-climate' title='Johannesburg, ZA - Klima' style='color:#fff'><span class='weather-atlas-footer-block'>Johannesburg, ZA<\/span> klima &#9656;<\/a><\/div>\n<\/div>\n<p><\/p>\n<\/div><\/div><\/div><\/div><div id=\"pg-777-1\"  class=\"panel-grid panel-no-style\" ><div id=\"pgc-777-1-0\"  class=\"panel-grid-cell\" ><div id=\"panel-777-1-0-0\" class=\"so-panel widget widget_black-studio-tinymce widget_black_studio_tinymce panel-first-child\" data-index=\"3\" ><div class=\"textwidget\"><hr \/>\n<p>&nbsp;<\/p>\n<p>Johannesburg (eigentlich nur Joburg genannt), was habe ich \u00fcber diese Stadt nicht schon gelesen ?<br \/>\nNur gute Dinge waren es nie. Sehr hohe Kriminalit\u00e4t, h\u00e4\u00dflich und \"keinen Aufenthalt wert\" waren nur einige negative Punkte.<\/p>\n<p>Nachdem ich mich auf dem R\u00fcckweg vom Kruger Park zum Flughafen\u00a0<span style=\"color: #000000;\">O. R. Tambo\u00a0<\/span>einmal verfahren hatte und direkt in Joburg landete, wurde ich aber dennoch neugierig auf Joburg. Den zweiten Stopp in dieser Metropole mit gut 1.000.000 Einwohnern, wagte ich erneut vor einem R\u00fcckflug nach Europa. Ich hatte vor dem CheckIn noch reichlich Zeit und mir wurde ein Gesch\u00e4ft f\u00fcr afrikanische Kunst direkt im Stadtzentrum \u00a0empfohlen. Na gut, der erste Stopp war nicht so schlecht und auf ging es zur zweiten Tour.<\/p>\n<\/div><\/div><div id=\"panel-777-1-0-1\" class=\"so-panel widget widget_text\" data-index=\"4\" >\t\t\t<div class=\"textwidget\"><p><code><\/p>\n<section class=\"parallax-section\">\n<div class=\"parallax-window\" data-z-index=\"0\" data-position-x=\"left\" data-parallax=\"scroll\" data-speed=\".3\" data-image-src=\"http:\/\/kruste.selfhost.me\/wordpress\/wp-content\/uploads\/2021\/03\/SAF_5090.jpg\" style=\"align-items: flex-start;min-height: 550px;\">\n<div class=\"parallax-container parallax-content\">\n<\/div>\n<\/div>\n<\/section>\n<p><\/code><\/p>\n<\/div>\n\t\t<\/div><div id=\"panel-777-1-0-2\" class=\"so-panel widget widget_black-studio-tinymce widget_black_studio_tinymce panel-last-child\" data-index=\"5\" ><div class=\"textwidget\"><p>&nbsp;<\/p>\n<p>Johannesburg \u00fcberraschte mich mit vielen\u00a0Designerl\u00e4den in den zahlreichen Einkaufzentren und den doch recht hohen Preiesen f\u00fcr Kleidung und Mode (Ein Schn\u00e4ppchen lie\u00df sich hier nicht machen). Ein richtiges Stadtbild erkannte ich zwischen den gro\u00dfen Parkpl\u00e4tzen, Einkaufzentern und Autobahnen jedoch nicht und die Verkehrsf\u00fchrung war eine Katastrophe. Ohne aktuelles Navigationsger\u00e4t geht in Joburg f\u00fcr mich nichts, doch ein Vorteil in dem Chaos ist die Bezahlung der Mautgeb\u00fchr. Diese wird direkt abgebucht und sp\u00e4ter von der Mietwagenfirma eingezogen. Etwas weniger Chaos in dem Gewirr von Autobahnen.<\/p>\n<p>Aufgefallen sind mir bei meinen Besuchen die viele gut gekleidete Personen in den Shopping-Zentren und der Unterschied zwischen arm und reich macht sich deutlich bemerkbar. Es gibt Bereiche in dieser Stadt, in denen \u00f6ffnete ich nicht mein Autofenster und die Stra\u00dfenverk\u00e4ufer wirkten sehr unseri\u00f6s um es einmal freundlich auszudr\u00fccken. Auf der anderen Seite fuhren viele Aston Martin, BMW und Jaguar durch die Stra\u00dfen, da\u00df Geld oft keine Rolle mehr spielen kann.<\/p>\n<p>Wie in jeder gro\u00dfen Stadt gibt es auch in Johannesburg solche und solche Ecken. H\u00e4lt man sich in den richtigen Bereichen auf, ist alles OK und richtig unwohl, wie zum Beispiel in Manila, habe ich mich nicht gef\u00fchlt.<\/p>\n<p>Bei einer meiner n\u00e4chsten Reise nach S\u00fcdafrilka\u00a0lag die R\u00fcckflugzeit\u00a0so ung\u00fcnstig, dass eine \u00dcbernachtung in Johannesburg notwendig wurde. Zuf\u00e4llig lief noch ein Bericht \u00fcber den \"L\u00f6wenmann\" im deutschen Fernsehn\u00a0und diesen Typen musste ich einmal sehen. Somit war auch der dritte Stopp in Joburg geplannt und es war ein sehr interessanter Aufenthalt.<\/p>\n<p>Mein Fazit \u00fcber diese Stadt: Aushalten kann man es in den richtigen Ecken gut. Es gibt viel zu sehen, sch\u00f6ne Einkaufscenter und sehr gute Restaurants. Johannesburg ist einen Stopp Wert aber einen kompletten Urlaub, wie zum Beispiel in Kapstadt, w\u00fcrde ich hier nicht planen.<\/p>\n<\/div><\/div><\/div><\/div><\/div>","protected":false},"excerpt":{"rendered":"<p>&nbsp; &nbsp; Johannesburg (eigentlich nur Joburg genannt), was habe ich \u00fcber diese Stadt nicht schon gelesen ? Nur gute Dinge waren es nie. Sehr hohe<\/p>\n","protected":false},"author":1,"featured_media":0,"parent":108,"menu_order":0,"comment_status":"closed","ping_status":"closed","template":"","meta":{"footnotes":""},"class_list":["post-777","page","type-page","status-publish","hentry"],"_links":{"self":[{"href":"http:\/\/kruste.selfhost.me\/wordpress\/index.php?rest_route=\/wp\/v2\/pages\/777","targetHints":{"allow":["GET"]}}],"collection":[{"href":"http:\/\/kruste.selfhost.me\/wordpress\/index.php?rest_route=\/wp\/v2\/pages"}],"about":[{"href":"http:\/\/kruste.selfhost.me\/wordpress\/index.php?rest_route=\/wp\/v2\/types\/page"}],"author":[{"embeddable":true,"href":"http:\/\/kruste.selfhost.me\/wordpress\/index.php?rest_route=\/wp\/v2\/users\/1"}],"replies":[{"embeddable":true,"href":"http:\/\/kruste.selfhost.me\/wordpress\/index.php?rest_route=%2Fwp%2Fv2%2Fcomments&post=777"}],"version-history":[{"count":1,"href":"http:\/\/kruste.selfhost.me\/wordpress\/index.php?rest_route=\/wp\/v2\/pages\/777\/revisions"}],"predecessor-version":[{"id":2141,"href":"http:\/\/kruste.selfhost.me\/wordpress\/index.php?rest_route=\/wp\/v2\/pages\/777\/revisions\/2141"}],"up":[{"embeddable":true,"href":"http:\/\/kruste.selfhost.me\/wordpress\/index.php?rest_route=\/wp\/v2\/pages\/108"}],"wp:attachment":[{"href":"http:\/\/kruste.selfhost.me\/wordpress\/index.php?rest_route=%2Fwp%2Fv2%2Fmedia&parent=777"}],"curies":[{"name":"wp","href":"https:\/\/api.w.org\/{rel}","templated":true}]}}