{"id":7773,"date":"2021-03-14T20:06:33","date_gmt":"2021-03-14T18:06:33","guid":{"rendered":"http:\/\/kruste.selfhost.me\/wordpress\/?page_id=7773"},"modified":"2021-03-15T20:12:11","modified_gmt":"2021-03-15T18:12:11","slug":"region-upington-kgalagadi-transfrontier-park-2-2","status":"publish","type":"page","link":"http:\/\/kruste.selfhost.me\/wordpress\/?page_id=7773","title":{"rendered":"Teil Nossob (Kgalagadi Transfrontier Park)"},"content":{"rendered":"<div id=\"pl-7773\"  class=\"panel-layout\" ><div id=\"pg-7773-0\"  class=\"panel-grid panel-no-style\" ><div id=\"pgc-7773-0-0\"  class=\"panel-grid-cell\" ><div id=\"panel-7773-0-0-0\" class=\"so-panel widget widget_black-studio-tinymce widget_black_studio_tinymce panel-first-child\" data-index=\"0\" ><div class=\"textwidget\"><hr \/>\n<p>\u00a0<\/p>\n<\/div><\/div><div id=\"panel-7773-0-0-1\" class=\"so-panel widget widget_text panel-last-child\" data-index=\"1\" >\t\t\t<div class=\"textwidget\"><p>\nAktuelle Zeit in Upington:  4:19 Uhr<br \/>\nZeitzone:  SAST<br \/>\nDie Wettervorhersage f\u00fcr die n\u00e4chsten drei Tage: <\/p>\n<\/div>\n\t\t<\/div><\/div><div id=\"pgc-7773-0-1\"  class=\"panel-grid-cell\" ><div id=\"panel-7773-0-1-0\" class=\"so-panel widget widget_black-studio-tinymce widget_black_studio_tinymce panel-first-child panel-last-child\" data-index=\"2\" ><div class=\"textwidget\"><p><i><\/i><\/p>\n<div class='weather-atlas-wrapper' style='background:#FFA000;border:1px solid #ee8f00;color:#fff;'>\n<div class='weather-atlas-header' style='border-bottom:1px solid #ee8f00'>Upington, ZA<\/div>\n<div class='weather-atlas-body'>\n<div class='current_horizontal'>\n<div class='current_temp'><i class='wi wi-fw wi-weather-33'><\/i><span class='temp'>17\u00b0<\/span>\n<div class='current_text'>Leicht<\/div>\n<div class='sunrise_sunset'>07:03<i class='wi wi-fw wi-weather-32'><\/i>18:00 SAST<\/div>\n<\/div>\n<p><span class='current_text_2'>Gef\u00fchlt: 16<small>\u00b0C<\/small><br \/>Wind: 14<small>km\/h<\/small> N<br \/>Feuchtigkeit: 88<small>%<\/small><br \/>Druck: 1015.24<small>mbar<\/small><br \/>UV-Index: 0<\/span><\/p><\/div>\n<div class='hourly hours' style='border-bottom:1px solid #ee8f00'><span class='extended_hour extended_hour_1'>5<small>h<\/small><\/span><span class='extended_hour extended_hour_2'>6<small>h<\/small><\/span><span class='extended_hour extended_hour_3'>7<small>h<\/small><\/span><span class='extended_hour extended_hour_4'>8<small>h<\/small><\/span><span class='extended_hour extended_hour_5'>9<small>h<\/small><\/span><\/div>\n<div class='hourly'><span class='extended_hour extended_hour_1' title='Teilweise Bew\u00f6lkt'>16<small>\u00b0C<\/small><br \/><i class='wi wi-fw wi-weather-29'><\/i><\/span><span class='extended_hour extended_hour_2' title='Stark Bew\u00f6lkt'>15<small>\u00b0C<\/small><br \/><i class='wi wi-fw wi-weather-27'><\/i><\/span><span class='extended_hour extended_hour_3' title='Stark Bew\u00f6lkt'>15<small>\u00b0C<\/small><br \/><i class='wi wi-fw wi-weather-27'><\/i><\/span><span class='extended_hour extended_hour_4' title='Stark Bew\u00f6lkt'>17<small>\u00b0C<\/small><br \/><i class='wi wi-fw wi-weather-28'><\/i><\/span><span class='extended_hour extended_hour_5' title='Teilweise Bew\u00f6lkt'>19<small>\u00b0C<\/small><br \/><i class='wi wi-fw wi-weather-30'><\/i><\/span><\/div>\n<div class='daily days' style='border-bottom:1px solid #ee8f00'><span class='extended_day extended_day_1'>Di.<\/span><span class='extended_day extended_day_2'>Mi.<\/span><span class='extended_day extended_day_3'>Do.<\/span><\/div>\n<div class='daily'><span class='extended_day extended_day_1' title='Teilweise Bew\u00f6lkt'>15<small>\u00b0C<\/small> \/ 6<small>\u00b0C<\/small><br \/><i class='wi wi-fw wi-weather-30'><\/i><\/span><span class='extended_day extended_day_2' title='Wolkig'>15<small>\u00b0C<\/small> \/ 7<small>\u00b0C<\/small><br \/><i class='wi wi-fw wi-weather-26'><\/i><\/span><span class='extended_day extended_day_3' title='Teilweise Bew\u00f6lkt'>18<small>\u00b0C<\/small> \/ 5<small>\u00b0C<\/small><br \/><i class='wi wi-fw wi-weather-30'><\/i><\/span><\/div>\n<\/div>\n<div class='weather-atlas-footer' style='border-top:1px solid #ee8f00'><a href='https:\/\/www.weather-atlas.com\/en\/south-africa\/upington-climate' title='Upington, ZA - Klima' style='color:#fff'><span class='weather-atlas-footer-block'>Upington, ZA<\/span> klima &#9656;<\/a><\/div>\n<\/div>\n<p><\/p>\n<\/div><\/div><\/div><\/div><div id=\"pg-7773-1\"  class=\"panel-grid panel-no-style\" ><div id=\"pgc-7773-1-0\"  class=\"panel-grid-cell\" ><div id=\"panel-7773-1-0-0\" class=\"so-panel widget widget_black-studio-tinymce widget_black_studio_tinymce panel-first-child\" data-index=\"3\" ><div class=\"textwidget\"><hr \/>\n<p>&nbsp;<\/p>\n<\/div><\/div><div id=\"panel-7773-1-0-1\" class=\"so-panel widget widget_black-studio-tinymce widget_black_studio_tinymce\" data-index=\"4\" ><div class=\"textwidget\"><p>Der Nossob ist, wie der Auob auch, ein Fluss welcher nur sehr selten Wasser f\u00fchrt. Nach meinen Recherchen im Netz, war dies das letzten Mal im Jahr 1989 der Fall.<br \/>\nDen Ursprung hat der Nossob unweit von Windhuk ( Hauptstadt Namibias ) und er f\u00fchrt am \"Unions End\" in den Kgalagadi Transfrontier Nationalpark (KTP). Der 740 km lange Fluss m\u00fcndet 50 km s\u00fcdlich von Twee Rivieren in den Molopo welcher wiederum in den Oranje fliesst.<\/p>\n<p>Im KTP zeigt er ein anderes Bild als der Auob aber es macht auch hier gro\u00dfen Spa\u00df auf Tiersuche zu gehen.<\/p>\n<p>Wer den KTP \u00fcber das Gate Twee Rivieren besucht und sich dann f\u00fcr die Tour entlang des Nossob entscheidet, der trifft zuerst auf das Wasserloch Leeuwdril. Ein sch\u00f6nes Wasserloch in den fr\u00fchen Morgenstunden und mit etwas Gl\u00fcck bekommt man hier schon die ersten L\u00f6wen zu sehen. Sollte dies nicht der Fall sein wird es nicht langweilig denn Lenner Falken nutzen den Bereich f\u00fcr die morgendliche Jagd auf Tauben, welche ihren Durst am Wasserloch stillen wollen.<\/p>\n<p>Warum auch immer hatte ich am folgenden Wasserloch (Rooiputs) noch nie gro\u00dfes Gl\u00fcck, obwohl der nahe liegende Campingplatz fast schon eine L\u00f6wen Garantie bietet. Die L\u00f6wen streunen Nachts an den Zelten vorbei und beeindrucken<br \/>\nmit ihrem Gebr\u00fcll aber den Durst stillen sie dann wohl am 14 km entfernten Wasserloch Kij Kij. Dieses, an der D\u00fcnenstra\u00dfe liegende, Wasserloch macht einen sehr unscheinbaren Eindruck jedoch gibt es hier sehr oft L\u00f6wen und Geparden Sichtungen. Geduld zahlt sich hier aus und die Katzen nutzen mein Auto schon als Deckung bei der Jagd, sehr spannend.<\/p>\n<p>Der Rastplatz Melkvlei kommt nach weiteren 12 km und hier sollte man vor dem Besuch der Toilettenh\u00e4uschen nach Schlangen schauen. Zeitweise weisen Schilder von Besuchern auf die Gefahr hin, denn die Kapkobra ist nicht leicht zu erkennen.<\/p>\n<p>Die folgenden 70 km entlang des Nossob waren bei meinen Reisen noch nie sehr ergiebig, was die Tiersichtungen angeht. Interessant wird es dann wieder am Parkplatz Dikbaardskolk. Das hier ans\u00e4ssige L\u00f6wenrudel nutz den Schatten des Toilettenhaus gerne und der Tageshitze aus dem Weg zu gehen. Wer noch etwas Zeit hat sollte jetzt nicht direkt den Weg Richtung des Camp Nossob fahren sondern einen kurzen Abstecher zum Wasserloch Eland unternehmen. Hy\u00e4nen baden gerne in dem kleien Wasserloch aber das Objekt der Begierde ist eine kleine Leopardin, welche sich hier gerne aufh\u00e4lt. Ein sch\u00f6nes Tier welches keine Scheu vor den hier haltenden Fahrzeugen zeigt.<\/p>\n<p>Hat sich der kleine Ausflug zum Wasserloch geloht, f\u00e4hrt man entspannt zur\u00fcck und biegt links Richtung Camp Nossob ab. Die folgenden Wasserl\u00f6cher liegen meist recht weit entfernt von der Haltem\u00f6glichkeit entfernt und sch\u00f6ne Fotos sind mir hier noch nicht gelungen. Aber keine Panik die L\u00f6wen liegen oft direkt auf der kleine B\u00f6schung entlang der Fahrspur oder oft in der Spur selbst. Ein typischer Roadblocker.<\/p>\n<p>Das Wasserloch Kaspersdraai ist der n\u00e4chste H\u00f6hepunkt am Nossob. Hier liegen tags\u00fcber oft L\u00f6wen im Schatten und mit Gl\u00fcck zeigt sich am fr\u00fchen Morgen der ans\u00e4ssige Leopard. Wer jetzt noch Zeit hat, sollte nicht den direkten Weg ins Camp nehmen, sondern besser den kleinen Schlenker \u00fcber das Wasserloch Marie se draai nutzen um eventuell noch ein paar weitere L\u00f6wen vor die Kamera zu bekommen. Die Tiere liegen zeitweise direkt hinter dem kleinen Busch rechts neben des Wasserloch. Nicht leicht zu sehen aber sie sind oft dort.<\/p>\n<p>Kurz vor dem Camp bietet Rooikop in den fr\u00fchen Morgenstunden noch Chancen auf eine Braune Hy\u00e4ne.<\/p>\n<p>&nbsp;<\/p>\n<\/div><\/div><div id=\"panel-7773-1-0-2\" class=\"so-panel widget widget_text\" data-index=\"5\" >\t\t\t<div class=\"textwidget\"><p><code><\/p>\n<section class=\"parallax-section\">\n<div class=\"parallax-window\" data-z-index=\"0\" data-position-x=\"left\" data-parallax=\"scroll\" data-speed=\".3\" data-image-src=\"http:\/\/kruste.selfhost.me\/wordpress\/wp-content\/uploads\/2018\/01\/KZK_7328_web.jpg\" style=\"align-items: flex-start;min-height: 550px;\">\n<div class=\"parallax-container parallax-content\">\n<\/div>\n<\/div>\n<\/section>\n<p><\/code><\/p>\n<\/div>\n\t\t<\/div><div id=\"panel-7773-1-0-3\" class=\"so-panel widget widget_text panel-last-child\" data-index=\"6\" >\t\t\t<div class=\"textwidget\"><p>Viel Spa\u00df auf Eurer Reise in diesen Teil der Welt.<\/p>\n<p>&nbsp;<\/p>\n<p><img loading=\"lazy\" decoding=\"async\" class=\"wp-image-7052 alignleft\" src=\"http:\/\/kruste.selfhost.me\/wordpress\/wp-content\/uploads\/2019\/12\/unterschrift_grau-e1580541964981.jpg\" alt=\"\" width=\"207\" height=\"114\" srcset=\"http:\/\/kruste.selfhost.me\/wordpress\/wp-content\/uploads\/2019\/12\/unterschrift_grau-e1580541964981.jpg 464w, http:\/\/kruste.selfhost.me\/wordpress\/wp-content\/uploads\/2019\/12\/unterschrift_grau-e1580541964981-150x82.jpg 150w, http:\/\/kruste.selfhost.me\/wordpress\/wp-content\/uploads\/2019\/12\/unterschrift_grau-e1580541964981-300x165.jpg 300w\" sizes=\"auto, (max-width: 207px) 100vw, 207px\" \/><\/p>\n<\/div>\n\t\t<\/div><\/div><\/div><\/div>","protected":false},"excerpt":{"rendered":"<p>\u00a0 &nbsp; Der Nossob ist, wie der Auob auch, ein Fluss welcher nur sehr selten Wasser f\u00fchrt. Nach meinen Recherchen im Netz, war dies das<\/p>\n","protected":false},"author":1,"featured_media":0,"parent":7663,"menu_order":0,"comment_status":"closed","ping_status":"closed","template":"","meta":{"footnotes":""},"class_list":["post-7773","page","type-page","status-publish","hentry"],"_links":{"self":[{"href":"http:\/\/kruste.selfhost.me\/wordpress\/index.php?rest_route=\/wp\/v2\/pages\/7773","targetHints":{"allow":["GET"]}}],"collection":[{"href":"http:\/\/kruste.selfhost.me\/wordpress\/index.php?rest_route=\/wp\/v2\/pages"}],"about":[{"href":"http:\/\/kruste.selfhost.me\/wordpress\/index.php?rest_route=\/wp\/v2\/types\/page"}],"author":[{"embeddable":true,"href":"http:\/\/kruste.selfhost.me\/wordpress\/index.php?rest_route=\/wp\/v2\/users\/1"}],"replies":[{"embeddable":true,"href":"http:\/\/kruste.selfhost.me\/wordpress\/index.php?rest_route=%2Fwp%2Fv2%2Fcomments&post=7773"}],"version-history":[{"count":1,"href":"http:\/\/kruste.selfhost.me\/wordpress\/index.php?rest_route=\/wp\/v2\/pages\/7773\/revisions"}],"predecessor-version":[{"id":7774,"href":"http:\/\/kruste.selfhost.me\/wordpress\/index.php?rest_route=\/wp\/v2\/pages\/7773\/revisions\/7774"}],"up":[{"embeddable":true,"href":"http:\/\/kruste.selfhost.me\/wordpress\/index.php?rest_route=\/wp\/v2\/pages\/7663"}],"wp:attachment":[{"href":"http:\/\/kruste.selfhost.me\/wordpress\/index.php?rest_route=%2Fwp%2Fv2%2Fmedia&parent=7773"}],"curies":[{"name":"wp","href":"https:\/\/api.w.org\/{rel}","templated":true}]}}