{"id":7781,"date":"2021-03-16T19:01:30","date_gmt":"2021-03-16T17:01:30","guid":{"rendered":"http:\/\/kruste.selfhost.me\/wordpress\/?page_id=7781"},"modified":"2021-03-16T19:51:30","modified_gmt":"2021-03-16T17:51:30","slug":"the-overlook-upington-2","status":"publish","type":"page","link":"http:\/\/kruste.selfhost.me\/wordpress\/?page_id=7781","title":{"rendered":"Augrabies Falls National Park (Upington)"},"content":{"rendered":"<div id=\"pl-7781\"  class=\"panel-layout\" ><div id=\"pg-7781-0\"  class=\"panel-grid panel-no-style\" ><div id=\"pgc-7781-0-0\"  class=\"panel-grid-cell\" ><div id=\"panel-7781-0-0-0\" class=\"so-panel widget widget_black-studio-tinymce widget_black_studio_tinymce panel-first-child panel-last-child\" data-index=\"0\" ><div class=\"textwidget\"><hr \/>\n<p>Die Unterk\u00fcnfte im <a href=\"https:\/\/www.sanparks.org\/parks\/augrabies\/tourism\/availability.php\" target=\"_blank\" rel=\"noopener\">Augrabies Falls National Park<\/a> geh\u00f6ren zur Gruppe South African National Parks und k\u00f6nnen \u00fcber die SANPARK Website gebucht werden.<\/p>\n<p>Es gibt verschieden \u00dcbernachtungsm\u00f6glichkeiten angefangen vom einfachen Campingplatz bis zum sehr sch\u00f6nen und abseits gelegenen Gorge Cottage ( mein \u00dcbernachtungstipp ).<\/p>\n<p>Alle Zimmer ( au\u00dfer dem Gorge Cottage ) liegen in der N\u00e4he der Augrabie Falls und es macht Spa\u00df, den Sonnenauf\/ Untergang von dort zu bewundern. Die ganz Anlage wirk sehr gepflegt und ich bleibe hier gerne f\u00fcr 2 N\u00e4chte um einfach in der Gegen anzukommen. Es ist erholsam mit dem Auto durch den Park zu fahren und das beginnt schon an den zwei kleinen Wasserdurchfahrten kurz hinter dem Gate. Mit etwas Gl\u00fcck zeigt sich hier der Malachite Kingfisher, den ich in dieser Region nicht vermutet h\u00e4tte. Einzig die vielen Paviane, die morgens \u00fcber den Campingplatz patrouillieren, bed\u00fcrfen der erh\u00f6hten Aufmerksamkeit.<\/p>\n<p>Sonst gibt es keine gef\u00e4hrlichen Tiere im Park und Giraffe, Springbok, Zebra und Hartebeest sind die Besucher gewohnt. Es sollen Leoparden und Caracal gesehen worden sein aber so recht mag ich das nicht glauben, ich hatte zumindest noch nicht die Ehre.<\/p>\n<p>Die Anlage bietet 3 kleine Pools, Restaurant, Shop, Tankstelle sowie eine 24 Stunden verf\u00fcgbare 220V Stromversorgung. \u00a0Somit steht einem sch\u00f6nen Aufenthalt nichts im Weg.<\/p>\n<\/div><\/div><\/div><div id=\"pgc-7781-0-1\"  class=\"panel-grid-cell\" ><div id=\"panel-7781-0-1-0\" class=\"so-panel widget widget_black-studio-tinymce widget_black_studio_tinymce panel-first-child panel-last-child\" data-index=\"1\" ><div class=\"textwidget\"><p><img loading=\"lazy\" decoding=\"async\" class=\"size-full wp-image-7782 alignright\" src=\"http:\/\/kruste.selfhost.me\/wordpress\/wp-content\/uploads\/2021\/03\/NAM_6534.jpg\" alt=\"\" width=\"1349\" height=\"900\" srcset=\"http:\/\/kruste.selfhost.me\/wordpress\/wp-content\/uploads\/2021\/03\/NAM_6534.jpg 1349w, http:\/\/kruste.selfhost.me\/wordpress\/wp-content\/uploads\/2021\/03\/NAM_6534-300x200.jpg 300w, http:\/\/kruste.selfhost.me\/wordpress\/wp-content\/uploads\/2021\/03\/NAM_6534-1024x683.jpg 1024w, http:\/\/kruste.selfhost.me\/wordpress\/wp-content\/uploads\/2021\/03\/NAM_6534-150x100.jpg 150w, http:\/\/kruste.selfhost.me\/wordpress\/wp-content\/uploads\/2021\/03\/NAM_6534-768x512.jpg 768w, http:\/\/kruste.selfhost.me\/wordpress\/wp-content\/uploads\/2021\/03\/NAM_6534-272x182.jpg 272w\" sizes=\"auto, (max-width: 1349px) 100vw, 1349px\" \/><\/p>\n<\/div><\/div><\/div><\/div><div id=\"pg-7781-1\"  class=\"panel-grid panel-no-style\" ><div id=\"pgc-7781-1-0\"  class=\"panel-grid-cell\" ><div id=\"panel-7781-1-0-0\" class=\"so-panel widget widget_black-studio-tinymce widget_black_studio_tinymce panel-first-child\" data-index=\"2\" ><h3 class=\"widget-title\">Preise:<\/h3><div class=\"textwidget\"><hr \/>\n<ul>\n<li>Camp Site 300 Rand<\/li>\n<li>Chalet 1350 Rand<\/li>\n<li>Family Cottage 2200 Rand<\/li>\n<li>Gorge Cottage 2040 Rand<\/li>\n<\/ul>\n<\/div><\/div><div id=\"panel-7781-1-0-1\" class=\"so-panel widget widget_black-studio-tinymce widget_black_studio_tinymce\" data-index=\"3\" ><h3 class=\"widget-title\">Kommunikation:<\/h3><div class=\"textwidget\"><div id=\"id4\" class=\"style_SkipStroke_4 shape-with-text\">\n<div class=\"text-content graphic_textbox_layout_style_default_External_138_130\">\n<div class=\"graphic_textbox_layout_style_default\">\n<hr \/>\n<p class=\"Caption\">Handyempfang ist gegeben. WLAN ist nur im Bereich des Restaurant verf\u00fcgbar ( kostenpflichtig ).<\/p>\n<\/div>\n<\/div>\n<\/div>\n<\/div><\/div><div id=\"panel-7781-1-0-2\" class=\"so-panel widget widget_text\" data-index=\"4\" >\t\t\t<div class=\"textwidget\"><section class=\"parallax-section\">\n<div class=\"parallax-window\" data-z-index=\"1\" data-position-x=\"left\" data-parallax=\"scroll\" data-speed=\".3\" data-image-src=\"http:\/\/kruste.selfhost.me\/wordpress\/wp-content\/uploads\/2021\/03\/NAM_6465_1.jpg\" style=\"align-items: flex-start;min-height: 650px;\">\n<div class=\"parallax-container parallax-content\">\n<\/div>\n<\/div>\n<\/section>\n<\/div>\n\t\t<\/div><div id=\"panel-7781-1-0-3\" class=\"so-panel widget widget_black-studio-tinymce widget_black_studio_tinymce\" data-index=\"5\" ><h3 class=\"widget-title\">Anreise:<\/h3><div class=\"textwidget\"><hr \/>\n<p><span class=\"style_1\">Die Fahrt von Upington aus dauert circa 90 Minuten und f\u00fchrt \u00fcber die gut ausgebaute N14 \/ R359.<\/span><\/p>\n<\/div><\/div><div id=\"panel-7781-1-0-4\" class=\"so-panel widget widget_black-studio-tinymce widget_black_studio_tinymce\" data-index=\"6\" ><h3 class=\"widget-title\">Meine Reisezeiten:<\/h3><div class=\"textwidget\"><hr \/>\n<ul>\n<li>Oktober 2015<\/li>\n<li>Februar 2016<\/li>\n<li>Januar 2017<\/li>\n<li>November 2017<\/li>\n<li>September 2019<\/li>\n<\/ul>\n<\/div><\/div><div id=\"panel-7781-1-0-5\" class=\"so-panel widget widget_black-studio-tinymce widget_black_studio_tinymce\" data-index=\"7\" ><h3 class=\"widget-title\">Das Wetter:<\/h3><div class=\"textwidget\"><hr \/>\n<ul>\n<li>Oktober\u00a02015<br \/>\nEs war warm, sehr warm und das Thermometer zeigt auch mal 40 \u00b0C an. Am Abend zogen dunkle Wolken auf aber der Regen meinte es nicht gut mit der Region und blieb aus.<\/li>\n<\/ul>\n<ul>\n<li>Februar 2016<br \/>\nDie Temperaturen lagen mit 35\u00b0C\u00a0hoch waren aber ertr\u00e4glich.<\/li>\n<\/ul>\n<ul>\n<li>November 2017<br \/>\nOh, war das hei\u00df. Ich glaube die Temperatur lag bei 46\u00b0C<\/li>\n<li>September 2019<br \/>\nBestes Wetter. Keine Wolken, kein Wind und sch\u00f6n warm.<\/li>\n<\/ul>\n<\/div><\/div><div id=\"panel-7781-1-0-6\" class=\"so-panel widget widget_black-studio-tinymce widget_black_studio_tinymce\" data-index=\"8\" ><h3 class=\"widget-title\">Zimmer:<\/h3><div class=\"textwidget\"><hr \/>\n<p class=\"paragraph_style\">Alles ist sauber und gepflegt, beginnend bei den recht g\u00fcnstigen Campingpl\u00e4tzen \u00fcber die Standard Chalets bis zu meinem Favoriten dem Gorge Cottage, welches circa 10 km abseits der Hauptunterk\u00fcnfte liegt.<\/p>\n<p>Der Campingplatz hat mir gut gefallen und die gro\u00dfe Rasenfl\u00e4che ist schon etwas ungew\u00f6hnlich in dieser trockenen Gegend. Bei den Chalets w\u00fcrde ich den Aufpreis investieren und ein Bungalow ( Nr. 51 - 59 ) mit \"View\" buchen.<br \/>\nWer es gerne einsam mag ist mit dem abgelegenen Gorge Cottage gut beraten. Auch wenn das Bad etwas abseits gelang ist und die Besucher des Parks tags\u00fcber auf der Aussichtsplattform \u00fcber dem Cottage den Blick auf die Schlucht ( Gorge ) geniessen hat man das ab 18:00 Uhr alles f\u00fcr sich, super sch\u00f6n.<\/p>\n<\/div><\/div><div id=\"panel-7781-1-0-7\" class=\"so-panel widget widget_black-studio-tinymce widget_black_studio_tinymce\" data-index=\"9\" ><div class=\"textwidget\"><p><img loading=\"lazy\" decoding=\"async\" class=\"aligncenter size-full wp-image-7788\" src=\"http:\/\/kruste.selfhost.me\/wordpress\/wp-content\/uploads\/2021\/03\/SAF_8900_1.jpg\" alt=\"\" width=\"1430\" height=\"900\" srcset=\"http:\/\/kruste.selfhost.me\/wordpress\/wp-content\/uploads\/2021\/03\/SAF_8900_1.jpg 1430w, http:\/\/kruste.selfhost.me\/wordpress\/wp-content\/uploads\/2021\/03\/SAF_8900_1-300x189.jpg 300w, http:\/\/kruste.selfhost.me\/wordpress\/wp-content\/uploads\/2021\/03\/SAF_8900_1-1024x644.jpg 1024w, http:\/\/kruste.selfhost.me\/wordpress\/wp-content\/uploads\/2021\/03\/SAF_8900_1-150x94.jpg 150w, http:\/\/kruste.selfhost.me\/wordpress\/wp-content\/uploads\/2021\/03\/SAF_8900_1-768x483.jpg 768w\" sizes=\"auto, (max-width: 1430px) 100vw, 1430px\" \/><\/p>\n<\/div><\/div><div id=\"panel-7781-1-0-8\" class=\"so-panel widget widget_black-studio-tinymce widget_black_studio_tinymce\" data-index=\"10\" ><h3 class=\"widget-title\">K\u00fcche \/ Restaurant:<\/h3><div class=\"textwidget\"><hr \/>\n<p>Das Essen im Restaurant ist preislich ok und es schmeckt. Wer also keine Lust hat sich selbst zu versorgen, kann hier ruhig einen Tisch buchen.<\/p>\n<\/div><\/div><div id=\"panel-7781-1-0-9\" class=\"so-panel widget widget_black-studio-tinymce widget_black_studio_tinymce\" data-index=\"11\" ><h3 class=\"widget-title\">Personal:<\/h3><div class=\"textwidget\"><hr \/>\n\nSehr freundlich und es wird versucht alle W\u00fcnsche zu erf\u00fcllen. Ich habe sogar ein Zimmer bekommen, als BMW das komplette Camp gebucht hatte, danke.<\/div><\/div><div id=\"panel-7781-1-0-10\" class=\"so-panel widget widget_black-studio-tinymce widget_black_studio_tinymce\" data-index=\"12\" ><h3 class=\"widget-title\">Aktivit\u00e4ten:<\/h3><div class=\"textwidget\"><hr \/>\n<p class=\"Caption\">\u00a0Nur keinen Stre\u00df. Der Sonnenaufgang \u00fcber den Falls ist super, auch wenn es nicht den Platz f\u00fcr tolle Fotos gibt.<\/p>\n<p>Den Tag verbringt man mit einer Fahrt durch den Park und entspannt etwas im Pool. Am Abend wird der Grill angez\u00fcndet und mit Gl\u00fcck kommt die Ginsterkatze um ein paar Bissen abzustauben.<\/p>\n<\/div><\/div><div id=\"panel-7781-1-0-11\" class=\"so-panel widget widget_black-studio-tinymce widget_black_studio_tinymce panel-last-child\" data-index=\"13\" ><h3 class=\"widget-title\">Tipps:<\/h3><div class=\"textwidget\"><hr \/>\n<ul>\n<li>Die Camper sollten auf die Paviane achten. Die Bande zieht schon recht gut organisiert durch das Camp<\/li>\n<li>Etwas Zeit an den zwei kleien Wasserdurchfahrten verbringen. Malachit Kingfisher und Otter habe ich hier schon gesehen.<\/li>\n<li>Bitte achtet auf die Temperaturen und habt Wasser dabei. Hier war es heisser als in der Kalahari, kein Scherz.<\/li>\n<\/ul>\n<\/div><\/div><\/div><\/div><div id=\"pg-7781-2\"  class=\"panel-grid panel-no-style\" ><div id=\"pgc-7781-2-0\"  class=\"panel-grid-cell\" ><div id=\"panel-7781-2-0-0\" class=\"so-panel widget widget_black-studio-tinymce widget_black_studio_tinymce panel-first-child panel-last-child\" data-index=\"14\" ><div class=\"textwidget\"><p><img loading=\"lazy\" decoding=\"async\" class=\"alignnone size-full wp-image-2095 aligncenter\" src=\"http:\/\/kruste.selfhost.me\/wordpress\/wp-content\/uploads\/2016\/04\/DSC_8986.jpg\" alt=\"DSC_8986\" width=\"1400\" height=\"350\" srcset=\"http:\/\/kruste.selfhost.me\/wordpress\/wp-content\/uploads\/2016\/04\/DSC_8986.jpg 1400w, http:\/\/kruste.selfhost.me\/wordpress\/wp-content\/uploads\/2016\/04\/DSC_8986-150x38.jpg 150w, http:\/\/kruste.selfhost.me\/wordpress\/wp-content\/uploads\/2016\/04\/DSC_8986-300x75.jpg 300w, http:\/\/kruste.selfhost.me\/wordpress\/wp-content\/uploads\/2016\/04\/DSC_8986-768x192.jpg 768w, http:\/\/kruste.selfhost.me\/wordpress\/wp-content\/uploads\/2016\/04\/DSC_8986-1024x256.jpg 1024w, http:\/\/kruste.selfhost.me\/wordpress\/wp-content\/uploads\/2016\/04\/DSC_8986-700x175.jpg 700w\" sizes=\"auto, (max-width: 1400px) 100vw, 1400px\" \/><\/p>\n<\/div><\/div><\/div><\/div><\/div>","protected":false},"excerpt":{"rendered":"<p>Die Unterk\u00fcnfte im Augrabies Falls National Park geh\u00f6ren zur Gruppe South African National Parks und k\u00f6nnen \u00fcber die SANPARK Website gebucht werden. Es gibt verschieden<\/p>\n","protected":false},"author":1,"featured_media":0,"parent":7769,"menu_order":0,"comment_status":"closed","ping_status":"closed","template":"","meta":{"footnotes":""},"class_list":["post-7781","page","type-page","status-publish","hentry"],"_links":{"self":[{"href":"http:\/\/kruste.selfhost.me\/wordpress\/index.php?rest_route=\/wp\/v2\/pages\/7781","targetHints":{"allow":["GET"]}}],"collection":[{"href":"http:\/\/kruste.selfhost.me\/wordpress\/index.php?rest_route=\/wp\/v2\/pages"}],"about":[{"href":"http:\/\/kruste.selfhost.me\/wordpress\/index.php?rest_route=\/wp\/v2\/types\/page"}],"author":[{"embeddable":true,"href":"http:\/\/kruste.selfhost.me\/wordpress\/index.php?rest_route=\/wp\/v2\/users\/1"}],"replies":[{"embeddable":true,"href":"http:\/\/kruste.selfhost.me\/wordpress\/index.php?rest_route=%2Fwp%2Fv2%2Fcomments&post=7781"}],"version-history":[{"count":2,"href":"http:\/\/kruste.selfhost.me\/wordpress\/index.php?rest_route=\/wp\/v2\/pages\/7781\/revisions"}],"predecessor-version":[{"id":7785,"href":"http:\/\/kruste.selfhost.me\/wordpress\/index.php?rest_route=\/wp\/v2\/pages\/7781\/revisions\/7785"}],"up":[{"embeddable":true,"href":"http:\/\/kruste.selfhost.me\/wordpress\/index.php?rest_route=\/wp\/v2\/pages\/7769"}],"wp:attachment":[{"href":"http:\/\/kruste.selfhost.me\/wordpress\/index.php?rest_route=%2Fwp%2Fv2%2Fmedia&parent=7781"}],"curies":[{"name":"wp","href":"https:\/\/api.w.org\/{rel}","templated":true}]}}