{"id":7791,"date":"2021-03-21T11:06:30","date_gmt":"2021-03-21T09:06:30","guid":{"rendered":"http:\/\/kruste.selfhost.me\/wordpress\/?page_id=7791"},"modified":"2022-10-27T12:45:10","modified_gmt":"2022-10-27T10:45:10","slug":"okambara-elephant-lodge-region-windhoek-2-2-2","status":"publish","type":"page","link":"http:\/\/kruste.selfhost.me\/wordpress\/?page_id=7791","title":{"rendered":"Nambwa Campsite (Region Caprivi Streifen)"},"content":{"rendered":"<div id=\"pl-7791\"  class=\"panel-layout\" ><div id=\"pg-7791-0\"  class=\"panel-grid panel-no-style\" ><div id=\"pgc-7791-0-0\"  class=\"panel-grid-cell panel-grid-cell-mobile-last\" ><div id=\"panel-7791-0-0-0\" class=\"so-panel widget widget_text panel-first-child panel-last-child\" data-index=\"0\" >\t\t\t<div class=\"textwidget\"><p>letztes Update von 10\/2022<\/p>\n<\/div>\n\t\t<\/div><\/div><div id=\"pgc-7791-0-1\"  class=\"panel-grid-cell panel-grid-cell-empty\" ><\/div><\/div><div id=\"pg-7791-1\"  class=\"panel-grid panel-no-style\" ><div id=\"pgc-7791-1-0\"  class=\"panel-grid-cell\" ><div id=\"panel-7791-1-0-0\" class=\"so-panel widget widget_black-studio-tinymce widget_black_studio_tinymce panel-first-child panel-last-child\" data-index=\"1\" ><div class=\"textwidget\"><div class=\"style_SkipStroke_2 shape-with-text flowDefining\">\n<div class=\"text-content style_External_485_494\">\n<div class=\"style\"><span style=\"color: #000000;\">\u00a0<\/span><\/div>\n<div class=\"style\">\n<div class=\"style\">\n<hr \/>\n<p style=\"color: #919191;\"><span style=\"color: #000000;\">Die Lage der <a href=\"https:\/\/www.africanmonarchlodges.com\/nambwa-campsite\/\" target=\"_blank\" rel=\"noopener\">Nambwa Campsite<\/a> ist einmalig. Direkt im Kwando Game Park und mit Blick auf den Flu\u00df war es ein H\u00f6hepunkt meiner Reise durch den Caprivi Streifen. Das der Bereich nicht von Z\u00e4unen umgeben ist macht den Aufenthalt noch einmal wesentlich interessanter. Mir hat es so gut gefallen, dass ich auf meiner R\u00fcckreise noch zwei weitere N\u00e4chte hier verbracht habe.<br \/>\nUm zum Camp zu gelangen biegt man von der B3 ( aus Westen kommend ) kurz vor Kongola rechts in den Kwando National Park ein. Die Anreise erfolgt durch den Park selbst und mit Gl\u00fcck gibt es schon hier die ersten tollen Begegnungen mit Bienenfresser, Giraffen oder den seltenen Lechwe Antilopen. Empfehlen kann ich den kleinen Umweg \u00fcber den River Loop zu nehmen, da sich hier von Zeit zu Zeit Wildhunde aufhalten.<\/span><\/p>\n<p>&nbsp;<\/p>\n<p>Besuchen sollte man den Park jedoch nur mit einem 4x4 Gel\u00e4ndewagen da es einige Tiefsand Passagen oder, wie w\u00e4hrend meines Aufenthaltes in der Regenzeit, einige sch\u00f6ne tiefe Matschl\u00f6cher gibt. Es war nicht besonders schwierig die Lodge zu erreichen aber mit dem verkehrten Fahrzeug schafft man es nicht.<\/p>\n<p>Am Ziel angekommen war ich beeindruckt von den 4 sch\u00f6nen Stellpl\u00e4tzen, welche direkt an die Nambwa Lodge angrenzen. Jede Capsite hat ein kleines Holzdeck ( 3x4 Meter ) , von dem aus man \u00fcber den Flu\u00df auf die andere Uferseite schauen kann. Hier l\u00e4sst es sich aushalten und zu meiner Reisezeit im November f\u00fchrte der Fluss Wasser und in der Luft wimmelte es von Bienenfresser.<\/p>\n<p><span style=\"font-size: 28px; font-family: 'comic sans ms', sans-serif;\">Mein Paradies<\/span><\/p><\/div>\n<p>Als kleines Extra gibt im Bereich der Duschen sogar noch eine 220 V Stromversorgung und das 24 Stunden am Tag. Herz was willst Du mehr.<\/p>\n<div class=\"style\">\n<hr \/>\n<p>&nbsp;<\/p><\/div>\n<\/div>\n<\/div>\n<\/div>\n<\/div><\/div><\/div><div id=\"pgc-7791-1-1\"  class=\"panel-grid-cell\" ><div id=\"panel-7791-1-1-0\" class=\"so-panel widget widget_black-studio-tinymce widget_black_studio_tinymce panel-first-child panel-last-child\" data-index=\"2\" ><div class=\"textwidget\"><p><img loading=\"lazy\" decoding=\"async\" class=\"aligncenter size-full wp-image-7793\" src=\"http:\/\/kruste.selfhost.me\/wordpress\/wp-content\/uploads\/2021\/03\/JEI8401.jpg\" alt=\"\" width=\"900\" height=\"1235\" srcset=\"http:\/\/kruste.selfhost.me\/wordpress\/wp-content\/uploads\/2021\/03\/JEI8401.jpg 900w, http:\/\/kruste.selfhost.me\/wordpress\/wp-content\/uploads\/2021\/03\/JEI8401-219x300.jpg 219w, http:\/\/kruste.selfhost.me\/wordpress\/wp-content\/uploads\/2021\/03\/JEI8401-746x1024.jpg 746w, http:\/\/kruste.selfhost.me\/wordpress\/wp-content\/uploads\/2021\/03\/JEI8401-109x150.jpg 109w, http:\/\/kruste.selfhost.me\/wordpress\/wp-content\/uploads\/2021\/03\/JEI8401-768x1054.jpg 768w, http:\/\/kruste.selfhost.me\/wordpress\/wp-content\/uploads\/2021\/03\/JEI8401-560x768.jpg 560w\" sizes=\"auto, (max-width: 900px) 100vw, 900px\" \/><\/p>\n<\/div><\/div><\/div><\/div><div id=\"pg-7791-2\"  class=\"panel-grid panel-no-style\" ><div id=\"pgc-7791-2-0\"  class=\"panel-grid-cell\" ><div id=\"panel-7791-2-0-0\" class=\"so-panel widget widget_black-studio-tinymce widget_black_studio_tinymce panel-first-child\" data-index=\"3\" ><h3 class=\"widget-title\">Preise:<\/h3><div class=\"textwidget\"><hr \/>\n<p><span style=\"color: #000000;\"><i style=\"font-family: sans-serif; font-variant: normal; line-height: normal;\">\u00dcbernachtung ( Nov 2020 )<\/i><\/span><\/p>\n<ul>\n<li><span style=\"color: #000000;\">Camping 250 N$<\/span><\/li>\n<\/ul>\n<p>&nbsp;<\/p>\n<p>Unterst\u00fctzung bei einer Fahrzeugpanne mitten im National Park 500 N$<\/p>\n<\/div><\/div><div id=\"panel-7791-2-0-1\" class=\"so-panel widget widget_black-studio-tinymce widget_black_studio_tinymce\" data-index=\"4\" ><h3 class=\"widget-title\">Kommunikation:<\/h3><div class=\"textwidget\"><div id=\"id4\" class=\"style_SkipStroke_4 shape-with-text\">\n<div class=\"text-content graphic_textbox_layout_style_default_External_138_130\">\n<div class=\"graphic_textbox_layout_style_default\">\n<hr \/>\n<p class=\"Caption\"><span style=\"color: #000000;\">Ich habe es nicht ausprobiert jedoch konnte ich die Lodge im Notfall per Mobilfunk erreichen.<\/span><\/p>\n<\/div>\n<\/div>\n<\/div>\n<\/div><\/div><div id=\"panel-7791-2-0-2\" class=\"so-panel widget widget_text\" data-index=\"5\" >\t\t\t<div class=\"textwidget\"><section class=\"parallax-section\">\n<div class=\"parallax-window\" data-z-index=\"1\" data-position-x=\"left\" data-parallax=\"scroll\" data-speed=\".3\" data-image-src=\"http:\/\/kruste.selfhost.me\/wordpress\/wp-content\/uploads\/2021\/03\/JEI8159.jpg\" style=\"align-items: flex-start;min-height: 650px;\">\n<div class=\"parallax-container parallax-content\">\n<\/div>\n<\/div>\n<\/section>\n<\/div>\n\t\t<\/div><div id=\"panel-7791-2-0-3\" class=\"so-panel widget widget_black-studio-tinymce widget_black_studio_tinymce\" data-index=\"6\" ><h3 class=\"widget-title\">Anreise:<\/h3><div class=\"textwidget\"><hr \/>\n<p style=\"color: #919191;\"><span style=\"color: #000000;\">Die Fahrt ab Divundu bis kurz vor Kongola ist interessant zieht sich jedoch sehr. Die 200 Kilometer lange Strecke f\u00fchrt fast kerzengerade durch den Caprivi Streifen und w\u00e4ren da nicht die kleinen H\u00e4user mit ihren freundlich winkenden Bewohnern, k\u00f6nnte man fast einschlafen. Eventuell lag es aber auch nur an meinem alten Landrover, der mich nicht schneller als 100 km\/h hat fahren lassen.<\/span><\/p>\n<p>Ist man jedoch am Eingang zum Kwando National Park angekommen wird es gleich aufregend. Bienenfressen, Antilopen und Giraffen kreuzten meinen Weg und das ein oder andere Wasserloch musste umfahren werden. So hatte ich es mir vorgestellt.<\/p>\n<\/div><\/div><div id=\"panel-7791-2-0-4\" class=\"so-panel widget widget_black-studio-tinymce widget_black_studio_tinymce\" data-index=\"7\" ><h3 class=\"widget-title\">Meine Reisezeiten:<\/h3><div class=\"textwidget\"><hr \/>\n<ul>\n<li>Dezember 2020<\/li>\n<li>Oktober 2021<\/li>\n<li>Oktober 2022<\/li>\n<\/ul>\n<p class=\"paragraph_style\">\n<\/p><\/div><\/div><div id=\"panel-7791-2-0-5\" class=\"so-panel widget widget_black-studio-tinymce widget_black_studio_tinymce\" data-index=\"8\" ><h3 class=\"widget-title\">Das Wetter:<\/h3><div class=\"textwidget\"><hr \/>\n<p class=\"paragraph_style\">Dezember 2020<\/p>\n<ul>\n<li>\n<p style=\"color: #919191;\"><span style=\"color: #000000;\">30\u00b0C mit leichter Bew\u00f6lkung. Gegen Abend gab es schon mal einen heftigen Schauer.<\/span><\/p>\n<\/li>\n<\/ul>\n<p>Oktober 2021<\/p>\n<ul>\n<li>Kein Regen und angenehme 30\u00b0C<\/li>\n<\/ul>\n<p>Oktober 2022<\/p>\n<ul>\n<li>genauso sch\u00f6n wie 2021<\/li>\n<\/ul>\n<\/div><\/div><div id=\"panel-7791-2-0-6\" class=\"so-panel widget widget_black-studio-tinymce widget_black_studio_tinymce\" data-index=\"9\" ><h3 class=\"widget-title\">Zimmer:<\/h3><div class=\"textwidget\"><hr \/>\n<p style=\"color: #919191;\"><span style=\"color: #000000;\">Camping:<\/span><\/p>\n<ul>\n<li><span style=\"color: #000000;\">Ein sauberer Stellplatz mit eigenem Grill und Wasseranschluss. Jeder Platz verf\u00fcgt \u00fcber ein kleine Holzdeck mit sch\u00f6nem Blick auf den Flu\u00df.<\/span><span style=\"color: #000000;\"><span style=\"color: #919191;\"><br \/>\n<\/span><\/span>Es gibt ein\u00a0gemeinschaftliches Waschhaus mit 4 Duschen und einer 220 Volt Stromversorgung. Alles war sehr sauber ! Da die Duschen und Toiletten nur durch Bastmatten voneinander abgetrennt sind, k\u00f6nnte schon der ein oder andere Blick die Privatsph\u00e4re st\u00f6ren. Mich hat es nicht gek\u00fcmmert aber es ist sicher gut zu wissen.<\/li>\n<\/ul>\n<p>&nbsp;<\/p>\n<p>&nbsp;<\/p>\n<p style=\"color: #919191;\">\n<\/p><\/div><\/div><div id=\"panel-7791-2-0-7\" class=\"so-panel widget widget_black-studio-tinymce widget_black_studio_tinymce\" data-index=\"10\" ><div class=\"textwidget\"><p><img loading=\"lazy\" decoding=\"async\" class=\"aligncenter size-full wp-image-7794\" src=\"http:\/\/kruste.selfhost.me\/wordpress\/wp-content\/uploads\/2021\/03\/COS_8732.jpg\" alt=\"\" width=\"1535\" height=\"900\" srcset=\"http:\/\/kruste.selfhost.me\/wordpress\/wp-content\/uploads\/2021\/03\/COS_8732.jpg 1535w, http:\/\/kruste.selfhost.me\/wordpress\/wp-content\/uploads\/2021\/03\/COS_8732-300x176.jpg 300w, http:\/\/kruste.selfhost.me\/wordpress\/wp-content\/uploads\/2021\/03\/COS_8732-1024x600.jpg 1024w, http:\/\/kruste.selfhost.me\/wordpress\/wp-content\/uploads\/2021\/03\/COS_8732-150x88.jpg 150w, http:\/\/kruste.selfhost.me\/wordpress\/wp-content\/uploads\/2021\/03\/COS_8732-768x450.jpg 768w\" sizes=\"auto, (max-width: 1535px) 100vw, 1535px\" \/><\/p>\n<\/div><\/div><div id=\"panel-7791-2-0-8\" class=\"so-panel widget widget_black-studio-tinymce widget_black_studio_tinymce\" data-index=\"11\" ><h3 class=\"widget-title\">K\u00fcche \/ Restaurant:<\/h3><div class=\"textwidget\"><hr \/>\n<p><span style=\"color: #000000;\"><span style=\"caret-color: #000000;\">Da aufgrund der Corona Pandemie die Lodge selbst kaum gebucht war, bestand das Angebot einen Tisch zu reservieren. Leider habe ich dies zu sp\u00e4t erfahren aber die G\u00e4ste mit denen ich gesprochen hatte, waren alle sehr begeistert. Ein nicht ganz g\u00fcnstiges Vergn\u00fcgen aber wohl jeden Euro wert.<\/span><\/span><\/p>\n<p><span style=\"color: #000000;\"><span style=\"caret-color: #000000;\"><br \/>\nUpdate 2021: Ich hatte die M\u00f6glichkeit im Oktober 2021 das Dinner in der Lodge zu genie\u00dfen. Was soll ich sagen ? Es war lecker aber ich hatte mir etwas mehr davon versprochen. In meinen Gedanke hatte ich schon ein perfekt gebratenes Steak auf dem Teller aber leider Fehlanzeige. Eine Regel des Restaurants &gt; kein Fleisch von Tieren auf den Teller deren Art es im Park gibt. Hm, so gab es Huhn zum Abendbrot.<\/span><\/span><\/p>\n<p>Positiv \u00fcberrascht war ich vom Preis. Es war bei weitem nicht so teuer wie angedeutet und ich w\u00fcrde es sogar als g\u00fcnstig bezeichnen.<\/p>\n<p>Im Jahr 2022 bestand nicht mehr die M\u00f6glichkeit in der Lodge ein Dinner zu buchen.<\/p>\n<\/div><\/div><div id=\"panel-7791-2-0-9\" class=\"so-panel widget widget_black-studio-tinymce widget_black_studio_tinymce\" data-index=\"12\" ><h3 class=\"widget-title\">Personal:<\/h3><div class=\"textwidget\"><hr \/>\n\n<span style=\"color: #000000;\"><span style=\"caret-color: #000000;\">Der gute Geist der Campsite ist freundlich und k\u00fcmmert sich um die sauberen Stellpl\u00e4tze sowie Duschen und Toiletten. Die M\u00fclleimer m\u00fcssen jedoch auch regelm\u00e4\u00dfig vom Personal geleert werden, da diese Aufgabe sonst umgehend von den Meerkatzen erledigt wird.<\/span><\/span>\n\n&nbsp;<\/div><\/div><div id=\"panel-7791-2-0-10\" class=\"so-panel widget widget_black-studio-tinymce widget_black_studio_tinymce\" data-index=\"13\" ><h3 class=\"widget-title\">Aktivit\u00e4ten:<\/h3><div class=\"textwidget\"><hr \/>\n<ul>\n<li><span style=\"color: #000000;\"><span style=\"caret-color: #000000;\">Die N\u00e4he zum Flu\u00df genie\u00dfen<\/span><\/span><\/li>\n<li><span style=\"color: #000000;\"><span style=\"caret-color: #000000;\">Fahrten durch den National\u00a0Park<\/span><\/span><\/li>\n<li>Bootsfahrt auf dem Kwando ( \u00fcber die Lodge buchbar )<\/li>\n<\/ul>\n<\/div><\/div><div id=\"panel-7791-2-0-11\" class=\"so-panel widget widget_black-studio-tinymce widget_black_studio_tinymce\" data-index=\"14\" ><h3 class=\"widget-title\">Kwando Core National Park:<\/h3><div class=\"textwidget\"><hr \/>\n<p>Das 1280 km\u00b2 gro\u00dfe Gebiet des Kwando Core National Park bietet einen sch\u00f6nen Blick auf den Kwando River und seine \u00dcberflutungsgebiete. Es beherbergt viel Antilopen Arten wie Impala, Wasserbock, Letschwe ,Kudus aber auch Elefanten, Flusspferde und Krokodile. Weiter gibt es Wildhunde und Leoparden. L\u00f6wen soll es laut Campw\u00e4rter nicht geben aber die Spuren im Sand sprechen eine andere Sprache.<\/p>\n<p>Paviane und Meerkatzen sind ebenfalls zu finden oder besser gesagt, sie finden Dich und Deinen Abfall schnell und zuverl\u00e4ssig. Passt bitte vor den Meerkatzen im Camp auf, diese sind schneller in Deinem Auto als Dir lieb ist.<br \/>\nAuch Warzenschweine und Hy\u00e4nen kommen bis zum Stellplatz stellen jedoch keine Gefahr dar.<\/p>\n<p>Im Park gibt es eine \u00fcberschaubare Anzahl an Wegen und man findet sich relativ schnell zurecht. Als Orientierungspunkt dient im Notfall immer der Kwango River und dann findet sich der R\u00fcckweg relativ schnell. Die Pisten im Park sind gut befahrbar jedoch gibt es ( in der Gegend des Horse Shoe ) recht tiefsandige Passagen und ohne Allrad kommt man schnell an seine Grenzen. In der Regenzeit sammelt sich das Wasser zudem oft in kleinen Wasserl\u00f6chern, die man besser umfahren sollte. Man weis ja nie, wie tief diese sind.<\/p>\n<p>Der Park wird haupts\u00e4chlich in den trockenen Monaten von gro\u00dfen Elefantenherden besucht und die kleinen Herden, die ich im Dezember angetroffen habe, waren etwas nerv\u00f6s. Ich rate etwas hier etwas mehr Abstand zu halten !<\/p>\n<p>Der interessanteste Teil des Kwando National Park befindet sich an den Flussufern. Hier tummeln sich viele Bienenfresser und man kommt sehr dicht an diese heran, weiter ist das bekannte Horse Shoe gut f\u00fcr die Sichtungen von Elefanten in den Nachmittagsstunden. Nicht besonders ergiebig war der Tagesausflug in den westlichen Teil des Park.<\/p>\n<p>Eintrittspreis 50 N$ inklusive einer Stra\u00dfenkarte. ( schlechte Kopie ).<\/p>\n<p>&nbsp;<\/p>\n<p>&nbsp;<\/p>\n<\/div><\/div><div id=\"panel-7791-2-0-12\" class=\"so-panel widget widget_black-studio-tinymce widget_black_studio_tinymce panel-last-child\" data-index=\"15\" ><h3 class=\"widget-title\">Tipps:<\/h3><div class=\"textwidget\"><hr \/>\n<ul>\n<li><span style=\"color: #000000;\">Campsite 1 ist mein\u00a0Favorit und Nummer 4 liegt leider direkt am Zaun zur Lodge.<\/span><\/li>\n<li>Achtung vor den Affen im Camp. Diese sind so schnell im Auto, dass gibt es garnicht.<\/li>\n<li>Mit etwas Ausdauer lassen sich auch Malachite Kingfisher am Ufer des Kwando finden.<\/li>\n<li>Wildhunde sind am Horseshoe und River Loop zu bewundern.<\/li>\n<\/ul>\n<\/div><\/div><\/div><\/div><div id=\"pg-7791-3\"  class=\"panel-grid panel-no-style\" ><div id=\"pgc-7791-3-0\"  class=\"panel-grid-cell\" ><div id=\"panel-7791-3-0-0\" class=\"so-panel widget widget_black-studio-tinymce widget_black_studio_tinymce panel-first-child\" data-index=\"16\" ><h3 class=\"widget-title\">Sicherheit:<\/h3><div class=\"textwidget\"><hr \/>\n<p class=\"paragraph_style\">Die Anlage ist nicht eingez\u00e4unt und Hy\u00e4nen schauen schon einmal am Grill vorbei. Es gilt jedoch mehr seine Sachen vor den cleveren Affen zu sichern.<br \/>\nAuch wenn man sie nicht sieht, die Krokodile befinden sich im Flu\u00df. In der Nacht reflektieren die Augen das Licht der Taschenlampe eindrucksvoll. Geht nicht zu dicht ans Ufer.<\/p>\n<p>Im Oktober 2021 zog eine Herde Elefanten durchs Camp und ein Bulle mochte mich anscheinend nicht besonders gerne. Auf meinem Weg von Campsite 4 zu Campsite 1 stellte er mich in H\u00f6he der Duschen ins Achtung.<br \/>\nEs war sehr beeindruckend, wie gro\u00df so ein Tier in circa 3 Meter Entfernung vor einem wirkt und wenn dieser noch die Ohren sch\u00fcttelt und mit dem Kopf droht, bekommt man schon etwas Angst. Zum Gl\u00fcck hat das Tier kurz vor mir von seinem Angriff abgelassen, als ich mich hinter einem kleine Baum auf die Erde legt. Der zweite \"Angriff\" verlief \u00e4hnlich und dann zog der Dickh\u00e4uter einfach weiter. Was das Tier so in Rage brachte kann ich nicht sagen aber man befindet sich in der Wildnis und muss damit rechnen.<\/p>\n<\/div><\/div><div id=\"panel-7791-3-0-1\" class=\"so-panel widget widget_black-studio-tinymce widget_black_studio_tinymce\" data-index=\"17\" ><h3 class=\"widget-title\">Klartext:<\/h3><div class=\"textwidget\"><hr \/>\n<p style=\"color: #919191;\"><span style=\"color: #000000;\">Die Stellpl\u00e4tze sind oft monatelang im Voraus ausgebucht und es ist Ratsam sich rechtzeitig um freie Pl\u00e4tze zu k\u00fcmmern. Gl\u00fcck, wer dann noch Stellplatz 1 -3 zugewiesen bekommt.<\/span><\/p>\n<p>Die Waschr\u00e4ume sind recht offen und hellh\u00f6rig. Die Privatsph\u00e4re ist hier nicht zu 100% gegeben.<\/p>\n<p>Im Oktober 2021 gab es recht tiefsandige Passagen im Bereich des Horseshoe. Es haben sich einige Fahrzeuge festgefahren und ben\u00f6tigten Hilfe.<\/p>\n<p>Der tiefe Sand geh\u00f6rte auch im Oktober 2022 dazu. Teilweise war es wirklich anspruchsvoll auf den Pisten ums Horseshoe.<\/p>\n<\/div><\/div><div id=\"panel-7791-3-0-2\" class=\"so-panel widget widget_black-studio-tinymce widget_black_studio_tinymce panel-last-child\" data-index=\"18\" ><div class=\"textwidget\"><p><img loading=\"lazy\" decoding=\"async\" class=\"aligncenter size-full wp-image-7797\" src=\"http:\/\/kruste.selfhost.me\/wordpress\/wp-content\/uploads\/2021\/03\/JEI8538.jpg\" alt=\"\" width=\"1600\" height=\"637\" srcset=\"http:\/\/kruste.selfhost.me\/wordpress\/wp-content\/uploads\/2021\/03\/JEI8538.jpg 1600w, http:\/\/kruste.selfhost.me\/wordpress\/wp-content\/uploads\/2021\/03\/JEI8538-300x119.jpg 300w, http:\/\/kruste.selfhost.me\/wordpress\/wp-content\/uploads\/2021\/03\/JEI8538-1024x408.jpg 1024w, http:\/\/kruste.selfhost.me\/wordpress\/wp-content\/uploads\/2021\/03\/JEI8538-150x60.jpg 150w, http:\/\/kruste.selfhost.me\/wordpress\/wp-content\/uploads\/2021\/03\/JEI8538-768x306.jpg 768w, http:\/\/kruste.selfhost.me\/wordpress\/wp-content\/uploads\/2021\/03\/JEI8538-1536x612.jpg 1536w\" sizes=\"auto, (max-width: 1600px) 100vw, 1600px\" \/><\/p>\n<\/div><\/div><\/div><\/div><\/div>","protected":false},"excerpt":{"rendered":"<p>letztes Update von 10\/2022 \u00a0 Die Lage der Nambwa Campsite ist einmalig. Direkt im Kwando Game Park und mit Blick auf den Flu\u00df war es<\/p>\n","protected":false},"author":1,"featured_media":0,"parent":7701,"menu_order":0,"comment_status":"closed","ping_status":"closed","template":"","meta":{"footnotes":""},"class_list":["post-7791","page","type-page","status-publish","hentry"],"_links":{"self":[{"href":"http:\/\/kruste.selfhost.me\/wordpress\/index.php?rest_route=\/wp\/v2\/pages\/7791","targetHints":{"allow":["GET"]}}],"collection":[{"href":"http:\/\/kruste.selfhost.me\/wordpress\/index.php?rest_route=\/wp\/v2\/pages"}],"about":[{"href":"http:\/\/kruste.selfhost.me\/wordpress\/index.php?rest_route=\/wp\/v2\/types\/page"}],"author":[{"embeddable":true,"href":"http:\/\/kruste.selfhost.me\/wordpress\/index.php?rest_route=\/wp\/v2\/users\/1"}],"replies":[{"embeddable":true,"href":"http:\/\/kruste.selfhost.me\/wordpress\/index.php?rest_route=%2Fwp%2Fv2%2Fcomments&post=7791"}],"version-history":[{"count":2,"href":"http:\/\/kruste.selfhost.me\/wordpress\/index.php?rest_route=\/wp\/v2\/pages\/7791\/revisions"}],"predecessor-version":[{"id":7941,"href":"http:\/\/kruste.selfhost.me\/wordpress\/index.php?rest_route=\/wp\/v2\/pages\/7791\/revisions\/7941"}],"up":[{"embeddable":true,"href":"http:\/\/kruste.selfhost.me\/wordpress\/index.php?rest_route=\/wp\/v2\/pages\/7701"}],"wp:attachment":[{"href":"http:\/\/kruste.selfhost.me\/wordpress\/index.php?rest_route=%2Fwp%2Fv2%2Fmedia&parent=7791"}],"curies":[{"name":"wp","href":"https:\/\/api.w.org\/{rel}","templated":true}]}}