{"id":785,"date":"2014-11-10T22:36:41","date_gmt":"2014-11-10T21:36:41","guid":{"rendered":"http:\/\/kruste.selfhost.me\/wordpress\/?page_id=785"},"modified":"2021-03-13T21:00:36","modified_gmt":"2021-03-13T19:00:36","slug":"aquanzi-lodge-johannesburg","status":"publish","type":"page","link":"http:\/\/kruste.selfhost.me\/wordpress\/?page_id=785","title":{"rendered":"Aquanzi Lodge (Johannesburg)"},"content":{"rendered":"<div id=\"pl-785\"  class=\"panel-layout\" ><div id=\"pg-785-0\"  class=\"panel-grid panel-no-style\" ><div id=\"pgc-785-0-0\"  class=\"panel-grid-cell\" ><div id=\"panel-785-0-0-0\" class=\"so-panel widget widget_black-studio-tinymce widget_black_studio_tinymce panel-first-child panel-last-child\" data-index=\"0\" ><div class=\"textwidget\"><div class=\"style_SkipStroke_2 shape-with-text flowDefining\">\n<div class=\"text-content style_External_485_494\">\n<div class=\"style\">\n<hr \/>\n<p>&nbsp;<\/p>\n<p>Die\u00a0<span style=\"color: #000000;\"><a href=\"https:\/\/www.aquanzilodge.com\/\" target=\"_blank\" rel=\"noopener\">Aquanzi Lodge<\/a> liegt nicht im Zentrum von Johannesburg. Ich habe mich bei der Hotelwahl lieber f\u00fcr einen sicheren Stadtteil von Joburg entschieden und dabei auf kurze Weg zum \"L\u00f6wenmann\" und zum Restaurant \"The C<\/span>arnivore\" geachtet. Dies waren zwei Stationen, die ich w\u00e4hrend meines Aufenthalts besuchen wollte.<\/p>\n<p>Die Aquanzi Lodge liegt im Stadtteil\u00a0Fourways im Norden der Stadt und\u00a0bietet f\u00fcr relativ wenig Geld eine sch\u00f6ne Unterkunft. Es sind 2 Pools vorhanden, wobei einer recht gro\u00df ist und f\u00fcr die Tauchausbildung genutzt wird. Gef\u00fcllt ist dieser mit Meerwasser.<\/p>\n<p>Die komplette Anlage befindet sich in einem gepflegten Garten und wird von Sicherheitspersonal bewacht. Das Thema Sicherheit sollte somit kein Problem darstellen.<\/p>\n<p>F\u00fcr ein paar entspannte Tage kann ich die\u00a0<span style=\"color: #000000;\">Aquanzi Lodge durchaus empfehlen w\u00fcrde aber bei der Wahl der Zimmer auf ein\u00a0Honeymoon Chalet bestehen (siehe Klartext).<\/span><\/p><\/div>\n<\/div>\n<\/div>\n<\/div><\/div><\/div><div id=\"pgc-785-0-1\"  class=\"panel-grid-cell\" ><div id=\"panel-785-0-1-0\" class=\"so-panel widget widget_black-studio-tinymce widget_black_studio_tinymce panel-first-child panel-last-child\" data-index=\"1\" ><div class=\"textwidget\"><p><a href=\"http:\/\/kruste.selfhost.me\/wordpress\/wp-content\/uploads\/2014\/11\/SAF_5107.jpg\"><img loading=\"lazy\" decoding=\"async\" class=\"alignnone size-full wp-image-787\" src=\"http:\/\/kruste.selfhost.me\/wordpress\/wp-content\/uploads\/2014\/11\/SAF_5107.jpg\" alt=\"SAF_5107\" width=\"817\" height=\"1224\" srcset=\"http:\/\/kruste.selfhost.me\/wordpress\/wp-content\/uploads\/2014\/11\/SAF_5107.jpg 817w, http:\/\/kruste.selfhost.me\/wordpress\/wp-content\/uploads\/2014\/11\/SAF_5107-100x150.jpg 100w, http:\/\/kruste.selfhost.me\/wordpress\/wp-content\/uploads\/2014\/11\/SAF_5107-200x300.jpg 200w, http:\/\/kruste.selfhost.me\/wordpress\/wp-content\/uploads\/2014\/11\/SAF_5107-683x1024.jpg 683w, http:\/\/kruste.selfhost.me\/wordpress\/wp-content\/uploads\/2014\/11\/SAF_5107-700x1048.jpg 700w\" sizes=\"auto, (max-width: 817px) 100vw, 817px\" \/><\/a><\/p>\n<\/div><\/div><\/div><\/div><div id=\"pg-785-1\"  class=\"panel-grid panel-no-style\" ><div id=\"pgc-785-1-0\"  class=\"panel-grid-cell\" ><div id=\"panel-785-1-0-0\" class=\"so-panel widget widget_black-studio-tinymce widget_black_studio_tinymce panel-first-child\" data-index=\"2\" ><h3 class=\"widget-title\">Preise:<\/h3><div class=\"textwidget\"><hr \/>\n<ul>\n<li>Das Chalet\u00a0gab es ab 550 ZAR inklusive Fr\u00fchst\u00fcck. Die Bezahlung war vor Ort m\u00f6glich.<\/li>\n<\/ul>\n<\/div><\/div><div id=\"panel-785-1-0-1\" class=\"so-panel widget widget_black-studio-tinymce widget_black_studio_tinymce\" data-index=\"3\" ><h3 class=\"widget-title\">Kommunikation:<\/h3><div class=\"textwidget\"><div id=\"id4\" class=\"style_SkipStroke_4 shape-with-text\">\n<div class=\"text-content graphic_textbox_layout_style_default_External_138_130\">\n<div class=\"graphic_textbox_layout_style_default\">\n<hr \/>\n<p class=\"Caption\">Handyempfang ist gegeben. WLAN ist verf\u00fcgbar.<\/p>\n<\/div>\n<\/div>\n<\/div>\n<\/div><\/div><div id=\"panel-785-1-0-2\" class=\"so-panel widget widget_text\" data-index=\"4\" >\t\t\t<div class=\"textwidget\"><p><code><\/p>\n<section class=\"parallax-section\">\n<div class=\"parallax-window\" data-z-index=\"0\" data-position-x=\"left\" data-parallax=\"scroll\" data-speed=\".3\" data-image-src=\"http:\/\/kruste.selfhost.me\/wordpress\/wp-content\/uploads\/2021\/03\/SAF_5082.jpg\" style=\"align-items: flex-start;min-height: 650px;\">\n<div class=\"parallax-container parallax-content\">\n<\/div>\n<\/div>\n<\/section>\n<p><\/code><\/p>\n<\/div>\n\t\t<\/div><div id=\"panel-785-1-0-3\" class=\"so-panel widget widget_black-studio-tinymce widget_black_studio_tinymce\" data-index=\"5\" ><h3 class=\"widget-title\">Anreise:<\/h3><div class=\"textwidget\"><hr \/>\n<p>Die Anreise erfolgte mit dem Mietwagen \u00fcber die R552 und R114. Ich w\u00fcrde versuchen die Lodge bei Tageslicht zu erreichen, da die R-Stra\u00dfen nicht gut beleuchtet und in einem schlechten Zustand waren.<\/p>\n<\/div><\/div><div id=\"panel-785-1-0-4\" class=\"so-panel widget widget_black-studio-tinymce widget_black_studio_tinymce\" data-index=\"6\" ><h3 class=\"widget-title\">Meine Reisezeiten:<\/h3><div class=\"textwidget\"><hr \/>\n<ul>\n<li>Oktober 2012<\/li>\n<li>April 2013<\/li>\n<\/ul>\n<\/div><\/div><div id=\"panel-785-1-0-5\" class=\"so-panel widget widget_black-studio-tinymce widget_black_studio_tinymce\" data-index=\"7\" ><h3 class=\"widget-title\">Das Wetter:<\/h3><div class=\"textwidget\"><hr \/>\n<ul>\n<li>Oktober\u00a02012<\/li>\n<\/ul>\n<ul>\n<li>April 2013<\/li>\n<\/ul>\n<p style=\"padding-left: 30px;\">An beiden Terminen sehr gut, blauer Himmel satt und keine Wolken.<\/p>\n<\/div><\/div><div id=\"panel-785-1-0-6\" class=\"so-panel widget widget_black-studio-tinymce widget_black_studio_tinymce\" data-index=\"8\" ><h3 class=\"widget-title\">Zimmer:<\/h3><div class=\"textwidget\"><hr \/>\n<p class=\"paragraph_style\">Im Oktober 2012 hatte ich Gl\u00fcck und konnte in einem Honeymoon Chalet \u00fcbernachten. Ein sehr netter Bungalow mit bequemem Bett ( wie sollte es auch anders sein \ud83d\ude42 ) und tollem Badezimmer. Es gab eine sch\u00f6ne Dusche und eine freistehende Wanne, sehr sch\u00f6n. Alles wurde mit viel liebe zum Detail eingerichtet. Dieses Zimmer hat mich dazu gebracht die Aquanzi Lodge erneut in 2013 zu buchen.<\/p>\n<\/div><\/div><div id=\"panel-785-1-0-7\" class=\"so-panel widget widget_black-studio-tinymce widget_black_studio_tinymce\" data-index=\"9\" ><div class=\"textwidget\"><p><a href=\"http:\/\/kruste.selfhost.me\/wordpress\/wp-content\/uploads\/2014\/11\/SAF_5110.jpg\"><img loading=\"lazy\" decoding=\"async\" class=\"aligncenter wp-image-788 \" src=\"http:\/\/kruste.selfhost.me\/wordpress\/wp-content\/uploads\/2014\/11\/SAF_5110.jpg\" alt=\"SAF_5110\" width=\"793\" height=\"186\" data-wp-imgselect=\"1\" \/><\/a><\/p>\n<\/div><\/div><div id=\"panel-785-1-0-8\" class=\"so-panel widget widget_black-studio-tinymce widget_black_studio_tinymce\" data-index=\"10\" ><h3 class=\"widget-title\">K\u00fcche \/ Restaurant:<\/h3><div class=\"textwidget\"><hr \/>\n<p>Ein gutes Fr\u00fchst\u00fcck in netter Umgebung. Es gibt Pl\u00e4tze im au\u00dfen sowie innen Bereich.<\/p>\n<\/div><\/div><div id=\"panel-785-1-0-9\" class=\"so-panel widget widget_black-studio-tinymce widget_black_studio_tinymce\" data-index=\"11\" ><h3 class=\"widget-title\">Personal:<\/h3><div class=\"textwidget\"><hr \/><p>Sehr freundlich und hilfsbereit doch bei der Suche des Restaurants \" The Carnivore \" \u00fcberfordert. Ich habe es aber auch so gefunden.<\/p><\/div><\/div><div id=\"panel-785-1-0-10\" class=\"so-panel widget widget_black-studio-tinymce widget_black_studio_tinymce\" data-index=\"12\" ><h3 class=\"widget-title\">Aktivit\u00e4ten:<\/h3><div class=\"textwidget\"><hr \/>\n<p class=\"Caption\">Entspannen am Pool oder Ausfl\u00fcge in die Umgebung. Am Abend gut essen im \"The Carnivore \" oder <span class=\"st\">Montecasino. Das\u00a0<span class=\"st\">Montecasino kann man gut mit einem Besuch im Vogelpark verbinden.<\/span><\/span><\/p>\n<p class=\"Caption\">Die Reptilienfarm an der R114 muss man nicht besucht haben, obwohl ich nie wieder eine\u00a0\u00a0Vogelspinne auf der Hand hatte.\u00a0\u00a0\u00a0<\/p>\n<\/div><\/div><div id=\"panel-785-1-0-11\" class=\"so-panel widget widget_black-studio-tinymce widget_black_studio_tinymce panel-last-child\" data-index=\"13\" ><h3 class=\"widget-title\">Klartext:<\/h3><div class=\"textwidget\"><hr \/>\n<p>Die Aquanzi Lodge liegt etwas au\u00dferhalb von Johannesburg und wer am Abend ein nettes Restaurant besuchen m\u00f6chte muss zwangsl\u00e4ufig im Dunkeln fahren. Nicht jedermanns Sache.<\/p>\n<p>Leider war es mir nicht m\u00f6glich bei meinem zweiten Besuch das\u00a0sch\u00f6ne Honeymoon Chalet zu buchen. Wie schon des \u00d6fteren gibt es Probleme ein Zimmer, welches f\u00fcr 2 Personen ausgewiesen ist, f\u00fcr 2 Erwachsene und ein Kind zu reservieren. Warum, kann ich nicht verstehen. Ich h\u00e4tte f\u00fcr 3 Personen bezahlt und kein zus\u00e4tzliches Bett ben\u00f6tigt. Die Buchung\u00a0\u00a0wurde aber nicht angenommen. Wie ich vermutet hatte, entsprach das Zimmer f\u00fcr 3 Personen nicht meinen Vorstellungen. Unter diesen Umst\u00e4nden w\u00fcrde ich bei meinem n\u00e4chsten Besuch eine andere Unterkunft buchen !<\/p>\n<p>\u00a0<\/p>\n<\/div><\/div><\/div><\/div><div id=\"pg-785-2\"  class=\"panel-grid panel-no-style\" ><div id=\"pgc-785-2-0\"  class=\"panel-grid-cell\" ><div id=\"panel-785-2-0-0\" class=\"so-panel widget widget_black-studio-tinymce widget_black_studio_tinymce panel-first-child panel-last-child\" data-index=\"14\" ><div class=\"textwidget\"><p style=\"text-align: center;\"><a href=\"http:\/\/kruste.selfhost.me\/wordpress\/wp-content\/uploads\/2014\/11\/SAF_3602.jpg\"><img loading=\"lazy\" decoding=\"async\" class=\"alignnone size-full wp-image-793\" src=\"http:\/\/kruste.selfhost.me\/wordpress\/wp-content\/uploads\/2014\/11\/SAF_3602.jpg\" alt=\"SAF_3602\" width=\"1438\" height=\"695\" data-wp-imgselect=\"1\" srcset=\"http:\/\/kruste.selfhost.me\/wordpress\/wp-content\/uploads\/2014\/11\/SAF_3602.jpg 1438w, http:\/\/kruste.selfhost.me\/wordpress\/wp-content\/uploads\/2014\/11\/SAF_3602-150x72.jpg 150w, http:\/\/kruste.selfhost.me\/wordpress\/wp-content\/uploads\/2014\/11\/SAF_3602-300x144.jpg 300w, http:\/\/kruste.selfhost.me\/wordpress\/wp-content\/uploads\/2014\/11\/SAF_3602-1024x494.jpg 1024w, http:\/\/kruste.selfhost.me\/wordpress\/wp-content\/uploads\/2014\/11\/SAF_3602-700x338.jpg 700w\" sizes=\"auto, (max-width: 1438px) 100vw, 1438px\" \/><\/a><\/p>\n<\/div><\/div><\/div><\/div><\/div>","protected":false},"excerpt":{"rendered":"<p>&nbsp; Die\u00a0Aquanzi Lodge liegt nicht im Zentrum von Johannesburg. Ich habe mich bei der Hotelwahl lieber f\u00fcr einen sicheren Stadtteil von Joburg entschieden und dabei<\/p>\n","protected":false},"author":1,"featured_media":0,"parent":777,"menu_order":0,"comment_status":"closed","ping_status":"closed","template":"","meta":{"footnotes":""},"class_list":["post-785","page","type-page","status-publish","hentry"],"_links":{"self":[{"href":"http:\/\/kruste.selfhost.me\/wordpress\/index.php?rest_route=\/wp\/v2\/pages\/785","targetHints":{"allow":["GET"]}}],"collection":[{"href":"http:\/\/kruste.selfhost.me\/wordpress\/index.php?rest_route=\/wp\/v2\/pages"}],"about":[{"href":"http:\/\/kruste.selfhost.me\/wordpress\/index.php?rest_route=\/wp\/v2\/types\/page"}],"author":[{"embeddable":true,"href":"http:\/\/kruste.selfhost.me\/wordpress\/index.php?rest_route=\/wp\/v2\/users\/1"}],"replies":[{"embeddable":true,"href":"http:\/\/kruste.selfhost.me\/wordpress\/index.php?rest_route=%2Fwp%2Fv2%2Fcomments&post=785"}],"version-history":[{"count":1,"href":"http:\/\/kruste.selfhost.me\/wordpress\/index.php?rest_route=\/wp\/v2\/pages\/785\/revisions"}],"predecessor-version":[{"id":7739,"href":"http:\/\/kruste.selfhost.me\/wordpress\/index.php?rest_route=\/wp\/v2\/pages\/785\/revisions\/7739"}],"up":[{"embeddable":true,"href":"http:\/\/kruste.selfhost.me\/wordpress\/index.php?rest_route=\/wp\/v2\/pages\/777"}],"wp:attachment":[{"href":"http:\/\/kruste.selfhost.me\/wordpress\/index.php?rest_route=%2Fwp%2Fv2%2Fmedia&parent=785"}],"curies":[{"name":"wp","href":"https:\/\/api.w.org\/{rel}","templated":true}]}}