{"id":7891,"date":"2021-11-22T19:49:49","date_gmt":"2021-11-22T17:49:49","guid":{"rendered":"https:\/\/kruste.selfhost.me\/wordpress\/?page_id=7891"},"modified":"2022-10-27T13:14:39","modified_gmt":"2022-10-27T11:14:39","slug":"onguma-the-fort-etosha-2-2","status":"publish","type":"page","link":"http:\/\/kruste.selfhost.me\/wordpress\/?page_id=7891","title":{"rendered":"Nxai Pan Campsite"},"content":{"rendered":"<div id=\"pl-7891\"  class=\"panel-layout\" ><div id=\"pg-7891-0\"  class=\"panel-grid panel-no-style\" ><div id=\"pgc-7891-0-0\"  class=\"panel-grid-cell\" ><div id=\"panel-7891-0-0-0\" class=\"so-panel widget widget_text panel-first-child panel-last-child\" data-index=\"0\" >\t\t\t<div class=\"textwidget\"><p>letztes Update von 10\/2022<\/p>\n<\/div>\n\t\t<\/div><\/div><\/div><div id=\"pg-7891-1\"  class=\"panel-grid panel-no-style\" ><div id=\"pgc-7891-1-0\"  class=\"panel-grid-cell\" ><div id=\"panel-7891-1-0-0\" class=\"so-panel widget widget_black-studio-tinymce widget_black_studio_tinymce panel-first-child panel-last-child\" data-index=\"1\" ><div class=\"textwidget\"><div class=\"style_SkipStroke_2 shape-with-text flowDefining\">\n<div class=\"text-content style_External_485_494\">\n<div class=\"style\"><\/div>\n<div class=\"style\"><\/div>\n<div class=\"style\">\n<div class=\"style\">\n<hr \/>\n<p>Die zurzeit einzige Campsite der Nxai Pan hei\u00dft Southcamp ( Nothcamp wurde nach einem Elefantenangriff geschlossen) und liegt circa 2 Kilometer von Nxai Pan \"B\u00fcro\" entfernt ( 37 km vom Haupteingang ). Die Anfahrt durch den recht tiefen Sand der ersten 35 Kilometer ist nicht ohne und ein 4x4 Fahrzeug zwingend erforderlich. Das einzig permanente betriebene Wasserloch befindet sich 5 Kilometer vom Southcamp entfernt und bietet sehr gute Tier Sichtungen. Elefanten zum Sonnenuntergang, L\u00f6wenrudel bei Sonnenaufgang und unz\u00e4hlige Antilopen w\u00e4hrend des Tages. So war es zumindest im September 2021 und 2022.<\/p>\n<p>Die Campingpl\u00e4tze befinden sich in unmittelbarer N\u00e4he der beiden Waschh\u00e4user und werden st\u00e4ndig von Elefanten besucht. Es war keine Seltenheit, dass die Dickh\u00e4uter direkt neben meinem Auto standen oder auch an meinem Esstisch vorbei zum \"Wasserloch\", dem Duschablauf zogen. Da in der Gegend nicht gejagt wird waren die\u00a0Tiere sehr entspannt.<\/p>\n<p>Eigentlich wollte ich auf meinem Weg vom Central Kalahari Game Reserve ( CKGR )in Richtung Kasane nur einen kurzen Stopp an der Pan machen aber daraus wurde nichts. Ich blieb zwei N\u00e4chte und auch eine weitere h\u00e4tte mich nicht gest\u00f6rt. Nach den vielen Kilometern durch das CKGR empfand ich den kurzen Weg zum Wasserloch \u00a0als sehr angenehm.<\/p>\n<p>Ach ja, es ist einer der wenigen Pl\u00e4tze, an denen man Impalas und Springb\u00f6cke sehen kann.<\/p><\/div>\n<\/div>\n<\/div>\n<\/div>\n<\/div><\/div><\/div><div id=\"pgc-7891-1-1\"  class=\"panel-grid-cell\" ><div id=\"panel-7891-1-1-0\" class=\"so-panel widget widget_black-studio-tinymce widget_black_studio_tinymce panel-first-child panel-last-child\" data-index=\"2\" ><div class=\"textwidget\"><p><img loading=\"lazy\" decoding=\"async\" class=\"aligncenter size-full wp-image-7905\" src=\"http:\/\/kruste.selfhost.me\/wordpress\/wp-content\/uploads\/2021\/11\/20211003_125739.jpg\" alt=\"\" width=\"900\" height=\"1095\" srcset=\"http:\/\/kruste.selfhost.me\/wordpress\/wp-content\/uploads\/2021\/11\/20211003_125739.jpg 900w, http:\/\/kruste.selfhost.me\/wordpress\/wp-content\/uploads\/2021\/11\/20211003_125739-247x300.jpg 247w, http:\/\/kruste.selfhost.me\/wordpress\/wp-content\/uploads\/2021\/11\/20211003_125739-842x1024.jpg 842w, http:\/\/kruste.selfhost.me\/wordpress\/wp-content\/uploads\/2021\/11\/20211003_125739-123x150.jpg 123w, http:\/\/kruste.selfhost.me\/wordpress\/wp-content\/uploads\/2021\/11\/20211003_125739-768x934.jpg 768w, http:\/\/kruste.selfhost.me\/wordpress\/wp-content\/uploads\/2021\/11\/20211003_125739-631x768.jpg 631w\" sizes=\"auto, (max-width: 900px) 100vw, 900px\" \/><\/p>\n<\/div><\/div><\/div><\/div><div id=\"pg-7891-2\"  class=\"panel-grid panel-no-style\" ><div id=\"pgc-7891-2-0\"  class=\"panel-grid-cell\" ><div id=\"panel-7891-2-0-0\" class=\"so-panel widget widget_black-studio-tinymce widget_black_studio_tinymce panel-first-child\" data-index=\"3\" ><h3 class=\"widget-title\">Preise:<\/h3><div class=\"textwidget\"><hr \/>\n<p>Campsite f\u00fcr ein Fahrzeug und eine Person 399 Pula<\/p>\n<\/div><\/div><div id=\"panel-7891-2-0-1\" class=\"so-panel widget widget_black-studio-tinymce widget_black_studio_tinymce\" data-index=\"4\" ><h3 class=\"widget-title\">Kommunikation:<\/h3><div class=\"textwidget\"><div id=\"id4\" class=\"style_SkipStroke_4 shape-with-text\">\n<div class=\"text-content graphic_textbox_layout_style_default_External_138_130\">\n<div class=\"graphic_textbox_layout_style_default\">\n<hr \/>\n<p class=\"Caption\">Ich habe mein Handy nicht benutzt und kann nicht sagen ob der Platz per Mobilfunk erreichbar ist.<\/p>\n<\/div>\n<\/div>\n<\/div>\n<\/div><\/div><div id=\"panel-7891-2-0-2\" class=\"so-panel widget widget_text\" data-index=\"5\" >\t\t\t<div class=\"textwidget\"><p><code><\/p>\n<section class=\"parallax-section\">\n<div class=\"parallax-window\" data-z-index=\"0\" data-position-x=\"left\" data-parallax=\"scroll\" data-speed=\".3\" data-image-src=\"http:\/\/kruste.selfhost.me\/wordpress\/wp-content\/uploads\/2021\/11\/BOT3770.jpg\" style=\"align-items: flex-start;min-height: 650px;\">\n<div class=\"parallax-container parallax-content\">\n<\/div>\n<\/div>\n<\/section>\n<p><\/code><\/p>\n<\/div>\n\t\t<\/div><div id=\"panel-7891-2-0-3\" class=\"so-panel widget widget_black-studio-tinymce widget_black_studio_tinymce\" data-index=\"6\" ><h3 class=\"widget-title\">Anreise:<\/h3><div class=\"textwidget\"><hr \/>\n<p><span style=\"color: #000000;\">Vom\u00a0Haupteingang bis zur Campsite sind es 37 Kilometer und davon 35 Kilometer in tiefem Sand.<br \/>\nDie Strecke ist aber machbar und wer sich festfahren sollte bekommt Hilfe von den anderen G\u00e4ste.<\/span><\/p>\n<p>&nbsp;<\/p>\n<\/div><\/div><div id=\"panel-7891-2-0-4\" class=\"so-panel widget widget_black-studio-tinymce widget_black_studio_tinymce\" data-index=\"7\" ><h3 class=\"widget-title\">Meine Reisezeiten:<\/h3><div class=\"textwidget\"><hr \/>\n<ul>\n<li>September 2021<\/li>\n<li>September 2022<\/li>\n<\/ul>\n<p class=\"paragraph_style\">\n<\/p><\/div><\/div><div id=\"panel-7891-2-0-5\" class=\"so-panel widget widget_black-studio-tinymce widget_black_studio_tinymce\" data-index=\"8\" ><h3 class=\"widget-title\">Das Wetter:<\/h3><div class=\"textwidget\"><hr \/>\n<p class=\"paragraph_style\">September 2021<\/p>\n<ul>\n<li>Blauer Himmel und keine Wolken. Tags\u00fcber recht warm ( 30\u00b0C) und in der Nacht angenehm. Nach den -2\u00b0C in der Kalahari war ich froh \u00fcber diese Temperaturen.<\/li>\n<\/ul>\n<p>September 2022<\/p>\n<ul>\n<li>Teilweise sehr hei\u00df und es waren sicher 40\u00b0C. Keine Wolken in Sichtweite.<\/li>\n<\/ul>\n<\/div><\/div><div id=\"panel-7891-2-0-6\" class=\"so-panel widget widget_black-studio-tinymce widget_black_studio_tinymce\" data-index=\"9\" ><h3 class=\"widget-title\">Stellplatz:<\/h3><div class=\"textwidget\"><hr \/>\n<p style=\"color: #919191;\"><span style=\"color: #000000;\">Die Stellpl\u00e4tze sind recht einfach und ohne Strom. Der Weg zum Waschhaus ist in den meisten F\u00e4llen sehr kurz aber bitte immer auf die Elefanten aufpassen.<\/span><\/p>\n<p>Leider liegen die Stellpl\u00e4tze recht dicht nebeneinander und man sollte sich mit seinem Nachbarn schon gut verstehen.<\/p>\n<p>Campsite 7, 8, 9 und 10 bieten keinen Schatten<\/p>\n<\/div><\/div><div id=\"panel-7891-2-0-7\" class=\"so-panel widget widget_black-studio-tinymce widget_black_studio_tinymce\" data-index=\"10\" ><div class=\"textwidget\"><p><img loading=\"lazy\" decoding=\"async\" class=\"aligncenter size-full wp-image-7877\" src=\"http:\/\/kruste.selfhost.me\/wordpress\/wp-content\/uploads\/2021\/11\/BOT4277.jpg\" alt=\"\" width=\"1385\" height=\"900\" srcset=\"http:\/\/kruste.selfhost.me\/wordpress\/wp-content\/uploads\/2021\/11\/BOT4277.jpg 1385w, http:\/\/kruste.selfhost.me\/wordpress\/wp-content\/uploads\/2021\/11\/BOT4277-300x195.jpg 300w, http:\/\/kruste.selfhost.me\/wordpress\/wp-content\/uploads\/2021\/11\/BOT4277-1024x665.jpg 1024w, http:\/\/kruste.selfhost.me\/wordpress\/wp-content\/uploads\/2021\/11\/BOT4277-150x97.jpg 150w, http:\/\/kruste.selfhost.me\/wordpress\/wp-content\/uploads\/2021\/11\/BOT4277-768x499.jpg 768w\" sizes=\"auto, (max-width: 1385px) 100vw, 1385px\" \/><\/p>\n<\/div><\/div><div id=\"panel-7891-2-0-8\" class=\"so-panel widget widget_black-studio-tinymce widget_black_studio_tinymce\" data-index=\"11\" ><h3 class=\"widget-title\">Personal:<\/h3><div class=\"textwidget\"><hr \/>\n<p style=\"color: #919191;\"><span style=\"color: #000000;\">Die Mitarbeiter sind hilfsbereit und freundlich. Es werden Tipps zur Befahrbarkeit der Wegen gegeben oder Tiersichtungen notiert.<\/span><\/p><\/div><\/div><div id=\"panel-7891-2-0-9\" class=\"so-panel widget widget_black-studio-tinymce widget_black_studio_tinymce\" data-index=\"12\" ><h3 class=\"widget-title\">Aktivit\u00e4ten: <\/h3><div class=\"textwidget\"><hr \/>\n<p class=\"Caption\">Das in Betrieb befindliche Wasserloch ist der H\u00f6hepunkt der Nxai Pan. Es macht zwar auch Spa\u00df mal eine Runde \u00fcber die Pan zu fahren, jedoch konnte ich dort keine weiteren Tiere entdecken.<\/p>\n<p>Den Baobab Loop habe ich aus diesem Grund auch nicht befahren, da mir die 9 Kilometer zu holperig und anstrengend waren. Leider gab es im Sep 2021 Buschbr\u00e4nde im Norden der Pan sonst h\u00e4tte ich sicher den n\u00f6rdlichen Loop zur Khama Khama Pan ausprobiert.<\/p>\n<p>&nbsp;<\/p>\n<\/div><\/div><div id=\"panel-7891-2-0-10\" class=\"so-panel widget widget_black-studio-tinymce widget_black_studio_tinymce panel-last-child\" data-index=\"13\" ><h3 class=\"widget-title\">Tipps:<\/h3><div class=\"textwidget\"><hr \/>\n<p>Fr\u00fch am Morgen zum Wasserloch und dort eine Zeit verweilen. Auch wenn es nicht den Anschein macht, die L\u00f6wen sind in der N\u00e4he.<\/p>\n<p>Am Abend lassen sich wunderbar Elefanten vor der untergehenden Sonne fotografieren.<\/p>\n<\/div><\/div><\/div><\/div><div id=\"pg-7891-3\"  class=\"panel-grid panel-no-style\" ><div id=\"pgc-7891-3-0\"  class=\"panel-grid-cell\" ><div id=\"panel-7891-3-0-0\" class=\"so-panel widget widget_black-studio-tinymce widget_black_studio_tinymce panel-first-child\" data-index=\"14\" ><h3 class=\"widget-title\">Sicherheit:<\/h3><div class=\"textwidget\"><hr \/>\n<p class=\"paragraph_style\">Auch wenn die Elefanten einen entspannten Eindruck gemacht haben, Respekt sollte man immer haben denn es sind wilde Tiere.<\/p>\n<p>Dies zeigte sich im September 2022, als ein Elefant Gefallen an der Motorhaube eines Mietwagen fand. Zum Gl\u00fcck keine sehr gro\u00dfe Beule jedoch standen die Touristen unter Schock.<\/p>\n<p>&nbsp;<\/p>\n<\/div><\/div><div id=\"panel-7891-3-0-1\" class=\"so-panel widget widget_black-studio-tinymce widget_black_studio_tinymce\" data-index=\"15\" ><h3 class=\"widget-title\">Klartext:<\/h3><div class=\"textwidget\"><hr \/>\n<p>Die Anreise ist nicht ohne und ausser dem einen aktiven Wasserloch gibt es nicht viel; aber mir hat es gereicht.<\/p>\n<p>&nbsp;<\/p>\n<\/div><\/div><div id=\"panel-7891-3-0-2\" class=\"so-panel widget widget_black-studio-tinymce widget_black_studio_tinymce panel-last-child\" data-index=\"16\" ><div class=\"textwidget\"><p><img loading=\"lazy\" decoding=\"async\" class=\"aligncenter size-full wp-image-7906\" src=\"http:\/\/kruste.selfhost.me\/wordpress\/wp-content\/uploads\/2021\/11\/20211003_160513.jpg\" alt=\"\" width=\"1600\" height=\"883\" srcset=\"http:\/\/kruste.selfhost.me\/wordpress\/wp-content\/uploads\/2021\/11\/20211003_160513.jpg 1600w, http:\/\/kruste.selfhost.me\/wordpress\/wp-content\/uploads\/2021\/11\/20211003_160513-300x166.jpg 300w, http:\/\/kruste.selfhost.me\/wordpress\/wp-content\/uploads\/2021\/11\/20211003_160513-1024x565.jpg 1024w, http:\/\/kruste.selfhost.me\/wordpress\/wp-content\/uploads\/2021\/11\/20211003_160513-150x83.jpg 150w, http:\/\/kruste.selfhost.me\/wordpress\/wp-content\/uploads\/2021\/11\/20211003_160513-768x424.jpg 768w, http:\/\/kruste.selfhost.me\/wordpress\/wp-content\/uploads\/2021\/11\/20211003_160513-1536x848.jpg 1536w\" sizes=\"auto, (max-width: 1600px) 100vw, 1600px\" \/><\/p>\n<\/div><\/div><\/div><\/div><\/div>","protected":false},"excerpt":{"rendered":"<p>letztes Update von 10\/2022 Die zurzeit einzige Campsite der Nxai Pan hei\u00dft Southcamp ( Nothcamp wurde nach einem Elefantenangriff geschlossen) und liegt circa 2 Kilometer<\/p>\n","protected":false},"author":1,"featured_media":0,"parent":7898,"menu_order":0,"comment_status":"closed","ping_status":"closed","template":"","meta":{"footnotes":""},"class_list":["post-7891","page","type-page","status-publish","hentry"],"_links":{"self":[{"href":"http:\/\/kruste.selfhost.me\/wordpress\/index.php?rest_route=\/wp\/v2\/pages\/7891","targetHints":{"allow":["GET"]}}],"collection":[{"href":"http:\/\/kruste.selfhost.me\/wordpress\/index.php?rest_route=\/wp\/v2\/pages"}],"about":[{"href":"http:\/\/kruste.selfhost.me\/wordpress\/index.php?rest_route=\/wp\/v2\/types\/page"}],"author":[{"embeddable":true,"href":"http:\/\/kruste.selfhost.me\/wordpress\/index.php?rest_route=\/wp\/v2\/users\/1"}],"replies":[{"embeddable":true,"href":"http:\/\/kruste.selfhost.me\/wordpress\/index.php?rest_route=%2Fwp%2Fv2%2Fcomments&post=7891"}],"version-history":[{"count":2,"href":"http:\/\/kruste.selfhost.me\/wordpress\/index.php?rest_route=\/wp\/v2\/pages\/7891\/revisions"}],"predecessor-version":[{"id":7900,"href":"http:\/\/kruste.selfhost.me\/wordpress\/index.php?rest_route=\/wp\/v2\/pages\/7891\/revisions\/7900"}],"up":[{"embeddable":true,"href":"http:\/\/kruste.selfhost.me\/wordpress\/index.php?rest_route=\/wp\/v2\/pages\/7898"}],"wp:attachment":[{"href":"http:\/\/kruste.selfhost.me\/wordpress\/index.php?rest_route=%2Fwp%2Fv2%2Fmedia&parent=7891"}],"curies":[{"name":"wp","href":"https:\/\/api.w.org\/{rel}","templated":true}]}}