{"id":7908,"date":"2021-11-30T19:45:11","date_gmt":"2021-11-30T17:45:11","guid":{"rendered":"https:\/\/kruste.selfhost.me\/wordpress\/?page_id=7908"},"modified":"2021-12-02T18:43:06","modified_gmt":"2021-12-02T16:43:06","slug":"onguma-the-fort-etosha-2-3","status":"publish","type":"page","link":"http:\/\/kruste.selfhost.me\/wordpress\/?page_id=7908","title":{"rendered":"Central Kalahari Game Reserve (CKGR)"},"content":{"rendered":"<div id=\"pl-7908\"  class=\"panel-layout\" ><div id=\"pg-7908-0\"  class=\"panel-grid panel-no-style\" ><div id=\"pgc-7908-0-0\"  class=\"panel-grid-cell\" ><div id=\"panel-7908-0-0-0\" class=\"so-panel widget widget_black-studio-tinymce widget_black_studio_tinymce panel-first-child panel-last-child\" data-index=\"0\" ><div class=\"textwidget\"><div class=\"style_SkipStroke_2 shape-with-text flowDefining\">\n<div class=\"text-content style_External_485_494\">\n<div class=\"style\"><\/div>\n<div class=\"style\"><\/div>\n<div class=\"style\">\n<div class=\"style\">\n<hr \/>\n<p>Ein riesiges Gebiet ist das Central Kalahari Game Reserve (CKGR) und es geh\u00f6rt mit seinen 55.000 km\u00b2 zu den gr\u00f6\u00dften Naturschutzgebieten der Welt. Zum Vergleich, Niederdachsen hat eine Fl\u00e4che von knapp 48.000 km\u00b2.<br \/>\nDas ein gutes 4x4 Fahrzeug f\u00fcr diesen Teil der Welt eine Voraussetzung ist, brauche ich hoffentlich nicht explizit zu bemerken. Jeder der in diese Region f\u00e4hrt sollte sich bewusst sein, dass er in eine abgeschiedene Savannen\/D\u00fcnenlandschaft reist in der es keine Tankstelle, keinen Shop und keine Werkstatt gibt.<\/p><\/div>\n<p>Aber etwas mehr zu diesem einzigartigen Park.<\/p>\n<p>Zu erreichen ist das CKGR im S\u00fcden \u00fcber das Khuste Game Reserve, im Westen \u00fcber das Xade Gate, im Nord\/Westen durch das Tsau Gate und im Nord\/Osten \u00fcber das Matswere Gate.<br \/>\nDer \"belebteste\" Teil der Central Kalahari liegt dabei im Norden, wo auch die gr\u00f6\u00dfte Anzahl an Campingpl\u00e4tzen ( 16 St\u00fcck ) zur Verf\u00fcgung steht. W\u00e4hrend meiner Reisezeit im September 2021 waren nur das Wasserloch der Piper Pan sowie das der Sunday Pan in Betrieb und dies waren auch meine H\u00f6hepunkte des CKGR.<\/p>\n<p>Mit Gl\u00fcck konnte ich hier L\u00f6wen aber auch Geparden beobachten und war dabei oft ohne weitere Fahrzeuge direkt bei den Tieren. Einmalig war die Gepardenmutter mit Ihren drei Jungstern auf der Leopard Pan ( in der N\u00e4he der Sunday Pan).<br \/>\nEntt\u00e4uscht habe ich jedoch die Campingpl\u00e4tze Kori \/ Desertion Valley verlassen, da hier so gut wie keine Tiere zu sehen waren.<\/p>\n<p>&nbsp;<\/p>\n<div class=\"style\">\n<p>&nbsp;<\/p><\/div>\n<\/div>\n<\/div>\n<\/div>\n<\/div><\/div><\/div><div id=\"pgc-7908-0-1\"  class=\"panel-grid-cell\" ><div id=\"panel-7908-0-1-0\" class=\"so-panel widget widget_black-studio-tinymce widget_black_studio_tinymce panel-first-child panel-last-child\" data-index=\"1\" ><div class=\"textwidget\"><p><img loading=\"lazy\" decoding=\"async\" class=\"aligncenter size-full wp-image-7912\" src=\"http:\/\/kruste.selfhost.me\/wordpress\/wp-content\/uploads\/2021\/11\/BOT1974.jpg\" alt=\"\" width=\"900\" height=\"1161\" srcset=\"http:\/\/kruste.selfhost.me\/wordpress\/wp-content\/uploads\/2021\/11\/BOT1974.jpg 900w, http:\/\/kruste.selfhost.me\/wordpress\/wp-content\/uploads\/2021\/11\/BOT1974-233x300.jpg 233w, http:\/\/kruste.selfhost.me\/wordpress\/wp-content\/uploads\/2021\/11\/BOT1974-794x1024.jpg 794w, http:\/\/kruste.selfhost.me\/wordpress\/wp-content\/uploads\/2021\/11\/BOT1974-116x150.jpg 116w, http:\/\/kruste.selfhost.me\/wordpress\/wp-content\/uploads\/2021\/11\/BOT1974-768x991.jpg 768w, http:\/\/kruste.selfhost.me\/wordpress\/wp-content\/uploads\/2021\/11\/BOT1974-595x768.jpg 595w\" sizes=\"auto, (max-width: 900px) 100vw, 900px\" \/><\/p>\n<\/div><\/div><\/div><\/div><div id=\"pg-7908-1\"  class=\"panel-grid panel-no-style\" ><div id=\"pgc-7908-1-0\"  class=\"panel-grid-cell\" ><div id=\"panel-7908-1-0-0\" class=\"so-panel widget widget_black-studio-tinymce widget_black_studio_tinymce panel-first-child\" data-index=\"2\" ><h3 class=\"widget-title\">Xade Gate<\/h3><div class=\"textwidget\"><hr \/>\n<p>Dieses Eingangstor liegt im Westen des Parks und ist \u00fcber eine 25 Kilometer langen Zufahrtsweg ab der Cutline (Brandschutzlinie) zu erreichen. Die Anreise war nicht sonderlich interessant und die Fahrspuren wiesen tiefen Spurrillen und Tiefsand auf.<\/p>\n<p>F\u00fcr die 25 km habe ich sicher 70 Minuten ben\u00f6tigt. Auch die Cutline ab der Ortschaft Kang, das sind circa 130 Kilometer, war schwierig zu befahren. Wegen des tiefen Sand war es kaum m\u00f6glich \u00a0bei interessanten Tiersichtungen anzuhalten ohne die Gefahr des Festfahrens einzugehen. Ich hatte mich eigentlich auf dieses Abenteuer gefreut werde bei meiner n\u00e4chsten Reise jedoch versuchen diese Strecke zu vermeiden. Eventuell habe ich mich ja auch nur etwas zu sp\u00e4t auf den Weg gemacht und der Sand ist morgens einfach griffiger.<\/p>\n<p>Vom Xade Gate liegt die n\u00e4chste Campsite ( Piper Pan ) circa 70 Kilometer entfernt, Fahrzeit gut 3 Stunden.<\/p>\n<\/div><\/div><div id=\"panel-7908-1-0-1\" class=\"so-panel widget widget_text\" data-index=\"3\" >\t\t\t<div class=\"textwidget\"><p><code><\/p>\n<section class=\"parallax-section\">\n<div class=\"parallax-window\" data-z-index=\"0\" data-position-x=\"left\" data-parallax=\"scroll\" data-speed=\".3\" data-image-src=\"http:\/\/kruste.selfhost.me\/wordpress\/wp-content\/uploads\/2021\/11\/COS_1490.jpg\" style=\"align-items: flex-start;min-height: 650px;\">\n<div class=\"parallax-container parallax-content\">\n<\/div>\n<\/div>\n<\/section>\n<p><\/code><\/p>\n<\/div>\n\t\t<\/div><div id=\"panel-7908-1-0-2\" class=\"so-panel widget widget_black-studio-tinymce widget_black_studio_tinymce panel-last-child\" data-index=\"4\" ><h3 class=\"widget-title\">Matswere Gate:<\/h3><div class=\"textwidget\"><hr \/>\n<p><span style=\"color: #000000;\">Dieses Eingangstor liegt im Nord\/Osten des Parks und ist \u00fcber eine, zum Teil recht tiefsandige, Fahrspur zu erreichen. Der kleine Ort Rakops liegt circa 45 Kilometer vom Gate entfernt und ist der einzige Punkt in der Umgebung, an dem es eine Tankstelle gibt. Vom Fahrgef\u00fchl her waren diese 45 Kilometer weit angenehmer zu fahren als die 25 Kilometer zum Xade Gate jedoch kann ich nicht einsch\u00e4tzen wie es in der Regenzeit aussieht, da der Weg st\u00e4ndig tiefe, ich nenne es einmal Wellen, aufzeigte. Diese Wellen zogen sich \u00fcber vielleicht 20 Meter und waren gut einen Meter tief. Sollte sich hier das Wasser sammeln k\u00f6nnte es problematisch werden.<\/span><\/p>\n<p>Das Deception Valley ( hier liegt die Campsite Kori ) ist noch einmal 40 Kilometer vom Gate entfernt.<\/p>\n<p>&nbsp;<\/p>\n<p>&nbsp;<\/p>\n<\/div><\/div><\/div><\/div><div id=\"pg-7908-2\"  class=\"panel-grid panel-no-style\" ><div id=\"pgc-7908-2-0\"  class=\"panel-grid-cell\" ><div id=\"panel-7908-2-0-0\" class=\"so-panel widget panel-first-child\" data-index=\"5\" ><\/div><div id=\"panel-7908-2-0-1\" class=\"so-panel widget panel-last-child\" data-index=\"6\" ><\/div><\/div><div id=\"pgc-7908-2-1\"  class=\"panel-grid-cell\" ><div id=\"panel-7908-2-1-0\" class=\"so-panel widget widget_media_image panel-first-child panel-last-child\" data-index=\"7\" ><img loading=\"lazy\" decoding=\"async\" width=\"783\" height=\"907\" src=\"http:\/\/kruste.selfhost.me\/wordpress\/wp-content\/uploads\/2021\/11\/BOT2011-884x1024.jpg\" class=\"image wp-image-7913  attachment-large size-large\" alt=\"\" style=\"max-width: 100%; height: auto;\" srcset=\"http:\/\/kruste.selfhost.me\/wordpress\/wp-content\/uploads\/2021\/11\/BOT2011-884x1024.jpg 884w, http:\/\/kruste.selfhost.me\/wordpress\/wp-content\/uploads\/2021\/11\/BOT2011-259x300.jpg 259w, http:\/\/kruste.selfhost.me\/wordpress\/wp-content\/uploads\/2021\/11\/BOT2011-129x150.jpg 129w, http:\/\/kruste.selfhost.me\/wordpress\/wp-content\/uploads\/2021\/11\/BOT2011-768x890.jpg 768w, http:\/\/kruste.selfhost.me\/wordpress\/wp-content\/uploads\/2021\/11\/BOT2011-663x768.jpg 663w, http:\/\/kruste.selfhost.me\/wordpress\/wp-content\/uploads\/2021\/11\/BOT2011.jpg 900w\" sizes=\"auto, (max-width: 783px) 100vw, 783px\" \/><\/div><\/div><\/div><div id=\"pg-7908-3\"  class=\"panel-grid panel-no-style\" ><div id=\"pgc-7908-3-0\"  class=\"panel-grid-cell\" ><div id=\"panel-7908-3-0-0\" class=\"so-panel widget widget_black-studio-tinymce widget_black_studio_tinymce panel-first-child\" data-index=\"8\" ><h3 class=\"widget-title\">\u00dcber das CKGR:<\/h3><div class=\"textwidget\"><hr \/>\n<ul>\n<li class=\"paragraph_style\">Gegr\u00fcndet wurde das Reserve 1961<\/li>\n<li>Tierbestand: L\u00f6wen, Geparden, Leoparden, Schakale, Zebras, Gnus, Springbl\u00f6cke, Giraffen, Kuhantilopen, Hy\u00e4nen, Honigdachs, Erdm\u00e4nnchen.<br \/>\nElefanten habe ich nur im Bereich um das Xade Gate gesehen, L\u00f6ffelhunde leider keine. Generell gibt es im Norden bessere M\u00f6glichkeiten Tiere zu beobachten.<\/li>\n<li>Schlangen und Skorpione sind \u00fcberall anzutreffen.<\/li>\n<li>Verpflegung: Es gibt KEINEN Shop und KEINE M\u00f6glichkeit Treibstoff sowie Trinkwasser zu bekommen. Bitte den Aufenthalt im Park gut vorbereiten.<\/li>\n<li>Das CKGR ist nicht umz\u00e4unt ( wie alle staatlichen Naturschutzgebiete in Botswana ) und die Tiere sind somit auch auf der Cutline entlang der Parkgrenzen anzutreffen.<\/li>\n<li>Die Trockenzeit geht von Mai bis Oktober wobei es im Oktober recht hei\u00df werden kann. Im Juni \/ Juli sollte ein warmer Pulli im Gep\u00e4ck nicht fehlen.<\/li>\n<li>Buschbr\u00e4nde treten im Sep\/Okt auf. W\u00e4hrend meiner Reise im Jahr 2021 gab es viele Br\u00e4nde und ich habe den Park aus Sicherheitsgr\u00fcnden fr\u00fcher verlassen.<br \/>\nDas hohe und trockene Gras entz\u00fcndete sich sehr leicht.<\/li>\n<li>Strecken\/Entfernungen: Leider kann ich hier keine generelle Fahrzeiten zwischen den Campsites auflisten. Es ist wetterbedingt und im Januar unterscheiden sich die Befahrbarkeit der Weg sehr vom September.<br \/>\nK\u00e4mpft man in der Regenzeit mit Matsch und Wasser machen einem in der Trockenzeit tiefe Spurrillen und weicher Sand das Leben schwer.<br \/>\nEine kleine Richtlinie f\u00fcr den Monat September:<br \/>\nXade - Piper Pan 3 Stunden<br \/>\nKori - Sunday Pan 1 Stunde<br \/>\nSunday Pan - Leopard Pan 30 Minuten<\/li>\n<\/ul>\n<p>&nbsp;<\/p>\n<\/div><\/div><div id=\"panel-7908-3-0-1\" class=\"so-panel widget widget_black-studio-tinymce widget_black_studio_tinymce panel-last-child\" data-index=\"9\" ><div class=\"textwidget\"><p><img loading=\"lazy\" decoding=\"async\" class=\"aligncenter size-full wp-image-7914\" src=\"http:\/\/kruste.selfhost.me\/wordpress\/wp-content\/uploads\/2021\/11\/BOT1853.jpg\" alt=\"\" width=\"1600\" height=\"893\" srcset=\"http:\/\/kruste.selfhost.me\/wordpress\/wp-content\/uploads\/2021\/11\/BOT1853.jpg 1600w, http:\/\/kruste.selfhost.me\/wordpress\/wp-content\/uploads\/2021\/11\/BOT1853-300x167.jpg 300w, http:\/\/kruste.selfhost.me\/wordpress\/wp-content\/uploads\/2021\/11\/BOT1853-1024x572.jpg 1024w, http:\/\/kruste.selfhost.me\/wordpress\/wp-content\/uploads\/2021\/11\/BOT1853-150x84.jpg 150w, http:\/\/kruste.selfhost.me\/wordpress\/wp-content\/uploads\/2021\/11\/BOT1853-768x429.jpg 768w, http:\/\/kruste.selfhost.me\/wordpress\/wp-content\/uploads\/2021\/11\/BOT1853-1536x857.jpg 1536w\" sizes=\"auto, (max-width: 1600px) 100vw, 1600px\" \/><\/p>\n<\/div><\/div><\/div><\/div><\/div>","protected":false},"excerpt":{"rendered":"<p>Ein riesiges Gebiet ist das Central Kalahari Game Reserve (CKGR) und es geh\u00f6rt mit seinen 55.000 km\u00b2 zu den gr\u00f6\u00dften Naturschutzgebieten der Welt. Zum Vergleich,<\/p>\n","protected":false},"author":1,"featured_media":0,"parent":7404,"menu_order":0,"comment_status":"closed","ping_status":"closed","template":"","meta":{"footnotes":""},"class_list":["post-7908","page","type-page","status-publish","hentry"],"_links":{"self":[{"href":"http:\/\/kruste.selfhost.me\/wordpress\/index.php?rest_route=\/wp\/v2\/pages\/7908","targetHints":{"allow":["GET"]}}],"collection":[{"href":"http:\/\/kruste.selfhost.me\/wordpress\/index.php?rest_route=\/wp\/v2\/pages"}],"about":[{"href":"http:\/\/kruste.selfhost.me\/wordpress\/index.php?rest_route=\/wp\/v2\/types\/page"}],"author":[{"embeddable":true,"href":"http:\/\/kruste.selfhost.me\/wordpress\/index.php?rest_route=\/wp\/v2\/users\/1"}],"replies":[{"embeddable":true,"href":"http:\/\/kruste.selfhost.me\/wordpress\/index.php?rest_route=%2Fwp%2Fv2%2Fcomments&post=7908"}],"version-history":[{"count":2,"href":"http:\/\/kruste.selfhost.me\/wordpress\/index.php?rest_route=\/wp\/v2\/pages\/7908\/revisions"}],"predecessor-version":[{"id":7920,"href":"http:\/\/kruste.selfhost.me\/wordpress\/index.php?rest_route=\/wp\/v2\/pages\/7908\/revisions\/7920"}],"up":[{"embeddable":true,"href":"http:\/\/kruste.selfhost.me\/wordpress\/index.php?rest_route=\/wp\/v2\/pages\/7404"}],"wp:attachment":[{"href":"http:\/\/kruste.selfhost.me\/wordpress\/index.php?rest_route=%2Fwp%2Fv2%2Fmedia&parent=7908"}],"curies":[{"name":"wp","href":"https:\/\/api.w.org\/{rel}","templated":true}]}}