{"id":7944,"date":"2022-01-29T17:45:23","date_gmt":"2022-01-29T15:45:23","guid":{"rendered":"https:\/\/kruste.selfhost.me\/wordpress\/?page_id=7944"},"modified":"2022-01-29T18:04:23","modified_gmt":"2022-01-29T16:04:23","slug":"veronika-bed-breakfast-swakopmund","status":"publish","type":"page","link":"http:\/\/kruste.selfhost.me\/wordpress\/?page_id=7944","title":{"rendered":"Elephants Sand (Nata)"},"content":{"rendered":"<div id=\"pl-7944\"  class=\"panel-layout\" ><div id=\"pg-7944-0\"  class=\"panel-grid panel-no-style\" ><div id=\"pgc-7944-0-0\"  class=\"panel-grid-cell\" ><div id=\"panel-7944-0-0-0\" class=\"so-panel widget widget_black-studio-tinymce widget_black_studio_tinymce panel-first-child panel-last-child\" data-index=\"0\" ><div class=\"textwidget\"><div class=\"style_SkipStroke_2 shape-with-text flowDefining\">\n<div class=\"text-content style_External_485_494\">\n<div class=\"style\">\n<hr \/>\n<\/div>\n<div class=\"style\">\n<div class=\"style\">\n<p style=\"color: #919191;\"><span style=\"color: #000000;\">Die <a href=\"https:\/\/www.elephantsands.com\/\" target=\"_blank\" rel=\"noopener\">Elephant Sands Lodge &amp; Campsites<\/a>\u00a0wurden mir auf meinen Reisen oft empfohlen und die Leute schw\u00e4rmte regelrecht von diesem Platz. Viele Elefanten in einer tollen Umgebung soll man dort bewundern k\u00f6nnen und da die Lodge direkt auf meinem Weg von der Nxai Pan nach Kasane lag, beschloss ich ein Nacht dort zu bleiben. Ich nehme es gleich vorweg, mein Ding war es nicht aber dazu sp\u00e4ter mehr.<\/span><\/p>\n<p>Die Anreise erfolgt \u00fcber die A33 entweder aus S\u00fcden ab Nata ( 55 km ) oder aus dem 250 Kilometer n\u00f6rdlich liegenden Kasane. Von der \"Autobahn A33\" sind es dann noch wenige 100 Meter bis zum Camp und hier liegt schon der erste negative Punkt. LKW's und schnelle Fahrzeuge sind von der Lodge aus gut zu h\u00f6ren. Es st\u00f6rt zwar nicht gewaltig aber in der freien Wildnis befindet man sich hier definitiv\u00a0nicht.<\/p>\n<p>Auch der gro\u00dfe Tanklaster, der mir in Nata begegnete, h\u00e4tte mich stutzig machen sollen. Auf Ihm stand so etwas wie \"Hier kommt frisches Wasser f\u00fcr unsere Elefanten von Elephant Sands\" und dies h\u00f6rt sich nicht wirklich nach freier Natur an.<\/p>\n<p>Aber ich wollte mir das ganze ansehen und eine Alternative hatte ich nicht parat.<\/p>\n<p>Der Aufbau der Anlage ist recht einfach erkl\u00e4rt. Es gibt ein Wasserloch um welches Zelte, Bungalows, Restaurant und Campingpl\u00e4tze angeordnet sind. Ein kleiner Bereich wurde nicht zugebaut und hier m\u00fcssen die Elefanten entlang um zum Wasser zu gelangen.<\/p>\n<p>Da in der n\u00e4heren Umgebung wohl keine weiter Wasserstelle f\u00fcr die Tiere vorhanden ist, hat der Gast quasi eine Elefantengarantie. Zu meiner Reisezeit waren eigentlich immer mindestens 5 Elefanten am Wasserloch und es war ein st\u00e4ndiges Kommen und Gehen der Tiere.<\/p>\n<p style=\"color: #919191;\"><span style=\"color: #000000;\"> \u00a0<\/span><\/p>\n<hr \/>\n<p>&nbsp;<\/p><\/div>\n<\/div>\n<\/div>\n<\/div>\n<\/div><\/div><\/div><div id=\"pgc-7944-0-1\"  class=\"panel-grid-cell\" ><div id=\"panel-7944-0-1-0\" class=\"so-panel widget widget_black-studio-tinymce widget_black_studio_tinymce panel-first-child panel-last-child\" data-index=\"1\" ><div class=\"textwidget\"><p><img loading=\"lazy\" decoding=\"async\" class=\"aligncenter size-full wp-image-7945\" src=\"http:\/\/kruste.selfhost.me\/wordpress\/wp-content\/uploads\/2022\/01\/20211005_154619.jpg\" alt=\"\" width=\"900\" height=\"1200\" srcset=\"http:\/\/kruste.selfhost.me\/wordpress\/wp-content\/uploads\/2022\/01\/20211005_154619.jpg 900w, http:\/\/kruste.selfhost.me\/wordpress\/wp-content\/uploads\/2022\/01\/20211005_154619-225x300.jpg 225w, http:\/\/kruste.selfhost.me\/wordpress\/wp-content\/uploads\/2022\/01\/20211005_154619-768x1024.jpg 768w, http:\/\/kruste.selfhost.me\/wordpress\/wp-content\/uploads\/2022\/01\/20211005_154619-113x150.jpg 113w, http:\/\/kruste.selfhost.me\/wordpress\/wp-content\/uploads\/2022\/01\/20211005_154619-576x768.jpg 576w\" sizes=\"auto, (max-width: 900px) 100vw, 900px\" \/><\/p>\n<\/div><\/div><\/div><\/div><div id=\"pg-7944-1\"  class=\"panel-grid panel-no-style\" ><div id=\"pgc-7944-1-0\"  class=\"panel-grid-cell\" ><div id=\"panel-7944-1-0-0\" class=\"so-panel widget widget_black-studio-tinymce widget_black_studio_tinymce panel-first-child\" data-index=\"2\" ><h3 class=\"widget-title\">Preise:<\/h3><div class=\"textwidget\"><hr \/>\n<p style=\"color: #929292;\"><span style=\"color: #000000;\"><i>Zimmerpreis von 910 Pula f\u00fcr das Single Chalet bis 1700 Pula f\u00fcr ein Family Chalet<\/i><\/span><\/p>\n<p>Der Campingstellplatz ist mit 120 Pula recht g\u00fcnstig<\/p>\n<\/div><\/div><div id=\"panel-7944-1-0-1\" class=\"so-panel widget widget_black-studio-tinymce widget_black_studio_tinymce\" data-index=\"3\" ><h3 class=\"widget-title\">Kommunikation:<\/h3><div class=\"textwidget\"><div id=\"id4\" class=\"style_SkipStroke_4 shape-with-text\">\n<div class=\"text-content graphic_textbox_layout_style_default_External_138_130\">\n<div class=\"graphic_textbox_layout_style_default\">\n<hr \/>\n<p class=\"Caption\">Per Mobilfunk ist man erreichbar. Internetzugang per WLAN ist\u00a0kostenfrei m\u00f6glich.<\/p>\n<\/div>\n<\/div>\n<\/div>\n<\/div><\/div><div id=\"panel-7944-1-0-2\" class=\"so-panel widget widget_text\" data-index=\"4\" >\t\t\t<div class=\"textwidget\"><section class=\"parallax-section\">\n<div class=\"parallax-window\" data-z-index=\"1\" data-position-x=\"left\" data-parallax=\"scroll\" data-speed=\".3\" data-image-src=\"http:\/\/kruste.selfhost.me\/wordpress\/wp-content\/uploads\/2022\/01\/COS_2288.jpg\" style=\"align-items: flex-start;min-height: 550px;\">\n<div class=\"parallax-container parallax-content\">\n<\/div>\n<\/div>\n<\/section>\n<\/div>\n\t\t<\/div><div id=\"panel-7944-1-0-3\" class=\"so-panel widget widget_black-studio-tinymce widget_black_studio_tinymce\" data-index=\"5\" ><h3 class=\"widget-title\">Anreise:<\/h3><div class=\"textwidget\"><hr \/>\n<p style=\"color: #919191;\"><span style=\"color: #000000;\">Mit dem Mietwagen sind es 55 Kilometer ab Nata bzw. 250 Kilometer ab Kasane. Die Hauptstrasse A33 war im Oktober 2021 in einem guten Zustand jedoch gilt auch hier, wie \u00fcberall in Botswana, ACHTUNG vor freilaufenden Tieren.<\/span><\/p>\n<p>Elefanten, Kudus aber auch Geparden oder Wildhunde k\u00f6nnen unmittelbar vor dem Fahrzeug auftauchen.<\/p>\n<\/div><\/div><div id=\"panel-7944-1-0-4\" class=\"so-panel widget widget_black-studio-tinymce widget_black_studio_tinymce\" data-index=\"6\" ><h3 class=\"widget-title\">Meine Reisezeiten:<\/h3><div class=\"textwidget\"><hr \/>\n<ul>\n<li>Oktober 2021<\/li>\n<\/ul>\n<p class=\"paragraph_style\">\n<\/p><\/div><\/div><div id=\"panel-7944-1-0-5\" class=\"so-panel widget widget_black-studio-tinymce widget_black_studio_tinymce\" data-index=\"7\" ><h3 class=\"widget-title\">Das Wetter:<\/h3><div class=\"textwidget\"><hr \/>\n<p class=\"paragraph_style\">Oktober 2021<\/p>\n<ul>\n<li>\n<p style=\"color: #919191;\"><span style=\"color: #000000;\">Angenehme bis hohe Temperaturen und leichte Bew\u00f6lkung.\u00a0<\/span><\/p>\n<\/li>\n<\/ul>\n<\/div><\/div><div id=\"panel-7944-1-0-6\" class=\"so-panel widget widget_black-studio-tinymce widget_black_studio_tinymce\" data-index=\"8\" ><h3 class=\"widget-title\">Zimmer:<\/h3><div class=\"textwidget\"><hr \/>\n<p><span style=\"color: #000000;\"><span style=\"caret-color: #000000;\">Die Zelte sahen aus der Entfernung etwas mitgenommen aus und einige waren sicher nicht bewohnbar. \u00dcber den Zustand in den Bungalows kann nichts schreiben, da ich mich f\u00fcr einen Campingplatz entschieden hatte.<\/span><\/span><\/p>\n<p>Der Stellplatz f\u00fcr die Camper liegt direkt neben dem Restaurant und bietet einen nach Geschlechtern getrennten Waschbereich mit einfachen Duschen. Sollten die Campingpl\u00e4tze gut gebucht sein k\u00f6nnte es hier sehr eng werden.<\/p>\n<p>Im Oktober 2021 waren nicht viele G\u00e4ste im Elephant Sands und so reichten die 2 Waschbecken aus.<\/p>\n<p>Generell gilt, wer zu erst kommt zeltet am Wasserloch. Alle weiteren G\u00e4ste stehen in zweiter oder dritter Reihe.<\/p>\n<\/div><\/div><div id=\"panel-7944-1-0-7\" class=\"so-panel widget widget_black-studio-tinymce widget_black_studio_tinymce\" data-index=\"9\" ><div class=\"textwidget\"><\/div><\/div><div id=\"panel-7944-1-0-8\" class=\"so-panel widget widget_black-studio-tinymce widget_black_studio_tinymce\" data-index=\"10\" ><h3 class=\"widget-title\">K\u00fcche \/ Restaurant:<\/h3><div class=\"textwidget\"><hr \/>\n<p><span style=\"color: #000000;\"><span style=\"caret-color: #000000;\">Es gab kaltes Bier.<\/span><\/span><\/p>\n<p>Das Buffet am Abend traf meinen Geschmack nicht so. Es hatte den Flair nach Kantinenessen und ich h\u00e4tte doch lieber den Grill anmachen sollen.<\/p>\n<\/div><\/div><div id=\"panel-7944-1-0-9\" class=\"so-panel widget widget_black-studio-tinymce widget_black_studio_tinymce\" data-index=\"11\" ><h3 class=\"widget-title\">Personal:<\/h3><div class=\"textwidget\"><hr \/>\n<p style=\"color: #919191;\"><span style=\"color: #000000;\">Sehr freundlich. Ich konnte mir den Campingplatz vor der Buchung ansehen und auch die Bedienung waren stets aufmerksam.<\/span><\/p><\/div><\/div><div id=\"panel-7944-1-0-10\" class=\"so-panel widget widget_black-studio-tinymce widget_black_studio_tinymce\" data-index=\"12\" ><h3 class=\"widget-title\">Aktivit\u00e4ten:<\/h3><div class=\"textwidget\"><hr \/>\n<p><span style=\"color: #000000;\"><span style=\"caret-color: #000000;\">Ich glaube die Lodge wird von den meisten G\u00e4sten nur f\u00fcr einen Zwischenstopp genutzt.\u00a0<\/span><\/span><\/p>\n<p>Ein kaltes Bier am Wasserloch und die badenen Elefanten beobachten. Das ist die einzige Aktivit\u00e4t aber daf\u00fcr \u00fcbernachten die G\u00e4ste hier.<\/p>\n<\/div><\/div><div id=\"panel-7944-1-0-11\" class=\"so-panel widget widget_black-studio-tinymce widget_black_studio_tinymce panel-last-child\" data-index=\"13\" ><h3 class=\"widget-title\">Tipps:<\/h3><div class=\"textwidget\"><hr \/>\n<ul>\n<li><span style=\"color: #000000;\">Wenn alle G\u00e4ste im Bett sind das Wasserloch beobachten. Die Elefanten kommen sehr nah an den abgesperrten Bereich. Da gibt es doch schon eine\u00a0G\u00e4nsehaut auch wenn ich nicht der gro\u00dfe\u00a0Elefantenfan bin.<\/span><\/li>\n<\/ul>\n<\/div><\/div><\/div><\/div><div id=\"pg-7944-2\"  class=\"panel-grid panel-no-style\" ><div id=\"pgc-7944-2-0\"  class=\"panel-grid-cell\" ><div id=\"panel-7944-2-0-0\" class=\"so-panel widget widget_black-studio-tinymce widget_black_studio_tinymce panel-first-child\" data-index=\"14\" ><h3 class=\"widget-title\">Sicherheit:<\/h3><div class=\"textwidget\"><hr \/>\n<p class=\"paragraph_style\">Die Elefanten gehen direkt am Campingplatz vorbei und r\u00fctteln auch schon mal an den geparkten Fahrzeug vorm Bungalow.<\/p>\n<p>Alle Elefanten waren sehr entspannt jedoch sind es wilde Tiere und dessen sollte man sich stets bewusst sein.<\/p>\n<\/div><\/div><div id=\"panel-7944-2-0-1\" class=\"so-panel widget widget_black-studio-tinymce widget_black_studio_tinymce\" data-index=\"15\" ><h3 class=\"widget-title\">Klartext:<\/h3><div class=\"textwidget\"><hr \/>\n<p><span style=\"color: #000000;\">Das ist nicht mein Platz.<br \/>\nDas Wasserloch ist k\u00fcnstlich angelegt und die Elefanten werden gef\u00fcttert. In Restaurant macht sich das Klima eines \"alles Inklusive\" Hotel in der Karibik breit ( Ich hoffe Ihr versteht was ich damit sagen m\u00f6chte ) und das Gef\u00fchl von freier Wildnis war nicht existent.<\/span><\/p>\n<p>&nbsp;<\/p>\n<p><span style=\"color: #000000;\">Bei meiner n\u00e4chsten Reise werde ich diesen Platz meiden, jedoch gab es wenig vielversprechende Unterk\u00fcnfte in der N\u00e4he. \u00a0<\/span><\/p>\n<\/div><\/div><div id=\"panel-7944-2-0-2\" class=\"so-panel widget widget_black-studio-tinymce widget_black_studio_tinymce panel-last-child\" data-index=\"16\" ><div class=\"textwidget\"><p><img loading=\"lazy\" decoding=\"async\" class=\"aligncenter size-full wp-image-7947\" src=\"http:\/\/kruste.selfhost.me\/wordpress\/wp-content\/uploads\/2022\/01\/20211005_161916.jpg\" alt=\"\" width=\"1600\" height=\"817\" srcset=\"http:\/\/kruste.selfhost.me\/wordpress\/wp-content\/uploads\/2022\/01\/20211005_161916.jpg 1600w, http:\/\/kruste.selfhost.me\/wordpress\/wp-content\/uploads\/2022\/01\/20211005_161916-300x153.jpg 300w, http:\/\/kruste.selfhost.me\/wordpress\/wp-content\/uploads\/2022\/01\/20211005_161916-1024x523.jpg 1024w, http:\/\/kruste.selfhost.me\/wordpress\/wp-content\/uploads\/2022\/01\/20211005_161916-150x77.jpg 150w, http:\/\/kruste.selfhost.me\/wordpress\/wp-content\/uploads\/2022\/01\/20211005_161916-768x392.jpg 768w, http:\/\/kruste.selfhost.me\/wordpress\/wp-content\/uploads\/2022\/01\/20211005_161916-1536x784.jpg 1536w\" sizes=\"auto, (max-width: 1600px) 100vw, 1600px\" \/><\/p>\n<\/div><\/div><\/div><\/div><\/div>","protected":false},"excerpt":{"rendered":"<p>Die Elephant Sands Lodge &amp; Campsites\u00a0wurden mir auf meinen Reisen oft empfohlen und die Leute schw\u00e4rmte regelrecht von diesem Platz. Viele Elefanten in einer tollen<\/p>\n","protected":false},"author":1,"featured_media":0,"parent":7404,"menu_order":0,"comment_status":"closed","ping_status":"closed","template":"","meta":{"footnotes":""},"class_list":["post-7944","page","type-page","status-publish","hentry"],"_links":{"self":[{"href":"http:\/\/kruste.selfhost.me\/wordpress\/index.php?rest_route=\/wp\/v2\/pages\/7944","targetHints":{"allow":["GET"]}}],"collection":[{"href":"http:\/\/kruste.selfhost.me\/wordpress\/index.php?rest_route=\/wp\/v2\/pages"}],"about":[{"href":"http:\/\/kruste.selfhost.me\/wordpress\/index.php?rest_route=\/wp\/v2\/types\/page"}],"author":[{"embeddable":true,"href":"http:\/\/kruste.selfhost.me\/wordpress\/index.php?rest_route=\/wp\/v2\/users\/1"}],"replies":[{"embeddable":true,"href":"http:\/\/kruste.selfhost.me\/wordpress\/index.php?rest_route=%2Fwp%2Fv2%2Fcomments&post=7944"}],"version-history":[{"count":1,"href":"http:\/\/kruste.selfhost.me\/wordpress\/index.php?rest_route=\/wp\/v2\/pages\/7944\/revisions"}],"predecessor-version":[{"id":7946,"href":"http:\/\/kruste.selfhost.me\/wordpress\/index.php?rest_route=\/wp\/v2\/pages\/7944\/revisions\/7946"}],"up":[{"embeddable":true,"href":"http:\/\/kruste.selfhost.me\/wordpress\/index.php?rest_route=\/wp\/v2\/pages\/7404"}],"wp:attachment":[{"href":"http:\/\/kruste.selfhost.me\/wordpress\/index.php?rest_route=%2Fwp%2Fv2%2Fmedia&parent=7944"}],"curies":[{"name":"wp","href":"https:\/\/api.w.org\/{rel}","templated":true}]}}