{"id":797,"date":"2014-11-11T19:18:19","date_gmt":"2014-11-11T18:18:19","guid":{"rendered":"http:\/\/kruste.selfhost.me\/wordpress\/?page_id=797"},"modified":"2020-08-04T11:03:53","modified_gmt":"2020-08-04T09:03:53","slug":"singo-lodge-pafuri","status":"publish","type":"page","link":"http:\/\/kruste.selfhost.me\/wordpress\/?page_id=797","title":{"rendered":"Singo Lodge (Pafuri)"},"content":{"rendered":"<div id=\"pl-797\"  class=\"panel-layout\" ><div id=\"pg-797-0\"  class=\"panel-grid panel-no-style\" ><div id=\"pgc-797-0-0\"  class=\"panel-grid-cell\" ><div id=\"panel-797-0-0-0\" class=\"so-panel widget widget_black-studio-tinymce widget_black_studio_tinymce panel-first-child panel-last-child\" data-index=\"0\" ><div class=\"textwidget\"><div class=\"style_SkipStroke_2 shape-with-text flowDefining\">\n<div class=\"text-content style_External_485_494\">\n<div class=\"style\">\n<hr \/>\n<\/div>\n<div class=\"style\">\n<p class=\"paragraph_style\">Der Ausblick\u00a0ist es !<\/p>\n<p class=\"paragraph_style\">Die <a href=\"http:\/\/www.golimpopo.com\/our-parks\/nature-reserves\/makuya-nature-reserve\" target=\"_blank\" rel=\"noopener\">Singo Lodge<\/a> wurde mir bei meinem Aufenthalt in der Pafuri River Lodge w\u00e4rmstens empfohlen.<\/p>\n<blockquote>\n<p class=\"paragraph_style\">Da musst Du einmal hin, wenn Du hier in der Gegend bist !<\/p>\n<\/blockquote>\n<p class=\"paragraph_style\">und die Leute hatten recht aber nur wenn man bereit ist ein paar Abstriche in Kauf zu nehmen. \u00a0F\u00fcr jeden sicher nicht der richtige Ort aber mir hat es gut gefallen.<\/p>\n<p class=\"paragraph_style\">Die Lage ist weit ab vom Schuss und man ben\u00f6tigt fast 1 Stunde um vom Kruger Park aus an sein Ziel zu kommen. In der n\u00e4heren Umgebung gibt es nicht viel, nur eine Mine, keine Tankstelle, keinen Supermarkt und das war es. Da es sich bei der Singo Lodge um ein Platz handelt an dem man sich selbst verpflegen muss ,sollte alles gut geplant sein.<\/p>\n<p class=\"paragraph_style\">Die Anfahrt vom Kruger Park ist , sofern es nicht viel geregnet hat, kein gro\u00dfes Problem. Zu meiner Reisezeit war die Br\u00fccke in Masisi jedoch zerst\u00f6rt und wie ich geh\u00f6rt habe, war das schon sehr lange so. Eine Anreise durch das \u00fcberflutete Flussbett kann ich mir nur schwer vorstellen und w\u00fcrde dies als nicht M\u00f6glich einsch\u00e4tzen.<\/p>\n<p class=\"paragraph_style\">Die Lodge selbst befindet sich im Makuya Game Reserve ( einem Big 5 Gebiet ) und grenzt\u00a0direkt an den Kruger Park. Getrennt sind die beiden Reservate nur durch den Luvuhu River. Und hier liegt der Reiz der Anlage. Die Bungalows liegen weit oben auf einem Felsmassiv und der Ausblick erstreckt sich \u00fcber den Kruger Park und den Fluss. Phantastische Sonnenunterg\u00e4nge und ungest\u00f6rte Tierbeobachtungen sind m\u00f6glich.<\/p>\n<p class=\"paragraph_style\">Sollte Interesse an der einer \u00dcbernachtung bestehen bitte auch den Teil \"Klartext\" beachten.<\/p>\n<hr \/>\n<p>&nbsp;<\/p><\/div>\n<\/div>\n<\/div>\n<\/div><\/div><\/div><div id=\"pgc-797-0-1\"  class=\"panel-grid-cell\" ><div id=\"panel-797-0-1-0\" class=\"so-panel widget widget_black-studio-tinymce widget_black_studio_tinymce panel-first-child panel-last-child\" data-index=\"1\" ><div class=\"textwidget\"><p><a href=\"http:\/\/kruste.selfhost.me\/wordpress\/wp-content\/uploads\/2014\/11\/SAF_0564.jpg\"><img loading=\"lazy\" decoding=\"async\" class=\"alignnone size-full wp-image-801\" src=\"http:\/\/kruste.selfhost.me\/wordpress\/wp-content\/uploads\/2014\/11\/SAF_0564.jpg\" alt=\"SAF_0564\" width=\"817\" height=\"1224\" srcset=\"http:\/\/kruste.selfhost.me\/wordpress\/wp-content\/uploads\/2014\/11\/SAF_0564.jpg 817w, http:\/\/kruste.selfhost.me\/wordpress\/wp-content\/uploads\/2014\/11\/SAF_0564-100x150.jpg 100w, http:\/\/kruste.selfhost.me\/wordpress\/wp-content\/uploads\/2014\/11\/SAF_0564-200x300.jpg 200w, http:\/\/kruste.selfhost.me\/wordpress\/wp-content\/uploads\/2014\/11\/SAF_0564-683x1024.jpg 683w, http:\/\/kruste.selfhost.me\/wordpress\/wp-content\/uploads\/2014\/11\/SAF_0564-700x1048.jpg 700w\" sizes=\"auto, (max-width: 817px) 100vw, 817px\" \/><\/a><\/p>\n<\/div><\/div><\/div><\/div><div id=\"pg-797-1\"  class=\"panel-grid panel-no-style\" ><div id=\"pgc-797-1-0\"  class=\"panel-grid-cell\" ><div id=\"panel-797-1-0-0\" class=\"so-panel widget widget_black-studio-tinymce widget_black_studio_tinymce panel-first-child\" data-index=\"2\" ><h3 class=\"widget-title\">Preise:<\/h3><div class=\"textwidget\"><hr \/>\n<ul>\n<li>Eine \u00dcbernachtung 530\u00a0ZAR \u00a0Zelt \/ Bungalow ( Belegung mit 2 Personen m\u00f6glich ).<\/li>\n<li>20 Rand Eintritt pro Person<\/li>\n<li>25 Rand Geb\u00fchr f\u00fcr ein Fahrzeug<\/li>\n<\/ul>\n<\/div><\/div><div id=\"panel-797-1-0-1\" class=\"so-panel widget widget_black-studio-tinymce widget_black_studio_tinymce\" data-index=\"3\" ><h3 class=\"widget-title\">Kommunikation:<\/h3><div class=\"textwidget\"><div id=\"id4\" class=\"style_SkipStroke_4 shape-with-text\">\n<div class=\"text-content graphic_textbox_layout_style_default_External_138_130\">\n<div class=\"graphic_textbox_layout_style_default\">\n<hr \/>\n<p class=\"Caption\">Handyempfang ist gegeben.\u00a0<\/p>\n<\/div>\n<\/div>\n<\/div>\n<\/div><\/div><div id=\"panel-797-1-0-2\" class=\"so-panel widget widget_text\" data-index=\"4\" >\t\t\t<div class=\"textwidget\"><section class=\"parallax-section\">\n<div class=\"parallax-window\" data-z-index=\"1\" data-position-x=\"left\" data-parallax=\"scroll\" data-speed=\".3\" data-image-src=\"http:\/\/kruste.selfhost.me\/wordpress\/wp-content\/uploads\/2020\/08\/SAF_6759.jpg\" style=\"align-items: flex-start;min-height: 550px;\">\n<div class=\"parallax-container parallax-content\">\n<\/div>\n<\/div>\n<\/section>\n<\/div>\n\t\t<\/div><div id=\"panel-797-1-0-3\" class=\"so-panel widget widget_black-studio-tinymce widget_black_studio_tinymce\" data-index=\"5\" ><h3 class=\"widget-title\">Anreise:<\/h3><div class=\"textwidget\"><hr \/>\n<p class=\"paragraph_style_2\">Die Anreise ist etwas trickreich. Ich hatte die GPS Daten bei der Buchung erhalten und habe mich vollst\u00e4ndig darauf verlassen. Ein Fehler wie ich feststellen musste. Mein Navigationsger\u00e4t \u00a0meldete \" Sie haben Ihr Ziel erreicht \", als ich direkt vor dem Bagger in einer Mine stand. Zum Gl\u00fcck wurde mir im Kruger Park schon berichtet, dass die Lodge schwer zu erreichen sein und ich 3 Stunden Fahrzeit einplanen sollte.<\/p>\n<p class=\"paragraph_style_2\">Die Stra\u00dfen waren aber nicht so schlecht wie bef\u00fcrchtet ( bis auf die fehlende Br\u00fccke in Masisi ) und so hatte ich gen\u00fcgend Zeit um die Lodge zu finden. Dank eines freundlichen Minenarbeiters, der in die selbe Richtung fuhr,\u00a0fand ich mein Ziel vor Sonnenuntergang und vor dem Schlie\u00dfen der Eingangstore um 18:00 Uhr. Hat man die richtige Wegbeschreibung, ist die Anfahrt vom Kruger Park ( Pafuri Gate ) bis zum Tor des Makuya Game Reserve in 60 Minuten m\u00f6glich. Weitere 20 Minuten sollte man f\u00fcr den Weg zur Lodge einplanen. Ein 4x4 Fahrzeug ist daf\u00fcr nicht notwendig.<\/p>\n<\/div><\/div><div id=\"panel-797-1-0-4\" class=\"so-panel widget widget_black-studio-tinymce widget_black_studio_tinymce\" data-index=\"6\" ><h3 class=\"widget-title\">Meine Reisezeiten:<\/h3><div class=\"textwidget\"><hr \/>\n<ul>\n<li>September 2014<\/li>\n<li>April 2015<\/li>\n<\/ul>\n<\/div><\/div><div id=\"panel-797-1-0-5\" class=\"so-panel widget widget_black-studio-tinymce widget_black_studio_tinymce\" data-index=\"7\" ><h3 class=\"widget-title\">Das Wetter:<\/h3><div class=\"textwidget\"><hr \/>\n<ul>\n<li><span class=\"style_1\">September 2014<\/span><\/li>\n<\/ul>\n<p>Viel Sonne und beste Temperaturen, es h\u00e4tte nicht besser sein k\u00f6nnen.<\/p>\n<ul>\n<li>April 2015<\/li>\n<\/ul>\n<p>Sehr warm. Gegen Abend zogen Wolken auf und tr\u00fcbten den Blick auf die sch\u00f6nen Sonnenunterg\u00e4nge. Zum Gl\u00fcck nicht am ersten Tag.<\/p>\n<\/div><\/div><div id=\"panel-797-1-0-6\" class=\"so-panel widget widget_black-studio-tinymce widget_black_studio_tinymce\" data-index=\"8\" ><h3 class=\"widget-title\">Zimmer:<\/h3><div class=\"textwidget\"><hr \/>\n<p>Bei den Bungalows handelt es sich um fest installierte Zelte direkt auf einem gro\u00dfen Felsmassiv.<br \/>\nEin Badezimmer mit Dusche ist vorhanden und f\u00fcr die Betten gibt es auf Nachfrage Moskitonetze ( Es hadelt sich hier um eine High Risk Malaria Gegend ). Die M\u00f6bel haben schon bessere Zeiten gesehen aber es geht noch, alles ist sehr einfach gehalten.<\/p>\n<p class=\"paragraph_style\">Die Anlage wirkt leider so, als ob nicht mehr viel Geld investiert wird. Einzelne Bretter des Fu\u00dfbodens sind defekt und andere Kleinigkeiten fallen ins Auge. Ich hoffe, die Besitzer investieren noch in die Anlage.<\/p>\n<\/div><\/div><div id=\"panel-797-1-0-7\" class=\"so-panel widget widget_black-studio-tinymce widget_black_studio_tinymce\" data-index=\"9\" ><div class=\"textwidget\"><p><img loading=\"lazy\" decoding=\"async\" class=\"aligncenter size-full wp-image-7532\" src=\"http:\/\/kruste.selfhost.me\/wordpress\/wp-content\/uploads\/2020\/08\/SAF_0831-scaled.jpg\" alt=\"\" width=\"2560\" height=\"1326\" srcset=\"http:\/\/kruste.selfhost.me\/wordpress\/wp-content\/uploads\/2020\/08\/SAF_0831-scaled.jpg 2560w, http:\/\/kruste.selfhost.me\/wordpress\/wp-content\/uploads\/2020\/08\/SAF_0831-300x155.jpg 300w, http:\/\/kruste.selfhost.me\/wordpress\/wp-content\/uploads\/2020\/08\/SAF_0831-1024x531.jpg 1024w, http:\/\/kruste.selfhost.me\/wordpress\/wp-content\/uploads\/2020\/08\/SAF_0831-150x78.jpg 150w, http:\/\/kruste.selfhost.me\/wordpress\/wp-content\/uploads\/2020\/08\/SAF_0831-768x398.jpg 768w, http:\/\/kruste.selfhost.me\/wordpress\/wp-content\/uploads\/2020\/08\/SAF_0831-1536x796.jpg 1536w, http:\/\/kruste.selfhost.me\/wordpress\/wp-content\/uploads\/2020\/08\/SAF_0831-2048x1061.jpg 2048w\" sizes=\"auto, (max-width: 2560px) 100vw, 2560px\" \/><\/p>\n<\/div><\/div><div id=\"panel-797-1-0-8\" class=\"so-panel widget widget_black-studio-tinymce widget_black_studio_tinymce\" data-index=\"10\" ><h3 class=\"widget-title\">K\u00fcche \/ Restaurant:<\/h3><div class=\"textwidget\"><hr \/>\n<p class=\"Caption\">Fr\u00fchst\u00fcck und Abendessen werden nicht angeboten. Selbstverpflegung ist angesagt. Es steht ein Herd, Grill und eine gasbetriebene K\u00fchltruhe zur Verf\u00fcgung.<\/p>\n<\/div><\/div><div id=\"panel-797-1-0-9\" class=\"so-panel widget widget_black-studio-tinymce widget_black_studio_tinymce\" data-index=\"11\" ><h3 class=\"widget-title\">Personal:<\/h3><div class=\"textwidget\"><hr \/>\n\nLeider wurde kein gro\u00dfes Interesse bei meiner Ankunft gezeigt. Die Einweisung verlief recht knapp und Fragen wurden kaum beantwortet. Ausk\u00fcnfte gab es, wenn \u00fcberhaupt, nur sehr sp\u00e4rlich. Zum Gl\u00fcck war Edward ( ein weiterer Angestellter ) bereit etwas mehr Informationen zu liefern und ich hatte in Ihm einen freundlichen Ansprechpartner gefunden.\n\nRichtig nett wurde es, nachdem ich f\u00fcr alle ein Abendessen mit Getr\u00e4nken ausgegeben hatte. Ein toller Abend mit interessanten Gespr\u00e4chen, es geht doch.<\/div><\/div><div id=\"panel-797-1-0-10\" class=\"so-panel widget widget_black-studio-tinymce widget_black_studio_tinymce\" data-index=\"12\" ><h3 class=\"widget-title\">Aktivit\u00e4ten:<\/h3><div class=\"textwidget\"><hr \/>\n<p>Mit meinem kleinen Mietwagen recht wenig. Ausser der Fahrt zum Kruger Park und eine kurze Erkundung des Reservat hatte ich nicht viele M\u00f6glichkeiten. Das 4x4 Fahrzeug der Lodge war defekt und der Guide f\u00fcr Vogelbeobachtungen kommt immer am n\u00e4chsten Tag. So blieb mir nur der Ausblick vom Zimmer, der aber sehr sch\u00f6n war.<\/p>\n<p>Sollte man im Besitz eines Gel\u00e4ndewagens sein, sieht das Ganze schon besser aus. Donnerstags ist im Makuya Nature Reserve Angeltag und auch sonst ist es m\u00f6glich auf eigene Faust das Gel\u00e4nde zu erkunden. Ich hatte mit meinem Nissan Micra keinen gro\u00dfen Erfolg.<\/p>\n<p>Sogar im April 2015 hatte ich meine Schwierigkeiten. Der\u00a0Nissan Xtrail ( SUV ) hatte\u00a0zwar mehr Bodenfreiheit aber viel weiter bin ich damit auch nicht gekommen. Ich habe das neue Auto fast festgefahren und wollte es nicht ruinieren. Somit rate ich f\u00fcr Fahrten auf dem Gel\u00e4nde dringen zu einem alten 4x4 Gel\u00e4ndewagen.<\/p>\n<\/div><\/div><div id=\"panel-797-1-0-11\" class=\"so-panel widget widget_black-studio-tinymce widget_black_studio_tinymce\" data-index=\"13\" ><h3 class=\"widget-title\">Tipps:<\/h3><div class=\"textwidget\"><hr \/>\n<ul>\n<li><span class=\"style_1\">Der Blick vom Fels in die Natur ist das Highlight hier. Man ben\u00f6tigt ein Fernglas , nette B\u00fccher ( ebooks ohne Strom sind nicht gut ) und das war es auch schon.<br \/><\/span><\/li>\n<\/ul>\n<\/div><\/div><div id=\"panel-797-1-0-12\" class=\"so-panel widget widget_black-studio-tinymce widget_black_studio_tinymce\" data-index=\"14\" ><h3 class=\"widget-title\">Gut zu wissen:<\/h3><div class=\"textwidget\"><hr \/>\n<p>Ja sicher gibt Strom, das wurde mir bei der Reservierung best\u00e4tigt. Das es vor Ort anders aussah bemerkte\u00a0ich erst als ich meine Akkus laden wollte.<\/p>\n<p>Das der Generator nur von 18:00 Uhr bis 21:00 Uhr eingeschaltet wird, erfuhr ich erst in der Singo Lodge. Leider sollte dies auch nur am ersten Abend so sein wie ich sp\u00e4ter feststellen musste. Am zweiten Tag lief der Generator noch 10 Minuten und dann verabschiedete er sich mir einem kurzen \"bubbbbb\".<\/p>\n<p>Der Elektriker kam, wie auch der Guide f\u00fcr die organisierten Ausfl\u00fcge, immer am n\u00e4chsten Tag. Somit blieb der Generator f\u00fcr die Dauer meines Aufenthalt aus. Zum Gl\u00fcck wurden meine Kamera Akkus im Dorf geladen, ohne diesen Service h\u00e4tte ich abreisen m\u00fcssen.<\/p>\n<p>In der Singo Lodge muss man halt immer etwas improvisieren und mich st\u00f6rte es nicht, aber es ist gut das vorab zu wissen.<\/p>\n<p>Update aus dem April 2015: Naja, ein wirkliches Update ist dies nicht \ud83d\ude09 Strom gab es immer noch nicht und das 4x4 Fahrzeug stand, wie sollte es anders auch sein, defekt am Gate. Die Frage nach organisierten Touren sparte ich mir, den der Guide kommt sich erst morgen.<\/p>\n<\/div><\/div><div id=\"panel-797-1-0-13\" class=\"so-panel widget widget_black-studio-tinymce widget_black_studio_tinymce panel-last-child\" data-index=\"15\" ><div class=\"textwidget\"><\/div><\/div><\/div><\/div><div id=\"pg-797-2\"  class=\"panel-grid panel-no-style\" ><div id=\"pgc-797-2-0\"  class=\"panel-grid-cell\" ><div id=\"panel-797-2-0-0\" class=\"so-panel widget widget_black-studio-tinymce widget_black_studio_tinymce panel-first-child\" data-index=\"16\" ><h3 class=\"widget-title\">Klartext:<\/h3><div class=\"textwidget\"><hr \/>\n<p style=\"color: #919191;\"><span style=\"color: #000000;\">Es gab nur wenig Tiersichtungen im Reservat und wenn man Tiere zu Gesicht bekam, waren diese recht scheu. Dieses Verhalten kenne ich bisher nur von Gebieten, in denen gejagt wird. Die besten M\u00f6glichkeiten ergaben sich von der Klippe aus.<\/span><\/p>\n<p style=\"color: #919191;\"><span style=\"color: #000000;\">In der Umgebung gibt es nur wenig Pl\u00e4tze um sich mit Lebensmitteln zu versorgen. Die Angestellten schafften es jedoch f\u00fcr unseren gemeinsamen Grillabend Fleisch und Getr\u00e4nke zu organisieren. Eventuell habe ich ja nur das richtige Gesch\u00e4ft nicht gefunden.<\/span><\/p>\n<p style=\"color: #919191;\"><span style=\"color: #000000;\">Die n\u00e4chste Tankstelle liegt circa 40 Fahrminuten entdecken und man sollte dies vorab einplanen. Die Einheimischen nutzen oft Eselkarren und brauchen kein Benzin \ud83d\ude42<\/span><\/p>\n<p style=\"color: #919191;\">\n<\/p><\/div><\/div><div id=\"panel-797-2-0-1\" class=\"so-panel widget widget_black-studio-tinymce widget_black_studio_tinymce panel-last-child\" data-index=\"17\" ><div class=\"textwidget\"><p style=\"text-align: center;\"><a href=\"http:\/\/kruste.selfhost.me\/wordpress\/wp-content\/uploads\/2014\/11\/SAF_1146.jpg\"><img loading=\"lazy\" decoding=\"async\" class=\"alignnone size-full wp-image-799\" src=\"http:\/\/kruste.selfhost.me\/wordpress\/wp-content\/uploads\/2014\/11\/SAF_1146.jpg\" alt=\"SAF_1146\" width=\"1704\" height=\"587\" data-wp-imgselect=\"1\" srcset=\"http:\/\/kruste.selfhost.me\/wordpress\/wp-content\/uploads\/2014\/11\/SAF_1146.jpg 1704w, http:\/\/kruste.selfhost.me\/wordpress\/wp-content\/uploads\/2014\/11\/SAF_1146-150x51.jpg 150w, http:\/\/kruste.selfhost.me\/wordpress\/wp-content\/uploads\/2014\/11\/SAF_1146-300x103.jpg 300w, http:\/\/kruste.selfhost.me\/wordpress\/wp-content\/uploads\/2014\/11\/SAF_1146-1024x352.jpg 1024w, http:\/\/kruste.selfhost.me\/wordpress\/wp-content\/uploads\/2014\/11\/SAF_1146-700x241.jpg 700w\" sizes=\"auto, (max-width: 1704px) 100vw, 1704px\" \/><\/a><\/p>\n<\/div><\/div><\/div><\/div><\/div>","protected":false},"excerpt":{"rendered":"<p>Der Ausblick\u00a0ist es ! Die Singo Lodge wurde mir bei meinem Aufenthalt in der Pafuri River Lodge w\u00e4rmstens empfohlen. Da musst Du einmal hin, wenn<\/p>\n","protected":false},"author":1,"featured_media":0,"parent":151,"menu_order":0,"comment_status":"closed","ping_status":"closed","template":"","meta":{"footnotes":""},"class_list":["post-797","page","type-page","status-publish","hentry"],"_links":{"self":[{"href":"http:\/\/kruste.selfhost.me\/wordpress\/index.php?rest_route=\/wp\/v2\/pages\/797","targetHints":{"allow":["GET"]}}],"collection":[{"href":"http:\/\/kruste.selfhost.me\/wordpress\/index.php?rest_route=\/wp\/v2\/pages"}],"about":[{"href":"http:\/\/kruste.selfhost.me\/wordpress\/index.php?rest_route=\/wp\/v2\/types\/page"}],"author":[{"embeddable":true,"href":"http:\/\/kruste.selfhost.me\/wordpress\/index.php?rest_route=\/wp\/v2\/users\/1"}],"replies":[{"embeddable":true,"href":"http:\/\/kruste.selfhost.me\/wordpress\/index.php?rest_route=%2Fwp%2Fv2%2Fcomments&post=797"}],"version-history":[{"count":3,"href":"http:\/\/kruste.selfhost.me\/wordpress\/index.php?rest_route=\/wp\/v2\/pages\/797\/revisions"}],"predecessor-version":[{"id":7553,"href":"http:\/\/kruste.selfhost.me\/wordpress\/index.php?rest_route=\/wp\/v2\/pages\/797\/revisions\/7553"}],"up":[{"embeddable":true,"href":"http:\/\/kruste.selfhost.me\/wordpress\/index.php?rest_route=\/wp\/v2\/pages\/151"}],"wp:attachment":[{"href":"http:\/\/kruste.selfhost.me\/wordpress\/index.php?rest_route=%2Fwp%2Fv2%2Fmedia&parent=797"}],"curies":[{"name":"wp","href":"https:\/\/api.w.org\/{rel}","templated":true}]}}