{"id":823,"date":"2014-11-16T20:06:01","date_gmt":"2014-11-16T19:06:01","guid":{"rendered":"http:\/\/kruste.selfhost.me\/wordpress\/?page_id=823"},"modified":"2021-03-13T20:49:37","modified_gmt":"2021-03-13T18:49:37","slug":"afrikhaya-guest-house-st-lucia","status":"publish","type":"page","link":"http:\/\/kruste.selfhost.me\/wordpress\/?page_id=823","title":{"rendered":"Afrikhaya Guest House (St.Lucia)"},"content":{"rendered":"<div id=\"pl-823\"  class=\"panel-layout\" ><div id=\"pg-823-0\"  class=\"panel-grid panel-no-style\" ><div id=\"pgc-823-0-0\"  class=\"panel-grid-cell\" ><div id=\"panel-823-0-0-0\" class=\"so-panel widget widget_black-studio-tinymce widget_black_studio_tinymce panel-first-child panel-last-child\" data-index=\"0\" ><div class=\"textwidget\"><div class=\"style_SkipStroke_2 shape-with-text flowDefining\">\n<div class=\"text-content style_External_485_494\">\n<div class=\"style\">\n<hr \/>\n<p>Vorab, das <a href=\"http:\/\/www.afrikhaya.co.za\/\" target=\"_blank\" rel=\"noopener\">Afrikhaya Guest House<\/a> hat mir von meinen drei besuchten Unterk\u00fcnften in St. Lucia am besten gefallen. Die Lage ist gut, die Besitzer sind sehr freundlich und die Zimmer haben das gewisse Etwas. Nur, dass sich die Terrasse direkt am Parkplatz befindet\u00a0gef\u00e4llt mir nicht.<\/p>\n<p>In St. Lucia ist dies nicht ungew\u00f6hnlich und so liegt auch der Pool recht eng zwischen den Geb\u00e4uden.<\/p>\n<p>Ausflugsziele gibt es in St. Lucia genug und wem der Tag nicht lang genug ist, der hat auch die M\u00f6glichkeit noch Nachts in die Wettlands zu fahren. Die Safaris haben mir gut gefallen. St. Lucia eignet sich aber nicht wirklich f\u00fcr einen Erholsamen Tag am Strand mit Handtuch und Sonnenschirm ( eventuell am Cape Vidal m\u00f6glich ). Hierzu war es im August - Oktober einfach zu windig.<\/p><\/div>\n<\/div>\n<\/div>\n<\/div><\/div><\/div><div id=\"pgc-823-0-1\"  class=\"panel-grid-cell\" ><div id=\"panel-823-0-1-0\" class=\"so-panel widget widget_black-studio-tinymce widget_black_studio_tinymce panel-first-child panel-last-child\" data-index=\"1\" ><div class=\"textwidget\"><p><a href=\"http:\/\/kruste.selfhost.me\/wordpress\/wp-content\/uploads\/2014\/11\/SAF_7043.jpg\"><img loading=\"lazy\" decoding=\"async\" class=\"alignnone size-full wp-image-830\" src=\"http:\/\/kruste.selfhost.me\/wordpress\/wp-content\/uploads\/2014\/11\/SAF_7043.jpg\" alt=\"SAF_7043\" width=\"865\" height=\"1156\" srcset=\"http:\/\/kruste.selfhost.me\/wordpress\/wp-content\/uploads\/2014\/11\/SAF_7043.jpg 865w, http:\/\/kruste.selfhost.me\/wordpress\/wp-content\/uploads\/2014\/11\/SAF_7043-112x150.jpg 112w, http:\/\/kruste.selfhost.me\/wordpress\/wp-content\/uploads\/2014\/11\/SAF_7043-224x300.jpg 224w, http:\/\/kruste.selfhost.me\/wordpress\/wp-content\/uploads\/2014\/11\/SAF_7043-766x1024.jpg 766w, http:\/\/kruste.selfhost.me\/wordpress\/wp-content\/uploads\/2014\/11\/SAF_7043-700x935.jpg 700w\" sizes=\"auto, (max-width: 865px) 100vw, 865px\" \/><\/a><\/p>\n<\/div><\/div><\/div><\/div><div id=\"pg-823-1\"  class=\"panel-grid panel-no-style\" ><div id=\"pgc-823-1-0\"  class=\"panel-grid-cell\" ><div id=\"panel-823-1-0-0\" class=\"so-panel widget widget_black-studio-tinymce widget_black_studio_tinymce panel-first-child\" data-index=\"2\" ><h3 class=\"widget-title\">Preise:<\/h3><div class=\"textwidget\"><ul>\n<li>Das Doppelzimmer kostete\u00a01000\u00a0ZAR f\u00fcr 2 Erwachsene und ein Kind.\u00a0<\/li>\n<\/ul>\n<\/div><\/div><div id=\"panel-823-1-0-1\" class=\"so-panel widget widget_black-studio-tinymce widget_black_studio_tinymce\" data-index=\"3\" ><h3 class=\"widget-title\">Kommunikation:<\/h3><div class=\"textwidget\"><div id=\"id4\" class=\"style_SkipStroke_4 shape-with-text\">\n<div class=\"text-content graphic_textbox_layout_style_default_External_138_130\">\n<div class=\"graphic_textbox_layout_style_default\">\n<hr \/>\n<p class=\"Caption\">In St. Lucia ist der Handyempfang gegeben.\u00a0<\/p>\n<\/div>\n<\/div>\n<\/div>\n<\/div><\/div><div id=\"panel-823-1-0-2\" class=\"so-panel widget widget_text\" data-index=\"4\" >\t\t\t<div class=\"textwidget\"><p><code><\/p>\n<section class=\"parallax-section\">\n<div class=\"parallax-window\" data-z-index=\"0\" data-position-x=\"left\" data-parallax=\"scroll\" data-speed=\".3\" data-image-src=\"http:\/\/kruste.selfhost.me\/wordpress\/wp-content\/uploads\/2021\/03\/SAF_7514.jpg\" style=\"align-items: flex-start;min-height: 550px;\">\n<div class=\"parallax-container parallax-content\">\n<\/div>\n<\/div>\n<\/section>\n<p><\/code><\/p>\n<\/div>\n\t\t<\/div><div id=\"panel-823-1-0-3\" class=\"so-panel widget widget_black-studio-tinymce widget_black_studio_tinymce\" data-index=\"5\" ><h3 class=\"widget-title\">Anreise:<\/h3><div class=\"textwidget\"><hr \/>\n<p><span class=\"style_1\">Ich bin mit dem Mietwagen von Johannesburg aus angereist. Die Fahrzeit betrug dabei 7 Stunden und das ohne Pause. Es zieht sich doch sehr bis man St.Lucia erreicht hat und die Anreise aus Johannesburg w\u00fcrde ich an einem Tag nur empfehlen, wenn die Ankunftszeit recht fr\u00fch ist.<\/span><\/p>\n<\/div><\/div><div id=\"panel-823-1-0-4\" class=\"so-panel widget widget_black-studio-tinymce widget_black_studio_tinymce\" data-index=\"6\" ><h3 class=\"widget-title\">Meine Reisezeiten:<\/h3><div class=\"textwidget\"><hr \/>\n<ul>\n<li><span style=\"font-weight: 500; color: #000000;\">August\u00a02012<\/span><\/li>\n<\/ul>\n<\/div><\/div><div id=\"panel-823-1-0-5\" class=\"so-panel widget widget_black-studio-tinymce widget_black_studio_tinymce\" data-index=\"7\" ><h3 class=\"widget-title\">Das Wetter:<\/h3><div class=\"textwidget\"><hr \/>\n<ul>\n<li>August\u00a02012<\/li>\n<\/ul>\n<p style=\"padding-left: 30px;\"><span class=\"style_1\">Am Tag der Abreise gab es leichten Regen. Sonst war es sehr angenehm aber doch recht windig. Am Strand konnten wir kurze Hosen tragen und auch ein Bad in den Wellen war m\u00f6glich. Die Ausfl\u00fcge zu den Buckelwalen fanden statt doch\u00a0es war eng und zwei Fahrten wurden abgesagt.<\/span><\/p>\n<\/div><\/div><div id=\"panel-823-1-0-6\" class=\"so-panel widget widget_black-studio-tinymce widget_black_studio_tinymce\" data-index=\"8\" ><h3 class=\"widget-title\">Zimmer:<\/h3><div class=\"textwidget\"><hr \/>\n<p class=\"paragraph_style\">Das Zimmer war gro\u00df und sch\u00f6n eingerichtet. Wie so oft gab es nur eine Wand, die den Schlafbereich von der Toilette abtrennt. Das ist nicht so mein Ding.\u00a0<\/p>\n<p class=\"paragraph_style\">Eine kleine Terrasse befindet sich vor dem Zimmer doch\u00a0leider auch direkt am\u00a0Parkplatz. In St. Lucia wird recht eng gebaut.<\/p>\n<p class=\"paragraph_style\">Zur Sicherheit gibt es in jedem Zimmer einen Alarmknopf, der nicht als solcher gekennzeichnet ist. Er funktioniert problemlos, wir haben uns davon \u00fcberzeugt.<\/p>\n<\/div><\/div><div id=\"panel-823-1-0-7\" class=\"so-panel widget widget_black-studio-tinymce widget_black_studio_tinymce\" data-index=\"9\" ><div class=\"textwidget\"><p><img loading=\"lazy\" decoding=\"async\" class=\"size-full wp-image-833 aligncenter\" src=\"http:\/\/kruste.selfhost.me\/wordpress\/wp-content\/uploads\/2014\/11\/SAF_6865-e1465886276460.jpg\" alt=\"SAF_6865\" width=\"900\" height=\"365\" \/><\/p>\n<\/div><\/div><div id=\"panel-823-1-0-8\" class=\"so-panel widget widget_black-studio-tinymce widget_black_studio_tinymce\" data-index=\"10\" ><h3 class=\"widget-title\">K\u00fcche \/ Restaurant:<\/h3><div class=\"textwidget\"><hr \/>\n<p>Der \u00dcbernachtungspreis ist inklusive Fr\u00fchst\u00fcck und dies ist sehr lecker. Mit Gl\u00fcck kann man auch drau\u00dfen sitzen aber das ist abh\u00e4ngig von Wind und Wetter.<\/p>\n<\/div><\/div><div id=\"panel-823-1-0-9\" class=\"so-panel widget widget_black-studio-tinymce widget_black_studio_tinymce\" data-index=\"11\" ><h3 class=\"widget-title\">Personal:<\/h3><div class=\"textwidget\"><hr \/><p><span style=\"color: #000000;\">Die Eigent\u00fcmer Joyce und Marcel geben bereitwillig Auskunft, buchen Ausfl\u00fcge und wir erhielten gute Tipps von Ihnen. Am Anreisetag mussten wir Marcel schon bremsen, da wir noch den Sonnenuntergang bewundern wollten. Gar nicht so leicht \ud83d\ude42\u00a0<\/span><\/p><\/div><\/div><div id=\"panel-823-1-0-10\" class=\"so-panel widget widget_black-studio-tinymce widget_black_studio_tinymce\" data-index=\"12\" ><h3 class=\"widget-title\">Aktivit\u00e4ten:<\/h3><div class=\"textwidget\"><hr \/>\n<p class=\"Caption\">Fahrten in die Wetlands, Whalewatching, Birdwatching oder ein\u00a0Besuch der Krokodilfarm. Ein Bad am Cape Vidal sollte nicht fehlen.<\/p>\n<p class=\"Caption\">Am Abend gibt es sch\u00f6ne Pl\u00e4tze um Sonnenunterg\u00e4nge zu bestaunen oder Kingfischer beim Fischfang zu beobachten. Vorsicht nur vor den Flusspferden, die am Abend aus dem Wasser kommen um sich das frische Gras ( teilweise aus den Vorg\u00e4rten ) zu holen.\u00a0<\/p>\n<\/div><\/div><div id=\"panel-823-1-0-11\" class=\"so-panel widget widget_black-studio-tinymce widget_black_studio_tinymce panel-last-child\" data-index=\"13\" ><h3 class=\"widget-title\">Tipps:<\/h3><div class=\"textwidget\"><hr \/>\n<ul>\n<li>Mein Anliegen war es\u00a0Wale zu beobachten und es hat geklappt. Ein rechtzeitige Buchung der Tour ist notwendig, denn Wind und Wetter k\u00f6nnen die Pl\u00e4ne durchkreuzen. Ich hatte es, dass\u00a0der Wasserstand zu niedrig\u00a0war und konnte so nicht auf's Meer raus. Ein Punkt, den ich mir vorher nicht vorstellen konnte.<span class=\"style_1\"><br \/><\/span><\/li>\n<\/ul>\n<\/div><\/div><\/div><\/div><div id=\"pg-823-2\"  class=\"panel-grid panel-no-style\" ><div id=\"pgc-823-2-0\"  class=\"panel-grid-cell\" ><div id=\"panel-823-2-0-0\" class=\"so-panel widget widget_black-studio-tinymce widget_black_studio_tinymce panel-first-child panel-last-child\" data-index=\"14\" ><div class=\"textwidget\"><p><a href=\"http:\/\/kruste.selfhost.me\/wordpress\/wp-content\/uploads\/2014\/11\/SAF_4854.jpg\"><img loading=\"lazy\" decoding=\"async\" class=\"alignnone size-full wp-image-832\" src=\"http:\/\/kruste.selfhost.me\/wordpress\/wp-content\/uploads\/2014\/11\/SAF_4854.jpg\" alt=\"SAF_4854\" width=\"2089\" height=\"479\" \/><\/a><\/p>\n<\/div><\/div><\/div><\/div><\/div>","protected":false},"excerpt":{"rendered":"<p>Vorab, das Afrikhaya Guest House hat mir von meinen drei besuchten Unterk\u00fcnften in St. Lucia am besten gefallen. Die Lage ist gut, die Besitzer sind<\/p>\n","protected":false},"author":1,"featured_media":0,"parent":154,"menu_order":0,"comment_status":"closed","ping_status":"closed","template":"","meta":{"footnotes":""},"class_list":["post-823","page","type-page","status-publish","hentry"],"_links":{"self":[{"href":"http:\/\/kruste.selfhost.me\/wordpress\/index.php?rest_route=\/wp\/v2\/pages\/823","targetHints":{"allow":["GET"]}}],"collection":[{"href":"http:\/\/kruste.selfhost.me\/wordpress\/index.php?rest_route=\/wp\/v2\/pages"}],"about":[{"href":"http:\/\/kruste.selfhost.me\/wordpress\/index.php?rest_route=\/wp\/v2\/types\/page"}],"author":[{"embeddable":true,"href":"http:\/\/kruste.selfhost.me\/wordpress\/index.php?rest_route=\/wp\/v2\/users\/1"}],"replies":[{"embeddable":true,"href":"http:\/\/kruste.selfhost.me\/wordpress\/index.php?rest_route=%2Fwp%2Fv2%2Fcomments&post=823"}],"version-history":[{"count":1,"href":"http:\/\/kruste.selfhost.me\/wordpress\/index.php?rest_route=\/wp\/v2\/pages\/823\/revisions"}],"predecessor-version":[{"id":2288,"href":"http:\/\/kruste.selfhost.me\/wordpress\/index.php?rest_route=\/wp\/v2\/pages\/823\/revisions\/2288"}],"up":[{"embeddable":true,"href":"http:\/\/kruste.selfhost.me\/wordpress\/index.php?rest_route=\/wp\/v2\/pages\/154"}],"wp:attachment":[{"href":"http:\/\/kruste.selfhost.me\/wordpress\/index.php?rest_route=%2Fwp%2Fv2%2Fmedia&parent=823"}],"curies":[{"name":"wp","href":"https:\/\/api.w.org\/{rel}","templated":true}]}}