{"id":834,"date":"2014-11-17T14:39:04","date_gmt":"2014-11-17T13:39:04","guid":{"rendered":"http:\/\/kruste.selfhost.me\/wordpress\/?page_id=834"},"modified":"2021-08-27T16:56:27","modified_gmt":"2021-08-27T14:56:27","slug":"region-etosha-national-park","status":"publish","type":"page","link":"http:\/\/kruste.selfhost.me\/wordpress\/?page_id=834","title":{"rendered":"Etosha National Park"},"content":{"rendered":"<div id=\"pl-834\"  class=\"panel-layout\" ><div id=\"pg-834-0\"  class=\"panel-grid panel-no-style\" ><div id=\"pgc-834-0-0\"  class=\"panel-grid-cell\" ><div id=\"panel-834-0-0-0\" class=\"so-panel widget widget_black-studio-tinymce widget_black_studio_tinymce panel-first-child\" data-index=\"0\" ><div class=\"textwidget\"><hr \/>\n<p>\u00a0<\/p>\n<\/div><\/div><div id=\"panel-834-0-0-1\" class=\"so-panel widget widget_text panel-last-child\" data-index=\"1\" >\t\t\t<div class=\"textwidget\"><p>\nAktuelle Zeit im Etosha National Park:  21:00 Uhr<br \/>\nZeitzone:  CAT<br \/>\nDie Wettervorhersage f\u00fcr die n\u00e4chsten drei Tage: <\/p>\n<\/div>\n\t\t<\/div><\/div><div id=\"pgc-834-0-1\"  class=\"panel-grid-cell\" ><div id=\"panel-834-0-1-0\" class=\"so-panel widget widget_black-studio-tinymce widget_black_studio_tinymce panel-first-child panel-last-child\" data-index=\"2\" ><div class=\"textwidget\"><p><i><\/i><\/p>\n<div class='weather-atlas-wrapper' style='background:#FF7B00;border:1px solid #ee6a00;color:#fff;'>\n<div class='weather-atlas-header' style='border-bottom:1px solid #ee6a00'>Okaukuejo, NA<\/div>\n<div class='weather-atlas-body'>\n<div class='current_horizontal'>\n<div class='current_temp'><i class='wi wi-fw wi-weather-12'><\/i><span class='temp'>22\u00b0<\/span>\n<div class='current_text'>Regen<\/div>\n<div class='sunrise_sunset'>07:08<i class='wi wi-fw wi-weather-32'><\/i>18:40 CAT<\/div>\n<\/div>\n<p><span class='current_text_2'>Gef\u00fchlt: 22<small>\u00b0C<\/small><br \/>Wind: 10<small>km\/h<\/small> NNE<br \/>Feuchtigkeit: 75<small>%<\/small><br \/>Druck: 1011.51<small>mbar<\/small><br \/>UV-Index: 0<\/span><\/p><\/div>\n<div class='hourly hours' style='border-bottom:1px solid #ee6a00'><span class='extended_hour extended_hour_1'>22<small>h<\/small><\/span><span class='extended_hour extended_hour_2'>23<small>h<\/small><\/span><span class='extended_hour extended_hour_3'>0<small>h<\/small><\/span><span class='extended_hour extended_hour_4'>1<small>h<\/small><\/span><span class='extended_hour extended_hour_5'>2<small>h<\/small><\/span><\/div>\n<div class='hourly'><span class='extended_hour extended_hour_1' title='Vereinzelte Gewitter'>21<small>\u00b0C<\/small><br \/><i class='wi wi-fw wi-weather-47'><\/i><\/span><span class='extended_hour extended_hour_2' title='Regen'>21<small>\u00b0C<\/small><br \/><i class='wi wi-fw wi-weather-12'><\/i><\/span><span class='extended_hour extended_hour_3' title='Schauer'>21<small>\u00b0C<\/small><br \/><i class='wi wi-fw wi-weather-11'><\/i><\/span><span class='extended_hour extended_hour_4' title='Regen'>19<small>\u00b0C<\/small><br \/><i class='wi wi-fw wi-weather-12'><\/i><\/span><span class='extended_hour extended_hour_5' title='Regen'>19<small>\u00b0C<\/small><br \/><i class='wi wi-fw wi-weather-12'><\/i><\/span><\/div>\n<div class='daily days' style='border-bottom:1px solid #ee6a00'><span class='extended_day extended_day_1'>Fr.<\/span><span class='extended_day extended_day_2'>Sa.<\/span><span class='extended_day extended_day_3'>So.<\/span><\/div>\n<div class='daily'><span class='extended_day extended_day_1' title='Meist Sonnig'>28<small>\u00b0C<\/small> \/ 16<small>\u00b0C<\/small><br \/><i class='wi wi-fw wi-weather-34'><\/i><\/span><span class='extended_day extended_day_2' title='Teilweise Bew\u00f6lkt'>29<small>\u00b0C<\/small> \/ 16<small>\u00b0C<\/small><br \/><i class='wi wi-fw wi-weather-30'><\/i><\/span><span class='extended_day extended_day_3' title='Meist Sonnig'>30<small>\u00b0C<\/small> \/ 16<small>\u00b0C<\/small><br \/><i class='wi wi-fw wi-weather-34'><\/i><\/span><\/div>\n<\/div>\n<div class='weather-atlas-footer' style='border-top:1px solid #ee6a00'><a href='https:\/\/www.weather-atlas.com\/en\/namibia\/okaukuejo' title='Okaukuejo, NA - Die Wettervorhersage' style='color:#fff'><span class='weather-atlas-footer-block'>Okaukuejo, NA<\/span> die wettervorhersage &#9656;<\/a><\/div>\n<\/div>\n<p><\/p>\n<\/div><\/div><\/div><\/div><div id=\"pg-834-1\"  class=\"panel-grid panel-no-style\" ><div id=\"pgc-834-1-0\"  class=\"panel-grid-cell\" ><div id=\"panel-834-1-0-0\" class=\"so-panel widget widget_black-studio-tinymce widget_black_studio_tinymce panel-first-child\" data-index=\"3\" ><div class=\"textwidget\"><hr \/>\n<p>Der Etosha National Park ist mit seinen 22.275 km\u00b2 nur gut 2.000 km\u00b2 gr\u00f6\u00dfer als der Kruger National Park aber sonst haben diese Naturschutzreservate nicht viel \u00c4hnlichkeiten.<\/p>\n<p>Das Stra\u00dfennetz im Etosha ist recht \u00fcbersichtlich und besteht fast nur aus Schotterstra\u00dfen, welche mehr oder weniger gut gewartet werden. Gro\u00dfe Teile des Naturschutzgebiet sind nicht mit dem Fahrzeug zu erreichen und den gr\u00f6\u00dften Teil des Parks nimmt die Etosha Pfanne ein. Eine fast 5.000 km\u00b2 gro\u00dfe Senke, die nach einer guten Regenzeit circa 10 cm mit Wasser gef\u00fcllt sein kann. Von dieser Fl\u00e4che stammt der Name Etosha her, was \u00fcbersetzt soviel wie \"gro\u00dfer wei\u00dfer Platz\" bedeutet.<\/p>\n<p>Die Landschaft besteht oft aus Grasfeldern sowie Dornenb\u00fcschen und die Tierdichte empfinde ich als nicht so hoch. Einen sch\u00f6nen Baumbestand, wie ich ihn aus dem Kruger Park kenne, habe ich hier nicht gefunden. Aber trotz der kleinen Entt\u00e4uschung \u00fcber diese Tatsachen hatte ich sch\u00f6ne Begegnungen in dieser Region und nach dem dritten Besuch des Parks gef\u00e4llt er mir mehr und mehr. H\u00e4tte ich nach der ersten Reise noch gesagt 4 Tage sind ausreichend, w\u00fcrde ich heute auch 10 Tage im Park bleiben und es w\u00fcrde nicht langweilig werden.<\/p>\n<p>Vom Prinzip her bewegt man sich meist im Bereich der Wasserl\u00f6cher, da hier die besten Tiersichtungen m\u00f6glich sind. Oft reicht es dabei sich an ein Wasserloch zu stellen und abzuwarten. Da liegen L\u00f6wen faul in der br\u00fctenden Hitze und lassen die Antilopen nicht zum Trinken ans Wasser, das aber nur solange bis sie vom Elefanten verscheucht werden. Wer gerne einmal Geparden sehen m\u00f6chte, ist im Bereich der Fischer's Pan ( Namutoni Fort ) gut aufgehoben. Mit etwas Geduld kann man die Tier morgens beobachten und mit Gl\u00fcck gibt es auch den Nachwuchs vor die Kamera.<\/p>\n<p>Aber nicht nur an den Wasserl\u00f6cher lassen sich Raubkatzen finden, ich durfte z.B.einen Caracal mit Ri\u00df mitten im Busch beobachten oder einen L\u00f6wen mit Zebra Kill auf freier Fl\u00e4che. Wenn sich diese Situationen ergeben, ist oft kein weiteres Fahrzeug in der N\u00e4he und auch dies unterscheidet sich vom Kruger National Park.<\/p>\n<p>&nbsp;<\/p>\n<\/div><\/div><div id=\"panel-834-1-0-1\" class=\"so-panel widget widget_text\" data-index=\"4\" >\t\t\t<div class=\"textwidget\"><p><code><\/p>\n<section class=\"parallax-section\">\n<div class=\"parallax-window\" data-z-index=\"0\" data-position-x=\"left\" data-parallax=\"scroll\" data-speed=\".3\" data-image-src=\"http:\/\/kruste.selfhost.me\/wordpress\/wp-content\/uploads\/2021\/01\/COS_7088_2.jpg\" style=\"align-items: flex-start;min-height: 550px;\">\n<div class=\"parallax-container parallax-content\">\n<\/div>\n<\/div>\n<\/section>\n<p><\/code><\/p>\n<\/div>\n\t\t<\/div><div id=\"panel-834-1-0-2\" class=\"so-panel widget widget_black-studio-tinymce widget_black_studio_tinymce\" data-index=\"5\" ><div class=\"textwidget\"><p>Die Unterk\u00fcnfte im Park empfand ich nicht so schlecht wie der voreilende Ruf hatte erwarten lassen. Berichte \u00fcber unfreundliches Personal und schlechte Zust\u00e4nde der Camps hatten mich von einer Buchung der Unterk\u00fcnfte abgehalten aber ich doch habe andere Erfahrungen gemacht. Die Menschen sind sehr freundlich wenn man sich etwas mit ihnen unterh\u00e4lt und Camps wie Namutoni und Okakuejo haben ihren eigenen Charme. Sicher, die Rastpl\u00e4tze ( wenn man ein zerfallenes Toilettenhaus \u00fcberhaupt so nennen kann ) sind wirklich schlecht und die Wegweiser kaum lesbar\u00a0aber bei den Camps gab es positive \u00dcberraschungen. Da ist zum einen das im jetzt zug\u00e4nglichen Westteil des Park liegende Dolomite Camp. Die auf einem H\u00fcgel liegenden Bungalows bieten einen tollen Blick in die Savanne und wer Gl\u00fcck hatte und Bungalow 13 buchen konnte, will dort nicht wieder weg. Oder das Hauptcamp Okakuejo mit seinem wundersch\u00f6nen Wasserloch. Auf den ersten Blick nicht wirklich spektakul\u00e4r aber dies \u00e4nder sich gegen Abend, wenn die Sonnen alles in ein rot - orange h\u00fcllt und viele Tiere zum Trinken kommen.<\/p>\n<p>&nbsp;<\/p>\n<p>Der verbreitet schlechte Ruf der staatlichen Camps hat sicher dazu gef\u00fchrt, dass sich an den Eingangstoren des Etosha Park einige Hotels bzw. sehr gute Lodges angesiedelt haben.<\/p>\n<ul>\n<li>Am Lindequist-Tor im Osten des Parks kann ich zum Beispiel die Onguma Lodge w\u00e4rmstens empfehlen.<\/li>\n<li>Im Norden bin ich bis zum Nehale IyaMpingana Gate gefahren und muss sagen, dass ich hier doch sehr verwundert war. Hier gab es NICHTS. Auf Nachfarge wurde mir gesagt, dass sich an diesem Zustand in den n\u00e4chsten 50 Kilometern nach dem Tor auch nichts \u00e4ndern w\u00fcrde.<\/li>\n<li>Im S\u00fcden geht es durch das Anderssons-Tor in den Etosha Park und ich habe bei Outjo \u00fcbernachtet. Hier w\u00fcrde ich bei meiner n\u00e4chsten Reise das staatliche Camp Okaukuejo bevorzugen.<\/li>\n<li>Im Westen liegt der Galton Eingang, welcher seit 2014 f\u00fcr Touristen ge\u00f6ffnet ist. Vor den Toren kann ich die Hobatere Lodge f\u00fcr einen kurzen Aufenthalt empfehlen. Im Park liegt das Camp Dolomite. Die Lage des Camps sah verlockend aus und ich buchte die Unterkunft f\u00fcr M\u00e4rz 2020.<\/li>\n<\/ul>\n<p>&nbsp;<\/p>\n<\/div><\/div><div id=\"panel-834-1-0-3\" class=\"so-panel widget widget_black-studio-tinymce widget_black_studio_tinymce panel-last-child\" data-index=\"6\" ><div class=\"textwidget\"><p>Noch kurz etwas Statistik:<\/p>\n<ul>\n<li>Gr\u00f6\u00dfe: gut 22.000 km\u00b2<\/li>\n<li>Stra\u00dfennetz: sehr begrenzt und in der Regenzeit nicht \u00fcberall befahrbar. Wir hatte sogar im Januar ohne Regenf\u00e4lle Probleme mit unserem Toyota Sedan. Einige Strassen waren gesperrt.<\/li>\n<li>Besucher: 200.000 im Jahr<\/li>\n<li>Unterk\u00fcnfte: Olifantsrus, Dolomite, Onkoshi, Halali ( mit Shop) , Namutoni ( mit Shop), Okaukuejo ( mit Shop)<\/li>\n<li>Tiere: 114 S\u00e4ugetierarten, 340 Vogelarten, 110 Reptilien<\/li>\n<li>Die \u00d6ffnungszeiten richten sich nach Sonnen Auf\/Untergang und der Eintritt wird eigentlich nicht am Gate bezahlt sonder in den Camps Okakuejo sowie Namutoni.<\/li>\n<li>Der westliche Teil des Parks ist erst seit 2014 f\u00fcr Besucher freigegeben.<\/li>\n<li>Rastpl\u00e4tze sind nur sehr eingeschr\u00e4nkt vorhanden und Shops oder Funktionierende Toilette sucht man vergebens.<\/li>\n<\/ul>\n<p>&nbsp;<\/p>\n<p>Mein Tipp: Bitte nicht den Etosha National Park mit dem Kruger Park vergleichen. Es sind v\u00f6llig unterschiedliche Gegenden !!!<\/p>\n<p><img loading=\"lazy\" decoding=\"async\" class=\" wp-image-7052 alignleft\" src=\"http:\/\/kruste.selfhost.me\/wordpress\/wp-content\/uploads\/2019\/12\/unterschrift_grau-e1580541964981.jpg\" alt=\"\" width=\"158\" height=\"87\" srcset=\"http:\/\/kruste.selfhost.me\/wordpress\/wp-content\/uploads\/2019\/12\/unterschrift_grau-e1580541964981.jpg 464w, http:\/\/kruste.selfhost.me\/wordpress\/wp-content\/uploads\/2019\/12\/unterschrift_grau-e1580541964981-150x82.jpg 150w, http:\/\/kruste.selfhost.me\/wordpress\/wp-content\/uploads\/2019\/12\/unterschrift_grau-e1580541964981-300x165.jpg 300w\" sizes=\"auto, (max-width: 158px) 100vw, 158px\" \/><\/p>\n<\/div><\/div><\/div><\/div><\/div>","protected":false},"excerpt":{"rendered":"<p>\u00a0 Der Etosha National Park ist mit seinen 22.275 km\u00b2 nur gut 2.000 km\u00b2 gr\u00f6\u00dfer als der Kruger National Park aber sonst haben diese Naturschutzreservate<\/p>\n","protected":false},"author":1,"featured_media":0,"parent":126,"menu_order":0,"comment_status":"closed","ping_status":"closed","template":"","meta":{"footnotes":""},"class_list":["post-834","page","type-page","status-publish","hentry"],"_links":{"self":[{"href":"http:\/\/kruste.selfhost.me\/wordpress\/index.php?rest_route=\/wp\/v2\/pages\/834","targetHints":{"allow":["GET"]}}],"collection":[{"href":"http:\/\/kruste.selfhost.me\/wordpress\/index.php?rest_route=\/wp\/v2\/pages"}],"about":[{"href":"http:\/\/kruste.selfhost.me\/wordpress\/index.php?rest_route=\/wp\/v2\/types\/page"}],"author":[{"embeddable":true,"href":"http:\/\/kruste.selfhost.me\/wordpress\/index.php?rest_route=\/wp\/v2\/users\/1"}],"replies":[{"embeddable":true,"href":"http:\/\/kruste.selfhost.me\/wordpress\/index.php?rest_route=%2Fwp%2Fv2%2Fcomments&post=834"}],"version-history":[{"count":7,"href":"http:\/\/kruste.selfhost.me\/wordpress\/index.php?rest_route=\/wp\/v2\/pages\/834\/revisions"}],"predecessor-version":[{"id":7576,"href":"http:\/\/kruste.selfhost.me\/wordpress\/index.php?rest_route=\/wp\/v2\/pages\/834\/revisions\/7576"}],"up":[{"embeddable":true,"href":"http:\/\/kruste.selfhost.me\/wordpress\/index.php?rest_route=\/wp\/v2\/pages\/126"}],"wp:attachment":[{"href":"http:\/\/kruste.selfhost.me\/wordpress\/index.php?rest_route=%2Fwp%2Fv2%2Fmedia&parent=834"}],"curies":[{"name":"wp","href":"https:\/\/api.w.org\/{rel}","templated":true}]}}