{"id":837,"date":"2014-11-17T22:36:34","date_gmt":"2014-11-17T21:36:34","guid":{"rendered":"http:\/\/kruste.selfhost.me\/wordpress\/?page_id=837"},"modified":"2021-03-12T18:09:42","modified_gmt":"2021-03-12T16:09:42","slug":"onguma-tree-top-camp-etosha","status":"publish","type":"page","link":"http:\/\/kruste.selfhost.me\/wordpress\/?page_id=837","title":{"rendered":"Onguma Tree Top Camp (\u00f6stlich Etosha)"},"content":{"rendered":"<div id=\"pl-837\"  class=\"panel-layout\" ><div id=\"pg-837-0\"  class=\"panel-grid panel-no-style\" ><div id=\"pgc-837-0-0\"  class=\"panel-grid-cell\" ><div id=\"panel-837-0-0-0\" class=\"so-panel widget widget_black-studio-tinymce widget_black_studio_tinymce panel-first-child panel-last-child\" data-index=\"0\" ><div class=\"textwidget\"><div class=\"style_SkipStroke_2 shape-with-text flowDefining\">\n<div class=\"text-content style_External_485_494\">\n<div class=\"style\">\n<hr \/>\n<\/div>\n<div class=\"style\">\n<div class=\"style\">\n<p>Das <a href=\"https:\/\/onguma.com\/de\/onguma-tree-top\/\" target=\"_blank\" rel=\"noopener\">Tree Top Camp<\/a> geh\u00f6rt mit zur Onguma Gruppe und befindet sich vor den Toren des Etosha National Park. Es handelt sich um 4 Bungalows, welche in circa 2\u00a0Meter H\u00f6he \u00fcber dem Boden gebaut wurden. Die Bungalows und der Essbereich sind \u00fcber Holzstege miteinander verbunden. Zum Abend wird eine kleine Holzbr\u00fccke nach oben gezogen, um Tieren den Weg zu den Bungalows zu versperren.<\/p>\n<p>Jeder Bungalow verf\u00fcgt \u00fcber eine Freiluftdusche, Doppelbett mit Moskitonetz, Toilette, Waschbecken und Terrasse mit Blick auf ein Wasserloch. Die W\u00e4nde des Bungalows bestehen aus Zeltplanen und k\u00f6nnen bei Bedarf nach unten grollt werden.<\/p>\n<p>Alles ist liebevoll eingerichtet und man f\u00fchlt sich richtig gut hier. Super sch\u00f6n ist der Blick beim Duschen auf das Wasserloch. Ich hatte Gl\u00fcck und konnte mit einer Giraffe, vielen Impalas und einem Buntspecht duschen. Wo gibt es das sonst.<\/p>\n<p>Mit etwas Gl\u00fcck k\u00f6nnen auch L\u00f6we, Hy\u00e4ne und Gepard am Wasserloch bewundert werden. Wir haben in der Nacht nur die Laute der Tiere geh\u00f6rt.<\/p>\n<p style=\"color: #919191;\"><span style=\"color: #000000;\">Zu unserem Reisetermin\u00a0waren keine weiteren\u00a0G\u00e4ste in der Anlage. Zeiten waren somit nicht vorgegeben und wir konnten bestimmen, was wir wann unternehmen wollten. David, Erasmus, Saki und der Buschf\u00fchrer standen immer zur Verf\u00fcgung, besser geht es nicht.<\/span><\/p>\n<p><span style=\"color: #000000;\">Die Anlage ist sehr sch\u00f6n und sie\u00a0war einer der\u00a0besten Pl\u00e4tze in Namibia. Volle Punktzahl und sehr empfehlenswert.<\/span><\/p>\n<hr \/>\n<p>&nbsp;<\/p><\/div>\n<\/div>\n<\/div>\n<\/div>\n<\/div><\/div><\/div><div id=\"pgc-837-0-1\"  class=\"panel-grid-cell\" ><div id=\"panel-837-0-1-0\" class=\"so-panel widget widget_black-studio-tinymce widget_black_studio_tinymce panel-first-child panel-last-child\" data-index=\"1\" ><div class=\"textwidget\"><p><img loading=\"lazy\" decoding=\"async\" class=\"size-full wp-image-842 alignright\" src=\"http:\/\/kruste.selfhost.me\/wordpress\/wp-content\/uploads\/2014\/11\/SAF_24631-e1465894589645.jpg\" alt=\"SAF_2463\" width=\"654\" height=\"900\" \/><\/p>\n<\/div><\/div><\/div><\/div><div id=\"pg-837-1\"  class=\"panel-grid panel-no-style\" ><div id=\"pgc-837-1-0\"  class=\"panel-grid-cell\" ><div id=\"panel-837-1-0-0\" class=\"so-panel widget widget_black-studio-tinymce widget_black_studio_tinymce panel-first-child\" data-index=\"2\" ><h3 class=\"widget-title\">Preise:<\/h3><div class=\"textwidget\"><hr \/>\n<p class=\"Caption\"><i>Spezielles \u00dcbernachtungspaket\u00a03840 N$ f\u00fcr 3 N\u00e4chte inklusive Halbpension ( pro Person )<\/i><\/p>\n<p><i style=\"font-family: sans-serif; font-variant: normal; line-height: normal;\">Bier 15 N$<\/i><br \/><i style=\"font-family: sans-serif; font-variant: normal; line-height: normal;\">Cola 12N$<\/i><br \/><i style=\"font-family: sans-serif; font-variant: normal; line-height: normal;\">Flasche Wein 145 N$<\/i><br \/><i style=\"font-family: sans-serif; font-variant: normal; line-height: normal;\">Nachtsafari 320 N$<\/i><\/p>\n<\/div><\/div><div id=\"panel-837-1-0-1\" class=\"so-panel widget widget_black-studio-tinymce widget_black_studio_tinymce\" data-index=\"3\" ><h3 class=\"widget-title\">Kommunikation:<\/h3><div class=\"textwidget\"><div id=\"id4\" class=\"style_SkipStroke_4 shape-with-text\">\n<div class=\"text-content graphic_textbox_layout_style_default_External_138_130\">\n<div class=\"graphic_textbox_layout_style_default\">\n<hr \/>\n<p class=\"Caption\">Per Mobilfunk ist man erreichbar. Internetzugang per WLAN ist\u00a0kostenfrei m\u00f6glich.<\/p>\n<\/div>\n<\/div>\n<\/div>\n<\/div><\/div><div id=\"panel-837-1-0-2\" class=\"so-panel widget widget_text\" data-index=\"4\" >\t\t\t<div class=\"textwidget\"><section class=\"parallax-section\">\n<div class=\"parallax-window\" data-z-index=\"1\" data-position-x=\"left\" data-parallax=\"scroll\" data-speed=\".3\" data-image-src=\"http:\/\/kruste.selfhost.me\/wordpress\/wp-content\/uploads\/2020\/07\/SAF_4089.jpg\" style=\"align-items: flex-start;min-height: 550px;\">\n<div class=\"parallax-container parallax-content\">\n<\/div>\n<\/div>\n<\/section>\n<\/div>\n\t\t<\/div><div id=\"panel-837-1-0-3\" class=\"so-panel widget widget_black-studio-tinymce widget_black_studio_tinymce\" data-index=\"5\" ><h3 class=\"widget-title\">Anreise:<\/h3><div class=\"textwidget\"><hr \/>\n<p style=\"color: #919191;\"><span style=\"color: rgb(0, 0, 0);\">Die Anreise mit\u00a0dem Mietwagen dauerte\u00a0ab Erindi 5 Stunden. Pause haben wir auf dem Weg nicht gemacht.<\/span><\/p>\n<\/div><\/div><div id=\"panel-837-1-0-4\" class=\"so-panel widget widget_black-studio-tinymce widget_black_studio_tinymce\" data-index=\"6\" ><h3 class=\"widget-title\">Meine Reisezeiten:<\/h3><div class=\"textwidget\"><hr \/>\n<ul>\n<li>Januar 2014<\/li>\n<li>Februar 2018<\/li>\n<\/ul>\n<p class=\"paragraph_style\">\n<\/p><\/div><\/div><div id=\"panel-837-1-0-5\" class=\"so-panel widget widget_black-studio-tinymce widget_black_studio_tinymce\" data-index=\"7\" ><h3 class=\"widget-title\">Das Wetter:<\/h3><div class=\"textwidget\"><hr \/>\n<p class=\"paragraph_style\">Januar 2014<\/p>\n<ul>\n<li>Die Temperaturen schwankten zwischen 21\u00b0C und 32\u00b0C. Teilweise gab es recht starke Gewitter, dies aber vorwiegend in den Abendstunden.<\/li>\n<\/ul>\n<p>Februar 2018<\/p>\n<ul>\n<li>Viele Wolken am Himmel und von Zeit zu Zeit auch mal ein Schauer. Angenehme Temperaturen f\u00fcr Februar.<\/li>\n<\/ul>\n<\/div><\/div><div id=\"panel-837-1-0-6\" class=\"so-panel widget widget_black-studio-tinymce widget_black_studio_tinymce\" data-index=\"8\" ><h3 class=\"widget-title\">Zimmer:<\/h3><div class=\"textwidget\"><hr \/>\n<p style=\"color: #919191;\"><span style=\"color: #000000;\">Die Zimmer sind auf circa 2 Meter hohen Holzplattformen moniert, welche durch einen Steg miteinander verbunden sind. Jeder Bungalow besitzt ein gro\u00dfes Doppelbett mit Moskitonetz und freien Blick auf ein kleines Wasserloch. Zus\u00e4tzlich gibt es einen Kleiderschrank und eine offene Dusche.<\/span><\/p>\n<p style=\"color: #919191;\"><span style=\"color: #000000;\">Den vorhandenen Ventilator brauchten wir nicht. Es war nicht \u00fcbertrieben hei\u00df und Moskitos hatten wir auch keine.<\/span><\/p>\n<\/div><\/div><div id=\"panel-837-1-0-7\" class=\"so-panel widget widget_black-studio-tinymce widget_black_studio_tinymce\" data-index=\"9\" ><div class=\"textwidget\"><p><img loading=\"lazy\" decoding=\"async\" class=\"aligncenter size-full wp-image-7476\" src=\"http:\/\/kruste.selfhost.me\/wordpress\/wp-content\/uploads\/2020\/07\/NAM_2960-scaled.jpg\" alt=\"\" width=\"2560\" height=\"1103\" srcset=\"http:\/\/kruste.selfhost.me\/wordpress\/wp-content\/uploads\/2020\/07\/NAM_2960-scaled.jpg 2560w, http:\/\/kruste.selfhost.me\/wordpress\/wp-content\/uploads\/2020\/07\/NAM_2960-300x129.jpg 300w, http:\/\/kruste.selfhost.me\/wordpress\/wp-content\/uploads\/2020\/07\/NAM_2960-1024x441.jpg 1024w, http:\/\/kruste.selfhost.me\/wordpress\/wp-content\/uploads\/2020\/07\/NAM_2960-150x65.jpg 150w, http:\/\/kruste.selfhost.me\/wordpress\/wp-content\/uploads\/2020\/07\/NAM_2960-768x331.jpg 768w, http:\/\/kruste.selfhost.me\/wordpress\/wp-content\/uploads\/2020\/07\/NAM_2960-1536x662.jpg 1536w, http:\/\/kruste.selfhost.me\/wordpress\/wp-content\/uploads\/2020\/07\/NAM_2960-2048x882.jpg 2048w\" sizes=\"auto, (max-width: 2560px) 100vw, 2560px\" \/><\/p>\n<\/div><\/div><div id=\"panel-837-1-0-8\" class=\"so-panel widget widget_black-studio-tinymce widget_black_studio_tinymce\" data-index=\"10\" ><h3 class=\"widget-title\">K\u00fcche \/ Restaurant:<\/h3><div class=\"textwidget\"><hr \/>\n<p style=\"color: #919191;\"><span style=\"color: #000000;\">Sehr gut. David und \u201esein\u201c Team geben sich alle M\u00fche. Wir waren\u00a0sehr positiv \u00fcberrascht. Wecken um 05:00 Uhr stellte kein Problem dar. Das um 05:30 Uhr schon das Fr\u00fchst\u00fcck aufgebaut wurde, ist enorm. M\u00fcsli, K\u00e4se, Wurst, Saft, Kaffee, Tee und Eier nach Wunsch. Perfekt f\u00fcr einen Start in den Etosha Park.<\/span><\/p>\n<p style=\"color: #919191;\"><span style=\"color: #000000;\">Das Mittagessen und \"Kaffee mit Kuchen\" haben wir nicht genutzt. Die Gefahr circa 100 Kilo \u00dcbergewicht anzulegen ist sehr gro\u00df.<\/span><\/p>\n<p style=\"color: #919191;\"><span style=\"color: #000000;\">Zum Dinner standen zwei Gerichte zur Auswahl. Fisch oder Wild, Huhn oder Rind und es hat immer sehr gut geschmeckt. T\u00e4glich gab es ein 3 G\u00e4nge Men\u00fc.<\/span><\/p>\n<p style=\"color: #919191;\"><span style=\"color: #000000;\">Die Kr\u00f6nung vor dem Abendbrot war die Ansage von Erasmus:<\/span><\/p>\n<p style=\"color: #919191;\"><span style=\"color: #000000;\">Good Evening, I am the boss of the kitchen today ...... In einer so tiefen Tonlage, dass man fast ehrf\u00fcrchtig vor dem Tresen stand.<\/span><\/p>\n<\/div><\/div><div id=\"panel-837-1-0-9\" class=\"so-panel widget widget_black-studio-tinymce widget_black_studio_tinymce\" data-index=\"11\" ><h3 class=\"widget-title\">Personal:<\/h3><div class=\"textwidget\"><hr \/><p style=\"color: #919191;\"><span style=\"color: #000000;\">\u00dcberaus zuvorkommend. Jeder Wunsch wurde\u00a0erf\u00fcllt. Selbst\u00a0ein Fr\u00fchst\u00fcck um 05:30 Uhr, auch wenn wir die einzigen G\u00e4ste\u00a0waren.<\/span><\/p><\/div><\/div><div id=\"panel-837-1-0-10\" class=\"so-panel widget widget_black-studio-tinymce widget_black_studio_tinymce\" data-index=\"12\" ><h3 class=\"widget-title\">Aktivit\u00e4ten:<\/h3><div class=\"textwidget\"><hr \/>\n<p class=\"Caption\">Die Anlage liegt vor den Toren des Etosha Park. Ausfl\u00fcge in das Naturreservat sind ein muss und aus diesem Grund bucht man die Onguma Lodge wohl auch.<\/p>\n<\/div><\/div><div id=\"panel-837-1-0-11\" class=\"so-panel widget widget_black-studio-tinymce widget_black_studio_tinymce panel-last-child\" data-index=\"13\" ><h3 class=\"widget-title\">Tipps:<\/h3><div class=\"textwidget\"><hr \/>\n<ul>\n<li><span style=\"color: #000000;\">Ausflug in den Etosha Park<\/span><\/li>\n<li><span style=\"color: #000000;\">Zeit f\u00fcr den Ausblick vom Bungalow nehmen.<\/span><\/li>\n<li><span style=\"color: #000000;\">Sonnenuntergang vom \u201eThe Fort\u201c genie\u00dfen.<\/span><\/li>\n<li><span style=\"color: #000000;\">Nachtsafari<\/span><\/li>\n<\/ul>\n<\/div><\/div><\/div><\/div><div id=\"pg-837-2\"  class=\"panel-grid panel-no-style\" ><div id=\"pgc-837-2-0\"  class=\"panel-grid-cell\" ><div id=\"panel-837-2-0-0\" class=\"so-panel widget widget_black-studio-tinymce widget_black_studio_tinymce panel-first-child\" data-index=\"14\" ><h3 class=\"widget-title\">Sicherheit:<\/h3><div class=\"textwidget\"><hr \/>\n<p class=\"paragraph_style\">Kein Problem. Die Zimmer haben keine T\u00fcr aber ich glaube hier verschwindet\u00a0nie etwas.<\/p>\n<\/div><\/div><div id=\"panel-837-2-0-1\" class=\"so-panel widget widget_black-studio-tinymce widget_black_studio_tinymce\" data-index=\"15\" ><h3 class=\"widget-title\">Klartext:<\/h3><div class=\"textwidget\"><hr \/>\n<p style=\"color: #919191;\"><span style=\"color: #000000;\">Der Bungalow ist etwas klein und so kann es passieren, dass die St\u00fchle auf der Terrasse und die darauf befindlichen Sachen nass werden. Bei Regen muss die Zeltwand herunter gerollt werden und wenn das nicht geschieht, wird es nass. Weiter ist der Duschbereich und die eigene Terrasse von den anderen Bungalows einsehbar. Die Dusche nicht wirklich aber es k\u00f6nnte doch sein, dass man etwas Haut preisgibt. Ich fand es nicht tragisch aber es k\u00f6nnte st\u00f6ren.<\/span><\/p>\n<p style=\"color: #919191;\"><span style=\"color: #000000;\">Durch die sehr offene Bauweise der Bungalows ist mit Motten, K\u00e4fern und anderem Getier zu rechnen. M\u00fccken hatten wir zum Gl\u00fcck keine.<\/span><\/p>\n<p style=\"color: #919191;\"><span style=\"color: #000000;\">Die Tree Top Lodge ist nicht von Z\u00e4unen umgeben. Wildtiere bewegen sich frei in der direkten Umgebung. Durch das Hochziehen der Eingangstreppe wird ein Schutz vor diesen Tieren in der Anlage hergestellt. Frei bewegen darf man sich am Tag nur im Bereich des Parkplatz. Nachts ist auch dieser Bereich gesperrt.<\/span><\/p>\n<p style=\"color: #919191;\"><span style=\"color: #000000;\">Ich habe in dieser Lodge eigentlich nur die Sonnenauf \/ Unterg\u00e4nge vermisst. Diese sind in Namibia einmalig. Um trotzdem in den Genuss zu kommen, haben wir durch David einen Sundowner im \u201eThe Fort\u201c reserviert. Das war ein einmaliges Erlebnis. \u00a0 \u00a0<\/span><\/p>\n<p style=\"color: #919191;\"><span style=\"color: #000000;\">Schlecht war die Beleuchtung der Zimmer. Hier ist die Mitnahme einer Taschenlampe anzuraten.<\/span><\/p>\n<p style=\"color: #919191;\"><span style=\"color: #000000;\">Sch\u00f6n w\u00e4re auch ein K\u00fchlschrank im Zimmer.<\/span><\/p>\n<\/div><\/div><div id=\"panel-837-2-0-2\" class=\"so-panel widget widget_black-studio-tinymce widget_black_studio_tinymce panel-last-child\" data-index=\"16\" ><div class=\"textwidget\"><p><img loading=\"lazy\" decoding=\"async\" class=\"aligncenter size-full wp-image-7478\" src=\"http:\/\/kruste.selfhost.me\/wordpress\/wp-content\/uploads\/2020\/07\/NAM_3089-scaled.jpg\" alt=\"\" width=\"2560\" height=\"1493\" srcset=\"http:\/\/kruste.selfhost.me\/wordpress\/wp-content\/uploads\/2020\/07\/NAM_3089-scaled.jpg 2560w, http:\/\/kruste.selfhost.me\/wordpress\/wp-content\/uploads\/2020\/07\/NAM_3089-300x175.jpg 300w, http:\/\/kruste.selfhost.me\/wordpress\/wp-content\/uploads\/2020\/07\/NAM_3089-1024x597.jpg 1024w, http:\/\/kruste.selfhost.me\/wordpress\/wp-content\/uploads\/2020\/07\/NAM_3089-150x87.jpg 150w, http:\/\/kruste.selfhost.me\/wordpress\/wp-content\/uploads\/2020\/07\/NAM_3089-768x448.jpg 768w, http:\/\/kruste.selfhost.me\/wordpress\/wp-content\/uploads\/2020\/07\/NAM_3089-1536x896.jpg 1536w, http:\/\/kruste.selfhost.me\/wordpress\/wp-content\/uploads\/2020\/07\/NAM_3089-2048x1195.jpg 2048w\" sizes=\"auto, (max-width: 2560px) 100vw, 2560px\" \/><\/p>\n<\/div><\/div><\/div><\/div><\/div>","protected":false},"excerpt":{"rendered":"<p>Das Tree Top Camp geh\u00f6rt mit zur Onguma Gruppe und befindet sich vor den Toren des Etosha National Park. Es handelt sich um 4 Bungalows,<\/p>\n","protected":false},"author":1,"featured_media":0,"parent":834,"menu_order":0,"comment_status":"closed","ping_status":"closed","template":"","meta":{"footnotes":""},"class_list":["post-837","page","type-page","status-publish","hentry"],"_links":{"self":[{"href":"http:\/\/kruste.selfhost.me\/wordpress\/index.php?rest_route=\/wp\/v2\/pages\/837","targetHints":{"allow":["GET"]}}],"collection":[{"href":"http:\/\/kruste.selfhost.me\/wordpress\/index.php?rest_route=\/wp\/v2\/pages"}],"about":[{"href":"http:\/\/kruste.selfhost.me\/wordpress\/index.php?rest_route=\/wp\/v2\/types\/page"}],"author":[{"embeddable":true,"href":"http:\/\/kruste.selfhost.me\/wordpress\/index.php?rest_route=\/wp\/v2\/users\/1"}],"replies":[{"embeddable":true,"href":"http:\/\/kruste.selfhost.me\/wordpress\/index.php?rest_route=%2Fwp%2Fv2%2Fcomments&post=837"}],"version-history":[{"count":2,"href":"http:\/\/kruste.selfhost.me\/wordpress\/index.php?rest_route=\/wp\/v2\/pages\/837\/revisions"}],"predecessor-version":[{"id":3264,"href":"http:\/\/kruste.selfhost.me\/wordpress\/index.php?rest_route=\/wp\/v2\/pages\/837\/revisions\/3264"}],"up":[{"embeddable":true,"href":"http:\/\/kruste.selfhost.me\/wordpress\/index.php?rest_route=\/wp\/v2\/pages\/834"}],"wp:attachment":[{"href":"http:\/\/kruste.selfhost.me\/wordpress\/index.php?rest_route=%2Fwp%2Fv2%2Fmedia&parent=837"}],"curies":[{"name":"wp","href":"https:\/\/api.w.org\/{rel}","templated":true}]}}