{"id":856,"date":"2014-11-23T19:09:53","date_gmt":"2014-11-23T18:09:53","guid":{"rendered":"http:\/\/kruste.selfhost.me\/wordpress\/?page_id=856"},"modified":"2020-07-31T06:31:51","modified_gmt":"2020-07-31T04:31:51","slug":"erindi-old-traders-lodge-naehe-etosha","status":"publish","type":"page","link":"http:\/\/kruste.selfhost.me\/wordpress\/?page_id=856","title":{"rendered":"Erindi Old Traders Lodge (n\u00e4he Windhoek)"},"content":{"rendered":"<div id=\"pl-856\"  class=\"panel-layout\" ><div id=\"pg-856-0\"  class=\"panel-grid panel-no-style\" ><div id=\"pgc-856-0-0\"  class=\"panel-grid-cell\" ><div id=\"panel-856-0-0-0\" class=\"so-panel widget widget_black-studio-tinymce widget_black_studio_tinymce panel-first-child panel-last-child\" data-index=\"0\" ><div class=\"textwidget\"><div class=\"style_SkipStroke_2 shape-with-text flowDefining\">\n<div class=\"text-content style_External_485_494\">\n<div class=\"style\"><\/div>\n<div class=\"style\">\n<div class=\"style\">\n<hr \/>\n<p style=\"color: #919191;\"><span style=\"color: #000000;\">Das Gebiet um Erindi ist der gr\u00f6\u00dfte private Park in Namibia. Es handelt sich hier um eine Fl\u00e4che von 71000 Hektar,\u00a0einfach riesig. F\u00fcr die Fahrt vom Eingangstor zur <a href=\"https:\/\/erindi.com\/old-traders-lodge\/\" target=\"_blank\" rel=\"noopener\">Old Traders Lodge<\/a> m\u00fcssen zum Beispiel 24 km bew\u00e4ltigt werden, bitte bei der Anreise einplanen. Die ganze Anlage wirkt sehr gepflegt und die Strassen sind gut befahrbar.<\/span><\/p>\n<p style=\"color: #919191;\"><span style=\"color: #000000;\">Erindi selbst ist aus einer Rinderfarm entstanden und das Gebiet wurde sp\u00e4ter zur Jagd genutzt. Seit 2007 ist es verboten zu jagen und es entstand ein Naturschutzgebiet. \u00a0<\/span><\/p>\n<p style=\"color: #919191;\"><span style=\"color: #000000;\">Die Lodge bietet\u00a0unterschiedliche Zimmerkategorien.\u00a0<\/span><\/p>\n<p style=\"color: #919191;\"><span style=\"color: #000000;\">Standard, Luxury, Superior und VIP<\/span><\/p>\n<p style=\"color: #919191;\"><span style=\"color: #000000;\">Wir konnten im Jahr 2014 ein Special f\u00fcr das Luxury Zimmer buchen, was eine gute Wahl war. Die Standard Zimmer sehen doch sehr in die Anlage gepresst aus, bieten keinen sch\u00f6nen Ausblick und liegen oft direkt an den Wegen. Wenn es m\u00f6glich ist, sollte man ab der Luxury Klasse buchen !<\/span><\/p>\n<p style=\"color: #919191;\"><span style=\"color: #000000;\">Unser Zimmer ( Meine Empfehlung ist zum Beispiel\u00a0Bungalow 23 ) \u00a0hatte einen sch\u00f6nen Blick auf ein kleines Wasserloch ( nicht das gro\u00dfe an der Bar ). Nachts wurde der Bereich beleuchtet und ein Spitzmaulnashorn besuchte uns jeden Abend. Schon sch\u00f6n, wenn man aus dem Bett in 40 Meter Entfernung solch ein Tier bewundern darf. Am zweiten Abend kam sogar noch das Gebr\u00fcll eines L\u00f6wen hinzu und schon aus diesem Grund lohnt es sich etwas mehr Geld f\u00fcr das Zimmer auszugeben.<\/span><\/p>\n<p style=\"color: #919191;\"><span style=\"color: #000000;\">Erindi ist bem\u00fcht den G\u00e4sten alles zu bieten, was m\u00f6glich und machbar ist. Es stehen reichlich Ausfl\u00fcge zur Auswahl zum Beispiel Safaris, Geparden Walk, Vogelkunde, Leoparden Tracking, Nachtsafari um ein paar M\u00f6glichkeiten aufzuf\u00fchren.<\/span><\/p>\n<p style=\"color: #919191;\"><span style=\"color: #000000;\">Zeitlich wird es aber eng. Mein Tagesprogramm ( in 2014 ) sah wie folgt aus:<\/span><\/p>\n<ul>\n<li>05:45 Uhr Sonnenaufgang \u00fcber dem Wasserloch an der Bar (traumhaft)<\/li>\n<li>06:00 Uhr Kaffee und etwas frisches Obst<\/li>\n<li>06:30 Uhr Safari bis 09:30 Uhr<\/li>\n<li>09:45 Uhr Fr\u00fchst\u00fcck<\/li>\n<li>11:00 Uhr Spaziergang in der Anlage bzw. Walk auf dem vorgegebenem Weg<\/li>\n<li>13:00 Uhr Pause ( Mails lesen, BLOG schreiben, Bilder ansehen )<\/li>\n<li>16:30 Uhr Safari\u00a0 bis 20:30 Uhr ( inklusive Sonnenuntergang )<\/li>\n<li>20:45 Uhr Abendbrot<\/li>\n<li>21:30 Uhr bis 23:00 Uhr Blick auf das Wasserloch an der Bar ( Gewitter beobachten )<\/li>\n<li>23:00 Uhr bis 24:00 Uhr Blick vom Zimmer auf das Spitzmaulnashorn und Begutachtung der Bilder<\/li>\n<li>00:00 Uhr Tot ins Bett fallen<\/li>\n<\/ul>\n<p>&nbsp;<\/p><\/div>\n<\/div>\n<\/div>\n<\/div>\n<\/div><\/div><\/div><div id=\"pgc-856-0-1\"  class=\"panel-grid-cell\" ><div id=\"panel-856-0-1-0\" class=\"so-panel widget widget_black-studio-tinymce widget_black_studio_tinymce panel-first-child panel-last-child\" data-index=\"1\" ><div class=\"textwidget\"><p><img loading=\"lazy\" decoding=\"async\" class=\"aligncenter size-full wp-image-3008\" src=\"http:\/\/kruste.selfhost.me\/wordpress\/wp-content\/uploads\/2017\/12\/NAM9673_web.jpg\" alt=\"\" width=\"765\" height=\"1000\" srcset=\"http:\/\/kruste.selfhost.me\/wordpress\/wp-content\/uploads\/2017\/12\/NAM9673_web.jpg 765w, http:\/\/kruste.selfhost.me\/wordpress\/wp-content\/uploads\/2017\/12\/NAM9673_web-115x150.jpg 115w, http:\/\/kruste.selfhost.me\/wordpress\/wp-content\/uploads\/2017\/12\/NAM9673_web-230x300.jpg 230w, http:\/\/kruste.selfhost.me\/wordpress\/wp-content\/uploads\/2017\/12\/NAM9673_web-588x768.jpg 588w, http:\/\/kruste.selfhost.me\/wordpress\/wp-content\/uploads\/2017\/12\/NAM9673_web-700x915.jpg 700w\" sizes=\"auto, (max-width: 765px) 100vw, 765px\" \/><\/p>\n<\/div><\/div><\/div><\/div><div id=\"pg-856-1\"  class=\"panel-grid panel-no-style\" ><div id=\"pgc-856-1-0\"  class=\"panel-grid-cell\" ><div id=\"panel-856-1-0-0\" class=\"so-panel widget widget_black-studio-tinymce widget_black_studio_tinymce panel-first-child\" data-index=\"2\" ><div class=\"textwidget\"><p style=\"color: #919191;\"><span style=\"color: #000000;\">Die Safaris bieten viel. Wildhunde , L\u00f6wen, Braune Hy\u00e4ne, Nash\u00f6rner, Bienenfresser, Gnus, Orix Antilopen, Giraffen, Impalas, Honigdachs, Elefanten und vieles mehr konnten wir bewundern. Die Fahrzeuge sind praktisch und ich freue mich, dass die Windschutzscheibe runter geklappt werden kann. Die Guides achten auf die richtigen Lichtverh\u00e4ltnisse und jeder bekommt Zeit f\u00fcr ein Foto.\u00a0 F\u00fcr mich aber waren die Sonnenunterg\u00e4ngen bei einem kleinen Drink das wirkliche Highlight. Hier gab es richtiges G\u00e4nsehautfeeling und sch\u00f6ner kann es nicht sein !!<\/span><\/p>\n<p style=\"color: #919191;\"><span style=\"color: #000000;\">Ein weiterer H\u00f6hepunkt ist das Wasserloch bei der Bar. Hier tummeln sich Krokodile und Flusspferde. Giraffen kommen zum trinken und mit Gl\u00fcck sieht man Wildhunde und Elefanten. Die vielen V\u00f6gel gilt es hierbei nicht zu vergessen. W\u00e4hrend unseres Aufenthaltes trieben Wildhunde ein Kudu in das Wasserloch. Die Krokodile hatten ein leichtes Spiel und das Kudu war chancenlos.<\/span><\/p>\n<p>Im Juni\u00a02016 besuchte ich Erindi erneut und freute mich \u00fcber die Sichtung von Aardvark, Pangolin und vielen Wildhunden. Die Tage sind im Winter deutlich k\u00fcrzer und die Temperaturen bewegen sich auch mal um die 0\u00b0 C. Wer aber das Aardvark ein Pangolin sehen m\u00f6chte, kommt um diese Jahreszeit nicht herum.<\/p>\n<hr \/>\n<p>&nbsp;<\/p>\n<\/div><\/div><div id=\"panel-856-1-0-1\" class=\"so-panel widget widget_black-studio-tinymce widget_black_studio_tinymce\" data-index=\"3\" ><h3 class=\"widget-title\">Preise:<\/h3><div class=\"textwidget\"><hr \/>\n<p style=\"color: #929292;\"><span style=\"color: #000000;\"><i>\u00dcbernachtungs Special 4380 N$ f\u00fcr 3 N\u00e4chte im <\/i>Luxury Zimmer inklusive Halbpension (pro Person im Jahr 2014).\u00a0<\/span><\/p>\n<ul>\n<li><i style=\"font-family: sans-serif; font-variant: normal; line-height: normal;\">Bier 18 N$<\/i><\/li>\n<li><i style=\"font-family: sans-serif; font-variant: normal; line-height: normal;\">Cola 12 N$<\/i><\/li>\n<li><i style=\"font-family: sans-serif; font-variant: normal; line-height: normal;\">Wasser (500ml) 9 N$<\/i><\/li>\n<li><i style=\"font-family: sans-serif; font-variant: normal; line-height: normal;\">Flasche Wein ab 110 N$\u00a0<\/i><\/li>\n<li><i style=\"font-family: sans-serif; font-variant: normal; line-height: normal;\">Safari 400 N$<\/i><\/li>\n<li><i style=\"font-family: sans-serif; font-variant: normal; line-height: normal;\">Sonder Safari 1600 N$ f\u00fcr 1 - 4 Personen bzw. 3000 N$ f\u00fcr das komplette Fahrzeug.<\/i><\/li>\n<\/ul>\n<\/div><\/div><div id=\"panel-856-1-0-2\" class=\"so-panel widget widget_black-studio-tinymce widget_black_studio_tinymce\" data-index=\"4\" ><h3 class=\"widget-title\">Kommunikation:<\/h3><div class=\"textwidget\"><div id=\"id4\" class=\"style_SkipStroke_4 shape-with-text\">\n<div class=\"text-content graphic_textbox_layout_style_default_External_138_130\">\n<div class=\"graphic_textbox_layout_style_default\">\n<hr \/>\n<p class=\"Caption\">Per Mobilfunk ist man erreichbar. Internetzugang per WLAN ist in einigen Bereichen kostenfrei m\u00f6glich.<\/p>\n<\/div>\n<\/div>\n<\/div>\n<\/div><\/div><div id=\"panel-856-1-0-3\" class=\"so-panel widget widget_text\" data-index=\"5\" >\t\t\t<div class=\"textwidget\"><section class=\"parallax-section\">\n<div class=\"parallax-window\" data-z-index=\"1\" data-position-x=\"left\" data-parallax=\"scroll\" data-speed=\".3\" data-image-src=\"http:\/\/kruste.selfhost.me\/wordpress\/wp-content\/uploads\/2017\/12\/SAF_0943_web-1.jpg\" style=\"align-items: flex-start;min-height: 550px;\">\n<div class=\"parallax-container parallax-content\">\n<\/div>\n<\/div>\n<\/section>\n<\/div>\n\t\t<\/div><div id=\"panel-856-1-0-4\" class=\"so-panel widget widget_black-studio-tinymce widget_black_studio_tinymce\" data-index=\"6\" ><h3 class=\"widget-title\">Anreise:<\/h3><div class=\"textwidget\"><hr \/>\n<p><span style=\"color: #000000;\">Wir sind mit dem Mietwagen aus Richtung\u00a0Windhoek angereist. F\u00fcr die Fahrt von der<\/span>\u00a0Okambara Lodge bis Erindi haben wir circa 4-5 Stunden gebraucht. Bis zum Etosha Park waren es 5 Stunden.<\/p>\n<\/div><\/div><div id=\"panel-856-1-0-5\" class=\"so-panel widget widget_black-studio-tinymce widget_black_studio_tinymce\" data-index=\"7\" ><h3 class=\"widget-title\">Meine Reisezeiten:<\/h3><div class=\"textwidget\"><hr \/>\n<ul>\n<li>Januar 2014<\/li>\n<li>Juli 2016<\/li>\n<li>Januar 2018<\/li>\n<li>M\u00e4rz 2020<\/li>\n<\/ul>\n<p class=\"paragraph_style\">\n<\/p><\/div><\/div><div id=\"panel-856-1-0-6\" class=\"so-panel widget widget_black-studio-tinymce widget_black_studio_tinymce\" data-index=\"8\" ><h3 class=\"widget-title\">Das Wetter:<\/h3><div class=\"textwidget\"><hr \/>\n<p class=\"paragraph_style\">Januar 2014<\/p>\n<ul>\n<li>Die Temperaturen schwankten zwischen 30\u00b0C und 35\u00b0C. Es gab recht starke Gewitter in den Abendstunden und dann auch heftige Regenschauer.<\/li>\n<\/ul>\n<p class=\"paragraph_style\">Juli 2016<\/p>\n<ul>\n<li>Die Temperaturen lagen\u00a0zwischen 4\u00b0C und 22\u00b0C. Es wehte oft ein k\u00fchler und recht starker Wind.<\/li>\n<\/ul>\n<p class=\"paragraph_style\">Januar 2018<\/p>\n<ul>\n<li>Gute 30\u00b0C hatten wir t\u00e4glich und die Gewitter blieben in der Ferne. Kein Regen und viel Sonne machten den Aufenthalt zur Freude.<\/li>\n<\/ul>\n<p>M\u00e4rz 2020<\/p>\n<ul>\n<li>Viel Regen im Februar machte Erindi zum gr\u00fcnen Paradies. Tausende von Schmetterlingen begleiteten uns auf jeder Safari. Durch das hohe Gras war es jedoch schwere Tier zu entdecken. Morgens wehte ein frischer Wind und tags\u00fcber freuten wir uns \u00fcber angenehme Temperaturen bei wenigen Wolken am Himmel.<\/li>\n<\/ul>\n<\/div><\/div><div id=\"panel-856-1-0-7\" class=\"so-panel widget widget_black-studio-tinymce widget_black_studio_tinymce\" data-index=\"9\" ><h3 class=\"widget-title\">Zimmer:<\/h3><div class=\"textwidget\"><hr \/>\n<ul>\n<li><i style=\"font-family: sans-serif; font-variant: normal; line-height: normal;\">Gro\u00dfes Doppelbett mit Blick auf das kleine Wasserloch ( Bungalow 23 bzw. 24 haben mir sehr gut gefallen\u00a0)<\/i><\/li>\n<li><i style=\"font-family: sans-serif; font-variant: normal; line-height: normal;\">Terrasse mit Sitzgelegenheit<\/i><\/li>\n<li><i style=\"font-family: sans-serif; font-variant: normal; line-height: normal;\">Gro\u00dfes Badezimmer mit Dusche und Badewanne<\/i><\/li>\n<li><i style=\"font-family: sans-serif; font-variant: normal; line-height: normal;\">Minibar mit sehr fairen Preisen<\/i><\/li>\n<li><i style=\"font-family: sans-serif; font-variant: normal; line-height: normal;\">Safe und Klimaanlage<\/i><\/li>\n<\/ul>\n<p>&nbsp;<\/p>\n<p>Die Zimmer sind recht geradlinig eingerichtet. Es ist alles sauber und sehr bequem. Ein sch\u00f6nes Sofa mit Blick auf das Wasserloch rundet die Sache ab. Mit pers\u00f6nlich fehlt\u00a0etwas die lokale Kunst und Ausrichtung.<\/p>\n<p>Noch ein Hinweis zu den Zimmern: Die Nummer von 10 - 20 w\u00fcrde ich nach M\u00f6glichkeit nicht buchen ( siehe <a href=\"https:\/\/kruste.selfhost.me\/wordpress\/?page_id=3237\" target=\"_blank\" rel=\"noopener\">BLOG<\/a> )<\/p>\n<\/div><\/div><div id=\"panel-856-1-0-8\" class=\"so-panel widget widget_black-studio-tinymce widget_black_studio_tinymce\" data-index=\"10\" ><div class=\"textwidget\"><p><img loading=\"lazy\" decoding=\"async\" class=\"aligncenter size-full wp-image-2875\" src=\"http:\/\/kruste.selfhost.me\/wordpress\/wp-content\/uploads\/2017\/12\/SAF_1626_web.jpg\" alt=\"\" width=\"1200\" height=\"801\" srcset=\"http:\/\/kruste.selfhost.me\/wordpress\/wp-content\/uploads\/2017\/12\/SAF_1626_web.jpg 1200w, http:\/\/kruste.selfhost.me\/wordpress\/wp-content\/uploads\/2017\/12\/SAF_1626_web-150x100.jpg 150w, http:\/\/kruste.selfhost.me\/wordpress\/wp-content\/uploads\/2017\/12\/SAF_1626_web-300x200.jpg 300w, http:\/\/kruste.selfhost.me\/wordpress\/wp-content\/uploads\/2017\/12\/SAF_1626_web-768x513.jpg 768w, http:\/\/kruste.selfhost.me\/wordpress\/wp-content\/uploads\/2017\/12\/SAF_1626_web-1024x684.jpg 1024w, http:\/\/kruste.selfhost.me\/wordpress\/wp-content\/uploads\/2017\/12\/SAF_1626_web-700x467.jpg 700w, http:\/\/kruste.selfhost.me\/wordpress\/wp-content\/uploads\/2017\/12\/SAF_1626_web-272x182.jpg 272w\" sizes=\"auto, (max-width: 1200px) 100vw, 1200px\" \/><\/p>\n<\/div><\/div><div id=\"panel-856-1-0-9\" class=\"so-panel widget widget_black-studio-tinymce widget_black_studio_tinymce\" data-index=\"11\" ><h3 class=\"widget-title\">K\u00fcche \/ Restaurant:<\/h3><div class=\"textwidget\"><hr \/>\n<p>Gut bis sehr gut. Orix Steak, Fisch, Omelett, Eis und Obst. Geschmacklich ist, bis auf den Kaffee, alles lecker ( In Jahr 2018 konnte gegen Aufpreis auch eine Kaffeespezialit\u00e4t bestellt werden ).<\/p>\n<\/div><\/div><div id=\"panel-856-1-0-10\" class=\"so-panel widget widget_black-studio-tinymce widget_black_studio_tinymce\" data-index=\"12\" ><h3 class=\"widget-title\">Personal:<\/h3><div class=\"textwidget\"><hr \/><p><span style=\"color: #000000;\">Freundlich und aufmerksam. Spricht man ein paar Worte in Herero, gibt es immer etwas zu Lachen. Viele Angestellte versuchen deutsch zu sprechen und haben Freude den Gast in seiner eigenen Landessprache zu begr\u00fc\u00dfen. Wirklich witzig sind die Klicklaute. Ich hatte sehr viel Spa\u00df. \u00a0<\/span><\/p><\/div><\/div><div id=\"panel-856-1-0-11\" class=\"so-panel widget widget_black-studio-tinymce widget_black_studio_tinymce\" data-index=\"13\" ><h3 class=\"widget-title\">Aktivit\u00e4ten:<\/h3><div class=\"textwidget\"><hr \/>\n<p style=\"color: #919191;\"><span style=\"color: #000000;\">Safaris und den Blick am\u00a0Wasserloch genie\u00dfen. Es gab immer etwas Interessantes und wirklich Pause hatte ich nie. Das war aber so gew\u00fcnscht.<\/span><\/p>\n<\/div><\/div><div id=\"panel-856-1-0-12\" class=\"so-panel widget widget_black-studio-tinymce widget_black_studio_tinymce panel-last-child\" data-index=\"14\" ><h3 class=\"widget-title\">Tipps:<\/h3><div class=\"textwidget\"><hr \/>\n<ul>\n<li><span style=\"color: #000000;\">Sonnenaufgang am\u00a0Wasserloch an der Bar.<\/span><\/li>\n<li><span style=\"color: #000000;\">Sonnenuntergang auf der Safari.<\/span><\/li>\n<li><span style=\"color: #000000;\">Gewitter beobachten ( nur im Sommer ).<\/span><\/li>\n<li>Zeit am Wasserloch verbringen. Wir durften einen Kampf um Beute zwischen Wildhunden, Hy\u00e4nen und Schakalen beobachten.<\/li>\n<\/ul>\n<p>&nbsp;<\/p>\n<p>Die Landschaft ist \u00fcberw\u00e4ltigend<\/p>\n<\/div><\/div><\/div><\/div><div id=\"pg-856-2\"  class=\"panel-grid panel-no-style\" ><div id=\"pgc-856-2-0\"  class=\"panel-grid-cell\" ><div id=\"panel-856-2-0-0\" class=\"so-panel widget widget_black-studio-tinymce widget_black_studio_tinymce panel-first-child\" data-index=\"15\" ><h3 class=\"widget-title\">Klartext:<\/h3><div class=\"textwidget\"><hr \/>\n<p style=\"color: #919191;\"><span style=\"color: #000000;\">Es sind Kleinigkeiten, die eine 5 Sterne Bewertung nicht gerechtfertigten w\u00fcrden. Der Zimmerservice h\u00e4tte sorgf\u00e4ltiger sein k\u00f6nnen und oft fehlt ein\u00a0\"Afrika Feeling\", nur das Restaurant hat diesen Flair. Sch\u00f6ne Bilder, alte Gewehre und Tierfelle geh\u00f6ren irgendwie zu einer Einrichtung mit Stil. <\/span><\/p>\n<p style=\"color: #919191;\"><span style=\"color: #000000;\">Die Zimmer sind geradlinig eingerichtet und es fehlt der Pep. Der Kaffee zum Fr\u00fchst\u00fcck ist leider nur trinkbar und auf der Safari gibt es Chips statt Bilton.<\/span><\/p>\n<p style=\"color: #919191;\"><span style=\"color: #000000;\">Das Wasserloch ist wundersch\u00f6n nur Krokodil und Flusspferd geh\u00f6ren nicht in diese Region, weiter ist die Anlage des L\u00f6wenprojekt sicher nicht zuf\u00e4llig hinter den Bungalows errichtet. So h\u00f6rt man jedoch den K\u00f6nig der Tiere mit ziemlicher Sicherheit am Abend. Hier muss jeder selbst entscheiden, ob er das m\u00f6chte oder nicht.<\/span><\/p>\n<p style=\"color: #919191;\"><span style=\"color: #000000;\">Um Tiersichtungen zu garantieren, wurden einige Tiere mit GPS Sendern ausgestattet. So sind die Chancen auf Sichtungen von Wildhund, Leopard und L\u00f6wen sehr gut. Solche Safaris m\u00fcssen extra bezahlt werden und auf den Bildern macht sich der Sender nicht gut. Auch hier muss der Gast entscheiden, ob er das w\u00fcnscht oder nicht.<\/span><\/p>\n<p><span style=\"color: #ff0000;\">( Update aus dem Jahr 2020. Fast alle L\u00f6wen, Geparden und sogar einige Elefanten, die Wildhunde und auch Leoparden wurden mit GPS Halsb\u00e4ndern ausgestattet. Es machte keinen Spa\u00df mehr zu fotografieren und bei jeder Tiersichtung \u00e4rgerte mich das h\u00e4\u00dfliche Halsband. Ich f\u00fchlte mich wie im Zoo und so werde ich Erindi nicht mehr besuchen ! )<\/span><\/p>\n<p style=\"color: #919191;\"><span style=\"color: #000000;\">Im Januar\u00a0gab es viele K\u00e4fer und Motten, ein \"Problem\" welches im Winter nicht auftrat.\u00a0<\/span><\/p>\n<p>Die Einteilung der G\u00e4ste auf die Safari Fahrzeuge ist stark auf Kommerz ausgelegt. Kein Platz bleibt frei und so werden die G\u00e4ste ( auch wenn sie es sich schon auf einem Fahrzeug bequem gemacht haben ) wieder auf andere Autos verteilt. Dann wird es recht eng.<\/p>\n<p>Leider hatten wir w\u00e4hrend unseres Aufenthalt im Januar 2018 noch ein paar weitere Punkt, die den Urlaub etwas tr\u00fcbten<\/p>\n<ul>\n<li>Der reservierte Bungalow stand nicht zur Verf\u00fcgung<\/li>\n<li>Die morgendlichen Ausfahrten begannen direkt zum Sonnenaufgang um 06:30 Uhr. Sch\u00f6ne Fotos somit leider unm\u00f6glich.<\/li>\n<li>Die Beleuchtung des kleine Wasserloch war defekt<\/li>\n<li>Wenig Wasser im gro\u00dfen Wasserloch ( das lag jedoch an der langen Trockenheit )<\/li>\n<\/ul>\n<\/div><\/div><div id=\"panel-856-2-0-1\" class=\"so-panel widget widget_black-studio-tinymce widget_black_studio_tinymce panel-last-child\" data-index=\"16\" ><div class=\"textwidget\"><p><a href=\"http:\/\/kruste.selfhost.me\/wordpress\/wp-content\/uploads\/2014\/11\/SAF_1346-e1416767999631.jpg\"><img loading=\"lazy\" decoding=\"async\" class=\"alignnone size-full wp-image-859\" src=\"http:\/\/kruste.selfhost.me\/wordpress\/wp-content\/uploads\/2014\/11\/SAF_1346-e1416767999631.jpg\" alt=\"SAF_1346\" width=\"2215\" height=\"428\" srcset=\"http:\/\/kruste.selfhost.me\/wordpress\/wp-content\/uploads\/2014\/11\/SAF_1346-e1416767999631.jpg 2215w, http:\/\/kruste.selfhost.me\/wordpress\/wp-content\/uploads\/2014\/11\/SAF_1346-e1416767999631-150x28.jpg 150w, http:\/\/kruste.selfhost.me\/wordpress\/wp-content\/uploads\/2014\/11\/SAF_1346-e1416767999631-300x57.jpg 300w, http:\/\/kruste.selfhost.me\/wordpress\/wp-content\/uploads\/2014\/11\/SAF_1346-e1416767999631-1024x197.jpg 1024w, http:\/\/kruste.selfhost.me\/wordpress\/wp-content\/uploads\/2014\/11\/SAF_1346-e1416767999631-700x135.jpg 700w\" sizes=\"auto, (max-width: 2215px) 100vw, 2215px\" \/><\/a><\/p>\n<\/div><\/div><\/div><\/div><\/div>","protected":false},"excerpt":{"rendered":"<p>Das Gebiet um Erindi ist der gr\u00f6\u00dfte private Park in Namibia. Es handelt sich hier um eine Fl\u00e4che von 71000 Hektar,\u00a0einfach riesig. F\u00fcr die Fahrt<\/p>\n","protected":false},"author":1,"featured_media":0,"parent":878,"menu_order":0,"comment_status":"closed","ping_status":"closed","template":"","meta":{"footnotes":""},"class_list":["post-856","page","type-page","status-publish","hentry"],"_links":{"self":[{"href":"http:\/\/kruste.selfhost.me\/wordpress\/index.php?rest_route=\/wp\/v2\/pages\/856","targetHints":{"allow":["GET"]}}],"collection":[{"href":"http:\/\/kruste.selfhost.me\/wordpress\/index.php?rest_route=\/wp\/v2\/pages"}],"about":[{"href":"http:\/\/kruste.selfhost.me\/wordpress\/index.php?rest_route=\/wp\/v2\/types\/page"}],"author":[{"embeddable":true,"href":"http:\/\/kruste.selfhost.me\/wordpress\/index.php?rest_route=\/wp\/v2\/users\/1"}],"replies":[{"embeddable":true,"href":"http:\/\/kruste.selfhost.me\/wordpress\/index.php?rest_route=%2Fwp%2Fv2%2Fcomments&post=856"}],"version-history":[{"count":2,"href":"http:\/\/kruste.selfhost.me\/wordpress\/index.php?rest_route=\/wp\/v2\/pages\/856\/revisions"}],"predecessor-version":[{"id":7380,"href":"http:\/\/kruste.selfhost.me\/wordpress\/index.php?rest_route=\/wp\/v2\/pages\/856\/revisions\/7380"}],"up":[{"embeddable":true,"href":"http:\/\/kruste.selfhost.me\/wordpress\/index.php?rest_route=\/wp\/v2\/pages\/878"}],"wp:attachment":[{"href":"http:\/\/kruste.selfhost.me\/wordpress\/index.php?rest_route=%2Fwp%2Fv2%2Fmedia&parent=856"}],"curies":[{"name":"wp","href":"https:\/\/api.w.org\/{rel}","templated":true}]}}