{"id":866,"date":"2014-11-24T21:39:57","date_gmt":"2014-11-24T20:39:57","guid":{"rendered":"http:\/\/kruste.selfhost.me\/wordpress\/?page_id=866"},"modified":"2021-01-31T17:00:09","modified_gmt":"2021-01-31T15:00:09","slug":"region-swakopmund","status":"publish","type":"page","link":"http:\/\/kruste.selfhost.me\/wordpress\/?page_id=866","title":{"rendered":"Region Swakopmund"},"content":{"rendered":"<div id=\"pl-866\"  class=\"panel-layout\" ><div id=\"pg-866-0\"  class=\"panel-grid panel-no-style\" ><div id=\"pgc-866-0-0\"  class=\"panel-grid-cell\" ><div id=\"panel-866-0-0-0\" class=\"so-panel widget widget_black-studio-tinymce widget_black_studio_tinymce panel-first-child\" data-index=\"0\" ><div class=\"textwidget\"><hr \/>\n<p>&nbsp;<\/p>\n<\/div><\/div><div id=\"panel-866-0-0-1\" class=\"so-panel widget widget_text panel-last-child\" data-index=\"1\" >\t\t\t<div class=\"textwidget\"><p>\nAktuelle Zeit in Swakopmund:  13:48 Uhr<br \/>\nZeitzone:  CAT<br \/>\nDie Wettervorhersage f\u00fcr die n\u00e4chsten drei Tage: <\/p>\n<\/div>\n\t\t<\/div><\/div><div id=\"pgc-866-0-1\"  class=\"panel-grid-cell\" ><div id=\"panel-866-0-1-0\" class=\"so-panel widget widget_black-studio-tinymce widget_black_studio_tinymce panel-first-child panel-last-child\" data-index=\"2\" ><div class=\"textwidget\"><p><i><\/i><\/p>\n<div class='weather-atlas-wrapper' style='background:#FF8300;border:1px solid #ee7200;color:#fff;'>\n<div class='weather-atlas-header' style='border-bottom:1px solid #ee7200'>Swakopmund, NA<\/div>\n<div class='weather-atlas-body'>\n<div class='current_horizontal'>\n<div class='current_temp'><i class='wi wi-fw wi-weather-32'><\/i><span class='temp'>21\u00b0<\/span>\n<div class='current_text'>Sonnig<\/div>\n<div class='sunrise_sunset'>07:15<i class='wi wi-fw wi-weather-32'><\/i>18:46 CAT<\/div>\n<\/div>\n<p><span class='current_text_2'>Gef\u00fchlt: 21<small>\u00b0C<\/small><br \/>Wind: 18<small>km\/h<\/small> SW<br \/>Feuchtigkeit: 54<small>%<\/small><br \/>Druck: 1010.16<small>mbar<\/small><br \/>UV-Index: 8<\/span><\/p><\/div>\n<div class='hourly hours' style='border-bottom:1px solid #ee7200'><span class='extended_hour extended_hour_1'>15<small>h<\/small><\/span><span class='extended_hour extended_hour_2'>16<small>h<\/small><\/span><span class='extended_hour extended_hour_3'>17<small>h<\/small><\/span><span class='extended_hour extended_hour_4'>18<small>h<\/small><\/span><span class='extended_hour extended_hour_5'>19<small>h<\/small><\/span><\/div>\n<div class='hourly'><span class='extended_hour extended_hour_1' title='Meist Sonnig'>21<small>\u00b0C<\/small><br \/><i class='wi wi-fw wi-weather-34'><\/i><\/span><span class='extended_hour extended_hour_2' title='Sonnig'>21<small>\u00b0C<\/small><br \/><i class='wi wi-fw wi-weather-32'><\/i><\/span><span class='extended_hour extended_hour_3' title='Sonnig'>20<small>\u00b0C<\/small><br \/><i class='wi wi-fw wi-weather-32'><\/i><\/span><span class='extended_hour extended_hour_4' title='Sonnig'>19<small>\u00b0C<\/small><br \/><i class='wi wi-fw wi-weather-32'><\/i><\/span><span class='extended_hour extended_hour_5' title='Klar'>17<small>\u00b0C<\/small><br \/><i class='wi wi-fw wi-weather-31'><\/i><\/span><\/div>\n<div class='daily days' style='border-bottom:1px solid #ee7200'><span class='extended_day extended_day_1'>So.<\/span><span class='extended_day extended_day_2'>Mo.<\/span><span class='extended_day extended_day_3'>Di.<\/span><\/div>\n<div class='daily'><span class='extended_day extended_day_1' title='Sonnig'>22<small>\u00b0C<\/small> \/ 10<small>\u00b0C<\/small><br \/><i class='wi wi-fw wi-weather-32'><\/i><\/span><span class='extended_day extended_day_2' title='Teilweise Bew\u00f6lkt'>22<small>\u00b0C<\/small> \/ 11<small>\u00b0C<\/small><br \/><i class='wi wi-fw wi-weather-30'><\/i><\/span><span class='extended_day extended_day_3' title='Teilweise Bew\u00f6lkt'>21<small>\u00b0C<\/small> \/ 10<small>\u00b0C<\/small><br \/><i class='wi wi-fw wi-weather-30'><\/i><\/span><\/div>\n<\/div>\n<div class='weather-atlas-footer' style='border-top:1px solid #ee7200'><a href='https:\/\/www.weather-atlas.com\/en\/namibia\/swakopmund-weather-tomorrow' title='Swakopmund, NA - Weather forecast for tomorrow' style='color:#fff'><span class='weather-atlas-footer-block'>Swakopmund, NA<\/span> weather forecast for tomorrow &#9656;<\/a><\/div>\n<\/div>\n<p><\/p>\n<\/div><\/div><\/div><\/div><div id=\"pg-866-1\"  class=\"panel-grid panel-no-style\" ><div id=\"pgc-866-1-0\"  class=\"panel-grid-cell\" ><div id=\"panel-866-1-0-0\" class=\"so-panel widget widget_black-studio-tinymce widget_black_studio_tinymce panel-first-child\" data-index=\"3\" ><div class=\"textwidget\"><hr \/>\n<p>Werden Deutsche in Verbindung mit Namibia gebracht handelt es sich oft um die\u00a0kleine Stadt Swakopmund. In Swakop, wie Swakopmund auch gerne genannt wird, leben circa 44.000 Einwohner und es kommen j\u00e4hrlich viele Urlauber in diese Region, um hier Ihren Sommerurlaub am Meer zu verbringen. Den Namen hat die Stadt \u00fcbrigens durch den Flu\u00df Swakop erhalten, der hier in den Ozean m\u00fcndet. Swakop (<span class=\"st\">Tsoxoub)\u00a0<\/span>bedeutete \u00fcbersetzt soviel wie\u00a0Exkremente.<\/p>\n<p>Durch die direkte Lage am Atlantik, dem Benguelastrom vom Kap der Guten Hoffnung und die Namib W\u00fcste im Hinterland entsteht ein eigenes und sehr spezielles Klima in dieser Region. Die Temperaturen liegen im ganzen Jahr zwischen 15\u00b0C und 20\u00b0C und das Wasser wird nicht w\u00e4rmer als 16\u00b0C. F\u00fcr viele Touristen der Grund die hei\u00dfen Tage Namibias in dieser Gegend zu verbringen. Mir pers\u00f6nlich hat dieses Klima nicht sehr gut gefallen. Das Meer eignete sich nicht sonderlich zum Baden, der Strandspaziergang wurde durch den Wind recht ungem\u00fctlich und die Stimmung war durch den st\u00e4ndig tr\u00fcben und wolken verhangenden Himmel doch ged\u00e4mpft. Man h\u00f6rt sicher schon raus, dass Swakop nicht mein Urlaubsdomizil der Zukunft werden wird, obwohl es hier eigentlich nicht oft regnet. Aber der Dunstschleier und der feine Nebel, der fast wie Nieselregen wirkt, erinnern mich doch stark an einen d\u00fcsteren Herbsttag in Deutschland, den ich im Urlaub nicht so gerne habe.<\/p>\n<p>Die Fachwerkh\u00e4user und die Strandpromenade erinnern genauso wie Stra\u00dfennamen und das \u00a0Brauhaus an ein deutsches Seebad an der Ostsee. Leider, so finde ich, ist der Zustand einiger Attraktionen wie vor dem deutschen Mauerfall und die Farben so mancher Geb\u00e4ude wirken sehr blass. Aber jetzt genug gest\u00f6hnt, es gibt auch gute Seiten an Swakop.<\/p>\n<p>F\u00fcr einen Ausflug in die Namib, den Besuch der Walvis Bay oder einen Stopp am\u00a0<span class=\"st\">Cape Cross ist Swakopmund eine gute Wahl. Es gibt nette\u00a0Restaurants und f\u00fcr einen kurzen Einkaufsbummel durch die Stadt kann\u00a0man sich etwas Zeit nehmen. Wer noch nie in Namibia war sollte Swakopmund einmal besuchen. 3 Tage w\u00fcrde ich als ausreichend ansehen.<\/span><\/p>\n<\/div><\/div><div id=\"panel-866-1-0-1\" class=\"so-panel widget widget_text\" data-index=\"4\" >\t\t\t<div class=\"textwidget\"><p><code><\/p>\n<section class=\"parallax-section\">\n<div class=\"parallax-window\" data-z-index=\"0\" data-position-x=\"left\" data-parallax=\"scroll\" data-speed=\".3\" data-image-src=\"http:\/\/192.168.1.106\/wordpress\/wp-content\/uploads\/2014\/10\/SAF_4531.jpg\" style=\"align-items: flex-start;min-height: 550px;\">\n<div class=\"parallax-container parallax-content\">\n<\/div>\n<\/div>\n<\/section>\n<p><\/code><\/p>\n<\/div>\n\t\t<\/div><div id=\"panel-866-1-0-2\" class=\"so-panel widget widget_black-studio-tinymce widget_black_studio_tinymce panel-last-child\" data-index=\"5\" ><div class=\"textwidget\"><p>Noch etwas Geschichte und Statistik:<\/p>\n<ul>\n<li>1862 ankerte das deutsche Kanonenboot \u201cWolf\u201d an der namibischen K\u00fcste und bekundete durch Hissen der deutschen Fahne die deutsche Besetzung des Landes.<\/li>\n<li>Im Jahr\u00a01902 wurde durch die 100\u00a0km breite Sandw\u00fcste die erste deutsch-s\u00fcdwestafrikanische Eisenbahn\u00a0von Swakopmund nach\u00a0Windhuk\u00a0 er\u00f6ffnet.<\/li>\n<li>Etwa f\u00fcnf Prozent der Einwohner sind deutscher Abstammung.<\/li>\n<li>Das Wahrzeichen Swakopmunds ist ein\u00a0alter Leuchtturm.<\/li>\n<li>Die Anreise aus Windhuk \u00fcber die B2 ist einfach ( Dauer 6 Stunden ) und ein Stopp an der Spitzkuppe ist Pflicht ( Tolle Landschaft und freundliche Menschen )<\/li>\n<\/ul>\n<p>&nbsp;<\/p>\n<p><span style=\"color: #000000;\">Zur besseren Planung ein kleiner \u00dcberblick der Nebenkosten:<\/span><\/p>\n<ul>\n<li><span style=\"color: #000000;\"><i style=\"font-family: sans-serif; font-variant: normal; line-height: normal;\">30 N$ Eintritt f\u00fcr das Aquarium<\/i><\/span><\/li>\n<li><span style=\"color: #000000;\"><i style=\"font-family: sans-serif; font-variant: normal; line-height: normal;\">50 N$ Eintritt f\u00fcr die Schlangenfarm<\/i><\/span><\/li>\n<li><span style=\"color: #000000;\"><i style=\"font-family: sans-serif; font-variant: normal; line-height: normal;\">500 N$ Ausflug mit dem Katamaran<\/i><\/span><\/li>\n<li><span style=\"color: #000000;\"><i style=\"font-family: sans-serif; font-variant: normal; line-height: normal;\">650 N$ W\u00fcstentour<\/i><\/span><\/li>\n<\/ul>\n<p>&nbsp;<\/p>\n<p>Anmerken m\u00f6chte ich noch, dass w\u00e4hrend unseres Aufenthalts st\u00e4ndig ein Geruch von Algen in der Luft lag und der Strand nicht als sauber bezeichnet werden konnte. Hunde liefen frei herum und man musste schon aufpassen, wohin man trat. Eventuell lag das aber nur an unserer Reisezeit. Bei Hochbetrieb ist es hier vielleicht\u00a0sauberer.<\/p>\n<p><img loading=\"lazy\" decoding=\"async\" class=\" wp-image-7052 alignleft\" src=\"http:\/\/kruste.selfhost.me\/wordpress\/wp-content\/uploads\/2019\/12\/unterschrift_grau-e1580541964981.jpg\" alt=\"\" width=\"202\" height=\"111\" srcset=\"http:\/\/kruste.selfhost.me\/wordpress\/wp-content\/uploads\/2019\/12\/unterschrift_grau-e1580541964981.jpg 464w, http:\/\/kruste.selfhost.me\/wordpress\/wp-content\/uploads\/2019\/12\/unterschrift_grau-e1580541964981-150x82.jpg 150w, http:\/\/kruste.selfhost.me\/wordpress\/wp-content\/uploads\/2019\/12\/unterschrift_grau-e1580541964981-300x165.jpg 300w\" sizes=\"auto, (max-width: 202px) 100vw, 202px\" \/><\/p>\n<\/div><\/div><\/div><\/div><\/div>","protected":false},"excerpt":{"rendered":"<p>&nbsp; Werden Deutsche in Verbindung mit Namibia gebracht handelt es sich oft um die\u00a0kleine Stadt Swakopmund. In Swakop, wie Swakopmund auch gerne genannt wird, leben<\/p>\n","protected":false},"author":1,"featured_media":0,"parent":126,"menu_order":0,"comment_status":"closed","ping_status":"closed","template":"","meta":{"footnotes":""},"class_list":["post-866","page","type-page","status-publish","hentry"],"_links":{"self":[{"href":"http:\/\/kruste.selfhost.me\/wordpress\/index.php?rest_route=\/wp\/v2\/pages\/866","targetHints":{"allow":["GET"]}}],"collection":[{"href":"http:\/\/kruste.selfhost.me\/wordpress\/index.php?rest_route=\/wp\/v2\/pages"}],"about":[{"href":"http:\/\/kruste.selfhost.me\/wordpress\/index.php?rest_route=\/wp\/v2\/types\/page"}],"author":[{"embeddable":true,"href":"http:\/\/kruste.selfhost.me\/wordpress\/index.php?rest_route=\/wp\/v2\/users\/1"}],"replies":[{"embeddable":true,"href":"http:\/\/kruste.selfhost.me\/wordpress\/index.php?rest_route=%2Fwp%2Fv2%2Fcomments&post=866"}],"version-history":[{"count":1,"href":"http:\/\/kruste.selfhost.me\/wordpress\/index.php?rest_route=\/wp\/v2\/pages\/866\/revisions"}],"predecessor-version":[{"id":1947,"href":"http:\/\/kruste.selfhost.me\/wordpress\/index.php?rest_route=\/wp\/v2\/pages\/866\/revisions\/1947"}],"up":[{"embeddable":true,"href":"http:\/\/kruste.selfhost.me\/wordpress\/index.php?rest_route=\/wp\/v2\/pages\/126"}],"wp:attachment":[{"href":"http:\/\/kruste.selfhost.me\/wordpress\/index.php?rest_route=%2Fwp%2Fv2%2Fmedia&parent=866"}],"curies":[{"name":"wp","href":"https:\/\/api.w.org\/{rel}","templated":true}]}}