{"id":871,"date":"2014-11-26T20:47:00","date_gmt":"2014-11-26T19:47:00","guid":{"rendered":"http:\/\/kruste.selfhost.me\/wordpress\/?page_id=871"},"modified":"2021-03-13T20:42:32","modified_gmt":"2021-03-13T18:42:32","slug":"veronika-bed-breakfast-swakopmund","status":"publish","type":"page","link":"http:\/\/kruste.selfhost.me\/wordpress\/?page_id=871","title":{"rendered":"Veronika Bed &#038; Breakfast (Swakopmund)"},"content":{"rendered":"<div id=\"pl-871\"  class=\"panel-layout\" ><div id=\"pg-871-0\"  class=\"panel-grid panel-no-style\" ><div id=\"pgc-871-0-0\"  class=\"panel-grid-cell\" ><div id=\"panel-871-0-0-0\" class=\"so-panel widget widget_black-studio-tinymce widget_black_studio_tinymce panel-first-child panel-last-child\" data-index=\"0\" ><div class=\"textwidget\"><div class=\"style_SkipStroke_2 shape-with-text flowDefining\">\n<div class=\"text-content style_External_485_494\">\n<div class=\"style\">\n<hr \/>\n<\/div>\n<div class=\"style\">\n<div class=\"style\">\n<p style=\"color: #919191;\"><span style=\"color: #000000;\">Das <a href=\"https:\/\/veronika-bed-and-breakfast.com\/\" target=\"_blank\" rel=\"noopener\">kleine B&amp;B<\/a> liegt in einem netten Randbereich von Swakopmund. Es sind mit dem Auto nur 3 Minuten in die Stadt und bei gebuchten Ausfl\u00fcgen wird man zum Teil direkt von der Unterkunft abgeholt. Die Gegend ist ruhig und wie ich es einsch\u00e4tzen kann auch recht sicher. Wir hatten keine Bedenken.\u00a0<\/span><\/p>\n<p style=\"color: #919191;\"><span style=\"color: #000000;\">Im Zimmer steht das N\u00f6tigste bereit. Zwei gro\u00dfe Betten, ein kleiner Tisch und zwei St\u00fchle. Im Bad gibt es Dusche und Badewanne sowie Handt\u00fccher und F\u00f6n. Es ist alles sauber.<\/span><\/p>\n<p style=\"color: #919191;\"><span style=\"color: #000000;\">Bei der Buchung von Ausfl\u00fcgen hilft Hans Joachim gerne und f\u00fchrt auch Reservierungen durch. Eine gute Unterst\u00fctzung, die wir gerne genutzt haben.<\/span><\/p>\n<hr \/>\n<p>&nbsp;<\/p><\/div>\n<\/div>\n<\/div>\n<\/div>\n<\/div><\/div><\/div><div id=\"pgc-871-0-1\"  class=\"panel-grid-cell\" ><div id=\"panel-871-0-1-0\" class=\"so-panel widget widget_black-studio-tinymce widget_black_studio_tinymce panel-first-child panel-last-child\" data-index=\"1\" ><div class=\"textwidget\"><p><a href=\"http:\/\/kruste.selfhost.me\/wordpress\/wp-content\/uploads\/2014\/11\/SAF_4796-e1417032409795.jpg\"><img loading=\"lazy\" decoding=\"async\" class=\"alignnone size-full wp-image-875\" src=\"http:\/\/kruste.selfhost.me\/wordpress\/wp-content\/uploads\/2014\/11\/SAF_4796-e1417032409795.jpg\" alt=\"SAF_4796\" width=\"813\" height=\"1196\" srcset=\"http:\/\/kruste.selfhost.me\/wordpress\/wp-content\/uploads\/2014\/11\/SAF_4796-e1417032409795.jpg 813w, http:\/\/kruste.selfhost.me\/wordpress\/wp-content\/uploads\/2014\/11\/SAF_4796-e1417032409795-101x150.jpg 101w, http:\/\/kruste.selfhost.me\/wordpress\/wp-content\/uploads\/2014\/11\/SAF_4796-e1417032409795-203x300.jpg 203w, http:\/\/kruste.selfhost.me\/wordpress\/wp-content\/uploads\/2014\/11\/SAF_4796-e1417032409795-696x1024.jpg 696w, http:\/\/kruste.selfhost.me\/wordpress\/wp-content\/uploads\/2014\/11\/SAF_4796-e1417032409795-700x1029.jpg 700w\" sizes=\"auto, (max-width: 813px) 100vw, 813px\" \/><\/a><\/p>\n<\/div><\/div><\/div><\/div><div id=\"pg-871-1\"  class=\"panel-grid panel-no-style\" ><div id=\"pgc-871-1-0\"  class=\"panel-grid-cell\" ><div id=\"panel-871-1-0-0\" class=\"so-panel widget widget_black-studio-tinymce widget_black_studio_tinymce panel-first-child\" data-index=\"2\" ><h3 class=\"widget-title\">Preise:<\/h3><div class=\"textwidget\"><hr \/>\n<p style=\"color: #929292;\"><span style=\"color: #000000;\"><i>Zimmerpreis von 650 N$ inklusive Fr\u00fchst\u00fcck.<\/i><\/span><\/p>\n<\/div><\/div><div id=\"panel-871-1-0-1\" class=\"so-panel widget widget_black-studio-tinymce widget_black_studio_tinymce\" data-index=\"3\" ><h3 class=\"widget-title\">Kommunikation:<\/h3><div class=\"textwidget\"><div id=\"id4\" class=\"style_SkipStroke_4 shape-with-text\">\n<div class=\"text-content graphic_textbox_layout_style_default_External_138_130\">\n<div class=\"graphic_textbox_layout_style_default\">\n<hr \/>\n<p class=\"Caption\">Per Mobilfunk ist man erreichbar. Internetzugang per WLAN ist\u00a0kostenfrei m\u00f6glich.<\/p>\n<\/div>\n<\/div>\n<\/div>\n<\/div><\/div><div id=\"panel-871-1-0-2\" class=\"so-panel widget widget_text\" data-index=\"4\" >\t\t\t<div class=\"textwidget\"><section class=\"parallax-section\">\n<div class=\"parallax-window\" data-z-index=\"1\" data-position-x=\"left\" data-parallax=\"scroll\" data-speed=\".3\" data-image-src=\"http:\/\/192.168.1.106\/wordpress\/wp-content\/uploads\/2014\/10\/SAF_4761.jpg\" style=\"align-items: flex-start;min-height: 550px;\">\n<div class=\"parallax-container parallax-content\">\n<\/div>\n<\/div>\n<\/section>\n<\/div>\n\t\t<\/div><div id=\"panel-871-1-0-3\" class=\"so-panel widget widget_black-studio-tinymce widget_black_studio_tinymce\" data-index=\"5\" ><h3 class=\"widget-title\">Anreise:<\/h3><div class=\"textwidget\"><hr \/>\n<p style=\"color: #919191;\"><span style=\"color: #000000;\">Wir sind mit\u00a0dem Mietwagen von\u00a0Outjo aus angereist ( 10 Stunden Fahrzeit mit Stopp an der Fingerklippe und am Cape Cross ). Die Fahrt war zum Teil recht abenteuerlich und die W\u00fcste ist nicht zu untersch\u00e4tzen. Ich kann nur empfehlen jede Tankstelle auf dem Weg zu nutzen.<\/span><\/p>\n<\/div><\/div><div id=\"panel-871-1-0-4\" class=\"so-panel widget widget_black-studio-tinymce widget_black_studio_tinymce\" data-index=\"6\" ><h3 class=\"widget-title\">Meine Reisezeiten:<\/h3><div class=\"textwidget\"><hr \/>\n<ul>\n<li>Januar 2014<\/li>\n<\/ul>\n<p class=\"paragraph_style\">\u00a0<\/p>\n<\/div><\/div><div id=\"panel-871-1-0-5\" class=\"so-panel widget widget_black-studio-tinymce widget_black_studio_tinymce\" data-index=\"7\" ><h3 class=\"widget-title\">Das Wetter:<\/h3><div class=\"textwidget\"><hr \/>\n<p class=\"paragraph_style\">Januar 2014<\/p>\n<ul>\n<li>\n<p style=\"color: #919191;\"><span style=\"color: #000000;\">18\u00b0C bis 24\u00b0C mit dichter Bew\u00f6lkung ( Nebel ) am Morgen. Jeder Tag war so ein typischer Swakop Wettertag. Zum Gl\u00fcck gab es ab Mittags viel Sonne.<\/span><\/p>\n<\/li>\n<\/ul>\n<\/div><\/div><div id=\"panel-871-1-0-6\" class=\"so-panel widget widget_black-studio-tinymce widget_black_studio_tinymce\" data-index=\"8\" ><h3 class=\"widget-title\">Zimmer:<\/h3><div class=\"textwidget\"><hr \/>\n<p style=\"color: #919191;\"><span style=\"color: #000000;\">Wir hatten ein gro\u00dfes Zimmer mit 2 Betten und alles war sauber. Leider gab es keinen Platz, an dem man sich ungest\u00f6rt und windgesch\u00fctzt h\u00e4tte in die Sonne legen k\u00f6nnen. Sonst gab es f\u00fcr den Preis nichts zu meckern.<\/span><\/p>\n<p style=\"color: #919191;\">\u00a0<\/p>\n<\/div><\/div><div id=\"panel-871-1-0-7\" class=\"so-panel widget widget_black-studio-tinymce widget_black_studio_tinymce\" data-index=\"9\" ><div class=\"textwidget\"><p><img loading=\"lazy\" decoding=\"async\" class=\"aligncenter size-full wp-image-7480\" src=\"http:\/\/kruste.selfhost.me\/wordpress\/wp-content\/uploads\/2020\/07\/SAF_5044-scaled-e1595858700905.jpg\" alt=\"\" width=\"1804\" height=\"684\" srcset=\"http:\/\/kruste.selfhost.me\/wordpress\/wp-content\/uploads\/2020\/07\/SAF_5044-scaled-e1595858700905.jpg 1804w, http:\/\/kruste.selfhost.me\/wordpress\/wp-content\/uploads\/2020\/07\/SAF_5044-scaled-e1595858700905-300x114.jpg 300w, http:\/\/kruste.selfhost.me\/wordpress\/wp-content\/uploads\/2020\/07\/SAF_5044-scaled-e1595858700905-1024x388.jpg 1024w, http:\/\/kruste.selfhost.me\/wordpress\/wp-content\/uploads\/2020\/07\/SAF_5044-scaled-e1595858700905-150x57.jpg 150w, http:\/\/kruste.selfhost.me\/wordpress\/wp-content\/uploads\/2020\/07\/SAF_5044-scaled-e1595858700905-768x291.jpg 768w, http:\/\/kruste.selfhost.me\/wordpress\/wp-content\/uploads\/2020\/07\/SAF_5044-scaled-e1595858700905-1536x582.jpg 1536w\" sizes=\"auto, (max-width: 1804px) 100vw, 1804px\" \/><\/p>\n<\/div><\/div><div id=\"panel-871-1-0-8\" class=\"so-panel widget widget_black-studio-tinymce widget_black_studio_tinymce\" data-index=\"10\" ><h3 class=\"widget-title\">K\u00fcche \/ Restaurant:<\/h3><div class=\"textwidget\"><hr \/>\n<p style=\"color: #919191;\"><span style=\"color: #000000;\">Das Fr\u00fchst\u00fcck ist recht einfach gehalten. Es gibt frische Br\u00f6tchen, Marmelade, K\u00e4se und eine Sorte Wurst. M\u00fcsli, Fruchtjogurt, Apfel und Eier nach Wunsch.<\/span><\/p>\n<p style=\"color: #919191;\"><span style=\"color: #000000;\">Kaffe oder Tee kann bestellt werden. Man wird satt und mehr ist f\u00fcr den Preis auch nicht zu verlangen.<\/span><\/p>\n<\/div><\/div><div id=\"panel-871-1-0-9\" class=\"so-panel widget widget_black-studio-tinymce widget_black_studio_tinymce\" data-index=\"11\" ><h3 class=\"widget-title\">Personal:<\/h3><div class=\"textwidget\"><hr \/><p style=\"color: #919191;\"><span style=\"color: rgb(0, 0, 0);\">Wirklich sehr freundlich und hilfsbereit. Ausfl\u00fcge werden gebucht und Tipps werden gerne gegeben. Wer m\u00f6chte, erh\u00e4lt auch mal ein Bier und so kommt man schnell\u00a0ins Gespr\u00e4ch.<\/span><\/p><\/div><\/div><div id=\"panel-871-1-0-10\" class=\"so-panel widget widget_black-studio-tinymce widget_black_studio_tinymce\" data-index=\"12\" ><h3 class=\"widget-title\">Aktivit\u00e4ten:<\/h3><div class=\"textwidget\"><hr \/>\n<p style=\"color: #919191;\"><span style=\"color: rgb(0, 0, 0);\">Ausflug in die W\u00fcste, zum Cape Cross oder zur Walvis Bay.<\/span><\/p>\n<p style=\"color: #919191;\"><span style=\"color: #000000;\">Ein Sonnenbad am Strand war zu unserer Zeit nicht angesagt und zum Baden war das Wasser zu kalt. Das k\u00f6nnte zu einer anderen Reisezeit besser sein.<\/span><\/p>\n<\/div><\/div><div id=\"panel-871-1-0-11\" class=\"so-panel widget widget_black-studio-tinymce widget_black_studio_tinymce panel-last-child\" data-index=\"13\" ><h3 class=\"widget-title\">Tipps:<\/h3><div class=\"textwidget\"><hr \/>\n<ul>\n<li><span style=\"color: #000000;\">Ein MUSS ist die W\u00fcstentour mit Tommy ( ich hatte sehr viel Spa\u00df )<\/span><\/li>\n<li><span style=\"color: #000000;\">Bootsfahrt zur Robbeninsel ab\u00a0Walvis Bay ( aber Achtung ! Es gibt fr\u00fch am Morgen schon Alkohol )<\/span><\/li>\n<li><span style=\"color: #000000;\">Essen im Jetty ( Reservierung erforderlich )<\/span><\/li>\n<li>Der Besuch des Aquarium ist nicht notwendig<\/li>\n<\/ul>\n<\/div><\/div><\/div><\/div><div id=\"pg-871-2\"  class=\"panel-grid panel-no-style\" ><div id=\"pgc-871-2-0\"  class=\"panel-grid-cell\" ><div id=\"panel-871-2-0-0\" class=\"so-panel widget widget_black-studio-tinymce widget_black_studio_tinymce panel-first-child\" data-index=\"14\" ><h3 class=\"widget-title\">Sicherheit:<\/h3><div class=\"textwidget\"><hr \/>\n<p class=\"paragraph_style\">Vorab gab es die Meldung\u00a0von einem \u00dcberfall auf Touristen. Wir gingen skeptisch an die Sache ran, hatten vor Ort aber keine Bedenken. Vorsicht ist \u00fcberall geboten aber nicht mehr als in Hannover oder Stuttgart. Ich habe meine Fotoausr\u00fcstung immer dabei gehabt und es ging alles gut.<\/p>\n<p class=\"paragraph_style\">Swakopmund besitzt eine eigene B\u00fcrgerwehr. Tommy hat mir erkl\u00e4rt, wie der Zusammenhalt der Einwohner funktioniert. Es gibt \u00fcber diese Art der Verteidigung\u00a0sicher mindestens zwei Meinungen. Jeder muss sich sein eigenes Bild machen, ich m\u00f6chte hier kein Urteil treffen.<\/p>\n<\/div><\/div><div id=\"panel-871-2-0-1\" class=\"so-panel widget widget_black-studio-tinymce widget_black_studio_tinymce\" data-index=\"15\" ><h3 class=\"widget-title\">Klartext:<\/h3><div class=\"textwidget\"><hr \/>\n<p><span style=\"color: #000000;\">Das B&amp;B ist sauber, die Eigent\u00fcmer sind freundlich, die Lage ist gut und das Fr\u00fchst\u00fcck\u00a0ist\u00a0<\/span>ausreichend. Ich w\u00fcrde, wenn es mich doch noch einmal nach Swakop verschl\u00e4gt, etwas mehr Geld f\u00fcr die \u00dcbernachtung\u00a0ausgeben und eine Unterkunft mit sch\u00f6nem Ausblick buchen. Wer aber nur ein begrenztes\u00a0Budget \u00a0zur Verf\u00fcgung hat ist hier gut aufgehoben.<\/p>\n<\/div><\/div><div id=\"panel-871-2-0-2\" class=\"so-panel widget widget_black-studio-tinymce widget_black_studio_tinymce panel-last-child\" data-index=\"16\" ><div class=\"textwidget\"><p><a href=\"http:\/\/kruste.selfhost.me\/wordpress\/wp-content\/uploads\/2014\/11\/SAF_4531-e1417032546885.jpg\"><img loading=\"lazy\" decoding=\"async\" class=\"alignnone size-full wp-image-877\" src=\"http:\/\/kruste.selfhost.me\/wordpress\/wp-content\/uploads\/2014\/11\/SAF_4531-e1417032546885.jpg\" alt=\"SAF_4531\" width=\"2027\" height=\"469\" srcset=\"http:\/\/kruste.selfhost.me\/wordpress\/wp-content\/uploads\/2014\/11\/SAF_4531-e1417032546885.jpg 2027w, http:\/\/kruste.selfhost.me\/wordpress\/wp-content\/uploads\/2014\/11\/SAF_4531-e1417032546885-150x34.jpg 150w, http:\/\/kruste.selfhost.me\/wordpress\/wp-content\/uploads\/2014\/11\/SAF_4531-e1417032546885-300x69.jpg 300w, http:\/\/kruste.selfhost.me\/wordpress\/wp-content\/uploads\/2014\/11\/SAF_4531-e1417032546885-1024x236.jpg 1024w, http:\/\/kruste.selfhost.me\/wordpress\/wp-content\/uploads\/2014\/11\/SAF_4531-e1417032546885-700x161.jpg 700w\" sizes=\"auto, (max-width: 2027px) 100vw, 2027px\" \/><\/a><\/p>\n<\/div><\/div><\/div><\/div><\/div>","protected":false},"excerpt":{"rendered":"<p>Das kleine B&amp;B liegt in einem netten Randbereich von Swakopmund. Es sind mit dem Auto nur 3 Minuten in die Stadt und bei gebuchten Ausfl\u00fcgen<\/p>\n","protected":false},"author":1,"featured_media":0,"parent":866,"menu_order":0,"comment_status":"closed","ping_status":"closed","template":"","meta":{"footnotes":""},"class_list":["post-871","page","type-page","status-publish","hentry"],"_links":{"self":[{"href":"http:\/\/kruste.selfhost.me\/wordpress\/index.php?rest_route=\/wp\/v2\/pages\/871","targetHints":{"allow":["GET"]}}],"collection":[{"href":"http:\/\/kruste.selfhost.me\/wordpress\/index.php?rest_route=\/wp\/v2\/pages"}],"about":[{"href":"http:\/\/kruste.selfhost.me\/wordpress\/index.php?rest_route=\/wp\/v2\/types\/page"}],"author":[{"embeddable":true,"href":"http:\/\/kruste.selfhost.me\/wordpress\/index.php?rest_route=\/wp\/v2\/users\/1"}],"replies":[{"embeddable":true,"href":"http:\/\/kruste.selfhost.me\/wordpress\/index.php?rest_route=%2Fwp%2Fv2%2Fcomments&post=871"}],"version-history":[{"count":1,"href":"http:\/\/kruste.selfhost.me\/wordpress\/index.php?rest_route=\/wp\/v2\/pages\/871\/revisions"}],"predecessor-version":[{"id":7387,"href":"http:\/\/kruste.selfhost.me\/wordpress\/index.php?rest_route=\/wp\/v2\/pages\/871\/revisions\/7387"}],"up":[{"embeddable":true,"href":"http:\/\/kruste.selfhost.me\/wordpress\/index.php?rest_route=\/wp\/v2\/pages\/866"}],"wp:attachment":[{"href":"http:\/\/kruste.selfhost.me\/wordpress\/index.php?rest_route=%2Fwp%2Fv2%2Fmedia&parent=871"}],"curies":[{"name":"wp","href":"https:\/\/api.w.org\/{rel}","templated":true}]}}