{"id":878,"date":"2014-11-27T18:45:02","date_gmt":"2014-11-27T17:45:02","guid":{"rendered":"http:\/\/kruste.selfhost.me\/wordpress\/?page_id=878"},"modified":"2021-08-29T08:02:42","modified_gmt":"2021-08-29T06:02:42","slug":"region-windhoek-flughafen","status":"publish","type":"page","link":"http:\/\/kruste.selfhost.me\/wordpress\/?page_id=878","title":{"rendered":"Region Windhoek"},"content":{"rendered":"<div id=\"pl-878\"  class=\"panel-layout\" ><div id=\"pg-878-0\"  class=\"panel-grid panel-no-style\" ><div id=\"pgc-878-0-0\"  class=\"panel-grid-cell\" ><div id=\"panel-878-0-0-0\" class=\"so-panel widget widget_black-studio-tinymce widget_black_studio_tinymce panel-first-child\" data-index=\"0\" ><div class=\"textwidget\"><hr \/>\n<p>&nbsp;<\/p>\n<\/div><\/div><div id=\"panel-878-0-0-1\" class=\"so-panel widget widget_text panel-last-child\" data-index=\"1\" >\t\t\t<div class=\"textwidget\"><p>\nAktuelle Zeit in Windhoek:  17:15 Uhr<br \/>\nZeitzone:  CAT<br \/>\nDie Wettervorhersage f\u00fcr die n\u00e4chsten drei Tage: <\/p>\n<\/div>\n\t\t<\/div><\/div><div id=\"pgc-878-0-1\"  class=\"panel-grid-cell\" ><div id=\"panel-878-0-1-0\" class=\"so-panel widget widget_black-studio-tinymce widget_black_studio_tinymce panel-first-child panel-last-child\" data-index=\"2\" ><div class=\"textwidget\"><p><i><\/i><\/p>\n<div class='weather-atlas-wrapper' style='background:#FF6D00;border:1px solid #ee5c00;color:#fff;'>\n<div class='weather-atlas-header' style='border-bottom:1px solid #ee5c00'>Windhoek, NA<\/div>\n<div class='weather-atlas-body'>\n<div class='current_horizontal'>\n<div class='current_temp'><i class='wi wi-fw wi-weather-34'><\/i><span class='temp'>24\u00b0<\/span>\n<div class='current_text'>Leicht<\/div>\n<div class='sunrise_sunset'>07:05<i class='wi wi-fw wi-weather-32'><\/i>18:36 CAT<\/div>\n<\/div>\n<p><span class='current_text_2'>Gef\u00fchlt: 24<small>\u00b0C<\/small><br \/>Wind: 24<small>km\/h<\/small> WNW<br \/>Feuchtigkeit: 21<small>%<\/small><br \/>Druck: 1005.42<small>mbar<\/small><br \/>UV-Index: 1<\/span><\/p><\/div>\n<div class='hourly hours' style='border-bottom:1px solid #ee5c00'><span class='extended_hour extended_hour_1'>19<small>h<\/small><\/span><span class='extended_hour extended_hour_2'>20<small>h<\/small><\/span><span class='extended_hour extended_hour_3'>21<small>h<\/small><\/span><span class='extended_hour extended_hour_4'>22<small>h<\/small><\/span><span class='extended_hour extended_hour_5'>23<small>h<\/small><\/span><\/div>\n<div class='hourly'><span class='extended_hour extended_hour_1' title='Klar'>19<small>\u00b0C<\/small><br \/><i class='wi wi-fw wi-weather-31'><\/i><\/span><span class='extended_hour extended_hour_2' title='Klar'>16<small>\u00b0C<\/small><br \/><i class='wi wi-fw wi-weather-31'><\/i><\/span><span class='extended_hour extended_hour_3' title='Klar'>15<small>\u00b0C<\/small><br \/><i class='wi wi-fw wi-weather-31'><\/i><\/span><span class='extended_hour extended_hour_4' title='Klar'>14<small>\u00b0C<\/small><br \/><i class='wi wi-fw wi-weather-31'><\/i><\/span><span class='extended_hour extended_hour_5' title='Klar'>13<small>\u00b0C<\/small><br \/><i class='wi wi-fw wi-weather-31'><\/i><\/span><\/div>\n<div class='daily days' style='border-bottom:1px solid #ee5c00'><span class='extended_day extended_day_1'>So.<\/span><span class='extended_day extended_day_2'>Mo.<\/span><span class='extended_day extended_day_3'>Di.<\/span><\/div>\n<div class='daily'><span class='extended_day extended_day_1' title='Sonnig'>25<small>\u00b0C<\/small> \/ 7<small>\u00b0C<\/small><br \/><i class='wi wi-fw wi-weather-32'><\/i><\/span><span class='extended_day extended_day_2' title='Meist Sonnig'>26<small>\u00b0C<\/small> \/ 9<small>\u00b0C<\/small><br \/><i class='wi wi-fw wi-weather-34'><\/i><\/span><span class='extended_day extended_day_3' title='Sonnig'>27<small>\u00b0C<\/small> \/ 10<small>\u00b0C<\/small><br \/><i class='wi wi-fw wi-weather-32'><\/i><\/span><\/div>\n<\/div>\n<div class='weather-atlas-footer' style='border-top:1px solid #ee5c00'><a href='https:\/\/www.weather-atlas.com\/en\/namibia\/windhoek-long-term-weather-forecast' title='Windhoek, NA - 10 days weather forecast' style='color:#fff'><span class='weather-atlas-footer-block'>Windhoek, NA<\/span> 10 days weather forecast &#9656;<\/a><\/div>\n<\/div>\n<p><\/p>\n<\/div><\/div><\/div><\/div><div id=\"pg-878-1\"  class=\"panel-grid panel-no-style\" ><div id=\"pgc-878-1-0\"  class=\"panel-grid-cell\" ><div id=\"panel-878-1-0-0\" class=\"so-panel widget widget_black-studio-tinymce widget_black_studio_tinymce panel-first-child\" data-index=\"3\" ><div class=\"textwidget\"><hr \/>\n<p>Der Flughafen Windhoek wird nur von wenigen internationalen Airlines angeflogen. Mir bekannt sind <del>Air Namibia<\/del>, Ethiopian Airlines, \u00a0<del>South African Airlines<\/del> ( \u00fcber Johannesburg ), Condor, Qatar und <del>KLM<\/del> ( \u00fcber Angola ).<br \/>\nUpdate 2021: Air Namibia und South African Airlines haben den Flugbetrieb eingestellt, KLM bedient die Strecke nicht mehr und Qatar sowie Condor haben die Verbindungen ausgesetzt. Ab Johannesburg fliegt AirLink.<\/p>\n<p>Wir w\u00e4hlten aufgrund eines Angebots die\u00a0Air Namibia mit einem Flug nach Kapstadt und Stopp in Winhoek. Nach Recherchen im\u00a0Internet stellte sich die Frage, ob die Air Namibia die richtige Wahl war. Berichte \u00fcber den Ausfall von Fl\u00fcgen und schlechtem Service machten die Entscheidung nicht leichter, doch wir hatten Gl\u00fcck. Unser Flug von Frankfurt nach Windhoek wurde mit dem neuen Airbus A 330-200 durchgef\u00fchrt und bis auf kleine Probleme verlief alles reibungslos.<\/p>\n<p>Der Flughafen (WDH) ist recht unspektakul\u00e4r und die Zeit des Aufenthalts kann\u00a0so kurz wie m\u00f6glich gehalten werden. Es gibt ein Restaurant f\u00fcr kleine Snacks sowie mehrere Schalter von\u00a0Mietwagen Firmen, aber das war es auch schon. Eine Tankstelle sucht man in der n\u00e4heren Umgebung leider vergebens, was bei der Fahrzeugr\u00fcckgabe zu einer Zwangsgeb\u00fchr f\u00fcr nicht vollgetankte Mietwagen f\u00fchrt. So ist das hier ;-).<\/p>\n<\/div><\/div><div id=\"panel-878-1-0-1\" class=\"so-panel widget widget_text\" data-index=\"4\" >\t\t\t<div class=\"textwidget\"><p><code><\/p>\n<section class=\"parallax-section\">\n<div class=\"parallax-window\" data-z-index=\"0\" data-position-x=\"left\" data-parallax=\"scroll\" data-speed=\".3\" data-image-src=\"http:\/\/kruste.selfhost.me\/wordpress\/wp-content\/uploads\/2020\/07\/SAF_0179.jpg\" style=\"align-items: flex-start;min-height: 550px;\">\n<div class=\"parallax-container parallax-content\">\n<\/div>\n<\/div>\n<\/section>\n<p><\/code><\/p>\n<\/div>\n\t\t<\/div><div id=\"panel-878-1-0-2\" class=\"so-panel widget widget_black-studio-tinymce widget_black_studio_tinymce panel-last-child\" data-index=\"5\" ><div class=\"textwidget\"><p>Die Stra\u00dfen in der Umgebung sind asphaltiert und in einem recht guten Zustand. Die H\u00f6chstgeschwindigkeit von 120 km\/h gilt es einzuhalten, was von Zeit zu Zeit recht schwer f\u00e4llt. Doch umherlaufendes \u00a0Vieh, Tierkadaver und\u00a0mobile Blitzer\u00a0halten von h\u00f6heren Geschwindigkeiten ab. \u00a0Fahrten in der Dunkelheit sollten m\u00f6glichst vermieden werden !<\/p>\n<p>In Namibia gilt f\u00fcr Stra\u00dfen (Pads genannt) folgende Regel:<\/p>\n<ul>\n<li><b>B-Stra\u00dfen sind<\/b>\u00a0mindestens zweispurig und asphaltiert ( Landstra\u00dfen )<\/li>\n<li><b>C-Stra\u00dfen<\/b>\u00a0sind Hauptstra\u00dfen und teilweise asphaltiert, sonst mit Schotter.<\/li>\n<li><b>D-Stra\u00dfen<\/b>\u00a0sind unterschiedlich gut gewartete Schotterpisten; in wenigen Ausnahmef\u00e4llen \u00a0auch asphaltiert.<\/li>\n<\/ul>\n<p>&nbsp;<\/p>\n<p>Auf den C und D Stra\u00dfen besteht erh\u00f6hte Gefahr von Steinschlag und bei zu hoher Geschwindigkeit kann das Fahrzeug ins Schlingern geraten. Ein Fahrverhalten wie auf Schnee, was durch Bodenwellen noch verst\u00e4rkt wird.<\/p>\n<p>Mit etwas R\u00fccksicht und einer vorsichtigen Fahrweise steht einem unbeschwertem Urlaubsvergn\u00fcgen nichts im Weg, denn ohne Mietwagen geht in Namibia nichts.<\/p>\n<p><img loading=\"lazy\" decoding=\"async\" class=\" wp-image-7052 alignleft\" src=\"http:\/\/kruste.selfhost.me\/wordpress\/wp-content\/uploads\/2019\/12\/unterschrift_grau-e1580541964981.jpg\" alt=\"\" width=\"107\" height=\"59\" srcset=\"http:\/\/kruste.selfhost.me\/wordpress\/wp-content\/uploads\/2019\/12\/unterschrift_grau-e1580541964981.jpg 464w, http:\/\/kruste.selfhost.me\/wordpress\/wp-content\/uploads\/2019\/12\/unterschrift_grau-e1580541964981-150x82.jpg 150w, http:\/\/kruste.selfhost.me\/wordpress\/wp-content\/uploads\/2019\/12\/unterschrift_grau-e1580541964981-300x165.jpg 300w\" sizes=\"auto, (max-width: 107px) 100vw, 107px\" \/><\/p>\n<\/div><\/div><\/div><\/div><\/div>","protected":false},"excerpt":{"rendered":"<p>&nbsp; Der Flughafen Windhoek wird nur von wenigen internationalen Airlines angeflogen. Mir bekannt sind Air Namibia, Ethiopian Airlines, \u00a0South African Airlines ( \u00fcber Johannesburg ),<\/p>\n","protected":false},"author":1,"featured_media":0,"parent":126,"menu_order":0,"comment_status":"closed","ping_status":"closed","template":"","meta":{"footnotes":""},"class_list":["post-878","page","type-page","status-publish","hentry"],"_links":{"self":[{"href":"http:\/\/kruste.selfhost.me\/wordpress\/index.php?rest_route=\/wp\/v2\/pages\/878","targetHints":{"allow":["GET"]}}],"collection":[{"href":"http:\/\/kruste.selfhost.me\/wordpress\/index.php?rest_route=\/wp\/v2\/pages"}],"about":[{"href":"http:\/\/kruste.selfhost.me\/wordpress\/index.php?rest_route=\/wp\/v2\/types\/page"}],"author":[{"embeddable":true,"href":"http:\/\/kruste.selfhost.me\/wordpress\/index.php?rest_route=\/wp\/v2\/users\/1"}],"replies":[{"embeddable":true,"href":"http:\/\/kruste.selfhost.me\/wordpress\/index.php?rest_route=%2Fwp%2Fv2%2Fcomments&post=878"}],"version-history":[{"count":2,"href":"http:\/\/kruste.selfhost.me\/wordpress\/index.php?rest_route=\/wp\/v2\/pages\/878\/revisions"}],"predecessor-version":[{"id":7379,"href":"http:\/\/kruste.selfhost.me\/wordpress\/index.php?rest_route=\/wp\/v2\/pages\/878\/revisions\/7379"}],"up":[{"embeddable":true,"href":"http:\/\/kruste.selfhost.me\/wordpress\/index.php?rest_route=\/wp\/v2\/pages\/126"}],"wp:attachment":[{"href":"http:\/\/kruste.selfhost.me\/wordpress\/index.php?rest_route=%2Fwp%2Fv2%2Fmedia&parent=878"}],"curies":[{"name":"wp","href":"https:\/\/api.w.org\/{rel}","templated":true}]}}