{"id":881,"date":"2014-11-28T23:00:47","date_gmt":"2014-11-28T22:00:47","guid":{"rendered":"http:\/\/kruste.selfhost.me\/wordpress\/?page_id=881"},"modified":"2021-03-12T18:26:00","modified_gmt":"2021-03-12T16:26:00","slug":"okambara-elephant-lodge-region-windhoek","status":"publish","type":"page","link":"http:\/\/kruste.selfhost.me\/wordpress\/?page_id=881","title":{"rendered":"Okambara Elephant Lodge (Region Windhoek)"},"content":{"rendered":"<div id=\"pl-881\"  class=\"panel-layout\" ><div id=\"pg-881-0\"  class=\"panel-grid panel-no-style\" ><div id=\"pgc-881-0-0\"  class=\"panel-grid-cell\" ><div id=\"panel-881-0-0-0\" class=\"so-panel widget widget_black-studio-tinymce widget_black_studio_tinymce panel-first-child panel-last-child\" data-index=\"0\" ><div class=\"textwidget\"><div class=\"style_SkipStroke_2 shape-with-text flowDefining\">\n<div class=\"text-content style_External_485_494\">\n<div class=\"style\">\n<hr \/>\n<\/div>\n<div class=\"style\">\n<div class=\"style\">\n<p style=\"color: #919191;\"><span style=\"color: #000000;\">\u00a0Die Bezeichnung Lodge ist etwas irref\u00fchrend. Ich w\u00fcrde lieber den Begriff Farm benutzten, damit ist alles beschrieben.<\/span><\/p>\n<p style=\"color: #919191;\"><span style=\"color: #000000;\">Auf der <a href=\"https:\/\/okambara.de\/die-lodge\/\" target=\"_blank\" rel=\"noopener\">Okambara Elephant Lodge<\/a>\u00a0\u00a0geht es rustikal vor. Das Schlachthaus liegt direkt auf dem Weg zum Rondavel, am Abend kommen die Stachelschweine fast bis an die Tische und wer m\u00f6chte kann eventuell\u00a0an\u00a0der Jagd teilnehmen. Es ist sogar m\u00f6glich einen Karakal oder Leopard zu streicheln. Alles kann, muss aber nicht probiert werden und es geht recht entspannt vor. Wer Lust hat versucht noch die freilebenden Stachelschweine zu ber\u00fchren\u00a0oder sieht beim Abziehen der Jagdbeute zu. Mir hat das alles gut gefallen.<\/span><\/p>\n<p style=\"color: #919191;\"><span style=\"color: #000000;\">F\u00fcr die \u00dcbernachtungen gibt es\u00a0unterschiedliche Unterbringungs- m\u00f6glichkeiten auf Okambara. Die Zuteilung\u00a0erfolgte nach unserer Ankunft und wir hatten einen freistehenden Rondavel erhalten. Das Zimmer im Haupthaus w\u00fcrde ich beim n\u00e4chsten Besuch aber vorziehen.<\/span><\/p>\n<p style=\"color: #919191;\"><span style=\"color: #000000;\">Ein Pool ist\u00a0vorhanden\u00a0und bietet Platz zur Erholung. Zur Beobachtung von Tieren gibt\u00a0es ein Wasserloch, das bei unserem Besuch leider nicht viel hergab. Es hatte vorab etwas geregnet und die Tiere waren so nicht auf die k\u00fcnstliche Wasserstelle angewiesen. F\u00fcr uns bedeutete das, die Sichtung von ein paar Impalas und einer Bande Paviane. Schade, ich hatte mir etwas mehr erhofft.<\/span><\/p>\n<p style=\"color: #919191;\"><span style=\"color: #000000;\">Der Grund warum wir die\u00a0Lodge ausgew\u00e4hlt hatten, waren die Geparden, Karakale und der Leopard, die hier versorgt\u00a0werden. Diese Tiere wurden auf der Farm abgegeben und\u00a0werden hier gepflegt, da sie in der freien Wildnis keine \u00dcberlebenschance mehr haben. Die t\u00e4glichen F\u00fctterungen k\u00f6nnen begleitet werden und die Tiere sind teilweise sogar zu ber\u00fchren.<\/span><\/p>\n<p style=\"color: #919191;\"><span style=\"color: #000000;\">Die Safaris auf dem gro\u00dfen Gel\u00e4nde der Lodge bieten eine Vielzahl von Tierarten ( Elefanten, Impalas, Gnus, Elend, Orix, Stachelschweine, Bienenfresser, Adler und mit Gl\u00fcck Leoparden und Geparden ). Da die Tier etwas scheu sind, ist es schwer m\u00f6glich nah an diese heranzukommen.\u00a0<\/span><\/p>\n<p style=\"color: #919191;\"><span style=\"color: #000000;\">Die Okambara Elephant Lodge war ein guter Startpunkt um Namibia zu bereisen.\u00a0<\/span><\/p>\n<hr \/>\n<p>&nbsp;<\/p><\/div>\n<\/div>\n<\/div>\n<\/div>\n<\/div><\/div><\/div><div id=\"pgc-881-0-1\"  class=\"panel-grid-cell\" ><div id=\"panel-881-0-1-0\" class=\"so-panel widget widget_black-studio-tinymce widget_black_studio_tinymce panel-first-child panel-last-child\" data-index=\"1\" ><div class=\"textwidget\"><p><img loading=\"lazy\" decoding=\"async\" class=\"size-full wp-image-7485 alignright\" src=\"http:\/\/kruste.selfhost.me\/wordpress\/wp-content\/uploads\/2020\/07\/SAF_9348-scaled.jpg\" alt=\"\" width=\"1893\" height=\"2560\" srcset=\"http:\/\/kruste.selfhost.me\/wordpress\/wp-content\/uploads\/2020\/07\/SAF_9348-scaled.jpg 1893w, http:\/\/kruste.selfhost.me\/wordpress\/wp-content\/uploads\/2020\/07\/SAF_9348-222x300.jpg 222w, http:\/\/kruste.selfhost.me\/wordpress\/wp-content\/uploads\/2020\/07\/SAF_9348-757x1024.jpg 757w, http:\/\/kruste.selfhost.me\/wordpress\/wp-content\/uploads\/2020\/07\/SAF_9348-111x150.jpg 111w, http:\/\/kruste.selfhost.me\/wordpress\/wp-content\/uploads\/2020\/07\/SAF_9348-768x1039.jpg 768w, http:\/\/kruste.selfhost.me\/wordpress\/wp-content\/uploads\/2020\/07\/SAF_9348-568x768.jpg 568w, http:\/\/kruste.selfhost.me\/wordpress\/wp-content\/uploads\/2020\/07\/SAF_9348-1136x1536.jpg 1136w, http:\/\/kruste.selfhost.me\/wordpress\/wp-content\/uploads\/2020\/07\/SAF_9348-1514x2048.jpg 1514w\" sizes=\"auto, (max-width: 1893px) 100vw, 1893px\" \/><\/p>\n<\/div><\/div><\/div><\/div><div id=\"pg-881-1\"  class=\"panel-grid panel-no-style\" ><div id=\"pgc-881-1-0\"  class=\"panel-grid-cell\" ><div id=\"panel-881-1-0-0\" class=\"so-panel widget widget_black-studio-tinymce widget_black_studio_tinymce panel-first-child\" data-index=\"2\" ><h3 class=\"widget-title\">Preise:<\/h3><div class=\"textwidget\"><hr \/>\n<p><span style=\"color: #000000;\"><i style=\"font-family: sans-serif; font-variant: normal; line-height: normal;\">\u00dcbernachtung 75 \u20ac pro Person inklusive Halbpension<\/i><\/span><br \/><span style=\"color: #000000;\"><i style=\"font-family: sans-serif; font-variant: normal; line-height: normal;\">Game Drive 250 N$<\/i><\/span><br \/><span style=\"color: #000000;\"><i style=\"font-family: sans-serif; font-variant: normal; line-height: normal;\">Mittagessen 80 N$<\/i><\/span><br \/><span style=\"color: #000000;\"><i style=\"font-family: sans-serif; font-variant: normal; line-height: normal;\">Bier 14 N$<\/i><\/span><br \/><span style=\"color: #000000;\"><i style=\"font-family: sans-serif; font-variant: normal; line-height: normal;\">Schnaps 20 N$<\/i><\/span><br \/><span style=\"color: #000000;\"><i style=\"font-family: sans-serif; font-variant: normal; line-height: normal;\">Wasser 1 Liter 22 N$<\/i><\/span><br \/><span style=\"color: #000000;\"><i style=\"font-family: sans-serif; font-variant: normal; line-height: normal;\">Cola 12 N$<\/i><\/span><br \/><span style=\"color: #000000;\"><i style=\"font-family: sans-serif; font-variant: normal; line-height: normal;\">Flasche Wein ab circa 100 N$<\/i><\/span><\/p>\n<\/div><\/div><div id=\"panel-881-1-0-1\" class=\"so-panel widget widget_black-studio-tinymce widget_black_studio_tinymce\" data-index=\"3\" ><h3 class=\"widget-title\">Kommunikation:<\/h3><div class=\"textwidget\"><div id=\"id4\" class=\"style_SkipStroke_4 shape-with-text\">\n<div class=\"text-content graphic_textbox_layout_style_default_External_138_130\">\n<div class=\"graphic_textbox_layout_style_default\">\n<hr \/>\n<p class=\"Caption\"><span style=\"color: #000000;\">Per Mobilfunk ist man erreichbar. Internetzugang per WLAN ist im Bereich des Haupthaus kostenfrei m\u00f6glich.<\/span><\/p>\n<\/div>\n<\/div>\n<\/div>\n<\/div><\/div><div id=\"panel-881-1-0-2\" class=\"so-panel widget widget_text\" data-index=\"4\" >\t\t\t<div class=\"textwidget\"><section class=\"parallax-section\">\n<div class=\"parallax-window\" data-z-index=\"1\" data-position-x=\"left\" data-parallax=\"scroll\" data-speed=\".3\" data-image-src=\"http:\/\/kruste.selfhost.me\/wordpress\/wp-content\/uploads\/2021\/03\/SAF_9693.jpg\" style=\"align-items: flex-start;min-height: 550px;\">\n<div class=\"parallax-container parallax-content\">\n<\/div>\n<\/div>\n<\/section>\n<\/div>\n\t\t<\/div><div id=\"panel-881-1-0-3\" class=\"so-panel widget widget_black-studio-tinymce widget_black_studio_tinymce\" data-index=\"5\" ><h3 class=\"widget-title\">Anreise:<\/h3><div class=\"textwidget\"><hr \/>\n<p style=\"color: #919191;\"><span style=\"color: #000000;\">Mit dem Flugzeug aus Kapstadt bis Windhuk ( 2 Stunden ) und weiter mit dem Mietwagen (1,5 Stunden). Die Stra\u00dfen sind gut, nur auf den letzten Metern k\u00f6nnte es bei Regen etwas kritisch werden. Wir hatten zum Gl\u00fcck ein 4x4 Fahrzeug vor uns und so konnte ich die Tiefe der Wasserl\u00f6cher recht gut absch\u00e4tzen. Sonst bedeutet das Schuhe aus und testen. Kleiner Tipp: In einer Fahrspur hin und in der zweiten Spur zur\u00fcck gehen. Sonst erlebt man doch noch eine \u00dcberraschung.<\/span><\/p>\n<\/div><\/div><div id=\"panel-881-1-0-4\" class=\"so-panel widget widget_black-studio-tinymce widget_black_studio_tinymce\" data-index=\"6\" ><h3 class=\"widget-title\">Meine Reisezeiten:<\/h3><div class=\"textwidget\"><hr \/>\n<ul>\n<li>Januar 2014<\/li>\n<\/ul>\n<p class=\"paragraph_style\">\u00a0<\/p>\n<\/div><\/div><div id=\"panel-881-1-0-5\" class=\"so-panel widget widget_black-studio-tinymce widget_black_studio_tinymce\" data-index=\"7\" ><h3 class=\"widget-title\">Das Wetter:<\/h3><div class=\"textwidget\"><hr \/>\n<p class=\"paragraph_style\">Januar 2014<\/p>\n<ul>\n<li>\n<p style=\"color: #919191;\"><span style=\"color: #000000;\">30\u00b0C bis 35\u00b0C. Am Abend Wolken und Gewitter in der Ferne.<\/span><\/p>\n<\/li>\n<\/ul>\n<\/div><\/div><div id=\"panel-881-1-0-6\" class=\"so-panel widget widget_black-studio-tinymce widget_black_studio_tinymce\" data-index=\"8\" ><h3 class=\"widget-title\">Zimmer:<\/h3><div class=\"textwidget\"><hr \/>\n<p style=\"color: #919191;\"><span style=\"color: #000000;\">Unser Rondavel hatte ein gro\u00dfes Doppelbett sowie Tisch, Schreibtisch, St\u00fchle und einen K\u00fchlschrank. Das\u00a0Bad war mit Dusche und zwei Waschbecken ausgestattet. Eine kleine Terrasse vor dem Bungalow sollte zum Sonnenbaden einladen. Uns waren die M\u00f6bel daf\u00fcr zu unbequem. Generell war alles vorhanden aber auch hier ist Farm und nicht Lodge angesagt. Eine T\u00fcr der Duschwand fehlte und das Wasser wurde nicht richtig warm, da die Therme streikte.\u00a0<\/span><\/p>\n<p style=\"color: #919191;\">\u00a0<\/p>\n<\/div><\/div><div id=\"panel-881-1-0-7\" class=\"so-panel widget widget_black-studio-tinymce widget_black_studio_tinymce\" data-index=\"9\" ><div class=\"textwidget\"><p><a href=\"http:\/\/kruste.selfhost.me\/wordpress\/wp-content\/uploads\/2014\/11\/SAF_0110-e1417211940264.jpg\"><img loading=\"lazy\" decoding=\"async\" class=\"alignnone size-full wp-image-888\" src=\"http:\/\/kruste.selfhost.me\/wordpress\/wp-content\/uploads\/2014\/11\/SAF_0110-e1417211940264.jpg\" alt=\"SAF_0110\" width=\"2316\" height=\"428\" srcset=\"http:\/\/kruste.selfhost.me\/wordpress\/wp-content\/uploads\/2014\/11\/SAF_0110-e1417211940264.jpg 2316w, http:\/\/kruste.selfhost.me\/wordpress\/wp-content\/uploads\/2014\/11\/SAF_0110-e1417211940264-150x27.jpg 150w, http:\/\/kruste.selfhost.me\/wordpress\/wp-content\/uploads\/2014\/11\/SAF_0110-e1417211940264-300x55.jpg 300w, http:\/\/kruste.selfhost.me\/wordpress\/wp-content\/uploads\/2014\/11\/SAF_0110-e1417211940264-1024x189.jpg 1024w, http:\/\/kruste.selfhost.me\/wordpress\/wp-content\/uploads\/2014\/11\/SAF_0110-e1417211940264-700x129.jpg 700w\" sizes=\"auto, (max-width: 2316px) 100vw, 2316px\" \/><\/a><\/p>\n<\/div><\/div><div id=\"panel-881-1-0-8\" class=\"so-panel widget widget_black-studio-tinymce widget_black_studio_tinymce\" data-index=\"10\" ><h3 class=\"widget-title\">K\u00fcche \/ Restaurant:<\/h3><div class=\"textwidget\"><hr \/>\n<p style=\"color: #919191;\"><span style=\"color: #000000;\">Ein gutes Fr\u00fchst\u00fcck zu beginn des Tages und ein Abendbrot mit viel Fleisch. Es gab Leber vom Impala, Orix Steak, Zebra Schnitzel und zum Fr\u00fchst\u00fcck Fr\u00fcchte, Joghurt, Eier, Brot, Wurst und K\u00e4se. Alles sehr k\u00f6stlich und von guter Qualit\u00e4t. Die eigene Jagd macht es m\u00f6glich.<\/span><\/p>\n<p style=\"color: #919191;\"><span style=\"color: #000000;\">Ohne dieses gute Essen w\u00fcrde ich den Zimmerpreis als etwas zu hoch ansehen.\u00a0<\/span><\/p>\n<\/div><\/div><div id=\"panel-881-1-0-9\" class=\"so-panel widget widget_black-studio-tinymce widget_black_studio_tinymce\" data-index=\"11\" ><h3 class=\"widget-title\">Personal:<\/h3><div class=\"textwidget\"><hr \/><p style=\"color: #919191;\"><span style=\"color: #000000;\">Ein herzliche Begr\u00fc\u00dfung und diese Stimmung hielt sich die ganze Zeit. Fragen wurden beantwortet, Tipps gegeben und es baute sich eine tolles Verh\u00e4ltnis auf. Die Volont\u00e4re machten Ihre Arbeit sehr gut und Alex taute\u00a0nach kurzer Zeit auch auf. Wir konnte Ihm sogar etwas frisches Bilton abschwatzen, lecker.<\/span><\/p><p style=\"color: #919191;\"><span style=\"color: #000000;\">Ganz besonders gut habe ich mich mit Petrus verstanden. Ein netter Kerl, den ich auch einmal in seinem Haus besuchen konnte. Wir hatten richtig Spa\u00df und auch der Besuch der Tiergehege war mal ausser der Reihe m\u00f6glich.\u00a0<\/span><\/p><\/div><\/div><div id=\"panel-881-1-0-10\" class=\"so-panel widget widget_black-studio-tinymce widget_black_studio_tinymce\" data-index=\"12\" ><h3 class=\"widget-title\">Aktivit\u00e4ten:<\/h3><div class=\"textwidget\"><hr \/>\n<p style=\"color: #919191;\"><span style=\"color: #000000;\">Hier gibt es Safaris und die Jagd. Am Nachmittag werden die Tiere gef\u00fcttert und das war es. Ausfl\u00fcge in die Umgebung haben wir nicht unternommen. Ich glaube, da gibt es aber auch nicht viel.<\/span><\/p>\n<\/div><\/div><div id=\"panel-881-1-0-11\" class=\"so-panel widget widget_black-studio-tinymce widget_black_studio_tinymce panel-last-child\" data-index=\"13\" ><h3 class=\"widget-title\">Tipps:<\/h3><div class=\"textwidget\"><hr \/>\n<ul>\n<li><span style=\"color: #000000;\">Die F\u00fctterung der Raubtiere<\/span><\/li>\n<li><span style=\"color: #000000;\">Der Besuch der Geparden<\/span><\/li>\n<li><span style=\"color: #000000;\">Ansitz bei der Jagd ( netter Ausblick und viel Ruhe )<\/span><\/li>\n<li><span style=\"color: #000000;\">Lustige Gespr\u00e4che mit Petrus ( nur mit schnalz und knack Lauten macht es richtig Spa\u00df )<\/span><\/li>\n<\/ul>\n<\/div><\/div><\/div><\/div><div id=\"pg-881-2\"  class=\"panel-grid panel-no-style\" ><div id=\"pgc-881-2-0\"  class=\"panel-grid-cell\" ><div id=\"panel-881-2-0-0\" class=\"so-panel widget widget_black-studio-tinymce widget_black_studio_tinymce panel-first-child\" data-index=\"14\" ><h3 class=\"widget-title\">Sicherheit:<\/h3><div class=\"textwidget\"><hr \/>\n<p class=\"paragraph_style\">Sollte hier kein Problem sein. In der N\u00e4he gibt es nicht viel und die Angestellten sind sehr vertrauensw\u00fcrdig. Ich machte mir keine Sorgen.<\/p>\n<\/div><\/div><div id=\"panel-881-2-0-1\" class=\"so-panel widget widget_black-studio-tinymce widget_black_studio_tinymce\" data-index=\"15\" ><h3 class=\"widget-title\">Klartext:<\/h3><div class=\"textwidget\"><hr \/>\n<p style=\"color: #919191;\"><span style=\"color: #000000;\">Wer mit der Vorstellung kommt auf einer Lodge Urlaub zu verbringen, liegt etwas verkehrt. Bei unserer Duschwand fehlten 2 von drei T\u00fcren, die Heizung sprang nicht immer an um das Wasser zu erw\u00e4rmen und beim Pool war nur einer von beiden\u00a0mit Wasser gef\u00fcllt.<\/span><\/p>\n<p style=\"color: #919191;\"><span style=\"color: #000000;\">F\u00fcr mich war das Rustikale genau richtig, wer so etwas\u00a0nicht mag findet f\u00fcr 75 Euro sicher einen besseren\u00a0Platz in Namibia. Zum Vergleich ist hier das Tree Top Camp von Onguma zu sehen. Eine andere Liga und mit unseren gebuchten Special nicht viel teurer.<\/span><\/p>\n<\/div><\/div><div id=\"panel-881-2-0-2\" class=\"so-panel widget widget_black-studio-tinymce widget_black_studio_tinymce panel-last-child\" data-index=\"16\" ><div class=\"textwidget\"><p><img loading=\"lazy\" decoding=\"async\" class=\"aligncenter size-full wp-image-7486\" src=\"http:\/\/kruste.selfhost.me\/wordpress\/wp-content\/uploads\/2020\/07\/SAF_8750-scaled.jpg\" alt=\"\" width=\"2560\" height=\"1132\" srcset=\"http:\/\/kruste.selfhost.me\/wordpress\/wp-content\/uploads\/2020\/07\/SAF_8750-scaled.jpg 2560w, http:\/\/kruste.selfhost.me\/wordpress\/wp-content\/uploads\/2020\/07\/SAF_8750-300x133.jpg 300w, http:\/\/kruste.selfhost.me\/wordpress\/wp-content\/uploads\/2020\/07\/SAF_8750-1024x453.jpg 1024w, http:\/\/kruste.selfhost.me\/wordpress\/wp-content\/uploads\/2020\/07\/SAF_8750-150x66.jpg 150w, http:\/\/kruste.selfhost.me\/wordpress\/wp-content\/uploads\/2020\/07\/SAF_8750-768x340.jpg 768w, http:\/\/kruste.selfhost.me\/wordpress\/wp-content\/uploads\/2020\/07\/SAF_8750-1536x679.jpg 1536w, http:\/\/kruste.selfhost.me\/wordpress\/wp-content\/uploads\/2020\/07\/SAF_8750-2048x906.jpg 2048w, http:\/\/kruste.selfhost.me\/wordpress\/wp-content\/uploads\/2020\/07\/SAF_8750-319x142.jpg 319w\" sizes=\"auto, (max-width: 2560px) 100vw, 2560px\" \/><\/p>\n<\/div><\/div><\/div><\/div><\/div>","protected":false},"excerpt":{"rendered":"<p>\u00a0Die Bezeichnung Lodge ist etwas irref\u00fchrend. Ich w\u00fcrde lieber den Begriff Farm benutzten, damit ist alles beschrieben. Auf der Okambara Elephant Lodge\u00a0\u00a0geht es rustikal vor.<\/p>\n","protected":false},"author":1,"featured_media":0,"parent":878,"menu_order":0,"comment_status":"closed","ping_status":"closed","template":"","meta":{"footnotes":""},"class_list":["post-881","page","type-page","status-publish","hentry"],"_links":{"self":[{"href":"http:\/\/kruste.selfhost.me\/wordpress\/index.php?rest_route=\/wp\/v2\/pages\/881","targetHints":{"allow":["GET"]}}],"collection":[{"href":"http:\/\/kruste.selfhost.me\/wordpress\/index.php?rest_route=\/wp\/v2\/pages"}],"about":[{"href":"http:\/\/kruste.selfhost.me\/wordpress\/index.php?rest_route=\/wp\/v2\/types\/page"}],"author":[{"embeddable":true,"href":"http:\/\/kruste.selfhost.me\/wordpress\/index.php?rest_route=\/wp\/v2\/users\/1"}],"replies":[{"embeddable":true,"href":"http:\/\/kruste.selfhost.me\/wordpress\/index.php?rest_route=%2Fwp%2Fv2%2Fcomments&post=881"}],"version-history":[{"count":1,"href":"http:\/\/kruste.selfhost.me\/wordpress\/index.php?rest_route=\/wp\/v2\/pages\/881\/revisions"}],"predecessor-version":[{"id":2296,"href":"http:\/\/kruste.selfhost.me\/wordpress\/index.php?rest_route=\/wp\/v2\/pages\/881\/revisions\/2296"}],"up":[{"embeddable":true,"href":"http:\/\/kruste.selfhost.me\/wordpress\/index.php?rest_route=\/wp\/v2\/pages\/878"}],"wp:attachment":[{"href":"http:\/\/kruste.selfhost.me\/wordpress\/index.php?rest_route=%2Fwp%2Fv2%2Fmedia&parent=881"}],"curies":[{"name":"wp","href":"https:\/\/api.w.org\/{rel}","templated":true}]}}