{"id":893,"date":"2014-11-30T18:06:54","date_gmt":"2014-11-30T17:06:54","guid":{"rendered":"http:\/\/kruste.selfhost.me\/wordpress\/?page_id=893"},"modified":"2016-04-22T12:44:41","modified_gmt":"2016-04-22T10:44:41","slug":"blue-star-dive-resort-region-bohol","status":"publish","type":"page","link":"http:\/\/kruste.selfhost.me\/wordpress\/?page_id=893","title":{"rendered":"Blue Star Dive Resort (Region Bohol)"},"content":{"rendered":"<div id=\"pl-893\"  class=\"panel-layout\" ><div id=\"pg-893-0\"  class=\"panel-grid panel-no-style\" ><div id=\"pgc-893-0-0\"  class=\"panel-grid-cell\" ><div id=\"panel-893-0-0-0\" class=\"so-panel widget widget_black-studio-tinymce widget_black_studio_tinymce panel-first-child panel-last-child\" data-index=\"0\" ><div class=\"textwidget\"><div class=\"style_SkipStroke_2 shape-with-text flowDefining\">\n<div class=\"text-content style_External_485_494\">\n<div class=\"style\"><\/div>\n<div class=\"style\">\n<div class=\"style\">\n<p style=\"color: #919191;\"><span style=\"color: #000000;\">Die Suche nach einer Unterkunft auf den Philippinen viel mir nicht leicht. Ich hatte, wie so oft, sehr hohe Anspr\u00fcche an\u00a0das Tauchrevier und die in der Umgebung liegenden Str\u00e4nde. Vorab, ich wurde nicht entt\u00e4uscht !<\/span><\/p>\n<p style=\"color: #919191;\"><span style=\"color: #000000;\">Wichtig\u00a0ist mir ein Hausriff, das ich ohne Guide und zu jeder Zeit besuchen kann. Gro\u00dffisch w\u00e4re sch\u00f6n aber eigentlich bin ich Makro Fan und andere Taucher haben oft keine Lust 10 oder mehr Minuten vor einer Nacktschnecke zu verweilen, warum bloss \ud83d\ude42<\/span><\/p>\n<p style=\"color: #919191;\"><span style=\"color: #000000;\">Beim\u00a0Blue Star Dive Resort habe ich das Gesuchte gefunden. Die Unterkunft liegt sehr sch\u00f6n auf\u00a0einem kleinen Felsmassiv und der Blick auf's Meer ist beeindruckend. Schon beim Fr\u00fchst\u00fcck kommt Lust auf den zweiten Tauchgang auf und die Ausfl\u00fcge nach Anda oder in die n\u00e4here Umgebung machen\u00a0auch \u00dcberwasser viel Spa\u00df.<\/span><\/p>\n<p style=\"color: #919191;\"><span style=\"color: #000000;\">Das Resort bietet 6 Bungalows, die einfach aber sehr sauber sind und einen tollen Blick auf das Riff erm\u00f6glichen. Weiter gibt es 4 gut ausgestattete Zimmer mit Klimaanlage und TV, aber ohne den traumhaften Blick. F\u00fcr mich war die Wahl des Zimmer keine Frage.<\/span><\/p>\n<p style=\"color: #919191;\"><span style=\"color: #000000;\">Der Pool, Whirlpool ,Dartscheibe, \u00a0Billardtisch und das Tauchcenter stehen nat\u00fcrlich allen G\u00e4sten unabh\u00e4ngig von der gebuchten Zimmerkategorie zur Verf\u00fcgung und wir haben von allen richtig oft gebrauch gemacht.<\/span><\/p>\n<p style=\"color: #919191;\"><span style=\"color: #000000;\">Das wir uns im Blue Star so wohl gef\u00fchlt haben, lag sicher auch an den P\u00e4chtern\u00a0Diggi und Patrick. Leider erfolgte ein Wechsel der Besitzer und ich kann aktuell keine Aussage \u00fcber die Qualit\u00e4t geben, werde diesen Platz\u00a0aber sehr sicher noch einmal besuchen und hier berichten.<\/span><\/p>\n<p style=\"color: #919191;\"><span style=\"color: #000000;\">\u00a0<\/span><\/p>\n<\/div>\n<\/div>\n<\/div>\n<\/div>\n<\/div><\/div><\/div><div id=\"pgc-893-0-1\"  class=\"panel-grid-cell\" ><div id=\"panel-893-0-1-0\" class=\"so-panel widget widget_black-studio-tinymce widget_black_studio_tinymce panel-first-child panel-last-child\" data-index=\"1\" ><div class=\"textwidget\"><p><a href=\"http:\/\/kruste.selfhost.me\/wordpress\/wp-content\/uploads\/2014\/11\/SAF_7836-e1417367044701.jpg\"><img loading=\"lazy\" decoding=\"async\" class=\"alignnone size-full wp-image-897\" src=\"http:\/\/kruste.selfhost.me\/wordpress\/wp-content\/uploads\/2014\/11\/SAF_7836-e1417367044701.jpg\" alt=\"SAF_7836\" width=\"803\" height=\"1215\" srcset=\"http:\/\/kruste.selfhost.me\/wordpress\/wp-content\/uploads\/2014\/11\/SAF_7836-e1417367044701.jpg 803w, http:\/\/kruste.selfhost.me\/wordpress\/wp-content\/uploads\/2014\/11\/SAF_7836-e1417367044701-99x150.jpg 99w, http:\/\/kruste.selfhost.me\/wordpress\/wp-content\/uploads\/2014\/11\/SAF_7836-e1417367044701-198x300.jpg 198w, http:\/\/kruste.selfhost.me\/wordpress\/wp-content\/uploads\/2014\/11\/SAF_7836-e1417367044701-676x1024.jpg 676w, http:\/\/kruste.selfhost.me\/wordpress\/wp-content\/uploads\/2014\/11\/SAF_7836-e1417367044701-700x1059.jpg 700w\" sizes=\"auto, (max-width: 803px) 100vw, 803px\" \/><\/a><\/p>\n<\/div><\/div><\/div><\/div><div id=\"pg-893-1\"  class=\"panel-grid panel-no-style\" ><div id=\"pgc-893-1-0\"  class=\"panel-grid-cell\" ><div id=\"panel-893-1-0-0\" class=\"so-panel widget widget_black-studio-tinymce widget_black_studio_tinymce panel-first-child\" data-index=\"2\" ><h3 class=\"widget-title\">Preise:<\/h3><div class=\"textwidget\"><hr \/>\n<ul>\n<li>2100 \u20ac f\u00fcr 14 \u00dcbernachtungen\u00a0inklusive Halbpension, Inlandsflug und Transfer ( bei 2 Personen und einem Kind )<\/li>\n<li>210 \u20ac f\u00fcr 10 Tauchg\u00e4nge<\/li>\n<li>120 Peso f\u00fcr die Fahrt in Tricycle \u00a0von Anda zum Blue Star Dive Resort<\/li>\n<li>Minibar ( Wasser 90 P, Cola 110 P, Bier 110 P )<\/li>\n<li>Shop ( Wasser gro\u00df 25 P, Cola 22 P, Tonic 35 P, Bier 30 P )<\/li>\n<\/ul>\n<\/div><\/div><div id=\"panel-893-1-0-1\" class=\"so-panel widget widget_black-studio-tinymce widget_black_studio_tinymce\" data-index=\"3\" ><h3 class=\"widget-title\">Kommunikation:<\/h3><div class=\"textwidget\"><div id=\"id4\" class=\"style_SkipStroke_4 shape-with-text\">\n<div class=\"text-content graphic_textbox_layout_style_default_External_138_130\">\n<div class=\"graphic_textbox_layout_style_default\">\n<hr \/>\n<p class=\"Caption\">Internetzugang per WLAN ist\u00a0kostenfrei m\u00f6glich und der Zugang ist recht flott.<\/p>\n<\/div>\n<\/div>\n<\/div>\n<\/div><\/div><div id=\"panel-893-1-0-2\" class=\"so-panel widget widget_black-studio-tinymce widget_black_studio_tinymce\" data-index=\"4\" ><div class=\"textwidget\"><p><a href=\"http:\/\/kruste.selfhost.me\/wordpress\/wp-content\/uploads\/2014\/11\/SAF_7110_p-e1417367194482.jpg\"><img loading=\"lazy\" decoding=\"async\" class=\"alignnone size-full wp-image-895\" src=\"http:\/\/kruste.selfhost.me\/wordpress\/wp-content\/uploads\/2014\/11\/SAF_7110_p-e1417367194482.jpg\" alt=\"SAF_7110_p\" width=\"2251\" height=\"399\" srcset=\"http:\/\/kruste.selfhost.me\/wordpress\/wp-content\/uploads\/2014\/11\/SAF_7110_p-e1417367194482.jpg 2251w, http:\/\/kruste.selfhost.me\/wordpress\/wp-content\/uploads\/2014\/11\/SAF_7110_p-e1417367194482-150x26.jpg 150w, http:\/\/kruste.selfhost.me\/wordpress\/wp-content\/uploads\/2014\/11\/SAF_7110_p-e1417367194482-300x53.jpg 300w, http:\/\/kruste.selfhost.me\/wordpress\/wp-content\/uploads\/2014\/11\/SAF_7110_p-e1417367194482-1024x181.jpg 1024w, http:\/\/kruste.selfhost.me\/wordpress\/wp-content\/uploads\/2014\/11\/SAF_7110_p-e1417367194482-700x124.jpg 700w\" sizes=\"auto, (max-width: 2251px) 100vw, 2251px\" \/><\/a><\/p>\n<\/div><\/div><div id=\"panel-893-1-0-3\" class=\"so-panel widget widget_black-studio-tinymce widget_black_studio_tinymce\" data-index=\"5\" ><h3 class=\"widget-title\">Anreise:<\/h3><div class=\"textwidget\"><hr \/>\n<p>Von Manila in gut einer Stunde mit dem Flugzeug nach Tagbilaran. Weiter mit dem Auto nach Anda ( Fahrzeit 2 Stunden ).<\/p>\n<\/div><\/div><div id=\"panel-893-1-0-4\" class=\"so-panel widget widget_black-studio-tinymce widget_black_studio_tinymce\" data-index=\"6\" ><h3 class=\"widget-title\">Meine Reisezeiten:<\/h3><div class=\"textwidget\"><hr \/>\n<ul>\n<li>April\u00a02012<\/li>\n<\/ul>\n<p class=\"paragraph_style\">\n<\/p><\/div><\/div><div id=\"panel-893-1-0-5\" class=\"so-panel widget widget_black-studio-tinymce widget_black_studio_tinymce\" data-index=\"7\" ><h3 class=\"widget-title\">Das Wetter:<\/h3><div class=\"textwidget\"><hr \/>\n<p class=\"paragraph_style\">April\u00a02012<\/p>\n<ul>\n<li>Sonnenschein mit leichter Bew\u00f6lkung. Es gab auch mal etwas Regen. Temperatur 32\u00b0C und gute Bedingungen zum Tauchen.<\/li>\n<\/ul>\n<\/div><\/div><div id=\"panel-893-1-0-6\" class=\"so-panel widget widget_black-studio-tinymce widget_black_studio_tinymce\" data-index=\"8\" ><h3 class=\"widget-title\">Zimmer:<\/h3><div class=\"textwidget\"><hr \/>\n<p>Einfacher Bungalow mit Dusche und warmen Wasser. Kleiner Balkon mit traumhaftem Blick aufs Meer.<\/p>\n<p style=\"color: #919191;\">\n<\/p><\/div><\/div><div id=\"panel-893-1-0-7\" class=\"so-panel widget widget_black-studio-tinymce widget_black_studio_tinymce\" data-index=\"9\" ><div class=\"textwidget\"><p><a href=\"http:\/\/kruste.selfhost.me\/wordpress\/wp-content\/uploads\/2014\/11\/SAF_9017_p-e1417367142360.jpg\"><img loading=\"lazy\" decoding=\"async\" class=\"alignnone size-full wp-image-899\" src=\"http:\/\/kruste.selfhost.me\/wordpress\/wp-content\/uploads\/2014\/11\/SAF_9017_p-e1417367142360.jpg\" alt=\"SAF_9017_p\" width=\"2386\" height=\"397\" srcset=\"http:\/\/kruste.selfhost.me\/wordpress\/wp-content\/uploads\/2014\/11\/SAF_9017_p-e1417367142360.jpg 2386w, http:\/\/kruste.selfhost.me\/wordpress\/wp-content\/uploads\/2014\/11\/SAF_9017_p-e1417367142360-150x24.jpg 150w, http:\/\/kruste.selfhost.me\/wordpress\/wp-content\/uploads\/2014\/11\/SAF_9017_p-e1417367142360-300x49.jpg 300w, http:\/\/kruste.selfhost.me\/wordpress\/wp-content\/uploads\/2014\/11\/SAF_9017_p-e1417367142360-1024x170.jpg 1024w, http:\/\/kruste.selfhost.me\/wordpress\/wp-content\/uploads\/2014\/11\/SAF_9017_p-e1417367142360-700x116.jpg 700w\" sizes=\"auto, (max-width: 2386px) 100vw, 2386px\" \/><\/a><\/p>\n<\/div><\/div><div id=\"panel-893-1-0-8\" class=\"so-panel widget widget_black-studio-tinymce widget_black_studio_tinymce\" data-index=\"10\" ><h3 class=\"widget-title\">K\u00fcche \/ Restaurant:<\/h3><div class=\"textwidget\"><hr \/>\n<p>Sehr lecker ( mit kleinen Ausrutschern ). T\u00e4glich frisches Obst, Fruchts\u00e4fte und 3 Men\u00fcs zur Auswahl. Es wurde\u00a0Halbpension oder Vollpension angeboten.<\/p>\n<p>Mittwochs ist Pizzatag und z<i>um Abschluss gab\u00a0es noch eine Flasche Wein zum Essen.\u00a0<\/i><\/p>\n<\/div><\/div><div id=\"panel-893-1-0-9\" class=\"so-panel widget widget_black-studio-tinymce widget_black_studio_tinymce\" data-index=\"11\" ><h3 class=\"widget-title\">Personal:<\/h3><div class=\"textwidget\"><hr \/>\n\nWir wurden sehr freundlich empfangen und hatten das Gl\u00fcck nach den ersten 20 Minuten schon einen Walhai am Hausriff zu sehen. Damit war alles klar. Patrick und Diggi konnten es kaum glauben und wir waren sofort auf Du und Du. Es wurde schon fast freundschaftlich und ich habe den Kontakt sehr genossen. Am Abend schaffte es Diggi aber nicht, uns unter den Kr\u00f6kler zu spielen.<\/div><\/div><div id=\"panel-893-1-0-10\" class=\"so-panel widget widget_black-studio-tinymce widget_black_studio_tinymce\" data-index=\"12\" ><h3 class=\"widget-title\">Aktivit\u00e4ten:<\/h3><div class=\"textwidget\"><hr \/>\n<ul>\n<li>Tauchen<\/li>\n<li>Ausfl\u00fcge ( wir haben es nicht geschafft die Chocolate Hills\u00a0zu besuchen )<\/li>\n<li>Besuch von Anda<\/li>\n<li>Pizza Abend aus dem Steinofen<\/li>\n<li>Livemusik und Tanz am White Beach<\/li>\n<\/ul>\n<p>Wird ein Motorroller f\u00fcr die Ausfl\u00fcge ben\u00f6tigt ? Kein Problem, der Koch stellt seine Roller f\u00fcr 200 Peso zur Verf\u00fcgung, nur bitte das Tanken nicht vergessen.<\/p>\n<\/div><\/div><div id=\"panel-893-1-0-11\" class=\"so-panel widget widget_black-studio-tinymce widget_black_studio_tinymce panel-last-child\" data-index=\"13\" ><h3 class=\"widget-title\">Tipps:<\/h3><div class=\"textwidget\"><hr \/>\n<ul>\n<li>Ausgiebiges Tauchen am Hausriff<\/li>\n<li>Besuch in Anda und Gespr\u00e4che mit den Dorfbewohnern<\/li>\n<li>Mit dem Kanu zum Sonnenuntergang aufs Meer<\/li>\n<li>Ausflug nach Leyte zum Schnorcheln mit den Walhaien<\/li>\n<\/ul>\n<p>Ein sehr sch\u00f6ner Platz. Hier ist es sicher und sauber. Wir f\u00fchlen uns fast wie auf Fidschi oder den Seychellen vor 15 Jahren. Wir hoffen, die Idylle bleibt noch lange erhalten.<\/p>\n<p>Ich stufe Anda als echten Geheimtipp ein.<\/p>\n<\/div><\/div><\/div><\/div><div id=\"pg-893-2\"  class=\"panel-grid panel-no-style\" ><div id=\"pgc-893-2-0\"  class=\"panel-grid-cell\" ><div id=\"panel-893-2-0-0\" class=\"so-panel widget widget_black-studio-tinymce widget_black_studio_tinymce panel-first-child\" data-index=\"14\" ><h3 class=\"widget-title\">Sicherheit:<\/h3><div class=\"textwidget\"><hr \/>\n<p class=\"paragraph_style\">Hat man Manila hinter sich gelassen ist alles gut.<\/p>\n<\/div><\/div><div id=\"panel-893-2-0-1\" class=\"so-panel widget widget_black-studio-tinymce widget_black_studio_tinymce\" data-index=\"15\" ><h3 class=\"widget-title\">Klartext:<\/h3><div class=\"textwidget\"><hr \/>\n<p>Wer gro\u00dfen Luxus und ein pulsierendes Nachtleben erwartet ist hier falsch. Restaurants und Lokale gibt es in der Umgebung nicht und der direkte Kontakt zu den Einwohnern ist gefragt. Mir passte das sehr gut, doch die Fahrt zu dritt oder viert auf einem Motorrad oder mit 8 Leuten in einem umgebauten Tricycle sind nicht jedermanns Sache.<\/p>\n<p>Durch die Lage bedingt ist es notwendig, dass man eine kleine und recht steile Treppe benutzen muss um an den schmalen\u00a0Strand und das Hausriff\u00a0zu gelangen. Die Tauchausr\u00fcstung wird zwar von den Angestellten sauber und p\u00fcnktlich am Strand abgestellt aber den Weg k\u00f6nnen sie einem nicht abnehmen. Weiter wird dieser sehr kleine Strandabschnitt bei Flut vollst\u00e4ndig vom Wasser eingenommen. Zum Sonnenbaden somit nicht geeignet, da besser die Str\u00e4nde in der Umgebung nutzen.<\/p>\n<\/div><\/div><div id=\"panel-893-2-0-2\" class=\"so-panel widget widget_black-studio-tinymce widget_black_studio_tinymce panel-last-child\" data-index=\"16\" ><div class=\"textwidget\"><p><a href=\"http:\/\/kruste.selfhost.me\/wordpress\/wp-content\/uploads\/2014\/11\/P1030739-e1417367096368.jpg\"><img loading=\"lazy\" decoding=\"async\" class=\"alignnone size-full wp-image-896\" src=\"http:\/\/kruste.selfhost.me\/wordpress\/wp-content\/uploads\/2014\/11\/P1030739-e1417367096368.jpg\" alt=\"P1030739\" width=\"2146\" height=\"443\" srcset=\"http:\/\/kruste.selfhost.me\/wordpress\/wp-content\/uploads\/2014\/11\/P1030739-e1417367096368.jpg 2146w, http:\/\/kruste.selfhost.me\/wordpress\/wp-content\/uploads\/2014\/11\/P1030739-e1417367096368-150x30.jpg 150w, http:\/\/kruste.selfhost.me\/wordpress\/wp-content\/uploads\/2014\/11\/P1030739-e1417367096368-300x61.jpg 300w, http:\/\/kruste.selfhost.me\/wordpress\/wp-content\/uploads\/2014\/11\/P1030739-e1417367096368-1024x211.jpg 1024w, http:\/\/kruste.selfhost.me\/wordpress\/wp-content\/uploads\/2014\/11\/P1030739-e1417367096368-700x144.jpg 700w\" sizes=\"auto, (max-width: 2146px) 100vw, 2146px\" \/><\/a><\/p>\n<\/div><\/div><\/div><\/div><\/div>","protected":false},"excerpt":{"rendered":"<p>Die Suche nach einer Unterkunft auf den Philippinen viel mir nicht leicht. Ich hatte, wie so oft, sehr hohe Anspr\u00fcche an\u00a0das Tauchrevier und die in<\/p>\n","protected":false},"author":1,"featured_media":0,"parent":890,"menu_order":0,"comment_status":"closed","ping_status":"closed","template":"","meta":{"footnotes":""},"class_list":["post-893","page","type-page","status-publish","hentry"],"_links":{"self":[{"href":"http:\/\/kruste.selfhost.me\/wordpress\/index.php?rest_route=\/wp\/v2\/pages\/893","targetHints":{"allow":["GET"]}}],"collection":[{"href":"http:\/\/kruste.selfhost.me\/wordpress\/index.php?rest_route=\/wp\/v2\/pages"}],"about":[{"href":"http:\/\/kruste.selfhost.me\/wordpress\/index.php?rest_route=\/wp\/v2\/types\/page"}],"author":[{"embeddable":true,"href":"http:\/\/kruste.selfhost.me\/wordpress\/index.php?rest_route=\/wp\/v2\/users\/1"}],"replies":[{"embeddable":true,"href":"http:\/\/kruste.selfhost.me\/wordpress\/index.php?rest_route=%2Fwp%2Fv2%2Fcomments&post=893"}],"version-history":[{"count":1,"href":"http:\/\/kruste.selfhost.me\/wordpress\/index.php?rest_route=\/wp\/v2\/pages\/893\/revisions"}],"predecessor-version":[{"id":2159,"href":"http:\/\/kruste.selfhost.me\/wordpress\/index.php?rest_route=\/wp\/v2\/pages\/893\/revisions\/2159"}],"up":[{"embeddable":true,"href":"http:\/\/kruste.selfhost.me\/wordpress\/index.php?rest_route=\/wp\/v2\/pages\/890"}],"wp:attachment":[{"href":"http:\/\/kruste.selfhost.me\/wordpress\/index.php?rest_route=%2Fwp%2Fv2%2Fmedia&parent=893"}],"curies":[{"name":"wp","href":"https:\/\/api.w.org\/{rel}","templated":true}]}}