{"id":902,"date":"2014-12-03T15:49:20","date_gmt":"2014-12-03T14:49:20","guid":{"rendered":"http:\/\/kruste.selfhost.me\/wordpress\/?page_id=902"},"modified":"2020-06-11T07:15:45","modified_gmt":"2020-06-11T05:15:45","slug":"region-manila","status":"publish","type":"page","link":"http:\/\/kruste.selfhost.me\/wordpress\/?page_id=902","title":{"rendered":"Region Manila"},"content":{"rendered":"<div id=\"pl-902\"  class=\"panel-layout\" ><div id=\"pg-902-0\"  class=\"panel-grid panel-no-style\" ><div id=\"pgc-902-0-0\"  class=\"panel-grid-cell\" ><div id=\"panel-902-0-0-0\" class=\"so-panel widget widget_black-studio-tinymce widget_black_studio_tinymce panel-first-child\" data-index=\"0\" ><div class=\"textwidget\"><hr \/>\n<p>&nbsp;<\/p>\n<\/div><\/div><div id=\"panel-902-0-0-1\" class=\"so-panel widget widget_text panel-last-child\" data-index=\"1\" >\t\t\t<div class=\"textwidget\"><p>\nAktuelle Zeit in Manila:  19:44 Uhr<br \/>\nZeitzone:  PST<br \/>\nDie Wettervorhersage f\u00fcr die n\u00e4chsten drei Tage: <\/p>\n<\/div>\n\t\t<\/div><\/div><div id=\"pgc-902-0-1\"  class=\"panel-grid-cell\" ><div id=\"panel-902-0-1-0\" class=\"so-panel widget widget_black-studio-tinymce widget_black_studio_tinymce panel-first-child panel-last-child\" data-index=\"2\" ><div class=\"textwidget\"><p><i><\/i><\/p>\n<div class='weather-atlas-wrapper' style='background:#FF4800;border:1px solid #ee3700;color:#fff;'>\n<div class='weather-atlas-header' style='border-bottom:1px solid #ee3700'>Manila, PH<\/div>\n<div class='weather-atlas-body'>\n<div class='current_horizontal'>\n<div class='current_temp'><i class='wi wi-fw wi-weather-30'><\/i><span class='temp'>29\u00b0<\/span>\n<div class='current_text'>Teilweise Bew\u00f6lkt<\/div>\n<div class='sunrise_sunset'>5:55 am<i class='wi wi-fw wi-weather-32'><\/i>5:25 pm PST<\/div>\n<\/div>\n<p><span class='current_text_2'>Gef\u00fchlt: 36<small>\u00b0C<\/small><br \/>Wind: 14<small>km\/h<\/small> WSW<br \/>Feuchtigkeit: 76<small>%<\/small><br \/>Druck: 1007.11<small>mbar<\/small><br \/>UV-Index: 0<\/span><\/p><\/div>\n<div class='hourly hours' style='border-bottom:1px solid #ee3700'><span class='extended_hour extended_hour_1'>7 pm<\/span><span class='extended_hour extended_hour_2'>8 pm<\/span><span class='extended_hour extended_hour_3'>9 pm<\/span><span class='extended_hour extended_hour_4'>10 pm<\/span><span class='extended_hour extended_hour_5'>11 pm<\/span><\/div>\n<div class='hourly'><span class='extended_hour extended_hour_1' title='Stark Bew\u00f6lkt'>29<small>\u00b0C<\/small><br \/><i class='wi wi-fw wi-weather-27'><\/i><\/span><span class='extended_hour extended_hour_2' title='Wolkig'>29<small>\u00b0C<\/small><br \/><i class='wi wi-fw wi-weather-26'><\/i><\/span><span class='extended_hour extended_hour_3' title='Wolkig'>29<small>\u00b0C<\/small><br \/><i class='wi wi-fw wi-weather-26'><\/i><\/span><span class='extended_hour extended_hour_4' title='Wolkig'>28<small>\u00b0C<\/small><br \/><i class='wi wi-fw wi-weather-26'><\/i><\/span><span class='extended_hour extended_hour_5' title='Wolkig'>28<small>\u00b0C<\/small><br \/><i class='wi wi-fw wi-weather-26'><\/i><\/span><\/div>\n<div class='daily days' style='border-bottom:1px solid #ee3700'><span class='extended_day extended_day_1'>Fr.<\/span><span class='extended_day extended_day_2'>Sa.<\/span><span class='extended_day extended_day_3'>So.<\/span><\/div>\n<div class='daily'><span class='extended_day extended_day_1' title='Teilweise Bew\u00f6lkt'>34<small>\u00b0C<\/small> \/ 26<small>\u00b0C<\/small><br \/><i class='wi wi-fw wi-weather-30'><\/i><\/span><span class='extended_day extended_day_2' title='Stark Bew\u00f6lkt'>34<small>\u00b0C<\/small> \/ 26<small>\u00b0C<\/small><br \/><i class='wi wi-fw wi-weather-28'><\/i><\/span><span class='extended_day extended_day_3' title='Gewitter'>29<small>\u00b0C<\/small> \/ 26<small>\u00b0C<\/small><br \/><i class='wi wi-fw wi-weather-4'><\/i><\/span><\/div>\n<\/div>\n<div class='weather-atlas-footer' style='border-top:1px solid #ee3700'><a href='https:\/\/www.weather-atlas.com\/en\/philippines\/manila-climate' title='Manila, PH - Klima' style='color:#fff'><span class='weather-atlas-footer-block'>Manila, PH<\/span> klima &#9656;<\/a><\/div>\n<\/div>\n<p><\/p>\n<\/div><\/div><\/div><\/div><div id=\"pg-902-1\"  class=\"panel-grid panel-no-style\" ><div id=\"pgc-902-1-0\"  class=\"panel-grid-cell\" ><div id=\"panel-902-1-0-0\" class=\"so-panel widget widget_black-studio-tinymce widget_black_studio_tinymce panel-first-child panel-last-child\" data-index=\"3\" ><div class=\"textwidget\"><p>&nbsp;<\/p>\n<hr \/>\n<p>1.700.000 Einwohner h\u00f6ren sich f\u00fcr eine Hauptstadt nicht wirklich viel an, wenn jedoch das Umland mit sein fast 12 Millionen Menschen dazu kommt\u00a0kann man erahnen, wie gro\u00df diese Stadt wirklich ist. Ein wildes Treiben und ein wahnsinnig hohes Verkehrsaufkommen machen das Chaos perfekt.<\/p>\n<p>Manila gliedert sich in verschiedenste Stadtteile wie zum Beispiel:<\/p>\n<ul>\n<li>Binondo<\/li>\n<li>Ermita<\/li>\n<li>Intramuros<\/li>\n<li>Malate<\/li>\n<li>Paco<\/li>\n<li>Pandacan<\/li>\n<li>Port Area<\/li>\n<li>Quiapo<\/li>\n<li>Sampaloc<\/li>\n<li>San Miguel<\/li>\n<li>San Nicolas<\/li>\n<li>Santa Ana<\/li>\n<li>Santa Cruz<\/li>\n<li>Tondo<\/li>\n<\/ul>\n<p>&nbsp;<\/p>\n<p>Die Bereiche\u00a0sind von wirtschaftlicher Lage , Kriminalit\u00e4t und Sauberkeit recht unterschiedlich und vor einer Reise gilt es sich genaue Informationen einzuholen. Ich w\u00fcrde sagen, dass der Erfolg der Reise in Abh\u00e4ngigkeit zur Wahl des Bezirk steht. Wir w\u00e4hlten\u00a0Malate waren dort aber nicht wirklich gl\u00fccklich. Trotz des gro\u00dfen Einkaufszentrum, der zum Teil sehr noblen Hotels und der angeblich so sch\u00f6nen Manila Bay w\u00fcrde ich diesen Stadtteil nicht wieder aussuchen. Hierzu mehr auf meiner Site des H\u00b20 \"Region Manila\".<\/p>\n<p>Das Wetter in Manila zeigt sich so unterschiedlich wie die verschiedenen Distrikte. Januar bis April weisen\u00a0im Schnitt 3 bis 4 Regentage bei wenigen Niederschlagsmengen auf und ab Mai bis November sieht es da schon feuchter\u00a0aus. Schwere St\u00fcrme treten auf und fordern leider oft auch Menschenleben wie bei dem Taifun Ketsana im September 2009. Damals kamen \u00fcber 300 Personen ums Leben. Die Temperaturen sind das Jahr \u00fcber fast gleich mit minimal 24\u00b0C und maximal 33\u00b0C.<\/p>\n<p>F\u00fcr mich ist Manila nicht die erste Wahl und wenn m\u00f6glich versuche ich diese Stadt bei meiner n\u00e4chsten Reise auf die Philippinen zu umgehen. Das kann zum einen an dem aus meiner Sicht schlechtesten Flughafen aller\u00a0Metropolen ( Zutritt nur mit Ticket und maximal 3 Stunden vor Abflug m\u00f6glich, Sitzm\u00f6glichkeiten gegen Null, Restaurants unbekannt ) oder an der doch recht hohen Kriminalit\u00e4t liegen. Arm und Reich stehen im direkten Kontakt\u00a0und so schlafen die \u00e4rmsten der Armen auf der Stra\u00dfe vor den teuersten Hotels. Es wundert mich \u00fcberhaupt nicht, dass Diebst\u00e4hle und Korruption hier zum Tagesgesch\u00e4ft geh\u00f6ren. Beispiele k\u00f6nnte ich viele nennen wie die Kinder, die unter den kleinen Fahrr\u00e4der der elterlichen Verkaufsst\u00e4nde schlafen und nur Fetzen zum Anzeigen haben. Die alles geschieht vor den Einkaufszentren mit Schlittschuhbahnen und teuren Gesch\u00e4ften, wirklich krass und so habe ich das noch nirgendwo erlebt. Das die T\u00fcren im Auto st\u00e4ndig verriegelt werden sollten und ein Stadtbummel ohne die teure Fotoausr\u00fcstung stattfindet ist dabei nur nebens\u00e4chlich, verst\u00e4ndlich und das geringste Problem. Ich war froh, dass wir ohne \"Schaden\" diese Stadt verlassen haben wobei ich auf der Fahrt im Taxi vom Hotel zum Flughafen ein sehr, sehr ungutes Gef\u00fchl hatte.<\/p>\n<\/div><\/div><\/div><\/div><\/div>","protected":false},"excerpt":{"rendered":"<p>&nbsp; &nbsp; 1.700.000 Einwohner h\u00f6ren sich f\u00fcr eine Hauptstadt nicht wirklich viel an, wenn jedoch das Umland mit sein fast 12 Millionen Menschen dazu kommt\u00a0kann<\/p>\n","protected":false},"author":1,"featured_media":0,"parent":133,"menu_order":0,"comment_status":"closed","ping_status":"closed","template":"","meta":{"footnotes":""},"class_list":["post-902","page","type-page","status-publish","hentry"],"_links":{"self":[{"href":"http:\/\/kruste.selfhost.me\/wordpress\/index.php?rest_route=\/wp\/v2\/pages\/902","targetHints":{"allow":["GET"]}}],"collection":[{"href":"http:\/\/kruste.selfhost.me\/wordpress\/index.php?rest_route=\/wp\/v2\/pages"}],"about":[{"href":"http:\/\/kruste.selfhost.me\/wordpress\/index.php?rest_route=\/wp\/v2\/types\/page"}],"author":[{"embeddable":true,"href":"http:\/\/kruste.selfhost.me\/wordpress\/index.php?rest_route=\/wp\/v2\/users\/1"}],"replies":[{"embeddable":true,"href":"http:\/\/kruste.selfhost.me\/wordpress\/index.php?rest_route=%2Fwp%2Fv2%2Fcomments&post=902"}],"version-history":[{"count":2,"href":"http:\/\/kruste.selfhost.me\/wordpress\/index.php?rest_route=\/wp\/v2\/pages\/902\/revisions"}],"predecessor-version":[{"id":2588,"href":"http:\/\/kruste.selfhost.me\/wordpress\/index.php?rest_route=\/wp\/v2\/pages\/902\/revisions\/2588"}],"up":[{"embeddable":true,"href":"http:\/\/kruste.selfhost.me\/wordpress\/index.php?rest_route=\/wp\/v2\/pages\/133"}],"wp:attachment":[{"href":"http:\/\/kruste.selfhost.me\/wordpress\/index.php?rest_route=%2Fwp%2Fv2%2Fmedia&parent=902"}],"curies":[{"name":"wp","href":"https:\/\/api.w.org\/{rel}","templated":true}]}}