{"id":915,"date":"2014-12-08T22:26:13","date_gmt":"2014-12-08T21:26:13","guid":{"rendered":"http:\/\/kruste.selfhost.me\/wordpress\/?page_id=915"},"modified":"2021-03-14T14:58:33","modified_gmt":"2021-03-14T12:58:33","slug":"region-bali","status":"publish","type":"page","link":"http:\/\/kruste.selfhost.me\/wordpress\/?page_id=915","title":{"rendered":"Region Bali"},"content":{"rendered":"<div id=\"pl-915\"  class=\"panel-layout\" ><div id=\"pg-915-0\"  class=\"panel-grid panel-no-style\" ><div id=\"pgc-915-0-0\"  class=\"panel-grid-cell panel-grid-cell-empty\" ><\/div><\/div><div id=\"pg-915-1\"  class=\"panel-grid panel-no-style\" ><div id=\"pgc-915-1-0\"  class=\"panel-grid-cell\" ><div id=\"panel-915-1-0-0\" class=\"so-panel widget widget_black-studio-tinymce widget_black_studio_tinymce panel-first-child\" data-index=\"0\" ><div class=\"textwidget\"><hr \/>\n<p>&nbsp;<\/p>\n<\/div><\/div><div id=\"panel-915-1-0-1\" class=\"so-panel widget widget_text panel-last-child\" data-index=\"1\" >\t\t\t<div class=\"textwidget\"><p>\nAktuelle Zeit auf Bali:  3:55 Uhr<br \/>\nZeitzone:  WITA<br \/>\nDie Wettervorhersage f\u00fcr die n\u00e4chsten drei Tage: <\/p>\n<\/div>\n\t\t<\/div><\/div><div id=\"pgc-915-1-1\"  class=\"panel-grid-cell\" ><div id=\"panel-915-1-1-0\" class=\"so-panel widget widget_black-studio-tinymce widget_black_studio_tinymce panel-first-child panel-last-child\" data-index=\"2\" ><div class=\"textwidget\"><p><i><\/i><\/p>\n<div class='weather-atlas-wrapper' style='background:#FF5700;border:1px solid #ee4600;color:#fff;'>\n<div class='weather-atlas-header' style='border-bottom:1px solid #ee4600'>Denpasar, ID<\/div>\n<div class='weather-atlas-body'>\n<div class='current_horizontal'>\n<div class='current_temp'><i class='wi wi-fw wi-weather-33'><\/i><span class='temp'>27\u00b0<\/span>\n<div class='current_text'>Leicht<\/div>\n<div class='sunrise_sunset'>06:23<i class='wi wi-fw wi-weather-32'><\/i>18:07 WITA<\/div>\n<\/div>\n<p><span class='current_text_2'>Gef\u00fchlt: 32<small>\u00b0C<\/small><br \/>Wind: 16<small>km\/h<\/small> ESE<br \/>Feuchtigkeit: 95<small>%<\/small><br \/>Druck: 1008.13<small>mbar<\/small><br \/>UV-Index: 0<\/span><\/p><\/div>\n<div class='hourly hours' style='border-bottom:1px solid #ee4600'><span class='extended_hour extended_hour_1'>4<small>h<\/small><\/span><span class='extended_hour extended_hour_2'>5<small>h<\/small><\/span><span class='extended_hour extended_hour_3'>6<small>h<\/small><\/span><span class='extended_hour extended_hour_4'>7<small>h<\/small><\/span><span class='extended_hour extended_hour_5'>8<small>h<\/small><\/span><\/div>\n<div class='hourly'><span class='extended_hour extended_hour_1' title='Teilweise Bew\u00f6lkt'>27<small>\u00b0C<\/small><br \/><i class='wi wi-fw wi-weather-29'><\/i><\/span><span class='extended_hour extended_hour_2' title='Teilweise Bew\u00f6lkt'>26<small>\u00b0C<\/small><br \/><i class='wi wi-fw wi-weather-29'><\/i><\/span><span class='extended_hour extended_hour_3' title='Teilweise Bew\u00f6lkt'>26<small>\u00b0C<\/small><br \/><i class='wi wi-fw wi-weather-29'><\/i><\/span><span class='extended_hour extended_hour_4' title='Teilweise Bew\u00f6lkt'>26<small>\u00b0C<\/small><br \/><i class='wi wi-fw wi-weather-30'><\/i><\/span><span class='extended_hour extended_hour_5' title='Teilweise Bew\u00f6lkt'>28<small>\u00b0C<\/small><br \/><i class='wi wi-fw wi-weather-30'><\/i><\/span><\/div>\n<div class='daily days' style='border-bottom:1px solid #ee4600'><span class='extended_day extended_day_1'>Sa.<\/span><span class='extended_day extended_day_2'>So.<\/span><span class='extended_day extended_day_3'>Mo.<\/span><\/div>\n<div class='daily'><span class='extended_day extended_day_1' title='Schauer'>31<small>\u00b0C<\/small> \/ 25<small>\u00b0C<\/small><br \/><i class='wi wi-fw wi-weather-11'><\/i><\/span><span class='extended_day extended_day_2' title='Schauer'>30<small>\u00b0C<\/small> \/ 25<small>\u00b0C<\/small><br \/><i class='wi wi-fw wi-weather-11'><\/i><\/span><span class='extended_day extended_day_3' title='Schauer'>30<small>\u00b0C<\/small> \/ 25<small>\u00b0C<\/small><br \/><i class='wi wi-fw wi-weather-11'><\/i><\/span><\/div>\n<\/div>\n<div class='weather-atlas-footer' style='border-top:1px solid #ee4600'><a href='https:\/\/www.weather-atlas.com\/en\/indonesia\/denpasar' title='Denpasar, ID - Die Wettervorhersage' style='color:#fff'><span class='weather-atlas-footer-block'>Denpasar, ID<\/span> die wettervorhersage &#9656;<\/a><\/div>\n<\/div>\n<p><\/p>\n<\/div><\/div><\/div><\/div><div id=\"pg-915-2\"  class=\"panel-grid panel-no-style\" ><div id=\"pgc-915-2-0\"  class=\"panel-grid-cell\" ><div id=\"panel-915-2-0-0\" class=\"so-panel widget widget_black-studio-tinymce widget_black_studio_tinymce panel-first-child\" data-index=\"3\" ><div class=\"textwidget\"><hr \/>\n<p>Die Insel Bali geh\u00f6rt zu den kleinen Sundainseln und liegt zwischen Java und Lombok. Von Nord nach S\u00fcd misst die Insel 95 Kilometer und von West nach Ost sind es 145 Kilometer.<br \/>\nDie Entfernungen vom internationalen Flughafen in Denpasar zu den Urlaubsregionen in Norden sind somit nicht gro\u00df aber die Fahrt zieht sich doch sehr und nach der langen Flugzeit ist man froh, wenn das Ziel erreicht ist. Um eine kleines Gesp\u00fcr f\u00fcr die Urlaubsplanung zu bekommen ein paar Daten:<\/p>\n<ul>\n<li>Die Entfernung von Flughafen in Denpasar bis zum Tauch Terminal in Tulamben betr\u00e4gt 90 Kilometer bei einer\u00a0Fahrzeit von 3 Stunden<\/li>\n<li>Wir ben\u00f6tigten eine Reisezeit\u00a0von 4 Stunden f\u00fcr die Fahrt vom\u00a0Flughafen in Denpasar zum Pondok Sari Hotel in Menjangan und das f\u00fcr 130 Kilometer<\/li>\n<\/ul>\n<p>Schwer zu planen sind die vielen kleinen aber zum Teil l\u00e4ngeren Unterbrechungen, die durch\u00a0Pilgerm\u00e4rsche und den damit zusammenh\u00e4ngenden Stra\u00dfensperren entstehen. Auf dem Weg zum Urlaubsort ist es eine Unterbrechung, auf dem Weg zum R\u00fcckflug kann es schon Stress werden.<\/p>\n<p>Die Insel selbst hat viele Gesichter. Zum einen sind da die Touristen-Hochburgen im S\u00fcden wie \u00a0Sanuar oder Kuta, die nicht zu unrecht auch als \"Ballermann der Australier\" bezeichnet werden. Wir mussten einmal wegen eines defekten Flugzeug der Malaysian Airlines dort\u00a0\u00fcbernachten und waren froh, unseren Urlaub im ruhigen Norden verbracht zu haben. Im n\u00f6rdlichen Teil\u00a0der Insel geht es wesentlich entspannter, aber f\u00fcr den ein oder anderen auch schon fast langweilig zu. Das \"Nachtleben\"\u00a0spielt sich hier in kleinen D\u00f6rfern und oft\u00a0auch nur in Restaurants und Hotels ab. Mehr ein Ziel f\u00fcr Taucher und Naturliebhaber, die daf\u00fcr voll auf Ihre Kosten kommen. Kunst und Kitsch gibt es in Ubud, dass leider schon sehr von den vielen Touristen eingenommen wurde.<\/p>\n<p>So verschieden\u00a0wie die Regionen sind so unterschiedlich\u00a0ist auch das\u00a0Wetter, wof\u00fcr die hohen Bergketten\u00a0in der Mitte der Insel verantwortlich sind (der Vulkan Gunung Agung ist 3100m hoch). Wir hatten viel Wind im Juli \/ August, Gewitter im M\u00e4rz und Sonne im Oktober. Schlecht war dabei aber keine Reisezeit und die Temperaturen sind\u00a0immer angenehm gewesen.<\/p>\n<\/div><\/div><div id=\"panel-915-2-0-1\" class=\"so-panel widget widget_text\" data-index=\"4\" >\t\t\t<div class=\"textwidget\"><section class=\"parallax-section\">\n<div class=\"parallax-window\" data-z-index=\"1\" data-position-x=\"left\" data-parallax=\"scroll\" data-speed=\".3\" data-image-src=\"http:\/\/kruste.selfhost.me\/wordpress\/wp-content\/uploads\/2021\/03\/SAF_9341.jpg\" style=\"align-items: flex-start;min-height: 650px;\">\n<div class=\"parallax-container parallax-content\">\n<\/div>\n<\/div>\n<\/section>\n<\/div>\n\t\t<\/div><div id=\"panel-915-2-0-2\" class=\"so-panel widget widget_black-studio-tinymce widget_black_studio_tinymce panel-last-child\" data-index=\"5\" ><div class=\"textwidget\"><p>Auch so hat mir Bali gut gefallen. Alle Religionen, es gibt mehrheitlich Hindus, leben friedlich miteinander und die Menschen sind durchweg freundlich. Das Preisniveau liegt\u00a0f\u00fcr deutsche Verh\u00e4ltnisse im unteren Bereich und es ist alles vorhanden was das Herz begehrt. Die knackigen\u00a0Fr\u00fcchte und der fangfrische Fisch sind ein Gedicht.<\/p>\n<p>Am Anfang hat mich Bali als Reiseziel nicht sonderlich interessiert, aber schon bei der ersten Reise \u00e4nderte ich meine Meinung. Die Reisterrassen an Land und die tolle Unterwasserwelt sind ein Naturschauspiel der besonderen Art aber auch die Menschen mit Ihrer gelebten Kultur sind eine Reise wert. Die Besichtigung eines Tempels ist Pflicht, mehr als diesen einen kann muss man aber nicht gesehen haben. Wer es mag, hat auf Bali noch die M\u00f6glichkeit an einem Hahnenkampf teilzunehmen. Dabei gilt zu beachten, dass es eigentlich verboten und nur dem m\u00e4nnlichem Publikum vorbehalten ist.<\/p>\n<\/div><\/div><\/div><\/div><\/div>","protected":false},"excerpt":{"rendered":"<p>&nbsp;<\/p>\n","protected":false},"author":1,"featured_media":0,"parent":141,"menu_order":0,"comment_status":"closed","ping_status":"closed","template":"","meta":{"footnotes":""},"class_list":["post-915","page","type-page","status-publish","hentry"],"_links":{"self":[{"href":"http:\/\/kruste.selfhost.me\/wordpress\/index.php?rest_route=\/wp\/v2\/pages\/915","targetHints":{"allow":["GET"]}}],"collection":[{"href":"http:\/\/kruste.selfhost.me\/wordpress\/index.php?rest_route=\/wp\/v2\/pages"}],"about":[{"href":"http:\/\/kruste.selfhost.me\/wordpress\/index.php?rest_route=\/wp\/v2\/types\/page"}],"author":[{"embeddable":true,"href":"http:\/\/kruste.selfhost.me\/wordpress\/index.php?rest_route=\/wp\/v2\/users\/1"}],"replies":[{"embeddable":true,"href":"http:\/\/kruste.selfhost.me\/wordpress\/index.php?rest_route=%2Fwp%2Fv2%2Fcomments&post=915"}],"version-history":[{"count":1,"href":"http:\/\/kruste.selfhost.me\/wordpress\/index.php?rest_route=\/wp\/v2\/pages\/915\/revisions"}],"predecessor-version":[{"id":2144,"href":"http:\/\/kruste.selfhost.me\/wordpress\/index.php?rest_route=\/wp\/v2\/pages\/915\/revisions\/2144"}],"up":[{"embeddable":true,"href":"http:\/\/kruste.selfhost.me\/wordpress\/index.php?rest_route=\/wp\/v2\/pages\/141"}],"wp:attachment":[{"href":"http:\/\/kruste.selfhost.me\/wordpress\/index.php?rest_route=%2Fwp%2Fv2%2Fmedia&parent=915"}],"curies":[{"name":"wp","href":"https:\/\/api.w.org\/{rel}","templated":true}]}}