{"id":922,"date":"2014-12-13T22:20:54","date_gmt":"2014-12-13T21:20:54","guid":{"rendered":"http:\/\/kruste.selfhost.me\/wordpress\/?page_id=922"},"modified":"2021-03-14T18:22:19","modified_gmt":"2021-03-14T16:22:19","slug":"alam-batu-region-bali","status":"publish","type":"page","link":"http:\/\/kruste.selfhost.me\/wordpress\/?page_id=922","title":{"rendered":"Alam Batu (Region Bali)"},"content":{"rendered":"<div id=\"pl-922\"  class=\"panel-layout\" ><div id=\"pg-922-0\"  class=\"panel-grid panel-no-style\" ><div id=\"pgc-922-0-0\"  class=\"panel-grid-cell\" ><div id=\"panel-922-0-0-0\" class=\"so-panel widget widget_black-studio-tinymce widget_black_studio_tinymce panel-first-child panel-last-child\" data-index=\"0\" ><div class=\"textwidget\"><div class=\"style_SkipStroke_2 shape-with-text flowDefining\">\n<div class=\"text-content style_External_485_494\">\n<div class=\"style\">\n<hr \/>\n<\/div>\n<div class=\"style\">\n<div class=\"style\">\n<p>Diese kleine und sehr feine Anlage liegt im Nord \/ Westen Balis im Bezirk Kubu. In der N\u00e4he befindet sich das bekannte Wrack der USAT Liberty und dies war auch der Grund unseres ersten Besuch des Alam Batu ( Alam = Natur, Batu = Stein ).<\/p>\n<p>Bei unserer n\u00e4chsten Reise nach Bali w\u00e4hlten wir das Hotel erneut aber diesmal entschieden wir uns auf Grund des netten Anbiete, der sch\u00f6nen Bungalows und des tollen Hausriff f\u00fcr diesen Platz. Es ist ein herrlicher Ort\u00a0zum Entspannen mit toller Aussicht auf den Ozean.\u00a0Die sch\u00f6ne Sonnenliege auf dem Felsvorsprung war mein Lieblingsplatz und der Sonnenuntergang\u00a0konnte von hier besonders gut beobachten werden. Die abgeschiedene Lage des Alam Batu hat Vor- und Nachteil. Man lebt hier sehr ungest\u00f6rt und ohne viel L\u00e4rm doch f\u00fcr ein \u00a0Abendessen in der Umgebung ist ein Motorroller oder Taxi-Transfer notwendig. \u00c4hnlich verh\u00e4lt es sich mit der Anzahl der Bungalows. Es gibt 11 sehr sch\u00f6ne H\u00e4user, doch liegen\u00a0einem die anderen G\u00e4ste oder sogar Reisegruppen\u00a0nicht, wird es eventuell problematisch, denn beim\u00a0Essen, Tauchen oder am Pool l\u00e4uft man sich doch oft \u00fcber den Weg. Wie sich erahnen l\u00e4sst hatten wir w\u00e4hrend unseres Aufenthalt einen Gast, welcher doch sehr anz\u00fcgliche Bemerkungen oder abf\u00e4llige \u00c4usserungen von sich gab. Zum Gl\u00fcck mussten wir dies nur einen Tag erdulden. Sonst hatten wir Gl\u00fcck und haben viele nette Menschen kennen gelernt und interessante\u00a0Gespr\u00e4che gef\u00fchrt.<\/p>\n<p>Der Strand vor dem <a href=\"https:\/\/alam-batu.com\/de\/home\/\" target=\"_blank\" rel=\"noopener\">Alam Batu<\/a> l\u00e4dt nicht direkt zum Sonnenbaden ein doch die vielen Liegen und der sehr sch\u00f6ne Pool bieten guten Ersatz f\u00fcr die Zeit zwischen den Tauchg\u00e4ngen. Wobei wir auch schon bei dem f\u00fcr mich wichtigsten Punkt unserer Reise sind. Die Tauchpl\u00e4tze in der direkten Umgebung bieten viel und \u00a0sind ein Paradies f\u00fcr Makrofans. Harlekin Garnelen, Stab Garnelen, Pygm\u00e4enseepferdchen, Langnasen B\u00fcschelbarsche und Schaukelfische trifft man hier und mit viel Gl\u00fcck auch mal einen Walhai oder Mola Mola. Die Bedingungen an den Tauchpl\u00e4tzen sind jedoch recht unterschiedlich. Einen Tag\u00a0ist der Tauchgang an der USAT Liberty fast str\u00f6mungsfrei am folgenden Tauchgang hangelt man sich von Str\u00f6mungsschatten zu Str\u00f6mungsschatten oder bricht den Tauchgang besser ab, da Sicht und Str\u00f6mung keine guten Fotos zulassen. Auch auf die richtige Saison sollte bei der Buchung geachtet werden. Zum Teil schlagen die Wellen recht stark\u00a0auf den Strand und die gro\u00dfen Steine ( es ist kein Sandstrand ) hinterlassen bei direktem Kontakt doch blutende Wunden. Teilweise\u00a0ist der Einstieg ins Meer auch nicht m\u00f6glich oder nur mutigen Tauchern zuzutrauen. F\u00fcsslinge sind an dem steinigen Strand auf jeden Fall ein muss.<\/p>\n<p>Die Bungalows sind gro\u00dfz\u00fcgig,\u00a0sch\u00f6n eingerichtet und die Dusche unter freiem Himmel macht bei Vollmond besonders viel Spa\u00df. Sehr sch\u00f6n ist auch\u00a0das Bett auf der Terrasse und sogar hier wurde an alles gedacht. Eine Steckdose zum Laden des Laptop erm\u00f6glichte mir hier viele sch\u00f6ne Stunden bei der Bearbeitung meiner Bilder.<\/p>\n<p>Ich kann das Alam Batu w\u00e4rmstens empfehlen und w\u00fcrde dies mit einer weiteren Unterkunft auf Bali kombinieren.<\/p>\n<p>&nbsp;<\/p><\/div>\n<\/div>\n<\/div>\n<\/div>\n<\/div><\/div><\/div><div id=\"pgc-922-0-1\"  class=\"panel-grid-cell\" ><div id=\"panel-922-0-1-0\" class=\"so-panel widget widget_black-studio-tinymce widget_black_studio_tinymce panel-first-child panel-last-child\" data-index=\"1\" ><div class=\"textwidget\"><p><a href=\"http:\/\/kruste.selfhost.me\/wordpress\/wp-content\/uploads\/2014\/12\/IND_5364_p-e1418505455874.jpg\"><img loading=\"lazy\" decoding=\"async\" class=\"alignnone size-full wp-image-928\" src=\"http:\/\/kruste.selfhost.me\/wordpress\/wp-content\/uploads\/2014\/12\/IND_5364_p-e1418505455874.jpg\" alt=\"IND_5364_p\" width=\"910\" height=\"1073\" srcset=\"http:\/\/kruste.selfhost.me\/wordpress\/wp-content\/uploads\/2014\/12\/IND_5364_p-e1418505455874.jpg 910w, http:\/\/kruste.selfhost.me\/wordpress\/wp-content\/uploads\/2014\/12\/IND_5364_p-e1418505455874-127x150.jpg 127w, http:\/\/kruste.selfhost.me\/wordpress\/wp-content\/uploads\/2014\/12\/IND_5364_p-e1418505455874-254x300.jpg 254w, http:\/\/kruste.selfhost.me\/wordpress\/wp-content\/uploads\/2014\/12\/IND_5364_p-e1418505455874-868x1024.jpg 868w, http:\/\/kruste.selfhost.me\/wordpress\/wp-content\/uploads\/2014\/12\/IND_5364_p-e1418505455874-700x825.jpg 700w\" sizes=\"auto, (max-width: 910px) 100vw, 910px\" \/><\/a><\/p>\n<\/div><\/div><\/div><\/div><div id=\"pg-922-1\"  class=\"panel-grid panel-no-style\" ><div id=\"pgc-922-1-0\"  class=\"panel-grid-cell\" ><div id=\"panel-922-1-0-0\" class=\"so-panel widget widget_black-studio-tinymce widget_black_studio_tinymce panel-first-child\" data-index=\"2\" ><h3 class=\"widget-title\">Preise:<\/h3><div class=\"textwidget\"><hr \/>\n<ul>\n<li>11 N\u00e4chte im Alam Batu kosteten 1040 \u20ac (inklusive Fr\u00fchst\u00fcck)<\/li>\n<li>Transfer Flughafen - Alam Batu 35 \u20ac pro Weg und Person<\/li>\n<li>Bier gro\u00df 30.000 IDR<\/li>\n<li>Softdrink klein 10.000 IDR ( Minibar 30000 IDR )<\/li>\n<li>Wasser kostenfrei<\/li>\n<li>Eine Flasche Wein 400.000 IDR<\/li>\n<li>10 Tauchg\u00e4nge am Hausriff\u00a0 210 \u20ac<\/li>\n<li>Barbecue 150.000 IDR - 200.000 IDR<\/li>\n<li>Motorroller 8 \u20ac pro Tag<\/li>\n<li>SPA ab 20 \u20ac (Body Wrap Boreh 2 Stunden 35 \u20ac )<\/li>\n<li>Laundry ca. 8000 IDR pro Kleidungsst\u00fcck<\/li>\n<\/ul>\n<p>Ausfl\u00fcge:<\/p>\n<ul>\n<li>Ponjok Batu Temple 55 \u20ac<\/li>\n<li>Ubud Tour 90 \u20ac<\/li>\n<li>Batur Sunrise Tour 40 \u20ac<\/li>\n<\/ul>\n<p>* Alle Preise in Hotel Plus 10 % Tax<\/p>\n<\/div><\/div><div id=\"panel-922-1-0-1\" class=\"so-panel widget widget_black-studio-tinymce widget_black_studio_tinymce\" data-index=\"3\" ><h3 class=\"widget-title\">Kommunikation:<\/h3><div class=\"textwidget\"><div id=\"id4\" class=\"style_SkipStroke_4 shape-with-text\">\n<div class=\"text-content graphic_textbox_layout_style_default_External_138_130\">\n<div class=\"graphic_textbox_layout_style_default\">\n<hr \/>\n<p><i>Handyempfang ist gegeben. Der Zugang zum\u00a0<\/i><i>Internet ist f\u00fcr G\u00e4ste m\u00f6glich aber gegen Geb\u00fchr.<\/i><\/p>\n<\/div>\n<\/div>\n<\/div>\n<\/div><\/div><div id=\"panel-922-1-0-2\" class=\"so-panel widget widget_text\" data-index=\"4\" >\t\t\t<div class=\"textwidget\"><section class=\"parallax-section\">\n<div class=\"parallax-window\" data-z-index=\"1\" data-position-x=\"left\" data-parallax=\"scroll\" data-speed=\".3\" data-image-src=\"http:\/\/kruste.selfhost.me\/wordpress\/wp-content\/uploads\/2021\/03\/SAF_9868_p-2.jpg\" style=\"align-items: flex-start;min-height: 650px;\">\n<div class=\"parallax-container parallax-content\">\n<\/div>\n<\/div>\n<\/section>\n<\/div>\n\t\t<\/div><div id=\"panel-922-1-0-3\" class=\"so-panel widget widget_black-studio-tinymce widget_black_studio_tinymce\" data-index=\"5\" ><h3 class=\"widget-title\">Anreise:<\/h3><div class=\"textwidget\"><hr \/>\n<p>Wir sind mit dem privatem Taxi vom Flughafen in Denpasar angereist. Der Transferpreis des Hotels erschien uns zu hoch und richtig. Das Alam Batu berechnet 35 \u20ac pro Person und Strecke. Mit dem Taxi kamen wir auf 35 \u20ac f\u00fcr die Fahrt. Dauer fast\u00a03 Stunden.<\/p>\n<\/div><\/div><div id=\"panel-922-1-0-4\" class=\"so-panel widget widget_black-studio-tinymce widget_black_studio_tinymce\" data-index=\"6\" ><h3 class=\"widget-title\">Meine Reisezeiten:<\/h3><div class=\"textwidget\"><hr \/>\n<ul>\n<li>M\u00e4rz 2010<\/li>\n<li>August 2011<\/li>\n<\/ul>\n<\/div><\/div><div id=\"panel-922-1-0-5\" class=\"so-panel widget widget_black-studio-tinymce widget_black_studio_tinymce\" data-index=\"7\" ><h3 class=\"widget-title\">Das Wetter:<\/h3><div class=\"textwidget\"><hr \/>\n<p class=\"paragraph_style\">M\u00e4rz\u00a02010<\/p>\n<ul>\n<li>Am Anfang Sonnenschein mit kurzen Regenschauern. Sp\u00e4ter oft Bew\u00f6lkt mit Gewitter. Nachts Regen.<\/li>\n<\/ul>\n<p>August\u00a02011<\/p>\n<ul>\n<li>Es gab keinen Regen aber sehr viel Wind (schon fast Sturm).<\/li>\n<\/ul>\n<\/div><\/div><div id=\"panel-922-1-0-6\" class=\"so-panel widget widget_black-studio-tinymce widget_black_studio_tinymce\" data-index=\"8\" ><h3 class=\"widget-title\">Zimmer:<\/h3><div class=\"textwidget\"><hr \/>\n<p>Sehr nett und mit viel Geschmack eingerichtet. F\u00fcr die Bungalows wurde nur\u00a0lokales Baumaterial \u00a0verwendet. Als extra gibt es ein Bett ( mit Moskitonetz ) auf der Veranda und ein nach oben offenes Bad. Steckdosen sind ausreichend vorhanden und nach deutschem Standard. Minibar und Wasserkocher stehen zur Verf\u00fcgung. Auf Wunsch und gegen Aufpreis gibt es R\u00e4ume mit Klimaanlage, die wir nicht ben\u00f6tigt haben.<\/p>\n<\/div><\/div><div id=\"panel-922-1-0-7\" class=\"so-panel widget widget_black-studio-tinymce widget_black_studio_tinymce\" data-index=\"9\" ><div class=\"textwidget\"><p><a href=\"http:\/\/kruste.selfhost.me\/wordpress\/wp-content\/uploads\/2014\/12\/IND_5091-e1418505573106.jpg\"><img loading=\"lazy\" decoding=\"async\" class=\"alignnone size-full wp-image-927\" src=\"http:\/\/kruste.selfhost.me\/wordpress\/wp-content\/uploads\/2014\/12\/IND_5091-e1418505573106.jpg\" alt=\"IND_5091\" width=\"2474\" height=\"396\" srcset=\"http:\/\/kruste.selfhost.me\/wordpress\/wp-content\/uploads\/2014\/12\/IND_5091-e1418505573106.jpg 2474w, http:\/\/kruste.selfhost.me\/wordpress\/wp-content\/uploads\/2014\/12\/IND_5091-e1418505573106-150x24.jpg 150w, http:\/\/kruste.selfhost.me\/wordpress\/wp-content\/uploads\/2014\/12\/IND_5091-e1418505573106-300x48.jpg 300w, http:\/\/kruste.selfhost.me\/wordpress\/wp-content\/uploads\/2014\/12\/IND_5091-e1418505573106-1024x163.jpg 1024w, http:\/\/kruste.selfhost.me\/wordpress\/wp-content\/uploads\/2014\/12\/IND_5091-e1418505573106-700x112.jpg 700w\" sizes=\"auto, (max-width: 2474px) 100vw, 2474px\" \/><\/a><\/p>\n<\/div><\/div><div id=\"panel-922-1-0-8\" class=\"so-panel widget widget_black-studio-tinymce widget_black_studio_tinymce\" data-index=\"10\" ><h3 class=\"widget-title\">K\u00fcche \/ Restaurant:<\/h3><div class=\"textwidget\"><hr \/>\n<p>Ob frische Fr\u00fcchte, Barbecues oder Buffet. Das Essen ist immer lecker und auf unseren Wunsch wurde der mitgebrachte Tuna roh mit etwas Limone\u00a0serviert, k\u00f6stlich.<\/p>\n<p>Sollte zum\u00a0Abendessen etwas von der Karte gew\u00fcnscht werden, muss man dies Mittags schon ausw\u00e4hlen. Leider werden die Gerichte nicht immer f\u00fcr alle G\u00e4ste zeitgleich geliefert und es kommt schon einmal vor, dass ein Gast die letzten Z\u00fcge des Nachtisch geniesst und der Andere noch auf die Suppe wartet.<\/p>\n<p>Dass das Fr\u00fchst\u00fcck noch nach dem ersten Tauchgang serviert wird\u00a0ist ein wahrer Luxus f\u00fcr mich und ich habe es t\u00e4glich genutzt, klasse.<\/p>\n<\/div><\/div><div id=\"panel-922-1-0-9\" class=\"so-panel widget widget_black-studio-tinymce widget_black_studio_tinymce\" data-index=\"11\" ><h3 class=\"widget-title\">Personal:<\/h3><div class=\"textwidget\"><hr \/>\n\nDie Angestellten sind sehr freundlich und helfen wo sie k\u00f6nnen. Es wird nett\u00a0gegr\u00fc\u00dft und meine indonesischen Sprechversuche zauberten oft ein L\u00e4cheln auf die Gesichter. Die langen Abende mit Doris sind aber auch sehr nett.<\/div><\/div><div id=\"panel-922-1-0-10\" class=\"so-panel widget widget_black-studio-tinymce widget_black_studio_tinymce\" data-index=\"12\" ><h3 class=\"widget-title\">Aktivit\u00e4ten:<\/h3><div class=\"textwidget\"><hr \/>\n<p>Tauchen, Ausfl\u00fcge und SPA. Wer Lust hat mietet sich einen Motorroller und erkundet die Gegend. Ein zuf\u00e4lliger Stopp beim Hahnenkampf ist immer interessant.<\/p>\n<\/div><\/div><div id=\"panel-922-1-0-11\" class=\"so-panel widget widget_black-studio-tinymce widget_black_studio_tinymce panel-last-child\" data-index=\"13\" ><h3 class=\"widget-title\">Tipps:<\/h3><div class=\"textwidget\"><hr \/>\n<ul>\n<li>Sonnenaufgang vom oberen Bale (Liege auf dem Berg ) bestaunen.<\/li>\n<li>Der early morning dive am Wrack ( sehr fr\u00fch aber die B\u00fcffelkopf Papageifische sind Fr\u00fchaufsteher )<\/li>\n<li>Ostereier suchen am Hausriff<br \/>\n(Saisonal bedingt \ud83d\ude42 )<\/li>\n<li>Blick vom Pool aufs Meer mit einem Drink in der Hand<\/li>\n<li>Roller mieten und die Umgebung erkunden<\/li>\n<\/ul>\n<\/div><\/div><\/div><\/div><div id=\"pg-922-2\"  class=\"panel-grid panel-no-style\" ><div id=\"pgc-922-2-0\"  class=\"panel-grid-cell\" ><div id=\"panel-922-2-0-0\" class=\"so-panel widget widget_black-studio-tinymce widget_black_studio_tinymce panel-first-child\" data-index=\"14\" ><h3 class=\"widget-title\">Klartext:<\/h3><div class=\"textwidget\"><hr \/>\n<ul>\n<li>Was die H\u00e4hne hier motiviert die ganze Nacht zu kr\u00e4hen, weiss ich nicht. F\u00fcr Menschen mit leichtem Schlaf k\u00f6nnte es st\u00f6rend sein.<\/li>\n<li>Das Alam Batu liegt recht abgelegen. Am Abend ein Restaurant aufsuchen ist kaum m\u00f6glich.<\/li>\n<li>Die Preise in der Anlage sind fair, liegen aber f\u00fcr Indonesien im oberen Bereich.<\/li>\n<li>Das Essen im Hotel ist lecker. Es ist aber notwendig, sein Abendessen am Mittag zu bestellen.<\/li>\n<li>Weiter wird das Essen zeitversetzt serviert. Eine Person ist schon fertig und der Partner bekommt erst die Suppe. Auch wurde unsere Bestellung vom Mittag einmal ganz vergessen.<\/li>\n<li>An den letzten Tagen gab es Besuch von einem \u00d6sterreicher. Dieser brachte mit \u00fcblen Spr\u00fcchen und miesen Scherzen schlechte Stimmung in die Tauchgruppe. Mir blitzte er in die Bilder und anderen G\u00e4sten drehte er die Flasche zu. Die Angestellten wurden zu \u201eBabybauchkontrolle\u201c in Reih und Glied geordert. Das sollte wohl witzig sein, war es aber nicht. Bei nur wenigen Bungalows ist\u00a0ein Ausweichen kaum m\u00f6glich und wir waren froh, dass der Gast nur 2 Tage parallel zu uns gebucht hatte.<\/li>\n<\/ul>\n<\/div><\/div><div id=\"panel-922-2-0-1\" class=\"so-panel widget widget_black-studio-tinymce widget_black_studio_tinymce panel-last-child\" data-index=\"15\" ><div class=\"textwidget\"><p><a href=\"http:\/\/kruste.selfhost.me\/wordpress\/wp-content\/uploads\/2014\/12\/SAF_9482-e1418505630364.jpg\"><img loading=\"lazy\" decoding=\"async\" class=\"alignnone size-full wp-image-925\" src=\"http:\/\/kruste.selfhost.me\/wordpress\/wp-content\/uploads\/2014\/12\/SAF_9482-e1418505630364.jpg\" alt=\"SAF_9482\" width=\"2039\" height=\"469\" srcset=\"http:\/\/kruste.selfhost.me\/wordpress\/wp-content\/uploads\/2014\/12\/SAF_9482-e1418505630364.jpg 2039w, http:\/\/kruste.selfhost.me\/wordpress\/wp-content\/uploads\/2014\/12\/SAF_9482-e1418505630364-150x34.jpg 150w, http:\/\/kruste.selfhost.me\/wordpress\/wp-content\/uploads\/2014\/12\/SAF_9482-e1418505630364-300x69.jpg 300w, http:\/\/kruste.selfhost.me\/wordpress\/wp-content\/uploads\/2014\/12\/SAF_9482-e1418505630364-1024x235.jpg 1024w, http:\/\/kruste.selfhost.me\/wordpress\/wp-content\/uploads\/2014\/12\/SAF_9482-e1418505630364-700x161.jpg 700w\" sizes=\"auto, (max-width: 2039px) 100vw, 2039px\" \/><\/a><\/p>\n<\/div><\/div><\/div><\/div><\/div>","protected":false},"excerpt":{"rendered":"<p>Diese kleine und sehr feine Anlage liegt im Nord \/ Westen Balis im Bezirk Kubu. In der N\u00e4he befindet sich das bekannte Wrack der USAT<\/p>\n","protected":false},"author":1,"featured_media":0,"parent":915,"menu_order":0,"comment_status":"closed","ping_status":"closed","template":"","meta":{"footnotes":""},"class_list":["post-922","page","type-page","status-publish","hentry"],"_links":{"self":[{"href":"http:\/\/kruste.selfhost.me\/wordpress\/index.php?rest_route=\/wp\/v2\/pages\/922","targetHints":{"allow":["GET"]}}],"collection":[{"href":"http:\/\/kruste.selfhost.me\/wordpress\/index.php?rest_route=\/wp\/v2\/pages"}],"about":[{"href":"http:\/\/kruste.selfhost.me\/wordpress\/index.php?rest_route=\/wp\/v2\/types\/page"}],"author":[{"embeddable":true,"href":"http:\/\/kruste.selfhost.me\/wordpress\/index.php?rest_route=\/wp\/v2\/users\/1"}],"replies":[{"embeddable":true,"href":"http:\/\/kruste.selfhost.me\/wordpress\/index.php?rest_route=%2Fwp%2Fv2%2Fcomments&post=922"}],"version-history":[{"count":1,"href":"http:\/\/kruste.selfhost.me\/wordpress\/index.php?rest_route=\/wp\/v2\/pages\/922\/revisions"}],"predecessor-version":[{"id":7758,"href":"http:\/\/kruste.selfhost.me\/wordpress\/index.php?rest_route=\/wp\/v2\/pages\/922\/revisions\/7758"}],"up":[{"embeddable":true,"href":"http:\/\/kruste.selfhost.me\/wordpress\/index.php?rest_route=\/wp\/v2\/pages\/915"}],"wp:attachment":[{"href":"http:\/\/kruste.selfhost.me\/wordpress\/index.php?rest_route=%2Fwp%2Fv2%2Fmedia&parent=922"}],"curies":[{"name":"wp","href":"https:\/\/api.w.org\/{rel}","templated":true}]}}