{"id":931,"date":"2014-12-21T07:48:36","date_gmt":"2014-12-21T06:48:36","guid":{"rendered":"http:\/\/kruste.selfhost.me\/wordpress\/?page_id=931"},"modified":"2021-03-14T18:37:21","modified_gmt":"2021-03-14T16:37:21","slug":"tauch-terminal-tulamben-region-bali","status":"publish","type":"page","link":"http:\/\/kruste.selfhost.me\/wordpress\/?page_id=931","title":{"rendered":"Tauch Terminal Tulamben (Region Bali)"},"content":{"rendered":"<div id=\"pl-931\"  class=\"panel-layout\" ><div id=\"pg-931-0\"  class=\"panel-grid panel-no-style\" ><div id=\"pgc-931-0-0\"  class=\"panel-grid-cell\" ><div id=\"panel-931-0-0-0\" class=\"so-panel widget widget_black-studio-tinymce widget_black_studio_tinymce panel-first-child panel-last-child\" data-index=\"0\" ><div class=\"textwidget\"><div class=\"style_SkipStroke_2 shape-with-text flowDefining\">\n<div class=\"text-content style_External_485_494\">\n<div class=\"style\">\n<hr \/>\n<\/div>\n<div class=\"style\">\n<div class=\"style\">\n<p>Das <a href=\"https:\/\/tulamben.com\/de\/homepage-german\/\" target=\"_blank\" rel=\"noopener\">Tauch Terminal Tulamben<\/a> (TTT) liegt im Nord \/ Westen Balis im Bezirk Kubu und bietet mit seiner direkten Lage am Wrack der USAT Liberty Tauchern viel Spa\u00df und sch\u00f6ne Tauchg\u00e4nge.<\/p>\n<p>Die Anlage ist sauber, sch\u00f6n eingerichtet und besteht, f\u00fcr diese Region ungew\u00f6hnlich, aus einem Haupthaus mit zwei Etagen. Die Zimmer in der unteren Etage haben eine kleine und direkt an den Garten grenzende Terrasse. Wie hatten ein Zimmer in der oberen Etage gebucht und freuten uns \u00fcber den doch recht ungew\u00f6hnlichen Sitzplatz am Balkon. Ein netter Platz zum Entspannen und der Blick auf das Meer ist wunderbar.<\/p>\n<p>Das Resort bietet ein gutes Restaurant, zwei Pools, Polbar und den direkten Anschluss an die Tauchschule. Kurze Wege sind das Motto und wer m\u00f6chte braucht sich hier nicht gro\u00df bewegen. Die Lage des Tauch Terminal ist optimal. Vor der T\u00fcr gibt es tolle Koralleng\u00e4rten und das Wrack der USAT Liberty, welches f\u00fcr viele Tauchg\u00e4nge beste M\u00f6glichkeiten bietet. Auf der R\u00fcckseite des Hotels stehen Restaurants und kleine Shops f\u00fcr etwas Abwechslung bereit.<\/p>\n<p>Diese sehr gute Lage hat auch hier Vor- und Nachteile. Der Parkplatz am Hotel wird\u00a0sehr stark von Tagesg\u00e4sten frequentiert und wer nicht fr\u00fchzeitig am Wrack taucht, sieht mehr Taucher als Fische. Um dies zu Umgehen, bin ich t\u00e4glich\u00a0fr\u00fch zum Tauchen aufgebrochen und habe mich vom Strand vor dem Hotel bis zum Wrack treiben lassen. Nette Helfer haben meine Taucherausr\u00fcstung sp\u00e4ter zum Hotel zur\u00fcck gebracht w\u00e4hrend ich schon beim Fr\u00fchst\u00fcck sa\u00df. Sehr angenehm und komfortabel, einfach Urlaub.<\/p>\n<p>Den SPA\u00a0Bereich des TTT \u00a0habe ich nicht genutzt, da mein Interesse rein beim Tauchen lag.<br \/>\nF\u00fcr Freunde von\u00a0Massagen aber sicher ein Versuch wert.<\/p>\n<p>Die Qualit\u00e4t des Tauch Terminal Tulamben w\u00fcrde ich etwas unterhalb des Alam Batu sehen, welches in der Umgebung liegt. Eine Reise ist es aber auf jeden Fall wert. Und wer das Reisebudget nicht so sehr strapazieren m\u00f6chte oder kann, findet hier einen tollen Platz f\u00fcr sch\u00f6ne Tage, auch wenn es von Zeit zu Zeit etwas voller ist.<\/p>\n<p>&nbsp;<\/p>\n<p>&nbsp;<\/p>\n<p>&nbsp;<\/p><\/div>\n<\/div>\n<\/div>\n<\/div>\n<\/div><\/div><\/div><div id=\"pgc-931-0-1\"  class=\"panel-grid-cell\" ><div id=\"panel-931-0-1-0\" class=\"so-panel widget widget_black-studio-tinymce widget_black_studio_tinymce panel-first-child panel-last-child\" data-index=\"1\" ><div class=\"textwidget\"><p><img loading=\"lazy\" decoding=\"async\" class=\"aligncenter size-full wp-image-6699\" src=\"http:\/\/kruste.selfhost.me\/wordpress\/wp-content\/uploads\/2019\/04\/IND_1557_pp_web.jpg\" alt=\"\" width=\"800\" height=\"894\" srcset=\"http:\/\/kruste.selfhost.me\/wordpress\/wp-content\/uploads\/2019\/04\/IND_1557_pp_web.jpg 800w, http:\/\/kruste.selfhost.me\/wordpress\/wp-content\/uploads\/2019\/04\/IND_1557_pp_web-134x150.jpg 134w, http:\/\/kruste.selfhost.me\/wordpress\/wp-content\/uploads\/2019\/04\/IND_1557_pp_web-268x300.jpg 268w, http:\/\/kruste.selfhost.me\/wordpress\/wp-content\/uploads\/2019\/04\/IND_1557_pp_web-768x858.jpg 768w, http:\/\/kruste.selfhost.me\/wordpress\/wp-content\/uploads\/2019\/04\/IND_1557_pp_web-687x768.jpg 687w, http:\/\/kruste.selfhost.me\/wordpress\/wp-content\/uploads\/2019\/04\/IND_1557_pp_web-700x782.jpg 700w\" sizes=\"auto, (max-width: 800px) 100vw, 800px\" \/><\/p>\n<\/div><\/div><\/div><\/div><div id=\"pg-931-1\"  class=\"panel-grid panel-no-style\" ><div id=\"pgc-931-1-0\"  class=\"panel-grid-cell\" ><div id=\"panel-931-1-0-0\" class=\"so-panel widget widget_black-studio-tinymce widget_black_studio_tinymce panel-first-child\" data-index=\"2\" ><h3 class=\"widget-title\">Preise:<\/h3><div class=\"textwidget\"><hr \/>\n<ul>\n<li>13 N\u00e4chte inklusive Flug, Rail and Fly, Fr\u00fchst\u00fcck f\u00fcr drei Personen (inklusive einem Kind ) 3400 \u20ac<\/li>\n<li>Bier klein 19.500 IDR ( Shop 12.000 )<\/li>\n<li>Softdrink 12.000 IDR ( Shop 6.000 )<\/li>\n<li>Wasser klein 7.500 IDR<\/li>\n<li>Eine Flasche Wein 120.000 IDR (Shop)<\/li>\n<li>Tauchen ca. 20 \u20ac<\/li>\n<li>Cocktail 55.000 IDR<\/li>\n<\/ul>\n<p>* Alle Preise in Hotel Plus 11% Service Charge und 10 % Tax<\/p>\n<\/div><\/div><div id=\"panel-931-1-0-1\" class=\"so-panel widget widget_black-studio-tinymce widget_black_studio_tinymce\" data-index=\"3\" ><h3 class=\"widget-title\">Kommunikation:<\/h3><div class=\"textwidget\"><div id=\"id4\" class=\"style_SkipStroke_4 shape-with-text\">\n<div class=\"text-content graphic_textbox_layout_style_default_External_138_130\">\n<div class=\"graphic_textbox_layout_style_default\">\n<hr \/>\n<p><i>Nicht ben\u00f6tigt \ud83d\ude42 Kopien von \u00e4lteren Zeitungen lagen aus.<\/i><\/p>\n<\/div>\n<\/div>\n<\/div>\n<\/div><\/div><div id=\"panel-931-1-0-2\" class=\"so-panel widget widget_text\" data-index=\"4\" >\t\t\t<div class=\"textwidget\"><section class=\"parallax-section\">\n<div class=\"parallax-window\" data-z-index=\"1\" data-position-x=\"left\" data-parallax=\"scroll\" data-speed=\".3\" data-image-src=\"http:\/\/kruste.selfhost.me\/wordpress\/wp-content\/uploads\/2021\/03\/IND_0948.jpg\" style=\"align-items: flex-start;min-height: 650px;\">\n<div class=\"parallax-container parallax-content\">\n<\/div>\n<\/div>\n<\/section>\n<\/div>\n\t\t<\/div><div id=\"panel-931-1-0-3\" class=\"so-panel widget widget_black-studio-tinymce widget_black_studio_tinymce\" data-index=\"5\" ><h3 class=\"widget-title\">Anreise:<\/h3><div class=\"textwidget\"><hr \/>\n<p>Der Transfer vom Flughafen in Denpasar war in unserem Reisepreis enthalten. Bei eigenen Buchungen habe ich mit Ubud Taxi gute Erfahrungen gemacht. Es sind nicht die g\u00fcnstigsten aber die Fahrzeuge waren in einem guten Zustand.<\/p>\n<\/div><\/div><div id=\"panel-931-1-0-4\" class=\"so-panel widget widget_black-studio-tinymce widget_black_studio_tinymce\" data-index=\"6\" ><h3 class=\"widget-title\">Meine Reisezeiten:<\/h3><div class=\"textwidget\"><hr \/>\n<ul>\n<li>Oktober 2008<\/li>\n<\/ul>\n<\/div><\/div><div id=\"panel-931-1-0-5\" class=\"so-panel widget widget_black-studio-tinymce widget_black_studio_tinymce\" data-index=\"7\" ><h3 class=\"widget-title\">Das Wetter:<\/h3><div class=\"textwidget\"><hr \/>\n<p class=\"paragraph_style\">Oktober 2008<\/p>\n<p style=\"padding-left: 30px;\">Sonnenschein 31\u00b0C<br \/>\nSonnenaufgang 06:23 Uhr<br \/>\nSonnenuntergang 18:21 Uhr<br \/>\n(Ende Oktober deutete sich die Regenzeit mit bew\u00f6lktem Himmel an)<\/p>\n<p>&nbsp;<\/p>\n<\/div><\/div><div id=\"panel-931-1-0-6\" class=\"so-panel widget widget_black-studio-tinymce widget_black_studio_tinymce\" data-index=\"8\" ><h3 class=\"widget-title\">Zimmer:<\/h3><div class=\"textwidget\"><hr \/>\n<p>Die Zimmer und ein gro\u00dfer Teil der Anlage, wurden\u00a02008 renoviert und sind\u00a0sehr geschmackvoll gestaltet. Hier z\u00e4hlt der Blick f\u00fcr das kleine Detail. Unterscheiden muss man bei der Buchung zwischen Zimmern in der oberen oder unteren Etage. Preislich liegt die obere Etage im unteren Bereich, doch alles ist sauber und wir haben uns sehr wohl gef\u00fchlt.<\/p>\n<\/div><\/div><div id=\"panel-931-1-0-7\" class=\"so-panel widget widget_black-studio-tinymce widget_black_studio_tinymce\" data-index=\"9\" ><div class=\"textwidget\"><p><img loading=\"lazy\" decoding=\"async\" class=\"aligncenter size-full wp-image-7765\" src=\"http:\/\/kruste.selfhost.me\/wordpress\/wp-content\/uploads\/2021\/03\/IND_5364_p.jpg\" alt=\"\" width=\"1350\" height=\"900\" srcset=\"http:\/\/kruste.selfhost.me\/wordpress\/wp-content\/uploads\/2021\/03\/IND_5364_p.jpg 1350w, http:\/\/kruste.selfhost.me\/wordpress\/wp-content\/uploads\/2021\/03\/IND_5364_p-300x200.jpg 300w, http:\/\/kruste.selfhost.me\/wordpress\/wp-content\/uploads\/2021\/03\/IND_5364_p-1024x683.jpg 1024w, http:\/\/kruste.selfhost.me\/wordpress\/wp-content\/uploads\/2021\/03\/IND_5364_p-150x100.jpg 150w, http:\/\/kruste.selfhost.me\/wordpress\/wp-content\/uploads\/2021\/03\/IND_5364_p-768x512.jpg 768w, http:\/\/kruste.selfhost.me\/wordpress\/wp-content\/uploads\/2021\/03\/IND_5364_p-272x182.jpg 272w\" sizes=\"auto, (max-width: 1350px) 100vw, 1350px\" \/><\/p>\n<\/div><\/div><div id=\"panel-931-1-0-8\" class=\"so-panel widget widget_black-studio-tinymce widget_black_studio_tinymce\" data-index=\"10\" ><h3 class=\"widget-title\">K\u00fcche \/ Restaurant:<\/h3><div class=\"textwidget\"><hr \/>\n<p>Angeboten wird die Unterkunft nur mit Fr\u00fchst\u00fcck doch wir haben oft im Hotelrestaurant gegessen. Die Auswahl ist gut und Geschmack und Frische sind auf hohem Niveau.\u00a0Etwas Abwechslung gibt es in den Restaurants in der Umgebung.<\/p>\n<\/div><\/div><div id=\"panel-931-1-0-9\" class=\"so-panel widget widget_black-studio-tinymce widget_black_studio_tinymce\" data-index=\"11\" ><h3 class=\"widget-title\">Personal:<\/h3><div class=\"textwidget\"><hr \/>\n\nFreundlich und aufmerksam. Probleme wie ein verstopfter Abfluss oder kaltes Duschwasser werden sofort behoben.<\/div><\/div><div id=\"panel-931-1-0-10\" class=\"so-panel widget widget_black-studio-tinymce widget_black_studio_tinymce\" data-index=\"12\" ><h3 class=\"widget-title\">Aktivit\u00e4ten:<\/h3><div class=\"textwidget\"><hr \/>\n<p>Tauchen aber Ausfl\u00fcge in die Umgebung sollte man nicht verpassen. Die Reisterrassen sind einen Ausflug wert und kulturell hat Bali sehr viel zu bieten.<\/p>\n<\/div><\/div><div id=\"panel-931-1-0-11\" class=\"so-panel widget widget_black-studio-tinymce widget_black_studio_tinymce panel-last-child\" data-index=\"13\" ><h3 class=\"widget-title\">Tipps:<\/h3><div class=\"textwidget\"><hr \/>\n<ul>\n<li>150 Minuten Massage f\u00fcr 35 \u20ac<\/li>\n<li>Der Blick aus dem Pool auf das Meer<\/li>\n<li>Hahnenkampf (nichts f\u00fcr Frauen und schwache Nerven )<\/li>\n<li>Angeltour mit lokalen Fischern<\/li>\n<\/ul>\n<\/div><\/div><\/div><\/div><div id=\"pg-931-2\"  class=\"panel-grid panel-no-style\" ><div id=\"pgc-931-2-0\"  class=\"panel-grid-cell\" ><div id=\"panel-931-2-0-0\" class=\"so-panel widget widget_black-studio-tinymce widget_black_studio_tinymce panel-first-child\" data-index=\"14\" ><h3 class=\"widget-title\">Klartext:<\/h3><div class=\"textwidget\"><hr \/>\n<p>Bei der Reiseplanung sollten die Feiertage auf Bali beachtet werden. Manche legen das \u00f6ffentliche Leben wohl regelrecht lahm.<\/p>\n<p>Leider gibt es keinen Steg und der Einstieg zum Tauchen wird durch den Steinstrand unbequem und rutschig. Der Grund, dass man ohne einen solchen\u00a0auskommen muss liegt im Glauben der Einwohner. Aus meiner Sicht w\u00e4re ein Steg\u00a0sicher sehr sinnvoll w\u00fcrde aber den b\u00f6sen D\u00e4monen den Weg zur\u00fcck auf die Insel leiten. Dies ist auf Bali nicht vorstellbar.<\/p>\n<p>Die Tauchpl\u00e4tze in der Gegend sind stark frequentiert und es kommt schon vor, das mehr Taucher als Fische zu sehen sind. Hier gilt, wer fr\u00fch im Wasser ist hat mehr davon.<\/p>\n<\/div><\/div><div id=\"panel-931-2-0-1\" class=\"so-panel widget widget_black-studio-tinymce widget_black_studio_tinymce panel-last-child\" data-index=\"15\" ><div class=\"textwidget\"><p><a href=\"http:\/\/kruste.selfhost.me\/wordpress\/wp-content\/uploads\/2014\/12\/IND_1450-e1419142926327.jpg\"><img loading=\"lazy\" decoding=\"async\" class=\"alignnone size-full wp-image-934\" src=\"http:\/\/kruste.selfhost.me\/wordpress\/wp-content\/uploads\/2014\/12\/IND_1450-e1419142926327.jpg\" alt=\"IND_1450\" width=\"2067\" height=\"480\" srcset=\"http:\/\/kruste.selfhost.me\/wordpress\/wp-content\/uploads\/2014\/12\/IND_1450-e1419142926327.jpg 2067w, http:\/\/kruste.selfhost.me\/wordpress\/wp-content\/uploads\/2014\/12\/IND_1450-e1419142926327-150x34.jpg 150w, http:\/\/kruste.selfhost.me\/wordpress\/wp-content\/uploads\/2014\/12\/IND_1450-e1419142926327-300x69.jpg 300w, http:\/\/kruste.selfhost.me\/wordpress\/wp-content\/uploads\/2014\/12\/IND_1450-e1419142926327-1024x237.jpg 1024w, http:\/\/kruste.selfhost.me\/wordpress\/wp-content\/uploads\/2014\/12\/IND_1450-e1419142926327-700x162.jpg 700w\" sizes=\"auto, (max-width: 2067px) 100vw, 2067px\" \/><\/a><\/p>\n<\/div><\/div><\/div><\/div><\/div>","protected":false},"excerpt":{"rendered":"<p>Das Tauch Terminal Tulamben (TTT) liegt im Nord \/ Westen Balis im Bezirk Kubu und bietet mit seiner direkten Lage am Wrack der USAT Liberty<\/p>\n","protected":false},"author":1,"featured_media":0,"parent":915,"menu_order":0,"comment_status":"closed","ping_status":"closed","template":"","meta":{"footnotes":""},"class_list":["post-931","page","type-page","status-publish","hentry"],"_links":{"self":[{"href":"http:\/\/kruste.selfhost.me\/wordpress\/index.php?rest_route=\/wp\/v2\/pages\/931","targetHints":{"allow":["GET"]}}],"collection":[{"href":"http:\/\/kruste.selfhost.me\/wordpress\/index.php?rest_route=\/wp\/v2\/pages"}],"about":[{"href":"http:\/\/kruste.selfhost.me\/wordpress\/index.php?rest_route=\/wp\/v2\/types\/page"}],"author":[{"embeddable":true,"href":"http:\/\/kruste.selfhost.me\/wordpress\/index.php?rest_route=\/wp\/v2\/users\/1"}],"replies":[{"embeddable":true,"href":"http:\/\/kruste.selfhost.me\/wordpress\/index.php?rest_route=%2Fwp%2Fv2%2Fcomments&post=931"}],"version-history":[{"count":1,"href":"http:\/\/kruste.selfhost.me\/wordpress\/index.php?rest_route=\/wp\/v2\/pages\/931\/revisions"}],"predecessor-version":[{"id":7762,"href":"http:\/\/kruste.selfhost.me\/wordpress\/index.php?rest_route=\/wp\/v2\/pages\/931\/revisions\/7762"}],"up":[{"embeddable":true,"href":"http:\/\/kruste.selfhost.me\/wordpress\/index.php?rest_route=\/wp\/v2\/pages\/915"}],"wp:attachment":[{"href":"http:\/\/kruste.selfhost.me\/wordpress\/index.php?rest_route=%2Fwp%2Fv2%2Fmedia&parent=931"}],"curies":[{"name":"wp","href":"https:\/\/api.w.org\/{rel}","templated":true}]}}