{"id":950,"date":"2014-12-29T15:03:40","date_gmt":"2014-12-29T14:03:40","guid":{"rendered":"http:\/\/kruste.selfhost.me\/wordpress\/?page_id=950"},"modified":"2021-03-14T18:44:32","modified_gmt":"2021-03-14T16:44:32","slug":"pondok-sari-region-bali","status":"publish","type":"page","link":"http:\/\/kruste.selfhost.me\/wordpress\/?page_id=950","title":{"rendered":"Pondok Sari (Region Bali)"},"content":{"rendered":"<div id=\"pl-950\"  class=\"panel-layout\" ><div id=\"pg-950-0\"  class=\"panel-grid panel-no-style\" ><div id=\"pgc-950-0-0\"  class=\"panel-grid-cell\" ><div id=\"panel-950-0-0-0\" class=\"so-panel widget widget_black-studio-tinymce widget_black_studio_tinymce panel-first-child panel-last-child\" data-index=\"0\" ><div class=\"textwidget\"><div class=\"style_SkipStroke_2 shape-with-text flowDefining\">\n<div class=\"text-content style_External_485_494\">\n<div class=\"style\">\n<hr \/>\n<\/div>\n<div class=\"style\">\n<div class=\"style\">\n<p>Das <a href=\"https:\/\/www.pondoksari.com\/wp\/de\/willkommen-im-pondok-sari\/\" target=\"_blank\" rel=\"noopener\">Pondok Sari<\/a> liegt in\u00a0<span class=\"subHeadline floatLeft\">Pemuteran im Nord Balis unweit des Naturschutzgebiet Menjangan. Die Tauchpl\u00e4tze um Menjangan gelten mit als die besten Balis und auch die\u00a0Secret Bay f\u00fcr Makrofans ist mit dem Auto in 45 Minuten erreichbar. Dies waren zwei Gr\u00fcnde, warum wir uns f\u00fcr das Pondok Sari entschieden haben. Weiter gibt es ein kleines Korallenzucht Programm, einen Sandstrand und nette Restaurants in der direkten Umgebung, die\u00a0f\u00fcr angenehme Abwechslung sorgen.<\/span><\/p>\n<p>Das Pondok Sari besteht aus mehreren Bungalows in\u00a0unterschiedlichen Kategorien. Geboten werden von Standardzimmern bis zur Deluxe-Villa vier unterschiedliche Typen von \u00dcbernachtungsm\u00f6glichkeiten. Wir buchten das Standardzimmer, welches sauber aber leider etwas dunkel war. Daf\u00fcr liegt es in einem sch\u00f6nem Garten mit dichtem Bewuchs.<\/p>\n<p>Besonders gut hat mir das gro\u00dfe Sofa auf der kleinen Terrasse oder das offene Bad gefallen. Wo sitz man schon auf dem stillen Ort und genie\u00dft die Sonnenstrahlen unter freiem Himmel auf dem Gesicht \ud83d\ude42<\/p>\n<p>Die Anlage ist gepflegt aber es besteht schon ein Klassenunterschied zum Tauch Terminal in Tulamben oder gar zum Alam Batu. Diese Anlagen sind 1 bzw. 2 Klassen h\u00f6her angesiedelt.\u00a0Trotzdem hat das Pondok Sari sein Vorteile. Der Strand l\u00e4dt zum Baden ein und die Wellen machen richtig viel Spa\u00df. Weiter gibt es in direkter Umgebung gute und g\u00fcnstige Restaurants, in denen man nette Abende verbringen kann. Der\u00a0Preis und die Qualit\u00e4t der Speisen empfanden wir in den umliegenden Lokalen sehr angemessen, was wir vom Pondok Sari nicht behaupten\u00a0k\u00f6nnen.<\/p>\n<p><span class=\"subHeadline floatLeft\">\u00a0 \u00a0\u00a0\u00a0<\/span><\/p><\/div>\n<\/div>\n<\/div>\n<\/div>\n<\/div><\/div><\/div><div id=\"pgc-950-0-1\"  class=\"panel-grid-cell\" ><div id=\"panel-950-0-1-0\" class=\"so-panel widget widget_black-studio-tinymce widget_black_studio_tinymce panel-first-child panel-last-child\" data-index=\"1\" ><div class=\"textwidget\"><p><img loading=\"lazy\" decoding=\"async\" class=\"alignnone size-full wp-image-954\" src=\"http:\/\/kruste.selfhost.me\/wordpress\/wp-content\/uploads\/2014\/12\/SAF_8736_p-e1465892394965.jpg\" alt=\"SAF_8736_p\" width=\"674\" height=\"900\" \/><\/p>\n<\/div><\/div><\/div><\/div><div id=\"pg-950-1\"  class=\"panel-grid panel-no-style\" ><div id=\"pgc-950-1-0\"  class=\"panel-grid-cell\" ><div id=\"panel-950-1-0-0\" class=\"so-panel widget widget_black-studio-tinymce widget_black_studio_tinymce panel-first-child\" data-index=\"2\" ><h3 class=\"widget-title\">Preise:<\/h3><div class=\"textwidget\"><hr \/>\n<ul>\n<li>Flug ab Hannover mit China Airlines 950 \u20ac pro Person (Ferienzeit)<\/li>\n<li>10 N\u00e4chte im Pondok Sari inklusive Fr\u00fchst\u00fcck 589 \u20ac ( f\u00fcr drei Personen )<\/li>\n<li>Transfer Flughafen - Pondok Sari 50 \u20ac<\/li>\n<li>Bier gro\u00df 35.000 IDR\u00a0<\/li>\n<li>Softdrink klein 12.000 IDR\u00a0<\/li>\n<li>Arak 39.000 IDR<\/li>\n<li>Eine Flasche Wein 170.000 IDR\u00a0<\/li>\n<li>Cappuccino 25.000 IDR<\/li>\n<li>Main Course 55.000 ab\u00a0<\/li>\n<li>Stone Massage (90 Minuten) 260.000 IDR\u00a0<\/li>\n<\/ul>\n<p>* Alle Preise in Hotel Plus 21 % Tax und Service<\/p>\n<\/div><\/div><div id=\"panel-950-1-0-1\" class=\"so-panel widget widget_black-studio-tinymce widget_black_studio_tinymce\" data-index=\"3\" ><h3 class=\"widget-title\">Kommunikation:<\/h3><div class=\"textwidget\"><div id=\"id4\" class=\"style_SkipStroke_4 shape-with-text\">\n<div class=\"text-content graphic_textbox_layout_style_default_External_138_130\">\n<div class=\"graphic_textbox_layout_style_default\">\n<hr \/>\n<p><i>Handyempfang ist gegeben,\u00a0<\/i><i>Internet 40.000 IDR f\u00fcr die Stunde.<\/i><\/p>\n<\/div>\n<\/div>\n<\/div>\n<\/div><\/div><div id=\"panel-950-1-0-2\" class=\"so-panel widget widget_text\" data-index=\"4\" >\t\t\t<div class=\"textwidget\"><section class=\"parallax-section\">\n<div class=\"parallax-window\" data-z-index=\"1\" data-position-x=\"left\" data-parallax=\"scroll\" data-speed=\".3\" data-image-src=\"http:\/\/kruste.selfhost.me\/wordpress\/wp-content\/uploads\/2021\/03\/IND_6038.jpg\" style=\"align-items: flex-start;min-height: 650px;\">\n<div class=\"parallax-container parallax-content\">\n<\/div>\n<\/div>\n<\/section>\n<\/div>\n\t\t<\/div><div id=\"panel-950-1-0-3\" class=\"so-panel widget widget_black-studio-tinymce widget_black_studio_tinymce\" data-index=\"5\" ><h3 class=\"widget-title\">Anreise:<\/h3><div class=\"textwidget\"><hr \/>\n<p>Gebucht hatten wir einen privaten Transfer per Taxi und haben f\u00fcr die Strecke Denpasar - Pemuteran circa 50 Euro bezahlt. Ein fairer Preis f\u00fcr die lange Anreise.<\/p>\n<\/div><\/div><div id=\"panel-950-1-0-4\" class=\"so-panel widget widget_black-studio-tinymce widget_black_studio_tinymce\" data-index=\"6\" ><h3 class=\"widget-title\">Meine Reisezeiten:<\/h3><div class=\"textwidget\"><hr \/>\n<ul>\n<li>Juli 2011<\/li>\n<\/ul>\n<\/div><\/div><div id=\"panel-950-1-0-5\" class=\"so-panel widget widget_black-studio-tinymce widget_black_studio_tinymce\" data-index=\"7\" ><h3 class=\"widget-title\">Das Wetter:<\/h3><div class=\"textwidget\"><hr \/>\n<p class=\"paragraph_style\">Juli\u00a02011<\/p>\n<ul>\n<li>\n<p>Morgens Sonne. Am Abend ziehen Wolken auf und es wird sehr windig.<\/p>\n<\/li>\n<\/ul>\n<\/div><\/div><div id=\"panel-950-1-0-6\" class=\"so-panel widget widget_black-studio-tinymce widget_black_studio_tinymce\" data-index=\"8\" ><h3 class=\"widget-title\">Zimmer:<\/h3><div class=\"textwidget\"><hr \/>\n<p>Angenehme Gr\u00f6\u00dfe mit Doppel- und Einzel-Bett, Moskitonetz, Safe, Klimaanlage, Terrasse und offenem Bad. Die Einrichtung ist gut, hat aber schon bessere Zeiten gesehen.<\/p>\n<\/div><\/div><div id=\"panel-950-1-0-7\" class=\"so-panel widget widget_black-studio-tinymce widget_black_studio_tinymce\" data-index=\"9\" ><div class=\"textwidget\"><p><img loading=\"lazy\" decoding=\"async\" class=\"aligncenter size-full wp-image-7768\" src=\"http:\/\/kruste.selfhost.me\/wordpress\/wp-content\/uploads\/2021\/03\/STG_8473.jpg\" alt=\"\" width=\"1272\" height=\"900\" srcset=\"http:\/\/kruste.selfhost.me\/wordpress\/wp-content\/uploads\/2021\/03\/STG_8473.jpg 1272w, http:\/\/kruste.selfhost.me\/wordpress\/wp-content\/uploads\/2021\/03\/STG_8473-300x212.jpg 300w, http:\/\/kruste.selfhost.me\/wordpress\/wp-content\/uploads\/2021\/03\/STG_8473-1024x725.jpg 1024w, http:\/\/kruste.selfhost.me\/wordpress\/wp-content\/uploads\/2021\/03\/STG_8473-150x106.jpg 150w, http:\/\/kruste.selfhost.me\/wordpress\/wp-content\/uploads\/2021\/03\/STG_8473-768x543.jpg 768w\" sizes=\"auto, (max-width: 1272px) 100vw, 1272px\" \/><\/p>\n<\/div><\/div><div id=\"panel-950-1-0-8\" class=\"so-panel widget widget_black-studio-tinymce widget_black_studio_tinymce\" data-index=\"10\" ><h3 class=\"widget-title\">K\u00fcche \/ Restaurant:<\/h3><div class=\"textwidget\"><hr \/>\n<p>Wir haben die K\u00fcchen nur am ersten Abend probiert. Die Preise liegen weit \u00fcber denen im Umkreis, die Qualit\u00e4t liegt leider unterhalb. Beim Fr\u00fchst\u00fcck besteht die Wahl aus 4 Gerichten ( Bio, American, Bali und\u00a0 Continental ). Zu allen gibt es 3 halbe Scheiben Toast, Kaffee, Tee oder Kakao. Alles Weitere muss extra bezahlt werden.<\/p>\n<p>Um fair zu bleiben, \u00a0dem einfachen Fr\u00fchst\u00fcck steht ein\u00a0g\u00fcnstiger Zimmerpreis\u00a0gegen\u00fcber.<\/p>\n<\/div><\/div><div id=\"panel-950-1-0-9\" class=\"so-panel widget widget_black-studio-tinymce widget_black_studio_tinymce\" data-index=\"11\" ><h3 class=\"widget-title\">Personal:<\/h3><div class=\"textwidget\"><hr \/><p>Teils Freundlich, teils schl\u00e4frig.\u00a0<\/p><\/div><\/div><div id=\"panel-950-1-0-10\" class=\"so-panel widget widget_black-studio-tinymce widget_black_studio_tinymce\" data-index=\"12\" ><h3 class=\"widget-title\">Aktivit\u00e4ten:<\/h3><div class=\"textwidget\"><hr \/>\n<p>Tauchen, Ausfl\u00fcge und SPA. Leider konnten wir auf Grund der vorliegenden Bedingungen keinen Tauchgang an der Secret Bay unternehmen.\u00a0<\/p>\n<\/div><\/div><div id=\"panel-950-1-0-11\" class=\"so-panel widget widget_black-studio-tinymce widget_black_studio_tinymce panel-last-child\" data-index=\"13\" ><h3 class=\"widget-title\">Tipps:<\/h3><div class=\"textwidget\"><hr \/>\n<ul>\n<li>Die Restaurants (Warung) an der Stra\u00dfe nutzen<\/li>\n<li>Schnorcheln am Hausriff<\/li>\n<li>Arag Atag<\/li>\n<li>Mit dem Roller (ohne Helm) zum Hahnenkampf<\/li>\n<li>Die Sonne auf der Morgentoilette nutzen und dabei die V\u00f6gel beobachten.<\/li>\n<li>Sonnenschutz nicht vergessen<\/li>\n<\/ul>\n<\/div><\/div><\/div><\/div><div id=\"pg-950-2\"  class=\"panel-grid panel-no-style\" ><div id=\"pgc-950-2-0\"  class=\"panel-grid-cell\" ><div id=\"panel-950-2-0-0\" class=\"so-panel widget widget_black-studio-tinymce widget_black_studio_tinymce panel-first-child\" data-index=\"14\" ><h3 class=\"widget-title\">Klartext:<\/h3><div class=\"textwidget\"><hr \/>\n<ul>\n<li>Die Anlage liegt leider nah an der Stra\u00dfe. Autos und Roller sind eine st\u00e4ndige Ger\u00e4uschkulisse.<\/li>\n<li>Es fehlt der Flair, den wir auf Bali erwartet hatten. Die Anlage ist etwas zu gro\u00df und dadurch unpers\u00f6nlich. G\u00e4rtner und Zimmerservice sind sehr freundlich aber bei der Bedienung fehlt das \u201eGewisse Etwas\u201c.<\/li>\n<li>Die Preise in der Anlage sind \u00fcberteuert und das bei m\u00e4\u00dfiger Qualit\u00e4t. Zus\u00e4tzlich werden noch 21% Steuer berechnet, was man oft bei der Bestellung \u00fcbersieht. Das Essen im Ort kostet\u00a0die H\u00e4lfte. W\u00e4scherei ein 1\/4 ......<\/li>\n<li>Das Fr\u00fchst\u00fcck ist von Prinzip OK. Leider stimmt die Qualit\u00e4t nicht. Die Bananen sind nicht reif, der Kakao mit Wasser und das Toastbrot nicht frisch.<\/li>\n<\/ul>\n<p>Das offene Bad ist sch\u00f6n. Morgens Sonnenschein auf der Toilette hat schon was. Man muss nur auf die Ameisen aufpassen\u00a0 (Die geh\u00f6ren aber in die Tropen). Ein Problem gab es mit dem warmen Wasser. Die Armaturen sind nicht ganz dicht und so l\u00e4uft das warme Wasser vorab aus. Ein Nachteil ist auch, dass die Klimaanlage eingeschaltet bleiben muss um warmes Wasser zu bekommen. Hier wird viel Energie verschwendet.<\/p>\n<p>Weiter st\u00f6ren die klappernden T\u00fcren, welche sich nur durch einen Holzriegel verschliessen lassen. Das ist Nachts recht laut und man wird oft wach ( Es war teilweise sehr windig ).<\/p>\n<\/div><\/div><div id=\"panel-950-2-0-1\" class=\"so-panel widget widget_black-studio-tinymce widget_black_studio_tinymce panel-last-child\" data-index=\"15\" ><div class=\"textwidget\"><p><a href=\"http:\/\/kruste.selfhost.me\/wordpress\/wp-content\/uploads\/2014\/12\/SAF_9411_p-e1419861662232.jpg\"><img loading=\"lazy\" decoding=\"async\" class=\"alignnone size-full wp-image-956\" src=\"http:\/\/kruste.selfhost.me\/wordpress\/wp-content\/uploads\/2014\/12\/SAF_9411_p-e1419861662232.jpg\" alt=\"SAF_9411_p\" width=\"2463\" height=\"400\" srcset=\"http:\/\/kruste.selfhost.me\/wordpress\/wp-content\/uploads\/2014\/12\/SAF_9411_p-e1419861662232.jpg 2463w, http:\/\/kruste.selfhost.me\/wordpress\/wp-content\/uploads\/2014\/12\/SAF_9411_p-e1419861662232-150x24.jpg 150w, http:\/\/kruste.selfhost.me\/wordpress\/wp-content\/uploads\/2014\/12\/SAF_9411_p-e1419861662232-300x48.jpg 300w, http:\/\/kruste.selfhost.me\/wordpress\/wp-content\/uploads\/2014\/12\/SAF_9411_p-e1419861662232-1024x166.jpg 1024w, http:\/\/kruste.selfhost.me\/wordpress\/wp-content\/uploads\/2014\/12\/SAF_9411_p-e1419861662232-700x113.jpg 700w\" sizes=\"auto, (max-width: 2463px) 100vw, 2463px\" \/><\/a><\/p>\n<\/div><\/div><\/div><\/div><\/div>","protected":false},"excerpt":{"rendered":"<p>Das Pondok Sari liegt in\u00a0Pemuteran im Nord Balis unweit des Naturschutzgebiet Menjangan. Die Tauchpl\u00e4tze um Menjangan gelten mit als die besten Balis und auch die\u00a0Secret<\/p>\n","protected":false},"author":1,"featured_media":0,"parent":915,"menu_order":0,"comment_status":"closed","ping_status":"closed","template":"","meta":{"footnotes":""},"class_list":["post-950","page","type-page","status-publish","hentry"],"_links":{"self":[{"href":"http:\/\/kruste.selfhost.me\/wordpress\/index.php?rest_route=\/wp\/v2\/pages\/950","targetHints":{"allow":["GET"]}}],"collection":[{"href":"http:\/\/kruste.selfhost.me\/wordpress\/index.php?rest_route=\/wp\/v2\/pages"}],"about":[{"href":"http:\/\/kruste.selfhost.me\/wordpress\/index.php?rest_route=\/wp\/v2\/types\/page"}],"author":[{"embeddable":true,"href":"http:\/\/kruste.selfhost.me\/wordpress\/index.php?rest_route=\/wp\/v2\/users\/1"}],"replies":[{"embeddable":true,"href":"http:\/\/kruste.selfhost.me\/wordpress\/index.php?rest_route=%2Fwp%2Fv2%2Fcomments&post=950"}],"version-history":[{"count":1,"href":"http:\/\/kruste.selfhost.me\/wordpress\/index.php?rest_route=\/wp\/v2\/pages\/950\/revisions"}],"predecessor-version":[{"id":2161,"href":"http:\/\/kruste.selfhost.me\/wordpress\/index.php?rest_route=\/wp\/v2\/pages\/950\/revisions\/2161"}],"up":[{"embeddable":true,"href":"http:\/\/kruste.selfhost.me\/wordpress\/index.php?rest_route=\/wp\/v2\/pages\/915"}],"wp:attachment":[{"href":"http:\/\/kruste.selfhost.me\/wordpress\/index.php?rest_route=%2Fwp%2Fv2%2Fmedia&parent=950"}],"curies":[{"name":"wp","href":"https:\/\/api.w.org\/{rel}","templated":true}]}}