{"id":984,"date":"2014-12-30T13:09:22","date_gmt":"2014-12-30T12:09:22","guid":{"rendered":"http:\/\/kruste.selfhost.me\/wordpress\/?page_id=984"},"modified":"2016-06-14T10:17:58","modified_gmt":"2016-06-14T08:17:58","slug":"prince-john-dive-resort-region-sulawesi","status":"publish","type":"page","link":"http:\/\/kruste.selfhost.me\/wordpress\/?page_id=984","title":{"rendered":"Prince John Dive Resort  (Region Sulawesi)"},"content":{"rendered":"<div id=\"pl-984\"  class=\"panel-layout\" ><div id=\"pg-984-0\"  class=\"panel-grid panel-no-style\" ><div id=\"pgc-984-0-0\"  class=\"panel-grid-cell\" ><div id=\"panel-984-0-0-0\" class=\"so-panel widget widget_black-studio-tinymce widget_black_studio_tinymce panel-first-child panel-last-child\" data-index=\"0\" ><div class=\"textwidget\"><div class=\"style_SkipStroke_2 shape-with-text flowDefining\">\n<div class=\"text-content style_External_485_494\">\n<div class=\"style\">\u00a0<\/div>\n<div class=\"style\">\n<div class=\"style\">\n<p>Die Bezeichnung Resort ist eventuell etwas hoch gegriffen aber uns hat es hier trotz der einfachen Bedingungen sehr gut gefallen.\u00a0<\/p>\n<p>Das Prince John Dive Resort lebt von den Besitzern Gabi und Alex. Die beiden sind sehr freundlich, immer hilfsbereit und Informieren vorab \u00fcber den eingeschr\u00e4nkten Komfort.<\/p>\n<p>( News 2010: Alex und Gabi haben das Resort verlassen ! )\u00a0<\/p>\n<p>Die Einschr\u00e4nkung besteht zum Beispiel aus einem Wasserbecken mit Sch\u00f6pfkelle welches als Dusche gilt und in Indonesien als Mandi\u00a0bezeichnet wird. Warmes Wasser oder ein Waschbecken sucht man vergebens. Strom ist nur eingeschr\u00e4nkt verf\u00fcgbar und wenn nur in wechselhafter Qualit\u00e4t. Manch ein Ladeger\u00e4t wird streiken oder die Akkus nicht komplett laden k\u00f6nnen.<\/p>\n<p>Diese Umst\u00e4nde geh\u00f6ren zum Resort und haben ihren Reiz oder\u00a0machen sogar den Charme der Anlage aus. Was st\u00f6rt, ist der viele Plastikm\u00fcll am Strand. Obwohl t\u00e4glich ein kleiner Trupp von Angestellten den Beach vor der Anlage s\u00e4ubert, sieht man Plastik an vielen Stellen. Leider auch im Riff und zwischen den Korallen. Da hilft auch die Reinigung nicht und erst dann nicht, wenn der M\u00fcll einfach 100 Meter weiter wieder ins Meer gekippt wird.<\/p>\n<p>Wer das Prince John Resort bucht kann sich auch auf neugierigen Blicke der Bev\u00f6lkerung gefasst machen. Der Strand vor der Anlage dient als Wochenendziel und ist bei Ausfl\u00fcglern sehr beliebt. Als Europ\u00e4er ist man das \"Opfer\" von vielen Handykameras und f\u00fcr ein Bild mit einem Urlauber aus Europa w\u00fcrden die Indonesier hier alles geben. Wir hatten viel Spa\u00df.\u00a0<\/p>\n<p>\u00a0<\/p>\n<p>\u00a0<\/p>\n<\/div>\n<\/div>\n<\/div>\n<\/div>\n<\/div><\/div><\/div><div id=\"pgc-984-0-1\"  class=\"panel-grid-cell\" ><div id=\"panel-984-0-1-0\" class=\"so-panel widget widget_black-studio-tinymce widget_black_studio_tinymce panel-first-child panel-last-child\" data-index=\"1\" ><div class=\"textwidget\"><p><img loading=\"lazy\" decoding=\"async\" class=\"alignnone size-full wp-image-436\" src=\"http:\/\/kruste.selfhost.me\/wordpress\/wp-content\/uploads\/2014\/10\/IND_8575_p-e1415746683375.jpg\" alt=\"IND_8575_p\" width=\"670\" height=\"1000\" \/><\/p>\n<\/div><\/div><\/div><\/div><div id=\"pg-984-1\"  class=\"panel-grid panel-no-style\" ><div id=\"pgc-984-1-0\"  class=\"panel-grid-cell\" ><div id=\"panel-984-1-0-0\" class=\"so-panel widget widget_black-studio-tinymce widget_black_studio_tinymce panel-first-child\" data-index=\"2\" ><h3 class=\"widget-title\">Preise:<\/h3><div class=\"textwidget\"><hr \/>\n<ul>\n<li>1 Nacht in Steinbungalow 68 \u20ac (3 Personen inkl. VP)<\/li>\n<li>Bier gro\u00df 26.000 IDR, klein 15.000 IDR<\/li>\n<li>Softdrink 7.000 IDR<\/li>\n<li>Wasser 6.000 IDR<\/li>\n<li>Eine Flasche Wein 200.000 IDR<\/li>\n<li>Ein Tauchgang\u00a0ca. 25 \u20ac<\/li>\n<li>Cocktail 40.000 IDR<\/li>\n<li>Whisky, Rum, Wodka 4 cl 40.000 IDR<\/li>\n<li>Buchung von Fl\u00fcgen: 30.000 IDR<\/li>\n<li>\n<p><i>R\u00fcckbest\u00e4tigung der internationalen Fl\u00fcge: 25.000 IDR<\/i><\/p>\n<p>\u00a0<\/p>\n<\/li>\n<\/ul>\n<\/div><\/div><div id=\"panel-984-1-0-1\" class=\"so-panel widget widget_black-studio-tinymce widget_black_studio_tinymce\" data-index=\"3\" ><h3 class=\"widget-title\">Kommunikation:<\/h3><div class=\"textwidget\"><div id=\"id4\" class=\"style_SkipStroke_4 shape-with-text\">\n<div class=\"text-content graphic_textbox_layout_style_default_External_138_130\">\n<div class=\"graphic_textbox_layout_style_default\">\n<hr \/>\n<p>Nette Gespr\u00e4che und mit Gl\u00fcck ein paar Fu\u00dfballergebnisse von Alex.<\/p>\n<\/div>\n<\/div>\n<\/div>\n<\/div><\/div><div id=\"panel-984-1-0-2\" class=\"so-panel widget widget_black-studio-tinymce widget_black_studio_tinymce\" data-index=\"4\" ><div class=\"textwidget\"><p><a href=\"http:\/\/kruste.selfhost.me\/wordpress\/wp-content\/uploads\/2014\/12\/IND_8097-e1419941110406.jpg\"><img loading=\"lazy\" decoding=\"async\" class=\"alignnone size-full wp-image-986\" src=\"http:\/\/kruste.selfhost.me\/wordpress\/wp-content\/uploads\/2014\/12\/IND_8097-e1419941110406.jpg\" alt=\"IND_8097\" width=\"2358\" height=\"418\" srcset=\"http:\/\/kruste.selfhost.me\/wordpress\/wp-content\/uploads\/2014\/12\/IND_8097-e1419941110406.jpg 2358w, http:\/\/kruste.selfhost.me\/wordpress\/wp-content\/uploads\/2014\/12\/IND_8097-e1419941110406-150x26.jpg 150w, http:\/\/kruste.selfhost.me\/wordpress\/wp-content\/uploads\/2014\/12\/IND_8097-e1419941110406-300x53.jpg 300w, http:\/\/kruste.selfhost.me\/wordpress\/wp-content\/uploads\/2014\/12\/IND_8097-e1419941110406-1024x181.jpg 1024w, http:\/\/kruste.selfhost.me\/wordpress\/wp-content\/uploads\/2014\/12\/IND_8097-e1419941110406-700x124.jpg 700w\" sizes=\"auto, (max-width: 2358px) 100vw, 2358px\" \/><\/a><\/p>\n<\/div><\/div><div id=\"panel-984-1-0-3\" class=\"so-panel widget widget_black-studio-tinymce widget_black_studio_tinymce\" data-index=\"5\" ><h3 class=\"widget-title\">Anreise:<\/h3><div class=\"textwidget\"><hr \/>\n<p>Hannover - Frankfurt - Singapur - Balikpapan - Palu - Prince John Dive Resort.<\/p>\n<p>Alles sehr anstrengend, aufwendig und unsicher. Die Inlandsfl\u00fcge konnten nur von Alex gebucht werden und ich wei\u00df nun auch, warum einige Airlines auf schwarzen Listen stehen.<\/p>\n<\/div><\/div><div id=\"panel-984-1-0-4\" class=\"so-panel widget widget_black-studio-tinymce widget_black_studio_tinymce\" data-index=\"6\" ><h3 class=\"widget-title\">Meine Reisezeiten:<\/h3><div class=\"textwidget\"><hr \/>\n<ul>\n<li>M\u00e4rz 2008<\/li>\n<\/ul>\n<\/div><\/div><div id=\"panel-984-1-0-5\" class=\"so-panel widget widget_black-studio-tinymce widget_black_studio_tinymce\" data-index=\"7\" ><h3 class=\"widget-title\">Das Wetter:<\/h3><div class=\"textwidget\"><hr \/>\n<p class=\"paragraph_style\">M\u00e4rz\u00a02008<\/p>\n<ul>\n<li>\n<p>Sonnenschein und leichte Bew\u00f6lkung bei circa 28\u00b0 Tagestemperatur. Oft aber nicht immer perfekt zum Tauchen.<\/p>\n<\/li>\n<\/ul>\n<\/div><\/div><div id=\"panel-984-1-0-6\" class=\"so-panel widget widget_black-studio-tinymce widget_black_studio_tinymce\" data-index=\"8\" ><h3 class=\"widget-title\">Zimmer:<\/h3><div class=\"textwidget\"><hr \/>\n<p>Stein - Bungalow mit Sch\u00f6pf Dusche Mandi. Das Zimmer ist\u00a0einfach aber sauber. Ich habe mir auch die kleineren Zimmer angesehen. Hier w\u00fcrde ich keine zwei Wochen bleiben wollen.<\/p>\n<\/div><\/div><div id=\"panel-984-1-0-7\" class=\"so-panel widget widget_black-studio-tinymce widget_black_studio_tinymce\" data-index=\"9\" ><div class=\"textwidget\"><p><a href=\"http:\/\/kruste.selfhost.me\/wordpress\/wp-content\/uploads\/2014\/12\/IND_8941_p-e1419941254954.jpg\"><img loading=\"lazy\" decoding=\"async\" class=\"alignnone size-full wp-image-988\" src=\"http:\/\/kruste.selfhost.me\/wordpress\/wp-content\/uploads\/2014\/12\/IND_8941_p-e1419941254954.jpg\" alt=\"IND_8941_p\" width=\"2323\" height=\"429\" srcset=\"http:\/\/kruste.selfhost.me\/wordpress\/wp-content\/uploads\/2014\/12\/IND_8941_p-e1419941254954.jpg 2323w, http:\/\/kruste.selfhost.me\/wordpress\/wp-content\/uploads\/2014\/12\/IND_8941_p-e1419941254954-150x27.jpg 150w, http:\/\/kruste.selfhost.me\/wordpress\/wp-content\/uploads\/2014\/12\/IND_8941_p-e1419941254954-300x55.jpg 300w, http:\/\/kruste.selfhost.me\/wordpress\/wp-content\/uploads\/2014\/12\/IND_8941_p-e1419941254954-1024x189.jpg 1024w, http:\/\/kruste.selfhost.me\/wordpress\/wp-content\/uploads\/2014\/12\/IND_8941_p-e1419941254954-700x129.jpg 700w\" sizes=\"auto, (max-width: 2323px) 100vw, 2323px\" \/><\/a><\/p>\n<\/div><\/div><div id=\"panel-984-1-0-8\" class=\"so-panel widget widget_black-studio-tinymce widget_black_studio_tinymce\" data-index=\"10\" ><h3 class=\"widget-title\">K\u00fcche \/ Restaurant:<\/h3><div class=\"textwidget\"><hr \/>\n<p>Durchschnittliche K\u00fcche und einfaches Fr\u00fchst\u00fcck. In der Umgebung gibt es keine Alternative aber man wird ja auch so satt. Der lokale Kaffee am Nachmittag ist unschlagbar.<\/p>\n<\/div><\/div><div id=\"panel-984-1-0-9\" class=\"so-panel widget widget_black-studio-tinymce widget_black_studio_tinymce\" data-index=\"11\" ><h3 class=\"widget-title\">Personal:<\/h3><div class=\"textwidget\"><hr \/><p>Alex und Gabi helfen wo Sie k\u00f6nnen. Es wird eine Autobatterie besorgt, an der ich meinen Blitz laden kann. Werkzeug wird zur Verf\u00fcgung gestellt und die Angestellten unterst\u00fctzen wo Sie k\u00f6nnen. Danke \ud83d\ude42 ohne Blitz h\u00e4tte ich nie so sch\u00f6ne Bilder beim Tauchen machen k\u00f6nnen.<\/p><p>\u00a0<\/p><p>\u00a0<\/p><\/div><\/div><div id=\"panel-984-1-0-10\" class=\"so-panel widget widget_black-studio-tinymce widget_black_studio_tinymce\" data-index=\"12\" ><h3 class=\"widget-title\">Aktivit\u00e4ten:<\/h3><div class=\"textwidget\"><hr \/>\n<p>Die Tauchg\u00e4nge am Hausriff sind genial und bei Sonnenuntergang zu schnorcheln hat auch etwas. Nachttauchg\u00e4nge werden durchgef\u00fchrt und wer nicht m\u00f6chte wartet auf den Kuskus.<\/p>\n<p>Alles l\u00e4uft sehr entspannt ab und man kann es Urlaub nennen.<\/p>\n<\/div><\/div><div id=\"panel-984-1-0-11\" class=\"so-panel widget widget_black-studio-tinymce widget_black_studio_tinymce panel-last-child\" data-index=\"13\" ><h3 class=\"widget-title\">Tipps:<\/h3><div class=\"textwidget\"><hr \/>\n<ul>\n<li>Der Besuch einer lokalen Hochzeit stand auf dem Programm und wir wurden eingeladen. Schon interessant, dass Brautpaar und Eltern nicht lachen d\u00fcrfen ?!\n<p>Wir w\u00fcrden gerne wieder kommen aber erst, wenn dies ohne die Inl\u00e4ndischen Fl\u00fcge m\u00f6glich ist.<\/p><\/li>\n<\/ul>\n<\/div><\/div><\/div><\/div><div id=\"pg-984-2\"  class=\"panel-grid panel-no-style\" ><div id=\"pgc-984-2-0\"  class=\"panel-grid-cell\" ><div id=\"panel-984-2-0-0\" class=\"so-panel widget widget_black-studio-tinymce widget_black_studio_tinymce panel-first-child\" data-index=\"14\" ><h3 class=\"widget-title\">Klartext:<\/h3><div class=\"textwidget\"><hr \/>\n<ul>\n<li>\n<p>Der eingeschr\u00e4nkte Komfort ist jedem Gast bekannt. Mich st\u00f6rt aber trotzdem, dass kein Waschbecken vorhanden ist und dass die Zimmer nur sehr sp\u00e4rlich beleuchtet sind.<\/p>\n<p>Die Vorbereitung\u00a0der Unterwasserkamera gelingt nur mit Unterst\u00fctzung der Taschenlampe.<\/p>\n<\/li>\n<li>\n<p>Weiter negativ beurteile ich den vielen M\u00fcll. Wenn es regnet wird der ganze Plastikabfall ins Meer gesp\u00fclt. Das ist t\u00f6dlich f\u00fcr die Meerestiere und landet sp\u00e4ter wieder am Strand. Aber so lange es nicht einmal M\u00fcllk\u00f6rbe an Board der gro\u00dfen F\u00e4hren gibt, wird sich an der Situation nie etwas \u00e4ndern.<\/p>\n<\/li>\n<li>\n<p>St\u00f6rend sind auch die Hunde und Katzen in der Anlage. Da viele G\u00e4ste diese f\u00fcttern, sind es\u00a0st\u00e4ndige Begleiter.\u00a0Einige sehen sogar so krank aus, dass ich mich nicht wohl gef\u00fchlt habe geschweige denn diese Tier anfassen mochte.<\/p>\n<\/li>\n<\/ul>\n<\/div><\/div><div id=\"panel-984-2-0-1\" class=\"so-panel widget widget_black-studio-tinymce widget_black_studio_tinymce panel-last-child\" data-index=\"15\" ><div class=\"textwidget\"><p><a href=\"http:\/\/kruste.selfhost.me\/wordpress\/wp-content\/uploads\/2014\/12\/IND_8121-e1419941307495.jpg\"><img loading=\"lazy\" decoding=\"async\" class=\"alignnone size-full wp-image-989\" src=\"http:\/\/kruste.selfhost.me\/wordpress\/wp-content\/uploads\/2014\/12\/IND_8121-e1419941307495.jpg\" alt=\"IND_8121\" width=\"2159\" height=\"447\" srcset=\"http:\/\/kruste.selfhost.me\/wordpress\/wp-content\/uploads\/2014\/12\/IND_8121-e1419941307495.jpg 2159w, http:\/\/kruste.selfhost.me\/wordpress\/wp-content\/uploads\/2014\/12\/IND_8121-e1419941307495-150x31.jpg 150w, http:\/\/kruste.selfhost.me\/wordpress\/wp-content\/uploads\/2014\/12\/IND_8121-e1419941307495-300x62.jpg 300w, http:\/\/kruste.selfhost.me\/wordpress\/wp-content\/uploads\/2014\/12\/IND_8121-e1419941307495-1024x212.jpg 1024w, http:\/\/kruste.selfhost.me\/wordpress\/wp-content\/uploads\/2014\/12\/IND_8121-e1419941307495-700x144.jpg 700w\" sizes=\"auto, (max-width: 2159px) 100vw, 2159px\" \/><\/a><\/p>\n<\/div><\/div><\/div><\/div><\/div>","protected":false},"excerpt":{"rendered":"<p>\u00a0Die Bezeichnung Resort ist eventuell etwas hoch gegriffen aber uns hat es hier trotz der einfachen Bedingungen sehr gut gefallen.\u00a0Das Prince John Dive Resort lebt<\/p>\n","protected":false},"author":1,"featured_media":0,"parent":977,"menu_order":0,"comment_status":"closed","ping_status":"closed","template":"","meta":{"footnotes":""},"class_list":["post-984","page","type-page","status-publish","hentry"],"_links":{"self":[{"href":"http:\/\/kruste.selfhost.me\/wordpress\/index.php?rest_route=\/wp\/v2\/pages\/984","targetHints":{"allow":["GET"]}}],"collection":[{"href":"http:\/\/kruste.selfhost.me\/wordpress\/index.php?rest_route=\/wp\/v2\/pages"}],"about":[{"href":"http:\/\/kruste.selfhost.me\/wordpress\/index.php?rest_route=\/wp\/v2\/types\/page"}],"author":[{"embeddable":true,"href":"http:\/\/kruste.selfhost.me\/wordpress\/index.php?rest_route=\/wp\/v2\/users\/1"}],"replies":[{"embeddable":true,"href":"http:\/\/kruste.selfhost.me\/wordpress\/index.php?rest_route=%2Fwp%2Fv2%2Fcomments&post=984"}],"version-history":[{"count":1,"href":"http:\/\/kruste.selfhost.me\/wordpress\/index.php?rest_route=\/wp\/v2\/pages\/984\/revisions"}],"predecessor-version":[{"id":2293,"href":"http:\/\/kruste.selfhost.me\/wordpress\/index.php?rest_route=\/wp\/v2\/pages\/984\/revisions\/2293"}],"up":[{"embeddable":true,"href":"http:\/\/kruste.selfhost.me\/wordpress\/index.php?rest_route=\/wp\/v2\/pages\/977"}],"wp:attachment":[{"href":"http:\/\/kruste.selfhost.me\/wordpress\/index.php?rest_route=%2Fwp%2Fv2%2Fmedia&parent=984"}],"curies":[{"name":"wp","href":"https:\/\/api.w.org\/{rel}","templated":true}]}}