{"id":1068,"date":"2014-12-31T14:53:50","date_gmt":"2014-12-31T13:53:50","guid":{"rendered":"http:\/\/kruste.selfhost.me\/wordpress\/?page_id=1068"},"modified":"2016-04-22T12:53:01","modified_gmt":"2016-04-22T10:53:01","slug":"divers-lodge-lembeh-region-sulawesi","status":"publish","type":"page","link":"https:\/\/kruste.selfhost.me\/wordpress\/?page_id=1068","title":{"rendered":"Divers Lodge Lembeh  (Region Sulawesi)"},"content":{"rendered":"<div id=\"pl-1068\"  class=\"panel-layout\" ><div id=\"pg-1068-0\"  class=\"panel-grid panel-no-style\" ><div id=\"pgc-1068-0-0\"  class=\"panel-grid-cell\" ><div id=\"panel-1068-0-0-0\" class=\"so-panel widget widget_black-studio-tinymce widget_black_studio_tinymce panel-first-child panel-last-child\" data-index=\"0\" ><div class=\"textwidget\"><div class=\"style_SkipStroke_2 shape-with-text flowDefining\">\n<div class=\"text-content style_External_485_494\">\n<div class=\"style\">\u00a0<\/div>\n<div class=\"style\">\n<div class=\"style\">\n<p>Die Divers Lodge Lembeh liegt auf der Insel Lembeh und\u00a0ist von Bitung aus in 20 Minuten mit dem Boot zu erreichen. Die Anlage besteht aus 6 Bungalows, welche an einen Hang gebaut wurden\u00a0und teilweise eine sch\u00f6ne Aussicht auf die Lagune oder das Meer bieten. Es ist hier alles sehr famili\u00e4r.<\/p>\n<p>Rob und seine Frau essen mit allen G\u00e4sten an einem Tisch und am Abend sitzt man zusammen an der Bar und bespricht die Bilder der letzten Tauchg\u00e4nge. Fragen werden sofort beantwortet und das Personal ist sehr hilfsbereit. Es wird auch ohne Nachfrage angeboten, Getr\u00e4nke und Snacks aufs Zimmer zu bringen. Service ist hier kein Fremdwort.<\/p>\n<p>Aufgrund der Lage sind Aktivit\u00e4ten wie Strandspazierg\u00e4nge, Shopping..... nicht m\u00f6glich. Alle Aktionen\u00a0m\u00fcssen geplant werden aber im Prinzip geht es hier auch nur ums Tauchen und da ist alles perfekt organisiert.<\/p>\n<p>Zimmer und Anlage haben nicht das hohe Level wie zum Beispiel das Black Sand Resort. Das ist aber auch verst\u00e4ndlich, da es sich preislich um unterschiedliche Ligen handelt.<\/p>\n<\/div>\n<\/div>\n<\/div>\n<\/div>\n<\/div><\/div><\/div><div id=\"pgc-1068-0-1\"  class=\"panel-grid-cell\" ><div id=\"panel-1068-0-1-0\" class=\"so-panel widget widget_black-studio-tinymce widget_black_studio_tinymce panel-first-child panel-last-child\" data-index=\"1\" ><div class=\"textwidget\"><p><a href=\"http:\/\/kruste.selfhost.me\/wordpress\/wp-content\/uploads\/2014\/12\/IND_2044_p-e1420033830702.jpg\"><img loading=\"lazy\" decoding=\"async\" class=\"alignnone size-full wp-image-1070\" src=\"http:\/\/kruste.selfhost.me\/wordpress\/wp-content\/uploads\/2014\/12\/IND_2044_p-e1420033830702.jpg\" alt=\"IND_2044_p\" width=\"809\" height=\"1209\" srcset=\"https:\/\/kruste.selfhost.me\/wordpress\/wp-content\/uploads\/2014\/12\/IND_2044_p-e1420033830702.jpg 809w, https:\/\/kruste.selfhost.me\/wordpress\/wp-content\/uploads\/2014\/12\/IND_2044_p-e1420033830702-100x150.jpg 100w, https:\/\/kruste.selfhost.me\/wordpress\/wp-content\/uploads\/2014\/12\/IND_2044_p-e1420033830702-200x300.jpg 200w, https:\/\/kruste.selfhost.me\/wordpress\/wp-content\/uploads\/2014\/12\/IND_2044_p-e1420033830702-685x1024.jpg 685w, https:\/\/kruste.selfhost.me\/wordpress\/wp-content\/uploads\/2014\/12\/IND_2044_p-e1420033830702-700x1046.jpg 700w\" sizes=\"auto, (max-width: 809px) 100vw, 809px\" \/><\/a><\/p>\n<\/div><\/div><\/div><\/div><div id=\"pg-1068-1\"  class=\"panel-grid panel-no-style\" ><div id=\"pgc-1068-1-0\"  class=\"panel-grid-cell\" ><div id=\"panel-1068-1-0-0\" class=\"so-panel widget widget_black-studio-tinymce widget_black_studio_tinymce panel-first-child\" data-index=\"2\" ><h3 class=\"widget-title\">Preise:<\/h3><div class=\"textwidget\"><hr \/>\n<ul>\n<li>13 N\u00e4chte inklusive Flug, Rail and Fly, Transfer und Vollpension f\u00fcr eine Person<br \/> \u00a0(inklusive 18 Tauchg\u00e4nge ) 1600 \u20ac<\/li>\n<li>Bier gro\u00df 3 \u20ac (2 \u20ac)<\/li>\n<li>Softdrinks\u00a0 1,50 \u20ac (0,75 \u20ac)<\/li>\n<li>Gin, Vodka 2 \u20ac (1 \u20ac)<\/li>\n<li>Frische S\u00e4fte 2 \u20ac (1 \u20ac)<\/li>\n<li>Tauchen im Paket ca. 30 \u20ac, Einzeltauchgang 40 \u20ac<\/li>\n<li>Ausfl\u00fcge ca. 50 \u20ac<\/li>\n<li>Kanu 4 \u20ac die Stunde<\/li>\n<\/ul>\n<p>Preise in Klammern aus 2009<\/p>\n<\/div><\/div><div id=\"panel-1068-1-0-1\" class=\"so-panel widget widget_black-studio-tinymce widget_black_studio_tinymce\" data-index=\"3\" ><h3 class=\"widget-title\">Kommunikation:<\/h3><div class=\"textwidget\"><div id=\"id4\" class=\"style_SkipStroke_4 shape-with-text\">\n<div class=\"text-content graphic_textbox_layout_style_default_External_138_130\">\n<div class=\"graphic_textbox_layout_style_default\">\n<hr \/>\n<p><i>WLAN Gratis, was ich als st\u00f6rend empfand. Am Abend sitzen alle zusammen, doch unterhalten wird sich kaum. Facebook und Co dominieren das Geschehen.<\/i><\/p>\n<p><i>Handyempfang ist gegeben<\/i><\/p>\n<\/div>\n<\/div>\n<\/div>\n<\/div><\/div><div id=\"panel-1068-1-0-2\" class=\"so-panel widget widget_black-studio-tinymce widget_black_studio_tinymce\" data-index=\"4\" ><div class=\"textwidget\"><p><a href=\"http:\/\/kruste.selfhost.me\/wordpress\/wp-content\/uploads\/2014\/12\/IND_2544_p-e1420033921352.jpg\"><img loading=\"lazy\" decoding=\"async\" class=\"alignnone size-full wp-image-1072\" src=\"http:\/\/kruste.selfhost.me\/wordpress\/wp-content\/uploads\/2014\/12\/IND_2544_p-e1420033921352.jpg\" alt=\"IND_2544_p\" width=\"2777\" height=\"354\" srcset=\"https:\/\/kruste.selfhost.me\/wordpress\/wp-content\/uploads\/2014\/12\/IND_2544_p-e1420033921352.jpg 2777w, https:\/\/kruste.selfhost.me\/wordpress\/wp-content\/uploads\/2014\/12\/IND_2544_p-e1420033921352-150x19.jpg 150w, https:\/\/kruste.selfhost.me\/wordpress\/wp-content\/uploads\/2014\/12\/IND_2544_p-e1420033921352-300x38.jpg 300w, https:\/\/kruste.selfhost.me\/wordpress\/wp-content\/uploads\/2014\/12\/IND_2544_p-e1420033921352-1024x130.jpg 1024w, https:\/\/kruste.selfhost.me\/wordpress\/wp-content\/uploads\/2014\/12\/IND_2544_p-e1420033921352-700x89.jpg 700w\" sizes=\"auto, (max-width: 2777px) 100vw, 2777px\" \/><\/a><\/p>\n<\/div><\/div><div id=\"panel-1068-1-0-3\" class=\"so-panel widget widget_black-studio-tinymce widget_black_studio_tinymce\" data-index=\"5\" ><h3 class=\"widget-title\">Anreise:<\/h3><div class=\"textwidget\"><hr \/>\n<p>Von Manado aus mit dem Auto bis Bitung und von hier ging es mit\u00a0dem Boot weiter. Dauer circa 2,5 Stunden.<\/p>\n<\/div><\/div><div id=\"panel-1068-1-0-4\" class=\"so-panel widget widget_black-studio-tinymce widget_black_studio_tinymce\" data-index=\"6\" ><h3 class=\"widget-title\">Meine Reisezeiten:<\/h3><div class=\"textwidget\"><hr \/>\n<ul>\n<li>Dezember\u00a02009<\/li>\n<li>Juni 2010<\/li>\n<\/ul>\n<\/div><\/div><div id=\"panel-1068-1-0-5\" class=\"so-panel widget widget_black-studio-tinymce widget_black_studio_tinymce\" data-index=\"7\" ><h3 class=\"widget-title\">Das Wetter:<\/h3><div class=\"textwidget\"><hr \/>\n<p class=\"paragraph_style\">Dezember\u00a02009<\/p>\n<ul>\n<li>\n<p>Am Anfang Sonnenschein , ab 15:00 Uhr gab es zeitweise st\u00e4rkere Bew\u00f6lkung und Regen. Alles bei angenehmen 32\u00b0C.<\/p>\n<p>Sp\u00e4ter sehr sonnig mit leichtem Wind am Abend. Trotz Regenzeit optimale Tauchg\u00e4nge bei ruhiger See.<\/p>\n<p>Sonnenaufgang 05:30 Uhr<\/p>\n<p>Sonnenuntergang 17:30 Uhr.<\/p>\n<\/li>\n<\/ul>\n<p>Juni 2010<\/p>\n<ul>\n<li>Es gab zeitweise richtigen Sturzregen und danach viele M\u00fccken.\u00a0<\/li>\n<\/ul>\n<p>\u00a0<\/p>\n<\/div><\/div><div id=\"panel-1068-1-0-6\" class=\"so-panel widget widget_black-studio-tinymce widget_black_studio_tinymce\" data-index=\"8\" ><h3 class=\"widget-title\">Zimmer:<\/h3><div class=\"textwidget\"><hr \/>\n<p>Saubere Zimmer mit Veranda und toller Aussicht. Steckdosen nach europ\u00e4ischem Standard und Betten auf Wunsch mit Moskitonetz. Es gibt einen Ventilator sowie einen kleinen Schrank. Eine\u00a0Dusche mit heissem Wasser und sogar eine Wassertonne zum Reinigen der Taucherausr\u00fcstung sind vorhanden.<\/p>\n<p>Zu jedem Zimmer geh\u00f6rt vom Prinzip ein Tauchboot mit Crew. Das kann so gebucht werden und die Ausrichtung ist klar, es geht ums Tauchen !<\/p>\n<p>Perfekt ist auch der W\u00e4scheservice. Alles im Preis inklusive !<\/p>\n<\/div><\/div><div id=\"panel-1068-1-0-7\" class=\"so-panel widget widget_black-studio-tinymce widget_black_studio_tinymce\" data-index=\"9\" ><div class=\"textwidget\"><p><a href=\"http:\/\/kruste.selfhost.me\/wordpress\/wp-content\/uploads\/2014\/12\/IND_2258_p-e1420033962976.jpg\"><img loading=\"lazy\" decoding=\"async\" class=\"alignnone size-full wp-image-1071\" src=\"http:\/\/kruste.selfhost.me\/wordpress\/wp-content\/uploads\/2014\/12\/IND_2258_p-e1420033962976.jpg\" alt=\"IND_2258_p\" width=\"2585\" height=\"374\" srcset=\"https:\/\/kruste.selfhost.me\/wordpress\/wp-content\/uploads\/2014\/12\/IND_2258_p-e1420033962976.jpg 2585w, https:\/\/kruste.selfhost.me\/wordpress\/wp-content\/uploads\/2014\/12\/IND_2258_p-e1420033962976-150x21.jpg 150w, https:\/\/kruste.selfhost.me\/wordpress\/wp-content\/uploads\/2014\/12\/IND_2258_p-e1420033962976-300x43.jpg 300w, https:\/\/kruste.selfhost.me\/wordpress\/wp-content\/uploads\/2014\/12\/IND_2258_p-e1420033962976-1024x148.jpg 1024w, https:\/\/kruste.selfhost.me\/wordpress\/wp-content\/uploads\/2014\/12\/IND_2258_p-e1420033962976-700x101.jpg 700w\" sizes=\"auto, (max-width: 2585px) 100vw, 2585px\" \/><\/a><\/p>\n<\/div><\/div><div id=\"panel-1068-1-0-8\" class=\"so-panel widget widget_black-studio-tinymce widget_black_studio_tinymce\" data-index=\"10\" ><h3 class=\"widget-title\">K\u00fcche \/ Restaurant:<\/h3><div class=\"textwidget\"><hr \/>\n<p>Zum Fr\u00fchst\u00fcck gibt es Fr\u00fcchte, frisch gepressten Saft, Toast mit Butter, K\u00e4se und Eier nach Wahl.<\/p>\n<p>Am Abend gab es Fisch, Rind nach indonesischer K\u00fcche. Leider immer etwas kalt. Frisches Obst als Nachspeise.<\/p>\n<p>Lecker war alles.<\/p>\n<p>Gut hat mir gefallen, dass beim Essen alle G\u00e4ste und die Besitzer an einem Tisch sa\u00dfen. Nette Gespr\u00e4che und Tipps wurden hier\u00a0ausgetauscht.<\/p>\n<\/div><\/div><div id=\"panel-1068-1-0-9\" class=\"so-panel widget widget_black-studio-tinymce widget_black_studio_tinymce\" data-index=\"11\" ><h3 class=\"widget-title\">Personal:<\/h3><div class=\"textwidget\"><hr \/><p>Freundlich und aufmerksam. Einen Kaffee um 06:00 Uhr, kein Problem. Antialergikum gegen M\u00fcckenstiche, kein Problem, Transport der Taucherausr\u00fcstung, kein Problem......<\/p><p>Alles war machbar.<\/p><p>\u00a0<\/p><\/div><\/div><div id=\"panel-1068-1-0-10\" class=\"so-panel widget widget_black-studio-tinymce widget_black_studio_tinymce\" data-index=\"12\" ><h3 class=\"widget-title\">Aktivit\u00e4ten:<\/h3><div class=\"textwidget\"><hr \/>\n<p>Tauchen, Ausfl\u00fcge zum Fleischmarkt (hier gibt es Hund, Katze, Ratte und Schlange). Beobachtung von V\u00f6geln (Eisvogel) und Schmetterlingen.<\/p>\n<p>Der Markt geh\u00f6rt sicher nicht bei vielen zum Programm.\u00a0<\/p>\n<\/div><\/div><div id=\"panel-1068-1-0-11\" class=\"so-panel widget widget_black-studio-tinymce widget_black_studio_tinymce\" data-index=\"13\" ><h3 class=\"widget-title\">Tipps:<\/h3><div class=\"textwidget\"><hr \/>\n<ul>\n<li>Kanufahrt in der Lagune<\/li>\n<li>Lange Tauchg\u00e4nge ( sehr lange Tauchg\u00e4nge )<\/li>\n<li>Nachttauchgang<\/li>\n<li>WM - Fu\u00dfballspiel mit den Angestellten schauen und sich freuen, wenn Deutschland gewinnt.<\/li>\n<\/ul>\n<\/div><\/div><div id=\"panel-1068-1-0-12\" class=\"so-panel widget widget_black-studio-tinymce widget_black_studio_tinymce panel-last-child\" data-index=\"14\" ><h3 class=\"widget-title\">Gesundheit:<\/h3><div class=\"textwidget\"><hr \/>\n<p>W\u00e4hrend meines Aufenthaltes gab es viele M\u00fccken und die Stiche haben sich schnell entz\u00fcndet. Hier gab es aber kurzfristige L\u00f6sungen und Hilfe. Auch beim Dekounfall eines Gastes wurde schnell gehandelt und der Transport nach Manado organisiert.<\/p>\n<p> Aber auch hier taugt die beste Krankheit nicht.<\/p>\n<\/div><\/div><\/div><\/div><div id=\"pg-1068-2\"  class=\"panel-grid panel-no-style\" ><div id=\"pgc-1068-2-0\"  class=\"panel-grid-cell\" ><div id=\"panel-1068-2-0-0\" class=\"so-panel widget widget_black-studio-tinymce widget_black_studio_tinymce panel-first-child\" data-index=\"15\" ><h3 class=\"widget-title\">Klartext:<\/h3><div class=\"textwidget\"><hr \/>\n<ul>\n<li>\n<p>F\u00fcr Kinder und \u201enicht Taucher\u201c ist die Lodge kaum geeignet. Auch die Tauchg\u00e4nge sind speziell und nicht Jedermanns Sache. Es kommt schon einmal vor, dass tote Ratten auf dem Meer schwimmen oder ein \u00d6lfilm die Wasseroberfl\u00e4che bedeckt. Das ist Lembeh !<\/p>\n<\/li>\n<li>\n<p>Die sch\u00f6ne Lagune, welche direkt vom Zimmer aus gesehen wird, dient nicht zum Schwimmen oder Schnorcheln. Hier gibt es gef\u00e4hrliche Quallen und es wird ausdr\u00fccklich davor gewarnt.<\/p>\n<\/li>\n<li>\n<p>2010 gab\u00a0es eine deftige Preissteigerung was die Getr\u00e4nkepreise betrifft. Die Kosten in Indonesien sind gestiegen und der Euro ist schwach. Alles ist aber noch vertretbar.<\/p>\n<\/li>\n<li>Es geht ums Tauchen. Bei der Ankunft wird gefragt, welche Tiere man gerne sehen m\u00f6chte. Wer will\u00a0erstellt sich vorab eine Liste und \"arbeitet\" diese ab. Leider konnte ich den Schluckspecht nicht finden aber zum Gl\u00fcck den\u00a0Blauring Oktopus. Was die Tauchzeiten angeht handelt es sich hier um ein spezielles Gebiet. Tauchg\u00e4nge von 120 Minuten habe ich absolviert und da es den Guides zu kalt wurde auch mal ohne Ihre Unterst\u00fctzung. \u00a0<\/li>\n<\/ul>\n<p>\u00a0<\/p>\n<\/div><\/div><div id=\"panel-1068-2-0-1\" class=\"so-panel widget widget_black-studio-tinymce widget_black_studio_tinymce panel-last-child\" data-index=\"16\" ><div class=\"textwidget\"><p><a href=\"http:\/\/kruste.selfhost.me\/wordpress\/wp-content\/uploads\/2014\/12\/P1000752-e1420034011129.jpg\"><img loading=\"lazy\" decoding=\"async\" class=\"alignnone size-full wp-image-1073\" src=\"http:\/\/kruste.selfhost.me\/wordpress\/wp-content\/uploads\/2014\/12\/P1000752-e1420034011129.jpg\" alt=\"P1000752\" width=\"2554\" height=\"378\" srcset=\"https:\/\/kruste.selfhost.me\/wordpress\/wp-content\/uploads\/2014\/12\/P1000752-e1420034011129.jpg 2554w, https:\/\/kruste.selfhost.me\/wordpress\/wp-content\/uploads\/2014\/12\/P1000752-e1420034011129-150x22.jpg 150w, https:\/\/kruste.selfhost.me\/wordpress\/wp-content\/uploads\/2014\/12\/P1000752-e1420034011129-300x44.jpg 300w, https:\/\/kruste.selfhost.me\/wordpress\/wp-content\/uploads\/2014\/12\/P1000752-e1420034011129-1024x151.jpg 1024w, https:\/\/kruste.selfhost.me\/wordpress\/wp-content\/uploads\/2014\/12\/P1000752-e1420034011129-700x103.jpg 700w\" sizes=\"auto, (max-width: 2554px) 100vw, 2554px\" \/><\/a><\/p>\n<\/div><\/div><\/div><\/div><\/div>","protected":false},"excerpt":{"rendered":"<p>\u00a0Die Divers Lodge Lembeh liegt auf der Insel Lembeh und\u00a0ist von Bitung aus in 20 Minuten mit dem Boot zu erreichen. Die Anlage besteht aus<\/p>\n","protected":false},"author":1,"featured_media":0,"parent":977,"menu_order":0,"comment_status":"closed","ping_status":"closed","template":"","meta":{"footnotes":""},"class_list":["post-1068","page","type-page","status-publish","hentry"],"_links":{"self":[{"href":"https:\/\/kruste.selfhost.me\/wordpress\/index.php?rest_route=\/wp\/v2\/pages\/1068","targetHints":{"allow":["GET"]}}],"collection":[{"href":"https:\/\/kruste.selfhost.me\/wordpress\/index.php?rest_route=\/wp\/v2\/pages"}],"about":[{"href":"https:\/\/kruste.selfhost.me\/wordpress\/index.php?rest_route=\/wp\/v2\/types\/page"}],"author":[{"embeddable":true,"href":"https:\/\/kruste.selfhost.me\/wordpress\/index.php?rest_route=\/wp\/v2\/users\/1"}],"replies":[{"embeddable":true,"href":"https:\/\/kruste.selfhost.me\/wordpress\/index.php?rest_route=%2Fwp%2Fv2%2Fcomments&post=1068"}],"version-history":[{"count":1,"href":"https:\/\/kruste.selfhost.me\/wordpress\/index.php?rest_route=\/wp\/v2\/pages\/1068\/revisions"}],"predecessor-version":[{"id":2163,"href":"https:\/\/kruste.selfhost.me\/wordpress\/index.php?rest_route=\/wp\/v2\/pages\/1068\/revisions\/2163"}],"up":[{"embeddable":true,"href":"https:\/\/kruste.selfhost.me\/wordpress\/index.php?rest_route=\/wp\/v2\/pages\/977"}],"wp:attachment":[{"href":"https:\/\/kruste.selfhost.me\/wordpress\/index.php?rest_route=%2Fwp%2Fv2%2Fmedia&parent=1068"}],"curies":[{"name":"wp","href":"https:\/\/api.w.org\/{rel}","templated":true}]}}