{"id":112,"date":"2014-10-26T09:30:06","date_gmt":"2014-10-26T07:30:06","guid":{"rendered":"http:\/\/192.168.1.106\/wordpress\/?page_id=112"},"modified":"2020-07-31T06:48:57","modified_gmt":"2020-07-31T04:48:57","slug":"umkumbe","status":"publish","type":"page","link":"https:\/\/kruste.selfhost.me\/wordpress\/?page_id=112","title":{"rendered":"Umkumbe (Sabi Sand)"},"content":{"rendered":"<div id=\"pl-112\"  class=\"panel-layout\" ><div id=\"pg-112-0\"  class=\"panel-grid panel-no-style\" ><div id=\"pgc-112-0-0\"  class=\"panel-grid-cell\" ><div id=\"panel-112-0-0-0\" class=\"so-panel widget widget_black-studio-tinymce widget_black_studio_tinymce panel-first-child panel-last-child\" data-index=\"0\" ><div class=\"textwidget\"><div class=\"style_SkipStroke_2 shape-with-text flowDefining\">\n<div class=\"text-content style_External_485_494\">\n<div class=\"style\">\n<hr \/>\n<\/div>\n<div class=\"style\">Die Lodge liegt im Sabi Sand Gebiet, welches ein hohes Aufkommen an Raubkatzen bietet\u00a0und f\u00fcr gute Sichtungen von\u00a0Leoparden bekannt ist. Das Preisniveau ist diesem\u00a0Privileg leider angepasst. <a href=\"https:\/\/www.umkumbe.co.za\/\" target=\"_blank\" rel=\"noopener\">Umkumbe<\/a> wird von den Eigent\u00fcmern Herman und seiner Frau Celeste betrieben und das ist das Prinzip dieser Lodge. Die Eigent\u00fcmer zeigen den G\u00e4sten den Busch und sind immer erreichbar. Auf Umkumbe\u00a0geht es um Safaris. Abfahrt um\u00a006:00 Uhr und R\u00fcckkehr gegen 10:00 Uhr. Abfahrt um 16:00 Uhr und R\u00fcckkehr um 19:00 Uhr. Die Zeiten werden bei Tiersichtungen noch erweitert oder, wie bei mir, bei der Leoparden suche ausgedehnt. Wer Lust hat kann von 10:30 Uhr bis 11:30 Uhr noch an einen Bushwalk teilnehmen (im Preis inklusive).<\/div>\n<div class=\"style\">\n<p class=\"paragraph_style\"><span class=\"style_1\">\u00a0<\/span><\/p>\n<p class=\"paragraph_style\"><span class=\"style_1\">Fr\u00fchst\u00fcck und Abendessen finden gemeinsam mit G\u00e4sten, Guides und Besitzer statt. Man spricht \u00fcber Gott und die Welt und es l\u00e4sst sich gut mit Herman scherzen.<br \/>\n<\/span><\/p>\n<p class=\"paragraph_style\"><span class=\"style_1\">Sch\u00f6n sind auch die kleinen Dinge. Es wird auf einen Sundowner im Busch gehalten. Man erh\u00e4lt ein Bier und etwas Knabberzeug. Aussteigen ist kein Problem und auch mal 10 Meter vom Fahrzeug entfernen wird nicht mit strafenden Blicken geahndet. Herman stellt das Auto so, dass die Tiere im Sonnenlicht stehen und ein \u201eStopp\u201c Ruf, f\u00fcr was auch immer, ist m\u00f6glich.<br \/>\n<\/span><\/p>\n<p class=\"paragraph_style\"><span class=\"style_1\">Wer puren Luxus sucht ist auf Umkumbe\u00a0nicht an der richtigen Adresse. Aber wo gibt es Safaris mit Guide und Spurenleser f\u00fcr einen Gast zu diesem Preis ?<br \/>\n<\/span><\/p>\n<p class=\"paragraph_style\"><span class=\"style_1\">Und wo h\u00f6rt man am Abend die Laute von L\u00f6wen und Hy\u00e4nen aus dem Bett ?<br \/>\n<\/span><\/p>\n<p class=\"paragraph_style\"><span class=\"style_1\">Und wo kommt man so dicht an die Tiere, dass 70mm Brennweite f\u00fcr ein Leoparden zu viel sind ?<\/span><\/p>\n<hr \/>\n<p>&nbsp;<\/p><\/div>\n<\/div>\n<\/div>\n<\/div><\/div><\/div><div id=\"pgc-112-0-1\"  class=\"panel-grid-cell\" ><div id=\"panel-112-0-1-0\" class=\"so-panel widget widget_black-studio-tinymce widget_black_studio_tinymce panel-first-child panel-last-child\" data-index=\"1\" ><div class=\"textwidget\"><p><img loading=\"lazy\" decoding=\"async\" class=\"aligncenter size-full wp-image-7349\" src=\"http:\/\/kruste.selfhost.me\/wordpress\/wp-content\/uploads\/2020\/06\/SAF_8591.jpg\" alt=\"\" width=\"700\" height=\"933\" srcset=\"https:\/\/kruste.selfhost.me\/wordpress\/wp-content\/uploads\/2020\/06\/SAF_8591.jpg 700w, https:\/\/kruste.selfhost.me\/wordpress\/wp-content\/uploads\/2020\/06\/SAF_8591-225x300.jpg 225w, https:\/\/kruste.selfhost.me\/wordpress\/wp-content\/uploads\/2020\/06\/SAF_8591-113x150.jpg 113w, https:\/\/kruste.selfhost.me\/wordpress\/wp-content\/uploads\/2020\/06\/SAF_8591-576x768.jpg 576w\" sizes=\"auto, (max-width: 700px) 100vw, 700px\" \/><\/p>\n<\/div><\/div><\/div><\/div><div id=\"pg-112-1\"  class=\"panel-grid panel-no-style\" ><div id=\"pgc-112-1-0\"  class=\"panel-grid-cell\" ><div id=\"panel-112-1-0-0\" class=\"so-panel widget widget_black-studio-tinymce widget_black_studio_tinymce panel-first-child\" data-index=\"2\" ><h3 class=\"widget-title\">Preise:<\/h3><div class=\"textwidget\"><hr \/>\n<ul>\n<li>\u00dcbernachtung inklusive Vollpension und Safaris f\u00fcr 190,00 \u20ac pro Person und Tag (Stand 2012) Eine j\u00e4hrliche Preiserh\u00f6hung ist aber auch in Afrika angesagt. Die Preise in Klammeren sind aus dem Jahr 2016.<\/li>\n<li>Brause: 15 Rand ( 20 Rand )<\/li>\n<li>Bier: 15 Rand ( 20 Rand )<\/li>\n<li>Wasser: 8 Rand<\/li>\n<li>Wein: 20 Rand<\/li>\n<li>Flasche Wein: 100 Rand<\/li>\n<\/ul>\n<\/div><\/div><div id=\"panel-112-1-0-1\" class=\"so-panel widget widget_black-studio-tinymce widget_black_studio_tinymce\" data-index=\"3\" ><h3 class=\"widget-title\">Kommunikation:<\/h3><div class=\"textwidget\"><div id=\"id4\" class=\"style_SkipStroke_4 shape-with-text\">\n<div class=\"text-content graphic_textbox_layout_style_default_External_138_130\">\n<div class=\"graphic_textbox_layout_style_default\">\n<hr \/>\n<p class=\"Caption\">Handyempfang ist gegeben. Das Netz von Vodacom aber nur vor Hermans Haus verf\u00fcgbar. Besser MTN nutzen oder doch nerv\u00f6s vor Hermans Haus telefonieren. Da sind Hy\u00e4nen jedoch inklusive.\u00a0<\/p>\n<p class=\"Caption\">WLAN war\u00a0seit 2013 kostenfrei verf\u00fcgbar und wird jetzt ( 2016 ) nur gegen Geb\u00fchr angeboten. Es gibt Zugang zum Internet f\u00fcr 15, 30, 60 Minuten, je nach Geldbeutel.<\/p>\n<\/div>\n<\/div>\n<\/div>\n<\/div><\/div><div id=\"panel-112-1-0-2\" class=\"so-panel widget widget_text\" data-index=\"4\" >\t\t\t<div class=\"textwidget\"><section class=\"parallax-section\">\n<div class=\"parallax-window\" data-z-index=\"1\" data-position-x=\"left\" data-parallax=\"scroll\" data-speed=\".3\" data-image-src=\"http:\/\/kruste.selfhost.me\/wordpress\/wp-content\/uploads\/2020\/07\/SAF5269.jpg\" style=\"align-items: flex-start;min-height: 550px;\">\n<div class=\"parallax-container parallax-content\">\n<\/div>\n<\/div>\n<\/section>\n<\/div>\n\t\t<\/div><div id=\"panel-112-1-0-3\" class=\"so-panel widget widget_black-studio-tinymce widget_black_studio_tinymce\" data-index=\"5\" ><h3 class=\"widget-title\">Anreise:<\/h3><div class=\"textwidget\"><hr \/>\n<p class=\"paragraph_style_2\">Nur mit dem Mietwagen m\u00f6glich ( Abholung eventuell auf Anfrage ) Ich reise meist von Makutsi, Malelane oder Hazyview an und fahre vorab durch den Kruger Park. Ein Stopp am Lake Panic muss halt sein. Ber\u00fccksichtigen\u00a0muss man bei der Anfahrt die Strecke von der Hauptstra\u00dfe bis zur Lodge. Hier sollte man eine Stunde einplanen.<\/p>\n<\/div><\/div><div id=\"panel-112-1-0-4\" class=\"so-panel widget\" data-index=\"6\" ><\/div><div id=\"panel-112-1-0-5\" class=\"so-panel widget\" data-index=\"7\" ><\/div><div id=\"panel-112-1-0-6\" class=\"so-panel widget widget_black-studio-tinymce widget_black_studio_tinymce\" data-index=\"8\" ><h3 class=\"widget-title\">Zimmer:<\/h3><div class=\"textwidget\"><hr \/>\n<p class=\"paragraph_style_2\">Die Zimmer haben eine\u00a0Klimaanlage, \u00a0sch\u00f6ne Betten und f\u00fcr mich ist das Bettzeug immer sehr angenehm und bequem. Es gibt Moskitonetze und Ablagefl\u00e4chen, einen Adapter f\u00fcr die Steckdosen sollte man jedoch mitbringen ! Im Jahr 2014\u00a0konnten auf Umkumbe 16 G\u00e4ste untergebracht werden doch die Kapazit\u00e4t wurde durch 3\u00a0neue Bungalows in 2016 erweitert.<\/p>\n<p class=\"paragraph_style\">Die neuen Bungalows mit toller\u00a0\"Freiluft Dusche\" sind den \u00e4lteren auf jeden Fall vorzuziehen wobei\u00a0hier nicht nur das Bad viel sch\u00f6ner ist. Es gibt einfach mehr Platz und der direkte Blick einiger neuer Zimmer auf den Fluss macht schon was her. Leider gibt es keine bequemen St\u00fchle auf der Terrasse aber Platz f\u00fcr Verbesserungen ist immer.<\/p>\n<\/div><\/div><div id=\"panel-112-1-0-7\" class=\"so-panel widget widget_black-studio-tinymce widget_black_studio_tinymce\" data-index=\"9\" ><div class=\"textwidget\"><p><a href=\"http:\/\/kruste.selfhost.me\/wordpress\/wp-content\/uploads\/2014\/10\/SAF_6616.jpg\"><img loading=\"lazy\" decoding=\"async\" class=\"alignnone size-full wp-image-540\" src=\"http:\/\/kruste.selfhost.me\/wordpress\/wp-content\/uploads\/2014\/10\/SAF_6616.jpg\" alt=\"SAF_6616\" width=\"1222\" height=\"818\" srcset=\"https:\/\/kruste.selfhost.me\/wordpress\/wp-content\/uploads\/2014\/10\/SAF_6616.jpg 1222w, https:\/\/kruste.selfhost.me\/wordpress\/wp-content\/uploads\/2014\/10\/SAF_6616-150x100.jpg 150w, https:\/\/kruste.selfhost.me\/wordpress\/wp-content\/uploads\/2014\/10\/SAF_6616-300x200.jpg 300w, https:\/\/kruste.selfhost.me\/wordpress\/wp-content\/uploads\/2014\/10\/SAF_6616-1024x685.jpg 1024w, https:\/\/kruste.selfhost.me\/wordpress\/wp-content\/uploads\/2014\/10\/SAF_6616-700x468.jpg 700w\" sizes=\"auto, (max-width: 1222px) 100vw, 1222px\" \/><\/a><\/p>\n<\/div><\/div><div id=\"panel-112-1-0-8\" class=\"so-panel widget widget_black-studio-tinymce widget_black_studio_tinymce\" data-index=\"10\" ><h3 class=\"widget-title\">K\u00fcche \/ Restaurant:<\/h3><div class=\"textwidget\"><hr \/>\n<p class=\"paragraph_style_2\">Am Anfang sehr einfach. Ab\u00a02012 schon viel besser und seit 2014 ist das Essen wirklich gut.<\/p>\n<p class=\"Caption\">Yvonne, die neue K\u00f6chin, bewirkt Wunder. Es gibt leckeres Essen und auch f\u00fcr das Auge wird etwas getan. Neue Tische und St\u00fchle machen die Sache rund, danke Yvonne \ud83d\ude42<\/p>\n<p class=\"Caption\">( Leider hat Yvonne Umkumbe verlassen. Das Essen ist jedoch immer noch um Klassen\u00a0besser als vor Ihrer Zeit )<\/p>\n<\/div><\/div><div id=\"panel-112-1-0-9\" class=\"so-panel widget widget_black-studio-tinymce widget_black_studio_tinymce\" data-index=\"11\" ><h3 class=\"widget-title\">Personal:<\/h3><div class=\"textwidget\"><hr \/><p>Das Personal ist immer Freundlich. Die vielen Helfer in K\u00fcche und W\u00e4scherei verstehen auch mal einen Spa\u00df.<br \/>Eigentlich\u00a0k\u00fcmmern sich die Guides oder der Besitzer und seine Frau um alles was anf\u00e4llt.<\/p><ul><li>Im Oktober 2011 wurden die Safaris durch den Guide Jason begleitet. Ein netter Kerl, mit dem man viel Spass hat.<\/li><li>In 2012 waren Herman und Celeste im Urlaub. Oliver hat in der Lodge und auf Safari geholfen. Jason und Oliver sind ein gutes Team.<\/li><li>Seit September 2013 ist Oliver leider nicht mehr auf Umkumbe und 2014 hat auch Jason die Lodge verlassen. Jetzt gibt\u00a0es viele neue Gesichter auf Umkumbe.<\/li><li>2016 kannte ich nur noch die vielen kleinen Helfer in K\u00fcche und W\u00e4scherei. Zum Gl\u00fcck ist Moses noch als Spurenleser auf Umkumbe besch\u00e4ftigt. Ich freue mich immer sehr Ihn zu sehen. Ich finde die Situation der st\u00e4ndig wechselnden Angestellten nicht so sch\u00f6n aber es ist nicht nur auf Umkumbe so.<\/li><\/ul><\/div><\/div><div id=\"panel-112-1-0-10\" class=\"so-panel widget widget_black-studio-tinymce widget_black_studio_tinymce\" data-index=\"12\" ><h3 class=\"widget-title\">Aktivit\u00e4ten:<\/h3><div class=\"textwidget\"><hr \/>\n<p>Safaris ( mehr geht nicht ).<br \/>Mindestens an einen Buschwalk teilnehmen.<br \/>Am Abend ein Partie Billard oder Dart spielen<br \/>Seit 2013 gibt es auch ein Fitnessraum !? \u00a0( Wer es braucht )<\/p>\n<\/div><\/div><div id=\"panel-112-1-0-11\" class=\"so-panel widget widget_black-studio-tinymce widget_black_studio_tinymce\" data-index=\"13\" ><h3 class=\"widget-title\">Tipps:<\/h3><div class=\"textwidget\"><hr \/>\n<ul>\n<li>Es gibt nur Safaris oder wer darauf verzichten kann, g\u00f6nnt sich eine Pause am Pool und liest ein nettes Buch.\u00a0(Leider ist es aber so, dass dann auf dieser verpassten Safari Leoparden oder \u00e4hnliche Highlights gesehen wurden.)<\/li>\n<li>An einem Bushwalk sollte man teilgenommen haben.<\/li>\n<li>Die netten Abende am Feuer bei\u00a0Gespr\u00e4chen mit den Besitzern und G\u00e4sten.<\/li>\n<li>Beim Bier am Feuer den L\u00f6wen, Hy\u00e4nen und Leoparden lauschen.<\/li>\n<li>Den\u00a0traumhafter Blick vom Pool oder der Terrasse auf den Busch geniessen.<\/li>\n<\/ul>\n<\/div><\/div><div id=\"panel-112-1-0-12\" class=\"so-panel widget widget_black-studio-tinymce widget_black_studio_tinymce\" data-index=\"14\" ><h3 class=\"widget-title\">Gut zu wissen:<\/h3><div class=\"textwidget\"><hr \/>\n<p>L\u00f6we N_gala<br \/>Leopard Ingwe<br \/>Hy\u00e4ne M_speicy<br \/>Giraffe Dolomiti<br \/>Kudu Schabalaba<br \/>Gepard Scankaan<br \/>M\u00e4nnlich madoughter<br \/>Weiblich mafasi<br \/>Kind mapimpan<\/p>\n<\/div><\/div><div id=\"panel-112-1-0-13\" class=\"so-panel widget widget_black-studio-tinymce widget_black_studio_tinymce\" data-index=\"15\" ><h3 class=\"widget-title\">Klartext:<\/h3><div class=\"textwidget\"><hr \/>\n<p style=\"color: #919191;\"><span style=\"color: #000000;\">Es gilt zu beachten, dass man sich im Busch befindet. Das ist so und jeder muss sich dessen bewusst sein. Am Lagerfeuer kroch ein Skorpion um die F\u00fcsse und ich wurde eindringlich vor Leoparden, L\u00f6wen und Hy\u00e4nen gewarnt (Die Hy\u00e4nen habe ich mehrmals vor der Anlage gesehen und einmal \u00f6ffnete ein Tier die T\u00fcr zum Essbereich). Nachts bin ich auch selten alleine zum Zimmer gegangen und wenn, nur mit offenen Augen. Herman erz\u00e4hlte, dass au\u00dfer der Giraffe schon alle Tierarten\u00a0in der Anlage gesehen wurde und die Anlage ist klein.<\/span><\/p>\n<p style=\"color: #919191;\"><span style=\"color: #000000;\">2016:\u00a0Buschb\u00f6cke grasen vermehrt in der Anlage, da es sonst kein Futter\u00a0mehr gibt. Leider stehen genau diese Tiere auf dem Speiseplan der Leoparden und in der Dunkelheit\u00a0ist es jetzt strikt untersagt ohne Begleitung zum Zimmer zu gehen. Ungewollte Zwischenf\u00e4lle werden so vermieden.<\/span><\/p>\n<p style=\"color: #919191;\"><span style=\"color: #000000;\">Die kleinen negativen Punkte, die ich anzumerken hatte wurden beseitigt. Das Essen ist jetzt sehr lecker und die Tische und St\u00fchle sind bequem. Es wird gem\u00fctlich.<\/span><\/p>\n<p>Durch die \u201evielen\u201c Safaris wiederholt sich nat\u00fcrlich einiges. Die Spr\u00fcche, Informationen und Kommentare sind bekannt, was teilweise etwas langweilt. Ich hoffe, die Guides ( aller Anlagen ) nehmen es mir nicht \u00fcbel, wenn ich nicht mehr so intensiv zuh\u00f6re und oft in eine andere Richtung schaue. Ist nicht b\u00f6se gemeint \ud83d\ude42<\/p>\n<p>Die Fahrzeuge, die f\u00fcr Safaris eingesetzt werden k\u00f6nnen mal streiken. Eventuell auch nicht nur einmal. Herman plant aktuell (2014) die Anschaffung neuer Autos. Nicht unbedingt notwendig aber eine gute Entscheidung.<\/p>\n<p>2016: Die neuen Landrover sind im Einsatz. Leise, bequem aber warum auch immer mit einer T\u00fcr auf der Beifahrerseite. Wirklich schade und es fehlt mir das Feeling. Ob ein zus\u00e4tzliches Getr\u00e4nk beim Sundowner extra berechnet werden muss steht f\u00fcr mich auf einem anderen Blatt.<\/p>\n<p>Meine Meinung zur Wahl der Zimmer hatte ich weiter oben beschrieben.<\/p>\n<p style=\"color: #919191;\">\u00a0<\/p>\n<\/div><\/div><div id=\"panel-112-1-0-14\" class=\"so-panel widget widget_black-studio-tinymce widget_black_studio_tinymce panel-last-child\" data-index=\"16\" ><div class=\"textwidget\"><p><a href=\"http:\/\/kruste.selfhost.me\/wordpress\/wp-content\/uploads\/2014\/10\/SAF_7195-e1420011549649.jpg\"><img loading=\"lazy\" decoding=\"async\" class=\"alignnone size-full wp-image-1036\" src=\"http:\/\/kruste.selfhost.me\/wordpress\/wp-content\/uploads\/2014\/10\/SAF_7195-e1420011549649.jpg\" alt=\"SAF_7195\" width=\"2517\" height=\"396\" srcset=\"https:\/\/kruste.selfhost.me\/wordpress\/wp-content\/uploads\/2014\/10\/SAF_7195-e1420011549649.jpg 2517w, https:\/\/kruste.selfhost.me\/wordpress\/wp-content\/uploads\/2014\/10\/SAF_7195-e1420011549649-150x23.jpg 150w, https:\/\/kruste.selfhost.me\/wordpress\/wp-content\/uploads\/2014\/10\/SAF_7195-e1420011549649-300x47.jpg 300w, https:\/\/kruste.selfhost.me\/wordpress\/wp-content\/uploads\/2014\/10\/SAF_7195-e1420011549649-1024x161.jpg 1024w, https:\/\/kruste.selfhost.me\/wordpress\/wp-content\/uploads\/2014\/10\/SAF_7195-e1420011549649-700x110.jpg 700w\" sizes=\"auto, (max-width: 2517px) 100vw, 2517px\" \/><\/a><\/p>\n<\/div><\/div><\/div><\/div><\/div>","protected":false},"excerpt":{"rendered":"<p>Die Lodge liegt im Sabi Sand Gebiet, welches ein hohes Aufkommen an Raubkatzen bietet\u00a0und f\u00fcr gute Sichtungen von\u00a0Leoparden bekannt ist. Das Preisniveau ist diesem\u00a0Privileg leider<\/p>\n","protected":false},"author":1,"featured_media":0,"parent":151,"menu_order":0,"comment_status":"closed","ping_status":"closed","template":"","meta":{"footnotes":""},"class_list":["post-112","page","type-page","status-publish","hentry"],"_links":{"self":[{"href":"https:\/\/kruste.selfhost.me\/wordpress\/index.php?rest_route=\/wp\/v2\/pages\/112","targetHints":{"allow":["GET"]}}],"collection":[{"href":"https:\/\/kruste.selfhost.me\/wordpress\/index.php?rest_route=\/wp\/v2\/pages"}],"about":[{"href":"https:\/\/kruste.selfhost.me\/wordpress\/index.php?rest_route=\/wp\/v2\/types\/page"}],"author":[{"embeddable":true,"href":"https:\/\/kruste.selfhost.me\/wordpress\/index.php?rest_route=\/wp\/v2\/users\/1"}],"replies":[{"embeddable":true,"href":"https:\/\/kruste.selfhost.me\/wordpress\/index.php?rest_route=%2Fwp%2Fv2%2Fcomments&post=112"}],"version-history":[{"count":3,"href":"https:\/\/kruste.selfhost.me\/wordpress\/index.php?rest_route=\/wp\/v2\/pages\/112\/revisions"}],"predecessor-version":[{"id":2317,"href":"https:\/\/kruste.selfhost.me\/wordpress\/index.php?rest_route=\/wp\/v2\/pages\/112\/revisions\/2317"}],"up":[{"embeddable":true,"href":"https:\/\/kruste.selfhost.me\/wordpress\/index.php?rest_route=\/wp\/v2\/pages\/151"}],"wp:attachment":[{"href":"https:\/\/kruste.selfhost.me\/wordpress\/index.php?rest_route=%2Fwp%2Fv2%2Fmedia&parent=112"}],"curies":[{"name":"wp","href":"https:\/\/api.w.org\/{rel}","templated":true}]}}