{"id":1329,"date":"2015-06-15T21:40:30","date_gmt":"2015-06-15T19:40:30","guid":{"rendered":"http:\/\/kruste.selfhost.me\/wordpress\/?page_id=1329"},"modified":"2020-06-11T07:25:49","modified_gmt":"2020-06-11T05:25:49","slug":"region-cocos-keeling","status":"publish","type":"page","link":"https:\/\/kruste.selfhost.me\/wordpress\/?page_id=1329","title":{"rendered":"Region Cocos Keeling"},"content":{"rendered":"<div id=\"pl-1329\"  class=\"panel-layout\" ><div id=\"pg-1329-0\"  class=\"panel-grid panel-no-style\" ><div id=\"pgc-1329-0-0\"  class=\"panel-grid-cell\" ><div id=\"panel-1329-0-0-0\" class=\"so-panel widget widget_black-studio-tinymce widget_black_studio_tinymce panel-first-child\" data-index=\"0\" ><div class=\"textwidget\"><hr \/>\n<p>\u00a0<\/p>\n<\/div><\/div><div id=\"panel-1329-0-0-1\" class=\"so-panel widget widget_text panel-last-child\" data-index=\"1\" >\t\t\t<div class=\"textwidget\"><p>\nAktuelle Zeit auf Cocos Keeling:  20:25 Uhr<br \/>\nZeitzone:  +0630<br \/>\nDie Wettervorhersage f\u00fcr die n\u00e4chsten drei Tage: <\/p>\n<\/div>\n\t\t<\/div><\/div><div id=\"pgc-1329-0-1\"  class=\"panel-grid-cell\" ><div id=\"panel-1329-0-1-0\" class=\"so-panel widget widget_black-studio-tinymce widget_black_studio_tinymce panel-first-child panel-last-child\" data-index=\"2\" ><div class=\"textwidget\"><p><i><\/i><\/p>\n<div class='weather-atlas-wrapper' style='background:#FF5000;border:1px solid #ee3f00;color:#fff;'>\n<div class='weather-atlas-header' style='border-bottom:1px solid #ee3f00'>West Island, CC<\/div>\n<div class='weather-atlas-body'>\n<div class='current_horizontal'>\n<div class='current_temp'><i class='wi wi-fw wi-weather-26'><\/i><span class='temp'>28\u00b0<\/span>\n<div class='current_text'>Wolkig<\/div>\n<div class='sunrise_sunset'>06:08<i class='wi wi-fw wi-weather-32'><\/i>17:54 +0630<\/div>\n<\/div>\n<p><span class='current_text_2'>Gef\u00fchlt: 33<small>\u00b0C<\/small><br \/>Wind: 24<small>km\/h<\/small> ESE<br \/>Feuchtigkeit: 84<small>%<\/small><br \/>Druck: 1011.51<small>mbar<\/small><br \/>UV-Index: 0<\/span><\/p><\/div>\n<div class='hourly hours' style='border-bottom:1px solid #ee3f00'><span class='extended_hour extended_hour_1'>21<small>h<\/small><\/span><span class='extended_hour extended_hour_2'>22<small>h<\/small><\/span><span class='extended_hour extended_hour_3'>23<small>h<\/small><\/span><span class='extended_hour extended_hour_4'>0<small>h<\/small><\/span><span class='extended_hour extended_hour_5'>1<small>h<\/small><\/span><\/div>\n<div class='hourly'><span class='extended_hour extended_hour_1' title='Wolkig'>27<small>\u00b0C<\/small><br \/><i class='wi wi-fw wi-weather-26'><\/i><\/span><span class='extended_hour extended_hour_2' title='Wolkig'>27<small>\u00b0C<\/small><br \/><i class='wi wi-fw wi-weather-26'><\/i><\/span><span class='extended_hour extended_hour_3' title='Stark Bew\u00f6lkt'>27<small>\u00b0C<\/small><br \/><i class='wi wi-fw wi-weather-27'><\/i><\/span><span class='extended_hour extended_hour_4' title='Stark Bew\u00f6lkt'>27<small>\u00b0C<\/small><br \/><i class='wi wi-fw wi-weather-27'><\/i><\/span><span class='extended_hour extended_hour_5' title='Stark Bew\u00f6lkt'>27<small>\u00b0C<\/small><br \/><i class='wi wi-fw wi-weather-27'><\/i><\/span><\/div>\n<div class='daily days' style='border-bottom:1px solid #ee3f00'><span class='extended_day extended_day_1'>Mi.<\/span><span class='extended_day extended_day_2'>Do.<\/span><span class='extended_day extended_day_3'>Fr.<\/span><\/div>\n<div class='daily'><span class='extended_day extended_day_1' title='Nachm. Schauer'>28<small>\u00b0C<\/small> \/ 26<small>\u00b0C<\/small><br \/><i class='wi wi-fw wi-weather-39'><\/i><\/span><span class='extended_day extended_day_2' title='Schauer'>29<small>\u00b0C<\/small> \/ 26<small>\u00b0C<\/small><br \/><i class='wi wi-fw wi-weather-11'><\/i><\/span><span class='extended_day extended_day_3' title='Teilweise Bew\u00f6lkt'>29<small>\u00b0C<\/small> \/ 26<small>\u00b0C<\/small><br \/><i class='wi wi-fw wi-weather-30'><\/i><\/span><\/div>\n<\/div>\n<div class='weather-atlas-footer' style='border-top:1px solid #ee3f00'><a href='https:\/\/www.weather-atlas.com\/en\/cocos-keeling-islands\/west-island-weather-tomorrow' title='West Island, CC - Weather forecast for tomorrow' style='color:#fff'><span class='weather-atlas-footer-block'>West Island, CC<\/span> weather forecast for tomorrow &#9656;<\/a><\/div>\n<\/div>\n<p><\/p>\n<\/div><\/div><\/div><\/div><div id=\"pg-1329-1\"  class=\"panel-grid panel-no-style\" ><div id=\"pgc-1329-1-0\"  class=\"panel-grid-cell\" ><div id=\"panel-1329-1-0-0\" class=\"so-panel widget widget_black-studio-tinymce widget_black_studio_tinymce panel-first-child panel-last-child\" data-index=\"3\" ><div class=\"textwidget\"><hr \/>\n<p>Mein erster Eindruck: \u00a0Cocos Keeling Island ist ein Gebiet mit Wind, viel Wind. Man sucht oft ein windstilles Pl\u00e4tzchen, welches aber schwer zu finden ist und der Sand am Strand ist so weiss, dass man ohne Sonnenbrille aufgeschmissen ist.<\/p>\n<p>Aber jetzt einmal langsam. Die Inseln liegen im Indischen Ozean und sollten nicht mir den Cocos Inseln ( Isla del Coco ) im Pazifik verwechselt werden. Hier auf den Cocos Keeling Inseln gibt keine Steilk\u00fcste und Berge sucht man vergebens. Die h\u00f6chste Erhebung liegt bei gut 9 Metern \u00fcber dem Meeresspiegel.<\/p>\n<p>Die Anreise erfolgt \u00fcber Perth bzw. \u00fcber Kuala Lumpur und der Weihnachtsinsel. Bei Cocos Keeling handelt es sich um zwei\u00a0Atolle, welche zum australischen Aussengebiet z\u00e4hlen.<\/p>\n<p>Es wohnen circa 600 Einwohner auf den beiden\u00a0Atollen, wobei das kleine Nord Atoll fast unbewohnt ist. Das S\u00fcd Atoll besteht aus 26 Inseln inklusive der Hauptinsel West Island auf der sich auch der Flughafen und die Verwaltung befinden.<\/p>\n<p>Die Cocos Inseln liegen bei 12,2\u00b0 s\u00fcdlicher Breite und 96,8\u00b0 \u00f6stlicher L\u00e4nge auf dem so genannten Investigatorr\u00fccken und wurden 1609 von Kapit\u00e4n Keeling entdeckt.<\/p>\n<p>Das Leben auf Cocos ( West Island ) ist f\u00fcr uns recht ungew\u00f6hnlich doch sehr interessant. Es kennt hier jeder jeden und alle T\u00fcren stehen offen. Und das meine ich genau so, wie ich es schreibe. Braucht man etwas und hat vergessen es einzukaufen, kein Problem schau doch einfach in den K\u00fchlschrank des Nachbarn. Du brauchst ein Fahrrad, nimm es Dir vom Nachbarn. Autos werden nicht abgeschlossen und der Schl\u00fcssel steckt im Schloss. Da kommt es schon einmal vor, dass man in das falsche Auto auf dem Parkplatz steigt und es erst zuhause bemerkt. Ja, alles passiert \ud83d\ude42<\/p>\n<p>Wichtig ist nur !! Alles muss zur\u00fcck an seinen Platz !!. So geht das auf Cocos Keeling.<\/p>\n<p>Freitags treffen sich alle M\u00e4nner am Strand und trinken Bier ( viel Bier, sehr viel Bier ) und es werden wichtige Themen besprochen. Es kann hier frei berichtet werden ohne das Frauen das Wort ergreifen. Die Frauen treffen sich ja an einem anderen Ort zum Cocktail trinken. Sie werden sicher auch interessante Themen diskutieren doch glaube ich nicht, dass Boote, Angelsport usw. dazu geh\u00f6ren. F\u00fcr gemeinsame Themen trifft man sich sp\u00e4ter noch in der einzigen Bar der Insel bevor es, mit welchem Auto auch immer, zur\u00fcck nach Hause geht. Alles sehr entspannt auf Keeling \ud83d\ude42<\/p>\n<p>Zum Baden und Schnorcheln bietet sich Paradise Island an. Ein traumhafter Strand mit glasklarem Wasser. Eigentlich stellt man sich so die S\u00fcdsee vor ( obwohl es dort nicht so viele tolle Str\u00e4nde gibt wie man denkt ). Schnorcheln geht man auch auf Paradise Island und die Tauchg\u00e4nge befinden sich im Umfeld von West Island. Baden kann man dort aber nicht, da die See sehr rau und der Zugang zum Meer recht steinig ist. West Island bietet sich zum Kite Surfen an und wer m\u00f6chte kann gerne in der Lagune angeln. Die Fische schmecken fantastisch, wenn sie nicht vor dem Einholen schon von den vielen kleinen Haien vom Angelhaken geklaut werden.<\/p>\n<p>Angst braucht man vor den kleine Haien nicht zuhaben, viel gef\u00e4hrlicher ist die starke Sonne und durch den Wind merkt man den Sonnenbrand erst am Abend. Unser Reisegrund waren die vielen Sichtungen von Tigerhaien in der Region aber wir hatten kein Gl\u00fcck. Mantas, jagende Grauhaie \u00a0und eine Seekuh gab es zu bewundern aber der Tigerhai versteckte sich.<\/p>\n<p>Das sogar die Lagune ein beliebter Aufenthaltsort f\u00fcr diese Tiere ist glaube ich gerne, da viel gro\u00dfe Schildkr\u00f6ten und auch Mantas hier ihre runden drehten. Leider war die See sehr aufgew\u00fchlt und zum Schnorcheln nicht wirklich geeignet doch Ray versicherte mir, dass er schon oft Tigerhaie gesehen hat. Sogar beim Einstieg in sein Boot sollte ich doch vorab schauen, ob der Weg frei sei. Er stand schon vor dem gro\u00dfen Tier und dann wird einem doch mulmig.<\/p>\n<p>Cocos Keeling ist keine Touristen Hochburg und ich m\u00f6chte sogar sagen, dass wir fast die einzigen G\u00e4ste hier waren. So hatten wir auf jeden Fall die Aufmerksamkeit aller Inselbewohner auf unserer Seite.<\/p>\n<p>Statistik und Interessantes:<\/p>\n<p>Die Landfl\u00e4che betr\u00e4gt 14,2\u00a0km\u00b2<br \/>\nDie Inselgruppe liegt circa\u00a02900\u00a0km nordwestlich von Perth und 960\u00a0km s\u00fcdwestlich der Weihnachtsinsel.<br \/>\nIm ersten und zweiten Weltkrieg gab es Truppenbewegungen auf der Insel und auf Direction Island gibt es noch ein altes Gesch\u00fctz.<br \/>\nFast alles muss importiert werden und der Supermarkt nimmt Bestellungen entgegen.<br \/>\nEs gibt ein Hotel und ein paar private Bungalows zur Miete.<br \/>\nEs ist der einzige Flughafen den ich kenne, bei dem die Landebahn teil eines Golfplatz ist. Ert\u00f6nt die Sirene sollte man den Platz verlassen auch wenn der Abschlag noch so interessant ist \ud83d\ude42<\/p>\n<\/div><\/div><\/div><\/div><\/div>","protected":false},"excerpt":{"rendered":"<p>\u00a0 Mein erster Eindruck: \u00a0Cocos Keeling Island ist ein Gebiet mit Wind, viel Wind. Man sucht oft ein windstilles Pl\u00e4tzchen, welches aber schwer zu finden<\/p>\n","protected":false},"author":1,"featured_media":0,"parent":1168,"menu_order":0,"comment_status":"closed","ping_status":"closed","template":"","meta":{"footnotes":""},"class_list":["post-1329","page","type-page","status-publish","hentry"],"_links":{"self":[{"href":"https:\/\/kruste.selfhost.me\/wordpress\/index.php?rest_route=\/wp\/v2\/pages\/1329","targetHints":{"allow":["GET"]}}],"collection":[{"href":"https:\/\/kruste.selfhost.me\/wordpress\/index.php?rest_route=\/wp\/v2\/pages"}],"about":[{"href":"https:\/\/kruste.selfhost.me\/wordpress\/index.php?rest_route=\/wp\/v2\/types\/page"}],"author":[{"embeddable":true,"href":"https:\/\/kruste.selfhost.me\/wordpress\/index.php?rest_route=\/wp\/v2\/users\/1"}],"replies":[{"embeddable":true,"href":"https:\/\/kruste.selfhost.me\/wordpress\/index.php?rest_route=%2Fwp%2Fv2%2Fcomments&post=1329"}],"version-history":[{"count":4,"href":"https:\/\/kruste.selfhost.me\/wordpress\/index.php?rest_route=\/wp\/v2\/pages\/1329\/revisions"}],"predecessor-version":[{"id":7423,"href":"https:\/\/kruste.selfhost.me\/wordpress\/index.php?rest_route=\/wp\/v2\/pages\/1329\/revisions\/7423"}],"up":[{"embeddable":true,"href":"https:\/\/kruste.selfhost.me\/wordpress\/index.php?rest_route=\/wp\/v2\/pages\/1168"}],"wp:attachment":[{"href":"https:\/\/kruste.selfhost.me\/wordpress\/index.php?rest_route=%2Fwp%2Fv2%2Fmedia&parent=1329"}],"curies":[{"name":"wp","href":"https:\/\/api.w.org\/{rel}","templated":true}]}}