{"id":154,"date":"2014-10-26T11:44:56","date_gmt":"2014-10-26T09:44:56","guid":{"rendered":"http:\/\/192.168.1.106\/wordpress\/?page_id=154"},"modified":"2021-03-12T18:39:43","modified_gmt":"2021-03-12T16:39:43","slug":"region-durban","status":"publish","type":"page","link":"https:\/\/kruste.selfhost.me\/wordpress\/?page_id=154","title":{"rendered":"Region Durban"},"content":{"rendered":"<div id=\"pl-154\"  class=\"panel-layout\" ><div id=\"pg-154-0\"  class=\"panel-grid panel-no-style\" ><div id=\"pgc-154-0-0\"  class=\"panel-grid-cell\" ><div id=\"panel-154-0-0-0\" class=\"so-panel widget widget_black-studio-tinymce widget_black_studio_tinymce panel-first-child\" data-index=\"0\" ><div class=\"textwidget\"><hr \/>\n<p>&nbsp;<\/p>\n<\/div><\/div><div id=\"panel-154-0-0-1\" class=\"so-panel widget widget_text panel-last-child\" data-index=\"1\" >\t\t\t<div class=\"textwidget\"><p>\nAktuelle Zeit in Durban:  21:58 Uhr<br \/>\nZeitzone:  SAST<br \/>\nDie Wettervorhersage f\u00fcr die n\u00e4chsten drei Tage: <\/p>\n<\/div>\n\t\t<\/div><\/div><div id=\"pgc-154-0-1\"  class=\"panel-grid-cell\" ><div id=\"panel-154-0-1-0\" class=\"so-panel widget widget_black-studio-tinymce widget_black_studio_tinymce panel-first-child panel-last-child\" data-index=\"2\" ><div class=\"textwidget\"><p><i><\/i><\/p>\n<div class='weather-atlas-wrapper' style='background:#FF8A00;border:1px solid #ee7900;color:#fff;'>\n<div class='weather-atlas-header' style='border-bottom:1px solid #ee7900'>Durban, ZA<\/div>\n<div class='weather-atlas-body'>\n<div class='current_horizontal'>\n<div class='current_temp'><i class='wi wi-fw wi-weather-31'><\/i><span class='temp'>20\u00b0<\/span>\n<div class='current_text'>Klar<\/div>\n<div class='sunrise_sunset'>06:30<i class='wi wi-fw wi-weather-32'><\/i>17:13 SAST<\/div>\n<\/div>\n<p><span class='current_text_2'>Gef\u00fchlt: 20<small>\u00b0C<\/small><br \/>Wind: 10<small>km\/h<\/small> N<br \/>Feuchtigkeit: 61<small>%<\/small><br \/>Druck: 1007.79<small>mbar<\/small><br \/>UV-Index: 0<\/span><\/p><\/div>\n<div class='hourly hours' style='border-bottom:1px solid #ee7900'><span class='extended_hour extended_hour_1'>23<small>h<\/small><\/span><span class='extended_hour extended_hour_2'>0<small>h<\/small><\/span><span class='extended_hour extended_hour_3'>1<small>h<\/small><\/span><span class='extended_hour extended_hour_4'>2<small>h<\/small><\/span><span class='extended_hour extended_hour_5'>3<small>h<\/small><\/span><\/div>\n<div class='hourly'><span class='extended_hour extended_hour_1' title='Teilweise Bew\u00f6lkt'>19<small>\u00b0C<\/small><br \/><i class='wi wi-fw wi-weather-29'><\/i><\/span><span class='extended_hour extended_hour_2' title='Teilweise Bew\u00f6lkt'>18<small>\u00b0C<\/small><br \/><i class='wi wi-fw wi-weather-29'><\/i><\/span><span class='extended_hour extended_hour_3' title='Stark Bew\u00f6lkt'>17<small>\u00b0C<\/small><br \/><i class='wi wi-fw wi-weather-27'><\/i><\/span><span class='extended_hour extended_hour_4' title='Wolkig'>17<small>\u00b0C<\/small><br \/><i class='wi wi-fw wi-weather-26'><\/i><\/span><span class='extended_hour extended_hour_5' title='Wolkig'>17<small>\u00b0C<\/small><br \/><i class='wi wi-fw wi-weather-26'><\/i><\/span><\/div>\n<div class='daily days' style='border-bottom:1px solid #ee7900'><span class='extended_day extended_day_1'>Di.<\/span><span class='extended_day extended_day_2'>Mi.<\/span><span class='extended_day extended_day_3'>Do.<\/span><\/div>\n<div class='daily'><span class='extended_day extended_day_1' title='Teilweise Bew\u00f6lkt'>30<small>\u00b0C<\/small> \/ 18<small>\u00b0C<\/small><br \/><i class='wi wi-fw wi-weather-30'><\/i><\/span><span class='extended_day extended_day_2' title='Stark Bew\u00f6lkt'>27<small>\u00b0C<\/small> \/ 16<small>\u00b0C<\/small><br \/><i class='wi wi-fw wi-weather-28'><\/i><\/span><span class='extended_day extended_day_3' title='Vorm. Schauer'>21<small>\u00b0C<\/small> \/ 15<small>\u00b0C<\/small><br \/><i class='wi wi-fw wi-weather-39'><\/i><\/span><\/div>\n<\/div>\n<div class='weather-atlas-footer' style='border-top:1px solid #ee7900'><a href='https:\/\/www.weather-atlas.com\/en\/south-africa\/durban' title='Durban, ZA - Die Wettervorhersage' style='color:#fff'><span class='weather-atlas-footer-block'>Durban, ZA<\/span> die wettervorhersage &#9656;<\/a><\/div>\n<\/div>\n<p><\/p>\n<\/div><\/div><\/div><\/div><div id=\"pg-154-1\"  class=\"panel-grid panel-no-style\" ><div id=\"pgc-154-1-0\"  class=\"panel-grid-cell\" ><div id=\"panel-154-1-0-0\" class=\"so-panel widget widget_black-studio-tinymce widget_black_studio_tinymce panel-first-child\" data-index=\"3\" ><div class=\"textwidget\"><hr \/>\n<p>&nbsp;<\/p>\n<\/div><\/div><div id=\"panel-154-1-0-1\" class=\"so-panel widget widget_black-studio-tinymce widget_black_studio_tinymce\" data-index=\"4\" ><div class=\"textwidget\"><p>Diesen Teil S\u00fcdafrias habe ich beim ersten Mal auf Grund der Buckelwale bereist, die hier in der Zeit von Juli bis Oktober an der Ostk\u00fcste vorbei ziehen. Die Tiere schwimmen im Juli \/ August in die warmen Gew\u00e4sser im Norden um dort Ihre Jungtiere auf die Welt zu bringen und verlassen diese im Oktober\/ November wieder um in den n\u00e4hrreichen Gebiete der Antarktis Ihre Fettpolster aufzubauen.<\/p>\n<p>In den letzten Jahren, so wurde mir berichtet, bleiben die Wale bei guten Bedingungen in der Region um St. Lucia und es sind fabelhafte Begegnungen mit diesen Tieren m\u00f6glich. Auch ich hatte das Gl\u00fcck, Muttertiere mit Ihren Jungtieren und einem weiteren \"Begleittier\" beobachten zu k\u00f6nnen. Es ergeben sich tolle Situationen und die Tiere sprangen teilweise sehr imposant aus dem Wasser. Beeindruckende und einmalige Erlebnisse.<\/p>\n<p>Aber auch ohne die gro\u00dfen Meeress\u00e4uger bietet die Region um Durban viel. Zum einen St. Lucia mit sch\u00f6nem Strand und dem Wetland Park als Weltkulturerbe oder den Hluhluwe Nationpark mit seinen Big 5. Auch sch\u00f6ne private Farmen konnte ich in dieser Region ausfindig machen. Ein netter Platz ist hier die Springbok Lodge des <span class=\"aCOpRe\">Nambiti Private Game Reserve<\/span>. Nach anf\u00e4nglichen Unstimmigkeiten im Bezug auf die hier geltenden Regeln bei Tiersichtungen hat sich dieser Platz doch zu einem meiner \" da fahre ich noch einmal hin \" Orte gemausert. Aber dazu mehr auf meiner Springbok Seite.<\/p>\n<\/div><\/div><div id=\"panel-154-1-0-2\" class=\"so-panel widget widget_text\" data-index=\"5\" >\t\t\t<div class=\"textwidget\"><p><code><\/p>\n<section class=\"parallax-section\">\n<div class=\"parallax-window\" data-z-index=\"0\" data-position-x=\"left\" data-parallax=\"scroll\" data-speed=\".3\" data-image-src=\"http:\/\/kruste.selfhost.me\/wordpress\/wp-content\/uploads\/2021\/03\/SAF_2891_1.jpg\" style=\"align-items: flex-start;min-height: 550px;\">\n<div class=\"parallax-container parallax-content\">\n<\/div>\n<\/div>\n<\/section>\n<p><\/code><\/p>\n<\/div>\n\t\t<\/div><div id=\"panel-154-1-0-3\" class=\"so-panel widget widget_black-studio-tinymce widget_black_studio_tinymce panel-last-child\" data-index=\"6\" ><div class=\"textwidget\"><p>Bei der Suche nach einer sch\u00f6nen Unterkunft im Bereich um Durban habe ich mich am Anfang etwas schwer getan. Die Berichte \u00fcber die Stadt selbst hielten mich von der Buchung einer Unterkunft in der Millionen Metroploe ab. In der Nachbetrachtung eine gute Wahl.<br \/>\nDie gut 3.300.000 gro\u00dfe Einwohner Stadt hat, aus meiner Sicht gesehen, die besten Zeiten hinter sich gelassen. Im Zuge der Fu\u00dfball WM im Jahr 2010 wurde zwar richtig investiert und die Strandpromenade sowie das Stadion gl\u00e4nzen in neuem Licht aber auf den Stra\u00dfen sieht es anders aus. Mir haben zwei kurze Besuche gereicht, eventuell habe ich aber auch eine falsche Ansicht gewonnen.<\/p>\n<p>Ich w\u00fcrde bei meinem n\u00e4chsten Besuch wieder einen Vorort wie Shakas Rock oder Umhlanga w\u00e4hlen um dort zu \u00fcbernachten und bei Bedarf nach Durban fahren. Den Verkehr sollte man dabei nicht au\u00dfer Acht lassen aber das kann man einplanen.<\/p>\n<p>Unsere Unterkunft lag gut und der Blick vom Fr\u00fchst\u00fcckstisch aus auf den Indischen Ozean war genial. Und mit viel Gl\u00fcck sieht man ja hier schon den ersten Wal aus dem Wasser spingen.<\/p>\n<p>Ich hoffe, Sie konnten einen kleinen Einblick \u00fcber die Region bekommen und die Wahl der Unterkunft f\u00e4llt nicht mehr so schwer.<\/p>\n<\/div><\/div><\/div><\/div><\/div>","protected":false},"excerpt":{"rendered":"<p>&nbsp; &nbsp; Diesen Teil S\u00fcdafrias habe ich beim ersten Mal auf Grund der Buckelwale bereist, die hier in der Zeit von Juli bis Oktober an<\/p>\n","protected":false},"author":1,"featured_media":0,"parent":108,"menu_order":0,"comment_status":"closed","ping_status":"closed","template":"","meta":{"footnotes":""},"class_list":["post-154","page","type-page","status-publish","hentry"],"_links":{"self":[{"href":"https:\/\/kruste.selfhost.me\/wordpress\/index.php?rest_route=\/wp\/v2\/pages\/154","targetHints":{"allow":["GET"]}}],"collection":[{"href":"https:\/\/kruste.selfhost.me\/wordpress\/index.php?rest_route=\/wp\/v2\/pages"}],"about":[{"href":"https:\/\/kruste.selfhost.me\/wordpress\/index.php?rest_route=\/wp\/v2\/types\/page"}],"author":[{"embeddable":true,"href":"https:\/\/kruste.selfhost.me\/wordpress\/index.php?rest_route=\/wp\/v2\/users\/1"}],"replies":[{"embeddable":true,"href":"https:\/\/kruste.selfhost.me\/wordpress\/index.php?rest_route=%2Fwp%2Fv2%2Fcomments&post=154"}],"version-history":[{"count":1,"href":"https:\/\/kruste.selfhost.me\/wordpress\/index.php?rest_route=\/wp\/v2\/pages\/154\/revisions"}],"predecessor-version":[{"id":2139,"href":"https:\/\/kruste.selfhost.me\/wordpress\/index.php?rest_route=\/wp\/v2\/pages\/154\/revisions\/2139"}],"up":[{"embeddable":true,"href":"https:\/\/kruste.selfhost.me\/wordpress\/index.php?rest_route=\/wp\/v2\/pages\/108"}],"wp:attachment":[{"href":"https:\/\/kruste.selfhost.me\/wordpress\/index.php?rest_route=%2Fwp%2Fv2%2Fmedia&parent=154"}],"curies":[{"name":"wp","href":"https:\/\/api.w.org\/{rel}","templated":true}]}}