{"id":1679,"date":"2015-09-09T14:32:11","date_gmt":"2015-09-09T12:32:11","guid":{"rendered":"http:\/\/kruste.selfhost.me\/wordpress\/?page_id=1679"},"modified":"2020-06-11T07:23:13","modified_gmt":"2020-06-11T05:23:13","slug":"region-babelthuap-carl-island","status":"publish","type":"page","link":"https:\/\/kruste.selfhost.me\/wordpress\/?page_id=1679","title":{"rendered":"Region Babelthuap \/ Carp Island"},"content":{"rendered":"<div id=\"pl-1679\"  class=\"panel-layout\" ><div id=\"pg-1679-0\"  class=\"panel-grid panel-no-style\" ><div id=\"pgc-1679-0-0\"  class=\"panel-grid-cell\" ><div id=\"panel-1679-0-0-0\" class=\"so-panel widget widget_black-studio-tinymce widget_black_studio_tinymce panel-first-child\" data-index=\"0\" ><div class=\"textwidget\"><hr \/>\n<p>\u00a0<\/p>\n<\/div><\/div><div id=\"panel-1679-0-0-1\" class=\"so-panel widget widget_text panel-last-child\" data-index=\"1\" >\t\t\t<div class=\"textwidget\"><p>\nAktuelle Zeit auf Palau:  4:10 Uhr<br \/>\nZeitzone:  +09<br \/>\nDie Wettervorhersage f\u00fcr die n\u00e4chsten drei Tage: <\/p>\n<\/div>\n\t\t<\/div><\/div><div id=\"pgc-1679-0-1\"  class=\"panel-grid-cell\" ><div id=\"panel-1679-0-1-0\" class=\"so-panel widget widget_black-studio-tinymce widget_black_studio_tinymce panel-first-child panel-last-child\" data-index=\"2\" ><div class=\"textwidget\"><p><i><\/i><\/p>\n<div class='weather-atlas-wrapper' style='background:#FF5E00;border:1px solid #ee4d00;color:#fff;'>\n<div class='weather-atlas-header' style='border-bottom:1px solid #ee4d00'>Koror, PW<\/div>\n<div class='weather-atlas-body'>\n<div class='current_horizontal'>\n<div class='current_temp'><i class='wi wi-fw wi-weather-26'><\/i><span class='temp'>26\u00b0<\/span>\n<div class='current_text'>Wolkig<\/div>\n<div class='sunrise_sunset'>05:52<i class='wi wi-fw wi-weather-32'><\/i>18:10 +09<\/div>\n<\/div>\n<p><span class='current_text_2'>Gef\u00fchlt: 29<small>\u00b0C<\/small><br \/>Wind: 11<small>km\/h<\/small> W<br \/>Feuchtigkeit: 82<small>%<\/small><br \/>Druck: 1008.13<small>mbar<\/small><br \/>UV-Index: 0<\/span><\/p><\/div>\n<div class='hourly hours' style='border-bottom:1px solid #ee4d00'><span class='extended_hour extended_hour_1'>6<small>h<\/small><\/span><span class='extended_hour extended_hour_2'>7<small>h<\/small><\/span><span class='extended_hour extended_hour_3'>8<small>h<\/small><\/span><span class='extended_hour extended_hour_4'>9<small>h<\/small><\/span><span class='extended_hour extended_hour_5'>10<small>h<\/small><\/span><\/div>\n<div class='hourly'><span class='extended_hour extended_hour_1' title='Wolkig'>26<small>\u00b0C<\/small><br \/><i class='wi wi-fw wi-weather-26'><\/i><\/span><span class='extended_hour extended_hour_2' title='Wolkig'>27<small>\u00b0C<\/small><br \/><i class='wi wi-fw wi-weather-26'><\/i><\/span><span class='extended_hour extended_hour_3' title='Wolkig'>28<small>\u00b0C<\/small><br \/><i class='wi wi-fw wi-weather-26'><\/i><\/span><span class='extended_hour extended_hour_4' title='Wolkig'>29<small>\u00b0C<\/small><br \/><i class='wi wi-fw wi-weather-26'><\/i><\/span><span class='extended_hour extended_hour_5' title='Wolkig'>30<small>\u00b0C<\/small><br \/><i class='wi wi-fw wi-weather-26'><\/i><\/span><\/div>\n<div class='daily days' style='border-bottom:1px solid #ee4d00'><span class='extended_day extended_day_1'>Sa.<\/span><span class='extended_day extended_day_2'>So.<\/span><span class='extended_day extended_day_3'>Mo.<\/span><\/div>\n<div class='daily'><span class='extended_day extended_day_1' title='Wolkig'>30<small>\u00b0C<\/small> \/ 25<small>\u00b0C<\/small><br \/><i class='wi wi-fw wi-weather-26'><\/i><\/span><span class='extended_day extended_day_2' title='Stark Bew\u00f6lkt'>30<small>\u00b0C<\/small> \/ 25<small>\u00b0C<\/small><br \/><i class='wi wi-fw wi-weather-28'><\/i><\/span><span class='extended_day extended_day_3' title='Teilweise Bew\u00f6lkt'>30<small>\u00b0C<\/small> \/ 25<small>\u00b0C<\/small><br \/><i class='wi wi-fw wi-weather-30'><\/i><\/span><\/div>\n<\/div>\n<div class='weather-atlas-footer' style='border-top:1px solid #ee4d00'><a href='https:\/\/www.weather-atlas.com\/en\/palau\/koror-weather-tomorrow' title='Koror, PW - Weather forecast for tomorrow' style='color:#fff'><span class='weather-atlas-footer-block'>Koror, PW<\/span> weather forecast for tomorrow &#9656;<\/a><\/div>\n<\/div>\n<p><\/p>\n<\/div><\/div><\/div><\/div><div id=\"pg-1679-1\"  class=\"panel-grid panel-no-style\" ><div id=\"pgc-1679-1-0\"  class=\"panel-grid-cell\" ><div id=\"panel-1679-1-0-0\" class=\"so-panel widget widget_black-studio-tinymce widget_black_studio_tinymce panel-first-child panel-last-child\" data-index=\"3\" ><div class=\"textwidget\"><hr \/>\n<p>Die Anreise nach Palau ist leider nicht ganz einfach. Zwar liegt der internationale Flughafen von Koror \"nur\" gut 11.000 Kilometer von Frankfurt entfernt, jedoch\u00a0gibt es keinen Direktflug wie zum Beispiel nach Singapur, das auch \"nur\" 10.000 Kilometer entfernt liegt.<br \/>\nMan hat die Wahl \u00fcber Manila, Seoul, Guam oder Taipei nach Koror zu fliegen doch schnell ist keine dieser Verbindungen. Wir haben es \u00fcber Manila probiert doch der internationale Flughafen Manilas hat den\u00a0Namen nicht wirklich verdient und diesen Weg w\u00fcrde ich nicht erneut w\u00e4hlen. Besser hat mir da schon die Tour \u00fcber Taipei gefallen und f\u00fcr 2 oder 3 N\u00e4chte kann man es hier auch gut aushalten. Der 101 Tower der Hauptstadt\u00a0Taipei ist sehenswert und die Sitten und Gebr\u00e4uche in diesem Land sind f\u00fcr uns doch ungewohnt interessant. Nur mit der englischen Sprache kommt man nicht sehr weit wie wir feststellen mussten. Davon aber mehr auf meiner Taipei Site die ( Stand 2015 ) leider noch nicht Online ist, sorry.<\/p>\n<p>Jetzt aber zur\u00fcck zur Region Babelthuap \/ Carp Island.<\/p>\n<p>Von Flughafen ( ROR ) bis zum PPR ( Palau Pacific Resort ) dauert die Fahrt circa 30 Minuten und man bekommt schon einen ersten Eindruck vom\u00a0Zentrum der Hauptinsel. Richtig gut hat es uns hier nicht gefallen. Der Supermarkt des \"Einkaufszentrum\" ist jedoch perfekt\u00a0sortiert und \u00a0f\u00fcr die wichtigen Ding des Lebens vollkommen ausreichend. So w\u00fcrde ich Koror auch einstufen. Es gibt hier alles was gebraucht wird (\u00a0Internet, Supermarkt, Lokale, Hotels oder L\u00e4den ) aber man macht seine Besorgungen und das war es. Kleine Oasen, zum Beispiel das PPR oder das Carolines, bilden\u00a0die Ausnahmen.<\/p>\n<p><a href=\"http:\/\/kruste.selfhost.me\/wordpress\/wp-content\/uploads\/2015\/09\/img_0979.jpg\"><img loading=\"lazy\" decoding=\"async\" class=\"size-full wp-image-1689 aligncenter\" src=\"http:\/\/kruste.selfhost.me\/wordpress\/wp-content\/uploads\/2015\/09\/img_0979.jpg\" alt=\"img_0979\" width=\"1600\" height=\"1200\" srcset=\"https:\/\/kruste.selfhost.me\/wordpress\/wp-content\/uploads\/2015\/09\/img_0979.jpg 1600w, https:\/\/kruste.selfhost.me\/wordpress\/wp-content\/uploads\/2015\/09\/img_0979-150x113.jpg 150w, https:\/\/kruste.selfhost.me\/wordpress\/wp-content\/uploads\/2015\/09\/img_0979-300x225.jpg 300w, https:\/\/kruste.selfhost.me\/wordpress\/wp-content\/uploads\/2015\/09\/img_0979-1024x768.jpg 1024w, https:\/\/kruste.selfhost.me\/wordpress\/wp-content\/uploads\/2015\/09\/img_0979-700x525.jpg 700w\" sizes=\"auto, (max-width: 1600px) 100vw, 1600px\" \/><\/a><\/p>\n<p>Palau, wie man es in den Prospekten der Reiseveranstalter sieht, beginnt kurz nach dem\u00a0Bootssteg von Fish'n Fins.\u00a0Mit der\u00a0Fahrt, die hier in die Rock Islands startet, beginnen die traumhaften Bilder, die sicher lange in den K\u00f6pfen der Urlauber bleiben. Bei uns ist\u00a0es auf jeden Fall so.<\/p>\n<p>Gef\u00fchlt gehen ( bei sch\u00f6nem Wetter \ud83d\ude42 \u00a0) die 60 Minuten Bootsfahrt zur Insel Carp auch viel zu schnell zu ende, doch der erste Blick \u00fcber den Steg zum Haupthaus der Insel\u00a0macht\u00a0Appetit auf Mee(h)r und der Sand unter den F\u00fcssen l\u00e4sst die lange Anreise aus Europa schnell vergessen.<\/p>\n<p><a href=\"http:\/\/kruste.selfhost.me\/wordpress\/wp-content\/uploads\/2015\/09\/img_0935.jpg\"><img loading=\"lazy\" decoding=\"async\" class=\"size-full wp-image-1688 aligncenter\" src=\"http:\/\/kruste.selfhost.me\/wordpress\/wp-content\/uploads\/2015\/09\/img_0935.jpg\" alt=\"img_0935\" width=\"1600\" height=\"1200\" srcset=\"https:\/\/kruste.selfhost.me\/wordpress\/wp-content\/uploads\/2015\/09\/img_0935.jpg 1600w, https:\/\/kruste.selfhost.me\/wordpress\/wp-content\/uploads\/2015\/09\/img_0935-150x113.jpg 150w, https:\/\/kruste.selfhost.me\/wordpress\/wp-content\/uploads\/2015\/09\/img_0935-300x225.jpg 300w, https:\/\/kruste.selfhost.me\/wordpress\/wp-content\/uploads\/2015\/09\/img_0935-1024x768.jpg 1024w, https:\/\/kruste.selfhost.me\/wordpress\/wp-content\/uploads\/2015\/09\/img_0935-700x525.jpg 700w\" sizes=\"auto, (max-width: 1600px) 100vw, 1600px\" \/><\/a><\/p>\n<p>Nicht weit entfernt von Carp liegt die Insel Pelileu, die auf jeden Fall auch besucht werden sollte und ich meine damit nicht nur Unterwasser.\u00a0Peleliu besitzt aber leider keine richtigen S\u00fcdsee-Str\u00e4nde und dies ist auch der Grund, warum wir hier nie \u00fcbernachtet haben.<\/p>\n<p>Noch ein paar Zahlen zu Peleliu:<\/p>\n<ul>\n<li>Entfernung Peleliu - Koror 40 Kilometer<\/li>\n<li>Peleliu ist circa 13 qm gro\u00df<\/li>\n<li>Es\u00a0leben knapp 600 Menschen hier<\/li>\n<li>Der Tauchplatz\u00a0<span class=\"st\">Peleliu Express ist nur etwas f\u00fcr Str\u00f6mungsfans. Oft h\u00f6rt man hier die Geschichte \u00fcber\u00a0eine japanische Gruppe von Taucher, die nicht wieder an die Oberfl\u00e4che gekommen ist. Wir\u00a0m\u00f6gen keine Str\u00f6mung und haben den Tauchplatz von den Klippen aus bewundert. Was da f\u00fcr Wassermassen bewegt wurden war schon beeindruckend. Sicher f\u00fcr Taucher sehr anspruchsvoll \u00a0!!<\/span><\/li>\n<\/ul>\n<\/div><\/div><\/div><\/div><\/div>","protected":false},"excerpt":{"rendered":"<p>\u00a0 Die Anreise nach Palau ist leider nicht ganz einfach. Zwar liegt der internationale Flughafen von Koror &#8222;nur&#8220; gut 11.000 Kilometer von Frankfurt entfernt, jedoch\u00a0gibt<\/p>\n","protected":false},"author":1,"featured_media":0,"parent":1669,"menu_order":0,"comment_status":"closed","ping_status":"closed","template":"","meta":{"footnotes":""},"class_list":["post-1679","page","type-page","status-publish","hentry"],"_links":{"self":[{"href":"https:\/\/kruste.selfhost.me\/wordpress\/index.php?rest_route=\/wp\/v2\/pages\/1679","targetHints":{"allow":["GET"]}}],"collection":[{"href":"https:\/\/kruste.selfhost.me\/wordpress\/index.php?rest_route=\/wp\/v2\/pages"}],"about":[{"href":"https:\/\/kruste.selfhost.me\/wordpress\/index.php?rest_route=\/wp\/v2\/types\/page"}],"author":[{"embeddable":true,"href":"https:\/\/kruste.selfhost.me\/wordpress\/index.php?rest_route=\/wp\/v2\/users\/1"}],"replies":[{"embeddable":true,"href":"https:\/\/kruste.selfhost.me\/wordpress\/index.php?rest_route=%2Fwp%2Fv2%2Fcomments&post=1679"}],"version-history":[{"count":6,"href":"https:\/\/kruste.selfhost.me\/wordpress\/index.php?rest_route=\/wp\/v2\/pages\/1679\/revisions"}],"predecessor-version":[{"id":7421,"href":"https:\/\/kruste.selfhost.me\/wordpress\/index.php?rest_route=\/wp\/v2\/pages\/1679\/revisions\/7421"}],"up":[{"embeddable":true,"href":"https:\/\/kruste.selfhost.me\/wordpress\/index.php?rest_route=\/wp\/v2\/pages\/1669"}],"wp:attachment":[{"href":"https:\/\/kruste.selfhost.me\/wordpress\/index.php?rest_route=%2Fwp%2Fv2%2Fmedia&parent=1679"}],"curies":[{"name":"wp","href":"https:\/\/api.w.org\/{rel}","templated":true}]}}