{"id":1780,"date":"2015-10-01T19:41:15","date_gmt":"2015-10-01T17:41:15","guid":{"rendered":"http:\/\/kruste.selfhost.me\/wordpress\/?page_id=1780"},"modified":"2021-03-14T10:52:01","modified_gmt":"2021-03-14T08:52:01","slug":"fosshotel-nupar-region-suedkueste-reykjavik","status":"publish","type":"page","link":"https:\/\/kruste.selfhost.me\/wordpress\/?page_id=1780","title":{"rendered":"Fosshotel Nupar ( Region S\u00fcdk\u00fcste \/ Reykjavik )"},"content":{"rendered":"<div id=\"pl-1780\"  class=\"panel-layout\" ><div id=\"pg-1780-0\"  class=\"panel-grid panel-no-style\" ><div id=\"pgc-1780-0-0\"  class=\"panel-grid-cell\" ><div id=\"panel-1780-0-0-0\" class=\"so-panel widget widget_black-studio-tinymce widget_black_studio_tinymce panel-first-child panel-last-child\" data-index=\"0\" ><div class=\"textwidget\"><hr \/>\n<div class=\"text-content style_External_485_494\"><\/div>\n<div class=\"text-content style_External_485_494\">Gebucht hatte ich das <a href=\"https:\/\/www.islandshotel.is\/hotels-in-iceland\/fosshotel-nupar\" target=\"_blank\" rel=\"noopener\">Fosshotel Nupar<\/a> eigentlich wegen seiner Lage. Ich bin davon ausgegangen, dass die Fahrt vom Hotel in die Gletscherlagune J\u00f6kuls\u00e1rl\u00f3n nicht l\u00e4nger als eine halbe Stunde dauern w\u00fcrde aber da hatte ich mich geirrt. Es war aber trotzdem sch\u00f6n hier \ud83d\ude42<\/div>\n<div class=\"text-content style_External_485_494\"><\/div>\n<div class=\"text-content style_External_485_494\">Schon beim Fr\u00fchst\u00fcck\u00a0konnte ich die Gletscher\u00a0des\u00a0Vatnaj\u00f6kull National Park\u00a0bewundern und das Spiel zwischen Nebel und Sonne am fr\u00fchen Morgen war ein Genuss. Die gro\u00dfe Felswand, die Zeitweise komplett im dichten Nebel verschwand sich aber immer wieder kurz zeigte, strahle sp\u00e4ter in den kr\u00e4ftigsten Farben, so sch\u00f6n kann Island sein.<\/div>\n<div class=\"text-content style_External_485_494\"><\/div>\n<div class=\"text-content style_External_485_494\">Bei den Zimmer musste ich mich jedoch erst an die f\u00fcr mich etwas ungew\u00f6hnliche Art des Bodenbelags gew\u00f6hnen. Eine Art Linoleum, der im Bereich der Dusche einfach bis auf eine H\u00f6he von 2 Meter hochgezogen wurde. Na ja, ich fand das recht n\u00fcchtern\u00a0und auch ein paar Bilder an der Wand h\u00e4tten etwas mehr Gem\u00fctlichkeit vermittelt aber wie es aussieht, ist das nicht so das Ding der Isl\u00e4nder.<\/div>\n<div class=\"text-content style_External_485_494\"><\/div>\n<\/div><\/div><\/div><div id=\"pgc-1780-0-1\"  class=\"panel-grid-cell\" ><div id=\"panel-1780-0-1-0\" class=\"so-panel widget widget_text panel-first-child panel-last-child\" data-index=\"1\" >\t\t\t<div class=\"textwidget\"><p><img loading=\"lazy\" decoding=\"async\" class=\"size-full wp-image-7754 alignright\" src=\"http:\/\/kruste.selfhost.me\/wordpress\/wp-content\/uploads\/2021\/03\/SAF_5051.jpg\" alt=\"\" width=\"1407\" height=\"900\" srcset=\"https:\/\/kruste.selfhost.me\/wordpress\/wp-content\/uploads\/2021\/03\/SAF_5051.jpg 1407w, https:\/\/kruste.selfhost.me\/wordpress\/wp-content\/uploads\/2021\/03\/SAF_5051-300x192.jpg 300w, https:\/\/kruste.selfhost.me\/wordpress\/wp-content\/uploads\/2021\/03\/SAF_5051-1024x655.jpg 1024w, https:\/\/kruste.selfhost.me\/wordpress\/wp-content\/uploads\/2021\/03\/SAF_5051-150x96.jpg 150w, https:\/\/kruste.selfhost.me\/wordpress\/wp-content\/uploads\/2021\/03\/SAF_5051-768x491.jpg 768w\" sizes=\"auto, (max-width: 1407px) 100vw, 1407px\" \/><\/p>\n<\/div>\n\t\t<\/div><\/div><\/div><div id=\"pg-1780-1\"  class=\"panel-grid panel-no-style\" ><div id=\"pgc-1780-1-0\"  class=\"panel-grid-cell\" ><div id=\"panel-1780-1-0-0\" class=\"so-panel widget widget_black-studio-tinymce widget_black_studio_tinymce panel-first-child\" data-index=\"2\" ><h3 class=\"widget-title\">Preise:<\/h3><div class=\"textwidget\"><hr \/>\n<ul>\n<li>F\u00fcr das Zimmer wurden mir 111 \u20ac f\u00fcr die \u00dcbernachtung in Rechnung gestellt. Der Preis war inklusive Fr\u00fchst\u00fcck. Wie an der Rezeption zu vernehmen war hatte ich auch richtig Gl\u00fcck bei der Buchung, da das Hotel f\u00fcr die n\u00e4chsten Tage \u00a0komplett ausgebucht war.<\/li>\n<\/ul>\n<\/div><\/div><div id=\"panel-1780-1-0-1\" class=\"so-panel widget widget_black-studio-tinymce widget_black_studio_tinymce\" data-index=\"3\" ><h3 class=\"widget-title\">Anreise:<\/h3><div class=\"textwidget\"><hr \/>\n<p>Mit dem Mietwagen aus Richtung Vik.\u00a0Es gab unterwegs einige sch\u00f6ne Punkte, an denen ich gehalten habe. Nach dem Check In bin ich sogleich noch zur Gletscherlagune\u00a0Fjalls\u00e1rl\u00f3 gefahren und hatte dort einen tollen Nachmittag.<\/p>\n<\/div><\/div><div id=\"panel-1780-1-0-2\" class=\"so-panel widget widget_text\" data-index=\"4\" >\t\t\t<div class=\"textwidget\"><p><code><\/p>\n<section class=\"parallax-section\">\n<div class=\"parallax-window\" data-z-index=\"0\" data-position-x=\"left\" data-parallax=\"scroll\" data-speed=\".3\" data-image-src=\"http:\/\/kruste.selfhost.me\/wordpress\/wp-content\/uploads\/2021\/03\/SAF_5333_1.jpg\" style=\"align-items: flex-start;min-height: 650px;\">\n<div class=\"parallax-container parallax-content\">\n<\/div>\n<\/div>\n<\/section>\n<p><\/code><\/p>\n<\/div>\n\t\t<\/div><div id=\"panel-1780-1-0-3\" class=\"so-panel widget widget_black-studio-tinymce widget_black_studio_tinymce\" data-index=\"5\" ><h3 class=\"widget-title\">Meine Reisezeiten:<\/h3><div class=\"textwidget\"><hr \/>\n<ul>\n<li>September 2015<\/li>\n<\/ul>\n<p class=\"paragraph_style\">\u00a0<\/p>\n<\/div><\/div><div id=\"panel-1780-1-0-4\" class=\"so-panel widget widget_black-studio-tinymce widget_black_studio_tinymce\" data-index=\"6\" ><h3 class=\"widget-title\">Das Wetter:<\/h3><div class=\"textwidget\"><hr \/>\n<p class=\"paragraph_style\">September\u00a02015<\/p>\n<ul>\n<li>Viel Sonnenschein und\u00a0richtig gut f\u00fcr Island bei Temperaturen um 14\u00b0C.<br \/>Am zweiten Tag zog ein kr\u00e4ftiger Wind auf.<\/li>\n<\/ul>\n<\/div><\/div><div id=\"panel-1780-1-0-5\" class=\"so-panel widget widget_black-studio-tinymce widget_black_studio_tinymce\" data-index=\"7\" ><h3 class=\"widget-title\">Zimmer:<\/h3><div class=\"textwidget\"><hr \/>\n<p>Sauber und\u00a0ohne viel Schnick Schnack. Gew\u00f6hnen muss man sich an die Bauart des Hotels, weil die Zimmer direkt vom Parkplatz aus einsehbar sind. Wer seine Jalousie nicht schliesst kann die anderen G\u00e4ste aus dem Bett beobachten, andersrum geht es aber genauso \ud83d\ude09 \u00a0<br \/>Weiter sehen die Zimmer von aussen alle gleich aus. Ich kann mir vorstellen, dass hier der ein oder andere schon einmal im verkehrten Zimmer stand.<\/p>\n<\/div><\/div><div id=\"panel-1780-1-0-6\" class=\"so-panel widget widget_black-studio-tinymce widget_black_studio_tinymce\" data-index=\"8\" ><div class=\"textwidget\"><p><img loading=\"lazy\" decoding=\"async\" class=\"size-full wp-image-1786 aligncenter\" src=\"http:\/\/kruste.selfhost.me\/wordpress\/wp-content\/uploads\/2015\/10\/SAF_5005-e1465756475738.jpg\" alt=\"SAF_5005\" width=\"800\" height=\"534\" srcset=\"https:\/\/kruste.selfhost.me\/wordpress\/wp-content\/uploads\/2015\/10\/SAF_5005-e1465756475738.jpg 800w, https:\/\/kruste.selfhost.me\/wordpress\/wp-content\/uploads\/2015\/10\/SAF_5005-e1465756475738-150x100.jpg 150w, https:\/\/kruste.selfhost.me\/wordpress\/wp-content\/uploads\/2015\/10\/SAF_5005-e1465756475738-300x200.jpg 300w, https:\/\/kruste.selfhost.me\/wordpress\/wp-content\/uploads\/2015\/10\/SAF_5005-e1465756475738-700x467.jpg 700w, https:\/\/kruste.selfhost.me\/wordpress\/wp-content\/uploads\/2015\/10\/SAF_5005-e1465756475738-272x182.jpg 272w, https:\/\/kruste.selfhost.me\/wordpress\/wp-content\/uploads\/2015\/10\/SAF_5005-e1465756475738-768x513.jpg 768w\" sizes=\"auto, (max-width: 800px) 100vw, 800px\" \/><\/p>\n<\/div><\/div><div id=\"panel-1780-1-0-7\" class=\"so-panel widget widget_black-studio-tinymce widget_black_studio_tinymce\" data-index=\"9\" ><h3 class=\"widget-title\">K\u00fcche \/ Restaurant:<\/h3><div class=\"textwidget\"><hr \/>\n<p>Das Fr\u00fchst\u00fcck war OK aber auch nicht mehr. Wie schon im Hotel Hlid gab es eine Sorte K\u00e4se, Salami und M\u00fcsli, etwas Obst und Waffeln sowie eine Art Omelett on Top. Der Kaffee war auch hier keine Offenbarung doch der Ausblick auf den Gletscher entsch\u00e4digte f\u00fcr alles.<\/p>\n<p>Das Restaurant wurde leider schon um 21:00 Uhr geschlossen und so schaffte ich es nicht das ber\u00fchmte Islandlamm zu kosten.<\/p>\n<\/div><\/div><div id=\"panel-1780-1-0-8\" class=\"so-panel widget widget_black-studio-tinymce widget_black_studio_tinymce\" data-index=\"10\" ><h3 class=\"widget-title\">Personal:<\/h3><div class=\"textwidget\"><hr \/><p>Von der Rezeption bis zum Kellner waren alle sehr freundlich. Auch ein zweites Fr\u00fchst\u00fcck war kein Problem, denn ich musste unbedingt den aufziehenden Nebel ablichten und f\u00fcr eine Weile das Hotel verlassen.<\/p><\/div><\/div><div id=\"panel-1780-1-0-9\" class=\"so-panel widget widget_black-studio-tinymce widget_black_studio_tinymce\" data-index=\"11\" ><h3 class=\"widget-title\">Aktivit\u00e4ten:<\/h3><div class=\"textwidget\"><hr \/>\n<p>F\u00fcr mich standen die Gletscherlagunen\u00a0Fjalls\u00e1rl\u00f3n und\u00a0J\u00f6kuls\u00e1rl\u00f3n im Fokus und es zog mich t\u00e4glich dorthin. Trotz einer Fahrzeit von gut 60 Minuten ( bei sehr grossz\u00fcgiger Auslegung der Geschwindigkeitstoleranzen des Tachometers ) bin ich erst sp\u00e4t abends von dort weggekommen.<\/p>\n<p>Auf jeden Fall sollte vom\u00a0Fosshotel Nupar auch der\u00a0Skaftafell National Park besucht werden und bitte etwas mehr Zeit f\u00fcr diesen sch\u00f6nen Platz einplanen.<\/p>\n<p>\u00a0<\/p>\n<\/div><\/div><div id=\"panel-1780-1-0-10\" class=\"so-panel widget widget_black-studio-tinymce widget_black_studio_tinymce panel-last-child\" data-index=\"12\" ><h3 class=\"widget-title\">Tipps:<\/h3><div class=\"textwidget\"><hr \/>\n<ul>\n<li>Die Gletscherlagunen\u00a0Fjalls\u00e1rl\u00f3n und\u00a0J\u00f6kuls\u00e1rl\u00f3n<\/li>\n<li>Der Blick auf den Skaftafell National Park<\/li>\n<li>Auch f\u00fcr Kleinigkeiten in der Umgebung mal an der Ringstra\u00dfe halten. Das Licht war im September oft so sch\u00f6n, da wirkten sogar die Strommasten magisch.<\/li>\n<\/ul>\n<\/div><\/div><\/div><\/div><div id=\"pg-1780-2\"  class=\"panel-grid panel-no-style\" ><div id=\"pgc-1780-2-0\"  class=\"panel-grid-cell\" ><div id=\"panel-1780-2-0-0\" class=\"so-panel widget widget_black-studio-tinymce widget_black_studio_tinymce panel-first-child\" data-index=\"13\" ><h3 class=\"widget-title\">Kommunikation:<\/h3><div class=\"textwidget\"><hr \/>\n<p class=\"paragraph_style\">\u00a0Wie eigentlich \u00fcberall in Island ist der Zugang zum\u00a0Internet per WLAN kostenfrei. Die Verbindungen waren zuverl\u00e4ssig und schnell.<\/p>\n<\/div><\/div><div id=\"panel-1780-2-0-1\" class=\"so-panel widget widget_black-studio-tinymce widget_black_studio_tinymce\" data-index=\"14\" ><h3 class=\"widget-title\">Klartext:<\/h3><div class=\"textwidget\"><hr \/>\n<p>Die Bauart der Hotels in Island ist nicht sehr aufwendig und erinnert etwas an Container. Auch ein paar Bilder in den Zimmer w\u00fcrden mehr Gem\u00fctlichkeit vermitteln. Das Bad ist OK aber der oben beschriebene Fussboden oder die Dusche ohne richtige Duschwand waren nicht so meins.<\/p>\n<\/div><\/div><div id=\"panel-1780-2-0-2\" class=\"so-panel widget widget_black-studio-tinymce widget_black_studio_tinymce panel-last-child\" data-index=\"15\" ><div class=\"textwidget\"><p style=\"text-align: center;\"><a href=\"http:\/\/kruste.selfhost.me\/wordpress\/wp-content\/uploads\/2015\/10\/SAF_5045.jpg\"><img loading=\"lazy\" decoding=\"async\" class=\"size-full wp-image-1783 aligncenter\" src=\"http:\/\/kruste.selfhost.me\/wordpress\/wp-content\/uploads\/2015\/10\/SAF_5045.jpg\" alt=\"SAF_5045\" width=\"7332\" height=\"1829\" srcset=\"https:\/\/kruste.selfhost.me\/wordpress\/wp-content\/uploads\/2015\/10\/SAF_5045.jpg 7332w, https:\/\/kruste.selfhost.me\/wordpress\/wp-content\/uploads\/2015\/10\/SAF_5045-150x37.jpg 150w, https:\/\/kruste.selfhost.me\/wordpress\/wp-content\/uploads\/2015\/10\/SAF_5045-300x75.jpg 300w, https:\/\/kruste.selfhost.me\/wordpress\/wp-content\/uploads\/2015\/10\/SAF_5045-1024x255.jpg 1024w, https:\/\/kruste.selfhost.me\/wordpress\/wp-content\/uploads\/2015\/10\/SAF_5045-700x175.jpg 700w\" sizes=\"auto, (max-width: 7332px) 100vw, 7332px\" \/><\/a><\/p>\n<\/div><\/div><\/div><\/div><\/div>","protected":false},"excerpt":{"rendered":"<p>Gebucht hatte ich das Fosshotel Nupar eigentlich wegen seiner Lage. Ich bin davon ausgegangen, dass die Fahrt vom Hotel in die Gletscherlagune J\u00f6kuls\u00e1rl\u00f3n nicht l\u00e4nger<\/p>\n","protected":false},"author":1,"featured_media":0,"parent":1739,"menu_order":0,"comment_status":"closed","ping_status":"closed","template":"","meta":{"footnotes":""},"class_list":["post-1780","page","type-page","status-publish","hentry"],"_links":{"self":[{"href":"https:\/\/kruste.selfhost.me\/wordpress\/index.php?rest_route=\/wp\/v2\/pages\/1780","targetHints":{"allow":["GET"]}}],"collection":[{"href":"https:\/\/kruste.selfhost.me\/wordpress\/index.php?rest_route=\/wp\/v2\/pages"}],"about":[{"href":"https:\/\/kruste.selfhost.me\/wordpress\/index.php?rest_route=\/wp\/v2\/types\/page"}],"author":[{"embeddable":true,"href":"https:\/\/kruste.selfhost.me\/wordpress\/index.php?rest_route=\/wp\/v2\/users\/1"}],"replies":[{"embeddable":true,"href":"https:\/\/kruste.selfhost.me\/wordpress\/index.php?rest_route=%2Fwp%2Fv2%2Fcomments&post=1780"}],"version-history":[{"count":3,"href":"https:\/\/kruste.selfhost.me\/wordpress\/index.php?rest_route=\/wp\/v2\/pages\/1780\/revisions"}],"predecessor-version":[{"id":2335,"href":"https:\/\/kruste.selfhost.me\/wordpress\/index.php?rest_route=\/wp\/v2\/pages\/1780\/revisions\/2335"}],"up":[{"embeddable":true,"href":"https:\/\/kruste.selfhost.me\/wordpress\/index.php?rest_route=\/wp\/v2\/pages\/1739"}],"wp:attachment":[{"href":"https:\/\/kruste.selfhost.me\/wordpress\/index.php?rest_route=%2Fwp%2Fv2%2Fmedia&parent=1780"}],"curies":[{"name":"wp","href":"https:\/\/api.w.org\/{rel}","templated":true}]}}