{"id":2109,"date":"2016-04-08T20:14:25","date_gmt":"2016-04-08T18:14:25","guid":{"rendered":"http:\/\/kruste.selfhost.me\/wordpress\/?page_id=2109"},"modified":"2020-08-02T09:48:53","modified_gmt":"2020-08-02T07:48:53","slug":"urikaruus-wilderness-camp-upingtonktp","status":"publish","type":"page","link":"https:\/\/kruste.selfhost.me\/wordpress\/?page_id=2109","title":{"rendered":"Urikaruus Wilderness Camp (Upington\/KTP)"},"content":{"rendered":"<div id=\"pl-2109\"  class=\"panel-layout\" ><div id=\"pg-2109-0\"  class=\"panel-grid panel-no-style\" ><div id=\"pgc-2109-0-0\"  class=\"panel-grid-cell\" ><div id=\"panel-2109-0-0-0\" class=\"so-panel widget widget_black-studio-tinymce widget_black_studio_tinymce panel-first-child panel-last-child\" data-index=\"0\" ><div class=\"textwidget\"><div class=\"style_SkipStroke_2 shape-with-text flowDefining\">\n<hr \/>\n<\/div>\n<p>Urikaruus, was f\u00fcr ein sch\u00f6nes Camp. Hier ist es sicher Gl\u00fccksache einen Bungalow zu bekommen und das, obwohl\u00a0die Buchung schon fast 1 Jahr im Voraus erfolgt. Es sind aber nicht nur die sch\u00f6nen Zimmer, die Urikaruus zu einem Highlight machen, nein es ist auch die super Lage. Nirgends im Park hat man sonst die M\u00f6glichkeit so fr\u00fch an den Wasserl\u00f6chern 13 und 14 zu sein oder entsprechend lange am Abend diese Pl\u00e4tze genie\u00dfen zu k\u00f6nnen. Es f\u00e4llt hier schwer sich zu entscheiden, ob\u00a0der Tag\u00a0am Wasserloch vor dem Bungalow oder eben doch an Wasserloch 13 oder 14 ausklingen soll. Wir hatten tolle Sichtungen an allen drei Pl\u00e4tzen und ich kann Urikaruus wirklich empfehlen.<\/p>\n<p>Es gilt hier,\u00a0mehr als bei allen anderen Camps im Park, auch in der Nacht das Wasserloch im Auge zu behalten. Oft kommen L\u00f6wen, Geparden sowie\u00a0Leoparden vorbei und da w\u00e4re es doch schade, wenn nur die Nachbarn davon berichten k\u00f6nnten. Vorsicht ist beim Verlassen des Bungalow geboten ! L\u00f6wenspuren im Sand sind da schon ein guter Hinweis auch die n\u00e4chtlichen Besucher.<\/p>\n<hr \/>\n<p>&nbsp;<\/p>\n<\/div><\/div><\/div><div id=\"pgc-2109-0-1\"  class=\"panel-grid-cell\" ><div id=\"panel-2109-0-1-0\" class=\"so-panel widget widget_black-studio-tinymce widget_black_studio_tinymce panel-first-child panel-last-child\" data-index=\"1\" ><div class=\"textwidget\"><p><img loading=\"lazy\" decoding=\"async\" class=\"alignnone size-full wp-image-2111\" src=\"http:\/\/kruste.selfhost.me\/wordpress\/wp-content\/uploads\/2016\/04\/SAF_2413.jpg\" alt=\"SAF_2413\" width=\"659\" height=\"1000\" srcset=\"https:\/\/kruste.selfhost.me\/wordpress\/wp-content\/uploads\/2016\/04\/SAF_2413.jpg 659w, https:\/\/kruste.selfhost.me\/wordpress\/wp-content\/uploads\/2016\/04\/SAF_2413-99x150.jpg 99w, https:\/\/kruste.selfhost.me\/wordpress\/wp-content\/uploads\/2016\/04\/SAF_2413-198x300.jpg 198w, https:\/\/kruste.selfhost.me\/wordpress\/wp-content\/uploads\/2016\/04\/SAF_2413-506x768.jpg 506w\" sizes=\"auto, (max-width: 659px) 100vw, 659px\" \/><\/p>\n<\/div><\/div><\/div><\/div><div id=\"pg-2109-1\"  class=\"panel-grid panel-no-style\" ><div id=\"pgc-2109-1-0\"  class=\"panel-grid-cell\" ><div id=\"panel-2109-1-0-0\" class=\"so-panel widget widget_black-studio-tinymce widget_black_studio_tinymce panel-first-child\" data-index=\"2\" ><h3 class=\"widget-title\">Preise:<\/h3><div class=\"textwidget\"><hr \/>\n<ul>\n<li>1510 Rand f\u00fcr 2 Personen<\/li>\n<li>knapp 2000 Rand m\u00fcssen ab dem Jahr 2020 f\u00fcr den Bungalow bezahlt werden<\/li>\n<\/ul>\n<\/div><\/div><div id=\"panel-2109-1-0-1\" class=\"so-panel widget widget_black-studio-tinymce widget_black_studio_tinymce\" data-index=\"3\" ><h3 class=\"widget-title\">Kommunikation:<\/h3><div class=\"textwidget\"><div id=\"id4\" class=\"style_SkipStroke_4 shape-with-text\">\n<div class=\"text-content graphic_textbox_layout_style_default_External_138_130\">\n<div class=\"graphic_textbox_layout_style_default\">\n<hr \/>\n<p class=\"Caption\">Auch hier k\u00f6nnen PC und Handy aus bleiben. Kein Empfang der digitalen Welt.<\/p>\n<\/div>\n<\/div>\n<\/div>\n<\/div><\/div><div id=\"panel-2109-1-0-2\" class=\"so-panel widget widget_text\" data-index=\"4\" >\t\t\t<div class=\"textwidget\"><section class=\"parallax-section\">\n<div class=\"parallax-window\" data-z-index=\"1\" data-position-x=\"left\" data-parallax=\"scroll\" data-speed=\".3\" data-image-src=\"http:\/\/kruste.selfhost.me\/wordpress\/wp-content\/uploads\/2017\/12\/SAF_2726_web.jpg\" style=\"align-items: flex-start;min-height: 550px;\">\n<div class=\"parallax-container parallax-content\">\n<\/div>\n<\/div>\n<\/section>\n<\/div>\n\t\t<\/div><div id=\"panel-2109-1-0-3\" class=\"so-panel widget widget_black-studio-tinymce widget_black_studio_tinymce\" data-index=\"5\" ><h3 class=\"widget-title\">Anreise:<\/h3><div class=\"textwidget\"><hr \/>\n<p><span class=\"style_1\">Die Zufahrt zum Park ist bei Twee Rivieren m\u00f6glich und von diesen Punkten aus ist man nach gut 70 Kilometern am Ziel. Wer \u00fcber Mata Mata in den KTP einreist kommt nach gut 50 Kilometern in Urikaruus an.<\/span><\/p>\n<\/div><\/div><div id=\"panel-2109-1-0-4\" class=\"so-panel widget widget_black-studio-tinymce widget_black_studio_tinymce\" data-index=\"6\" ><h3 class=\"widget-title\">Meine Reisezeiten:<\/h3><div class=\"textwidget\"><hr \/>\n<ul>\n<li><span style=\"font-weight: 500; color: #000000;\">Oktober\u00a02015<\/span><\/li>\n<li>Januar\u00a02016<\/li>\n<li>Februar 2017<\/li>\n<li>November 2017<\/li>\n<li>Oktober 2019<\/li>\n<\/ul>\n<\/div><\/div><div id=\"panel-2109-1-0-5\" class=\"so-panel widget widget_black-studio-tinymce widget_black_studio_tinymce\" data-index=\"7\" ><h3 class=\"widget-title\">Das Wetter:<\/h3><div class=\"textwidget\"><hr \/>\n<ul>\n<li>Oktober\u00a02015<\/li>\n<\/ul>\n<p style=\"padding-left: 30px;\"><span class=\"style_1\">Die Temperatur lag tags\u00fcber bei 40\u00b0C und auch in der Nacht war es sehr warm. Regen gab es keinen und \u00fcber die Mittagszeit nutzten wir den Schattenplatz im Bungalow.\u00a0<\/span><\/p>\n<ul>\n<li>Januar\u00a02016<\/li>\n<\/ul>\n<p style=\"padding-left: 30px;\">Gute Bedingungen ! Ich hatte Gl\u00fcck und der Regen der letzten Tage war vorbei. Leichte Bew\u00f6lkung und Temperaturen um die 30 \u00b0C bestimmten den Tag.<\/p>\n<ul>\n<li>Februar\u00a02017<\/li>\n<\/ul>\n<p style=\"padding-left: 30px;\">Kein Regen und Temperaturen um die 30 \u00b0C machten den Aufenthalt zum Vergn\u00fcgen.<\/p>\n<ul>\n<li>November 2017\n<p>Tolles Wetter mit blauem Himmel und wundersch\u00f6nen Wolkenbildern am Abend.<\/p><\/li>\n<\/ul>\n<ul>\n<li>Oktober 2018\n<p>Sehr, sehr trocken und die Wasserl\u00f6cher 13 \/ 14 waren eine Entt\u00e4uschung. Die Umgehungsstra\u00dfe des Wasserloch 13 war gesperrt. Somit mussten alle Fahrzeuge am Wasserloch vorbei und das schreckte die Tier sicher ab sich dort aufzuhalten.<\/p><\/li>\n<\/ul>\n<\/div><\/div><div id=\"panel-2109-1-0-6\" class=\"so-panel widget widget_black-studio-tinymce widget_black_studio_tinymce\" data-index=\"8\" ><h3 class=\"widget-title\">Zimmer:<\/h3><div class=\"textwidget\"><hr \/>\n<p class=\"paragraph_style\">Die Aufteilung gef\u00e4llt mir sehr gut. Das Auto wird in einem Carport unter dem Schlafzimmer geparkt. Beim Verlassen des Fahrzeug steht man direkt vor einer kleinen Treppe welche zur K\u00fcche f\u00fchrt. Von hier geht es \u00fcber ein paar Stufen hinauf zum Schlafraum und Badezimmer. Wer fr\u00fch aufsteht kann so ohne Anderen zu st\u00f6ren schon einen Kaffee kochen und den Blick von der unteren Terrasse auf das Wasserloch genie\u00dfen. Weiter ist es m\u00f6glich vom Bett aus \u00fcber eine\u00a0zweite kleinere Terrasse, die Wasserstelle in der Nacht zu beobachten. Ein kurzer Blick, ob der Leopard zum trinken kommt ist so immer m\u00f6glich.<\/p>\n<p>Ausgestattet sind die Bungalows mit allem was ben\u00f6tigt wird und ein Ventilator verrichtet seinen Dienst wenn es mal zu hei\u00df sein sollte.<\/p>\n<p>Strom gibt es leider nur per\u00a0Solaranlage und dieser kann nicht f\u00fcr das Laden von Akkus oder zur Nutzung eigener Elektroger\u00e4te\u00a0verwendet\u00a0werden. K\u00fchlschrank und Herd werden jedoch \u00fcber Solarstrom versorgt.<\/p>\n<\/div><\/div><div id=\"panel-2109-1-0-7\" class=\"so-panel widget widget_black-studio-tinymce widget_black_studio_tinymce\" data-index=\"9\" ><div class=\"textwidget\"><p><img loading=\"lazy\" decoding=\"async\" class=\"size-full wp-image-2112 aligncenter\" src=\"http:\/\/kruste.selfhost.me\/wordpress\/wp-content\/uploads\/2016\/04\/DSC_2029.jpg\" alt=\"DSC_2029\" width=\"1400\" height=\"326\" srcset=\"https:\/\/kruste.selfhost.me\/wordpress\/wp-content\/uploads\/2016\/04\/DSC_2029.jpg 1400w, https:\/\/kruste.selfhost.me\/wordpress\/wp-content\/uploads\/2016\/04\/DSC_2029-150x35.jpg 150w, https:\/\/kruste.selfhost.me\/wordpress\/wp-content\/uploads\/2016\/04\/DSC_2029-300x70.jpg 300w, https:\/\/kruste.selfhost.me\/wordpress\/wp-content\/uploads\/2016\/04\/DSC_2029-768x179.jpg 768w, https:\/\/kruste.selfhost.me\/wordpress\/wp-content\/uploads\/2016\/04\/DSC_2029-1024x238.jpg 1024w, https:\/\/kruste.selfhost.me\/wordpress\/wp-content\/uploads\/2016\/04\/DSC_2029-700x163.jpg 700w\" sizes=\"auto, (max-width: 1400px) 100vw, 1400px\" \/><\/p>\n<\/div><\/div><div id=\"panel-2109-1-0-8\" class=\"so-panel widget widget_black-studio-tinymce widget_black_studio_tinymce\" data-index=\"10\" ><h3 class=\"widget-title\">K\u00fcche \/ Restaurant:<\/h3><div class=\"textwidget\"><hr \/>\n<p>Selbstversorgung ist angesagt. Der n\u00e4chste Shop ist in Mata Mata und somit gut 50 km entfernt. Da es eine der sch\u00f6nsten Strecke von Urikaruus bis Mata Mata ist, kann man Tiersichtungen und Tank \/ Einkaufstour gut kombinieren.\u00a0<\/p>\n<\/div><\/div><div id=\"panel-2109-1-0-9\" class=\"so-panel widget widget_black-studio-tinymce widget_black_studio_tinymce\" data-index=\"11\" ><h3 class=\"widget-title\">Personal:<\/h3><div class=\"textwidget\"><hr \/><p>Wie in allen Restcamps im Park gibt es Unterst\u00fctzung durch einen Angestellten, der in einem eigenen Bungalow in der N\u00e4he wohnt. Sollte es Probleme geben ( Schlangen, Skorpione, defektes Auto ....) gibt es dort\u00a0Hilfe.<\/p><p>Weiter ist es Pflicht einen \"Reisebeleg\" zu f\u00fchren. Diesen erh\u00e4lt man bei Einfahrt in den Park und er muss t\u00e4glich durch die Angestellten der Camps ausgef\u00fcllt bzw. einbehalten oder ausgegeben werden. So ist dokumentiert wohin und wann man im Park unterwegs ist. Bei Problemen eine gute Sache und eventuell sogar Lebenswichtig.<\/p><\/div><\/div><div id=\"panel-2109-1-0-10\" class=\"so-panel widget widget_black-studio-tinymce widget_black_studio_tinymce\" data-index=\"12\" ><h3 class=\"widget-title\">Aktivit\u00e4ten:<\/h3><div class=\"textwidget\"><hr \/>\n<p class=\"Caption\">Fr\u00fch an die Wasserl\u00f6cher 13 und 14. Sollte es Berichte \u00fcber gute Tiersichtungen an den Pl\u00e4tzen weiter im Norden geben ( Richtung Mata Mata, Wasserloch Dalkeith ) diese auf jeden Fall besuchen. Ich habe festgestellt, je fr\u00fcher die Besucher aus Richtung Mata Mata kommen desto weniger gab es dort zu sehen und man kann sich mit der Fahrt in diese Richtung etwas mehr Zeit lassen.<br \/>\nNach der ersten Tour geht es zur\u00fcck zum ( oft schon sp\u00e4tem ) Fr\u00fchst\u00fcck. Die Mittagszeit verbringt man am besten im Bungalow bevor es am fr\u00fchen Nachmittag wieder auf Tour zu den Wasserl\u00f6chern geht. Die Pause um die Mittagszeit ist sicher auch notwendig, da die N\u00e4chte recht kurz sind. Leopard, Gepard, L\u00f6wen und Hy\u00e4nen besuchen die Wasserstelle von Urikaruus gerne in der Nacht und da bleibt wenig Zeit zum schlafen.<\/p>\n<p class=\"Caption\">Im Februar 2017 war es um\u00a0Wasserl\u00f6cher 13 und 14 recht ruhig. Die besten Sichtungen gab es in Richtung S\u00fcden ( Gepard, Erdm\u00e4nnchen, Hy\u00e4nen ...).<\/p>\n<p>Im Oktober 2019 bin ich fast nur noch in Richtung S\u00fcden gefahren. Die Wasserl\u00f6cher 13 und 14 sowie die weitere Strecke bis Mata Mata waren, bedingt durch die Trockenheit, fast ohne Tiere. Leider oft ein trauriger Anblick.<\/p>\n<\/div><\/div><div id=\"panel-2109-1-0-11\" class=\"so-panel widget widget_black-studio-tinymce widget_black_studio_tinymce panel-last-child\" data-index=\"13\" ><h3 class=\"widget-title\">Tipps:<\/h3><div class=\"textwidget\"><hr \/>\n<ul>\n<li>Sollte es fr\u00fch am Morgen in der K\u00fcche fauchen und zischen braucht man nicht, wie ich, die halbe Nacht auf der Veranda verbringen um dann bei der Morgend\u00e4mmerung von der Terrasse zu klettern um Hilfe zu holen. Es ist sicher eine Fledermaus, die so \u00fcble Ger\u00e4usche macht und keine aufgebrachte Schlange.<\/li>\n<li>Taschenlampe und Trillerpfeife sind in der K\u00fcche gut aufgehoben, nur kommt man\u00a0nicht heran\u00a0wenn es dunkel ist und die \"Schlange\" dort faucht.<\/li>\n<li>Flederm\u00e4use und Kapkobra haben wir direkt vor dem Zimmer gesehen und die 7 L\u00f6wen lagen morgens auch noch dort.<\/li>\n<li>Auch der Honigdachs war im Oktober 2019 dem verhungern nahe und durchsuchte das Camp nach Nahrungsmitteln. Leider so extrem, dass das Tier gefangen werden musste und umgesiedelt wurde. Die Gefahr f\u00fcr die G\u00e4ste war durch dieses aggressive Tier einfach zu hoch.<\/li>\n<\/ul>\n<\/div><\/div><\/div><\/div><div id=\"pg-2109-2\"  class=\"panel-grid panel-no-style\" ><div id=\"pgc-2109-2-0\"  class=\"panel-grid-cell\" ><div id=\"panel-2109-2-0-0\" class=\"so-panel widget widget_black-studio-tinymce widget_black_studio_tinymce panel-first-child panel-last-child\" data-index=\"14\" ><div class=\"textwidget\"><p><img loading=\"lazy\" decoding=\"async\" class=\"size-full wp-image-2114 aligncenter\" src=\"http:\/\/kruste.selfhost.me\/wordpress\/wp-content\/uploads\/2016\/04\/SAF_3105.jpg\" alt=\"SAF_3105\" width=\"1400\" height=\"309\" srcset=\"https:\/\/kruste.selfhost.me\/wordpress\/wp-content\/uploads\/2016\/04\/SAF_3105.jpg 1400w, https:\/\/kruste.selfhost.me\/wordpress\/wp-content\/uploads\/2016\/04\/SAF_3105-150x33.jpg 150w, https:\/\/kruste.selfhost.me\/wordpress\/wp-content\/uploads\/2016\/04\/SAF_3105-300x66.jpg 300w, https:\/\/kruste.selfhost.me\/wordpress\/wp-content\/uploads\/2016\/04\/SAF_3105-768x170.jpg 768w, https:\/\/kruste.selfhost.me\/wordpress\/wp-content\/uploads\/2016\/04\/SAF_3105-1024x226.jpg 1024w, https:\/\/kruste.selfhost.me\/wordpress\/wp-content\/uploads\/2016\/04\/SAF_3105-700x155.jpg 700w\" sizes=\"auto, (max-width: 1400px) 100vw, 1400px\" \/><\/p>\n<\/div><\/div><\/div><\/div><\/div>","protected":false},"excerpt":{"rendered":"<p>Urikaruus, was f\u00fcr ein sch\u00f6nes Camp. Hier ist es sicher Gl\u00fccksache einen Bungalow zu bekommen und das, obwohl\u00a0die Buchung schon fast 1 Jahr im Voraus<\/p>\n","protected":false},"author":1,"featured_media":0,"parent":2073,"menu_order":0,"comment_status":"closed","ping_status":"closed","template":"","meta":{"footnotes":""},"class_list":["post-2109","page","type-page","status-publish","hentry"],"_links":{"self":[{"href":"https:\/\/kruste.selfhost.me\/wordpress\/index.php?rest_route=\/wp\/v2\/pages\/2109","targetHints":{"allow":["GET"]}}],"collection":[{"href":"https:\/\/kruste.selfhost.me\/wordpress\/index.php?rest_route=\/wp\/v2\/pages"}],"about":[{"href":"https:\/\/kruste.selfhost.me\/wordpress\/index.php?rest_route=\/wp\/v2\/types\/page"}],"author":[{"embeddable":true,"href":"https:\/\/kruste.selfhost.me\/wordpress\/index.php?rest_route=\/wp\/v2\/users\/1"}],"replies":[{"embeddable":true,"href":"https:\/\/kruste.selfhost.me\/wordpress\/index.php?rest_route=%2Fwp%2Fv2%2Fcomments&post=2109"}],"version-history":[{"count":1,"href":"https:\/\/kruste.selfhost.me\/wordpress\/index.php?rest_route=\/wp\/v2\/pages\/2109\/revisions"}],"predecessor-version":[{"id":2110,"href":"https:\/\/kruste.selfhost.me\/wordpress\/index.php?rest_route=\/wp\/v2\/pages\/2109\/revisions\/2110"}],"up":[{"embeddable":true,"href":"https:\/\/kruste.selfhost.me\/wordpress\/index.php?rest_route=\/wp\/v2\/pages\/2073"}],"wp:attachment":[{"href":"https:\/\/kruste.selfhost.me\/wordpress\/index.php?rest_route=%2Fwp%2Fv2%2Fmedia&parent=2109"}],"curies":[{"name":"wp","href":"https:\/\/api.w.org\/{rel}","templated":true}]}}