{"id":2261,"date":"2016-06-01T22:04:35","date_gmt":"2016-06-01T20:04:35","guid":{"rendered":"http:\/\/kruste.selfhost.me\/wordpress\/?page_id=2261"},"modified":"2016-06-21T13:22:13","modified_gmt":"2016-06-21T11:22:13","slug":"renaissance-hotel-kuala-lumpur","status":"publish","type":"page","link":"https:\/\/kruste.selfhost.me\/wordpress\/?page_id=2261","title":{"rendered":"Renaissance Hotel (Kuala Lumpur)"},"content":{"rendered":"<div id=\"pl-2261\"  class=\"panel-layout\" ><div id=\"pg-2261-0\"  class=\"panel-grid panel-no-style\" ><div id=\"pgc-2261-0-0\"  class=\"panel-grid-cell\" ><div id=\"panel-2261-0-0-0\" class=\"so-panel widget widget_black-studio-tinymce widget_black_studio_tinymce panel-first-child panel-last-child\" data-index=\"0\" ><div class=\"textwidget\"><div class=\"style_SkipStroke_2 shape-with-text flowDefining\">\n<div class=\"text-content style_External_485_494\">\n<div class=\"style\">\n<p>\u00a0<\/p>\n<p>Das Renaissance Hotel zeigte sich uns von zwei Seiten; traumhaft beim ersten Besuch bzw. abgewohnt und etwas schmuddelig auf der n\u00e4chsten Reise aber dazu mehr weiter unten auf dieser Seite. Die Lage und das Fr\u00fchst\u00fcck sind aber auf jeden Fall sehr gut.<\/p><\/div>\n<div class=\"style\">\u00a0<\/div>\n<div class=\"style\">Die Twin Towers sind vom Renaissance Hotel zu Fu\u00df in 5 Minuten erreichbar und die Schnellbahn h\u00e4lt vor der T\u00fcr. Wer etwas mehr Geld f\u00fcr das Zimmer bereit ist auszugeben und Wert auf einen guten Ausblick legt, wird in den oberen Etage des Hotel f\u00fcndig. Die Aussicht auf die in der Nacht beleuchteten\u00a0Twin Towers ist alleine schon ein Grund nach Kuala Lumpur zu reisen. \u00a0<\/div>\n<\/div>\n<\/div>\n<div class=\"style_SkipStroke_2 shape-with-text flowDefining\">\u00a0<\/div>\n<\/div><\/div><\/div><div id=\"pgc-2261-0-1\"  class=\"panel-grid-cell\" ><div id=\"panel-2261-0-1-0\" class=\"so-panel widget widget_black-studio-tinymce widget_black_studio_tinymce panel-first-child panel-last-child\" data-index=\"1\" ><div class=\"textwidget\"><p><img loading=\"lazy\" decoding=\"async\" class=\"alignnone size-full wp-image-2259\" src=\"http:\/\/kruste.selfhost.me\/wordpress\/wp-content\/uploads\/2016\/06\/mab_3077.jpg\" alt=\"mab_3077\" width=\"1024\" height=\"685\" srcset=\"https:\/\/kruste.selfhost.me\/wordpress\/wp-content\/uploads\/2016\/06\/mab_3077.jpg 1024w, https:\/\/kruste.selfhost.me\/wordpress\/wp-content\/uploads\/2016\/06\/mab_3077-150x100.jpg 150w, https:\/\/kruste.selfhost.me\/wordpress\/wp-content\/uploads\/2016\/06\/mab_3077-300x201.jpg 300w, https:\/\/kruste.selfhost.me\/wordpress\/wp-content\/uploads\/2016\/06\/mab_3077-768x514.jpg 768w, https:\/\/kruste.selfhost.me\/wordpress\/wp-content\/uploads\/2016\/06\/mab_3077-700x468.jpg 700w, https:\/\/kruste.selfhost.me\/wordpress\/wp-content\/uploads\/2016\/06\/mab_3077-272x182.jpg 272w\" sizes=\"auto, (max-width: 1024px) 100vw, 1024px\" \/><\/p>\n<\/div><\/div><\/div><\/div><div id=\"pg-2261-1\"  class=\"panel-grid panel-no-style\" ><div id=\"pgc-2261-1-0\"  class=\"panel-grid-cell\" ><div id=\"panel-2261-1-0-0\" class=\"so-panel widget widget_black-studio-tinymce widget_black_studio_tinymce panel-first-child\" data-index=\"2\" ><h3 class=\"widget-title\">Preise:<\/h3><div class=\"textwidget\"><hr \/>\n<ul>\n<li>Doppelzimmer inklusive Fr\u00fchst\u00fcck 60 \u20ac<\/li>\n<li>Bier 20 MYR ( im Hotel 30 MYR )<\/li>\n<li>Steakhouse 150 MYR (2 Personen)<\/li>\n<li>Fish and Chips im Hotelrestaurant 50 MYR<\/li>\n<li>Taxi (Flughafen - City ) 90 MYR . Im Jahr 2009 180 MYR f\u00fcr einen Van. <br \/> \u00a0 Achtung ! Beim Taxi immer auf das Taxameter bestehen. Sonst wird es teurer.<\/li>\n<li>Fahrt mit der Hochbahn 1,50 MYR<\/li>\n<li>Schnellbahn vom Flughafen zur Sentral Station 35 MYR<\/li>\n<li>Vogelpark 40 MYR<\/li>\n<li>Essen im Fernsehturm 150 MYR<\/li>\n<\/ul>\n<\/div><\/div><div id=\"panel-2261-1-0-1\" class=\"so-panel widget widget_black-studio-tinymce widget_black_studio_tinymce\" data-index=\"3\" ><div class=\"textwidget\"><p><img loading=\"lazy\" decoding=\"async\" class=\"size-full wp-image-2263 aligncenter\" src=\"http:\/\/kruste.selfhost.me\/wordpress\/wp-content\/uploads\/2016\/06\/mab_2970.jpg\" alt=\"mab_2970\" width=\"1024\" height=\"384\" srcset=\"https:\/\/kruste.selfhost.me\/wordpress\/wp-content\/uploads\/2016\/06\/mab_2970.jpg 1024w, https:\/\/kruste.selfhost.me\/wordpress\/wp-content\/uploads\/2016\/06\/mab_2970-150x56.jpg 150w, https:\/\/kruste.selfhost.me\/wordpress\/wp-content\/uploads\/2016\/06\/mab_2970-300x113.jpg 300w, https:\/\/kruste.selfhost.me\/wordpress\/wp-content\/uploads\/2016\/06\/mab_2970-768x288.jpg 768w, https:\/\/kruste.selfhost.me\/wordpress\/wp-content\/uploads\/2016\/06\/mab_2970-700x263.jpg 700w\" sizes=\"auto, (max-width: 1024px) 100vw, 1024px\" \/><\/p>\n<\/div><\/div><div id=\"panel-2261-1-0-2\" class=\"so-panel widget widget_black-studio-tinymce widget_black_studio_tinymce\" data-index=\"4\" ><h3 class=\"widget-title\">Anreise:<\/h3><div class=\"textwidget\"><hr \/>\n<p>F\u00fcr den Bus-Transfer\u00a0Terrangaru - KL haben wir\u00a0ca. 6 Stunden ben\u00f6tigt.<\/p>\n<\/div><\/div><div id=\"panel-2261-1-0-3\" class=\"so-panel widget widget_black-studio-tinymce widget_black_studio_tinymce\" data-index=\"5\" ><h3 class=\"widget-title\">Meine Reisezeiten:<\/h3><div class=\"textwidget\"><hr \/>\n<ul>\n<li>August 2006<\/li>\n<li>August 2007<\/li>\n<li>M\u00e4rz 2009<\/li>\n<\/ul>\n<p class=\"paragraph_style\">\u00a0<\/p>\n<\/div><\/div><div id=\"panel-2261-1-0-4\" class=\"so-panel widget widget_black-studio-tinymce widget_black_studio_tinymce\" data-index=\"6\" ><h3 class=\"widget-title\">Das Wetter:<\/h3><div class=\"textwidget\"><hr \/>\n<p class=\"paragraph_style\">August 2006 \/ 2007<\/p>\n<ul>\n<li>Sonnenschein im Wechsel mit Regen, wobei die Sonnen \u00fcberwog.<\/li>\n<\/ul>\n<p class=\"paragraph_style\">M\u00e4rz 2009<\/p>\n<ul>\n<li>\n<p>Circa 32 Grad und Sonne mit Gewittern und kr\u00e4ftigem Regen ab 19:00 Uhr.<\/p>\n<\/li>\n<\/ul>\n<\/div><\/div><div id=\"panel-2261-1-0-5\" class=\"so-panel widget widget_black-studio-tinymce widget_black_studio_tinymce\" data-index=\"7\" ><h3 class=\"widget-title\">Zimmer:<\/h3><div class=\"textwidget\"><hr \/>\n<p>Bei unserem ersten Aufenthalt hatten wir Gl\u00fcck ! Es gab ein kostenfreies Upgrade unseres\u00a0Doppelzimmer und so\u00a0konnten\u00a0wir\u00a0den\u00a0fantastischen Blick auf die Twin Towers genie\u00dfen. Das Zimmer war zudem sehr gut ausgestattet und es gab\u00a0bequeme\u00a0Betten.<\/p>\n<p>Bei unserem letzten Besuch sah die Sache leider\u00a0anders aus. Das Zimmer hatten schon bessere Zeiten gesehen und wirkte etwas schmuddelig aber so unterschiedlich kann das sein.<\/p>\n<p>Ich w\u00fcrde das\u00a0Renaissance Hotel in diesem Zustand\u00a0nicht mehr buchen.<\/p>\n<p>\u00a0<\/p>\n<\/div><\/div><div id=\"panel-2261-1-0-6\" class=\"so-panel widget widget_black-studio-tinymce widget_black_studio_tinymce\" data-index=\"8\" ><div class=\"textwidget\"><p style=\"text-align: center;\"><img loading=\"lazy\" decoding=\"async\" class=\"size-full wp-image-2264 aligncenter\" src=\"http:\/\/kruste.selfhost.me\/wordpress\/wp-content\/uploads\/2016\/06\/mab_2976.jpg\" alt=\"mab_2976\" width=\"1024\" height=\"218\" srcset=\"https:\/\/kruste.selfhost.me\/wordpress\/wp-content\/uploads\/2016\/06\/mab_2976.jpg 1024w, https:\/\/kruste.selfhost.me\/wordpress\/wp-content\/uploads\/2016\/06\/mab_2976-150x32.jpg 150w, https:\/\/kruste.selfhost.me\/wordpress\/wp-content\/uploads\/2016\/06\/mab_2976-300x64.jpg 300w, https:\/\/kruste.selfhost.me\/wordpress\/wp-content\/uploads\/2016\/06\/mab_2976-768x164.jpg 768w, https:\/\/kruste.selfhost.me\/wordpress\/wp-content\/uploads\/2016\/06\/mab_2976-700x149.jpg 700w\" sizes=\"auto, (max-width: 1024px) 100vw, 1024px\" \/><\/p>\n<\/div><\/div><div id=\"panel-2261-1-0-7\" class=\"so-panel widget widget_black-studio-tinymce widget_black_studio_tinymce\" data-index=\"9\" ><h3 class=\"widget-title\">K\u00fcche \/ Restaurant:<\/h3><div class=\"textwidget\"><hr \/>\n<p>Gebucht hatten wir unser Zimmer inklusive Fr\u00fchst\u00fcck und da gab es nicht zu meckern. Alles sehr k\u00f6stlich mit Obst, Kuchen und frischen Eiern. Eine Empfehlung wert.\u00a0<\/p>\n<\/div><\/div><div id=\"panel-2261-1-0-8\" class=\"so-panel widget widget_black-studio-tinymce widget_black_studio_tinymce\" data-index=\"10\" ><h3 class=\"widget-title\">Personal:<\/h3><div class=\"textwidget\"><hr \/><p style=\"color: #919191;\"><span style=\"color: #000000;\">Sehr freundlich aber viel Kontakt hatten wir nicht. Eine Bewertung kann ich nicht abgeben.<\/span><\/p><\/div><\/div><div id=\"panel-2261-1-0-9\" class=\"so-panel widget widget_black-studio-tinymce widget_black_studio_tinymce\" data-index=\"11\" ><h3 class=\"widget-title\">Aktivit\u00e4ten:<\/h3><div class=\"textwidget\"><hr \/>\n<p class=\"Caption\">Am Morgen eine Runde durch den Pool, dann das gute Fr\u00fchst\u00fcck genie\u00dfen bevor es zum Einkaufen in die Stadt geht. Am Nachmittag eine Pause auf dem Zimmer und danach die Twin Towers bestaunen und ein Steak im San Francisco Steakhouse verspeisen.\u00a0<\/p>\n<\/div><\/div><div id=\"panel-2261-1-0-10\" class=\"so-panel widget widget_black-studio-tinymce widget_black_studio_tinymce panel-last-child\" data-index=\"12\" ><h3 class=\"widget-title\">Tipps:<\/h3><div class=\"textwidget\"><hr \/>\n<ul>\n<li>Besuch der Twin Towers<\/li>\n<li>Einkaufen in der 1\u2018st Utama Mall<\/li>\n<li>KLCC ( gehobene Mall unterhalb der Twin Towers )<\/li>\n<li>Besuch des Aquariums an den Twin Towers<\/li>\n<li>San Francisco Steakhouse<\/li>\n<li>Blick von \u00fcber 400 Meter hohen Fernsehturm<\/li>\n<\/ul>\n<\/div><\/div><\/div><\/div><div id=\"pg-2261-2\"  class=\"panel-grid panel-no-style\" ><div id=\"pgc-2261-2-0\"  class=\"panel-grid-cell\" ><div id=\"panel-2261-2-0-0\" class=\"so-panel widget widget_black-studio-tinymce widget_black_studio_tinymce panel-first-child\" data-index=\"13\" ><h3 class=\"widget-title\">Sicherheit:<\/h3><div class=\"textwidget\"><hr \/>\n<p class=\"paragraph_style\">Wir hatten zu keiner Zeit das Gef\u00fchl, dass es in Kuala Lumpur unsicher ist. Wie \u00fcberall\u00a0gilt es grundlegende Vorsichtsma\u00dfnahmen zu beachten und zum Beispiel keine Geldb\u00f6rse locker in der Hosentasche zu verstauen oder den Rucksack in dichtem Gedr\u00e4nge eventuell mal vor die Brust zu nehmen.<\/p>\n<\/div><\/div><div id=\"panel-2261-2-0-1\" class=\"so-panel widget widget_black-studio-tinymce widget_black_studio_tinymce\" data-index=\"14\" ><h3 class=\"widget-title\">Klartext:<\/h3><div class=\"textwidget\"><hr \/>\n<p style=\"color: #919191;\"><span style=\"color: #000000;\">Bei unserem ersten Besuch des Renaissance Hotel h\u00e4tte ich mir kein besseren Ort f\u00fcr die \u00dcbernachtung in KL vorstellen k\u00f6nnen. Leider \u00e4nderte sich dies und ich w\u00fcrde es mir heute zweimal \u00fcberlegen diese Unterkunft\u00a0zu buchen, es sein denn da ist wieder ein Special f\u00fcr das\u00a0Zimmer mit Blick auf die Twin Towers\u00a0.<\/span><\/p>\n<\/div><\/div><div id=\"panel-2261-2-0-2\" class=\"so-panel widget widget_black-studio-tinymce widget_black_studio_tinymce panel-last-child\" data-index=\"15\" ><div class=\"textwidget\"><p style=\"text-align: center;\"><img loading=\"lazy\" decoding=\"async\" class=\"size-full wp-image-2265 aligncenter\" src=\"http:\/\/kruste.selfhost.me\/wordpress\/wp-content\/uploads\/2016\/06\/mab_2990.jpg\" alt=\"mab_2990\" width=\"1024\" height=\"355\" srcset=\"https:\/\/kruste.selfhost.me\/wordpress\/wp-content\/uploads\/2016\/06\/mab_2990.jpg 1024w, https:\/\/kruste.selfhost.me\/wordpress\/wp-content\/uploads\/2016\/06\/mab_2990-150x52.jpg 150w, https:\/\/kruste.selfhost.me\/wordpress\/wp-content\/uploads\/2016\/06\/mab_2990-300x104.jpg 300w, https:\/\/kruste.selfhost.me\/wordpress\/wp-content\/uploads\/2016\/06\/mab_2990-768x266.jpg 768w, https:\/\/kruste.selfhost.me\/wordpress\/wp-content\/uploads\/2016\/06\/mab_2990-700x243.jpg 700w\" sizes=\"auto, (max-width: 1024px) 100vw, 1024px\" \/><\/p>\n<\/div><\/div><\/div><\/div><\/div>","protected":false},"excerpt":{"rendered":"<p>\u00a0Das Renaissance Hotel zeigte sich uns von zwei Seiten; traumhaft beim ersten Besuch bzw. abgewohnt und etwas schmuddelig auf der n\u00e4chsten Reise aber dazu mehr<\/p>\n","protected":false},"author":1,"featured_media":0,"parent":2255,"menu_order":0,"comment_status":"closed","ping_status":"closed","template":"","meta":{"footnotes":""},"class_list":["post-2261","page","type-page","status-publish","hentry"],"_links":{"self":[{"href":"https:\/\/kruste.selfhost.me\/wordpress\/index.php?rest_route=\/wp\/v2\/pages\/2261","targetHints":{"allow":["GET"]}}],"collection":[{"href":"https:\/\/kruste.selfhost.me\/wordpress\/index.php?rest_route=\/wp\/v2\/pages"}],"about":[{"href":"https:\/\/kruste.selfhost.me\/wordpress\/index.php?rest_route=\/wp\/v2\/types\/page"}],"author":[{"embeddable":true,"href":"https:\/\/kruste.selfhost.me\/wordpress\/index.php?rest_route=\/wp\/v2\/users\/1"}],"replies":[{"embeddable":true,"href":"https:\/\/kruste.selfhost.me\/wordpress\/index.php?rest_route=%2Fwp%2Fv2%2Fcomments&post=2261"}],"version-history":[{"count":1,"href":"https:\/\/kruste.selfhost.me\/wordpress\/index.php?rest_route=\/wp\/v2\/pages\/2261\/revisions"}],"predecessor-version":[{"id":2262,"href":"https:\/\/kruste.selfhost.me\/wordpress\/index.php?rest_route=\/wp\/v2\/pages\/2261\/revisions\/2262"}],"up":[{"embeddable":true,"href":"https:\/\/kruste.selfhost.me\/wordpress\/index.php?rest_route=\/wp\/v2\/pages\/2255"}],"wp:attachment":[{"href":"https:\/\/kruste.selfhost.me\/wordpress\/index.php?rest_route=%2Fwp%2Fv2%2Fmedia&parent=2261"}],"curies":[{"name":"wp","href":"https:\/\/api.w.org\/{rel}","templated":true}]}}