{"id":2365,"date":"2016-08-21T15:28:04","date_gmt":"2016-08-21T13:28:04","guid":{"rendered":"http:\/\/kruste.selfhost.me\/wordpress\/?page_id=2365"},"modified":"2020-07-31T06:22:55","modified_gmt":"2020-07-31T04:22:55","slug":"onguma-the-fort-etosha","status":"publish","type":"page","link":"https:\/\/kruste.selfhost.me\/wordpress\/?page_id=2365","title":{"rendered":"Onguma The Fort (\u00f6stlich Etosha)"},"content":{"rendered":"<div id=\"pl-2365\"  class=\"panel-layout\" ><div id=\"pg-2365-0\"  class=\"panel-grid panel-no-style\" ><div id=\"pgc-2365-0-0\"  class=\"panel-grid-cell\" ><div id=\"panel-2365-0-0-0\" class=\"so-panel widget widget_black-studio-tinymce widget_black_studio_tinymce panel-first-child panel-last-child\" data-index=\"0\" ><div class=\"textwidget\"><div class=\"style_SkipStroke_2 shape-with-text flowDefining\">\n<div class=\"text-content style_External_485_494\">\n<div class=\"style\">\n<hr \/>\n<\/div>\n<div class=\"style\"><\/div>\n<div class=\"style\">\n<div class=\"style\">\n<p>Jetzt haben wir es uns einmal geg\u00f6nnt und was soll ich sagen, es war jeden Cent wert.<\/p>\n<p>Nach unserem letzten Besuch des Onguma Tree Top Camp haben wir oft an diesen sch\u00f6nen Platz gedacht und im Hinterkopf kreisten die Gedanken an eine erneute Reise nach Namibia. Im Juli 2016 ergriffen wir die Chance und besuchten das <a href=\"https:\/\/onguma.com\/de\/onguma-the-fort-ger\/\" target=\"_blank\" rel=\"noopener\">Onguma \"The Fort\"<\/a>.<\/p>\n<p>Mit hohen, wenn nicht sogar sehr hohen, Erwartungen reisten wir aus dem Etoscha Park an und schon der Empfang war herzlich. Es erfolgte eine kurze Einweisung auf deutsch und mir fielen schon jetzt die liebevollen Details der Inneneinrichtung auf, die \u00fcberall verstreut waren. Ob es T\u00fcrgriffe, Beleuchtung oder einfach die kleinen Hinweisschilder waren, alles passte perfekt und wir f\u00fchlen uns sofort wohl.<\/p>\n<p>Die Lodge \u00a0\"The Fort\" besteht aus einem Haupthaus, in dem sich Restaurant, Lobby und ein kleiner Shop befinden sowie 12 sehr komfortablen Bush Villen. Bei den Villen\u00a0handelt es sich um freistehende Geb\u00e4ude, welche rechts und links vom Haupthaus verteilt angeordnet\u00a0sind.<br \/>\nAuch wenn die Entfernungen zwischen den einzelnen Bauteilen nicht sehr gro\u00df sind ist es nicht erlaubt diese zu Fuss zu gehen. Wir haben zwei der Gr\u00fcnde gesehen und die beiden L\u00f6wen waren recht imposant.<\/p>\n<p>Das \"The Fort\" bietet alles ( und noch mehr ), was f\u00fcr sch\u00f6ne und erholsame Tage notwendig ist und wer m\u00f6chte kann kleine\u00a0Abenteuer w\u00e4hrend der Ausfahrten in den Etosha National Park erleben.<\/p>\n<hr \/>\n<p>&nbsp;<\/p><\/div>\n<\/div>\n<\/div>\n<\/div>\n<\/div><\/div><\/div><div id=\"pgc-2365-0-1\"  class=\"panel-grid-cell\" ><div id=\"panel-2365-0-1-0\" class=\"so-panel widget widget_black-studio-tinymce widget_black_studio_tinymce panel-first-child panel-last-child\" data-index=\"1\" ><div class=\"textwidget\"><p><img loading=\"lazy\" decoding=\"async\" class=\"aligncenter size-full wp-image-7479\" src=\"http:\/\/kruste.selfhost.me\/wordpress\/wp-content\/uploads\/2020\/07\/NAM2412-scaled.jpg\" alt=\"\" width=\"2560\" height=\"2450\" srcset=\"https:\/\/kruste.selfhost.me\/wordpress\/wp-content\/uploads\/2020\/07\/NAM2412-scaled.jpg 2560w, https:\/\/kruste.selfhost.me\/wordpress\/wp-content\/uploads\/2020\/07\/NAM2412-300x287.jpg 300w, https:\/\/kruste.selfhost.me\/wordpress\/wp-content\/uploads\/2020\/07\/NAM2412-1024x980.jpg 1024w, https:\/\/kruste.selfhost.me\/wordpress\/wp-content\/uploads\/2020\/07\/NAM2412-150x144.jpg 150w, https:\/\/kruste.selfhost.me\/wordpress\/wp-content\/uploads\/2020\/07\/NAM2412-768x735.jpg 768w, https:\/\/kruste.selfhost.me\/wordpress\/wp-content\/uploads\/2020\/07\/NAM2412-1536x1470.jpg 1536w, https:\/\/kruste.selfhost.me\/wordpress\/wp-content\/uploads\/2020\/07\/NAM2412-2048x1960.jpg 2048w\" sizes=\"auto, (max-width: 2560px) 100vw, 2560px\" \/><\/p>\n<\/div><\/div><\/div><\/div><div id=\"pg-2365-1\"  class=\"panel-grid panel-no-style\" ><div id=\"pgc-2365-1-0\"  class=\"panel-grid-cell\" ><div id=\"panel-2365-1-0-0\" class=\"so-panel widget widget_black-studio-tinymce widget_black_studio_tinymce panel-first-child\" data-index=\"2\" ><h3 class=\"widget-title\">Preise:<\/h3><div class=\"textwidget\"><hr \/>\n<p class=\"Caption\"><i>Spezielles \u00dcbernachtungspaket 15096\u00a0N$ f\u00fcr 3 N\u00e4chte inklusive Halbpension ( pro Villa\u00a0)<\/i><\/p>\n<ul>\n<li><i style=\"font-family: sans-serif; font-variant: normal; line-height: normal;\">Bier 25 N$<\/i><\/li>\n<li><i style=\"font-family: sans-serif; font-variant: normal; line-height: normal;\">Wasser gro\u00df\u00a020 N$<\/i><br \/><i style=\"font-family: sans-serif; font-variant: normal; line-height: normal;\"><\/i><\/li>\n<li><i style=\"font-family: sans-serif; font-variant: normal; line-height: normal;\">Flasche Wein 175 N$<br \/><\/i><\/li>\n<li><i style=\"font-family: sans-serif; font-variant: normal; line-height: normal;\">Lunch 160 N$<\/i><\/li>\n<\/ul>\n<\/div><\/div><div id=\"panel-2365-1-0-1\" class=\"so-panel widget widget_black-studio-tinymce widget_black_studio_tinymce\" data-index=\"3\" ><h3 class=\"widget-title\">Kommunikation:<\/h3><div class=\"textwidget\"><div id=\"id4\" class=\"style_SkipStroke_4 shape-with-text\">\n<div class=\"text-content graphic_textbox_layout_style_default_External_138_130\">\n<div class=\"graphic_textbox_layout_style_default\">\n<hr \/>\n<p class=\"Caption\">Per Mobilfunk ist man erreichbar und ein schneller Internetzugang ist\u00a0kostenfrei m\u00f6glich.<\/p>\n<\/div>\n<\/div>\n<\/div>\n<\/div><\/div><div id=\"panel-2365-1-0-2\" class=\"so-panel widget widget_text\" data-index=\"4\" >\t\t\t<div class=\"textwidget\"><section class=\"parallax-section\">\n<div class=\"parallax-window\" data-z-index=\"1\" data-position-x=\"left\" data-parallax=\"scroll\" data-speed=\".3\" data-image-src=\"http:\/\/kruste.selfhost.me\/wordpress\/wp-content\/uploads\/2016\/08\/NAM2200.jpg\" style=\"align-items: flex-start;min-height: 550px;\">\n<div class=\"parallax-container parallax-content\">\n<\/div>\n<\/div>\n<\/section>\n<\/div>\n\t\t<\/div><div id=\"panel-2365-1-0-3\" class=\"so-panel widget widget_black-studio-tinymce widget_black_studio_tinymce\" data-index=\"5\" ><h3 class=\"widget-title\">Anreise:<\/h3><div class=\"textwidget\"><hr \/>\n<p style=\"color: #919191;\"><span style=\"color: #000000;\">Wir waren froh, dass die Anreise aus dem Etosha National Park ( Namutoni Fort ) mit knapp 30 Kilometern sehr kurz war. Nach den langen Wegen und vielen Stationen auf unserer Reise eine richtige Erholung.<\/span><\/p>\n<\/div><\/div><div id=\"panel-2365-1-0-4\" class=\"so-panel widget widget_black-studio-tinymce widget_black_studio_tinymce\" data-index=\"6\" ><h3 class=\"widget-title\">Meine Reisezeiten:<\/h3><div class=\"textwidget\"><hr \/>\n<ul>\n<li>Juli 2016<\/li>\n<li>Januar 2018<\/li>\n<\/ul>\n<\/div><\/div><div id=\"panel-2365-1-0-5\" class=\"so-panel widget widget_black-studio-tinymce widget_black_studio_tinymce\" data-index=\"7\" ><h3 class=\"widget-title\">Das Wetter:<\/h3><div class=\"textwidget\"><hr \/>\n<p class=\"paragraph_style\">Juli 2016<\/p>\n<ul>\n<li>Die Temperaturen schwankten am Tag zwischen 20\u00b0C und 25\u00b0C. Die N\u00e4chte waren angenehm doch wir freuten uns \u00fcber geheizte Zimmer und ein offenes Feuer beim Dinner. Die Temperatur lag Nachts um die 10\u00b0C.<\/li>\n<\/ul>\n<p>Januar 2018<\/p>\n<ul>\n<li>Angenehme Temperaturen um die 33\u00b0C und zeitweise sehr kr\u00e4ftige Regenschauer.<\/li>\n<\/ul>\n<\/div><\/div><div id=\"panel-2365-1-0-6\" class=\"so-panel widget widget_black-studio-tinymce widget_black_studio_tinymce\" data-index=\"8\" ><h3 class=\"widget-title\">Zimmer:<\/h3><div class=\"textwidget\"><hr \/>\n<p style=\"color: #919191;\"><span style=\"color: #000000;\">Sehr sch\u00f6n und wirklich gem\u00fctlich. Ob es die kleine Aussendusche auf dem Sonnendeck war oder der Kamin im Zimmer, es passte alles. Die gro\u00dfen Glast\u00fcren der Villen boten auch aus dem Bett einen freien Blick auf den Busch und nicht selten gab es Schakale oder Antilopen zu bewundern.<\/span><\/p>\n<p><span style=\"color: #000000;\">Herrlich\u00a0auch die Stimmung zum Sundowner. Die Lage der Villen ist\u00a0optimal zur Abendsonne ausgerichtet und bei traumhaften Licht w\u00fcnschte man sich, dass der Sonnenuntergang l\u00e4nger andauern w\u00fcrde.<\/span><\/p>\n<p><span style=\"color: #000000;\">U<\/span><span style=\"color: #000000;\">ns fehlte es an nichts<\/span>.<\/p>\n<\/div><\/div><div id=\"panel-2365-1-0-7\" class=\"so-panel widget widget_black-studio-tinymce widget_black_studio_tinymce\" data-index=\"9\" ><div class=\"textwidget\"><p><img loading=\"lazy\" decoding=\"async\" class=\"aligncenter size-full wp-image-7376\" src=\"http:\/\/kruste.selfhost.me\/wordpress\/wp-content\/uploads\/2020\/06\/NAM2548_kruste_beitrag.jpg\" alt=\"\" width=\"1000\" height=\"565\" srcset=\"https:\/\/kruste.selfhost.me\/wordpress\/wp-content\/uploads\/2020\/06\/NAM2548_kruste_beitrag.jpg 1000w, https:\/\/kruste.selfhost.me\/wordpress\/wp-content\/uploads\/2020\/06\/NAM2548_kruste_beitrag-300x170.jpg 300w, https:\/\/kruste.selfhost.me\/wordpress\/wp-content\/uploads\/2020\/06\/NAM2548_kruste_beitrag-150x85.jpg 150w, https:\/\/kruste.selfhost.me\/wordpress\/wp-content\/uploads\/2020\/06\/NAM2548_kruste_beitrag-768x434.jpg 768w\" sizes=\"auto, (max-width: 1000px) 100vw, 1000px\" \/><\/p>\n<\/div><\/div><div id=\"panel-2365-1-0-8\" class=\"so-panel widget widget_black-studio-tinymce widget_black_studio_tinymce\" data-index=\"10\" ><h3 class=\"widget-title\">K\u00fcche \/ Restaurant:<\/h3><div class=\"textwidget\"><hr \/>\n<p style=\"color: #919191;\"><span style=\"color: #000000;\">Sehr lecker. <\/span><\/p>\n<p style=\"color: #919191;\"><span style=\"color: #000000;\">Ob Fr\u00fchst\u00fcck mit frischem Obst und Omelett oder 4 G\u00e4nge Dinner, wir haben es genossen.<br \/>\nAber nicht nur das Essen war ein Gedicht auch der Besuch des Weinkellers \u00fcberw\u00e4ltigte uns und wer erwartet\u00a0schon einen Weinkeller in Namibia.\u00a0<\/span><\/p>\n<\/div><\/div><div id=\"panel-2365-1-0-9\" class=\"so-panel widget widget_black-studio-tinymce widget_black_studio_tinymce\" data-index=\"11\" ><h3 class=\"widget-title\">Personal:<\/h3><div class=\"textwidget\"><hr \/><p style=\"color: #919191;\"><span style=\"color: #000000;\">\u00dcberaus zuvorkommend. Ob es das Geburtstagsst\u00e4ndchen der Angestellten oder der Empfang durch die Managerin war, wir f\u00fchlten uns sehr freundlich aufgenommen und w\u00e4ren gerne l\u00e4nger geblieben. Das Niveau war hoch aber nicht abgehoben und interessante Gespr\u00e4che mit den Angestellten gaben einen kleinen Einblick in deren\u00a0Lebensweise, danke daf\u00fcr.<\/span><\/p><\/div><\/div><div id=\"panel-2365-1-0-10\" class=\"so-panel widget widget_black-studio-tinymce widget_black_studio_tinymce\" data-index=\"12\" ><h3 class=\"widget-title\">Aktivit\u00e4ten:<\/h3><div class=\"textwidget\"><hr \/>\n<p class=\"Caption\">Die Anlage liegt vor den Toren des Etosha Park. Ausfl\u00fcge in das Naturreservat sind ein muss aber auch ein oder zwei Tage Chillen und das Ambiente der Anlage genie\u00dfen geht auch. Der kleine Pool l\u00e4dt mit recht kaltem Wasser nur f\u00fcr einen kurzen Besuch ein.<\/p>\n<\/div><\/div><div id=\"panel-2365-1-0-11\" class=\"so-panel widget widget_black-studio-tinymce widget_black_studio_tinymce panel-last-child\" data-index=\"13\" ><h3 class=\"widget-title\">Tipps:<\/h3><div class=\"textwidget\"><hr \/>\n<ul>\n<li><span style=\"color: #000000;\">Ausflug in den Etosha Park<\/span><\/li>\n<li><span style=\"color: #000000;\">Zeit f\u00fcr den Ausblick vom eigenen Sonnendeck\u00a0nehmen.<\/span><\/li>\n<li><span style=\"color: #000000;\">Sonnenuntergang<\/span><span style=\"color: #000000;\">\u00a0genie\u00dfen so lange wie es nur geht.<\/span><\/li>\n<li><span style=\"color: #000000;\">Chillen am Pool\u00a0<\/span><\/li>\n<li>Sonnenaufgang vom Aussichtsturm ansehen auch wenn es fr\u00fch ist.<\/li>\n<\/ul>\n<\/div><\/div><\/div><\/div><div id=\"pg-2365-2\"  class=\"panel-grid panel-no-style\" ><div id=\"pgc-2365-2-0\"  class=\"panel-grid-cell\" ><div id=\"panel-2365-2-0-0\" class=\"so-panel widget widget_black-studio-tinymce widget_black_studio_tinymce panel-first-child\" data-index=\"14\" ><h3 class=\"widget-title\">Sicherheit:<\/h3><div class=\"textwidget\"><hr \/>\n<p class=\"paragraph_style\">Kein Problem. Die Zimmer haben\u00a0nur einen Riegel vor der T\u00fcr und sind f\u00fcr jeden zug\u00e4nglich.<br \/>Gedanken \u00fcber einen m\u00f6glichen Diebstahl haben wir uns dabei nie gemacht.<\/p>\n<p class=\"paragraph_style\">Aufpassen sollte man jedoch vor den L\u00f6wen in der Umgebung und die Hinweise nicht zu Fu\u00df durch die Gegend zu laufen, sollten unbedingt beachtet werden ! Die beiden L\u00f6wen, welche\u00a0wir gesehen haben, waren recht flink unterwegs und sie sind schnell, sehr schnell.<\/p>\n<\/div><\/div><div id=\"panel-2365-2-0-1\" class=\"so-panel widget widget_black-studio-tinymce widget_black_studio_tinymce\" data-index=\"15\" ><h3 class=\"widget-title\">Klartext:<\/h3><div class=\"textwidget\"><hr \/>\n<p style=\"color: #919191;\">\u00a0<\/p>\n<p>Ich habe wirklich nichts anzumerken, was man verbessern k\u00f6nnte.<\/p>\n<\/div><\/div><div id=\"panel-2365-2-0-2\" class=\"so-panel widget widget_black-studio-tinymce widget_black_studio_tinymce\" data-index=\"16\" ><div class=\"textwidget\"><p><img loading=\"lazy\" decoding=\"async\" class=\"aligncenter size-full wp-image-7053\" src=\"http:\/\/kruste.selfhost.me\/wordpress\/wp-content\/uploads\/2019\/12\/NAM_4168.jpg\" alt=\"\" width=\"1280\" height=\"558\" srcset=\"https:\/\/kruste.selfhost.me\/wordpress\/wp-content\/uploads\/2019\/12\/NAM_4168.jpg 1280w, https:\/\/kruste.selfhost.me\/wordpress\/wp-content\/uploads\/2019\/12\/NAM_4168-150x65.jpg 150w, https:\/\/kruste.selfhost.me\/wordpress\/wp-content\/uploads\/2019\/12\/NAM_4168-300x131.jpg 300w, https:\/\/kruste.selfhost.me\/wordpress\/wp-content\/uploads\/2019\/12\/NAM_4168-768x335.jpg 768w, https:\/\/kruste.selfhost.me\/wordpress\/wp-content\/uploads\/2019\/12\/NAM_4168-1024x446.jpg 1024w, https:\/\/kruste.selfhost.me\/wordpress\/wp-content\/uploads\/2019\/12\/NAM_4168-700x305.jpg 700w\" sizes=\"auto, (max-width: 1280px) 100vw, 1280px\" \/><\/p>\n<\/div><\/div><div id=\"panel-2365-2-0-3\" class=\"so-panel widget widget_origin_button panel-last-child\" data-index=\"17\" ><div class=\"origin-widget origin-widget-button origin-widget-button-simple-black align-center\"><a href=\"https:\/\/kruste.selfhost.me\/wordpress\/?page_id=2684\" \n>\n\tEindr\u00fccke Onguma The Fort<\/a>\n<\/div><\/div><\/div><\/div><\/div>","protected":false},"excerpt":{"rendered":"<p>Jetzt haben wir es uns einmal geg\u00f6nnt und was soll ich sagen, es war jeden Cent wert. Nach unserem letzten Besuch des Onguma Tree Top<\/p>\n","protected":false},"author":1,"featured_media":0,"parent":834,"menu_order":0,"comment_status":"closed","ping_status":"closed","template":"","meta":{"footnotes":""},"class_list":["post-2365","page","type-page","status-publish","hentry"],"_links":{"self":[{"href":"https:\/\/kruste.selfhost.me\/wordpress\/index.php?rest_route=\/wp\/v2\/pages\/2365","targetHints":{"allow":["GET"]}}],"collection":[{"href":"https:\/\/kruste.selfhost.me\/wordpress\/index.php?rest_route=\/wp\/v2\/pages"}],"about":[{"href":"https:\/\/kruste.selfhost.me\/wordpress\/index.php?rest_route=\/wp\/v2\/types\/page"}],"author":[{"embeddable":true,"href":"https:\/\/kruste.selfhost.me\/wordpress\/index.php?rest_route=\/wp\/v2\/users\/1"}],"replies":[{"embeddable":true,"href":"https:\/\/kruste.selfhost.me\/wordpress\/index.php?rest_route=%2Fwp%2Fv2%2Fcomments&post=2365"}],"version-history":[{"count":2,"href":"https:\/\/kruste.selfhost.me\/wordpress\/index.php?rest_route=\/wp\/v2\/pages\/2365\/revisions"}],"predecessor-version":[{"id":3263,"href":"https:\/\/kruste.selfhost.me\/wordpress\/index.php?rest_route=\/wp\/v2\/pages\/2365\/revisions\/3263"}],"up":[{"embeddable":true,"href":"https:\/\/kruste.selfhost.me\/wordpress\/index.php?rest_route=\/wp\/v2\/pages\/834"}],"wp:attachment":[{"href":"https:\/\/kruste.selfhost.me\/wordpress\/index.php?rest_route=%2Fwp%2Fv2%2Fmedia&parent=2365"}],"curies":[{"name":"wp","href":"https:\/\/api.w.org\/{rel}","templated":true}]}}