{"id":2447,"date":"2017-01-17T15:01:50","date_gmt":"2017-01-17T13:01:50","guid":{"rendered":"http:\/\/kruste.selfhost.me\/wordpress\/?page_id=2447"},"modified":"2023-07-25T09:59:39","modified_gmt":"2023-07-25T07:59:39","slug":"blog-2017-suedafrika","status":"publish","type":"page","link":"https:\/\/kruste.selfhost.me\/wordpress\/?page_id=2447","title":{"rendered":"BLOG 2017 (S\u00fcdafrika, Kgalagadi Transfrontier Park)"},"content":{"rendered":"<div id=\"pl-2447\"  class=\"panel-layout\" ><div id=\"pg-2447-0\"  class=\"panel-grid panel-no-style\" ><div id=\"pgc-2447-0-0\"  class=\"panel-grid-cell\" ><div id=\"panel-2447-0-0-0\" class=\"so-panel widget panel-first-child\" data-index=\"0\" ><\/div><div id=\"panel-2447-0-0-1\" class=\"so-panel widget widget_black-studio-tinymce widget_black_studio_tinymce panel-last-child\" data-index=\"1\" ><div class=\"textwidget\"><div class=\"article-main-content\">\n<div class=\"article-content\">\n<div class=\"article-main-content\">\n<div class=\"article-content\">\n<p><span style=\"text-decoration: underline;\"><strong>Die Reisedaten<\/strong><\/span>\u00a0<\/p>\n<p>20.01.2017<\/p>\n<ul>\n<li>Flug \u00fcber Paris\u00a0nach Johannesburg <span style=\"color: #99cc00;\">(A)<\/span><\/li>\n<\/ul>\n<p>21.01.2017 bis 23.01.2017<\/p>\n<ul>\n<li>Anfahrt zum Kgalagadi Transfrontier Park (KTP) mit Stopp bei Hottie und Sarah <span style=\"color: #99cc00;\">(B)<\/span> sowie den Augrabies Falls <span style=\"color: #99cc00;\">(C)<\/span>. ( Rund 1300 Kilometer Strecke, one way )<\/li>\n<\/ul>\n<p>23.01.2017 - 05.02.2017<\/p>\n<ul>\n<li>KTP <span style=\"color: #99cc00;\">(D)<\/span> mit \u00dcbernachtungen im Tented Camp, Nossob, Grootkolk, Gharagab, Urikaruus und Bitterpan. ( 4x4 Fahrzeug notwendig und 12 Tage ohne 220V Stromversorgung )<\/li>\n<\/ul>\n<p>05.02.107 - 06.02.2017<\/p>\n<ul>\n<li>R\u00fcckreise KTP - Johannesburg mit Stopp in Kuruman<\/li>\n<\/ul>\n<p>06.02.2017<\/p>\n<ul>\n<li>R\u00fcckflug von Johannesburg \u00fcber Paris nach Hannover<\/li>\n<\/ul>\n<p>\u00a0<\/p>\n<p>\u00a0<\/p>\n<\/div>\n<\/div>\n<\/div>\n<\/div>\n<\/div><\/div><\/div><div id=\"pgc-2447-0-1\"  class=\"panel-grid-cell\" ><div id=\"panel-2447-0-1-0\" class=\"so-panel widget widget_origin_button panel-first-child panel-last-child\" data-index=\"2\" ><div class=\"origin-widget origin-widget-button origin-widget-button-simple-black align-right\"><a href=\"https:\/\/kruste.selfhost.me\/wordpress\/?page_id=8145&#038;preview=true\" \ntarget=\"_blank\" rel=\"noopener noreferrer\">\n\tReiseroute<\/a>\n<\/div><\/div><\/div><\/div><div id=\"pg-2447-1\"  class=\"panel-grid panel-no-style\" ><div id=\"pgc-2447-1-0\"  class=\"panel-grid-cell\" ><div id=\"panel-2447-1-0-0\" class=\"so-panel widget widget_black-studio-tinymce widget_black_studio_tinymce panel-first-child\" data-index=\"3\" ><h3 class=\"widget-title\">Dez 2016<\/h3><div class=\"textwidget\"><div class=\"article-main-content\">\n<div class=\"article-content\">\n<p class=\"paragraph_style\"><span style=\"text-decoration: underline;\"><strong>Die Vorbereitungen<\/strong><\/span><\/p>\n<p><\/p>\n<p>Wie immer dauerte es eine Zeit, bis ich die Unterk\u00fcnfte in der Kalahari zusammen hatte. Auch bei dieser Reise musste ich kleine Abstriche machen und lange Fahrzeiten in Kauf nehmen aber daf\u00fcr konnte ich 3 N\u00e4chte in Grootkolk sowie Urikaruus bekommen. Das ist ja schon Gl\u00fcck doch Gharagab und Bitterpan machten diese Reise erst komplett.<\/p>\n<p>Kompliziert wurde es diesmal bei der Buchung des Mietwagen. Ich buche mein Fahrzeug oft bei Cardelmar aber\u00a0leider wurde ich diesmal entt\u00e4uscht. Trotz zweimaliger Best\u00e4tigung meiner \u00a0telefonischen Nachfrage ob es sich bei dem ausgew\u00e4hlten\u00a0Fahrzeug \u00a0um ein 4x4 Wagen handelt, wurde bei der\u00a0Buchung kein Allradfahrzeug reserviert. Die Beschwerde bei Cardelmar wurde mit mit der Alternative abgewimmelt, dass ich doch einfach 700 \u20ac mehr f\u00fcr das gew\u00fcnschte Fahrzeug bezahle und dann doch alles gut sein. Nichts war gut und dass der Mitarbeiter mehrfach einfach den H\u00f6rer auflegt brachte mich zur Wei\u00dfglut.<\/p>\n<p>Die L\u00f6sung war jetzt der Flug \u00fcber Johannesburg und eine 600 km weitere Anreise in die Kalahari. Der Vorteil bestand jedoch in\u00a0einem Stopp bei Hottie, dem Besuch der Augrabies Falls und dem nicht mehr notwendigen Grenz\u00fcbertritt von Namibia aus.<\/p>\n<p>Ich freundete mich mit der Situation an suchte aber nach Alternativen zu Cardelmar.<\/p>\n<p>\u00a0<\/p>\n<\/div>\n<\/div>\n<\/div><\/div><div id=\"panel-2447-1-0-1\" class=\"so-panel widget widget_black-studio-tinymce widget_black_studio_tinymce panel-last-child\" data-index=\"4\" ><h3 class=\"widget-title\">20.01.2017<\/h3><div class=\"textwidget\"><div class=\"article-main-content\">\n<div class=\"article-content\">\n<p class=\"paragraph_style\"><span style=\"text-decoration: underline;\"><strong>Kurz &amp; Knapp<\/strong><\/span><\/p>\n<p><strong>Die Anreise<\/strong><\/p>\n<p>Mit viel \u00dcberredungskunst konnte ich mein Handgep\u00e4ck mit nach Johannesburg nehmen. Der neue Trolley sieht zu wuchtig aus, mist. Die Akkus der Taschenlampe musste ich aber in Paris lassen. Ich kann es verkraften.\u00a0<\/p>\n<p><strong>Hottie<\/strong><\/p>\n<p>Der sch\u00f6nes Nissan XTRAIL 4x4 brachte mich z\u00fcgig ans Ziel. 200 Rand kostete mich der Stopp an einem rot gekennzeichnetem B\u00fcrgersteig. \u00c4rgerlich, das war noch im Parkhaus.<\/p>\n<p><strong>Augrabiesfalls<\/strong><\/p>\n<p>Wer am Sonntag anreist sollte bedenken, dass es kein Alkohol im Shop gibt. Bei 46 \u00b0C im Auto und sp\u00e4teren sintflutartigen Regenf\u00e4llen h\u00e4tte ein k\u00fchles Bier sicher gut geschmeckt.<\/p>\n<p><strong>Tented Camp<\/strong><\/p>\n<p>Immer noch mein Geheimtipp im KTP. Nachts br\u00fcllten die L\u00f6wen, sooooo sch\u00f6n.<\/p>\n<p><strong>Nossob<\/strong><\/p>\n<p>Leider noch ein Baustelle aber die neuen River View Bungalows sehen gut aus. Wobei River aber sicher etwas optimistisch ist.<\/p>\n<p><strong>Grootkolk<\/strong><\/p>\n<p>Alleine mit 6 L\u00f6wen, ein Leopard, tolle Raubv\u00f6gel. 3 N\u00e4chte sind immer noch zu wenig. Gl\u00fcck, wer \u00fcberhaupt eine Nacht bekommt.<\/p>\n<p><strong>Gharagab<\/strong><\/p>\n<p>Die Anreise war leider nicht so spannend wie gedacht. Ein 4x4 war zwar notwendig aber es war doch einfach zu fahren. Spannend waren da schon mehr die Pumpen an den Tankstellen, die bei 30\u00b0C und mehr den Betrieb einstellen. Gute Planung war jetzt notwendig und die Einbahnstra\u00dfe musste auf 30 Kilometer auch mal entgegengesetzt gefahren werden. Die Abfahrt aus Gharagab war schon interessanter und nach dem ich das Auto einmal festgefahren hatte, wusste ich wie es besser geht.<\/p>\n<p><strong>Urikaruus<\/strong><\/p>\n<p>Wie immer ein Highlight. Geparden schon bei der Ankunft und L\u00f6wen bei der Abreise. Nette Nachbarn machten die drei Tage zum Erlebnis. Danke Titus und Rosa. Der H\u00f6hepunkt waren jedoch die ERDM\u00c4NNCHEN !!<\/p>\n<p><strong>Bitterpan<\/strong><\/p>\n<\/div>\n<p>Kaum Tiere bei der Anreise und um das Camp herum war es auch sehr ruhig. Zum Gl\u00fcck gab es noch ein Gewitter mit tollen Wolken. Ich hatte eventuell nur Pech aber Bitterpan m\u00fcsste ich nicht wieder besuchen. Was mich noch reizt ist die Fahrt durch die W\u00fcste von Bitterpan nach Mata Mata. Das soll nicht so einfach sein.<\/p>\n<p><strong>R\u00fcckreise<\/strong><\/p>\n<p>Erst habe ich meine Unterkunft in Kuruman nicht gefunden und dann hat Booking.com das Zimmer storniert, warum auch immer ! Zum Gl\u00fcck war der Eigent\u00fcmer vor Ort und ich konnte als einziger Gast einchecken.\u00a0<\/p>\n<p><strong>Abflug<\/strong><\/p>\n<p>Ein Kreuz mit dem Gep\u00e4ck. Jetzt war der Koffer zu schwer und Zahnb\u00fcrste und Co landeten im M\u00fcll. Den Rest sollte ich einfach ins Handgep\u00e4ck legen. Das ist egal.<\/p>\n<\/div>\n<\/div><\/div><\/div><\/div><\/div>","protected":false},"excerpt":{"rendered":"<p>Die Reisedaten\u00a020.01.2017Flug \u00fcber Paris\u00a0nach Johannesburg (A)21.01.2017 bis 23.01.2017Anfahrt zum Kgalagadi Transfrontier Park (KTP) mit Stopp bei Hottie und Sarah (B) sowie den Augrabies Falls (C).<\/p>\n","protected":false},"author":1,"featured_media":0,"parent":6671,"menu_order":0,"comment_status":"closed","ping_status":"closed","template":"","meta":{"footnotes":""},"class_list":["post-2447","page","type-page","status-publish","hentry"],"_links":{"self":[{"href":"https:\/\/kruste.selfhost.me\/wordpress\/index.php?rest_route=\/wp\/v2\/pages\/2447","targetHints":{"allow":["GET"]}}],"collection":[{"href":"https:\/\/kruste.selfhost.me\/wordpress\/index.php?rest_route=\/wp\/v2\/pages"}],"about":[{"href":"https:\/\/kruste.selfhost.me\/wordpress\/index.php?rest_route=\/wp\/v2\/types\/page"}],"author":[{"embeddable":true,"href":"https:\/\/kruste.selfhost.me\/wordpress\/index.php?rest_route=\/wp\/v2\/users\/1"}],"replies":[{"embeddable":true,"href":"https:\/\/kruste.selfhost.me\/wordpress\/index.php?rest_route=%2Fwp%2Fv2%2Fcomments&post=2447"}],"version-history":[{"count":3,"href":"https:\/\/kruste.selfhost.me\/wordpress\/index.php?rest_route=\/wp\/v2\/pages\/2447\/revisions"}],"predecessor-version":[{"id":2793,"href":"https:\/\/kruste.selfhost.me\/wordpress\/index.php?rest_route=\/wp\/v2\/pages\/2447\/revisions\/2793"}],"up":[{"embeddable":true,"href":"https:\/\/kruste.selfhost.me\/wordpress\/index.php?rest_route=\/wp\/v2\/pages\/6671"}],"wp:attachment":[{"href":"https:\/\/kruste.selfhost.me\/wordpress\/index.php?rest_route=%2Fwp%2Fv2%2Fmedia&parent=2447"}],"curies":[{"name":"wp","href":"https:\/\/api.w.org\/{rel}","templated":true}]}}