{"id":2616,"date":"2017-08-22T18:07:44","date_gmt":"2017-08-22T16:07:44","guid":{"rendered":"http:\/\/kruste.selfhost.me\/wordpress\/?page_id=2616"},"modified":"2020-06-10T12:11:05","modified_gmt":"2020-06-10T10:11:05","slug":"blog-2016-suedafrika","status":"publish","type":"page","link":"https:\/\/kruste.selfhost.me\/wordpress\/?page_id=2616","title":{"rendered":"BLOG 2016 (S\u00fcdafrika, von Kapstadt bis zur Mossel Bay)"},"content":{"rendered":"<div id=\"pl-2616\"  class=\"panel-layout\" ><div id=\"pg-2616-0\"  class=\"panel-grid panel-no-style\" ><div id=\"pgc-2616-0-0\"  class=\"panel-grid-cell\" ><div id=\"panel-2616-0-0-0\" class=\"so-panel widget panel-first-child\" data-index=\"0\" ><\/div><div id=\"panel-2616-0-0-1\" class=\"so-panel widget widget_black-studio-tinymce widget_black_studio_tinymce panel-last-child\" data-index=\"1\" ><div class=\"textwidget\"><div class=\"article-main-content\">\n<div class=\"article-content\">\n<div class=\"article-main-content\">\n<div class=\"article-content\">\n<p><span style=\"text-decoration: underline;\"><strong>Die Reisedaten<\/strong><\/span>\u00a0<\/p>\n<p>17.03.2016<\/p>\n<ul>\n<li>Flug:<br \/> Hannover - Z\u00fcrich - Kapstadt\u00a0<span style=\"color: #99cc00;\">(E)<\/span><\/li>\n<\/ul>\n<p>18.03.2016 bis 22.03.2016<\/p>\n<ul>\n<li>Misty Cliffs\u00a0<span style=\"color: #99cc00;\">(B)<\/span><\/li>\n<\/ul>\n<p>22.03.2016 - 25.03.2016<\/p>\n<ul>\n<li>Groot Brakrivier <span style=\"color: #99cc00;\">(C)<\/span><\/li>\n<\/ul>\n<p>25.03.2016 - 27.03.2016<\/p>\n<ul>\n<li>Paarl\u00a0<span style=\"color: #99cc00;\">(D)<\/span><\/li>\n<\/ul>\n<p>27.03.2016<\/p>\n<ul>\n<li>R\u00fcckflug:<br \/> Kapstadt - M\u00fcnchen - Hannover<\/li>\n<\/ul>\n<p>\u00a0<\/p>\n<\/div>\n<\/div>\n<\/div>\n<\/div>\n<\/div><\/div><\/div><\/div><div id=\"pg-2616-1\"  class=\"panel-grid panel-no-style\" ><div id=\"pgc-2616-1-0\"  class=\"panel-grid-cell\" ><div id=\"panel-2616-1-0-0\" class=\"so-panel widget widget_black-studio-tinymce widget_black_studio_tinymce panel-first-child panel-last-child\" data-index=\"2\" ><h3 class=\"widget-title\">Kurz &#038; Knapp<\/h3><div class=\"textwidget\"><div class=\"article-main-content\">\n<div class=\"article-content\">\n<p class=\"paragraph_style\"><span style=\"text-decoration: underline;\"><strong>Die Anreise<\/strong><\/span><\/p>\n<p>Aufgrund der Cebit in Hannover ging es mit dem neuen Dreamliner der Swiss nach Z\u00fcrich und weiter mit Edelweiss Air nach Kapstadt. Edelweiss Air ist leider keine Linie und ich w\u00fcrde diese Airline lieber meiden ( Siehe <a href=\"http:\/\/kruste.selfhost.me\/wordpress\/?page_id=179\">Airlines<\/a> ).<\/p>\n<p><strong>Misty Cliffs<\/strong><\/p>\n<p>Kleiner Ort mit wenigen H\u00e4usern und einigen Pavianen. Toller Strand mit sch\u00f6ner Brandung. Hier k\u00f6nnte ich alt werden. Mich beeindruckt immer noch der Sonnenaufgang am Leuchtturm von Kommetjie.<\/p>\n<p><strong>Groot Brakrivier<\/strong><\/p>\n<p>Unsere Unterkunft lang weit ab vom Schuss und war nicht einfach zu finden. Die Ausfl\u00fcge in der Gegend waren super und die Fahrt nach Knysna hat sich gelohnt. Beim n\u00e4chsten Besuch von Groot Brakrivier w\u00fcrde ich mehr Zeit einplanen um ein paar sch\u00f6ne Aufnahmen des Malachite Kingfisher machen zu k\u00f6nnen. \u00a0<\/p>\n<p><strong>Paarl<\/strong><\/p>\n<p>Die Weingegend um Kapstadt ist wundersch\u00f6n und es gibt einige Pl\u00e4tze, an denen man gerne l\u00e4nger bleiben w\u00fcrde. Stellenbosch war zur Ferienzeit jedoch sehr \u00fcberlaufen aber trotzdem sch\u00f6n. Mir bleibt die Nacht in Erinnerung, in der es sehr stark regnete und die Alarmanlage st\u00e4ndig ausl\u00f6ste. Unser Landhaus lag weit ab in einer nicht sehr vertrauensw\u00fcrdigen Gegend und da schaut man schon verdutzt, wenn die Security mit Schlagstock vor einem auftaucht.\u00a0<\/p>\n<\/div>\n<p><strong>Die R\u00fcckeise<\/strong><\/p>\n<\/div>\n<p>Der Flug mit Lufthansa war schon viel angenehmer und verlief ohne St\u00f6rungen.\u00a0<\/p>\n<p><strong>Fazit<\/strong><\/p>\n<p>Misty Cliff, da k\u00f6nnte ich alt werden. Der Blick auf's Meer, die freundlichen Bewohner von Kommetjie oder das ruhige Treiben ( z.B. auf den kleinen Flohm\u00e4rkten ) gefallen mir. Meiden sollte man jedoch den Besuch zur Ferienzeit. Die sehr lange Autoschlange vor dem Kap der Guten Hoffnung, die Kilometer langen Staus um Fish Hoek oder der v\u00f6llig \u00fcberf\u00fcllte \"The Neighbourgoods Market\" im Stadtteil Woodstock bringen einen zum Verzweifeln.<\/p>\n<p>10 Tage Urlaub sind einfach zu wenig f\u00fcr diesen Teil der Welt. Plant mehr Zeit ein \ud83d\ude42<\/p>\n<\/div><\/div><\/div><\/div><\/div>","protected":false},"excerpt":{"rendered":"<p>Die Reisedaten\u00a017.03.2016Flug: Hannover &#8211; Z\u00fcrich &#8211; Kapstadt\u00a0(E)18.03.2016 bis 22.03.2016Misty Cliffs\u00a0(B)22.03.2016 &#8211; 25.03.2016Groot Brakrivier (C)25.03.2016 &#8211; 27.03.2016Paarl\u00a0(D)27.03.2016R\u00fcckflug: Kapstadt &#8211; M\u00fcnchen &#8211; Hannover\u00a0 Die AnreiseAufgrund der Cebit<\/p>\n","protected":false},"author":1,"featured_media":0,"parent":6671,"menu_order":0,"comment_status":"closed","ping_status":"closed","template":"","meta":{"footnotes":""},"class_list":["post-2616","page","type-page","status-publish","hentry"],"_links":{"self":[{"href":"https:\/\/kruste.selfhost.me\/wordpress\/index.php?rest_route=\/wp\/v2\/pages\/2616","targetHints":{"allow":["GET"]}}],"collection":[{"href":"https:\/\/kruste.selfhost.me\/wordpress\/index.php?rest_route=\/wp\/v2\/pages"}],"about":[{"href":"https:\/\/kruste.selfhost.me\/wordpress\/index.php?rest_route=\/wp\/v2\/types\/page"}],"author":[{"embeddable":true,"href":"https:\/\/kruste.selfhost.me\/wordpress\/index.php?rest_route=\/wp\/v2\/users\/1"}],"replies":[{"embeddable":true,"href":"https:\/\/kruste.selfhost.me\/wordpress\/index.php?rest_route=%2Fwp%2Fv2%2Fcomments&post=2616"}],"version-history":[{"count":5,"href":"https:\/\/kruste.selfhost.me\/wordpress\/index.php?rest_route=\/wp\/v2\/pages\/2616\/revisions"}],"predecessor-version":[{"id":2798,"href":"https:\/\/kruste.selfhost.me\/wordpress\/index.php?rest_route=\/wp\/v2\/pages\/2616\/revisions\/2798"}],"up":[{"embeddable":true,"href":"https:\/\/kruste.selfhost.me\/wordpress\/index.php?rest_route=\/wp\/v2\/pages\/6671"}],"wp:attachment":[{"href":"https:\/\/kruste.selfhost.me\/wordpress\/index.php?rest_route=%2Fwp%2Fv2%2Fmedia&parent=2616"}],"curies":[{"name":"wp","href":"https:\/\/api.w.org\/{rel}","templated":true}]}}