{"id":2787,"date":"2017-10-30T16:25:37","date_gmt":"2017-10-30T14:25:37","guid":{"rendered":"http:\/\/kruste.selfhost.me\/wordpress\/?page_id=2787"},"modified":"2023-07-25T09:44:34","modified_gmt":"2023-07-25T07:44:34","slug":"blog-2017-suedafrika-von-kapstadt-in-die-kalahari-und-weiter-nach-johannesburg","status":"publish","type":"page","link":"https:\/\/kruste.selfhost.me\/wordpress\/?page_id=2787","title":{"rendered":"BLOG 2017 (S\u00fcdafrika, von Kapstadt in die Kalahari und weiter nach Johannesburg )"},"content":{"rendered":"<div id=\"pl-2787\"  class=\"panel-layout\" ><div id=\"pg-2787-0\"  class=\"panel-grid panel-no-style\" ><div id=\"pgc-2787-0-0\"  class=\"panel-grid-cell\" ><div id=\"panel-2787-0-0-0\" class=\"so-panel widget panel-first-child\" data-index=\"0\" ><\/div><div id=\"panel-2787-0-0-1\" class=\"so-panel widget widget_black-studio-tinymce widget_black_studio_tinymce panel-last-child\" data-index=\"1\" ><div class=\"textwidget\"><div class=\"article-main-content\">\n<div class=\"article-content\">\n<div class=\"article-main-content\">\n<div class=\"article-content\">\n<p><span style=\"text-decoration: underline;\"><strong>Die Reisedaten<\/strong><\/span><\/p>\n<p>12.11.2017<\/p>\n<ul>\n<li>Flug:<br \/>\nHannover - Paris - Kapstadt\u00a0<span style=\"color: #99cc00;\">(A)<\/span><\/li>\n<\/ul>\n<p>12.11.2017 bis 16.11.2017<\/p>\n<ul>\n<li>Kapstadt\u00a0<span style=\"color: #99cc00;\">(B)<br \/>\n<span style=\"color: #000000;\">Simons Town<\/span><\/span><\/li>\n<\/ul>\n<p>16.11.2017 - 17.11.2017<\/p>\n<ul>\n<li>Calvinia <span style=\"color: #99cc00;\">(C)<\/span><\/li>\n<\/ul>\n<p>17.11.2017 - 19.11.2017<\/p>\n<ul>\n<li>Augrabies Falls\u00a0<span style=\"color: #99cc00;\">(D)<\/span><\/li>\n<\/ul>\n<p>19.11.2017 - 26.11.2017<\/p>\n<ul>\n<li>\u00a0Kgalagadi Transfrontier Park ( KTP )\u00a0<span style=\"color: #99cc00;\"><span style=\"color: #99cc00;\">(E)<br \/>\n<span style=\"color: #000000;\">( Kalahari Tended Camp, Botswana Polentswa, Gharagab, Urikaruus )<\/span><\/span><\/span><\/li>\n<\/ul>\n<p>26.11.2017 - 27.11.2017<\/p>\n<ul>\n<li>Kuruman\u00a0\u00a0<span style=\"color: #99cc00;\">(F)<\/span><\/li>\n<\/ul>\n<p>27.11.2017 - 29.11.2017<\/p>\n<ul>\n<li>Pilanesberg Nationalpark\u00a0<span style=\"color: #99cc00;\">(G)<\/span><\/li>\n<\/ul>\n<p>29.11.2017<\/p>\n<ul>\n<li>R\u00fcckflug:<\/li>\n<\/ul>\n<p>Johannesburg<span style=\"color: #99cc00;\"> (H)<\/span> - Amsterdam - Hannover<\/p>\n<p>&nbsp;<\/p><\/div>\n<\/div>\n<\/div>\n<\/div>\n<\/div><\/div><\/div><div id=\"pgc-2787-0-1\"  class=\"panel-grid-cell\" ><div id=\"panel-2787-0-1-0\" class=\"so-panel widget widget_origin_button panel-first-child panel-last-child\" data-index=\"2\" ><div class=\"origin-widget origin-widget-button origin-widget-button-simple-black align-right\"><a href=\"https:\/\/kruste.selfhost.me\/wordpress\/?page_id=8139\" \ntarget=\"_blank\" rel=\"noopener noreferrer\">\n\tReiseroute<\/a>\n<\/div><\/div><\/div><\/div><div id=\"pg-2787-1\"  class=\"panel-grid panel-no-style\" ><div id=\"pgc-2787-1-0\"  class=\"panel-grid-cell\" ><div id=\"panel-2787-1-0-0\" class=\"so-panel widget widget_black-studio-tinymce widget_black_studio_tinymce panel-first-child panel-last-child\" data-index=\"3\" ><h3 class=\"widget-title\">Kurz &#038; Knapp<\/h3><div class=\"textwidget\"><div class=\"article-main-content\">\n<div class=\"article-content\">\n<p>\u00a0<\/p>\n<p class=\"paragraph_style\"><strong>Die Vorbereitung<\/strong><\/p>\n<p class=\"paragraph_style\">Diese Tour hatte ich schon lange im Auge und mein pers\u00f6nlicher H\u00f6hepunkt ist sicher die Nacht im KTP (\u00a0Kgalagadi Transfrontier Park ) in Polentswa Botswana.<\/p>\n<\/div>\n<\/div>\n<p>Ich habe mir diesen Platz schon auf meinen letzten Reisen angesehen es aber nicht geschafft ( oder mich getraut ) dort eine Nacht zu buchen. Was mich dort erwartet ? Nichts, au\u00dfer Natur. Keine Z\u00e4une, kein Haus, keine Menschen, keine Lichtverschmutzung. Ich werde direkt von L\u00f6wen und Hy\u00e4nen umgeben sein und im Auto \u00fcbernachten m\u00fcssen. F\u00fcr mich ein Traum, so hoffe ich.<\/p>\n<p>Die ersten Tage meiner Reise verbringe ich in Kapstadt und freue mich, neben dem guten Essen, auf die tollen Str\u00e4nde und das Kap selbst. Eigenst f\u00fcr diese Pl\u00e4tze habe ich noch eine Unsumme an Geld in Filter f\u00fcr mein neues Sigma 12-24 mm Objektiv gesteckt. Ich hoffe, es lohnt sich.<\/p>\n<p>Leider sind die zu bew\u00e4ltigenden Strecken enorm und ich werde sicher 3000 Kilometer fahren m\u00fcssen aber ich freue mich riesig auf diese Tour.<\/p>\n<div class=\"article-main-content\">\n<div class=\"article-content\">\n<p>\u00a0<\/p>\n<p class=\"paragraph_style\"><strong>R\u00fcckblick<\/strong><\/p>\n<\/div>\n<\/div>\n<p>Eine meiner sch\u00f6nsten Reisen ! Das Wetter in Kapstadt war leider sehr wechselhaft jedoch konnte ich \"dramatische\" Bilder von tollen Wolkenformationen aufnehmen. Die Westk\u00fcste S\u00fcdafrikas beeindruckte mich mit langen Str\u00e4nden und freundlichen Menschen und in der Kalahari hatte ich noch nie so viele und gute Tiersichtungen, davon mehr unten auf dieser Seite.<\/p>\n<p>\u00a0<\/p>\n<p><strong>Kapstadt<\/strong><\/p>\n<p>Die Lage meiner Unterkunft war gut gew\u00e4hlt und Simon's Town ein guter Startpunkt f\u00fcr Ausfl\u00fcge zum Kap. Das Wetter machte mir zwar von Zeit zu Zeit einen Strich durch meine Planung aber ich war ja flexibel. Die sch\u00f6nsten Moment w\u00e4hrend meines Aufenthalt waren<\/p>\n<ul>\n<li>die fr\u00fchen Morgenstunden am Kap ( f\u00fcr 2 Stunden war ich der einzige Besucher )<\/li>\n<li>die Camps Bay mit perfekten Sonnenuntergang und einem Essen im Restaurant \"Codfather\"<\/li>\n<li>die Weing\u00fcter\u00a0Vredenheim und\u00a0Spier Wine Farm mit dem Besuch der Innenstadt von Stellenbosch<\/li>\n<li>die Fahrt vom Kap \u00fcber Kommetjie ( Besichtigung des Leuchtturms ),\u00a0Chapman's Peak Drive und Llandudno Beach\u00a0zur Camps Bay<\/li>\n<\/ul>\n<\/div><\/div><\/div><\/div><\/div>","protected":false},"excerpt":{"rendered":"<p>Die Reisedaten 12.11.2017 Flug: Hannover &#8211; Paris &#8211; Kapstadt\u00a0(A) 12.11.2017 bis 16.11.2017 Kapstadt\u00a0(B) Simons Town 16.11.2017 &#8211; 17.11.2017 Calvinia (C) 17.11.2017 &#8211; 19.11.2017 Augrabies Falls\u00a0(D)<\/p>\n","protected":false},"author":1,"featured_media":0,"parent":6671,"menu_order":0,"comment_status":"closed","ping_status":"closed","template":"","meta":{"footnotes":""},"class_list":["post-2787","page","type-page","status-publish","hentry"],"_links":{"self":[{"href":"https:\/\/kruste.selfhost.me\/wordpress\/index.php?rest_route=\/wp\/v2\/pages\/2787","targetHints":{"allow":["GET"]}}],"collection":[{"href":"https:\/\/kruste.selfhost.me\/wordpress\/index.php?rest_route=\/wp\/v2\/pages"}],"about":[{"href":"https:\/\/kruste.selfhost.me\/wordpress\/index.php?rest_route=\/wp\/v2\/types\/page"}],"author":[{"embeddable":true,"href":"https:\/\/kruste.selfhost.me\/wordpress\/index.php?rest_route=\/wp\/v2\/users\/1"}],"replies":[{"embeddable":true,"href":"https:\/\/kruste.selfhost.me\/wordpress\/index.php?rest_route=%2Fwp%2Fv2%2Fcomments&post=2787"}],"version-history":[{"count":2,"href":"https:\/\/kruste.selfhost.me\/wordpress\/index.php?rest_route=\/wp\/v2\/pages\/2787\/revisions"}],"predecessor-version":[{"id":2789,"href":"https:\/\/kruste.selfhost.me\/wordpress\/index.php?rest_route=\/wp\/v2\/pages\/2787\/revisions\/2789"}],"up":[{"embeddable":true,"href":"https:\/\/kruste.selfhost.me\/wordpress\/index.php?rest_route=\/wp\/v2\/pages\/6671"}],"wp:attachment":[{"href":"https:\/\/kruste.selfhost.me\/wordpress\/index.php?rest_route=%2Fwp%2Fv2%2Fmedia&parent=2787"}],"curies":[{"name":"wp","href":"https:\/\/api.w.org\/{rel}","templated":true}]}}