{"id":3301,"date":"2018-04-15T12:01:01","date_gmt":"2018-04-15T10:01:01","guid":{"rendered":"http:\/\/kruste.selfhost.me\/wordpress\/?page_id=3301"},"modified":"2021-03-14T20:14:19","modified_gmt":"2021-03-14T18:14:19","slug":"urikaruus-wilderness-camp-upingtonktp-2","status":"publish","type":"page","link":"https:\/\/kruste.selfhost.me\/wordpress\/?page_id=3301","title":{"rendered":"Gharagab Wilderness Camp (Upington\/KTP)"},"content":{"rendered":"<div id=\"pl-3301\"  class=\"panel-layout\" ><div id=\"pg-3301-0\"  class=\"panel-grid panel-no-style\" ><div id=\"pgc-3301-0-0\"  class=\"panel-grid-cell\" ><div id=\"panel-3301-0-0-0\" class=\"so-panel widget widget_black-studio-tinymce widget_black_studio_tinymce panel-first-child panel-last-child\" data-index=\"0\" ><div class=\"textwidget\"><hr \/>\n<div class=\"style_SkipStroke_2 shape-with-text flowDefining\">Das Gharagab Wilderness Camp ist eines der beiden Camps im KTP, welches nur mit einem 4x4 Fahrzeug erreicht werden kann. Problemlos w\u00e4re die 32 Kilometer weite Anfahrt ab Unions End in\u00a0einem normalen SUV m\u00f6glich, die Abreise \u00fcber die hohen D\u00fcnen in Richtung Nossob halte ich f\u00fcr unm\u00f6glich. An einigen D\u00fcnen ging es nicht ohne 4x4 Antrieb und auch mit diesem f\u00e4hrt man sich in den tiefsandigen Passagen fest. Da heisst es R\u00e4der freilegen, R\u00fcckw\u00e4rtsgang rein, die D\u00fcne wieder runter und einen neuen Anlauf starten. Zum Gl\u00fcck hat das immer irgendwann funktioniert.<\/div>\n<div><\/div>\n<div>Die Zu bzw. Abfahrt zum Camp erfolgt immer \u00fcber eine Einbahnstrasse und es ist ratsam, genug Benzin im Tank zu haben. Ein gef\u00fcllten Reservekanister im Gep\u00e4ck kann sicher nicht schaden, da die Tankstelle in Nossob bei meinen Besuchen nicht immer Benzin in gew\u00fcnschter Menge ausgeben konnte. Die neu installierten Zapfs\u00e4ulen in Nossob verhinderten zudem die Benzinausgabe bei zu hohen Temperaturen, da das Petrol verflockt und die Pumpen verstopft. So ist etwas Planungsarbeit im Vorfeld notwendig.<\/div>\n<div><\/div>\n<div>Ich w\u00fcrde dies abgelegene Camp nicht in der Absicht von guten Tiersichtungen buchen, es geht hier eigentlich mehr um den Reiz der Lage selbst. Die Anfahrt ist dabei eher Langweilig, bei der Abreise ist die Fahrt durch die D\u00fcnen doch schon sehr interessant. Denkt man bei den ersten Sandpisten noch<\/div>\n<div>\" Ach, das geht ja gut \" erfordern 2 bis 3 D\u00fcnen am Ende der Strecke schon etwas Geduld.<\/div>\n<hr \/>\n<p>&nbsp;<\/p>\n<\/div><\/div><\/div><div id=\"pgc-3301-0-1\"  class=\"panel-grid-cell\" ><div id=\"panel-3301-0-1-0\" class=\"so-panel widget widget_black-studio-tinymce widget_black_studio_tinymce panel-first-child panel-last-child\" data-index=\"1\" ><div class=\"textwidget\"><p><img loading=\"lazy\" decoding=\"async\" class=\"size-full wp-image-3307 alignright\" src=\"http:\/\/kruste.selfhost.me\/wordpress\/wp-content\/uploads\/2018\/04\/NAM_1407_web.jpg\" alt=\"\" width=\"915\" height=\"800\" srcset=\"https:\/\/kruste.selfhost.me\/wordpress\/wp-content\/uploads\/2018\/04\/NAM_1407_web.jpg 915w, https:\/\/kruste.selfhost.me\/wordpress\/wp-content\/uploads\/2018\/04\/NAM_1407_web-150x131.jpg 150w, https:\/\/kruste.selfhost.me\/wordpress\/wp-content\/uploads\/2018\/04\/NAM_1407_web-300x262.jpg 300w, https:\/\/kruste.selfhost.me\/wordpress\/wp-content\/uploads\/2018\/04\/NAM_1407_web-768x671.jpg 768w, https:\/\/kruste.selfhost.me\/wordpress\/wp-content\/uploads\/2018\/04\/NAM_1407_web-700x612.jpg 700w\" sizes=\"auto, (max-width: 915px) 100vw, 915px\" \/><\/p>\n<\/div><\/div><\/div><\/div><div id=\"pg-3301-1\"  class=\"panel-grid panel-no-style\" ><div id=\"pgc-3301-1-0\"  class=\"panel-grid-cell\" ><div id=\"panel-3301-1-0-0\" class=\"so-panel widget widget_black-studio-tinymce widget_black_studio_tinymce panel-first-child\" data-index=\"2\" ><h3 class=\"widget-title\">Preise:<\/h3><div class=\"textwidget\"><hr \/>\n<ul>\n<li>1761 Rand f\u00fcr 2 Personen<\/li>\n<\/ul>\n<\/div><\/div><div id=\"panel-3301-1-0-1\" class=\"so-panel widget widget_black-studio-tinymce widget_black_studio_tinymce\" data-index=\"3\" ><h3 class=\"widget-title\">Kommunikation:<\/h3><div class=\"textwidget\"><div id=\"id4\" class=\"style_SkipStroke_4 shape-with-text\">\n<div class=\"text-content graphic_textbox_layout_style_default_External_138_130\">\n<div class=\"graphic_textbox_layout_style_default\">\n<hr \/>\n<p class=\"Caption\">Durch die relative dichte Lage zur Parkgrenze ist es m\u00f6glich auf dem kleinen Aussichtsturm ein schwaches Mobilfunksignal zu ergattern.<\/p>\n<\/div>\n<\/div>\n<\/div>\n<\/div><\/div><div id=\"panel-3301-1-0-2\" class=\"so-panel widget widget_text\" data-index=\"4\" >\t\t\t<div class=\"textwidget\"><section class=\"parallax-section\">\n<div class=\"parallax-window\" data-z-index=\"1\" data-position-x=\"left\" data-parallax=\"scroll\" data-speed=\".3\" data-image-src=\"http:\/\/kruste.selfhost.me\/wordpress\/wp-content\/uploads\/2020\/08\/BOT6484.jpg\" style=\"align-items: flex-start;min-height: 550px;\">\n<div class=\"parallax-container parallax-content\">\n<\/div>\n<\/div>\n<\/section>\n<\/div>\n\t\t<\/div><div id=\"panel-3301-1-0-3\" class=\"so-panel widget widget_black-studio-tinymce widget_black_studio_tinymce\" data-index=\"5\" ><h3 class=\"widget-title\">Anreise:<\/h3><div class=\"textwidget\"><hr \/>\n<p><span class=\"style_1\">Die Anreise erfolgt aus n\u00f6rdlicher Richtung. Ab dem Wasserloch \"Union's End\" f\u00fchrt die Fahrt \u00fcber eine circa 30 Kilometer lange W\u00fcstenstrecke, die nur f\u00fcr 4x4 Fahrzeuge zugelassen ist und auch nur in eine Richtung befahren werden darf. Ein Auto mit ausreichender Bodenfreiheit war zu meiner Reisezeit notwendig, auf den 4x4 Antrieb konnte ich bei der Anreise jedoch ohne Probleme verzichten ( dies galt NICHT f\u00fcr die Abreise ).<\/span><\/p>\n<\/div><\/div><div id=\"panel-3301-1-0-4\" class=\"so-panel widget widget_black-studio-tinymce widget_black_studio_tinymce\" data-index=\"6\" ><h3 class=\"widget-title\">Meine Reisezeiten:<\/h3><div class=\"textwidget\"><hr \/>\n<ul>\n<li>Januar 2017<\/li>\n<li>November 2017<\/li>\n<\/ul>\n<\/div><\/div><div id=\"panel-3301-1-0-5\" class=\"so-panel widget widget_black-studio-tinymce widget_black_studio_tinymce\" data-index=\"7\" ><h3 class=\"widget-title\">Das Wetter:<\/h3><div class=\"textwidget\"><hr \/>\n<ul>\n<li>Januar\u00a02017<\/li>\n<\/ul>\n<p style=\"padding-left: 30px;\">Leichte Bew\u00f6lkung und sehr warm mit Temperaturen um die 33\u00b0C.<\/p>\n<ul>\n<li>November 2017<\/li>\n<\/ul>\n<p style=\"padding-left: 30px;\">Kein Regen, wenig Wolken und Temperaturen um die 30 \u00b0C.<\/p>\n<\/div><\/div><div id=\"panel-3301-1-0-6\" class=\"so-panel widget widget_black-studio-tinymce widget_black_studio_tinymce\" data-index=\"8\" ><h3 class=\"widget-title\">Zimmer:<\/h3><div class=\"textwidget\"><hr \/>\n<p class=\"paragraph_style\">Sch\u00f6ner und sauberer Bungalow mit neuer Dusche, zwei Einzelbetten, Terrasse und Blick auf das Wasserloch. Der Bungalow steht auf Holzpf\u00e4hlen und ist \u00fcber eine kleine Treppe zug\u00e4nglich.<\/p>\n<p>Das Wasserloch liegt leider etwas weit entfernt und war zu meinen Reisezeiten nicht sehr gut besucht. Das Highlight war eine Herde Elenantilopen und ein Falke, der auf Beutefang war.<\/p>\n<\/div><\/div><div id=\"panel-3301-1-0-7\" class=\"so-panel widget widget_black-studio-tinymce widget_black_studio_tinymce\" data-index=\"9\" ><div class=\"textwidget\"><p><img loading=\"lazy\" decoding=\"async\" class=\"aligncenter size-full wp-image-7556\" src=\"http:\/\/kruste.selfhost.me\/wordpress\/wp-content\/uploads\/2020\/08\/NAM_1514-scaled.jpg\" alt=\"\" width=\"2560\" height=\"1116\" srcset=\"https:\/\/kruste.selfhost.me\/wordpress\/wp-content\/uploads\/2020\/08\/NAM_1514-scaled.jpg 2560w, https:\/\/kruste.selfhost.me\/wordpress\/wp-content\/uploads\/2020\/08\/NAM_1514-300x131.jpg 300w, https:\/\/kruste.selfhost.me\/wordpress\/wp-content\/uploads\/2020\/08\/NAM_1514-1024x446.jpg 1024w, https:\/\/kruste.selfhost.me\/wordpress\/wp-content\/uploads\/2020\/08\/NAM_1514-150x65.jpg 150w, https:\/\/kruste.selfhost.me\/wordpress\/wp-content\/uploads\/2020\/08\/NAM_1514-768x335.jpg 768w, https:\/\/kruste.selfhost.me\/wordpress\/wp-content\/uploads\/2020\/08\/NAM_1514-1536x669.jpg 1536w, https:\/\/kruste.selfhost.me\/wordpress\/wp-content\/uploads\/2020\/08\/NAM_1514-2048x893.jpg 2048w\" sizes=\"auto, (max-width: 2560px) 100vw, 2560px\" \/><\/p>\n<\/div><\/div><div id=\"panel-3301-1-0-8\" class=\"so-panel widget widget_black-studio-tinymce widget_black_studio_tinymce\" data-index=\"10\" ><h3 class=\"widget-title\">K\u00fcche \/ Restaurant:<\/h3><div class=\"textwidget\"><hr \/>\n<p>Die Lebensmittel m\u00fcssen auch hier selbst mitgebracht werden und es gibt weder Eis noch Feuerholz zu kaufen. Zum Gl\u00fcck werden die Gas-K\u00fchlschr\u00e4nke gegen Elektro-Modelle ausgetauscht und das Fleisch kann so weiter tiefgefroren werden. Der Grill auf der Terrasse hat einen guten Standort und so kann beim t\u00e4glichen Braai ( s\u00fcdafrikanisch f\u00fcr Grillen ) der Sonnenuntergang beobachtet werden.<\/p>\n<\/div><\/div><div id=\"panel-3301-1-0-9\" class=\"so-panel widget widget_black-studio-tinymce widget_black_studio_tinymce\" data-index=\"11\" ><h3 class=\"widget-title\">Personal:<\/h3><div class=\"textwidget\"><hr \/>\n\nDer auch hier t\u00e4glich anwesende Mitarbeiter von SAN Parks ist sehr freundlich und es macht Freude den erz\u00e4hlten Geschichten zuzuh\u00f6ren. Ein gemeinsames Abendessen brachte bei jedem besuch viel Spa\u00df und es ist immer ein netter Abend.<\/div><\/div><div id=\"panel-3301-1-0-10\" class=\"so-panel widget widget_black-studio-tinymce widget_black_studio_tinymce\" data-index=\"12\" ><h3 class=\"widget-title\">Aktivit\u00e4ten:<\/h3><div class=\"textwidget\"><hr \/>\n<p class=\"Caption\">Mehr als zwei N\u00e4chte w\u00fcrde ich in Gharagab nicht einplanen, denn es gibt neben dem hauseigenen Wasserloch nur ein weiteres in der N\u00e4he ( 15 km ). Gute Tiersichtungen blieben mir bei meinen Besuchen verwehrt obwohl ich L\u00f6wen geh\u00f6rt und die Spuren gesehen habe.<\/p>\n<p>Wer m\u00f6chte plant einen Tagesausflug nach Polentswa ( eventuell mit erweitertem Tankstop in Nossob ) und zur\u00fcck \u00fcber Grootkolk nach Gharagab in seinen Aufenthalt ein. Ohne den Besuch von Nossob ist das eine Strecke von knapp 150 Kilometern und inklusive Tank \/ Einkaufsstopp sind es schon 270 km.<\/p>\n<p>Sch\u00f6n ist es, den t\u00e4glichen Sonnenuntergang von der kleinen Aussichtsplattform zu genie\u00dfen und Nachts einfach in den Himmel zu schauen. So viele Sterne bei so wenig Fremdlicht machen richtig viel Spa\u00df.<\/p>\n<\/div><\/div><div id=\"panel-3301-1-0-11\" class=\"so-panel widget widget_black-studio-tinymce widget_black_studio_tinymce panel-last-child\" data-index=\"13\" ><h3 class=\"widget-title\">Tipps:<\/h3><div class=\"textwidget\"><hr \/>\n<ul>\n<li>Einfach den freundlichen Mitarbeiter zum Grillen einladen und zusammen ein paar Geschichten erz\u00e4hlen.<\/li>\n<li>Sonnenuntergang von der kleinen Aussichtsplattform bewundern.<\/li>\n<li>Mit Schwung die letzten D\u00fcnen bei der Abreise meistern.<\/li>\n<li>Etwas mehr Zeit f\u00fcr die Abreise einplanen. Ich hatte mich sch\u00f6n in den D\u00fcnen festgefahren ( siehe unten )<\/li>\n<\/ul>\n<\/div><\/div><\/div><\/div><div id=\"pg-3301-2\"  class=\"panel-grid panel-no-style\" ><div id=\"pgc-3301-2-0\"  class=\"panel-grid-cell\" ><div id=\"panel-3301-2-0-0\" class=\"so-panel widget widget_black-studio-tinymce widget_black_studio_tinymce panel-first-child panel-last-child\" data-index=\"14\" ><div class=\"textwidget\"><p><img loading=\"lazy\" decoding=\"async\" class=\"size-full wp-image-3302 aligncenter\" src=\"http:\/\/kruste.selfhost.me\/wordpress\/wp-content\/uploads\/2018\/04\/KZK_3752_web.jpg\" alt=\"\" width=\"1199\" height=\"800\" srcset=\"https:\/\/kruste.selfhost.me\/wordpress\/wp-content\/uploads\/2018\/04\/KZK_3752_web.jpg 1199w, https:\/\/kruste.selfhost.me\/wordpress\/wp-content\/uploads\/2018\/04\/KZK_3752_web-150x100.jpg 150w, https:\/\/kruste.selfhost.me\/wordpress\/wp-content\/uploads\/2018\/04\/KZK_3752_web-300x200.jpg 300w, https:\/\/kruste.selfhost.me\/wordpress\/wp-content\/uploads\/2018\/04\/KZK_3752_web-768x512.jpg 768w, https:\/\/kruste.selfhost.me\/wordpress\/wp-content\/uploads\/2018\/04\/KZK_3752_web-1024x683.jpg 1024w, https:\/\/kruste.selfhost.me\/wordpress\/wp-content\/uploads\/2018\/04\/KZK_3752_web-700x467.jpg 700w, https:\/\/kruste.selfhost.me\/wordpress\/wp-content\/uploads\/2018\/04\/KZK_3752_web-272x182.jpg 272w\" sizes=\"auto, (max-width: 1199px) 100vw, 1199px\" \/><\/p>\n<\/div><\/div><\/div><\/div><\/div>","protected":false},"excerpt":{"rendered":"<p>Das Gharagab Wilderness Camp ist eines der beiden Camps im KTP, welches nur mit einem 4&#215;4 Fahrzeug erreicht werden kann. Problemlos w\u00e4re die 32 Kilometer<\/p>\n","protected":false},"author":1,"featured_media":0,"parent":7773,"menu_order":0,"comment_status":"closed","ping_status":"closed","template":"","meta":{"footnotes":""},"class_list":["post-3301","page","type-page","status-publish","hentry"],"_links":{"self":[{"href":"https:\/\/kruste.selfhost.me\/wordpress\/index.php?rest_route=\/wp\/v2\/pages\/3301","targetHints":{"allow":["GET"]}}],"collection":[{"href":"https:\/\/kruste.selfhost.me\/wordpress\/index.php?rest_route=\/wp\/v2\/pages"}],"about":[{"href":"https:\/\/kruste.selfhost.me\/wordpress\/index.php?rest_route=\/wp\/v2\/types\/page"}],"author":[{"embeddable":true,"href":"https:\/\/kruste.selfhost.me\/wordpress\/index.php?rest_route=\/wp\/v2\/users\/1"}],"replies":[{"embeddable":true,"href":"https:\/\/kruste.selfhost.me\/wordpress\/index.php?rest_route=%2Fwp%2Fv2%2Fcomments&post=3301"}],"version-history":[{"count":1,"href":"https:\/\/kruste.selfhost.me\/wordpress\/index.php?rest_route=\/wp\/v2\/pages\/3301\/revisions"}],"predecessor-version":[{"id":3304,"href":"https:\/\/kruste.selfhost.me\/wordpress\/index.php?rest_route=\/wp\/v2\/pages\/3301\/revisions\/3304"}],"up":[{"embeddable":true,"href":"https:\/\/kruste.selfhost.me\/wordpress\/index.php?rest_route=\/wp\/v2\/pages\/7773"}],"wp:attachment":[{"href":"https:\/\/kruste.selfhost.me\/wordpress\/index.php?rest_route=%2Fwp%2Fv2%2Fmedia&parent=3301"}],"curies":[{"name":"wp","href":"https:\/\/api.w.org\/{rel}","templated":true}]}}