{"id":364,"date":"2014-10-28T13:15:15","date_gmt":"2014-10-28T12:15:15","guid":{"rendered":"http:\/\/192.168.1.106\/wordpress\/?page_id=364"},"modified":"2023-07-26T07:14:41","modified_gmt":"2023-07-26T05:14:41","slug":"blog-2010-suedafrika","status":"publish","type":"page","link":"https:\/\/kruste.selfhost.me\/wordpress\/?page_id=364","title":{"rendered":"BLOG 2010 (S\u00fcdafrika, gibt es eigentlich nur Leoparden im Kruger Park)"},"content":{"rendered":"<div id=\"pl-364\"  class=\"panel-layout\" ><div id=\"pg-364-0\"  class=\"panel-grid panel-no-style\" ><div id=\"pgc-364-0-0\"  class=\"panel-grid-cell\" ><div id=\"panel-364-0-0-0\" class=\"so-panel widget panel-first-child\" data-index=\"0\" ><\/div><div id=\"panel-364-0-0-1\" class=\"so-panel widget widget_black-studio-tinymce widget_black_studio_tinymce panel-last-child\" data-index=\"1\" ><div class=\"textwidget\"><div class=\"article-main-content\">\n<div class=\"article-content\">\n<p><span style=\"text-decoration: underline;\"><strong>Die Reisedaten<\/strong><\/span><\/p>\n<p>\u00a0<\/p>\n<p>07.10.2010<\/p>\n<ul>\n<li>Flug Hannover - Paris - Johannesburg<\/li>\n<\/ul>\n<p>\u00a008.10.2010 - 19.10.2010<\/p>\n<ul>\n<li>Belfast ( Makutsi ) <span style=\"color: #99cc00;\">(B)<\/span><\/li>\n<\/ul>\n<p>\u00a019.10.2010 - 24.10.2010<\/p>\n<ul>\n<li>Dreamfields ( Hazyview ) <span style=\"color: #99cc00;\">(C)<\/span><\/li>\n<\/ul>\n<p>24.10.2010<\/p>\n<ul>\n<li>Flug Johannesburg - Paris - Hannover<\/li>\n<\/ul>\n<\/div>\n<\/div>\n<\/div><\/div><\/div><\/div><div id=\"pg-364-1\"  class=\"panel-grid panel-no-style\" ><div id=\"pgc-364-1-0\"  class=\"panel-grid-cell\" ><div id=\"panel-364-1-0-0\" class=\"so-panel widget widget_black-studio-tinymce widget_black_studio_tinymce panel-first-child panel-last-child\" data-index=\"2\" ><h3 class=\"widget-title\">07.10.2010<\/h3><div class=\"textwidget\"><div class=\"article-main-content\">\n<div class=\"article-content\">\n<div class=\"article-main-content\">\n<div class=\"article-content\">\n<p><span style=\"text-decoration: underline;\"><strong>Hinreise<\/strong><\/span><\/p>\n<p>\u00a0<\/p>\n<p class=\"Caption\">Die Buchung der Fl\u00fcge verlief recht chaotisch. Das tolle Angebot f\u00fcr 680 \u20ac pro Person und Flug war nicht zu bekommen. Entweder wurden die Reisedaten nicht akzeptiert ( Das \u00fc bei J\u00fcrgen war das Problem ) oder der Flug war, nach Eingabe aller Daten, ausgebucht. Manchmal galt der Flugpreis nur f\u00fcr 2 Personen. Bei Buchung von 3 oder 1 Person lag der Preis wesentlich h\u00f6her. Nach viel Hin und Her konnte ich \u00fcber die Seiten der Air France noch einen Preis von 741 \u20ac pro Person bekommen. Aber oh Schreck, nach erhalt der Buchungsbest\u00e4tigung stimmten die Flugdaten nicht mehr. Abflug 2 Tage sp\u00e4ter und hin und zur\u00fcck sehr schlechte Flugzeiten. Durch einen Anruf bei der Hotline und viel Gl\u00fcck, konnte aber fast alles gekl\u00e4rt werden. Nur beim R\u00fcckflug haben wir 6 Stunden Stopp in Paris. Aber es gibt Schlimmeres.<\/p>\n<p class=\"Caption\">\u00a0<\/p>\n<p class=\"Caption\">Der Abflug ab Hannover startet mit 50 Minuten Versp\u00e4tung. Da wir in Paris circa 2,5 Stunden Aufenthalt haben sollte k\u00f6nnen wir das verkraften. Beim Check-In gab es noch leichte Probleme aber der Mann am Schalter konnte mit Unterst\u00fctzung alles kl\u00e4ren und es geht jetzt los.<\/p>\n<p class=\"Caption\">\u00a0<\/p>\n<p class=\"Caption\">Wir freuen uns auf tolle Tage in S\u00fcdafrika. \u00a0<\/p>\n<p class=\"Caption\">\u00a0<\/p>\n<p class=\"Caption\">\u00a0<\/p>\n<p>Fazit<\/p>\n<p class=\"Caption\">Der Kulanz der Airfrance Hotline sein dank. So geht es mit den Flugbuchungen \u00fcber das Internet.<\/p>\n<\/div>\n<\/div>\n<\/div>\n<\/div>\n<\/div><\/div><\/div><\/div><div id=\"pg-364-2\"  class=\"panel-grid panel-no-style\" ><div id=\"pgc-364-2-0\"  class=\"panel-grid-cell\" ><div id=\"panel-364-2-0-0\" class=\"so-panel widget widget_black-studio-tinymce widget_black_studio_tinymce panel-first-child panel-last-child\" data-index=\"3\" ><h3 class=\"widget-title\">08.10.2010<\/h3><div class=\"textwidget\"><div class=\"article-main-content\">\n<div class=\"article-content\">\n<div class=\"article-main-content\">\n<div class=\"article-content\">\n<div class=\"article-main-content\">\n<div class=\"article-content\">\n<p><span style=\"text-decoration: underline;\"><strong>Die Hinreise<\/strong><\/span><\/p>\n<p>\u00a0<\/p>\n<p class=\"Caption\">In Paris reichen uns die 80 Minuten Transferzeit gerade f\u00fcr den Weg vom kleinen Flugzeug bis zum Einstieg in den A380. Man merkte gleich, dass viele Menschen in das Flugzeug passen. Die Schlangen beim Check-Inn sind sehr lang.<\/p>\n<p class=\"Caption\">\u00a0<\/p>\n<p>Wir sehen uns die Wartehalle an und ich freue mich \u00fcber Steckdosen zum Laden von Handy und Co.\u00a0Da viel es mir wie Schuppen aus den Haaren. Mein Ladekabel f\u00fcr das Mac Book liegt noch in Hannover. Meine Laue verschlechtert sich aber nur kurz. Es wird schon eine L\u00f6sung geben. Ich freue mich mehr auf den Urlaub, toll.<\/p>\n<p class=\"Caption\">Das Flugzeug hat gigantische Ausmasse. Die Triebwerke sind schon gro\u00df aber die Fl\u00fcgel erst einmal. Im Innren geht alles modern zu. Eigentlich wie in allen Fliegern. Das Entertainment ist super aber die Sitze k\u00f6nnten besser sein. Das gro\u00dfe Plus ist die Lautst\u00e4rke. Es ist sehr leise und man h\u00f6rt die Triebwerke kaum. Essen und Service sind gut. Wie wird das erst bei Singapur Airlines sein ?<\/p>\n<p class=\"Caption\">Am Flughafen in Johannesburg geht alles sehr schnell und ohne Probleme. Nur beim Mietwagen dauerte es es etwas l\u00e4nger. Beim Fahrzeug geht der Zigarettenanz\u00fcnder nicht. Das ist ein Problem f\u00fcr uns (Navigation) und f\u00fcr den Vermieter eine Katastrophe. Beim n\u00e4chsten Ersatzwagen geht der Anz\u00fcnder auch nicht und es gibt keinen Ersatz mehr.<\/p>\n<p class=\"Caption\">Ich muss mich der Sache annehmen und finde eine defekte Sicherung. Aber Ersatz kann auch der Chef nicht besorgen. Zum Gl\u00fcck gibt es eine \u201espare\u201c Sicherung und es kann mit 45 Minute Versp\u00e4tung losgehen.<\/p>\n<p class=\"Caption\">\u00a0<\/p>\n<p class=\"Caption\">Nach leichten Problemen am Anfang ( die R21 ist nicht ausgeschildert ) finden wir uns aber gut zurecht. Die Fahrt von Johannesburg bis Makutsi dauert ca. 5 Stunden und wir erreichen die Farm bei einem sch\u00f6nen Sonnenuntergang. Vorab haben wir noch an einem Shop 24 Bier, 10 Cola, 1x Whiskey, 1x Amarulalik\u00f6r, und 2 Liter Sprudelwasser gekauft. Alles f\u00fcr ca. 42 Euro. So wird es auf Makutsi etwas g\u00fcnstiger und wir k\u00f6nnen das erste kalte Bier schon beim Sonnenuntergang geniessen.\u00a0<\/p>\n<p class=\"Caption\">\u00a0<\/p>\n<p class=\"Caption\">Auf Makutsi angekommen gibt es schon die n\u00e4chste \u00dcberraschung. Jessko klopft an unsere T\u00fcr ( wir haben wieder Bungalow 6 ) und zeigt uns die drei L\u00f6wen vor dem Rondawel. \u201eBitte nicht alleine vor die T\u00fcr gehen \u201e sagt er. Ein guter Tipp. Wir freuen uns auf eine tolle Nacht.\u00a0<\/p>\n<p class=\"Caption\">\u00a0<\/p>\n<p class=\"Caption\">Zu beachten sind die Warnungen auf der Autobahn. Hier gibt es Schilder wie \u201eAchtung Hi-Jacking\u201c oder Warnung \u201eHigh Crime Area. Don\u2018t stop\u201c. So etwas habe ich noch nicht erlebt und der Bereich sieht eigentlich ganz \u201enormal\u201c aus.<\/p>\n<p class=\"Caption\">\u00a0<\/p>\n<p class=\"Caption\">\u00a0<\/p>\n<p class=\"Caption\">Fazit<\/p>\n<p class=\"Caption\">\u00a0<\/p>\n<p class=\"Caption\">Der erste Flug mit dem A380 ist ein Erlebnis. Eine neue Art zu fliegen.<\/p>\n<p class=\"Caption\">Die Hinweis auf der Autobahn geben einem schon zu denken.<\/p>\n<\/div>\n<\/div>\n<\/div>\n<\/div>\n<\/div>\n<\/div>\n<\/div><\/div><\/div><\/div><div id=\"pg-364-3\"  class=\"panel-grid panel-no-style\" ><div id=\"pgc-364-3-0\"  class=\"panel-grid-cell\" ><div id=\"panel-364-3-0-0\" class=\"so-panel widget widget_black-studio-tinymce widget_black_studio_tinymce panel-first-child panel-last-child\" data-index=\"4\" ><h3 class=\"widget-title\">08.10.2010<\/h3><div class=\"textwidget\"><div class=\"article-main-content\">\n<div class=\"article-content\">\n<div class=\"article-main-content\">\n<div class=\"article-content\">\n<div class=\"article-main-content\">\n<div class=\"article-content\">\n<div class=\"article-main-content\">\n<div class=\"article-content\">\n<div class=\"article-main-content\">\n<div class=\"article-content\">\n<p><span style=\"text-decoration: underline;\"><strong>Der erste Tag<\/strong><\/span><\/p>\n<p>\u00a0<\/p>\n<p class=\"Caption\">Gestern konnten wir auf dem R\u00fcckweg zum Zimmer noch eine gro\u00dfe Runde fahren und bei den L\u00f6wen halten. Das ist schon ein Gef\u00fchl, wenn man auf der Pritsche sitzt und der L\u00f6we hat einen im Blick. So wie im Zoo nur ohne Scheibe ! Die Nacht ist leider ruhig. Obwohl die L\u00f6wen direkt vor unserem Zimmer lagen habe ich sie nicht geh\u00f6rt. Auch das Nachtsichtger\u00e4t konnte nicht helfen sie zu sehen.<\/p>\n<p class=\"Caption\">\u00a0<\/p>\n<p class=\"Caption\">Der Morgen beginnt, wie ich mir das erhofft hatte. Ich wache gegen 5:30 Uhr auf und koche mir einen Kaffee, den ich auf der Terrasse genie\u00dfe. Die Ibisse fliegen schreiend \u00fcber mich hin\u00fcber und Impala, Meerkatze und Pavian warten schon auf mich. Ich finde, das ist mit die sch\u00f6nste Zeit am ganzen Tag. Noch bin ich aber recht vorsichtig, da ich die L\u00f6wen im Hinterkopf habe.<\/p>\n<p class=\"Caption\">Sichtbar wird das beim Start der Rasensprenger. Das Ger\u00e4usch l\u00e4sst mich schnell ins Zimmer gehen. Besser ist das.<\/p>\n<p class=\"Caption\">\u00a0<\/p>\n<p class=\"Caption\">Aber was f\u00fcr ein sch\u00f6nes Licht. Ich hoffe auf tolle Foto\u2018s.<\/p>\n<p class=\"Caption\">\u00a0<\/p>\n<p>Fazit<\/p>\n<p class=\"Caption\">\u00a0<\/p>\n<p class=\"Caption\">So habe ich mir das gew\u00fcnscht.<\/p>\n<\/div>\n<\/div>\n<\/div>\n<\/div>\n<\/div>\n<\/div>\n<\/div>\n<\/div>\n<\/div>\n<\/div>\n<\/div><\/div><\/div><\/div><div id=\"pg-364-4\"  class=\"panel-grid panel-no-style\" ><div id=\"pgc-364-4-0\"  class=\"panel-grid-cell\" ><div id=\"panel-364-4-0-0\" class=\"so-panel widget widget_black-studio-tinymce widget_black_studio_tinymce panel-first-child panel-last-child\" data-index=\"5\" ><h3 class=\"widget-title\">12.10.2010<\/h3><div class=\"textwidget\"><div class=\"article-main-content\">\n<div class=\"article-content\">\n<div class=\"article-main-content\">\n<div class=\"article-content\">\n<div class=\"article-main-content\">\n<div class=\"article-content\">\n<div class=\"article-main-content\">\n<div class=\"article-content\">\n<div class=\"article-main-content\">\n<div class=\"article-content\">\n<div class=\"article-main-content\">\n<div class=\"article-content\">\n<p><span style=\"text-decoration: underline;\"><strong>Die ersten Safaris und der Hippo Hide<\/strong><\/span><\/p>\n<p class=\"Caption\">\u00a0<\/p>\n<p class=\"Caption\">Der erste Besuch des Hippohide muss um eine Stunde verschoben werden. Leider ist es sehr voll. Am Hide angekommen gibt es die \u00fcblichen Verd\u00e4chtigen. Flu\u00dfpferd, Krokodil, Warzenschwein und viele V\u00f6gel. Zu meiner gro\u00dfen Freude gibt es in den n\u00e4chsten Tagen immer wieder den Malachhit Kingfisher beim Fischen zu beobachten. Eine wahre Freude. F\u00fcr sch\u00f6ne Foto\u2018s braucht man aber mehr Brennweite. Ab 400 mm aufw\u00e4rts w\u00e4ren angebracht.<\/p>\n<p class=\"Caption\">\u00a0<\/p>\n<p class=\"Caption\">Die Safari am 11.10.2010 ist nicht der Renner. Auf Grund eines Buschfeuers auf dem Nachbargel\u00e4nde kommen wir erst eine Stunde sp\u00e4ter los. Das bedeutet 16:00 Uhr bis 19:00 Uhr und somit 1 Stunde weniger Licht f\u00fcr sch\u00f6ne Bilder. Zu sehen gibt es Giraffen, Impala, Buschbock, Leierantilopen,\u00a0 Nashorn, Perlhuhn, Frankolino, Bronzetauben, Fledermaus, Buschbabys und zwei faule L\u00f6wen an einem T\u00fcmpel.<\/p>\n<p class=\"Caption\">Die ganze Tour ist sehr staubig und hei\u00df. Der Busch ist trocken und durch das Feuer liegt viel Rauch in der Luft. Ich hoffe auf sch\u00f6nere Ausfahrten.<\/p>\n<p class=\"Caption\">\u00a0<\/p>\n<p class=\"Caption\">Die Nacht ist sehr ruhig und es gibt einige Blitze am Himmel aber kein Regen. Eventuell schl\u00e4gt das Wetter um.<\/p>\n<p class=\"Caption\">\u00a0<\/p>\n<p class=\"Caption\">Fazit<\/p>\n<p class=\"Caption\">\u00a0<\/p>\n<p class=\"Caption\">Eine Safari kann leider auch mal etwas langweilig werden. Wir haben aber auch hohe Anspr\u00fcche nach dem letzten Jahr.<\/p>\n<\/div>\n<\/div>\n<\/div>\n<\/div>\n<\/div>\n<\/div>\n<\/div>\n<\/div>\n<\/div>\n<\/div>\n<\/div>\n<\/div>\n<\/div><\/div><\/div><\/div><div id=\"pg-364-5\"  class=\"panel-grid panel-no-style\" ><div id=\"pgc-364-5-0\"  class=\"panel-grid-cell\" ><div id=\"panel-364-5-0-0\" class=\"so-panel widget widget_black-studio-tinymce widget_black_studio_tinymce panel-first-child panel-last-child\" data-index=\"6\" ><h3 class=\"widget-title\">13.10.2010<\/h3><div class=\"textwidget\"><div class=\"article-main-content\">\n<div class=\"article-content\">\n<div class=\"article-main-content\">\n<div class=\"article-content\">\n<div class=\"article-main-content\">\n<div class=\"article-content\">\n<div class=\"article-main-content\">\n<div class=\"article-content\">\n<div class=\"article-main-content\">\n<div class=\"article-content\">\n<div class=\"article-main-content\">\n<div class=\"article-content\">\n<div class=\"article-main-content\">\n<div class=\"article-content\">\n<div class=\"article-main-content\">\n<div class=\"article-content\">\n<p><span style=\"text-decoration: underline;\"><strong>Die weiteren Safaris<\/strong><\/span><\/p>\n<p>\u00a0<\/p>\n<p class=\"Caption\">Heute hatten wir Gl\u00fcck mit dem Wetter. Zwar hatten die G\u00e4ste der morgentlichen Safari die L\u00f6wen gesehen aber es war bew\u00f6lkt und das sch\u00f6ne Licht fehlte. Bei der Safari am Nachmittag gab es zumindest sch\u00f6nes Licht, ob es etwas mit den L\u00f6wen werden w\u00fcrde kann keiner sagen.<\/p>\n<p class=\"Caption\">\u00a0<\/p>\n<p class=\"Caption\">Zumindest hatten wir schon eine Schlange bei unserer t\u00e4glichen Runde gesehen und das ist schon was. Die Safari sollte sich aber als ein Gl\u00fcckstreffer erweisen. In der ersten Stunde gab es schon viele Tiere. Von Mangusten bis zur Giraffe die t\u00e4glichen Treffer. Pl\u00f6tzlich tauchten aber die L\u00f6wen im Flussbett auf. Nicht die 3 j\u00e4hrigen, die wir vor dem Bungalow hatten sondern die 1\/2 j\u00e4hringen mit der L\u00f6win. Die 4 kleinen spielten auf einem Stein in der Sonne und man konnte ihnen die Freude ansehen. \u00dcber Funk h\u00f6rten wir von einem Leoparden, der vor dem Rudel fl\u00fcchtet und dank Buschfunk konnten wir auch diesen noch finden. Er sa\u00df leider etwas versteckt in einem Baum aber f\u00fcr uns sichtbar. Was f\u00fcr eine Ausbeute. Hoffentlich sind die Bilder etwas geworden. \u00a0 \u00a0\u00a0<\/p>\n<p class=\"Caption\">\u00a0<\/p>\n<p>Fazit<\/p>\n<p class=\"Caption\">\u00a0<\/p>\n<p class=\"Caption\">Junge L\u00f6wen beim Spiel. Ein unbeschreibliches Erlebnis.<\/p>\n<\/div>\n<\/div>\n<\/div>\n<\/div>\n<\/div>\n<\/div>\n<\/div>\n<\/div>\n<\/div>\n<\/div>\n<\/div>\n<\/div>\n<\/div>\n<\/div>\n<\/div>\n<\/div>\n<\/div><\/div><\/div><\/div><div id=\"pg-364-6\"  class=\"panel-grid panel-no-style\" ><div id=\"pgc-364-6-0\"  class=\"panel-grid-cell\" ><div id=\"panel-364-6-0-0\" class=\"so-panel widget widget_black-studio-tinymce widget_black_studio_tinymce panel-first-child panel-last-child\" data-index=\"7\" ><h3 class=\"widget-title\">15.10.2010<\/h3><div class=\"textwidget\"><div class=\"article-main-content\">\n<div class=\"article-content\">\n<div class=\"article-main-content\">\n<div class=\"article-content\">\n<div class=\"article-main-content\">\n<div class=\"article-content\">\n<div class=\"article-main-content\">\n<div class=\"article-content\">\n<div class=\"article-main-content\">\n<div class=\"article-content\">\n<div class=\"article-main-content\">\n<div class=\"article-content\">\n<div class=\"article-main-content\">\n<div class=\"article-content\">\n<p><span style=\"text-decoration: underline;\"><strong>Das Wetter<\/strong><\/span><\/p>\n<p>\u00a0<\/p>\n<p class=\"Caption\">Das Wetter wird schlechter. Der Himmel h\u00e4ngt voller Wolken und es fallen immer wieder en paar Tropfen Regen. Es wird kalt in Afrika. Eine Jacke und lange Hose werden Pflicht und wer Regenkleidung und winddiche Sachen hat, ist klar im Vorteil.<\/p>\n<p class=\"Caption\">\u00a0<\/p>\n<p class=\"Caption\">Auf den Safaris im Makutisgebiet gibt es zwar einen Geparden bei der Jagt aber sonst zeigt Jessko uns fast nur V\u00f6gel. Es wird schon fast langweilig, da bei schlechten Licht die Farben der V\u00f6gel nicht zu erkennen sind und alle recht gleich aussehen.<\/p>\n<p class=\"Caption\">\u00a0<\/p>\n<p class=\"Caption\">Das Wetter zeigt Wirkung. Leider geht es mir nicht so gut. Es sieht aus wie eine Erk\u00e4ltung. Ich muss Tabletten gegen Durchfall nehmen, da ich die Simba Safari gerne mitmachen m\u00f6chte. Ich Busch sein Gesch\u00e4ft zu erledigen ist nicht so angenehm. Mir ist kalt und die Temperaturen liegen nun bei unter 20 \u00b0C. Nach 40 \u00b0C ein tiefer Sturz.<\/p>\n<p class=\"Caption\">\u00a0<\/p>\n<p class=\"Caption\">\u00a0<\/p>\n<p class=\"Caption\">Fazit<\/p>\n<p class=\"Caption\">\u00a0<\/p>\n<p class=\"Caption\">Ohne Sonne und bei niederigen Temperaturen macht es einfach nicht so viel Spass.<\/p>\n<\/div>\n<\/div>\n<\/div>\n<\/div>\n<\/div>\n<\/div>\n<\/div>\n<\/div>\n<\/div>\n<\/div>\n<\/div>\n<\/div>\n<\/div>\n<\/div>\n<\/div><\/div><\/div><\/div><div id=\"pg-364-7\"  class=\"panel-grid panel-no-style\" ><div id=\"pgc-364-7-0\"  class=\"panel-grid-cell\" ><div id=\"panel-364-7-0-0\" class=\"so-panel widget widget_black-studio-tinymce widget_black_studio_tinymce panel-first-child panel-last-child\" data-index=\"8\" ><h3 class=\"widget-title\">17.10.2010<\/h3><div class=\"textwidget\"><div class=\"article-main-content\">\n<div class=\"article-content\">\n<div class=\"article-main-content\">\n<div class=\"article-content\">\n<div class=\"article-main-content\">\n<div class=\"article-content\">\n<div class=\"article-main-content\">\n<div class=\"article-content\">\n<div class=\"article-main-content\">\n<div class=\"article-content\">\n<div class=\"article-main-content\">\n<div class=\"article-content\">\n<div class=\"article-main-content\">\n<div class=\"article-content\">\n<div class=\"article-main-content\">\n<div class=\"article-content\">\n<p><span style=\"text-decoration: underline;\"><strong>Der Bauch<\/strong><\/span><\/p>\n<p>Leider wurde es nicht viel besser mit meinem Magen. Es wurde zwar keine Grippe aber alles was ich zu mir nahm, kam sofort wieder am andere Ende heraus. Die n\u00e4chsten Tage gab es nur staubige Kekse, Salzstangen und Bananen zu essen. Tee bekam mir ganz gut aber sonst konnte ich nichts essen. Die Reiseapotheke leerte sich langsam aber es wurde nicht besser. Ich hatte mir da etwas bl\u00f6des eingefangen.<\/p>\n<p>Die Tage auf Makutsi konnte ich nun nicht mehr richtig genie\u00dfen und die Fahr nach Hazyview stand an. Es wird schon.<\/p>\n<p>Zum Gl\u00fcck hatten wir die Agatha Crocodile Farm schon besucht. Die Eindr\u00fccke, die wir hier sammeln konnten m\u00f6chte ich nicht missen. Wir hatten Gl\u00fcck und waren die einzigen G\u00e4ste und so konnte sich der Guide richtig Zeit lassen und uns unsere W\u00fcnsche erf\u00fcllen. Das halten von einem kleinen, das F\u00fcttern von gro\u00dfen oder das Schnappen von riesigen Krokodilen waren einige davon. ( Wenn so ein Tier nach einem Stock schnappt h\u00f6rt es sich an, als ob die Luft durchgeschnitten wird, wow )<\/p>\n<p>\u00a0<\/p>\n<p>Fazit<\/p>\n<p>Mit Bauchschmerzen ist es nicht so gut in Afrika.\u00a0<\/p>\n<\/div>\n<\/div>\n<\/div>\n<\/div>\n<\/div>\n<\/div>\n<\/div>\n<\/div>\n<\/div>\n<\/div>\n<\/div>\n<\/div>\n<\/div>\n<\/div>\n<\/div>\n<\/div>\n<\/div><\/div><\/div><\/div><div id=\"pg-364-8\"  class=\"panel-grid panel-no-style\" ><div id=\"pgc-364-8-0\"  class=\"panel-grid-cell\" ><div id=\"panel-364-8-0-0\" class=\"so-panel widget widget_black-studio-tinymce widget_black_studio_tinymce panel-first-child panel-last-child\" data-index=\"9\" ><h3 class=\"widget-title\">19.10.2010<\/h3><div class=\"textwidget\"><div class=\"article-main-content\">\n<div class=\"article-content\">\n<div class=\"article-main-content\">\n<div class=\"article-content\">\n<div class=\"article-main-content\">\n<div class=\"article-content\">\n<div class=\"article-main-content\">\n<div class=\"article-content\">\n<div class=\"article-main-content\">\n<div class=\"article-content\">\n<div class=\"article-main-content\">\n<div class=\"article-content\">\n<div class=\"article-main-content\">\n<div class=\"article-content\">\n<div class=\"article-main-content\">\n<div class=\"article-content\">\n<div class=\"article-main-content\">\n<div class=\"article-content\">\n<p><span style=\"text-decoration: underline;\"><strong>Dreamfields<\/strong><\/span><\/p>\n<p>Die Fahrt\u00a0durch den Kruger Park, von Makutsi zur Dreamfield Lodge, hatte ich gut \u00fcberstanden. Es ging mir langsam etwas besser und die Toilette war nicht mehr mein bester Freund. Richtig gut ging es mir dann, als wir einen Leoparden direkt vor uns in der Astgabelung eines Baumes sahen. Das Tier zeigte keine Scheu und r\u00e4kelte sich gem\u00fctlich am rauhen Holz.<\/p>\n<p>Das Dreamfields erwies sich als richtig gute Wahl. Tina war sehr bem\u00fcht und machte uns auf Wunsch eine Fr\u00fchst\u00fccksbox f\u00fcr den Kruger Park fertig. So konnten wir fr\u00fch in den Park fahren ( das Gate war nicht weit entfernt ) und hatten viel Zeit f\u00fcr unsere Touren.<\/p>\n<p>Den Morgen eines Tages verbrachten wir nicht im Park ( trotz der sehr guten Sichtungen ). Wir hatten meinem Pa einen Flug mit dem Micro Light Flugger\u00e4t zum Geburtstag geschenkt. Nach erster Verunsicherung \u00fcber das Flugger\u00e4t machte der Ausflug richtig Spa\u00df und mein Vater geno\u00df den Blick \u00fcber die Drakensberge sehr. Ein erfolgreiches Geschenk.<\/p>\n<p>Wie schon beschrieben hatten wir sehr gute Sichtungen im Kruger Park. Es gab viele Leoparden und auch so, wie man sich das w\u00fcnscht. Ein Tier lag vor uns auf dem Ast eines Baumes. Alle 4 Beine baumelten in der Luft und der Leopard schaute sich entspannt die vielen Autos an, die auf dem Weg standen. Wir hatten einen guten Platz \ud83d\ude42<\/p>\n<p>Von Tina hatten wir noch die Stelle erfahren, an der L\u00f6wen eine Giraffe gerissen hatten. Ein richtig guter Tipp, danke. Wir hatten jetzt eine Stelle, an der wir mir ziemlich Gro\u00dfer Sicherheit L\u00f6wen, Hy\u00e4nen oder Geier zu Gesicht bekommen w\u00fcrden. Und es kam so. Ich konnte sehr gute Aufnahmen eines L\u00f6wen machen, die jetzt in Gro\u00dfformat in meiner Wohnung h\u00e4ngen. Da wurde die kleine Hy\u00e4ne mit dem treuen Blick schon fast zur Nebensachen.<\/p>\n<p>\u00a0<\/p>\n<p>Fazit<\/p>\n<p>So viele gute Aufnahmen werde ich sicher nicht mehr auf einer Reise machen k\u00f6nnen. Die Sichtungen waren einfach Genial.<\/p>\n<\/div>\n<\/div>\n<\/div>\n<\/div>\n<\/div>\n<\/div>\n<\/div>\n<\/div>\n<\/div>\n<\/div>\n<\/div>\n<\/div>\n<\/div>\n<\/div>\n<\/div>\n<\/div>\n<\/div>\n<\/div>\n<\/div><\/div><\/div><\/div><div id=\"pg-364-9\"  class=\"panel-grid panel-no-style\" ><div id=\"pgc-364-9-0\"  class=\"panel-grid-cell\" ><div id=\"panel-364-9-0-0\" class=\"so-panel widget widget_black-studio-tinymce widget_black_studio_tinymce panel-first-child panel-last-child\" data-index=\"10\" ><h3 class=\"widget-title\">24.10.2010<\/h3><div class=\"textwidget\"><div class=\"article-main-content\">\n<div class=\"article-content\">\n<div class=\"article-main-content\">\n<div class=\"article-content\">\n<div class=\"article-main-content\">\n<div class=\"article-content\">\n<div class=\"article-main-content\">\n<div class=\"article-content\">\n<div class=\"article-main-content\">\n<div class=\"article-content\">\n<div class=\"article-main-content\">\n<div class=\"article-content\">\n<div class=\"article-main-content\">\n<div class=\"article-content\">\n<div class=\"article-main-content\">\n<div class=\"article-content\">\n<div class=\"article-main-content\">\n<div class=\"article-content\">\n<p><span style=\"text-decoration: underline;\"><strong>Die R\u00fcckreise<\/strong><\/span><\/p>\n<p>Leider gehen auch die sch\u00f6nsten Tage mal zu ende. Wir verabschiedeten uns aus Hazyview und vermissen schon gleich den Park und die gute K\u00fcche.<\/p>\n<p>Die Steaks im Pioniers und das Ambiente der Summerfields Lodge waren aber auch wirklich gut.<\/p>\n<p>Fazit<\/p>\n<p>Viele gute Bilder, sehr gutes Essen. Ein traumhafter Urlaub trotz kleinen Problemen in der Magengegend.<\/p>\n<\/div>\n<\/div>\n<\/div>\n<\/div>\n<\/div>\n<\/div>\n<\/div>\n<\/div>\n<\/div>\n<\/div>\n<\/div>\n<\/div>\n<\/div>\n<\/div>\n<\/div>\n<\/div>\n<\/div>\n<\/div>\n<\/div><\/div><\/div><\/div><\/div>","protected":false},"excerpt":{"rendered":"<p>Die Reisedaten\u00a007.10.2010Flug Hannover &#8211; Paris &#8211; Johannesburg\u00a008.10.2010 &#8211; 19.10.2010Belfast ( Makutsi ) (B)\u00a019.10.2010 &#8211; 24.10.2010Dreamfields ( Hazyview ) (C)24.10.2010Flug Johannesburg &#8211; Paris &#8211; Hannover Hinreise\u00a0Die<\/p>\n","protected":false},"author":1,"featured_media":0,"parent":6671,"menu_order":0,"comment_status":"closed","ping_status":"closed","template":"","meta":{"footnotes":""},"class_list":["post-364","page","type-page","status-publish","hentry"],"_links":{"self":[{"href":"https:\/\/kruste.selfhost.me\/wordpress\/index.php?rest_route=\/wp\/v2\/pages\/364","targetHints":{"allow":["GET"]}}],"collection":[{"href":"https:\/\/kruste.selfhost.me\/wordpress\/index.php?rest_route=\/wp\/v2\/pages"}],"about":[{"href":"https:\/\/kruste.selfhost.me\/wordpress\/index.php?rest_route=\/wp\/v2\/types\/page"}],"author":[{"embeddable":true,"href":"https:\/\/kruste.selfhost.me\/wordpress\/index.php?rest_route=\/wp\/v2\/users\/1"}],"replies":[{"embeddable":true,"href":"https:\/\/kruste.selfhost.me\/wordpress\/index.php?rest_route=%2Fwp%2Fv2%2Fcomments&post=364"}],"version-history":[{"count":2,"href":"https:\/\/kruste.selfhost.me\/wordpress\/index.php?rest_route=\/wp\/v2\/pages\/364\/revisions"}],"predecessor-version":[{"id":3231,"href":"https:\/\/kruste.selfhost.me\/wordpress\/index.php?rest_route=\/wp\/v2\/pages\/364\/revisions\/3231"}],"up":[{"embeddable":true,"href":"https:\/\/kruste.selfhost.me\/wordpress\/index.php?rest_route=\/wp\/v2\/pages\/6671"}],"wp:attachment":[{"href":"https:\/\/kruste.selfhost.me\/wordpress\/index.php?rest_route=%2Fwp%2Fv2%2Fmedia&parent=364"}],"curies":[{"name":"wp","href":"https:\/\/api.w.org\/{rel}","templated":true}]}}