{"id":3650,"date":"2018-10-08T13:09:03","date_gmt":"2018-10-08T11:09:03","guid":{"rendered":"http:\/\/kruste.selfhost.me\/wordpress\/?page_id=3650"},"modified":"2021-03-14T09:56:16","modified_gmt":"2021-03-14T07:56:16","slug":"region-christmas-island","status":"publish","type":"page","link":"https:\/\/kruste.selfhost.me\/wordpress\/?page_id=3650","title":{"rendered":"Region Mahe Island"},"content":{"rendered":"<div id=\"pl-3650\"  class=\"panel-layout\" ><div id=\"pg-3650-0\"  class=\"panel-grid panel-no-style\" ><div id=\"pgc-3650-0-0\"  class=\"panel-grid-cell\" ><div id=\"panel-3650-0-0-0\" class=\"so-panel widget widget_black-studio-tinymce widget_black_studio_tinymce panel-first-child\" data-index=\"0\" ><div class=\"textwidget\"><hr \/>\n<p>\u00a0<\/p>\n<\/div><\/div><div id=\"panel-3650-0-0-1\" class=\"so-panel widget widget_text panel-last-child\" data-index=\"1\" >\t\t\t<div class=\"textwidget\"><p>\nAktuelle Zeit auf Mahe:  20:20 Uhr<br \/>\nZeitzone:  UTC<br \/>\nDie Wettervorhersage f\u00fcr die n\u00e4chsten drei Tage: <\/p>\n<\/div>\n\t\t<\/div><\/div><div id=\"pgc-3650-0-1\"  class=\"panel-grid-cell\" ><div id=\"panel-3650-0-1-0\" class=\"so-panel widget widget_black-studio-tinymce widget_black_studio_tinymce panel-first-child panel-last-child\" data-index=\"2\" ><div class=\"textwidget\"><p><i><\/i><\/p>\n<div class='weather-atlas-wrapper' style='background:#FF5E00;border:1px solid #ee4d00;color:#fff;'>\n<div class='weather-atlas-header' style='border-bottom:1px solid #ee4d00'>Mah\u00e9, SC<\/div>\n<div class='weather-atlas-body'>\n<div class='current_horizontal'>\n<div class='current_temp'><i class='wi wi-fw wi-weather-29'><\/i><span class='temp'>26\u00b0<\/span>\n<div class='current_text'>Teilweise Bew\u00f6lkt<\/div>\n<div class='sunrise_sunset'>06:17<i class='wi wi-fw wi-weather-32'><\/i>18:15 +04<\/div>\n<\/div>\n<p><span class='current_text_2'>Gef\u00fchlt: 26<small>\u00b0C<\/small><br \/>Wind: 10<small>km\/h<\/small> SSE<br \/>Feuchtigkeit: 85<small>%<\/small><br \/>Druck: 1008.47<small>mbar<\/small><br \/>UV-Index: 0<\/span><\/p><\/div>\n<div class='hourly hours' style='border-bottom:1px solid #ee4d00'><span class='extended_hour extended_hour_1'>1<small>h<\/small><\/span><span class='extended_hour extended_hour_2'>2<small>h<\/small><\/span><span class='extended_hour extended_hour_3'>3<small>h<\/small><\/span><span class='extended_hour extended_hour_4'>4<small>h<\/small><\/span><span class='extended_hour extended_hour_5'>5<small>h<\/small><\/span><\/div>\n<div class='hourly'><span class='extended_hour extended_hour_1' title='Teilweise Bew\u00f6lkt'>25<small>\u00b0C<\/small><br \/><i class='wi wi-fw wi-weather-29'><\/i><\/span><span class='extended_hour extended_hour_2' title='Teilweise Bew\u00f6lkt'>25<small>\u00b0C<\/small><br \/><i class='wi wi-fw wi-weather-29'><\/i><\/span><span class='extended_hour extended_hour_3' title='Schauer'>25<small>\u00b0C<\/small><br \/><i class='wi wi-fw wi-weather-11'><\/i><\/span><span class='extended_hour extended_hour_4' title='Schauer'>25<small>\u00b0C<\/small><br \/><i class='wi wi-fw wi-weather-11'><\/i><\/span><span class='extended_hour extended_hour_5' title='Schauer'>25<small>\u00b0C<\/small><br \/><i class='wi wi-fw wi-weather-11'><\/i><\/span><\/div>\n<div class='daily days' style='border-bottom:1px solid #ee4d00'><span class='extended_day extended_day_1'>Fr.<\/span><span class='extended_day extended_day_2'>Sa.<\/span><span class='extended_day extended_day_3'>So.<\/span><\/div>\n<div class='daily'><span class='extended_day extended_day_1' title='Teilweise Bew\u00f6lkt'>30<small>\u00b0C<\/small> \/ 27<small>\u00b0C<\/small><br \/><i class='wi wi-fw wi-weather-30'><\/i><\/span><span class='extended_day extended_day_2' title='Vorm. Schauer'>30<small>\u00b0C<\/small> \/ 27<small>\u00b0C<\/small><br \/><i class='wi wi-fw wi-weather-39'><\/i><\/span><span class='extended_day extended_day_3' title='Stark Bew\u00f6lkt'>30<small>\u00b0C<\/small> \/ 27<small>\u00b0C<\/small><br \/><i class='wi wi-fw wi-weather-28'><\/i><\/span><\/div>\n<\/div>\n<div class='weather-atlas-footer' style='border-top:1px solid #ee4d00'><a href='https:\/\/www.weather-atlas.com\/en\/seychelles\/mahe-weather-tomorrow' title='Mah\u00e9, SC - Weather forecast for tomorrow' style='color:#fff'><span class='weather-atlas-footer-block'>Mah\u00e9, SC<\/span> weather forecast for tomorrow &#9656;<\/a><\/div>\n<\/div>\n<p><\/p>\n<\/div><\/div><\/div><\/div><div id=\"pg-3650-1\"  class=\"panel-grid panel-no-style\" ><div id=\"pgc-3650-1-0\"  class=\"panel-grid-cell\" ><div id=\"panel-3650-1-0-0\" class=\"so-panel widget widget_black-studio-tinymce widget_black_studio_tinymce panel-first-child\" data-index=\"3\" ><div class=\"textwidget\"><hr \/>\n<p>&nbsp;<\/p>\n<p>Mahe Island geh\u00f6rt zu den Inner Islands und ist mit 157,3\u00a0km\u00b2 die gr\u00f6\u00dfte Insel der Seychellen. Die Hauptstadt Victoria liegt im n\u00f6rdlichen Teil der Insel und ist mit dem Auto vom internationalen Flughafen ( SEZ ) in 30 Minuten zu erreichen.<\/p>\n<p>Mahe ist circa 28 Kilometer lang und 8 Kilometer breit. Der Hauptstrand, die Beau Vallon ,liegt im Nord \/ Westen der Insel und ist bei den Urlaubern sehr beliebt. Hier kann der Besucher ohne Probleme zum Baden ins Meer was an vielen anderen Str\u00e4nden der Seychellen, bedingt durch Str\u00f6mungen und starke Brandung, nicht m\u00f6glich ist. Leider wurden viele G\u00e4steh\u00e4user und Hotels an diesem Traumstrand gebaut und f\u00fcr mich ist Beau Vallon nicht mehr die beste Adresse auf Mahe. Die Traumstr\u00e4nde im S\u00fcden der Insel sind meist noch menschenleer und wer einen Mietwagen bucht, kann die Pl\u00e4tze bequem direkt anfahren.<\/p>\n<p>Ein kleiner Tipp zum Mietwagen: Ich war sehr gl\u00fccklich \u00fcber die Buchung eines kleinen Fahrzeug. Die Stra\u00dfen sind oft recht eng und dies gilt insbesondere dann, wenn der Linienbus entgegenkommt. Dieser h\u00e4lt ohne Gnade seine Spur und oft dachte ich, dass war aber knapp. Die Begrenzung der Fahrbahn sind meist Granitfelsen oder tiefe Regenabfl\u00fcssen, aus denen man sein Fahrzeug nicht einfach bzw. heile bergen k\u00f6nnte. Hier liegt sicherlich der Grund, warum bei den meisten Autovermietern nur ein Vertrag mit Selbstbeteiligung im Schadenfall zu buchen ist.<\/p>\n<p>Meine Traumstr\u00e4nde auf Mahe sind die Anse Intendance, Anse Louis und die Anse Parnel.<br \/>\nJede dieser Buchten ist malerisch und keine muss sich vor den Str\u00e4nden auf Praslin oder La Digue verstecken.\u00a0Leider gilt an vielen Str\u00e4nde jedoch erh\u00f6hte Aufmerksamkeit ! Warnschilder zeigen die Gefahr auf und es verungl\u00fccken jedes Jahr Besucher t\u00f6dlich. Die Str\u00f6mungen sind t\u00fcckisch !! Dies gilt gleicherma\u00dfen f\u00fcr La Digue und Praslin.<\/p>\n<\/div><\/div><div id=\"panel-3650-1-0-1\" class=\"so-panel widget widget_text\" data-index=\"4\" >\t\t\t<div class=\"textwidget\"><p><code><\/p>\n<section class=\"parallax-section\">\n<div class=\"parallax-window\" data-z-index=\"0\" data-position-x=\"left\" data-parallax=\"scroll\" data-speed=\".3\" data-image-src=\"http:\/\/kruste.selfhost.me\/wordpress\/wp-content\/uploads\/2021\/03\/8501585.jpg\" style=\"align-items: flex-start;min-height: 650px;\">\n<div class=\"parallax-container parallax-content\">\n<\/div>\n<\/div>\n<\/section>\n<p><\/code><\/p>\n<\/div>\n\t\t<\/div><div id=\"panel-3650-1-0-2\" class=\"so-panel widget widget_black-studio-tinymce widget_black_studio_tinymce panel-last-child\" data-index=\"5\" ><div class=\"textwidget\"><p>Wer nicht den ganzen Tag am Strand verbringen m\u00f6chte sollte auch der Hauptstadt Victoria einen Besuch abstatten. Der kleine Markt im Zentrum ist interessant und das rege Treiben auf den Stra\u00dfen gibt einen Einblick in die Lebensweise der Inselbewohner. Ich muss aber leider anmerken, dass der Verkehr auf Mahe stark zugenommen hat. Bei meinem ersten Besuch der Seychellen wurde noch die erste Ampel auf der Insel in Betrieb genommen. Jetzt gibt es eine richtige Rushhour und Spa\u00df macht das nicht mehr. Es sind jedoch noch mehr Punkte, die mich etwas traurig stimmen. Zum Einen sind das die gro\u00dfen Fl\u00e4chen der Landgewinnung und die somit entstandenen Pl\u00e4tze wie Eden Island. Das ist nicht meine Welt.\u00a0Erschreckender ist jedoch die steigende Kriminalit\u00e4t. Drogendelikte stehen an oberer Stelle und ich hoffe sehr, dass die Regierung dieses Problem schnell in den Griff bekommt.<\/p>\n<p>Im Jahr 2018 \u00fcberwogen die vielen sch\u00f6nen Seiten von Mahe und ich w\u00fcrde die Insel erneut besuchen. Die tollen Str\u00e4nde, der frische Fisch und die einmaligen Sonnenunterg\u00e4nge waren einfach unbeschreiblich sch\u00f6n.<\/p>\n<p>&nbsp;<\/p>\n<p>&nbsp;<\/p>\n<blockquote><p><span style=\"font-family: 'comic sans ms', sans-serif;\"><em><span style=\"font-size: 32px;\">Wir kommen gerne wieder auf diese tolle Insel<\/span><\/em><\/span><\/p><\/blockquote>\n<\/div><\/div><\/div><\/div><\/div>","protected":false},"excerpt":{"rendered":"<p>\u00a0 &nbsp; Mahe Island geh\u00f6rt zu den Inner Islands und ist mit 157,3\u00a0km\u00b2 die gr\u00f6\u00dfte Insel der Seychellen. Die Hauptstadt Victoria liegt im n\u00f6rdlichen Teil<\/p>\n","protected":false},"author":1,"featured_media":0,"parent":3596,"menu_order":0,"comment_status":"closed","ping_status":"closed","template":"","meta":{"footnotes":""},"class_list":["post-3650","page","type-page","status-publish","hentry"],"_links":{"self":[{"href":"https:\/\/kruste.selfhost.me\/wordpress\/index.php?rest_route=\/wp\/v2\/pages\/3650","targetHints":{"allow":["GET"]}}],"collection":[{"href":"https:\/\/kruste.selfhost.me\/wordpress\/index.php?rest_route=\/wp\/v2\/pages"}],"about":[{"href":"https:\/\/kruste.selfhost.me\/wordpress\/index.php?rest_route=\/wp\/v2\/types\/page"}],"author":[{"embeddable":true,"href":"https:\/\/kruste.selfhost.me\/wordpress\/index.php?rest_route=\/wp\/v2\/users\/1"}],"replies":[{"embeddable":true,"href":"https:\/\/kruste.selfhost.me\/wordpress\/index.php?rest_route=%2Fwp%2Fv2%2Fcomments&post=3650"}],"version-history":[{"count":6,"href":"https:\/\/kruste.selfhost.me\/wordpress\/index.php?rest_route=\/wp\/v2\/pages\/3650\/revisions"}],"predecessor-version":[{"id":7411,"href":"https:\/\/kruste.selfhost.me\/wordpress\/index.php?rest_route=\/wp\/v2\/pages\/3650\/revisions\/7411"}],"up":[{"embeddable":true,"href":"https:\/\/kruste.selfhost.me\/wordpress\/index.php?rest_route=\/wp\/v2\/pages\/3596"}],"wp:attachment":[{"href":"https:\/\/kruste.selfhost.me\/wordpress\/index.php?rest_route=%2Fwp%2Fv2%2Fmedia&parent=3650"}],"curies":[{"name":"wp","href":"https:\/\/api.w.org\/{rel}","templated":true}]}}