{"id":6160,"date":"2019-01-21T10:37:30","date_gmt":"2019-01-21T08:37:30","guid":{"rendered":"http:\/\/kruste.selfhost.me\/wordpress\/?page_id=6160"},"modified":"2023-07-26T06:56:34","modified_gmt":"2023-07-26T04:56:34","slug":"blog-2017-suedafrika-nr-3-3","status":"publish","type":"page","link":"https:\/\/kruste.selfhost.me\/wordpress\/?page_id=6160","title":{"rendered":"BLOG 2019 (Costa Rica, Pazifik)"},"content":{"rendered":"<div id=\"pl-6160\"  class=\"panel-layout\" ><div id=\"pg-6160-0\"  class=\"panel-grid panel-no-style\" ><div id=\"pgc-6160-0-0\"  class=\"panel-grid-cell\" ><div id=\"panel-6160-0-0-0\" class=\"so-panel widget panel-first-child\" data-index=\"0\" ><\/div><div id=\"panel-6160-0-0-1\" class=\"so-panel widget widget_black-studio-tinymce widget_black_studio_tinymce panel-last-child\" data-index=\"1\" ><div class=\"textwidget\"><div class=\"article-main-content\">\n<div class=\"article-content\">\n<div class=\"article-main-content\">\n<div class=\"article-content\">\n<p><span style=\"text-decoration: underline;\"><strong>Die Reisedaten<\/strong><\/span><\/p>\n<p>25.01.2019<\/p>\n<ul>\n<li>Flug:<br \/>\nHannover - Z\u00fcrich - San Jose\u00a0<span style=\"color: #99cc00;\">(L)<\/span><\/li>\n<\/ul>\n<p>25.01.2018 bis 27.01.2019<\/p>\n<ul>\n<li>Valverde Vega\u00a0<span style=\"color: #99cc00;\">(B)<\/span><\/li>\n<\/ul>\n<p>27.01.2019 - 30.01.2019<\/p>\n<ul>\n<li>Pedacito de Cielo\u00a0<span style=\"color: #99cc00;\">(C)<\/span><\/li>\n<\/ul>\n<p>30.01.2019 - 01.02.2019<\/p>\n<ul>\n<li>Playa Santa Teresa<span style=\"color: #99cc00;\"> (D)<\/span><\/li>\n<\/ul>\n<p>01.02.2019 - 03.02.2019<\/p>\n<ul>\n<li>Tabdo Mar <span style=\"color: #99cc00;\">(E)<\/span><\/li>\n<\/ul>\n<p>03.02.2019 - 06.02.2019<\/p>\n<ul>\n<li>Platanillo de Baru<span style=\"color: #99cc00;\">\u00a0(F)<\/span><\/li>\n<\/ul>\n<p>06.02.2019 - 08.02.2019<\/p>\n<ul>\n<li>Dos Brazos \u00a0<span style=\"color: #99cc00;\">(G)<\/span><\/li>\n<\/ul>\n<p>08.02.2019 - 11.02.2019<\/p>\n<ul>\n<li>Puerto Jimenez \u00a0<span style=\"color: #99cc00;\">(H)<\/span><\/li>\n<\/ul>\n<p>11.02.2019 - 13.02.2019<\/p>\n<ul>\n<li>Carate\u00a0<span style=\"color: #99cc00;\">(I)<\/span><\/li>\n<\/ul>\n<p>13.02.2019 - 15.02.2019<\/p>\n<ul>\n<li>Los Quetzales National Park <span style=\"color: #99cc00;\">(J)<\/span><\/li>\n<\/ul>\n<p>15.02.2019<\/p>\n<ul>\n<li>R\u00fcckflug\u00a0<span style=\"color: #99cc00;\">(L)<br \/>\n<span style=\"color: #000000;\">San Jose - Chicago - M\u00fcnchen - Hannover<\/span><\/span><\/li>\n<\/ul>\n<p>&nbsp;<\/p><\/div>\n<\/div>\n<\/div>\n<\/div>\n<\/div><\/div><\/div><div id=\"pgc-6160-0-1\"  class=\"panel-grid-cell\" ><div id=\"panel-6160-0-1-0\" class=\"so-panel widget widget_origin_button panel-first-child panel-last-child\" data-index=\"2\" ><div class=\"origin-widget origin-widget-button origin-widget-button-simple-black align-right\"><a href=\"https:\/\/kruste.selfhost.me\/wordpress\/?page_id=8127&#038;preview=true\" \ntarget=\"_blank\" rel=\"noopener noreferrer\">\n\tReiseroute<\/a>\n<\/div><\/div><\/div><\/div><div id=\"pg-6160-1\"  class=\"panel-grid panel-no-style\" ><div id=\"pgc-6160-1-0\"  class=\"panel-grid-cell\" ><div id=\"panel-6160-1-0-0\" class=\"so-panel widget widget_black-studio-tinymce widget_black_studio_tinymce panel-first-child panel-last-child\" data-index=\"3\" ><h3 class=\"widget-title\">Kurz &#038; Knapp<\/h3><div class=\"textwidget\"><div class=\"article-main-content\">\n<div class=\"article-content\">\n<p><strong>Der Plan f\u00fcr die erste Reise im Jahr 2019<\/strong><\/p>\n<p>Das Jahr 2019 startet mit einer Reise nach Costa Rica. Schon lange hatte ich dieses Ziel im Auge und jetzt wird es umgesetzt. Ich freue mich auf Fr\u00f6sche, Schlangen, Kolibris und mit Gl\u00fcck auch auf Wale und Schildkr\u00f6ten. Die Vulkane in Costa Rica sind zurzeit nicht sehr aktiv und so wird es mir fl\u00fcssiger Lava wohl nichts werden. OK, das hat ja auch eine positive Seite \ud83d\ude42<\/p><\/div>\n<p>Ich melde mich, wenn es Neuigkeiten gibt, auf dieser Site.<\/p>\n<p>&nbsp;<\/p><\/div>\n<\/div><\/div><\/div><\/div><\/div>","protected":false},"excerpt":{"rendered":"<p>Die Reisedaten 25.01.2019 Flug: Hannover &#8211; Z\u00fcrich &#8211; San Jose\u00a0(L) 25.01.2018 bis 27.01.2019 Valverde Vega\u00a0(B) 27.01.2019 &#8211; 30.01.2019 Pedacito de Cielo\u00a0(C) 30.01.2019 &#8211; 01.02.2019 Playa<\/p>\n","protected":false},"author":1,"featured_media":0,"parent":6671,"menu_order":0,"comment_status":"closed","ping_status":"closed","template":"","meta":{"footnotes":""},"class_list":["post-6160","page","type-page","status-publish","hentry"],"_links":{"self":[{"href":"https:\/\/kruste.selfhost.me\/wordpress\/index.php?rest_route=\/wp\/v2\/pages\/6160","targetHints":{"allow":["GET"]}}],"collection":[{"href":"https:\/\/kruste.selfhost.me\/wordpress\/index.php?rest_route=\/wp\/v2\/pages"}],"about":[{"href":"https:\/\/kruste.selfhost.me\/wordpress\/index.php?rest_route=\/wp\/v2\/types\/page"}],"author":[{"embeddable":true,"href":"https:\/\/kruste.selfhost.me\/wordpress\/index.php?rest_route=\/wp\/v2\/users\/1"}],"replies":[{"embeddable":true,"href":"https:\/\/kruste.selfhost.me\/wordpress\/index.php?rest_route=%2Fwp%2Fv2%2Fcomments&post=6160"}],"version-history":[{"count":1,"href":"https:\/\/kruste.selfhost.me\/wordpress\/index.php?rest_route=\/wp\/v2\/pages\/6160\/revisions"}],"predecessor-version":[{"id":6198,"href":"https:\/\/kruste.selfhost.me\/wordpress\/index.php?rest_route=\/wp\/v2\/pages\/6160\/revisions\/6198"}],"up":[{"embeddable":true,"href":"https:\/\/kruste.selfhost.me\/wordpress\/index.php?rest_route=\/wp\/v2\/pages\/6671"}],"wp:attachment":[{"href":"https:\/\/kruste.selfhost.me\/wordpress\/index.php?rest_route=%2Fwp%2Fv2%2Fmedia&parent=6160"}],"curies":[{"name":"wp","href":"https:\/\/api.w.org\/{rel}","templated":true}]}}