{"id":6859,"date":"2019-08-11T14:16:28","date_gmt":"2019-08-11T12:16:28","guid":{"rendered":"http:\/\/kruste.selfhost.me\/wordpress\/?page_id=6859"},"modified":"2023-07-26T07:01:16","modified_gmt":"2023-07-26T05:01:16","slug":"blog-2017-suedafrika-nr-3-3-2","status":"publish","type":"page","link":"https:\/\/kruste.selfhost.me\/wordpress\/?page_id=6859","title":{"rendered":"BLOG 2019 (Abenteuer im s\u00fcdlichen Afrika)"},"content":{"rendered":"<div id=\"pl-6859\"  class=\"panel-layout\" ><div id=\"pg-6859-0\"  class=\"panel-grid panel-no-style\" ><div id=\"pgc-6859-0-0\"  class=\"panel-grid-cell\" ><div id=\"panel-6859-0-0-0\" class=\"so-panel widget panel-first-child\" data-index=\"0\" ><\/div><div id=\"panel-6859-0-0-1\" class=\"so-panel widget widget_black-studio-tinymce widget_black_studio_tinymce panel-last-child\" data-index=\"1\" ><div class=\"textwidget\"><div class=\"article-main-content\">\n<div class=\"article-content\">\n<div class=\"article-main-content\">\n<div class=\"article-content\">\n<p><span style=\"text-decoration: underline;\"><strong>Die Reisedaten<\/strong><\/span><\/p>\n<p>29.08.2019<\/p>\n<ul>\n<li>Flug:<br \/>\nHannover - London - Johannesburg\u00a0<span style=\"color: #99cc00;\">(J)<\/span><\/li>\n<\/ul>\n<p>30.08.2019 bis 01.09.2019<\/p>\n<ul>\n<li>Marakele National Park\u00a0<span style=\"color: #99cc00;\">(B)<\/span><\/li>\n<\/ul>\n<p>01.09.2019 - 03.09.2019<\/p>\n<ul>\n<li>Mapungubwe National Park\u00a0<span style=\"color: #99cc00;\">(C)<\/span><\/li>\n<\/ul>\n<p>03.09.2019 - 06.09.2019<\/p>\n<ul>\n<li>Limpop Lipadi Reserve<span style=\"color: #99cc00;\">\u00a0(D)<\/span><\/li>\n<\/ul>\n<p>06.09.2019 - 16.09.2019<\/p>\n<ul>\n<li>KTP Botswana \u00a0<span style=\"color: #99cc00;\">(E)<\/span><\/li>\n<\/ul>\n<p>16.09.2019 - 30.09.2019<\/p>\n<ul>\n<li>KTP S\u00fcdafrika<span style=\"color: #99cc00;\">\u00a0(F)<\/span><\/li>\n<\/ul>\n<p>30.09.2019 - 04.10.2019<\/p>\n<ul>\n<li>Sossusvlei \u00a0<span style=\"color: #99cc00;\">(G)<\/span><\/li>\n<\/ul>\n<p>04.10.2019 - 06.10.2019<\/p>\n<ul>\n<li>L\u00fcderitz\u00a0<span style=\"color: #99cc00;\">(H)<\/span><\/li>\n<\/ul>\n<p>06.10.2019 - 07.10.2019<\/p>\n<ul>\n<li>Fish River Canyon\u00a0<span style=\"color: #99cc00;\">(I)<\/span><\/li>\n<\/ul>\n<p>07.10.2019 - 09.102019<\/p>\n<ul>\n<li>Augrabies bis Johannesburg\u00a0<span style=\"color: #99cc00;\">(J)<\/span><\/li>\n<\/ul>\n<p>09.10.2019<\/p>\n<ul>\n<li>R\u00fcckflug\u00a0<span style=\"color: #99cc00;\">(L)<br \/>\n<span style=\"color: #000000;\">Johannesburg - London - Hannover<\/span><\/span><\/li>\n<\/ul>\n<p>&nbsp;<\/p><\/div>\n<\/div>\n<\/div>\n<\/div>\n<\/div><\/div><\/div><div id=\"pgc-6859-0-1\"  class=\"panel-grid-cell\" ><div id=\"panel-6859-0-1-0\" class=\"so-panel widget widget_origin_button panel-first-child panel-last-child\" data-index=\"2\" ><div class=\"origin-widget origin-widget-button origin-widget-button-simple-black align-right\"><a href=\"https:\/\/kruste.selfhost.me\/wordpress\/?page_id=8133\" \ntarget=\"_blank\" rel=\"noopener noreferrer\">\n\tReiseroute<\/a>\n<\/div><\/div><\/div><\/div><div id=\"pg-6859-1\"  class=\"panel-grid panel-no-style\" ><div id=\"pgc-6859-1-0\"  class=\"panel-grid-cell\" ><div id=\"panel-6859-1-0-0\" class=\"so-panel widget widget_black-studio-tinymce widget_black_studio_tinymce panel-first-child panel-last-child\" data-index=\"3\" ><h3 class=\"widget-title\">Kurz &#038; Knapp<\/h3><div class=\"textwidget\"><div class=\"article-main-content\">\n<div class=\"article-content\">\n<p><strong>Das Abenteuer im Jahr 2019<\/strong><\/p><\/div>\n<p>Diese Reise wird sich von den letzten sicherlich etwas unterscheiden. Geplant ist eine Dauer von 6 Wochen und es geht in einem Gel\u00e4ndewagen mit Dachzelt von S\u00fcdafrika ( Johannesburg ) durch Botswana bis Namibia und zur\u00fcck nach Johannesburg.<\/p>\n<p>Die Planung dieser Tour nimmt ausgesprochen viel Zeit in Anspruch und nach knapp 10 Monaten habe ich auch die letzte Buchungsbest\u00e4tigung aus Botswana erhalten. Ich darf mich auf Orte freuen, die ich schon immer einmal bereise wollte und daf\u00fcr nehme ich mir eine Auszeit vom Job. Ich freue mich auf einsame Tage in der Kalahari ( Polentswa, Rooiputz, Kaa .... ) , spannende Begegnungen mit Elefanten und Wildhunden im Tuli Block, gro\u00dfe Sandd\u00fcnen im Sossusvlei, verlassene Diamantenst\u00e4dte in L\u00fcderitz und den zweit gro\u00dfen Canyon der Welt den Fish River Canyon.<\/p><\/div>\n<p>Meine Reisevorbereitungen beinhalteten eine 4x4 Gel\u00e4ndefahrtraining um sicher durch die \u00a0W\u00fcste zu kommen und ich f\u00fchle mich jetzt gut ger\u00fcstet f\u00fcr dieses Abenteuer.<\/p>\n<div class=\"article-main-content\">\n<p>&nbsp;<\/p><\/div>\n<\/div><\/div><\/div><\/div><\/div>","protected":false},"excerpt":{"rendered":"<p>Die Reisedaten 29.08.2019 Flug: Hannover &#8211; London &#8211; Johannesburg\u00a0(J) 30.08.2019 bis 01.09.2019 Marakele National Park\u00a0(B) 01.09.2019 &#8211; 03.09.2019 Mapungubwe National Park\u00a0(C) 03.09.2019 &#8211; 06.09.2019 Limpop<\/p>\n","protected":false},"author":1,"featured_media":0,"parent":6671,"menu_order":0,"comment_status":"closed","ping_status":"closed","template":"","meta":{"footnotes":""},"class_list":["post-6859","page","type-page","status-publish","hentry"],"_links":{"self":[{"href":"https:\/\/kruste.selfhost.me\/wordpress\/index.php?rest_route=\/wp\/v2\/pages\/6859","targetHints":{"allow":["GET"]}}],"collection":[{"href":"https:\/\/kruste.selfhost.me\/wordpress\/index.php?rest_route=\/wp\/v2\/pages"}],"about":[{"href":"https:\/\/kruste.selfhost.me\/wordpress\/index.php?rest_route=\/wp\/v2\/types\/page"}],"author":[{"embeddable":true,"href":"https:\/\/kruste.selfhost.me\/wordpress\/index.php?rest_route=\/wp\/v2\/users\/1"}],"replies":[{"embeddable":true,"href":"https:\/\/kruste.selfhost.me\/wordpress\/index.php?rest_route=%2Fwp%2Fv2%2Fcomments&post=6859"}],"version-history":[{"count":2,"href":"https:\/\/kruste.selfhost.me\/wordpress\/index.php?rest_route=\/wp\/v2\/pages\/6859\/revisions"}],"predecessor-version":[{"id":6862,"href":"https:\/\/kruste.selfhost.me\/wordpress\/index.php?rest_route=\/wp\/v2\/pages\/6859\/revisions\/6862"}],"up":[{"embeddable":true,"href":"https:\/\/kruste.selfhost.me\/wordpress\/index.php?rest_route=\/wp\/v2\/pages\/6671"}],"wp:attachment":[{"href":"https:\/\/kruste.selfhost.me\/wordpress\/index.php?rest_route=%2Fwp%2Fv2%2Fmedia&parent=6859"}],"curies":[{"name":"wp","href":"https:\/\/api.w.org\/{rel}","templated":true}]}}