{"id":711,"date":"2014-11-04T19:56:51","date_gmt":"2014-11-04T18:56:51","guid":{"rendered":"http:\/\/kruste.selfhost.me\/wordpress\/?page_id=711"},"modified":"2020-07-31T06:53:52","modified_gmt":"2020-07-31T04:53:52","slug":"haus-kopatsch-hazyview","status":"publish","type":"page","link":"https:\/\/kruste.selfhost.me\/wordpress\/?page_id=711","title":{"rendered":"Haus Kopatsch (Hazyview)"},"content":{"rendered":"<div id=\"pl-711\"  class=\"panel-layout\" ><div id=\"pg-711-0\"  class=\"panel-grid panel-no-style\" ><div id=\"pgc-711-0-0\"  class=\"panel-grid-cell\" ><div id=\"panel-711-0-0-0\" class=\"so-panel widget widget_black-studio-tinymce widget_black_studio_tinymce panel-first-child panel-last-child\" data-index=\"0\" ><div class=\"textwidget\"><div class=\"style_SkipStroke_2 shape-with-text flowDefining\">\n<div class=\"text-content style_External_485_494\">\n<div class=\"style\">\n<hr \/>\n<p style=\"color: #919191;\"><span style=\"color: #000000;\">Es handelt sich beim<a href=\"http:\/\/www.hauskopatsch.co.za\/galleries\/\" target=\"_blank\" rel=\"noopener\"> Haus Kopatsch<\/a> hier um ein , f\u00fcr deutsche Verh\u00e4ltnisse, gro\u00dfes Grundst\u00fcck mit einem alten Haupthaus und einem kleinem Nebengeb\u00e4ude. Im Haupthaus befinden sich 4 G\u00e4stezimmer, eine Terrasse und der \u201eSpeiseraum\u201c.<\/span><\/p>\n<p style=\"color: #919191;\"><span style=\"color: #000000;\">Das Chalet ,welches wir gebucht hatten, befindet sich\u00a0in einem\u00a0kleinen Nebengeb\u00e4ude. Es ist mit einer K\u00fcche, 2 Schlafr\u00e4umen, 2 B\u00e4dern und Terrasse mit tollem Ausblick ausgestattet.<\/span><\/p>\n<p style=\"color: #919191;\"><span style=\"color: #000000;\">Den G\u00e4sten steht weiter ein Pool, eine gro\u00dfe Terrasse und der Garten zur Verf\u00fcgung.<\/span><\/p>\n<p><span style=\"color: #000000;\">Kostenfreie und beim Chalet auch \u00fcberdachte Parkpl\u00e4tze stehen zur Verf\u00fcgung.<\/span><br \/>\n<span style=\"color: #000000;\">( Nach einem starken Hagelschauer vor unserer Abfahrt, durch den es viele verbeulte Autod\u00e4cher gab, eine praktische Sache )<\/span><\/p>\n<hr \/>\n<p>&nbsp;<\/p><\/div>\n<\/div>\n<\/div>\n<\/div><\/div><\/div><div id=\"pgc-711-0-1\"  class=\"panel-grid-cell\" ><div id=\"panel-711-0-1-0\" class=\"so-panel widget widget_black-studio-tinymce widget_black_studio_tinymce panel-first-child panel-last-child\" data-index=\"1\" ><div class=\"textwidget\"><p><img loading=\"lazy\" decoding=\"async\" class=\"size-full wp-image-714 alignright\" src=\"http:\/\/kruste.selfhost.me\/wordpress\/wp-content\/uploads\/2014\/11\/SAF_6484-e1466062743630.jpg\" alt=\"SAF_6484\" width=\"769\" height=\"900\" \/><\/p>\n<\/div><\/div><\/div><\/div><div id=\"pg-711-1\"  class=\"panel-grid panel-no-style\" ><div id=\"pgc-711-1-0\"  class=\"panel-grid-cell\" ><div id=\"panel-711-1-0-0\" class=\"so-panel widget widget_black-studio-tinymce widget_black_studio_tinymce panel-first-child\" data-index=\"2\" ><h3 class=\"widget-title\">Preise:<\/h3><div class=\"textwidget\"><hr \/>\n<ul>\n<li><i style=\"font-family: sans-serif; font-variant: normal; line-height: normal;\">Doppelzimmer: ab 770 ZAR<\/i><\/li>\n<li><i style=\"font-family: sans-serif; font-variant: normal; line-height: normal;\">Einzelzimmer: ab 490 ZAR<\/i><\/li>\n<li><i style=\"font-family: sans-serif; font-variant: normal; line-height: normal;\">Chalet: 1250 ZAR<\/i><\/li>\n<li><i style=\"font-family: sans-serif; font-variant: normal; line-height: normal;\">Fr\u00fchst\u00fcck 90 ZAR\u00a0<\/i><\/li>\n<li><i style=\"font-family: sans-serif; font-variant: normal; line-height: normal;\">Abendessen 150 ZAR<\/i><\/li>\n<\/ul>\n<\/div><\/div><div id=\"panel-711-1-0-1\" class=\"so-panel widget widget_black-studio-tinymce widget_black_studio_tinymce\" data-index=\"3\" ><h3 class=\"widget-title\">Kommunikation:<\/h3><div class=\"textwidget\"><div id=\"id4\" class=\"style_SkipStroke_4 shape-with-text\">\n<div class=\"text-content graphic_textbox_layout_style_default_External_138_130\">\n<div class=\"graphic_textbox_layout_style_default\">\n<hr \/>\n<p style=\"color: #929292;\"><span style=\"color: #000000;\"><i>Handyempfang ist m\u00f6glich. Internet gibt es auf Anfrage ( z.B. f\u00fcr den Online CheckInn der Airline )\u00a0<\/i><\/span><\/p>\n<\/div>\n<\/div>\n<\/div>\n<\/div><\/div><div id=\"panel-711-1-0-2\" class=\"so-panel widget widget_text\" data-index=\"4\" >\t\t\t<div class=\"textwidget\"><section class=\"parallax-section\">\n<div class=\"parallax-window\" data-z-index=\"1\" data-position-x=\"left\" data-parallax=\"scroll\" data-speed=\".3\" data-image-src=\"http:\/\/kruste.selfhost.me\/wordpress\/wp-content\/uploads\/2020\/07\/SAF5941.jpg\" style=\"align-items: flex-start;min-height: 550px;\">\n<div class=\"parallax-container parallax-content\">\n<\/div>\n<\/div>\n<\/section>\n<\/div>\n\t\t<\/div><div id=\"panel-711-1-0-3\" class=\"so-panel widget widget_black-studio-tinymce widget_black_studio_tinymce\" data-index=\"5\" ><h3 class=\"widget-title\">Anreise:<\/h3><div class=\"textwidget\"><hr \/>\n<p>Hazyview ist per Mietwagen zu erreichen und den braucht man hier eh.<br \/>Die letzten 2 Kilometer der Zufahrtsstrasse zum Haus Kopatsch sind nicht asphaltiert. Bitte vorsichtig fahren.<br \/>Anfahrt zum Krugerpark in circa 35 Minuten.\u00a0<\/p>\n<\/div><\/div><div id=\"panel-711-1-0-4\" class=\"so-panel widget widget_black-studio-tinymce widget_black_studio_tinymce\" data-index=\"6\" ><h3 class=\"widget-title\">Meine Reisezeiten:<\/h3><div class=\"textwidget\"><hr \/>\n<ul>\n<li>Oktober 2011<\/li>\n<\/ul>\n<p class=\"paragraph_style\">\u00a0<\/p>\n<\/div><\/div><div id=\"panel-711-1-0-5\" class=\"so-panel widget widget_black-studio-tinymce widget_black_studio_tinymce\" data-index=\"7\" ><h3 class=\"widget-title\">Das Wetter:<\/h3><div class=\"textwidget\"><hr \/>\n<ul>\n<li><span style=\"color: #000000;\">Oktober 2011<\/span><\/li>\n<\/ul>\n<p style=\"color: #919191; padding-left: 30px;\"><span style=\"color: #000000;\">Nachts Gewitter und starker Regen.\u00a0Die Tage waren sehr sch\u00f6n mit Sonnenschein und 28\u00b0C.<\/span><\/p>\n<\/div><\/div><div id=\"panel-711-1-0-6\" class=\"so-panel widget widget_black-studio-tinymce widget_black_studio_tinymce\" data-index=\"8\" ><h3 class=\"widget-title\">Zimmer:<\/h3><div class=\"textwidget\"><hr \/>\n<p style=\"color: #919191;\"><span style=\"color: rgb(0, 0, 0);\">Gebucht hatte ich das Chalet mit gro\u00dfer K\u00fcche, 2 Schlafr\u00e4umen und 2 B\u00e4dern. Das\u00a0Badezimmer hat\u00a0mir nicht gefallen und die M\u00f6bel wirkten sehr zusammen gesucht.<\/span><\/p>\n<p>Weiter gab es eine\u00a0Waschmaschine, TV und K\u00fchlschrank. Die vergitterten Fenster waren nicht mein Fall.<\/p>\n<p>\u00a0<\/p>\n<\/div><\/div><div id=\"panel-711-1-0-7\" class=\"so-panel widget widget_black-studio-tinymce widget_black_studio_tinymce\" data-index=\"9\" ><div class=\"textwidget\"><p><a href=\"http:\/\/kruste.selfhost.me\/wordpress\/wp-content\/uploads\/2014\/11\/SAF_6205.jpg\"><img loading=\"lazy\" decoding=\"async\" class=\"alignnone size-full wp-image-713\" src=\"http:\/\/kruste.selfhost.me\/wordpress\/wp-content\/uploads\/2014\/11\/SAF_6205.jpg\" alt=\"SAF_6205\" width=\"2220\" height=\"450\" srcset=\"https:\/\/kruste.selfhost.me\/wordpress\/wp-content\/uploads\/2014\/11\/SAF_6205.jpg 2220w, https:\/\/kruste.selfhost.me\/wordpress\/wp-content\/uploads\/2014\/11\/SAF_6205-150x30.jpg 150w, https:\/\/kruste.selfhost.me\/wordpress\/wp-content\/uploads\/2014\/11\/SAF_6205-300x60.jpg 300w, https:\/\/kruste.selfhost.me\/wordpress\/wp-content\/uploads\/2014\/11\/SAF_6205-1024x207.jpg 1024w, https:\/\/kruste.selfhost.me\/wordpress\/wp-content\/uploads\/2014\/11\/SAF_6205-700x141.jpg 700w\" sizes=\"auto, (max-width: 2220px) 100vw, 2220px\" \/><\/a><\/p>\n<\/div><\/div><div id=\"panel-711-1-0-8\" class=\"so-panel widget widget_black-studio-tinymce widget_black_studio_tinymce\" data-index=\"10\" ><h3 class=\"widget-title\">K\u00fcche \/ Restaurant:<\/h3><div class=\"textwidget\"><hr \/>\n<p style=\"color: #929292;\"><span style=\"color: #000000;\"><i>Wir hatte die Unterkunft mit Fr\u00fchst\u00fcck gebucht und f\u00fcr den ersten Abend ein Essen bestellt.<\/i><\/span><\/p>\n<p style=\"color: #919191;\"><span style=\"color: #000000;\">Gew\u00fcnscht hatten wir uns Strauss, was auch erf\u00fcllt wurde. Zus\u00e4tzlich gab es noch Lachs als Vorspeise und Kuchen als Dessert. Uns hat es geschmeckt.\u00a0<\/span><\/p>\n<\/div><\/div><div id=\"panel-711-1-0-9\" class=\"so-panel widget widget_black-studio-tinymce widget_black_studio_tinymce\" data-index=\"11\" ><h3 class=\"widget-title\">Personal:<\/h3><div class=\"textwidget\"><hr \/><p style=\"color: #929292;\"><span style=\"color: #000000;\"><i>Das Haus wird von Familie Kopatsch direkt gef\u00fchrt.\u00a0<\/i>Fragen werden gerne beantwortet und Hilfestellungen werden freundlich erteilt.<\/span><\/p><p><span style=\"color: #000000;\"><i style=\"font-family: sans-serif; font-variant: normal; line-height: normal;\">Kontakt zu den Angestellten gab es nicht.\u00a0<\/i><\/span><\/p><\/div><\/div><div id=\"panel-711-1-0-10\" class=\"so-panel widget widget_black-studio-tinymce widget_black_studio_tinymce\" data-index=\"12\" ><h3 class=\"widget-title\">Aktivit\u00e4ten:<\/h3><div class=\"textwidget\"><hr \/>\n<p class=\"Caption\">Sicher geh\u00f6rt die Fahrt in den Kr\u00fcger Park zu den t\u00e4glichen Aktivit\u00e4ten aber auch\u00a0in Hazyview und Umgebung gibt es einiges zu sehen.\u00a0<\/p>\n<\/div><\/div><div id=\"panel-711-1-0-11\" class=\"so-panel widget widget_black-studio-tinymce widget_black_studio_tinymce panel-last-child\" data-index=\"13\" ><h3 class=\"widget-title\">Tipps:<\/h3><div class=\"textwidget\"><hr \/>\n<ul>\n<li class=\"full-width\">\n<p class=\"paragraph_style_4\"><span class=\"style_4\">Fr\u00fche Tour zum Kr\u00fcger Park ( 05:30 Uhr)<\/span><\/p>\n<\/li>\n<li class=\"full-width\">\n<p class=\"paragraph_style_4\"><span class=\"style_4\">Essen im Sommerfields und Pioneers<\/span><span class=\"style_1\"><br \/><\/span><\/p>\n<\/li>\n<\/ul>\n<\/div><\/div><\/div><\/div><div id=\"pg-711-2\"  class=\"panel-grid panel-no-style\" ><div id=\"pgc-711-2-0\"  class=\"panel-grid-cell\" ><div id=\"panel-711-2-0-0\" class=\"so-panel widget widget_black-studio-tinymce widget_black_studio_tinymce panel-first-child\" data-index=\"14\" ><h3 class=\"widget-title\">Klartext:<\/h3><div class=\"textwidget\"><hr \/>\n<p><span style=\"color: #000000;\">Man merkt, dass die Anlage schon bessere Tage gesehen hat. Zwar ist alles sauber aber es bedarf doch dringend einer Renovierung. Das eine Badezimmer im Chalet hatte nur eine Duschwanne mit gro\u00dfen zersprungenem Spiegel. Der Duschschlauch war zu kurz und von der Toilette zum Waschbecken gab es nur wenig Platz. <\/span><\/p>\n<p>Die M\u00f6bel waren OK aber es wirkte alles zusammen gesucht. Geschmackvoll fand ich es nicht. Der Fernseher war sehr klein, wird aber wohl auch nur selten benutzt und vor allen Fenstern und T\u00fcren gab es Gitter. Ich f\u00fchlte mich etwas eingesperrt. Die Gitter liessen sich zwar \u00f6ffnen aber so waren immer noch 50% der Fensterfl\u00e4che versperrt.<\/p>\n<p><span style=\"color: #000000;\">Die Hunde auf der Anlage st\u00f6ren nicht wirklich. Nur die Hinterlassenschaften im Garten sind unsch\u00f6n. Auch Europaletten mit Hundematratzen auf der Terrasse sind nicht mein Fall.<\/span><\/p>\n<p>Wer einen leichten Schlaf hat k\u00f6nnte sich auch \u00fcber die Squirrels \u00e4rgern, die Nachts \u00fcber das Blechdach laufen. Mich haben die Ger\u00e4usche nicht gest\u00f6rt. Die Fahrten durch den Krugerpark waren einfach zu anstrengend.<\/p>\n<p>Das Fr\u00fchst\u00fcck und Abendessen war Durchschnitt. Man wird satt. Da Frau Kopatsch extra f\u00fcr uns gekocht hat, gehen 150 Rand f\u00fcr das Straussensteak in Ordnung. F\u00fcr das gleiche Geld bekommt man im Summerfields aber wesentlich mehr geboten ( z.B. Steinbock Carpaccio und ein Rinderfilet f\u00fcr 170 Rand ) und das Restaurant liegt fast um die Ecke.<\/p>\n<p><span style=\"color: #000000;\">F\u00fcr 4 Personen und Selbstverpflegung ist das Chalet gut geeignet und 1290 ZAR sind\u00a0ein g\u00fcnstiger\u00a0Preis.<\/span>\u00a0<span style=\"color: #000000;\">Vorziehen w\u00fcrde ich aber \u201eIdle and Wild\u201c oder , wenn es nicht auf den Euro ankommt, das Dreamfields.<\/span><\/p>\n<p>Ich werde das Haus Kopatsch nicht wieder buchen.<\/p>\n<\/div><\/div><div id=\"panel-711-2-0-1\" class=\"so-panel widget widget_black-studio-tinymce widget_black_studio_tinymce panel-last-child\" data-index=\"15\" ><div class=\"textwidget\"><p><a href=\"http:\/\/kruste.selfhost.me\/wordpress\/wp-content\/uploads\/2014\/11\/SAF_4636-e1420010250164.jpg\"><img loading=\"lazy\" decoding=\"async\" class=\"alignnone size-full wp-image-1026\" src=\"http:\/\/kruste.selfhost.me\/wordpress\/wp-content\/uploads\/2014\/11\/SAF_4636-e1420010250164.jpg\" alt=\"SAF_4636\" width=\"2311\" height=\"427\" srcset=\"https:\/\/kruste.selfhost.me\/wordpress\/wp-content\/uploads\/2014\/11\/SAF_4636-e1420010250164.jpg 2311w, https:\/\/kruste.selfhost.me\/wordpress\/wp-content\/uploads\/2014\/11\/SAF_4636-e1420010250164-150x27.jpg 150w, https:\/\/kruste.selfhost.me\/wordpress\/wp-content\/uploads\/2014\/11\/SAF_4636-e1420010250164-300x55.jpg 300w, https:\/\/kruste.selfhost.me\/wordpress\/wp-content\/uploads\/2014\/11\/SAF_4636-e1420010250164-1024x189.jpg 1024w, https:\/\/kruste.selfhost.me\/wordpress\/wp-content\/uploads\/2014\/11\/SAF_4636-e1420010250164-700x129.jpg 700w\" sizes=\"auto, (max-width: 2311px) 100vw, 2311px\" \/><\/a><\/p>\n<\/div><\/div><\/div><\/div><\/div>","protected":false},"excerpt":{"rendered":"<p>Es handelt sich beim Haus Kopatsch hier um ein , f\u00fcr deutsche Verh\u00e4ltnisse, gro\u00dfes Grundst\u00fcck mit einem alten Haupthaus und einem kleinem Nebengeb\u00e4ude. Im Haupthaus<\/p>\n","protected":false},"author":1,"featured_media":0,"parent":151,"menu_order":0,"comment_status":"closed","ping_status":"closed","template":"","meta":{"footnotes":""},"class_list":["post-711","page","type-page","status-publish","hentry"],"_links":{"self":[{"href":"https:\/\/kruste.selfhost.me\/wordpress\/index.php?rest_route=\/wp\/v2\/pages\/711","targetHints":{"allow":["GET"]}}],"collection":[{"href":"https:\/\/kruste.selfhost.me\/wordpress\/index.php?rest_route=\/wp\/v2\/pages"}],"about":[{"href":"https:\/\/kruste.selfhost.me\/wordpress\/index.php?rest_route=\/wp\/v2\/types\/page"}],"author":[{"embeddable":true,"href":"https:\/\/kruste.selfhost.me\/wordpress\/index.php?rest_route=\/wp\/v2\/users\/1"}],"replies":[{"embeddable":true,"href":"https:\/\/kruste.selfhost.me\/wordpress\/index.php?rest_route=%2Fwp%2Fv2%2Fcomments&post=711"}],"version-history":[{"count":6,"href":"https:\/\/kruste.selfhost.me\/wordpress\/index.php?rest_route=\/wp\/v2\/pages\/711\/revisions"}],"predecessor-version":[{"id":2316,"href":"https:\/\/kruste.selfhost.me\/wordpress\/index.php?rest_route=\/wp\/v2\/pages\/711\/revisions\/2316"}],"up":[{"embeddable":true,"href":"https:\/\/kruste.selfhost.me\/wordpress\/index.php?rest_route=\/wp\/v2\/pages\/151"}],"wp:attachment":[{"href":"https:\/\/kruste.selfhost.me\/wordpress\/index.php?rest_route=%2Fwp%2Fv2%2Fmedia&parent=711"}],"curies":[{"name":"wp","href":"https:\/\/api.w.org\/{rel}","templated":true}]}}