{"id":7505,"date":"2020-07-29T18:58:00","date_gmt":"2020-07-29T16:58:00","guid":{"rendered":"http:\/\/kruste.selfhost.me\/wordpress\/?page_id=7505"},"modified":"2022-10-27T18:44:36","modified_gmt":"2022-10-27T16:44:36","slug":"onguma-tree-top-camp-etosha-2","status":"publish","type":"page","link":"https:\/\/kruste.selfhost.me\/wordpress\/?page_id=7505","title":{"rendered":"Onguma Leadwood Campsite (\u00f6stlich Etosha)"},"content":{"rendered":"<div id=\"pl-7505\"  class=\"panel-layout\" ><div id=\"pg-7505-0\"  class=\"panel-grid panel-no-style\" ><div id=\"pgc-7505-0-0\"  class=\"panel-grid-cell\" ><div id=\"panel-7505-0-0-0\" class=\"so-panel widget widget_text panel-first-child panel-last-child\" data-index=\"0\" >\t\t\t<div class=\"textwidget\"><p>letztes Update von 10\/2022<\/p>\n<\/div>\n\t\t<\/div><\/div><\/div><div id=\"pg-7505-1\"  class=\"panel-grid panel-no-style\" ><div id=\"pgc-7505-1-0\"  class=\"panel-grid-cell\" ><div id=\"panel-7505-1-0-0\" class=\"so-panel widget widget_black-studio-tinymce widget_black_studio_tinymce panel-first-child panel-last-child\" data-index=\"1\" ><div class=\"textwidget\"><div class=\"style_SkipStroke_2 shape-with-text flowDefining\">\n<div class=\"text-content style_External_485_494\">\n<div class=\"style\">\n<hr \/>\n<\/div>\n<div class=\"style\">\n<div class=\"style\">\n<p>Bei unserem letzten Aufenthalt im Onguma Tree Top Camp besuchten wir das Onguma Bushcamp und verbrachten dort einen paar Stunden am hauseigenen Wasserloch. Die Atmosph\u00e4re war so sch\u00f6n, dass wir eigentlich nur ungern unseren Sundowner beendeten um f\u00fcr das Abendbrot zur\u00fcck zum Tree Top Camp zu fahren.<\/p><\/div>\n<blockquote><p><span style=\"font-family: 'comic sans ms', sans-serif;\">Wenn man hier einmal zum Dinner sein k\u00f6nnte ......<\/span><\/p><\/blockquote>\n<p>Das war der gemeinsame Gedanke und im Jahr 2020 erf\u00fcllten wir uns diesen Wunsch. Bedingt durch den Stopp in der Kalahari hatten wir auf dieser Reise ein Fahrzeug mit Dachzelt und vollst\u00e4ndiger Campingausr\u00fcstung gebucht und wollten diese Ausr\u00fcstung nat\u00fcrlich auch nutzen. Es bot sich in unserem Fall die \u00dcbernachtung auf der \u00a0<a href=\"https:\/\/onguma.com\/de\/leadwood-campingplatz-ger\/\" target=\"_blank\" rel=\"noopener\">Leadwood Campsite<\/a> an und da ich noch wusste, dass die Nutzung von Pool und Restaurant den G\u00e4sten des Campingplatz gestattet war fiel die Entscheidung nicht schwer. Unser gew\u00fcnschtes Abendessen haben wir selbstverst\u00e4ndlich gleich mit gebucht.<\/p>\n<p>Die Leadwood Campsite liegt etwas Abseits des Bushcamps und ist in weniger als 5 Minute zu Fu\u00df zu erreichen. Der Platz bietet 6 Stellpl\u00e4tze wobei jeder sein eigenes Bad und eine kleinen K\u00fcchenzeil mit Waschbecken besitzt. Alles ist sehr sauber und eine Stromanschluss gibt es auch. Nicht Camping sonder Lamping war angesagt.<\/p>\n<hr \/>\n<p>&nbsp;<\/p><\/div>\n<\/div>\n<\/div>\n<\/div><\/div><\/div><div id=\"pgc-7505-1-1\"  class=\"panel-grid-cell\" ><div id=\"panel-7505-1-1-0\" class=\"so-panel widget widget_black-studio-tinymce widget_black_studio_tinymce panel-first-child panel-last-child\" data-index=\"2\" ><div class=\"textwidget\"><p><img loading=\"lazy\" decoding=\"async\" class=\"size-full wp-image-7511 alignright\" src=\"http:\/\/kruste.selfhost.me\/wordpress\/wp-content\/uploads\/2020\/07\/BOT0434-scaled-e1596042822683.jpg\" alt=\"\" width=\"1958\" height=\"1414\" srcset=\"https:\/\/kruste.selfhost.me\/wordpress\/wp-content\/uploads\/2020\/07\/BOT0434-scaled-e1596042822683.jpg 1958w, https:\/\/kruste.selfhost.me\/wordpress\/wp-content\/uploads\/2020\/07\/BOT0434-scaled-e1596042822683-300x217.jpg 300w, https:\/\/kruste.selfhost.me\/wordpress\/wp-content\/uploads\/2020\/07\/BOT0434-scaled-e1596042822683-1024x739.jpg 1024w, https:\/\/kruste.selfhost.me\/wordpress\/wp-content\/uploads\/2020\/07\/BOT0434-scaled-e1596042822683-150x108.jpg 150w, https:\/\/kruste.selfhost.me\/wordpress\/wp-content\/uploads\/2020\/07\/BOT0434-scaled-e1596042822683-768x555.jpg 768w, https:\/\/kruste.selfhost.me\/wordpress\/wp-content\/uploads\/2020\/07\/BOT0434-scaled-e1596042822683-1536x1109.jpg 1536w\" sizes=\"auto, (max-width: 1958px) 100vw, 1958px\" \/><\/p>\n<\/div><\/div><\/div><\/div><div id=\"pg-7505-2\"  class=\"panel-grid panel-no-style\" ><div id=\"pgc-7505-2-0\"  class=\"panel-grid-cell\" ><div id=\"panel-7505-2-0-0\" class=\"so-panel widget widget_black-studio-tinymce widget_black_studio_tinymce panel-first-child\" data-index=\"3\" ><h3 class=\"widget-title\">Preise:<\/h3><div class=\"textwidget\"><hr \/>\n<p class=\"Caption\"><i>380 N$ pro Person und Nacht ( Plus Schutzgeb\u00fchr f\u00fcr Nash\u00f6rner circa 40 N$ )<\/i><i style=\"font-family: sans-serif; font-variant: normal; line-height: normal;\"><\/i><\/p>\n<\/div><\/div><div id=\"panel-7505-2-0-1\" class=\"so-panel widget widget_black-studio-tinymce widget_black_studio_tinymce\" data-index=\"4\" ><h3 class=\"widget-title\">Kommunikation:<\/h3><div class=\"textwidget\"><div id=\"id4\" class=\"style_SkipStroke_4 shape-with-text\">\n<div class=\"text-content graphic_textbox_layout_style_default_External_138_130\">\n<div class=\"graphic_textbox_layout_style_default\">\n<hr \/>\n<p class=\"Caption\">WLAN ist\u00a0kostenfrei im Bereich des Bushcamp m\u00f6glich.<\/p>\n<\/div>\n<\/div>\n<\/div>\n<\/div><\/div><div id=\"panel-7505-2-0-2\" class=\"so-panel widget widget_text\" data-index=\"5\" >\t\t\t<div class=\"textwidget\"><section class=\"parallax-section\">\n<div class=\"parallax-window\" data-z-index=\"1\" data-position-x=\"left\" data-parallax=\"scroll\" data-speed=\".3\" data-image-src=\"http:\/\/kruste.selfhost.me\/wordpress\/wp-content\/uploads\/2020\/07\/Leadwood-Campsite_3.jpg\" style=\"align-items: flex-start;min-height: 550px;\">\n<div class=\"parallax-container parallax-content\">\n<\/div>\n<\/div>\n<\/section>\n<\/div>\n\t\t<\/div><div id=\"panel-7505-2-0-3\" class=\"so-panel widget widget_black-studio-tinymce widget_black_studio_tinymce\" data-index=\"6\" ><h3 class=\"widget-title\">Anreise:<\/h3><div class=\"textwidget\"><hr \/>\n<p style=\"color: #919191;\"><span style=\"color: #000000;\">Das Grundst\u00fcck der Onguma Company liegt mit seinen unterschiedlichen Unterbringungsm\u00f6glichkeiten direkt an der Grenze zum Etosha National Park. Vom Parkeingang bis zum Onguma Gate sind es nur circa 100 Meter .<\/span><\/p>\n<p>Ab hier teilen sich die Weg und man ben\u00f6tigt bis zur gebuchten Unterkunft zwischen 15 und 20 Minuten. Aber Achtung, eventuell laufen schon die ersten L\u00f6wen vors Auto.<\/p>\n<\/div><\/div><div id=\"panel-7505-2-0-4\" class=\"so-panel widget widget_black-studio-tinymce widget_black_studio_tinymce\" data-index=\"7\" ><h3 class=\"widget-title\">Meine Reisezeiten:<\/h3><div class=\"textwidget\"><hr \/>\n<ul>\n<li>M\u00e4rz 2020<\/li>\n<li>Oktober 2022<\/li>\n<\/ul>\n<p class=\"paragraph_style\">\n<\/p><\/div><\/div><div id=\"panel-7505-2-0-5\" class=\"so-panel widget widget_black-studio-tinymce widget_black_studio_tinymce\" data-index=\"8\" ><h3 class=\"widget-title\">Das Wetter:<\/h3><div class=\"textwidget\"><hr \/>\n<p class=\"paragraph_style\">M\u00e4rz 2020<\/p>\n<ul>\n<li>Perfekt. Die gro\u00dfen Regenschauer waren vorbei und meine Bef\u00fcrchtungen in einem nassen Zelt schlafen zu m\u00fcssen, trafen zum Gl\u00fcck nicht ein. Es gab zwar noch ein paar M\u00fccken aber kein Regen und nur eine leichte Bew\u00f6lkung. Temperaturen &gt; 25\u00b0C.<\/li>\n<\/ul>\n<p>Oktober 2022<\/p>\n<ul>\n<li>mit gut 30\u00b0C sehr warm. Keine Wolken am Himmel jedoch regnete es kurz nach meiner Abreise in dieser Region.<\/li>\n<\/ul>\n<\/div><\/div><div id=\"panel-7505-2-0-6\" class=\"so-panel widget widget_black-studio-tinymce widget_black_studio_tinymce\" data-index=\"9\" ><h3 class=\"widget-title\">Zimmer:<\/h3><div class=\"textwidget\"><hr \/>\n<p style=\"color: #919191;\"><span style=\"color: #000000;\">Die Camp Site ist sauber und bietet mit einem eigenen Bad, einer kleine K\u00fcchenzeile, Grillplatz und Stromanschluss alles was man braucht. Schatten spendende B\u00e4ume gibt es genug und der Abstand zum Nachbarn ist ausreichend. Bei unserem Aufenthalt waren 3 von 6 Pl\u00e4tzen belegt. Sollte die Anlage jedoch ausgebucht sein, k\u00f6nnte es etwas laut werden.<\/span><\/p>\n<\/div><\/div><div id=\"panel-7505-2-0-7\" class=\"so-panel widget widget_black-studio-tinymce widget_black_studio_tinymce\" data-index=\"10\" ><div class=\"textwidget\"><p><img loading=\"lazy\" decoding=\"async\" class=\"aligncenter size-full wp-image-7507\" src=\"http:\/\/kruste.selfhost.me\/wordpress\/wp-content\/uploads\/2020\/07\/Leadwood-Campsite_2-scaled.jpg\" alt=\"\" width=\"2560\" height=\"1000\" srcset=\"https:\/\/kruste.selfhost.me\/wordpress\/wp-content\/uploads\/2020\/07\/Leadwood-Campsite_2-scaled.jpg 2560w, https:\/\/kruste.selfhost.me\/wordpress\/wp-content\/uploads\/2020\/07\/Leadwood-Campsite_2-300x117.jpg 300w, https:\/\/kruste.selfhost.me\/wordpress\/wp-content\/uploads\/2020\/07\/Leadwood-Campsite_2-1024x400.jpg 1024w, https:\/\/kruste.selfhost.me\/wordpress\/wp-content\/uploads\/2020\/07\/Leadwood-Campsite_2-150x59.jpg 150w, https:\/\/kruste.selfhost.me\/wordpress\/wp-content\/uploads\/2020\/07\/Leadwood-Campsite_2-768x300.jpg 768w, https:\/\/kruste.selfhost.me\/wordpress\/wp-content\/uploads\/2020\/07\/Leadwood-Campsite_2-1536x600.jpg 1536w, https:\/\/kruste.selfhost.me\/wordpress\/wp-content\/uploads\/2020\/07\/Leadwood-Campsite_2-2048x800.jpg 2048w\" sizes=\"auto, (max-width: 2560px) 100vw, 2560px\" \/><\/p>\n<\/div><\/div><div id=\"panel-7505-2-0-8\" class=\"so-panel widget widget_black-studio-tinymce widget_black_studio_tinymce\" data-index=\"11\" ><h3 class=\"widget-title\">K\u00fcche \/ Restaurant:<\/h3><div class=\"textwidget\"><hr \/>\n<p style=\"color: #919191;\"><span style=\"color: #000000;\">Wer die\u00a0<\/span><span style=\"color: #333333;\">Leadwood Campsite bucht, hat die M\u00f6glichkeit das Restaurant der Bush Lodge zu besuchen. Eine Reservierung ist notwendig aber problemlos an der Rezeption zu bekommen ( am besten gleich beim Check In erledigen ).<\/span><\/p>\n<p>Angeboten wird ein drei G\u00e4nge Men\u00fc welches den Gaumen entz\u00fcckt. Uns hat es so gut geschmeckt, dass wir an beiden Abenden das Angebot wahrgenommen haben.<\/p>\n<p style=\"color: #919191;\">\n<\/p><\/div><\/div><div id=\"panel-7505-2-0-9\" class=\"so-panel widget widget_black-studio-tinymce widget_black_studio_tinymce\" data-index=\"12\" ><h3 class=\"widget-title\">Personal:<\/h3><div class=\"textwidget\"><hr \/>\n<p style=\"color: #919191;\"><span style=\"color: #000000;\">Der Check In verlief reibungslos und wir hatten nicht das Gef\u00fchl, als G\u00e4ste zweiter Klasse behandelt zu werden. Das wird von Zeit zu Zeit von Campingpl\u00e4tzen berichtet, die eine angrenzende Lodge beinhalten. Nein, alles Tip top und entspricht unseren Erfahrungen mit Onguma.<\/span><\/p><\/div><\/div><div id=\"panel-7505-2-0-10\" class=\"so-panel widget widget_black-studio-tinymce widget_black_studio_tinymce\" data-index=\"13\" ><h3 class=\"widget-title\">Aktivit\u00e4ten:<\/h3><div class=\"textwidget\"><hr \/>\n<p class=\"Caption\">Die morgendlich Fahrt in den Etosha National Park ist f\u00fcr uns ein Muss. Leider ist man, bedingt durch die \u00dcbernachtung ausserhalb des Parks, nicht der Erste an den Wasserl\u00f6chern aber man muss sich entscheiden. Traumhafter Sundowner am Onguma Wasserloch oder als Erster an den Sightings im Park.<\/p>\n<p>Wer beides m\u00f6chte, dem empfehle ich das <a href=\"http:\/\/kruste.selfhost.me\/wordpress\/?page_id=7456\" target=\"_blank\" rel=\"noopener\">Dolomite Camp<\/a>.<\/p>\n<p>Aber keine Panik, die Strecke vom Park Eingang bis zum ersten Wasserloch ( Klein Namutoni ) bietet oft \u00dcberraschungen wie Hy\u00e4nen, L\u00f6wen aber auch kleine Dinge wie z.B. Cham\u00e4leons.<\/p>\n<p>Der perfekte Tag im Leadwood Camp\u00a0beginnt mit einer fr\u00fchen Ausfahrt in den Etosha Park und wenn es zu hei\u00df wird geht es zur\u00fcck ins Camp. Der gro\u00dfe Pool l\u00e4dt dann zum Entspannen ein und der Sundowner an der Bar d\u00fcrfte eigentlich nie zu Ende gehen. Das gute Abendessen schlie\u00dft den Tag ab und es geht zufrieden ins Zelt. Traumhaft und ich vermisse es.<\/p>\n<\/div><\/div><div id=\"panel-7505-2-0-11\" class=\"so-panel widget widget_black-studio-tinymce widget_black_studio_tinymce panel-last-child\" data-index=\"14\" ><h3 class=\"widget-title\">Tipps:<\/h3><div class=\"textwidget\"><hr \/>\n<ul>\n<li><span style=\"color: #000000;\">Ausflug in den Etosha Park<\/span><\/li>\n<li><span style=\"color: #000000;\">Zeit f\u00fcr den Pool einplanen<\/span><\/li>\n<li><span style=\"color: #000000;\">Sonnenuntergang mit Sundowner an der Bar<\/span><\/li>\n<li><span style=\"color: #000000;\">Dinner<\/span><\/li>\n<\/ul>\n<\/div><\/div><\/div><\/div><div id=\"pg-7505-3\"  class=\"panel-grid panel-no-style\" ><div id=\"pgc-7505-3-0\"  class=\"panel-grid-cell\" ><div id=\"panel-7505-3-0-0\" class=\"so-panel widget widget_black-studio-tinymce widget_black_studio_tinymce panel-first-child\" data-index=\"15\" ><h3 class=\"widget-title\">Sicherheit:<\/h3><div class=\"textwidget\"><hr \/>\n<p class=\"paragraph_style\">Ich glaube, es gibt hier keine Kriminalit\u00e4t.<\/p>\n<\/div><\/div><div id=\"panel-7505-3-0-1\" class=\"so-panel widget widget_black-studio-tinymce widget_black_studio_tinymce\" data-index=\"16\" ><h3 class=\"widget-title\">Klartext:<\/h3><div class=\"textwidget\"><hr \/>\n<p style=\"color: #919191;\"><span style=\"color: #000000;\">Da gibt es wenig auszusetzen. Der Campingplatz k\u00f6nnte eventuell etwas laut werden, wenn alle Stellpl\u00e4tze belegt sind.<\/span><\/p>\n<p>Die Dusche ist warm, der Platz ist sauber und g\u00fcnstig. Eine M\u00f6glichkeit zum Einkaufen w\u00e4re sch\u00f6n.<\/p>\n<\/div><\/div><div id=\"panel-7505-3-0-2\" class=\"so-panel widget widget_black-studio-tinymce widget_black_studio_tinymce panel-last-child\" data-index=\"17\" ><div class=\"textwidget\"><p><img loading=\"lazy\" decoding=\"async\" class=\"aligncenter size-full wp-image-7509\" src=\"http:\/\/kruste.selfhost.me\/wordpress\/wp-content\/uploads\/2020\/07\/Leadwood-Campsite-scaled.jpg\" alt=\"\" width=\"2560\" height=\"1087\" srcset=\"https:\/\/kruste.selfhost.me\/wordpress\/wp-content\/uploads\/2020\/07\/Leadwood-Campsite-scaled.jpg 2560w, https:\/\/kruste.selfhost.me\/wordpress\/wp-content\/uploads\/2020\/07\/Leadwood-Campsite-300x127.jpg 300w, https:\/\/kruste.selfhost.me\/wordpress\/wp-content\/uploads\/2020\/07\/Leadwood-Campsite-1024x435.jpg 1024w, https:\/\/kruste.selfhost.me\/wordpress\/wp-content\/uploads\/2020\/07\/Leadwood-Campsite-150x64.jpg 150w, https:\/\/kruste.selfhost.me\/wordpress\/wp-content\/uploads\/2020\/07\/Leadwood-Campsite-768x326.jpg 768w, https:\/\/kruste.selfhost.me\/wordpress\/wp-content\/uploads\/2020\/07\/Leadwood-Campsite-1536x652.jpg 1536w, https:\/\/kruste.selfhost.me\/wordpress\/wp-content\/uploads\/2020\/07\/Leadwood-Campsite-2048x870.jpg 2048w\" sizes=\"auto, (max-width: 2560px) 100vw, 2560px\" \/><\/p>\n<\/div><\/div><\/div><\/div><\/div>","protected":false},"excerpt":{"rendered":"<p>letztes Update von 10\/2022 Bei unserem letzten Aufenthalt im Onguma Tree Top Camp besuchten wir das Onguma Bushcamp und verbrachten dort einen paar Stunden am<\/p>\n","protected":false},"author":1,"featured_media":0,"parent":834,"menu_order":0,"comment_status":"closed","ping_status":"closed","template":"","meta":{"footnotes":""},"class_list":["post-7505","page","type-page","status-publish","hentry"],"_links":{"self":[{"href":"https:\/\/kruste.selfhost.me\/wordpress\/index.php?rest_route=\/wp\/v2\/pages\/7505","targetHints":{"allow":["GET"]}}],"collection":[{"href":"https:\/\/kruste.selfhost.me\/wordpress\/index.php?rest_route=\/wp\/v2\/pages"}],"about":[{"href":"https:\/\/kruste.selfhost.me\/wordpress\/index.php?rest_route=\/wp\/v2\/types\/page"}],"author":[{"embeddable":true,"href":"https:\/\/kruste.selfhost.me\/wordpress\/index.php?rest_route=\/wp\/v2\/users\/1"}],"replies":[{"embeddable":true,"href":"https:\/\/kruste.selfhost.me\/wordpress\/index.php?rest_route=%2Fwp%2Fv2%2Fcomments&post=7505"}],"version-history":[{"count":1,"href":"https:\/\/kruste.selfhost.me\/wordpress\/index.php?rest_route=\/wp\/v2\/pages\/7505\/revisions"}],"predecessor-version":[{"id":7506,"href":"https:\/\/kruste.selfhost.me\/wordpress\/index.php?rest_route=\/wp\/v2\/pages\/7505\/revisions\/7506"}],"up":[{"embeddable":true,"href":"https:\/\/kruste.selfhost.me\/wordpress\/index.php?rest_route=\/wp\/v2\/pages\/834"}],"wp:attachment":[{"href":"https:\/\/kruste.selfhost.me\/wordpress\/index.php?rest_route=%2Fwp%2Fv2%2Fmedia&parent=7505"}],"curies":[{"name":"wp","href":"https:\/\/api.w.org\/{rel}","templated":true}]}}