{"id":751,"date":"2014-11-06T20:31:02","date_gmt":"2014-11-06T19:31:02","guid":{"rendered":"http:\/\/kruste.selfhost.me\/wordpress\/?page_id=751"},"modified":"2021-03-13T10:59:16","modified_gmt":"2021-03-13T08:59:16","slug":"lalaria-lodge-durban","status":"publish","type":"page","link":"https:\/\/kruste.selfhost.me\/wordpress\/?page_id=751","title":{"rendered":"Lalaria Lodge (Durban)"},"content":{"rendered":"<div id=\"pl-751\"  class=\"panel-layout\" ><div id=\"pg-751-0\"  class=\"panel-grid panel-no-style\" ><div id=\"pgc-751-0-0\"  class=\"panel-grid-cell\" ><div id=\"panel-751-0-0-0\" class=\"so-panel widget widget_black-studio-tinymce widget_black_studio_tinymce panel-first-child panel-last-child\" data-index=\"0\" ><div class=\"textwidget\"><div class=\"style_SkipStroke_2 shape-with-text flowDefining\">\n<div class=\"text-content style_External_485_494\">\n<div class=\"style\">\n<hr \/>\n<p>&nbsp;<\/p>\n<p>Die <a href=\"https:\/\/lalaria.co.za\/\" target=\"_blank\" rel=\"noopener\">Lalaria Lodge<\/a><span style=\"color: #000000;\">\u00a0liegt n\u00f6rdlich\u00a0von Durban bei\u00a0Shaka\u2019s Rock. Die Lage ist gut und es sind nur wenige Meter bis zum Strand. In der N\u00e4he gibt es ein paar Restaurants, die\u00a0man zu Fu\u00df erreichen kann. Uns hat es beim\u00a0Italiener sehr gut geschmeckt und es war schade, dass wir dieses Lokal erst am letzten Abend ausprobiert haben.<\/span><\/p>\n<p>In der n\u00e4heren Umgebung gibt es ein paar Einkaufscenter und wer keine Lust zum Shopping hat, kann die Zeit gut am Strand verbringen. Im August war das Wetter recht wechselhaft und Vorsicht war beim Schwimmen im Meer geboten. Wellen und Str\u00f6mung waren recht anspruchsvoll.<\/p>\n<p>Das Haus selbst besitzt 5 Zimmer, wobei man hier zwischen Meer und Pool Blick unterscheidet. Die Zimmer zum Meer liegen fast an der Hauptstra\u00dfe was aber nicht sonderlich st\u00f6rte. Die Zimmer mit Poolblick w\u00e4ren mir zu offen.<\/p>\n<p>Die kleine Anlage wird liebevoll von\u00a0Caryl und Errol gef\u00fchrt und die beiden k\u00fcmmern sich um alles wobei sie\u00a0stets vor Ort sind.<\/p><\/div>\n<\/div>\n<\/div>\n<\/div><\/div><\/div><div id=\"pgc-751-0-1\"  class=\"panel-grid-cell\" ><div id=\"panel-751-0-1-0\" class=\"so-panel widget widget_black-studio-tinymce widget_black_studio_tinymce panel-first-child panel-last-child\" data-index=\"1\" ><div class=\"textwidget\"><p><img loading=\"lazy\" decoding=\"async\" class=\"aligncenter size-full wp-image-7737\" src=\"http:\/\/kruste.selfhost.me\/wordpress\/wp-content\/uploads\/2021\/03\/SAF_3404.jpg\" alt=\"\" width=\"900\" height=\"1414\" srcset=\"https:\/\/kruste.selfhost.me\/wordpress\/wp-content\/uploads\/2021\/03\/SAF_3404.jpg 900w, https:\/\/kruste.selfhost.me\/wordpress\/wp-content\/uploads\/2021\/03\/SAF_3404-191x300.jpg 191w, https:\/\/kruste.selfhost.me\/wordpress\/wp-content\/uploads\/2021\/03\/SAF_3404-652x1024.jpg 652w, https:\/\/kruste.selfhost.me\/wordpress\/wp-content\/uploads\/2021\/03\/SAF_3404-95x150.jpg 95w, https:\/\/kruste.selfhost.me\/wordpress\/wp-content\/uploads\/2021\/03\/SAF_3404-768x1207.jpg 768w, https:\/\/kruste.selfhost.me\/wordpress\/wp-content\/uploads\/2021\/03\/SAF_3404-489x768.jpg 489w\" sizes=\"auto, (max-width: 900px) 100vw, 900px\" \/><\/p>\n<\/div><\/div><\/div><\/div><div id=\"pg-751-1\"  class=\"panel-grid panel-no-style\" ><div id=\"pgc-751-1-0\"  class=\"panel-grid-cell\" ><div id=\"panel-751-1-0-0\" class=\"so-panel widget widget_black-studio-tinymce widget_black_studio_tinymce panel-first-child\" data-index=\"2\" ><h3 class=\"widget-title\">Preise:<\/h3><div class=\"textwidget\"><hr \/>\n<p>Das Doppelzimmer\u00a0mit Meerblick kostet uns bei einer Belegung mit 3 Personen\u00a0<span style=\"color: #000000;\">7365.00 Rand f\u00fcr 4 N\u00e4chte ( inklusive Fr\u00fchst\u00fcck ). Leider handelte es sich hier um einen Buchungsfehler und die dritte Person wurde nicht richtig berechnet. Sehr kulant von\u00a0Caryl und Errol, dass wir die Differenz nicht bezahlen mussten.<\/span><\/p>\n<\/div><\/div><div id=\"panel-751-1-0-1\" class=\"so-panel widget widget_black-studio-tinymce widget_black_studio_tinymce\" data-index=\"3\" ><h3 class=\"widget-title\">Kommunikation:<\/h3><div class=\"textwidget\"><div id=\"id4\" class=\"style_SkipStroke_4 shape-with-text\">\n<div class=\"text-content graphic_textbox_layout_style_default_External_138_130\">\n<div class=\"graphic_textbox_layout_style_default\">\n<hr \/>\n<p class=\"Caption\">Handyempfang ist gegeben. WLAN ist kostenfrei verf\u00fcgbar.<\/p>\n<\/div>\n<\/div>\n<\/div>\n<\/div><\/div><div id=\"panel-751-1-0-2\" class=\"so-panel widget widget_text\" data-index=\"4\" >\t\t\t<div class=\"textwidget\"><p><code><\/p>\n<section class=\"parallax-section\">\n<div class=\"parallax-window\" data-z-index=\"0\" data-position-x=\"left\" data-parallax=\"scroll\" data-speed=\".3\" data-image-src=\"http:\/\/kruste.selfhost.me\/wordpress\/wp-content\/uploads\/2021\/03\/SAF_3755.jpg\" style=\"align-items: flex-start;min-height: 650px;\">\n<div class=\"parallax-container parallax-content\">\n<\/div>\n<\/div>\n<\/section>\n<p><\/code><\/p>\n<\/div>\n\t\t<\/div><div id=\"panel-751-1-0-3\" class=\"so-panel widget widget_black-studio-tinymce widget_black_studio_tinymce\" data-index=\"5\" ><h3 class=\"widget-title\">Anreise:<\/h3><div class=\"textwidget\"><hr \/>\n<p>Wir sind mit dem Mietwagen von der Springbok Lodge aus angereist. Die Fahrt dauerte fast 4 Stunden und Staus um Durban m\u00fcssen eingeplant werden. Die Anreise vom Airport in Durban sollte ohne Probleme m\u00f6glich sein.\u00a0<\/p>\n<\/div><\/div><div id=\"panel-751-1-0-4\" class=\"so-panel widget widget_black-studio-tinymce widget_black_studio_tinymce\" data-index=\"6\" ><h3 class=\"widget-title\">Meine Reisezeiten:<\/h3><div class=\"textwidget\"><hr \/>\n<ul>\n<li><span style=\"font-weight: 500; color: #000000;\">August\u00a02014<\/span><\/li>\n<\/ul>\n<\/div><\/div><div id=\"panel-751-1-0-5\" class=\"so-panel widget widget_black-studio-tinymce widget_black_studio_tinymce\" data-index=\"7\" ><h3 class=\"widget-title\">Das Wetter:<\/h3><div class=\"textwidget\"><hr \/>\n<ul>\n<li>August\u00a02014<\/li>\n<\/ul>\n<p style=\"padding-left: 30px;\">Es war recht wechselhaft und teilweise auch windig. Leider konnte man die Tage nicht richtig planen und Regen machte uns beim Ausflug zu den Hainetzen einen Strich durch die Rechnung.<\/p>\n<\/div><\/div><div id=\"panel-751-1-0-6\" class=\"so-panel widget widget_black-studio-tinymce widget_black_studio_tinymce\" data-index=\"8\" ><h3 class=\"widget-title\">Zimmer:<\/h3><div class=\"textwidget\"><hr \/>\n<p class=\"paragraph_style\">Unser Zimmer lag mit Blick in Richtung Meer. Es war gut ausgestattet, hatte ein bequemes Bett, K\u00fchlschrank und TV. Sehr gut hat mir das Badezimmer mit Dusche und Wanne gefallen. Alles war sehr sauber und wirkte neu.<\/p>\n<\/div><\/div><div id=\"panel-751-1-0-7\" class=\"so-panel widget widget_black-studio-tinymce widget_black_studio_tinymce\" data-index=\"9\" ><div class=\"textwidget\"><p style=\"text-align: center;\"><a href=\"http:\/\/kruste.selfhost.me\/wordpress\/wp-content\/uploads\/2014\/11\/SAF_3710-e1415302696305.jpg\"><img loading=\"lazy\" decoding=\"async\" class=\"alignnone size-large wp-image-755\" src=\"http:\/\/kruste.selfhost.me\/wordpress\/wp-content\/uploads\/2014\/11\/SAF_3710-e1415302696305-1024x421.jpg\" alt=\"SAF_3710\" width=\"660\" height=\"271\" srcset=\"https:\/\/kruste.selfhost.me\/wordpress\/wp-content\/uploads\/2014\/11\/SAF_3710-e1415302696305-1024x421.jpg 1024w, https:\/\/kruste.selfhost.me\/wordpress\/wp-content\/uploads\/2014\/11\/SAF_3710-e1415302696305-150x61.jpg 150w, https:\/\/kruste.selfhost.me\/wordpress\/wp-content\/uploads\/2014\/11\/SAF_3710-e1415302696305-300x123.jpg 300w, https:\/\/kruste.selfhost.me\/wordpress\/wp-content\/uploads\/2014\/11\/SAF_3710-e1415302696305-700x288.jpg 700w, https:\/\/kruste.selfhost.me\/wordpress\/wp-content\/uploads\/2014\/11\/SAF_3710-e1415302696305.jpg 1224w\" sizes=\"auto, (max-width: 660px) 100vw, 660px\" \/><\/a><\/p>\n<\/div><\/div><div id=\"panel-751-1-0-8\" class=\"so-panel widget widget_black-studio-tinymce widget_black_studio_tinymce\" data-index=\"10\" ><h3 class=\"widget-title\">K\u00fcche \/ Restaurant:<\/h3><div class=\"textwidget\"><hr \/>\n<p>Das Fr\u00fchst\u00fcck wird von\u00a0Caryl und Errol zubereitet und ist sehr lecker. Es gibt Ei in allen Variationen, Obst, Brot und selbst gebackene Muffins. Die sind richtig gut und bestehen unter Anderem aus M\u00f6hren und Ananas. Man kommt nicht drum herum.<\/p>\n<p>Das Beste ist aber der Ausblick. Wir konnten vorbeiziehende und springende Wale von der Terrasse aus beobachten. Wer kann so etwas\u00a0schon beim Fr\u00fchst\u00fcck bieten.<\/p>\n<\/div><\/div><div id=\"panel-751-1-0-9\" class=\"so-panel widget widget_black-studio-tinymce widget_black_studio_tinymce\" data-index=\"11\" ><h3 class=\"widget-title\">Personal:<\/h3><div class=\"textwidget\"><hr \/><p>Alle sind sehr freundlich und gr\u00fc\u00dfen mit einem L\u00e4cheln. Es gibt keinen Grund zur Klage.<\/p><\/div><\/div><div id=\"panel-751-1-0-10\" class=\"so-panel widget widget_black-studio-tinymce widget_black_studio_tinymce\" data-index=\"12\" ><h3 class=\"widget-title\">Aktivit\u00e4ten:<\/h3><div class=\"textwidget\"><hr \/>\n<p class=\"Caption\">Bei sch\u00f6nem Wetter sollte man einen Tag am Strand verbringen. Sonst sind Ausfl\u00fcge in die Umgebung angesagt. Ziele w\u00e4ren zum Beispiel das Fu\u00dfballstadion in Durban, eine Reptilienfarm oder die Schlangenfarm. Beide Farmen sind sehr\u00a0einfach aber man erh\u00e4lt gut Informationen \u00fcber Krokodile und Schlangen.<\/p>\n<p class=\"Caption\">Die Fahrt nach Durban k\u00f6nnte man mit einem Essen im Hotel \"The Oyster Box\" verbinden und \u00a0die Kilos beim Strandspaziergang wieder abbauen.<\/p>\n<p class=\"Caption\">Den Besuch des Aquariums in Durban h\u00e4tten wir uns sparen k\u00f6nnen. Hier gab es zwar interessante Aquarien aber viel zu viele Fressbuden.<\/p>\n<\/div><\/div><div id=\"panel-751-1-0-11\" class=\"so-panel widget widget_black-studio-tinymce widget_black_studio_tinymce\" data-index=\"13\" ><h3 class=\"widget-title\">Tipps:<\/h3><div class=\"textwidget\"><hr \/>\n<p>Sehr interessant war der Ausflug zum\u00a0<span class=\"st\">Natal\u00a0<i>Shark<\/i>\u00a0Board. Sucht man sich hier den richtigen Tag aus kann man bei der Sezierung von Haifischen dabei sein. Nichts f\u00fcr schwache M\u00e4gen aber sehr interessant.\u00a0<\/span><\/p>\n<p>\u00a0<\/p>\n<\/div><\/div><div id=\"panel-751-1-0-12\" class=\"so-panel widget widget_black-studio-tinymce widget_black_studio_tinymce panel-last-child\" data-index=\"14\" ><h3 class=\"widget-title\">Klartext:<\/h3><div class=\"textwidget\"><hr \/>\n<p>Die\u00a0Lalaria Lodge liegt nicht direkt am Strand.\u00a0Um diesen zu erreichen muss die Hauptstra\u00dfe an einer un\u00fcbersichtlichen Stelle \u00fcberquert werden. Vorsicht ist geboten. Empfehlen kann ich die Zimmer mit Meerblick, die preislich im oberen Bereich liegen. Es gibt sicher g\u00fcnstigere Unterk\u00fcnfte in und um Durban. Ich w\u00fcrde aber wieder hier buchen.\u00a0<\/p>\n<\/div><\/div><\/div><\/div><div id=\"pg-751-2\"  class=\"panel-grid panel-no-style\" ><div id=\"pgc-751-2-0\"  class=\"panel-grid-cell\" ><div id=\"panel-751-2-0-0\" class=\"so-panel widget widget_black-studio-tinymce widget_black_studio_tinymce panel-first-child panel-last-child\" data-index=\"15\" ><div class=\"textwidget\"><p style=\"text-align: center;\"><a href=\"http:\/\/kruste.selfhost.me\/wordpress\/wp-content\/uploads\/2014\/11\/SAF_4067-e1415302820569.jpg\"><img loading=\"lazy\" decoding=\"async\" class=\"alignnone size-large wp-image-756\" src=\"http:\/\/kruste.selfhost.me\/wordpress\/wp-content\/uploads\/2014\/11\/SAF_4067-e1415302820569-1024x248.jpg\" alt=\"SAF_4067\" width=\"660\" height=\"159\" srcset=\"https:\/\/kruste.selfhost.me\/wordpress\/wp-content\/uploads\/2014\/11\/SAF_4067-e1415302820569-1024x248.jpg 1024w, https:\/\/kruste.selfhost.me\/wordpress\/wp-content\/uploads\/2014\/11\/SAF_4067-e1415302820569-150x36.jpg 150w, https:\/\/kruste.selfhost.me\/wordpress\/wp-content\/uploads\/2014\/11\/SAF_4067-e1415302820569-300x72.jpg 300w, https:\/\/kruste.selfhost.me\/wordpress\/wp-content\/uploads\/2014\/11\/SAF_4067-e1415302820569-700x169.jpg 700w, https:\/\/kruste.selfhost.me\/wordpress\/wp-content\/uploads\/2014\/11\/SAF_4067-e1415302820569.jpg 1220w\" sizes=\"auto, (max-width: 660px) 100vw, 660px\" \/><\/a><\/p>\n<\/div><\/div><\/div><\/div><\/div>","protected":false},"excerpt":{"rendered":"<p>&nbsp; Die Lalaria Lodge\u00a0liegt n\u00f6rdlich\u00a0von Durban bei\u00a0Shaka\u2019s Rock. Die Lage ist gut und es sind nur wenige Meter bis zum Strand. In der N\u00e4he gibt<\/p>\n","protected":false},"author":1,"featured_media":0,"parent":154,"menu_order":0,"comment_status":"closed","ping_status":"closed","template":"","meta":{"footnotes":""},"class_list":["post-751","page","type-page","status-publish","hentry"],"_links":{"self":[{"href":"https:\/\/kruste.selfhost.me\/wordpress\/index.php?rest_route=\/wp\/v2\/pages\/751","targetHints":{"allow":["GET"]}}],"collection":[{"href":"https:\/\/kruste.selfhost.me\/wordpress\/index.php?rest_route=\/wp\/v2\/pages"}],"about":[{"href":"https:\/\/kruste.selfhost.me\/wordpress\/index.php?rest_route=\/wp\/v2\/types\/page"}],"author":[{"embeddable":true,"href":"https:\/\/kruste.selfhost.me\/wordpress\/index.php?rest_route=\/wp\/v2\/users\/1"}],"replies":[{"embeddable":true,"href":"https:\/\/kruste.selfhost.me\/wordpress\/index.php?rest_route=%2Fwp%2Fv2%2Fcomments&post=751"}],"version-history":[{"count":1,"href":"https:\/\/kruste.selfhost.me\/wordpress\/index.php?rest_route=\/wp\/v2\/pages\/751\/revisions"}],"predecessor-version":[{"id":2292,"href":"https:\/\/kruste.selfhost.me\/wordpress\/index.php?rest_route=\/wp\/v2\/pages\/751\/revisions\/2292"}],"up":[{"embeddable":true,"href":"https:\/\/kruste.selfhost.me\/wordpress\/index.php?rest_route=\/wp\/v2\/pages\/154"}],"wp:attachment":[{"href":"https:\/\/kruste.selfhost.me\/wordpress\/index.php?rest_route=%2Fwp%2Fv2%2Fmedia&parent=751"}],"curies":[{"name":"wp","href":"https:\/\/api.w.org\/{rel}","templated":true}]}}